{"id":245311,"date":"2016-01-13T14:04:42","date_gmt":"2016-01-13T12:04:42","guid":{"rendered":"http:\/\/www.vunder.ee\/lt\/product\/kinu-kaligrafijos-teptuku-rinkinys-manuscript-sabalas\/"},"modified":"2016-01-13T14:04:42","modified_gmt":"2016-01-13T12:04:42","slug":"kinu-kaligrafijos-teptuku-rinkinys-manuscript-sabalas","status":"publish","type":"product","link":"https:\/\/hobstop.ee\/lt\/produktas\/kinu-kaligrafijos-teptuku-rinkinys-manuscript-sabalas\/","title":{"rendered":"Kin\u0173 kaligrafijos teptuk\u0173 rinkinys Manuscript sabalas"},"content":{"rendered":"<p>Kin\u0173 kaligrafijos teptuk\u0173 i\u0161 sabalo plauk\u0173 rinkinys. Sabalo plauk\u0173 teptukas yra kietesnis ir stangresnis, tod\u0117l puikiai tinka pie\u0161ti plonas linijas ir nedidelius kin\u0173 kaligrafijos \u017eenklus. Tvirti teptuko plaukeliai leid\u017eia valdyti pot\u0117p\u012f popieriuje nenaudojant per daug tu\u0161o. Idealiai tinka naujokams mokytis pot\u0117pi\u0173 teptuku. Puikiai tinka ra\u0161yti kin\u0173 kaligrafijos ra\u0161tus, pie\u0161ti tu\u0161u ir spalvinti. Skirtas naudoti tik su kini\u0161ku tu\u0161u ir vandens pagrindu pagamintais da\u017eais.<\/p>\n","protected":false},"excerpt":{"rendered":"<p>Kin\u0173 kaligrafijos teptuk\u0173 i\u0161 sabalo plauk\u0173 rinkinys. Sabalo plauk\u0173 teptukas yra kietesnis ir stangresnis, tod\u0117l puikiai tinka pie\u0161ti plonas linijas ir nedidelius kin\u0173 kaligrafijos \u017eenklus. Tvirti teptuko plaukeliai leid\u017eia valdyti pot\u0117p\u012f popieriuje nenaudojant per daug tu\u0161o. Idealiai tinka naujokams mokytis pot\u0117pi\u0173 teptuku. Puikiai tinka ra\u0161yti kin\u0173 kaligrafijos ra\u0161tus, pie\u0161ti tu\u0161u ir spalvinti. Skirtas naudoti tik su kini\u0161ku tu\u0161u ir vandens pagrindu pagamintais da\u017eais.<\/p>\n","protected":false},"featured_media":245467,"comment_status":"closed","ping_status":"closed","template":"","meta":{"_acf_changed":false,"ep_exclude_from_search":false},"product_cat":[16124,14880,19780],"product_tag":[],"class_list":{"0":"post-245311","1":"product","2":"type-product","3":"status-publish","4":"has-post-thumbnail","6":"product_cat-dailes-prekes","7":"product_cat-kiirkoitjad","8":"product_cat-teptukai-4","10":"first","11":"outofstock","12":"taxable","13":"shipping-taxable","14":"purchasable","15":"product-type-simple"},"acf":[],"yoast_head":"<!-- This site is optimized with the Yoast SEO plugin v24.1 - https:\/\/yoast.com\/wordpress\/plugins\/seo\/ -->\n<title>Kin\u0173 kaligrafijos teptuk\u0173 rinkinys Manuscript sabalas &#8211; Skizze<\/title>\n<meta name=\"robots\" content=\"noindex, follow, max-snippet:-1, max-image-preview:large, max-video-preview:-1\" \/>\n<meta property=\"og:locale\" content=\"lt_LT\" \/>\n<meta property=\"og:type\" content=\"article\" \/>\n<meta property=\"og:title\" content=\"Kin\u0173 kaligrafijos teptuk\u0173 rinkinys Manuscript sabalas &#8211; Skizze\" \/>\n<meta property=\"og:description\" content=\"Kin\u0173 kaligrafijos teptuk\u0173 i\u0161 sabalo plauk\u0173 rinkinys. Sabalo plauk\u0173 teptukas yra kietesnis ir stangresnis, tod\u0117l puikiai tinka pie\u0161ti plonas linijas ir nedidelius kin\u0173 kaligrafijos \u017eenklus. Tvirti teptuko plaukeliai leid\u017eia valdyti pot\u0117p\u012f popieriuje nenaudojant per daug tu\u0161o. Idealiai tinka naujokams mokytis pot\u0117pi\u0173 teptuku. Puikiai tinka ra\u0161yti kin\u0173 kaligrafijos ra\u0161tus, pie\u0161ti tu\u0161u ir spalvinti. Skirtas naudoti tik su kini\u0161ku tu\u0161u ir vandens pagrindu pagamintais da\u017eais.\" \/>\n<meta property=\"og:url\" content=\"https:\/\/hobstop.ee\/lt\/produktas\/kinu-kaligrafijos-teptuku-rinkinys-manuscript-sabalas\/\" \/>\n<meta property=\"og:site_name\" content=\"Skizze\" \/>\n<meta property=\"article:publisher\" content=\"http:\/\/www.facebook.com\/VunderSkizze\" \/>\n<meta property=\"og:image\" content=\"https:\/\/hobstop.ee\/media\/4171.jpg\" \/>\n\t<meta property=\"og:image:width\" content=\"1024\" \/>\n\t<meta property=\"og:image:height\" content=\"768\" \/>\n\t<meta property=\"og:image:type\" content=\"image\/jpeg\" \/>\n<meta name=\"twitter:card\" content=\"summary_large_image\" \/>\n<script type=\"application\/ld+json\" class=\"yoast-schema-graph\">{\"@context\":\"https:\/\/schema.org\",\"@graph\":[{\"@type\":\"WebPage\",\"@id\":\"https:\/\/hobstop.ee\/lt\/produktas\/kinu-kaligrafijos-teptuku-rinkinys-manuscript-sabalas\/\",\"url\":\"https:\/\/hobstop.ee\/lt\/produktas\/kinu-kaligrafijos-teptuku-rinkinys-manuscript-sabalas\/\",\"name\":\"Kin\u0173 kaligrafijos teptuk\u0173 rinkinys Manuscript sabalas &#8211; Skizze\",\"isPartOf\":{\"@id\":\"https:\/\/hobstop.ee\/lt\/#website\"},\"primaryImageOfPage\":{\"@id\":\"https:\/\/hobstop.ee\/lt\/produktas\/kinu-kaligrafijos-teptuku-rinkinys-manuscript-sabalas\/#primaryimage\"},\"image\":{\"@id\":\"https:\/\/hobstop.ee\/lt\/produktas\/kinu-kaligrafijos-teptuku-rinkinys-manuscript-sabalas\/#primaryimage\"},\"thumbnailUrl\":\"https:\/\/hobstop.ee\/media\/4171.jpg\",\"datePublished\":\"2016-01-13T12:04:42+00:00\",\"dateModified\":\"2016-01-13T12:04:42+00:00\",\"breadcrumb\":{\"@id\":\"https:\/\/hobstop.ee\/lt\/produktas\/kinu-kaligrafijos-teptuku-rinkinys-manuscript-sabalas\/#breadcrumb\"},\"inLanguage\":\"lt\",\"potentialAction\":[{\"@type\":\"ReadAction\",\"target\":[\"https:\/\/hobstop.ee\/lt\/produktas\/kinu-kaligrafijos-teptuku-rinkinys-manuscript-sabalas\/\"]}]},{\"@type\":\"ImageObject\",\"inLanguage\":\"lt\",\"@id\":\"https:\/\/hobstop.ee\/lt\/produktas\/kinu-kaligrafijos-teptuku-rinkinys-manuscript-sabalas\/#primaryimage\",\"url\":\"https:\/\/hobstop.ee\/media\/4171.jpg\",\"contentUrl\":\"https:\/\/hobstop.ee\/media\/4171.jpg\",\"width\":1024,\"height\":768},{\"@type\":\"BreadcrumbList\",\"@id\":\"https:\/\/hobstop.ee\/lt\/produktas\/kinu-kaligrafijos-teptuku-rinkinys-manuscript-sabalas\/#breadcrumb\",\"itemListElement\":[{\"@type\":\"ListItem\",\"position\":1,\"name\":\"Avaleht\",\"item\":\"https:\/\/hobstop.ee\/lt\/\"},{\"@type\":\"ListItem\",\"position\":2,\"name\":\"Parduotuv\u0117\",\"item\":\"https:\/\/hobstop.ee\/lt\/parduotuve\/\"},{\"@type\":\"ListItem\",\"position\":3,\"name\":\"Kin\u0173 kaligrafijos teptuk\u0173 rinkinys Manuscript sabalas\"}]},{\"@type\":\"WebSite\",\"@id\":\"https:\/\/hobstop.ee\/lt\/#website\",\"url\":\"https:\/\/hobstop.ee\/lt\/\",\"name\":\"Skizze\",\"description\":\"Dail\u0117s, pom\u0117gi\u0173 ir mokykliniai reikm\u0117nys\",\"publisher\":{\"@id\":\"https:\/\/hobstop.ee\/lt\/#organization\"},\"potentialAction\":[{\"@type\":\"SearchAction\",\"target\":{\"@type\":\"EntryPoint\",\"urlTemplate\":\"https:\/\/hobstop.ee\/lt\/?s={search_term_string}\"},\"query-input\":{\"@type\":\"PropertyValueSpecification\",\"valueRequired\":true,\"valueName\":\"search_term_string\"}}],\"inLanguage\":\"lt\"},{\"@type\":\"Organization\",\"@id\":\"https:\/\/hobstop.ee\/lt\/#organization\",\"name\":\"Vunder AS\",\"url\":\"https:\/\/hobstop.ee\/lt\/\",\"logo\":{\"@type\":\"ImageObject\",\"inLanguage\":\"lt\",\"@id\":\"https:\/\/hobstop.ee\/lt\/#\/schema\/logo\/image\/\",\"url\":\"https:\/\/hobstop.ee\/media\/vunder-logo.png\",\"contentUrl\":\"https:\/\/hobstop.ee\/media\/vunder-logo.png\",\"width\":127,\"height\":55,\"caption\":\"Vunder AS\"},\"image\":{\"@id\":\"https:\/\/hobstop.ee\/lt\/#\/schema\/logo\/image\/\"},\"sameAs\":[\"http:\/\/www.facebook.com\/VunderSkizze\"]}]}<\/script>\n<!-- \/ Yoast SEO plugin. -->","yoast_head_json":{"title":"Kin\u0173 kaligrafijos teptuk\u0173 rinkinys Manuscript sabalas &#8211; Skizze","robots":{"index":"noindex","follow":"follow","max-snippet":"max-snippet:-1","max-image-preview":"max-image-preview:large","max-video-preview":"max-video-preview:-1"},"og_locale":"lt_LT","og_type":"article","og_title":"Kin\u0173 kaligrafijos teptuk\u0173 rinkinys Manuscript sabalas &#8211; Skizze","og_description":"Kin\u0173 kaligrafijos teptuk\u0173 i\u0161 sabalo plauk\u0173 rinkinys. Sabalo plauk\u0173 teptukas yra kietesnis ir stangresnis, tod\u0117l puikiai tinka pie\u0161ti plonas linijas ir nedidelius kin\u0173 kaligrafijos \u017eenklus. Tvirti teptuko plaukeliai leid\u017eia valdyti pot\u0117p\u012f popieriuje nenaudojant per daug tu\u0161o. Idealiai tinka naujokams mokytis pot\u0117pi\u0173 teptuku. Puikiai tinka ra\u0161yti kin\u0173 kaligrafijos ra\u0161tus, pie\u0161ti tu\u0161u ir spalvinti. Skirtas naudoti tik su kini\u0161ku tu\u0161u ir vandens pagrindu pagamintais da\u017eais.","og_url":"https:\/\/hobstop.ee\/lt\/produktas\/kinu-kaligrafijos-teptuku-rinkinys-manuscript-sabalas\/","og_site_name":"Skizze","article_publisher":"http:\/\/www.facebook.com\/VunderSkizze","og_image":[{"width":1024,"height":768,"url":"https:\/\/hobstop.ee\/media\/4171.jpg","type":"image\/jpeg"}],"twitter_card":"summary_large_image","schema":{"@context":"https:\/\/schema.org","@graph":[{"@type":"WebPage","@id":"https:\/\/hobstop.ee\/lt\/produktas\/kinu-kaligrafijos-teptuku-rinkinys-manuscript-sabalas\/","url":"https:\/\/hobstop.ee\/lt\/produktas\/kinu-kaligrafijos-teptuku-rinkinys-manuscript-sabalas\/","name":"Kin\u0173 kaligrafijos teptuk\u0173 rinkinys Manuscript sabalas &#8211; Skizze","isPartOf":{"@id":"https:\/\/hobstop.ee\/lt\/#website"},"primaryImageOfPage":{"@id":"https:\/\/hobstop.ee\/lt\/produktas\/kinu-kaligrafijos-teptuku-rinkinys-manuscript-sabalas\/#primaryimage"},"image":{"@id":"https:\/\/hobstop.ee\/lt\/produktas\/kinu-kaligrafijos-teptuku-rinkinys-manuscript-sabalas\/#primaryimage"},"thumbnailUrl":"https:\/\/hobstop.ee\/media\/4171.jpg","datePublished":"2016-01-13T12:04:42+00:00","dateModified":"2016-01-13T12:04:42+00:00","breadcrumb":{"@id":"https:\/\/hobstop.ee\/lt\/produktas\/kinu-kaligrafijos-teptuku-rinkinys-manuscript-sabalas\/#breadcrumb"},"inLanguage":"lt","potentialAction":[{"@type":"ReadAction","target":["https:\/\/hobstop.ee\/lt\/produktas\/kinu-kaligrafijos-teptuku-rinkinys-manuscript-sabalas\/"]}]},{"@type":"ImageObject","inLanguage":"lt","@id":"https:\/\/hobstop.ee\/lt\/produktas\/kinu-kaligrafijos-teptuku-rinkinys-manuscript-sabalas\/#primaryimage","url":"https:\/\/hobstop.ee\/media\/4171.jpg","contentUrl":"https:\/\/hobstop.ee\/media\/4171.jpg","width":1024,"height":768},{"@type":"BreadcrumbList","@id":"https:\/\/hobstop.ee\/lt\/produktas\/kinu-kaligrafijos-teptuku-rinkinys-manuscript-sabalas\/#breadcrumb","itemListElement":[{"@type":"ListItem","position":1,"name":"Avaleht","item":"https:\/\/hobstop.ee\/lt\/"},{"@type":"ListItem","position":2,"name":"Parduotuv\u0117","item":"https:\/\/hobstop.ee\/lt\/parduotuve\/"},{"@type":"ListItem","position":3,"name":"Kin\u0173 kaligrafijos teptuk\u0173 rinkinys Manuscript sabalas"}]},{"@type":"WebSite","@id":"https:\/\/hobstop.ee\/lt\/#website","url":"https:\/\/hobstop.ee\/lt\/","name":"Skizze","description":"Dail\u0117s, pom\u0117gi\u0173 ir mokykliniai reikm\u0117nys","publisher":{"@id":"https:\/\/hobstop.ee\/lt\/#organization"},"potentialAction":[{"@type":"SearchAction","target":{"@type":"EntryPoint","urlTemplate":"https:\/\/hobstop.ee\/lt\/?s={search_term_string}"},"query-input":{"@type":"PropertyValueSpecification","valueRequired":true,"valueName":"search_term_string"}}],"inLanguage":"lt"},{"@type":"Organization","@id":"https:\/\/hobstop.ee\/lt\/#organization","name":"Vunder AS","url":"https:\/\/hobstop.ee\/lt\/","logo":{"@type":"ImageObject","inLanguage":"lt","@id":"https:\/\/hobstop.ee\/lt\/#\/schema\/logo\/image\/","url":"https:\/\/hobstop.ee\/media\/vunder-logo.png","contentUrl":"https:\/\/hobstop.ee\/media\/vunder-logo.png","width":127,"height":55,"caption":"Vunder AS"},"image":{"@id":"https:\/\/hobstop.ee\/lt\/#\/schema\/logo\/image\/"},"sameAs":["http:\/\/www.facebook.com\/VunderSkizze"]}]}},"_links":{"self":[{"href":"https:\/\/hobstop.ee\/lt\/wp-json\/wp\/v2\/product\/245311","targetHints":{"allow":["GET"]}}],"collection":[{"href":"https:\/\/hobstop.ee\/lt\/wp-json\/wp\/v2\/product"}],"about":[{"href":"https:\/\/hobstop.ee\/lt\/wp-json\/wp\/v2\/types\/product"}],"replies":[{"embeddable":true,"href":"https:\/\/hobstop.ee\/lt\/wp-json\/wp\/v2\/comments?post=245311"}],"wp:featuredmedia":[{"embeddable":true,"href":"https:\/\/hobstop.ee\/lt\/wp-json\/wp\/v2\/media\/245467"}],"wp:attachment":[{"href":"https:\/\/hobstop.ee\/lt\/wp-json\/wp\/v2\/media?parent=245311"}],"wp:term":[{"taxonomy":"product_cat","embeddable":true,"href":"https:\/\/hobstop.ee\/lt\/wp-json\/wp\/v2\/product_cat?post=245311"},{"taxonomy":"product_tag","embeddable":true,"href":"https:\/\/hobstop.ee\/lt\/wp-json\/wp\/v2\/product_tag?post=245311"}],"curies":[{"name":"wp","href":"https:\/\/api.w.org\/{rel}","templated":true}]}}