{"id":245888,"date":"2016-01-18T14:19:15","date_gmt":"2016-01-18T12:19:15","guid":{"rendered":"http:\/\/www.vunder.ee\/lt\/product\/sviecianti-dezute-daylight-wafer\/"},"modified":"2016-01-18T14:19:15","modified_gmt":"2016-01-18T12:19:15","slug":"sviecianti-dezute-daylight-wafer","status":"publish","type":"product","link":"https:\/\/hobstop.ee\/lt\/produktas\/sviecianti-dezute-daylight-wafer\/","title":{"rendered":"\u0160vie\u010dianti d\u0117\u017eut\u0117 Daylight Wafer"},"content":{"rendered":"<p>\u0160viesiad\u0117\u017e\u0117 yra tik 0.8cm storio. \u0160viesiad\u0117\u017e\u0117s LED \u0161viesos sraut\u0105 galima reguliuoti, visas darbas yra ap\u0161vie\u010diamas vienoda \u0161viesa. Elektra tiekiama kintamosios srov\u0117s adapteriu ir beveik ne\u012fkaista. \u0160viesiad\u0117\u017e\u0117 tinka kaligrafijos darbams, dirbant su \u0161ablonais, skrebinimui, darant reljefinius ornamentus, skiautinius, siuvin\u0117jat, siuvant ir daugeliui kit\u0173 darb\u0173.<\/p>\n","protected":false},"excerpt":{"rendered":"<p>\u0160viesiad\u0117\u017e\u0117 yra tik 0.8cm storio. \u0160viesiad\u0117\u017e\u0117s LED \u0161viesos sraut\u0105 galima reguliuoti, visas darbas yra ap\u0161vie\u010diamas vienoda \u0161viesa. Elektra tiekiama kintamosios srov\u0117s adapteriu ir beveik ne\u012fkaista. \u0160viesiad\u0117\u017e\u0117 tinka kaligrafijos darbams, dirbant su \u0161ablonais, skrebinimui, darant reljefinius ornamentus, skiautinius, siuvin\u0117jat, siuvant ir daugeliui kit\u0173 darb\u0173.<\/p>\n","protected":false},"featured_media":245944,"comment_status":"closed","ping_status":"closed","template":"","meta":{"_acf_changed":false,"ep_exclude_from_search":false},"product_cat":[18799,20061],"product_tag":[],"class_list":{"0":"post-245888","1":"product","2":"type-product","3":"status-publish","4":"has-post-thumbnail","6":"product_cat-sviestuvai-2","7":"product_cat-sviestuvai-dailininkams","9":"first","10":"instock","11":"taxable","12":"shipping-taxable","13":"purchasable","14":"product-type-simple"},"acf":[],"yoast_head":"<!-- This site is optimized with the Yoast SEO plugin v24.1 - https:\/\/yoast.com\/wordpress\/plugins\/seo\/ -->\n<title>\u0160vie\u010dianti d\u0117\u017eut\u0117 Daylight Wafer &#8211; Skizze<\/title>\n<meta name=\"robots\" content=\"noindex, follow, max-snippet:-1, max-image-preview:large, max-video-preview:-1\" \/>\n<meta property=\"og:locale\" content=\"lt_LT\" \/>\n<meta property=\"og:type\" content=\"article\" \/>\n<meta property=\"og:title\" content=\"\u0160vie\u010dianti d\u0117\u017eut\u0117 Daylight Wafer &#8211; Skizze\" \/>\n<meta property=\"og:description\" content=\"\u0160viesiad\u0117\u017e\u0117 yra tik 0.8cm storio. \u0160viesiad\u0117\u017e\u0117s LED \u0161viesos sraut\u0105 galima reguliuoti, visas darbas yra ap\u0161vie\u010diamas vienoda \u0161viesa. Elektra tiekiama kintamosios srov\u0117s adapteriu ir beveik ne\u012fkaista. \u0160viesiad\u0117\u017e\u0117 tinka kaligrafijos darbams, dirbant su \u0161ablonais, skrebinimui, darant reljefinius ornamentus, skiautinius, siuvin\u0117jat, siuvant ir daugeliui kit\u0173 darb\u0173.\" \/>\n<meta property=\"og:url\" content=\"https:\/\/hobstop.ee\/lt\/produktas\/sviecianti-dezute-daylight-wafer\/\" \/>\n<meta property=\"og:site_name\" content=\"Skizze\" \/>\n<meta property=\"article:publisher\" content=\"http:\/\/www.facebook.com\/VunderSkizze\" \/>\n<meta property=\"og:image\" content=\"https:\/\/hobstop.ee\/media\/4183.jpg\" \/>\n\t<meta property=\"og:image:width\" content=\"1024\" \/>\n\t<meta property=\"og:image:height\" content=\"768\" \/>\n\t<meta property=\"og:image:type\" content=\"image\/jpeg\" \/>\n<meta name=\"twitter:card\" content=\"summary_large_image\" \/>\n<script type=\"application\/ld+json\" class=\"yoast-schema-graph\">{\"@context\":\"https:\/\/schema.org\",\"@graph\":[{\"@type\":\"WebPage\",\"@id\":\"https:\/\/hobstop.ee\/lt\/produktas\/sviecianti-dezute-daylight-wafer\/\",\"url\":\"https:\/\/hobstop.ee\/lt\/produktas\/sviecianti-dezute-daylight-wafer\/\",\"name\":\"\u0160vie\u010dianti d\u0117\u017eut\u0117 Daylight Wafer &#8211; Skizze\",\"isPartOf\":{\"@id\":\"https:\/\/hobstop.ee\/lt\/#website\"},\"primaryImageOfPage\":{\"@id\":\"https:\/\/hobstop.ee\/lt\/produktas\/sviecianti-dezute-daylight-wafer\/#primaryimage\"},\"image\":{\"@id\":\"https:\/\/hobstop.ee\/lt\/produktas\/sviecianti-dezute-daylight-wafer\/#primaryimage\"},\"thumbnailUrl\":\"https:\/\/hobstop.ee\/media\/4183.jpg\",\"datePublished\":\"2016-01-18T12:19:15+00:00\",\"dateModified\":\"2016-01-18T12:19:15+00:00\",\"breadcrumb\":{\"@id\":\"https:\/\/hobstop.ee\/lt\/produktas\/sviecianti-dezute-daylight-wafer\/#breadcrumb\"},\"inLanguage\":\"lt\",\"potentialAction\":[{\"@type\":\"ReadAction\",\"target\":[\"https:\/\/hobstop.ee\/lt\/produktas\/sviecianti-dezute-daylight-wafer\/\"]}]},{\"@type\":\"ImageObject\",\"inLanguage\":\"lt\",\"@id\":\"https:\/\/hobstop.ee\/lt\/produktas\/sviecianti-dezute-daylight-wafer\/#primaryimage\",\"url\":\"https:\/\/hobstop.ee\/media\/4183.jpg\",\"contentUrl\":\"https:\/\/hobstop.ee\/media\/4183.jpg\",\"width\":1024,\"height\":768},{\"@type\":\"BreadcrumbList\",\"@id\":\"https:\/\/hobstop.ee\/lt\/produktas\/sviecianti-dezute-daylight-wafer\/#breadcrumb\",\"itemListElement\":[{\"@type\":\"ListItem\",\"position\":1,\"name\":\"Avaleht\",\"item\":\"https:\/\/hobstop.ee\/lt\/\"},{\"@type\":\"ListItem\",\"position\":2,\"name\":\"Parduotuv\u0117\",\"item\":\"https:\/\/hobstop.ee\/lt\/parduotuve\/\"},{\"@type\":\"ListItem\",\"position\":3,\"name\":\"\u0160vie\u010dianti d\u0117\u017eut\u0117 Daylight Wafer\"}]},{\"@type\":\"WebSite\",\"@id\":\"https:\/\/hobstop.ee\/lt\/#website\",\"url\":\"https:\/\/hobstop.ee\/lt\/\",\"name\":\"Skizze\",\"description\":\"Dail\u0117s, pom\u0117gi\u0173 ir mokykliniai reikm\u0117nys\",\"publisher\":{\"@id\":\"https:\/\/hobstop.ee\/lt\/#organization\"},\"potentialAction\":[{\"@type\":\"SearchAction\",\"target\":{\"@type\":\"EntryPoint\",\"urlTemplate\":\"https:\/\/hobstop.ee\/lt\/?s={search_term_string}\"},\"query-input\":{\"@type\":\"PropertyValueSpecification\",\"valueRequired\":true,\"valueName\":\"search_term_string\"}}],\"inLanguage\":\"lt\"},{\"@type\":\"Organization\",\"@id\":\"https:\/\/hobstop.ee\/lt\/#organization\",\"name\":\"Vunder AS\",\"url\":\"https:\/\/hobstop.ee\/lt\/\",\"logo\":{\"@type\":\"ImageObject\",\"inLanguage\":\"lt\",\"@id\":\"https:\/\/hobstop.ee\/lt\/#\/schema\/logo\/image\/\",\"url\":\"https:\/\/hobstop.ee\/media\/vunder-logo.png\",\"contentUrl\":\"https:\/\/hobstop.ee\/media\/vunder-logo.png\",\"width\":127,\"height\":55,\"caption\":\"Vunder AS\"},\"image\":{\"@id\":\"https:\/\/hobstop.ee\/lt\/#\/schema\/logo\/image\/\"},\"sameAs\":[\"http:\/\/www.facebook.com\/VunderSkizze\"]}]}<\/script>\n<!-- \/ Yoast SEO plugin. -->","yoast_head_json":{"title":"\u0160vie\u010dianti d\u0117\u017eut\u0117 Daylight Wafer &#8211; Skizze","robots":{"index":"noindex","follow":"follow","max-snippet":"max-snippet:-1","max-image-preview":"max-image-preview:large","max-video-preview":"max-video-preview:-1"},"og_locale":"lt_LT","og_type":"article","og_title":"\u0160vie\u010dianti d\u0117\u017eut\u0117 Daylight Wafer &#8211; Skizze","og_description":"\u0160viesiad\u0117\u017e\u0117 yra tik 0.8cm storio. \u0160viesiad\u0117\u017e\u0117s LED \u0161viesos sraut\u0105 galima reguliuoti, visas darbas yra ap\u0161vie\u010diamas vienoda \u0161viesa. Elektra tiekiama kintamosios srov\u0117s adapteriu ir beveik ne\u012fkaista. \u0160viesiad\u0117\u017e\u0117 tinka kaligrafijos darbams, dirbant su \u0161ablonais, skrebinimui, darant reljefinius ornamentus, skiautinius, siuvin\u0117jat, siuvant ir daugeliui kit\u0173 darb\u0173.","og_url":"https:\/\/hobstop.ee\/lt\/produktas\/sviecianti-dezute-daylight-wafer\/","og_site_name":"Skizze","article_publisher":"http:\/\/www.facebook.com\/VunderSkizze","og_image":[{"width":1024,"height":768,"url":"https:\/\/hobstop.ee\/media\/4183.jpg","type":"image\/jpeg"}],"twitter_card":"summary_large_image","schema":{"@context":"https:\/\/schema.org","@graph":[{"@type":"WebPage","@id":"https:\/\/hobstop.ee\/lt\/produktas\/sviecianti-dezute-daylight-wafer\/","url":"https:\/\/hobstop.ee\/lt\/produktas\/sviecianti-dezute-daylight-wafer\/","name":"\u0160vie\u010dianti d\u0117\u017eut\u0117 Daylight Wafer &#8211; Skizze","isPartOf":{"@id":"https:\/\/hobstop.ee\/lt\/#website"},"primaryImageOfPage":{"@id":"https:\/\/hobstop.ee\/lt\/produktas\/sviecianti-dezute-daylight-wafer\/#primaryimage"},"image":{"@id":"https:\/\/hobstop.ee\/lt\/produktas\/sviecianti-dezute-daylight-wafer\/#primaryimage"},"thumbnailUrl":"https:\/\/hobstop.ee\/media\/4183.jpg","datePublished":"2016-01-18T12:19:15+00:00","dateModified":"2016-01-18T12:19:15+00:00","breadcrumb":{"@id":"https:\/\/hobstop.ee\/lt\/produktas\/sviecianti-dezute-daylight-wafer\/#breadcrumb"},"inLanguage":"lt","potentialAction":[{"@type":"ReadAction","target":["https:\/\/hobstop.ee\/lt\/produktas\/sviecianti-dezute-daylight-wafer\/"]}]},{"@type":"ImageObject","inLanguage":"lt","@id":"https:\/\/hobstop.ee\/lt\/produktas\/sviecianti-dezute-daylight-wafer\/#primaryimage","url":"https:\/\/hobstop.ee\/media\/4183.jpg","contentUrl":"https:\/\/hobstop.ee\/media\/4183.jpg","width":1024,"height":768},{"@type":"BreadcrumbList","@id":"https:\/\/hobstop.ee\/lt\/produktas\/sviecianti-dezute-daylight-wafer\/#breadcrumb","itemListElement":[{"@type":"ListItem","position":1,"name":"Avaleht","item":"https:\/\/hobstop.ee\/lt\/"},{"@type":"ListItem","position":2,"name":"Parduotuv\u0117","item":"https:\/\/hobstop.ee\/lt\/parduotuve\/"},{"@type":"ListItem","position":3,"name":"\u0160vie\u010dianti d\u0117\u017eut\u0117 Daylight Wafer"}]},{"@type":"WebSite","@id":"https:\/\/hobstop.ee\/lt\/#website","url":"https:\/\/hobstop.ee\/lt\/","name":"Skizze","description":"Dail\u0117s, pom\u0117gi\u0173 ir mokykliniai reikm\u0117nys","publisher":{"@id":"https:\/\/hobstop.ee\/lt\/#organization"},"potentialAction":[{"@type":"SearchAction","target":{"@type":"EntryPoint","urlTemplate":"https:\/\/hobstop.ee\/lt\/?s={search_term_string}"},"query-input":{"@type":"PropertyValueSpecification","valueRequired":true,"valueName":"search_term_string"}}],"inLanguage":"lt"},{"@type":"Organization","@id":"https:\/\/hobstop.ee\/lt\/#organization","name":"Vunder AS","url":"https:\/\/hobstop.ee\/lt\/","logo":{"@type":"ImageObject","inLanguage":"lt","@id":"https:\/\/hobstop.ee\/lt\/#\/schema\/logo\/image\/","url":"https:\/\/hobstop.ee\/media\/vunder-logo.png","contentUrl":"https:\/\/hobstop.ee\/media\/vunder-logo.png","width":127,"height":55,"caption":"Vunder AS"},"image":{"@id":"https:\/\/hobstop.ee\/lt\/#\/schema\/logo\/image\/"},"sameAs":["http:\/\/www.facebook.com\/VunderSkizze"]}]}},"_links":{"self":[{"href":"https:\/\/hobstop.ee\/lt\/wp-json\/wp\/v2\/product\/245888","targetHints":{"allow":["GET"]}}],"collection":[{"href":"https:\/\/hobstop.ee\/lt\/wp-json\/wp\/v2\/product"}],"about":[{"href":"https:\/\/hobstop.ee\/lt\/wp-json\/wp\/v2\/types\/product"}],"replies":[{"embeddable":true,"href":"https:\/\/hobstop.ee\/lt\/wp-json\/wp\/v2\/comments?post=245888"}],"wp:featuredmedia":[{"embeddable":true,"href":"https:\/\/hobstop.ee\/lt\/wp-json\/wp\/v2\/media\/245944"}],"wp:attachment":[{"href":"https:\/\/hobstop.ee\/lt\/wp-json\/wp\/v2\/media?parent=245888"}],"wp:term":[{"taxonomy":"product_cat","embeddable":true,"href":"https:\/\/hobstop.ee\/lt\/wp-json\/wp\/v2\/product_cat?post=245888"},{"taxonomy":"product_tag","embeddable":true,"href":"https:\/\/hobstop.ee\/lt\/wp-json\/wp\/v2\/product_tag?post=245888"}],"curies":[{"name":"wp","href":"https:\/\/api.w.org\/{rel}","templated":true}]}}