{"id":245892,"date":"2016-01-18T14:19:16","date_gmt":"2016-01-18T12:19:18","guid":{"rendered":"http:\/\/www.vunder.ee\/lt\/product\/stalo-sviestuvas-daylight-pl\/"},"modified":"2019-11-26T10:37:40","modified_gmt":"2019-11-26T08:37:40","slug":"stalo-sviestuvas-daylight-pl","status":"publish","type":"product","link":"https:\/\/hobstop.ee\/lt\/produktas\/stalo-sviestuvas-daylight-pl\/","title":{"rendered":"Stalo \u0161viestuvas Daylight PL"},"content":{"rendered":"<p>\u0160is \u0161viestuvas skirtas statyti ant ra\u0161omojo stalo ir gerai ap\u0161vie\u010dia br\u0117\u017einius ir pie\u0161inius. Visais kampais pasukama \u0161viestuvo jungtis leid\u017eia nukreipti \u0161viesos sraut\u0105 b\u016btent ten, kur jo reikia, bet kurioje darbo vietoje, nes PL stalin\u012f \u0161viestuv\u0105 prie pagrindo galima tvirtinti su gnybtu ir su stovu. \u0160viestuve yra \u012ftaisyta kokybi\u0161k\u0105 ap\u0161vietim\u0105 skleid\u017eianti 11W (atitinka 220W) galios dienos \u0161viesos lemput\u0117.<\/p>\n","protected":false},"excerpt":{"rendered":"<p>\u0160is \u0161viestuvas skirtas statyti ant ra\u0161omojo stalo ir gerai ap\u0161vie\u010dia br\u0117\u017einius ir pie\u0161inius. Visais kampais pasukama \u0161viestuvo jungtis leid\u017eia nukreipti \u0161viesos sraut\u0105 b\u016btent ten, kur jo reikia, bet kurioje darbo vietoje, nes PL stalin\u012f \u0161viestuv\u0105 prie pagrindo galima tvirtinti su gnybtu ir su stovu. \u0160viestuve yra \u012ftaisyta kokybi\u0161k\u0105 ap\u0161vietim\u0105 skleid\u017eianti 11W (atitinka 220W) galios dienos \u0161viesos lemput\u0117.<\/p>\n","protected":false},"featured_media":0,"comment_status":"closed","ping_status":"closed","template":"","meta":{"_acf_changed":false,"ep_exclude_from_search":false},"product_cat":[18533,18799],"product_tag":[],"class_list":{"0":"post-245892","1":"product","2":"type-product","3":"status-publish","5":"product_cat-stalines-lempos-2","6":"product_cat-sviestuvai-2","7":"pa_kma-20409","9":"first","10":"instock","11":"sale","12":"taxable","13":"shipping-taxable","14":"purchasable","15":"product-type-variable"},"acf":[],"yoast_head":"<!-- This site is optimized with the Yoast SEO plugin v24.1 - https:\/\/yoast.com\/wordpress\/plugins\/seo\/ -->\n<title>Stalo \u0161viestuvas Daylight PL &#8211; Skizze<\/title>\n<meta name=\"robots\" content=\"noindex, follow, max-snippet:-1, max-image-preview:large, max-video-preview:-1\" \/>\n<meta property=\"og:locale\" content=\"lt_LT\" \/>\n<meta property=\"og:type\" content=\"article\" \/>\n<meta property=\"og:title\" content=\"Stalo \u0161viestuvas Daylight PL &#8211; Skizze\" \/>\n<meta property=\"og:description\" content=\"\u0160is \u0161viestuvas skirtas statyti ant ra\u0161omojo stalo ir gerai ap\u0161vie\u010dia br\u0117\u017einius ir pie\u0161inius. Visais kampais pasukama \u0161viestuvo jungtis leid\u017eia nukreipti \u0161viesos sraut\u0105 b\u016btent ten, kur jo reikia, bet kurioje darbo vietoje, nes PL stalin\u012f \u0161viestuv\u0105 prie pagrindo galima tvirtinti su gnybtu ir su stovu. \u0160viestuve yra \u012ftaisyta kokybi\u0161k\u0105 ap\u0161vietim\u0105 skleid\u017eianti 11W (atitinka 220W) galios dienos \u0161viesos lemput\u0117.\" \/>\n<meta property=\"og:url\" content=\"https:\/\/hobstop.ee\/lt\/produktas\/stalo-sviestuvas-daylight-pl\/\" \/>\n<meta property=\"og:site_name\" content=\"Skizze\" \/>\n<meta property=\"article:publisher\" content=\"http:\/\/www.facebook.com\/VunderSkizze\" \/>\n<meta property=\"article:modified_time\" content=\"2019-11-26T08:37:40+00:00\" \/>\n<meta name=\"twitter:card\" content=\"summary_large_image\" \/>\n<script type=\"application\/ld+json\" class=\"yoast-schema-graph\">{\"@context\":\"https:\/\/schema.org\",\"@graph\":[{\"@type\":\"WebPage\",\"@id\":\"https:\/\/hobstop.ee\/lt\/produktas\/stalo-sviestuvas-daylight-pl\/\",\"url\":\"https:\/\/hobstop.ee\/lt\/produktas\/stalo-sviestuvas-daylight-pl\/\",\"name\":\"Stalo \u0161viestuvas Daylight PL &#8211; Skizze\",\"isPartOf\":{\"@id\":\"https:\/\/www.hobstop.ee\/lt\/#website\"},\"datePublished\":\"2016-01-18T12:19:18+00:00\",\"dateModified\":\"2019-11-26T08:37:40+00:00\",\"breadcrumb\":{\"@id\":\"https:\/\/hobstop.ee\/lt\/produktas\/stalo-sviestuvas-daylight-pl\/#breadcrumb\"},\"inLanguage\":\"lt\",\"potentialAction\":[{\"@type\":\"ReadAction\",\"target\":[\"https:\/\/hobstop.ee\/lt\/produktas\/stalo-sviestuvas-daylight-pl\/\"]}]},{\"@type\":\"BreadcrumbList\",\"@id\":\"https:\/\/hobstop.ee\/lt\/produktas\/stalo-sviestuvas-daylight-pl\/#breadcrumb\",\"itemListElement\":[{\"@type\":\"ListItem\",\"position\":1,\"name\":\"Avaleht\",\"item\":\"https:\/\/hobstop.ee\/lt\/\"},{\"@type\":\"ListItem\",\"position\":2,\"name\":\"Parduotuv\u0117\",\"item\":\"https:\/\/www.hobstop.ee\/lt\/parduotuve\/\"},{\"@type\":\"ListItem\",\"position\":3,\"name\":\"Stalo \u0161viestuvas Daylight PL\"}]},{\"@type\":\"WebSite\",\"@id\":\"https:\/\/www.hobstop.ee\/lt\/#website\",\"url\":\"https:\/\/www.hobstop.ee\/lt\/\",\"name\":\"Skizze\",\"description\":\"Dail\u0117s, pom\u0117gi\u0173 ir mokykliniai reikm\u0117nys\",\"publisher\":{\"@id\":\"https:\/\/www.hobstop.ee\/lt\/#organization\"},\"potentialAction\":[{\"@type\":\"SearchAction\",\"target\":{\"@type\":\"EntryPoint\",\"urlTemplate\":\"https:\/\/www.hobstop.ee\/lt\/?s={search_term_string}\"},\"query-input\":{\"@type\":\"PropertyValueSpecification\",\"valueRequired\":true,\"valueName\":\"search_term_string\"}}],\"inLanguage\":\"lt\"},{\"@type\":\"Organization\",\"@id\":\"https:\/\/www.hobstop.ee\/lt\/#organization\",\"name\":\"Vunder AS\",\"url\":\"https:\/\/www.hobstop.ee\/lt\/\",\"logo\":{\"@type\":\"ImageObject\",\"inLanguage\":\"lt\",\"@id\":\"https:\/\/www.hobstop.ee\/lt\/#\/schema\/logo\/image\/\",\"url\":\"https:\/\/hobstop.ee\/media\/vunder-logo.png\",\"contentUrl\":\"https:\/\/hobstop.ee\/media\/vunder-logo.png\",\"width\":127,\"height\":55,\"caption\":\"Vunder AS\"},\"image\":{\"@id\":\"https:\/\/www.hobstop.ee\/lt\/#\/schema\/logo\/image\/\"},\"sameAs\":[\"http:\/\/www.facebook.com\/VunderSkizze\"]}]}<\/script>\n<!-- \/ Yoast SEO plugin. -->","yoast_head_json":{"title":"Stalo \u0161viestuvas Daylight PL &#8211; Skizze","robots":{"index":"noindex","follow":"follow","max-snippet":"max-snippet:-1","max-image-preview":"max-image-preview:large","max-video-preview":"max-video-preview:-1"},"og_locale":"lt_LT","og_type":"article","og_title":"Stalo \u0161viestuvas Daylight PL &#8211; Skizze","og_description":"\u0160is \u0161viestuvas skirtas statyti ant ra\u0161omojo stalo ir gerai ap\u0161vie\u010dia br\u0117\u017einius ir pie\u0161inius. Visais kampais pasukama \u0161viestuvo jungtis leid\u017eia nukreipti \u0161viesos sraut\u0105 b\u016btent ten, kur jo reikia, bet kurioje darbo vietoje, nes PL stalin\u012f \u0161viestuv\u0105 prie pagrindo galima tvirtinti su gnybtu ir su stovu. \u0160viestuve yra \u012ftaisyta kokybi\u0161k\u0105 ap\u0161vietim\u0105 skleid\u017eianti 11W (atitinka 220W) galios dienos \u0161viesos lemput\u0117.","og_url":"https:\/\/hobstop.ee\/lt\/produktas\/stalo-sviestuvas-daylight-pl\/","og_site_name":"Skizze","article_publisher":"http:\/\/www.facebook.com\/VunderSkizze","article_modified_time":"2019-11-26T08:37:40+00:00","twitter_card":"summary_large_image","schema":{"@context":"https:\/\/schema.org","@graph":[{"@type":"WebPage","@id":"https:\/\/hobstop.ee\/lt\/produktas\/stalo-sviestuvas-daylight-pl\/","url":"https:\/\/hobstop.ee\/lt\/produktas\/stalo-sviestuvas-daylight-pl\/","name":"Stalo \u0161viestuvas Daylight PL &#8211; Skizze","isPartOf":{"@id":"https:\/\/www.hobstop.ee\/lt\/#website"},"datePublished":"2016-01-18T12:19:18+00:00","dateModified":"2019-11-26T08:37:40+00:00","breadcrumb":{"@id":"https:\/\/hobstop.ee\/lt\/produktas\/stalo-sviestuvas-daylight-pl\/#breadcrumb"},"inLanguage":"lt","potentialAction":[{"@type":"ReadAction","target":["https:\/\/hobstop.ee\/lt\/produktas\/stalo-sviestuvas-daylight-pl\/"]}]},{"@type":"BreadcrumbList","@id":"https:\/\/hobstop.ee\/lt\/produktas\/stalo-sviestuvas-daylight-pl\/#breadcrumb","itemListElement":[{"@type":"ListItem","position":1,"name":"Avaleht","item":"https:\/\/hobstop.ee\/lt\/"},{"@type":"ListItem","position":2,"name":"Parduotuv\u0117","item":"https:\/\/www.hobstop.ee\/lt\/parduotuve\/"},{"@type":"ListItem","position":3,"name":"Stalo \u0161viestuvas Daylight PL"}]},{"@type":"WebSite","@id":"https:\/\/www.hobstop.ee\/lt\/#website","url":"https:\/\/www.hobstop.ee\/lt\/","name":"Skizze","description":"Dail\u0117s, pom\u0117gi\u0173 ir mokykliniai reikm\u0117nys","publisher":{"@id":"https:\/\/www.hobstop.ee\/lt\/#organization"},"potentialAction":[{"@type":"SearchAction","target":{"@type":"EntryPoint","urlTemplate":"https:\/\/www.hobstop.ee\/lt\/?s={search_term_string}"},"query-input":{"@type":"PropertyValueSpecification","valueRequired":true,"valueName":"search_term_string"}}],"inLanguage":"lt"},{"@type":"Organization","@id":"https:\/\/www.hobstop.ee\/lt\/#organization","name":"Vunder AS","url":"https:\/\/www.hobstop.ee\/lt\/","logo":{"@type":"ImageObject","inLanguage":"lt","@id":"https:\/\/www.hobstop.ee\/lt\/#\/schema\/logo\/image\/","url":"https:\/\/hobstop.ee\/media\/vunder-logo.png","contentUrl":"https:\/\/hobstop.ee\/media\/vunder-logo.png","width":127,"height":55,"caption":"Vunder AS"},"image":{"@id":"https:\/\/www.hobstop.ee\/lt\/#\/schema\/logo\/image\/"},"sameAs":["http:\/\/www.facebook.com\/VunderSkizze"]}]}},"_links":{"self":[{"href":"https:\/\/hobstop.ee\/lt\/wp-json\/wp\/v2\/product\/245892","targetHints":{"allow":["GET"]}}],"collection":[{"href":"https:\/\/hobstop.ee\/lt\/wp-json\/wp\/v2\/product"}],"about":[{"href":"https:\/\/hobstop.ee\/lt\/wp-json\/wp\/v2\/types\/product"}],"replies":[{"embeddable":true,"href":"https:\/\/hobstop.ee\/lt\/wp-json\/wp\/v2\/comments?post=245892"}],"wp:attachment":[{"href":"https:\/\/hobstop.ee\/lt\/wp-json\/wp\/v2\/media?parent=245892"}],"wp:term":[{"taxonomy":"product_cat","embeddable":true,"href":"https:\/\/hobstop.ee\/lt\/wp-json\/wp\/v2\/product_cat?post=245892"},{"taxonomy":"product_tag","embeddable":true,"href":"https:\/\/hobstop.ee\/lt\/wp-json\/wp\/v2\/product_tag?post=245892"}],"curies":[{"name":"wp","href":"https:\/\/api.w.org\/{rel}","templated":true}]}}