{"id":245896,"date":"2016-01-18T14:19:20","date_gmt":"2016-01-18T12:19:20","guid":{"rendered":"http:\/\/www.vunder.ee\/lt\/product\/stalo-sviestuvas-daylight-ultra-bright-slimline-led\/"},"modified":"2016-01-18T14:19:20","modified_gmt":"2016-01-18T12:19:20","slug":"stalo-sviestuvas-daylight-ultra-bright-slimline-led","status":"publish","type":"product","link":"https:\/\/hobstop.ee\/lt\/produktas\/stalo-sviestuvas-daylight-ultra-bright-slimline-led\/","title":{"rendered":"Stalo \u0161viestuvas Daylight Ultra Bright Slimline LED"},"content":{"rendered":"<p>\u0160is galingas LED stalinis \u0161viestuvas suteiks jaukumo namams, biurui ar studijai. Ry\u0161k\u0173 stalinio \u0161viestuvo \u0161viesos sraut\u0105 galima reguliuoti, \u0161viestuvo laikiklis yra 90cm ilgio, tod\u0117l juo vientisa \u0161viesa galima ap\u0161viesti didelius darbinius plotus. Dienos \u0161viesa nevargina aki\u0173, neakina ir nei\u0161kreipia nat\u016bralios \u0161viesos.<\/p>\n","protected":false},"excerpt":{"rendered":"<p>\u0160is galingas LED stalinis \u0161viestuvas suteiks jaukumo namams, biurui ar studijai. Ry\u0161k\u0173 stalinio \u0161viestuvo \u0161viesos sraut\u0105 galima reguliuoti, \u0161viestuvo laikiklis yra 90cm ilgio, tod\u0117l juo vientisa \u0161viesa galima ap\u0161viesti didelius darbinius plotus. Dienos \u0161viesa nevargina aki\u0173, neakina ir nei\u0161kreipia nat\u016bralios \u0161viesos.<\/p>\n","protected":false},"featured_media":0,"comment_status":"closed","ping_status":"closed","template":"","meta":{"_acf_changed":false,"ep_exclude_from_search":false},"product_cat":[18533,18799],"product_tag":[],"class_list":{"0":"post-245896","1":"product","2":"type-product","3":"status-publish","5":"product_cat-stalines-lempos-2","6":"product_cat-sviestuvai-2","8":"first","9":"outofstock","10":"taxable","11":"shipping-taxable","12":"purchasable","13":"product-type-simple"},"acf":[],"yoast_head":"<!-- This site is optimized with the Yoast SEO plugin v24.1 - https:\/\/yoast.com\/wordpress\/plugins\/seo\/ -->\n<title>Stalo \u0161viestuvas Daylight Ultra Bright Slimline LED &#8211; Skizze<\/title>\n<meta name=\"robots\" content=\"noindex, follow, max-snippet:-1, max-image-preview:large, max-video-preview:-1\" \/>\n<meta property=\"og:locale\" content=\"lt_LT\" \/>\n<meta property=\"og:type\" content=\"article\" \/>\n<meta property=\"og:title\" content=\"Stalo \u0161viestuvas Daylight Ultra Bright Slimline LED &#8211; Skizze\" \/>\n<meta property=\"og:description\" content=\"\u0160is galingas LED stalinis \u0161viestuvas suteiks jaukumo namams, biurui ar studijai. Ry\u0161k\u0173 stalinio \u0161viestuvo \u0161viesos sraut\u0105 galima reguliuoti, \u0161viestuvo laikiklis yra 90cm ilgio, tod\u0117l juo vientisa \u0161viesa galima ap\u0161viesti didelius darbinius plotus. Dienos \u0161viesa nevargina aki\u0173, neakina ir nei\u0161kreipia nat\u016bralios \u0161viesos.\" \/>\n<meta property=\"og:url\" content=\"https:\/\/hobstop.ee\/lt\/produktas\/stalo-sviestuvas-daylight-ultra-bright-slimline-led\/\" \/>\n<meta property=\"og:site_name\" content=\"Skizze\" \/>\n<meta property=\"article:publisher\" content=\"http:\/\/www.facebook.com\/VunderSkizze\" \/>\n<meta name=\"twitter:card\" content=\"summary_large_image\" \/>\n<script type=\"application\/ld+json\" class=\"yoast-schema-graph\">{\"@context\":\"https:\/\/schema.org\",\"@graph\":[{\"@type\":\"WebPage\",\"@id\":\"https:\/\/hobstop.ee\/lt\/produktas\/stalo-sviestuvas-daylight-ultra-bright-slimline-led\/\",\"url\":\"https:\/\/hobstop.ee\/lt\/produktas\/stalo-sviestuvas-daylight-ultra-bright-slimline-led\/\",\"name\":\"Stalo \u0161viestuvas Daylight Ultra Bright Slimline LED &#8211; Skizze\",\"isPartOf\":{\"@id\":\"https:\/\/hobstop.ee\/lt\/#website\"},\"datePublished\":\"2016-01-18T12:19:20+00:00\",\"dateModified\":\"2016-01-18T12:19:20+00:00\",\"breadcrumb\":{\"@id\":\"https:\/\/hobstop.ee\/lt\/produktas\/stalo-sviestuvas-daylight-ultra-bright-slimline-led\/#breadcrumb\"},\"inLanguage\":\"lt\",\"potentialAction\":[{\"@type\":\"ReadAction\",\"target\":[\"https:\/\/hobstop.ee\/lt\/produktas\/stalo-sviestuvas-daylight-ultra-bright-slimline-led\/\"]}]},{\"@type\":\"BreadcrumbList\",\"@id\":\"https:\/\/hobstop.ee\/lt\/produktas\/stalo-sviestuvas-daylight-ultra-bright-slimline-led\/#breadcrumb\",\"itemListElement\":[{\"@type\":\"ListItem\",\"position\":1,\"name\":\"Avaleht\",\"item\":\"https:\/\/hobstop.ee\/lt\/\"},{\"@type\":\"ListItem\",\"position\":2,\"name\":\"Parduotuv\u0117\",\"item\":\"https:\/\/hobstop.ee\/lt\/parduotuve\/\"},{\"@type\":\"ListItem\",\"position\":3,\"name\":\"Stalo \u0161viestuvas Daylight Ultra Bright Slimline LED\"}]},{\"@type\":\"WebSite\",\"@id\":\"https:\/\/hobstop.ee\/lt\/#website\",\"url\":\"https:\/\/hobstop.ee\/lt\/\",\"name\":\"Skizze\",\"description\":\"Dail\u0117s, pom\u0117gi\u0173 ir mokykliniai reikm\u0117nys\",\"publisher\":{\"@id\":\"https:\/\/hobstop.ee\/lt\/#organization\"},\"potentialAction\":[{\"@type\":\"SearchAction\",\"target\":{\"@type\":\"EntryPoint\",\"urlTemplate\":\"https:\/\/hobstop.ee\/lt\/?s={search_term_string}\"},\"query-input\":{\"@type\":\"PropertyValueSpecification\",\"valueRequired\":true,\"valueName\":\"search_term_string\"}}],\"inLanguage\":\"lt\"},{\"@type\":\"Organization\",\"@id\":\"https:\/\/hobstop.ee\/lt\/#organization\",\"name\":\"Vunder AS\",\"url\":\"https:\/\/hobstop.ee\/lt\/\",\"logo\":{\"@type\":\"ImageObject\",\"inLanguage\":\"lt\",\"@id\":\"https:\/\/hobstop.ee\/lt\/#\/schema\/logo\/image\/\",\"url\":\"https:\/\/hobstop.ee\/media\/vunder-logo.png\",\"contentUrl\":\"https:\/\/hobstop.ee\/media\/vunder-logo.png\",\"width\":127,\"height\":55,\"caption\":\"Vunder AS\"},\"image\":{\"@id\":\"https:\/\/hobstop.ee\/lt\/#\/schema\/logo\/image\/\"},\"sameAs\":[\"http:\/\/www.facebook.com\/VunderSkizze\"]}]}<\/script>\n<!-- \/ Yoast SEO plugin. -->","yoast_head_json":{"title":"Stalo \u0161viestuvas Daylight Ultra Bright Slimline LED &#8211; Skizze","robots":{"index":"noindex","follow":"follow","max-snippet":"max-snippet:-1","max-image-preview":"max-image-preview:large","max-video-preview":"max-video-preview:-1"},"og_locale":"lt_LT","og_type":"article","og_title":"Stalo \u0161viestuvas Daylight Ultra Bright Slimline LED &#8211; Skizze","og_description":"\u0160is galingas LED stalinis \u0161viestuvas suteiks jaukumo namams, biurui ar studijai. Ry\u0161k\u0173 stalinio \u0161viestuvo \u0161viesos sraut\u0105 galima reguliuoti, \u0161viestuvo laikiklis yra 90cm ilgio, tod\u0117l juo vientisa \u0161viesa galima ap\u0161viesti didelius darbinius plotus. Dienos \u0161viesa nevargina aki\u0173, neakina ir nei\u0161kreipia nat\u016bralios \u0161viesos.","og_url":"https:\/\/hobstop.ee\/lt\/produktas\/stalo-sviestuvas-daylight-ultra-bright-slimline-led\/","og_site_name":"Skizze","article_publisher":"http:\/\/www.facebook.com\/VunderSkizze","twitter_card":"summary_large_image","schema":{"@context":"https:\/\/schema.org","@graph":[{"@type":"WebPage","@id":"https:\/\/hobstop.ee\/lt\/produktas\/stalo-sviestuvas-daylight-ultra-bright-slimline-led\/","url":"https:\/\/hobstop.ee\/lt\/produktas\/stalo-sviestuvas-daylight-ultra-bright-slimline-led\/","name":"Stalo \u0161viestuvas Daylight Ultra Bright Slimline LED &#8211; Skizze","isPartOf":{"@id":"https:\/\/hobstop.ee\/lt\/#website"},"datePublished":"2016-01-18T12:19:20+00:00","dateModified":"2016-01-18T12:19:20+00:00","breadcrumb":{"@id":"https:\/\/hobstop.ee\/lt\/produktas\/stalo-sviestuvas-daylight-ultra-bright-slimline-led\/#breadcrumb"},"inLanguage":"lt","potentialAction":[{"@type":"ReadAction","target":["https:\/\/hobstop.ee\/lt\/produktas\/stalo-sviestuvas-daylight-ultra-bright-slimline-led\/"]}]},{"@type":"BreadcrumbList","@id":"https:\/\/hobstop.ee\/lt\/produktas\/stalo-sviestuvas-daylight-ultra-bright-slimline-led\/#breadcrumb","itemListElement":[{"@type":"ListItem","position":1,"name":"Avaleht","item":"https:\/\/hobstop.ee\/lt\/"},{"@type":"ListItem","position":2,"name":"Parduotuv\u0117","item":"https:\/\/hobstop.ee\/lt\/parduotuve\/"},{"@type":"ListItem","position":3,"name":"Stalo \u0161viestuvas Daylight Ultra Bright Slimline LED"}]},{"@type":"WebSite","@id":"https:\/\/hobstop.ee\/lt\/#website","url":"https:\/\/hobstop.ee\/lt\/","name":"Skizze","description":"Dail\u0117s, pom\u0117gi\u0173 ir mokykliniai reikm\u0117nys","publisher":{"@id":"https:\/\/hobstop.ee\/lt\/#organization"},"potentialAction":[{"@type":"SearchAction","target":{"@type":"EntryPoint","urlTemplate":"https:\/\/hobstop.ee\/lt\/?s={search_term_string}"},"query-input":{"@type":"PropertyValueSpecification","valueRequired":true,"valueName":"search_term_string"}}],"inLanguage":"lt"},{"@type":"Organization","@id":"https:\/\/hobstop.ee\/lt\/#organization","name":"Vunder AS","url":"https:\/\/hobstop.ee\/lt\/","logo":{"@type":"ImageObject","inLanguage":"lt","@id":"https:\/\/hobstop.ee\/lt\/#\/schema\/logo\/image\/","url":"https:\/\/hobstop.ee\/media\/vunder-logo.png","contentUrl":"https:\/\/hobstop.ee\/media\/vunder-logo.png","width":127,"height":55,"caption":"Vunder AS"},"image":{"@id":"https:\/\/hobstop.ee\/lt\/#\/schema\/logo\/image\/"},"sameAs":["http:\/\/www.facebook.com\/VunderSkizze"]}]}},"_links":{"self":[{"href":"https:\/\/hobstop.ee\/lt\/wp-json\/wp\/v2\/product\/245896","targetHints":{"allow":["GET"]}}],"collection":[{"href":"https:\/\/hobstop.ee\/lt\/wp-json\/wp\/v2\/product"}],"about":[{"href":"https:\/\/hobstop.ee\/lt\/wp-json\/wp\/v2\/types\/product"}],"replies":[{"embeddable":true,"href":"https:\/\/hobstop.ee\/lt\/wp-json\/wp\/v2\/comments?post=245896"}],"wp:attachment":[{"href":"https:\/\/hobstop.ee\/lt\/wp-json\/wp\/v2\/media?parent=245896"}],"wp:term":[{"taxonomy":"product_cat","embeddable":true,"href":"https:\/\/hobstop.ee\/lt\/wp-json\/wp\/v2\/product_cat?post=245896"},{"taxonomy":"product_tag","embeddable":true,"href":"https:\/\/hobstop.ee\/lt\/wp-json\/wp\/v2\/product_tag?post=245896"}],"curies":[{"name":"wp","href":"https:\/\/api.w.org\/{rel}","templated":true}]}}