{"id":245900,"date":"2016-01-18T14:19:23","date_gmt":"2016-01-18T12:19:23","guid":{"rendered":"http:\/\/www.vunder.ee\/lt\/product\/sviestuvas-daylight-professional-artist\/"},"modified":"2016-01-18T14:19:23","modified_gmt":"2016-01-18T12:19:23","slug":"sviestuvas-daylight-professional-artist","status":"publish","type":"product","link":"https:\/\/hobstop.ee\/lt\/produktas\/sviestuvas-daylight-professional-artist\/","title":{"rendered":"\u0160viestuvas Daylight Professional Artist"},"content":{"rendered":"<p>K\u016brybinius darbus palengvins \u0161viestuvas \u2013 jo gaubtas yra pasukamas 360\u00b0, o pritaisoma galvut\u0117 \u2013  320\u00b0 kampu, tod\u0117l \u0161viesos sraut\u0105 galima nukreipti \u012f reikiam\u0105 viet\u0105. \u0160i konstrukcija leid\u017eia \u0161viestuvo galvut\u0119 nukreipti \u012f skirtingas puses ir \u0161viesos srauto dyd\u012f suma\u017einti net iki A1 (ma\u017edaug 59x84cm) ploto. \u0160iame puikaus dizaino \u0161viestuve yra du gnybtai. Universaliu, prie molberto tvirtinti skirtu gnybtu, \u0161viestuv\u0105 galima pritvirtinti prie vis\u0173 ant grind\u0173 pastatom\u0173 metalini\u0173 ir medini\u0173 molbert\u0173. Tvirtu, prie stalo tvirtinti skirtu gnybtu, \u0161viestuv\u0105 galima pritvirtinti prie ant stalo pastatomo molberto, brai\u017eomojo stalo ar stakli\u0173.<\/p>\n","protected":false},"excerpt":{"rendered":"<p>K\u016brybinius darbus palengvins \u0161viestuvas \u2013 jo gaubtas yra pasukamas 360\u00b0, o pritaisoma galvut\u0117 \u2013 320\u00b0 kampu, tod\u0117l \u0161viesos sraut\u0105 galima nukreipti \u012f reikiam\u0105 viet\u0105. \u0160i konstrukcija leid\u017eia \u0161viestuvo galvut\u0119 nukreipti \u012f skirtingas puses ir \u0161viesos srauto dyd\u012f suma\u017einti net iki A1 (ma\u017edaug 59x84cm) ploto. \u0160iame puikaus dizaino \u0161viestuve yra du gnybtai. Universaliu, prie molberto tvirtinti skirtu gnybtu, \u0161viestuv\u0105 galima pritvirtinti prie vis\u0173 ant grind\u0173 pastatom\u0173 metalini\u0173 ir medini\u0173 molbert\u0173. Tvirtu, prie stalo tvirtinti skirtu gnybtu, \u0161viestuv\u0105 galima pritvirtinti prie ant stalo pastatomo molberto, brai\u017eomojo stalo ar stakli\u0173.<\/p>\n","protected":false},"featured_media":245956,"comment_status":"closed","ping_status":"closed","template":"","meta":{"_acf_changed":false,"ep_exclude_from_search":false},"product_cat":[18799,20061],"product_tag":[],"class_list":{"0":"post-245900","1":"product","2":"type-product","3":"status-publish","4":"has-post-thumbnail","6":"product_cat-sviestuvai-2","7":"product_cat-sviestuvai-dailininkams","9":"first","10":"instock","11":"taxable","12":"shipping-taxable","13":"purchasable","14":"product-type-simple"},"acf":[],"yoast_head":"<!-- This site is optimized with the Yoast SEO plugin v24.1 - https:\/\/yoast.com\/wordpress\/plugins\/seo\/ -->\n<title>\u0160viestuvas Daylight Professional Artist &#8211; Skizze<\/title>\n<meta name=\"robots\" content=\"noindex, follow, max-snippet:-1, max-image-preview:large, max-video-preview:-1\" \/>\n<meta property=\"og:locale\" content=\"lt_LT\" \/>\n<meta property=\"og:type\" content=\"article\" \/>\n<meta property=\"og:title\" content=\"\u0160viestuvas Daylight Professional Artist &#8211; Skizze\" \/>\n<meta property=\"og:description\" content=\"K\u016brybinius darbus palengvins \u0161viestuvas \u2013 jo gaubtas yra pasukamas 360\u00b0, o pritaisoma galvut\u0117 \u2013 320\u00b0 kampu, tod\u0117l \u0161viesos sraut\u0105 galima nukreipti \u012f reikiam\u0105 viet\u0105. \u0160i konstrukcija leid\u017eia \u0161viestuvo galvut\u0119 nukreipti \u012f skirtingas puses ir \u0161viesos srauto dyd\u012f suma\u017einti net iki A1 (ma\u017edaug 59x84cm) ploto. \u0160iame puikaus dizaino \u0161viestuve yra du gnybtai. Universaliu, prie molberto tvirtinti skirtu gnybtu, \u0161viestuv\u0105 galima pritvirtinti prie vis\u0173 ant grind\u0173 pastatom\u0173 metalini\u0173 ir medini\u0173 molbert\u0173. Tvirtu, prie stalo tvirtinti skirtu gnybtu, \u0161viestuv\u0105 galima pritvirtinti prie ant stalo pastatomo molberto, brai\u017eomojo stalo ar stakli\u0173.\" \/>\n<meta property=\"og:url\" content=\"https:\/\/hobstop.ee\/lt\/produktas\/sviestuvas-daylight-professional-artist\/\" \/>\n<meta property=\"og:site_name\" content=\"Skizze\" \/>\n<meta property=\"article:publisher\" content=\"http:\/\/www.facebook.com\/VunderSkizze\" \/>\n<meta property=\"og:image\" content=\"https:\/\/hobstop.ee\/media\/4186.jpg\" \/>\n\t<meta property=\"og:image:width\" content=\"1024\" \/>\n\t<meta property=\"og:image:height\" content=\"768\" \/>\n\t<meta property=\"og:image:type\" content=\"image\/jpeg\" \/>\n<meta name=\"twitter:card\" content=\"summary_large_image\" \/>\n<script type=\"application\/ld+json\" class=\"yoast-schema-graph\">{\"@context\":\"https:\/\/schema.org\",\"@graph\":[{\"@type\":\"WebPage\",\"@id\":\"https:\/\/hobstop.ee\/lt\/produktas\/sviestuvas-daylight-professional-artist\/\",\"url\":\"https:\/\/hobstop.ee\/lt\/produktas\/sviestuvas-daylight-professional-artist\/\",\"name\":\"\u0160viestuvas Daylight Professional Artist &#8211; Skizze\",\"isPartOf\":{\"@id\":\"https:\/\/hobstop.ee\/lt\/#website\"},\"primaryImageOfPage\":{\"@id\":\"https:\/\/hobstop.ee\/lt\/produktas\/sviestuvas-daylight-professional-artist\/#primaryimage\"},\"image\":{\"@id\":\"https:\/\/hobstop.ee\/lt\/produktas\/sviestuvas-daylight-professional-artist\/#primaryimage\"},\"thumbnailUrl\":\"https:\/\/hobstop.ee\/media\/4186.jpg\",\"datePublished\":\"2016-01-18T12:19:23+00:00\",\"dateModified\":\"2016-01-18T12:19:23+00:00\",\"breadcrumb\":{\"@id\":\"https:\/\/hobstop.ee\/lt\/produktas\/sviestuvas-daylight-professional-artist\/#breadcrumb\"},\"inLanguage\":\"lt\",\"potentialAction\":[{\"@type\":\"ReadAction\",\"target\":[\"https:\/\/hobstop.ee\/lt\/produktas\/sviestuvas-daylight-professional-artist\/\"]}]},{\"@type\":\"ImageObject\",\"inLanguage\":\"lt\",\"@id\":\"https:\/\/hobstop.ee\/lt\/produktas\/sviestuvas-daylight-professional-artist\/#primaryimage\",\"url\":\"https:\/\/hobstop.ee\/media\/4186.jpg\",\"contentUrl\":\"https:\/\/hobstop.ee\/media\/4186.jpg\",\"width\":1024,\"height\":768},{\"@type\":\"BreadcrumbList\",\"@id\":\"https:\/\/hobstop.ee\/lt\/produktas\/sviestuvas-daylight-professional-artist\/#breadcrumb\",\"itemListElement\":[{\"@type\":\"ListItem\",\"position\":1,\"name\":\"Avaleht\",\"item\":\"https:\/\/hobstop.ee\/lt\/\"},{\"@type\":\"ListItem\",\"position\":2,\"name\":\"Parduotuv\u0117\",\"item\":\"https:\/\/hobstop.ee\/lt\/parduotuve\/\"},{\"@type\":\"ListItem\",\"position\":3,\"name\":\"\u0160viestuvas Daylight Professional Artist\"}]},{\"@type\":\"WebSite\",\"@id\":\"https:\/\/hobstop.ee\/lt\/#website\",\"url\":\"https:\/\/hobstop.ee\/lt\/\",\"name\":\"Skizze\",\"description\":\"Dail\u0117s, pom\u0117gi\u0173 ir mokykliniai reikm\u0117nys\",\"publisher\":{\"@id\":\"https:\/\/hobstop.ee\/lt\/#organization\"},\"potentialAction\":[{\"@type\":\"SearchAction\",\"target\":{\"@type\":\"EntryPoint\",\"urlTemplate\":\"https:\/\/hobstop.ee\/lt\/?s={search_term_string}\"},\"query-input\":{\"@type\":\"PropertyValueSpecification\",\"valueRequired\":true,\"valueName\":\"search_term_string\"}}],\"inLanguage\":\"lt\"},{\"@type\":\"Organization\",\"@id\":\"https:\/\/hobstop.ee\/lt\/#organization\",\"name\":\"Vunder AS\",\"url\":\"https:\/\/hobstop.ee\/lt\/\",\"logo\":{\"@type\":\"ImageObject\",\"inLanguage\":\"lt\",\"@id\":\"https:\/\/hobstop.ee\/lt\/#\/schema\/logo\/image\/\",\"url\":\"https:\/\/hobstop.ee\/media\/vunder-logo.png\",\"contentUrl\":\"https:\/\/hobstop.ee\/media\/vunder-logo.png\",\"width\":127,\"height\":55,\"caption\":\"Vunder AS\"},\"image\":{\"@id\":\"https:\/\/hobstop.ee\/lt\/#\/schema\/logo\/image\/\"},\"sameAs\":[\"http:\/\/www.facebook.com\/VunderSkizze\"]}]}<\/script>\n<!-- \/ Yoast SEO plugin. -->","yoast_head_json":{"title":"\u0160viestuvas Daylight Professional Artist &#8211; Skizze","robots":{"index":"noindex","follow":"follow","max-snippet":"max-snippet:-1","max-image-preview":"max-image-preview:large","max-video-preview":"max-video-preview:-1"},"og_locale":"lt_LT","og_type":"article","og_title":"\u0160viestuvas Daylight Professional Artist &#8211; Skizze","og_description":"K\u016brybinius darbus palengvins \u0161viestuvas \u2013 jo gaubtas yra pasukamas 360\u00b0, o pritaisoma galvut\u0117 \u2013 320\u00b0 kampu, tod\u0117l \u0161viesos sraut\u0105 galima nukreipti \u012f reikiam\u0105 viet\u0105. \u0160i konstrukcija leid\u017eia \u0161viestuvo galvut\u0119 nukreipti \u012f skirtingas puses ir \u0161viesos srauto dyd\u012f suma\u017einti net iki A1 (ma\u017edaug 59x84cm) ploto. \u0160iame puikaus dizaino \u0161viestuve yra du gnybtai. Universaliu, prie molberto tvirtinti skirtu gnybtu, \u0161viestuv\u0105 galima pritvirtinti prie vis\u0173 ant grind\u0173 pastatom\u0173 metalini\u0173 ir medini\u0173 molbert\u0173. Tvirtu, prie stalo tvirtinti skirtu gnybtu, \u0161viestuv\u0105 galima pritvirtinti prie ant stalo pastatomo molberto, brai\u017eomojo stalo ar stakli\u0173.","og_url":"https:\/\/hobstop.ee\/lt\/produktas\/sviestuvas-daylight-professional-artist\/","og_site_name":"Skizze","article_publisher":"http:\/\/www.facebook.com\/VunderSkizze","og_image":[{"width":1024,"height":768,"url":"https:\/\/hobstop.ee\/media\/4186.jpg","type":"image\/jpeg"}],"twitter_card":"summary_large_image","schema":{"@context":"https:\/\/schema.org","@graph":[{"@type":"WebPage","@id":"https:\/\/hobstop.ee\/lt\/produktas\/sviestuvas-daylight-professional-artist\/","url":"https:\/\/hobstop.ee\/lt\/produktas\/sviestuvas-daylight-professional-artist\/","name":"\u0160viestuvas Daylight Professional Artist &#8211; Skizze","isPartOf":{"@id":"https:\/\/hobstop.ee\/lt\/#website"},"primaryImageOfPage":{"@id":"https:\/\/hobstop.ee\/lt\/produktas\/sviestuvas-daylight-professional-artist\/#primaryimage"},"image":{"@id":"https:\/\/hobstop.ee\/lt\/produktas\/sviestuvas-daylight-professional-artist\/#primaryimage"},"thumbnailUrl":"https:\/\/hobstop.ee\/media\/4186.jpg","datePublished":"2016-01-18T12:19:23+00:00","dateModified":"2016-01-18T12:19:23+00:00","breadcrumb":{"@id":"https:\/\/hobstop.ee\/lt\/produktas\/sviestuvas-daylight-professional-artist\/#breadcrumb"},"inLanguage":"lt","potentialAction":[{"@type":"ReadAction","target":["https:\/\/hobstop.ee\/lt\/produktas\/sviestuvas-daylight-professional-artist\/"]}]},{"@type":"ImageObject","inLanguage":"lt","@id":"https:\/\/hobstop.ee\/lt\/produktas\/sviestuvas-daylight-professional-artist\/#primaryimage","url":"https:\/\/hobstop.ee\/media\/4186.jpg","contentUrl":"https:\/\/hobstop.ee\/media\/4186.jpg","width":1024,"height":768},{"@type":"BreadcrumbList","@id":"https:\/\/hobstop.ee\/lt\/produktas\/sviestuvas-daylight-professional-artist\/#breadcrumb","itemListElement":[{"@type":"ListItem","position":1,"name":"Avaleht","item":"https:\/\/hobstop.ee\/lt\/"},{"@type":"ListItem","position":2,"name":"Parduotuv\u0117","item":"https:\/\/hobstop.ee\/lt\/parduotuve\/"},{"@type":"ListItem","position":3,"name":"\u0160viestuvas Daylight Professional Artist"}]},{"@type":"WebSite","@id":"https:\/\/hobstop.ee\/lt\/#website","url":"https:\/\/hobstop.ee\/lt\/","name":"Skizze","description":"Dail\u0117s, pom\u0117gi\u0173 ir mokykliniai reikm\u0117nys","publisher":{"@id":"https:\/\/hobstop.ee\/lt\/#organization"},"potentialAction":[{"@type":"SearchAction","target":{"@type":"EntryPoint","urlTemplate":"https:\/\/hobstop.ee\/lt\/?s={search_term_string}"},"query-input":{"@type":"PropertyValueSpecification","valueRequired":true,"valueName":"search_term_string"}}],"inLanguage":"lt"},{"@type":"Organization","@id":"https:\/\/hobstop.ee\/lt\/#organization","name":"Vunder AS","url":"https:\/\/hobstop.ee\/lt\/","logo":{"@type":"ImageObject","inLanguage":"lt","@id":"https:\/\/hobstop.ee\/lt\/#\/schema\/logo\/image\/","url":"https:\/\/hobstop.ee\/media\/vunder-logo.png","contentUrl":"https:\/\/hobstop.ee\/media\/vunder-logo.png","width":127,"height":55,"caption":"Vunder AS"},"image":{"@id":"https:\/\/hobstop.ee\/lt\/#\/schema\/logo\/image\/"},"sameAs":["http:\/\/www.facebook.com\/VunderSkizze"]}]}},"_links":{"self":[{"href":"https:\/\/hobstop.ee\/lt\/wp-json\/wp\/v2\/product\/245900","targetHints":{"allow":["GET"]}}],"collection":[{"href":"https:\/\/hobstop.ee\/lt\/wp-json\/wp\/v2\/product"}],"about":[{"href":"https:\/\/hobstop.ee\/lt\/wp-json\/wp\/v2\/types\/product"}],"replies":[{"embeddable":true,"href":"https:\/\/hobstop.ee\/lt\/wp-json\/wp\/v2\/comments?post=245900"}],"wp:featuredmedia":[{"embeddable":true,"href":"https:\/\/hobstop.ee\/lt\/wp-json\/wp\/v2\/media\/245956"}],"wp:attachment":[{"href":"https:\/\/hobstop.ee\/lt\/wp-json\/wp\/v2\/media?parent=245900"}],"wp:term":[{"taxonomy":"product_cat","embeddable":true,"href":"https:\/\/hobstop.ee\/lt\/wp-json\/wp\/v2\/product_cat?post=245900"},{"taxonomy":"product_tag","embeddable":true,"href":"https:\/\/hobstop.ee\/lt\/wp-json\/wp\/v2\/product_tag?post=245900"}],"curies":[{"name":"wp","href":"https:\/\/api.w.org\/{rel}","templated":true}]}}