{"id":245904,"date":"2016-01-18T14:19:26","date_gmt":"2016-01-18T12:19:26","guid":{"rendered":"http:\/\/www.vunder.ee\/lt\/product\/torseras-daylight-flexi-vision\/"},"modified":"2016-01-18T14:19:26","modified_gmt":"2016-01-18T12:19:26","slug":"torseras-daylight-flexi-vision","status":"publish","type":"product","link":"https:\/\/hobstop.ee\/lt\/produktas\/torseras-daylight-flexi-vision\/","title":{"rendered":"Tor\u0161eras Daylight Flexi-vision"},"content":{"rendered":"<p>\u0160is \u0161viestuvas yra skurtas intensyviai bendradarbiaujant su RNIB ir kitais silpnos regos asmenims skirt\u0173 produkt\u0173 gamintojais. Grind\u0173 \u0161viestuve \u201eFlexi-vision\u201c dera visos geriausios skaitymui skirt\u0173 \u0161viestuv\u0173 savyb\u0117s. 20W galios (atitinka 285W) dienos \u0161viesos ir energij\u0105 taupanti lemput\u0117 neakina ir pagerina kontrast\u0105, tod\u0117l skaityti ir ra\u0161yti gal\u0117site ilgiau ir patogiau. Nauja lankst\u0173 sistema ir lanksti kojel\u0117 leid\u017eia nukreipti \u0161viesos sraut\u0105 b\u016btent ten, kur jo reikia, o \u0161viestuv\u0105 galima pastatyti \u0161alia sofos arba ant stalo. Grind\u0173 \u0161viestuvas \u201eFlexi-vision\u201c yra vienas i\u0161 saugiausi\u0173 parduodam\u0173 produkt\u0173 \u2013 ai\u0161ki jungiklio pad\u0117tis, patvar\u016bs laido fiksatoriai ir ne\u012fkaistantis gaubtas.<\/p>\n","protected":false},"excerpt":{"rendered":"<p>\u0160is \u0161viestuvas yra skurtas intensyviai bendradarbiaujant su RNIB ir kitais silpnos regos asmenims skirt\u0173 produkt\u0173 gamintojais. Grind\u0173 \u0161viestuve \u201eFlexi-vision\u201c dera visos geriausios skaitymui skirt\u0173 \u0161viestuv\u0173 savyb\u0117s. 20W galios (atitinka 285W) dienos \u0161viesos ir energij\u0105 taupanti lemput\u0117 neakina ir pagerina kontrast\u0105, tod\u0117l skaityti ir ra\u0161yti gal\u0117site ilgiau ir patogiau. Nauja lankst\u0173 sistema ir lanksti kojel\u0117 leid\u017eia nukreipti \u0161viesos sraut\u0105 b\u016btent ten, kur jo reikia, o \u0161viestuv\u0105 galima pastatyti \u0161alia sofos arba ant stalo. Grind\u0173 \u0161viestuvas \u201eFlexi-vision\u201c yra vienas i\u0161 saugiausi\u0173 parduodam\u0173 produkt\u0173 \u2013 ai\u0161ki jungiklio pad\u0117tis, patvar\u016bs laido fiksatoriai ir ne\u012fkaistantis gaubtas.<\/p>\n","protected":false},"featured_media":0,"comment_status":"closed","ping_status":"closed","template":"","meta":{"_acf_changed":false,"ep_exclude_from_search":false},"product_cat":[18799,19703],"product_tag":[],"class_list":{"0":"post-245904","1":"product","2":"type-product","3":"status-publish","5":"product_cat-sviestuvai-2","6":"product_cat-torserai-2","8":"first","9":"instock","10":"taxable","11":"shipping-taxable","12":"purchasable","13":"product-type-simple"},"acf":[],"yoast_head":"<!-- This site is optimized with the Yoast SEO plugin v24.1 - https:\/\/yoast.com\/wordpress\/plugins\/seo\/ -->\n<title>Tor\u0161eras Daylight Flexi-vision &#8211; Skizze<\/title>\n<meta name=\"robots\" content=\"noindex, follow, max-snippet:-1, max-image-preview:large, max-video-preview:-1\" \/>\n<meta property=\"og:locale\" content=\"lt_LT\" \/>\n<meta property=\"og:type\" content=\"article\" \/>\n<meta property=\"og:title\" content=\"Tor\u0161eras Daylight Flexi-vision &#8211; Skizze\" \/>\n<meta property=\"og:description\" content=\"\u0160is \u0161viestuvas yra skurtas intensyviai bendradarbiaujant su RNIB ir kitais silpnos regos asmenims skirt\u0173 produkt\u0173 gamintojais. Grind\u0173 \u0161viestuve \u201eFlexi-vision\u201c dera visos geriausios skaitymui skirt\u0173 \u0161viestuv\u0173 savyb\u0117s. 20W galios (atitinka 285W) dienos \u0161viesos ir energij\u0105 taupanti lemput\u0117 neakina ir pagerina kontrast\u0105, tod\u0117l skaityti ir ra\u0161yti gal\u0117site ilgiau ir patogiau. Nauja lankst\u0173 sistema ir lanksti kojel\u0117 leid\u017eia nukreipti \u0161viesos sraut\u0105 b\u016btent ten, kur jo reikia, o \u0161viestuv\u0105 galima pastatyti \u0161alia sofos arba ant stalo. Grind\u0173 \u0161viestuvas \u201eFlexi-vision\u201c yra vienas i\u0161 saugiausi\u0173 parduodam\u0173 produkt\u0173 \u2013 ai\u0161ki jungiklio pad\u0117tis, patvar\u016bs laido fiksatoriai ir ne\u012fkaistantis gaubtas.\" \/>\n<meta property=\"og:url\" content=\"https:\/\/hobstop.ee\/lt\/produktas\/torseras-daylight-flexi-vision\/\" \/>\n<meta property=\"og:site_name\" content=\"Skizze\" \/>\n<meta property=\"article:publisher\" content=\"http:\/\/www.facebook.com\/VunderSkizze\" \/>\n<meta name=\"twitter:card\" content=\"summary_large_image\" \/>\n<meta name=\"twitter:label1\" content=\"Est. reading time\" \/>\n\t<meta name=\"twitter:data1\" content=\"1 minute\" \/>\n<script type=\"application\/ld+json\" class=\"yoast-schema-graph\">{\"@context\":\"https:\/\/schema.org\",\"@graph\":[{\"@type\":\"WebPage\",\"@id\":\"https:\/\/hobstop.ee\/lt\/produktas\/torseras-daylight-flexi-vision\/\",\"url\":\"https:\/\/hobstop.ee\/lt\/produktas\/torseras-daylight-flexi-vision\/\",\"name\":\"Tor\u0161eras Daylight Flexi-vision &#8211; Skizze\",\"isPartOf\":{\"@id\":\"https:\/\/hobstop.ee\/lt\/#website\"},\"datePublished\":\"2016-01-18T12:19:26+00:00\",\"dateModified\":\"2016-01-18T12:19:26+00:00\",\"breadcrumb\":{\"@id\":\"https:\/\/hobstop.ee\/lt\/produktas\/torseras-daylight-flexi-vision\/#breadcrumb\"},\"inLanguage\":\"lt\",\"potentialAction\":[{\"@type\":\"ReadAction\",\"target\":[\"https:\/\/hobstop.ee\/lt\/produktas\/torseras-daylight-flexi-vision\/\"]}]},{\"@type\":\"BreadcrumbList\",\"@id\":\"https:\/\/hobstop.ee\/lt\/produktas\/torseras-daylight-flexi-vision\/#breadcrumb\",\"itemListElement\":[{\"@type\":\"ListItem\",\"position\":1,\"name\":\"Avaleht\",\"item\":\"https:\/\/hobstop.ee\/lt\/\"},{\"@type\":\"ListItem\",\"position\":2,\"name\":\"Parduotuv\u0117\",\"item\":\"https:\/\/hobstop.ee\/lt\/parduotuve\/\"},{\"@type\":\"ListItem\",\"position\":3,\"name\":\"Tor\u0161eras Daylight Flexi-vision\"}]},{\"@type\":\"WebSite\",\"@id\":\"https:\/\/hobstop.ee\/lt\/#website\",\"url\":\"https:\/\/hobstop.ee\/lt\/\",\"name\":\"Skizze\",\"description\":\"Dail\u0117s, pom\u0117gi\u0173 ir mokykliniai reikm\u0117nys\",\"publisher\":{\"@id\":\"https:\/\/hobstop.ee\/lt\/#organization\"},\"potentialAction\":[{\"@type\":\"SearchAction\",\"target\":{\"@type\":\"EntryPoint\",\"urlTemplate\":\"https:\/\/hobstop.ee\/lt\/?s={search_term_string}\"},\"query-input\":{\"@type\":\"PropertyValueSpecification\",\"valueRequired\":true,\"valueName\":\"search_term_string\"}}],\"inLanguage\":\"lt\"},{\"@type\":\"Organization\",\"@id\":\"https:\/\/hobstop.ee\/lt\/#organization\",\"name\":\"Vunder AS\",\"url\":\"https:\/\/hobstop.ee\/lt\/\",\"logo\":{\"@type\":\"ImageObject\",\"inLanguage\":\"lt\",\"@id\":\"https:\/\/hobstop.ee\/lt\/#\/schema\/logo\/image\/\",\"url\":\"https:\/\/hobstop.ee\/media\/vunder-logo.png\",\"contentUrl\":\"https:\/\/hobstop.ee\/media\/vunder-logo.png\",\"width\":127,\"height\":55,\"caption\":\"Vunder AS\"},\"image\":{\"@id\":\"https:\/\/hobstop.ee\/lt\/#\/schema\/logo\/image\/\"},\"sameAs\":[\"http:\/\/www.facebook.com\/VunderSkizze\"]}]}<\/script>\n<!-- \/ Yoast SEO plugin. -->","yoast_head_json":{"title":"Tor\u0161eras Daylight Flexi-vision &#8211; Skizze","robots":{"index":"noindex","follow":"follow","max-snippet":"max-snippet:-1","max-image-preview":"max-image-preview:large","max-video-preview":"max-video-preview:-1"},"og_locale":"lt_LT","og_type":"article","og_title":"Tor\u0161eras Daylight Flexi-vision &#8211; Skizze","og_description":"\u0160is \u0161viestuvas yra skurtas intensyviai bendradarbiaujant su RNIB ir kitais silpnos regos asmenims skirt\u0173 produkt\u0173 gamintojais. Grind\u0173 \u0161viestuve \u201eFlexi-vision\u201c dera visos geriausios skaitymui skirt\u0173 \u0161viestuv\u0173 savyb\u0117s. 20W galios (atitinka 285W) dienos \u0161viesos ir energij\u0105 taupanti lemput\u0117 neakina ir pagerina kontrast\u0105, tod\u0117l skaityti ir ra\u0161yti gal\u0117site ilgiau ir patogiau. Nauja lankst\u0173 sistema ir lanksti kojel\u0117 leid\u017eia nukreipti \u0161viesos sraut\u0105 b\u016btent ten, kur jo reikia, o \u0161viestuv\u0105 galima pastatyti \u0161alia sofos arba ant stalo. Grind\u0173 \u0161viestuvas \u201eFlexi-vision\u201c yra vienas i\u0161 saugiausi\u0173 parduodam\u0173 produkt\u0173 \u2013 ai\u0161ki jungiklio pad\u0117tis, patvar\u016bs laido fiksatoriai ir ne\u012fkaistantis gaubtas.","og_url":"https:\/\/hobstop.ee\/lt\/produktas\/torseras-daylight-flexi-vision\/","og_site_name":"Skizze","article_publisher":"http:\/\/www.facebook.com\/VunderSkizze","twitter_card":"summary_large_image","twitter_misc":{"Est. reading time":"1 minute"},"schema":{"@context":"https:\/\/schema.org","@graph":[{"@type":"WebPage","@id":"https:\/\/hobstop.ee\/lt\/produktas\/torseras-daylight-flexi-vision\/","url":"https:\/\/hobstop.ee\/lt\/produktas\/torseras-daylight-flexi-vision\/","name":"Tor\u0161eras Daylight Flexi-vision &#8211; Skizze","isPartOf":{"@id":"https:\/\/hobstop.ee\/lt\/#website"},"datePublished":"2016-01-18T12:19:26+00:00","dateModified":"2016-01-18T12:19:26+00:00","breadcrumb":{"@id":"https:\/\/hobstop.ee\/lt\/produktas\/torseras-daylight-flexi-vision\/#breadcrumb"},"inLanguage":"lt","potentialAction":[{"@type":"ReadAction","target":["https:\/\/hobstop.ee\/lt\/produktas\/torseras-daylight-flexi-vision\/"]}]},{"@type":"BreadcrumbList","@id":"https:\/\/hobstop.ee\/lt\/produktas\/torseras-daylight-flexi-vision\/#breadcrumb","itemListElement":[{"@type":"ListItem","position":1,"name":"Avaleht","item":"https:\/\/hobstop.ee\/lt\/"},{"@type":"ListItem","position":2,"name":"Parduotuv\u0117","item":"https:\/\/hobstop.ee\/lt\/parduotuve\/"},{"@type":"ListItem","position":3,"name":"Tor\u0161eras Daylight Flexi-vision"}]},{"@type":"WebSite","@id":"https:\/\/hobstop.ee\/lt\/#website","url":"https:\/\/hobstop.ee\/lt\/","name":"Skizze","description":"Dail\u0117s, pom\u0117gi\u0173 ir mokykliniai reikm\u0117nys","publisher":{"@id":"https:\/\/hobstop.ee\/lt\/#organization"},"potentialAction":[{"@type":"SearchAction","target":{"@type":"EntryPoint","urlTemplate":"https:\/\/hobstop.ee\/lt\/?s={search_term_string}"},"query-input":{"@type":"PropertyValueSpecification","valueRequired":true,"valueName":"search_term_string"}}],"inLanguage":"lt"},{"@type":"Organization","@id":"https:\/\/hobstop.ee\/lt\/#organization","name":"Vunder AS","url":"https:\/\/hobstop.ee\/lt\/","logo":{"@type":"ImageObject","inLanguage":"lt","@id":"https:\/\/hobstop.ee\/lt\/#\/schema\/logo\/image\/","url":"https:\/\/hobstop.ee\/media\/vunder-logo.png","contentUrl":"https:\/\/hobstop.ee\/media\/vunder-logo.png","width":127,"height":55,"caption":"Vunder AS"},"image":{"@id":"https:\/\/hobstop.ee\/lt\/#\/schema\/logo\/image\/"},"sameAs":["http:\/\/www.facebook.com\/VunderSkizze"]}]}},"_links":{"self":[{"href":"https:\/\/hobstop.ee\/lt\/wp-json\/wp\/v2\/product\/245904","targetHints":{"allow":["GET"]}}],"collection":[{"href":"https:\/\/hobstop.ee\/lt\/wp-json\/wp\/v2\/product"}],"about":[{"href":"https:\/\/hobstop.ee\/lt\/wp-json\/wp\/v2\/types\/product"}],"replies":[{"embeddable":true,"href":"https:\/\/hobstop.ee\/lt\/wp-json\/wp\/v2\/comments?post=245904"}],"wp:attachment":[{"href":"https:\/\/hobstop.ee\/lt\/wp-json\/wp\/v2\/media?parent=245904"}],"wp:term":[{"taxonomy":"product_cat","embeddable":true,"href":"https:\/\/hobstop.ee\/lt\/wp-json\/wp\/v2\/product_cat?post=245904"},{"taxonomy":"product_tag","embeddable":true,"href":"https:\/\/hobstop.ee\/lt\/wp-json\/wp\/v2\/product_tag?post=245904"}],"curies":[{"name":"wp","href":"https:\/\/api.w.org\/{rel}","templated":true}]}}