{"id":245908,"date":"2016-01-18T14:19:28","date_gmt":"2016-01-18T12:19:28","guid":{"rendered":"http:\/\/www.vunder.ee\/lt\/product\/torseras-daylight-slimline-led\/"},"modified":"2016-01-18T14:19:28","modified_gmt":"2016-01-18T12:19:28","slug":"torseras-daylight-slimline-led","status":"publish","type":"product","link":"https:\/\/hobstop.ee\/lt\/produktas\/torseras-daylight-slimline-led\/","title":{"rendered":"Tor\u0161eras Daylight Slimline LED"},"content":{"rendered":"<p>Ap\u0161vieskite didelius darbo plotus \u2013 nam\u0173 biur\u0105, dirbtuv\u0119 ar gyvenamojo kambario sof\u0105. \u0160is puikus \u0161veistinio chromo \u0161viestuvas skleid\u017eia didel\u012f dienos \u0161viesos sraut\u0105, gerai ap\u0161vie\u010dia darbo ir skaitymo zonas. \u0160viestuve yra du unikal\u016bs lankstai, tod\u0117l \u0161viesos sraut\u0105 galima nukreipti b\u016btent ten, kur jo reikia. Plonas \u0161viesos spindulys puikiai ap\u0161vie\u010dia reikiam\u0105 viet\u0105, nemeta \u0161e\u0161\u0117lio. \u0160viestuve yra ry\u0161ki dienos \u0161viesos energij\u0105 taupanti ir akis tausojanti bei spalv\u0173 nei\u0161kreipianti LED lemput\u0117.<\/p>\n","protected":false},"excerpt":{"rendered":"<p>Ap\u0161vieskite didelius darbo plotus \u2013 nam\u0173 biur\u0105, dirbtuv\u0119 ar gyvenamojo kambario sof\u0105. \u0160is puikus \u0161veistinio chromo \u0161viestuvas skleid\u017eia didel\u012f dienos \u0161viesos sraut\u0105, gerai ap\u0161vie\u010dia darbo ir skaitymo zonas. \u0160viestuve yra du unikal\u016bs lankstai, tod\u0117l \u0161viesos sraut\u0105 galima nukreipti b\u016btent ten, kur jo reikia. Plonas \u0161viesos spindulys puikiai ap\u0161vie\u010dia reikiam\u0105 viet\u0105, nemeta \u0161e\u0161\u0117lio. \u0160viestuve yra ry\u0161ki dienos \u0161viesos energij\u0105 taupanti ir akis tausojanti bei spalv\u0173 nei\u0161kreipianti LED lemput\u0117.<\/p>\n","protected":false},"featured_media":0,"comment_status":"closed","ping_status":"closed","template":"","meta":{"_acf_changed":false,"ep_exclude_from_search":false},"product_cat":[18799,19703],"product_tag":[],"class_list":{"0":"post-245908","1":"product","2":"type-product","3":"status-publish","5":"product_cat-sviestuvai-2","6":"product_cat-torserai-2","8":"first","9":"instock","10":"taxable","11":"shipping-taxable","12":"purchasable","13":"product-type-simple"},"acf":[],"yoast_head":"<!-- This site is optimized with the Yoast SEO plugin v24.1 - https:\/\/yoast.com\/wordpress\/plugins\/seo\/ -->\n<title>Tor\u0161eras Daylight Slimline LED &#8211; Skizze<\/title>\n<meta name=\"robots\" content=\"noindex, follow, max-snippet:-1, max-image-preview:large, max-video-preview:-1\" \/>\n<meta property=\"og:locale\" content=\"lt_LT\" \/>\n<meta property=\"og:type\" content=\"article\" \/>\n<meta property=\"og:title\" content=\"Tor\u0161eras Daylight Slimline LED &#8211; Skizze\" \/>\n<meta property=\"og:description\" content=\"Ap\u0161vieskite didelius darbo plotus \u2013 nam\u0173 biur\u0105, dirbtuv\u0119 ar gyvenamojo kambario sof\u0105. \u0160is puikus \u0161veistinio chromo \u0161viestuvas skleid\u017eia didel\u012f dienos \u0161viesos sraut\u0105, gerai ap\u0161vie\u010dia darbo ir skaitymo zonas. \u0160viestuve yra du unikal\u016bs lankstai, tod\u0117l \u0161viesos sraut\u0105 galima nukreipti b\u016btent ten, kur jo reikia. Plonas \u0161viesos spindulys puikiai ap\u0161vie\u010dia reikiam\u0105 viet\u0105, nemeta \u0161e\u0161\u0117lio. \u0160viestuve yra ry\u0161ki dienos \u0161viesos energij\u0105 taupanti ir akis tausojanti bei spalv\u0173 nei\u0161kreipianti LED lemput\u0117.\" \/>\n<meta property=\"og:url\" content=\"https:\/\/hobstop.ee\/lt\/produktas\/torseras-daylight-slimline-led\/\" \/>\n<meta property=\"og:site_name\" content=\"Skizze\" \/>\n<meta property=\"article:publisher\" content=\"http:\/\/www.facebook.com\/VunderSkizze\" \/>\n<meta name=\"twitter:card\" content=\"summary_large_image\" \/>\n<script type=\"application\/ld+json\" class=\"yoast-schema-graph\">{\"@context\":\"https:\/\/schema.org\",\"@graph\":[{\"@type\":\"WebPage\",\"@id\":\"https:\/\/hobstop.ee\/lt\/produktas\/torseras-daylight-slimline-led\/\",\"url\":\"https:\/\/hobstop.ee\/lt\/produktas\/torseras-daylight-slimline-led\/\",\"name\":\"Tor\u0161eras Daylight Slimline LED &#8211; Skizze\",\"isPartOf\":{\"@id\":\"https:\/\/hobstop.ee\/lt\/#website\"},\"datePublished\":\"2016-01-18T12:19:28+00:00\",\"dateModified\":\"2016-01-18T12:19:28+00:00\",\"breadcrumb\":{\"@id\":\"https:\/\/hobstop.ee\/lt\/produktas\/torseras-daylight-slimline-led\/#breadcrumb\"},\"inLanguage\":\"lt\",\"potentialAction\":[{\"@type\":\"ReadAction\",\"target\":[\"https:\/\/hobstop.ee\/lt\/produktas\/torseras-daylight-slimline-led\/\"]}]},{\"@type\":\"BreadcrumbList\",\"@id\":\"https:\/\/hobstop.ee\/lt\/produktas\/torseras-daylight-slimline-led\/#breadcrumb\",\"itemListElement\":[{\"@type\":\"ListItem\",\"position\":1,\"name\":\"Avaleht\",\"item\":\"https:\/\/hobstop.ee\/lt\/\"},{\"@type\":\"ListItem\",\"position\":2,\"name\":\"Parduotuv\u0117\",\"item\":\"https:\/\/hobstop.ee\/lt\/parduotuve\/\"},{\"@type\":\"ListItem\",\"position\":3,\"name\":\"Tor\u0161eras Daylight Slimline LED\"}]},{\"@type\":\"WebSite\",\"@id\":\"https:\/\/hobstop.ee\/lt\/#website\",\"url\":\"https:\/\/hobstop.ee\/lt\/\",\"name\":\"Skizze\",\"description\":\"Dail\u0117s, pom\u0117gi\u0173 ir mokykliniai reikm\u0117nys\",\"publisher\":{\"@id\":\"https:\/\/hobstop.ee\/lt\/#organization\"},\"potentialAction\":[{\"@type\":\"SearchAction\",\"target\":{\"@type\":\"EntryPoint\",\"urlTemplate\":\"https:\/\/hobstop.ee\/lt\/?s={search_term_string}\"},\"query-input\":{\"@type\":\"PropertyValueSpecification\",\"valueRequired\":true,\"valueName\":\"search_term_string\"}}],\"inLanguage\":\"lt\"},{\"@type\":\"Organization\",\"@id\":\"https:\/\/hobstop.ee\/lt\/#organization\",\"name\":\"Vunder AS\",\"url\":\"https:\/\/hobstop.ee\/lt\/\",\"logo\":{\"@type\":\"ImageObject\",\"inLanguage\":\"lt\",\"@id\":\"https:\/\/hobstop.ee\/lt\/#\/schema\/logo\/image\/\",\"url\":\"https:\/\/hobstop.ee\/media\/vunder-logo.png\",\"contentUrl\":\"https:\/\/hobstop.ee\/media\/vunder-logo.png\",\"width\":127,\"height\":55,\"caption\":\"Vunder AS\"},\"image\":{\"@id\":\"https:\/\/hobstop.ee\/lt\/#\/schema\/logo\/image\/\"},\"sameAs\":[\"http:\/\/www.facebook.com\/VunderSkizze\"]}]}<\/script>\n<!-- \/ Yoast SEO plugin. -->","yoast_head_json":{"title":"Tor\u0161eras Daylight Slimline LED &#8211; Skizze","robots":{"index":"noindex","follow":"follow","max-snippet":"max-snippet:-1","max-image-preview":"max-image-preview:large","max-video-preview":"max-video-preview:-1"},"og_locale":"lt_LT","og_type":"article","og_title":"Tor\u0161eras Daylight Slimline LED &#8211; Skizze","og_description":"Ap\u0161vieskite didelius darbo plotus \u2013 nam\u0173 biur\u0105, dirbtuv\u0119 ar gyvenamojo kambario sof\u0105. \u0160is puikus \u0161veistinio chromo \u0161viestuvas skleid\u017eia didel\u012f dienos \u0161viesos sraut\u0105, gerai ap\u0161vie\u010dia darbo ir skaitymo zonas. \u0160viestuve yra du unikal\u016bs lankstai, tod\u0117l \u0161viesos sraut\u0105 galima nukreipti b\u016btent ten, kur jo reikia. Plonas \u0161viesos spindulys puikiai ap\u0161vie\u010dia reikiam\u0105 viet\u0105, nemeta \u0161e\u0161\u0117lio. \u0160viestuve yra ry\u0161ki dienos \u0161viesos energij\u0105 taupanti ir akis tausojanti bei spalv\u0173 nei\u0161kreipianti LED lemput\u0117.","og_url":"https:\/\/hobstop.ee\/lt\/produktas\/torseras-daylight-slimline-led\/","og_site_name":"Skizze","article_publisher":"http:\/\/www.facebook.com\/VunderSkizze","twitter_card":"summary_large_image","schema":{"@context":"https:\/\/schema.org","@graph":[{"@type":"WebPage","@id":"https:\/\/hobstop.ee\/lt\/produktas\/torseras-daylight-slimline-led\/","url":"https:\/\/hobstop.ee\/lt\/produktas\/torseras-daylight-slimline-led\/","name":"Tor\u0161eras Daylight Slimline LED &#8211; Skizze","isPartOf":{"@id":"https:\/\/hobstop.ee\/lt\/#website"},"datePublished":"2016-01-18T12:19:28+00:00","dateModified":"2016-01-18T12:19:28+00:00","breadcrumb":{"@id":"https:\/\/hobstop.ee\/lt\/produktas\/torseras-daylight-slimline-led\/#breadcrumb"},"inLanguage":"lt","potentialAction":[{"@type":"ReadAction","target":["https:\/\/hobstop.ee\/lt\/produktas\/torseras-daylight-slimline-led\/"]}]},{"@type":"BreadcrumbList","@id":"https:\/\/hobstop.ee\/lt\/produktas\/torseras-daylight-slimline-led\/#breadcrumb","itemListElement":[{"@type":"ListItem","position":1,"name":"Avaleht","item":"https:\/\/hobstop.ee\/lt\/"},{"@type":"ListItem","position":2,"name":"Parduotuv\u0117","item":"https:\/\/hobstop.ee\/lt\/parduotuve\/"},{"@type":"ListItem","position":3,"name":"Tor\u0161eras Daylight Slimline LED"}]},{"@type":"WebSite","@id":"https:\/\/hobstop.ee\/lt\/#website","url":"https:\/\/hobstop.ee\/lt\/","name":"Skizze","description":"Dail\u0117s, pom\u0117gi\u0173 ir mokykliniai reikm\u0117nys","publisher":{"@id":"https:\/\/hobstop.ee\/lt\/#organization"},"potentialAction":[{"@type":"SearchAction","target":{"@type":"EntryPoint","urlTemplate":"https:\/\/hobstop.ee\/lt\/?s={search_term_string}"},"query-input":{"@type":"PropertyValueSpecification","valueRequired":true,"valueName":"search_term_string"}}],"inLanguage":"lt"},{"@type":"Organization","@id":"https:\/\/hobstop.ee\/lt\/#organization","name":"Vunder AS","url":"https:\/\/hobstop.ee\/lt\/","logo":{"@type":"ImageObject","inLanguage":"lt","@id":"https:\/\/hobstop.ee\/lt\/#\/schema\/logo\/image\/","url":"https:\/\/hobstop.ee\/media\/vunder-logo.png","contentUrl":"https:\/\/hobstop.ee\/media\/vunder-logo.png","width":127,"height":55,"caption":"Vunder AS"},"image":{"@id":"https:\/\/hobstop.ee\/lt\/#\/schema\/logo\/image\/"},"sameAs":["http:\/\/www.facebook.com\/VunderSkizze"]}]}},"_links":{"self":[{"href":"https:\/\/hobstop.ee\/lt\/wp-json\/wp\/v2\/product\/245908","targetHints":{"allow":["GET"]}}],"collection":[{"href":"https:\/\/hobstop.ee\/lt\/wp-json\/wp\/v2\/product"}],"about":[{"href":"https:\/\/hobstop.ee\/lt\/wp-json\/wp\/v2\/types\/product"}],"replies":[{"embeddable":true,"href":"https:\/\/hobstop.ee\/lt\/wp-json\/wp\/v2\/comments?post=245908"}],"wp:attachment":[{"href":"https:\/\/hobstop.ee\/lt\/wp-json\/wp\/v2\/media?parent=245908"}],"wp:term":[{"taxonomy":"product_cat","embeddable":true,"href":"https:\/\/hobstop.ee\/lt\/wp-json\/wp\/v2\/product_cat?post=245908"},{"taxonomy":"product_tag","embeddable":true,"href":"https:\/\/hobstop.ee\/lt\/wp-json\/wp\/v2\/product_tag?post=245908"}],"curies":[{"name":"wp","href":"https:\/\/api.w.org\/{rel}","templated":true}]}}