{"id":246028,"date":"2016-01-19T10:22:42","date_gmt":"2016-01-19T08:22:42","guid":{"rendered":"http:\/\/www.vunder.ee\/lt\/product\/zymeklis-winsornewton-promarker-rinkinys\/"},"modified":"2016-01-19T10:22:42","modified_gmt":"2016-01-19T08:22:42","slug":"zymeklis-winsornewton-promarker-rinkinys","status":"publish","type":"product","link":"https:\/\/hobstop.ee\/lt\/produktas\/zymeklis-winsornewton-promarker-rinkinys\/","title":{"rendered":"\u017dymeklis Winsor&#038;Newton Promarker rinkinys"},"content":{"rendered":"<p>Markeriais \u201eWinsor&#038;Newton Promarker\u201c galima spalvoti itin tiksliai, jie puikiai dengia. Markeriai netepa. \u201ePromarker\u201c markeriai  yra puiki darbo priemon\u0117 dizaineriams, iliustratoriams, komiks\u0173 pie\u0161\u0117jams ir rankdarbi\u0173 m\u0117g\u0117jams. Auk\u0161tos kokyb\u0117s, pagaminti alkoholio pagrindu permanentinio tu\u0161o markeriai turi du galiukus: nuskelbt\u0105 plat\u0173 ir plon\u0105 apval\u0173. Tu\u0161as yra permanentinis, juo tinka pie\u0161ti ant popieriaus, stiklo, plastiko, keramikos, medienos ir metalo. Per\u0161vie\u010diamomis spalvomis galima pie\u0161ti keliais sluoksniais, jas sulieti, sukurti \u012fvairius \u0161e\u0161\u0117lius ir atspalvius. U\u017espaud\u017eiamas \u201eClick-fit\u201c dangtelis (u\u017espaudus turi pasigirsti spragtel\u0117jimas) saugo markerius  nuo i\u0161d\u017eiuvimo.<\/p>\n","protected":false},"excerpt":{"rendered":"<p>Markeriais \u201eWinsor&#038;Newton Promarker\u201c galima spalvoti itin tiksliai, jie puikiai dengia. Markeriai netepa. \u201ePromarker\u201c markeriai yra puiki darbo priemon\u0117 dizaineriams, iliustratoriams, komiks\u0173 pie\u0161\u0117jams ir rankdarbi\u0173 m\u0117g\u0117jams. Auk\u0161tos kokyb\u0117s, pagaminti alkoholio pagrindu permanentinio tu\u0161o markeriai turi du galiukus: nuskelbt\u0105 plat\u0173 ir plon\u0105 apval\u0173. Tu\u0161as yra permanentinis, juo tinka pie\u0161ti ant popieriaus, stiklo, plastiko, keramikos, medienos ir metalo. Per\u0161vie\u010diamomis spalvomis galima pie\u0161ti keliais sluoksniais, jas sulieti, sukurti \u012fvairius \u0161e\u0161\u0117lius ir atspalvius. U\u017espaud\u017eiamas \u201eClick-fit\u201c dangtelis (u\u017espaudus turi pasigirsti spragtel\u0117jimas) saugo markerius nuo i\u0161d\u017eiuvimo.<\/p>\n","protected":false},"featured_media":353904,"comment_status":"closed","ping_status":"closed","template":"","meta":{"_acf_changed":false,"ep_exclude_from_search":false},"product_cat":[16124,15011,18932],"product_tag":[],"class_list":{"0":"post-246028","1":"product","2":"type-product","3":"status-publish","4":"has-post-thumbnail","6":"product_cat-dailes-prekes","7":"product_cat-flomasteriai-ir-zymekliai-2","8":"product_cat-piesimo-reikmenys-3","10":"first","11":"instock","12":"taxable","13":"shipping-taxable","14":"purchasable","15":"product-type-simple"},"acf":[],"yoast_head":"<!-- This site is optimized with the Yoast SEO plugin v24.1 - https:\/\/yoast.com\/wordpress\/plugins\/seo\/ -->\n<title>\u017dymeklis Winsor&amp;Newton Promarker rinkinys &#8211; Skizze<\/title>\n<meta name=\"robots\" content=\"noindex, follow, max-snippet:-1, max-image-preview:large, max-video-preview:-1\" \/>\n<meta property=\"og:locale\" content=\"lt_LT\" \/>\n<meta property=\"og:type\" content=\"article\" \/>\n<meta property=\"og:title\" content=\"\u017dymeklis Winsor&amp;Newton Promarker rinkinys &#8211; Skizze\" \/>\n<meta property=\"og:description\" content=\"Markeriais \u201eWinsor&#038;Newton Promarker\u201c galima spalvoti itin tiksliai, jie puikiai dengia. Markeriai netepa. \u201ePromarker\u201c markeriai yra puiki darbo priemon\u0117 dizaineriams, iliustratoriams, komiks\u0173 pie\u0161\u0117jams ir rankdarbi\u0173 m\u0117g\u0117jams. Auk\u0161tos kokyb\u0117s, pagaminti alkoholio pagrindu permanentinio tu\u0161o markeriai turi du galiukus: nuskelbt\u0105 plat\u0173 ir plon\u0105 apval\u0173. Tu\u0161as yra permanentinis, juo tinka pie\u0161ti ant popieriaus, stiklo, plastiko, keramikos, medienos ir metalo. Per\u0161vie\u010diamomis spalvomis galima pie\u0161ti keliais sluoksniais, jas sulieti, sukurti \u012fvairius \u0161e\u0161\u0117lius ir atspalvius. U\u017espaud\u017eiamas \u201eClick-fit\u201c dangtelis (u\u017espaudus turi pasigirsti spragtel\u0117jimas) saugo markerius nuo i\u0161d\u017eiuvimo.\" \/>\n<meta property=\"og:url\" content=\"https:\/\/hobstop.ee\/lt\/produktas\/zymeklis-winsornewton-promarker-rinkinys\/\" \/>\n<meta property=\"og:site_name\" content=\"Skizze\" \/>\n<meta property=\"article:publisher\" content=\"http:\/\/www.facebook.com\/VunderSkizze\" \/>\n<meta property=\"og:image\" content=\"https:\/\/hobstop.ee\/media\/4111.jpg\" \/>\n\t<meta property=\"og:image:width\" content=\"1024\" \/>\n\t<meta property=\"og:image:height\" content=\"768\" \/>\n\t<meta property=\"og:image:type\" content=\"image\/jpeg\" \/>\n<meta name=\"twitter:card\" content=\"summary_large_image\" \/>\n<script type=\"application\/ld+json\" class=\"yoast-schema-graph\">{\"@context\":\"https:\/\/schema.org\",\"@graph\":[{\"@type\":\"WebPage\",\"@id\":\"https:\/\/hobstop.ee\/lt\/produktas\/zymeklis-winsornewton-promarker-rinkinys\/\",\"url\":\"https:\/\/hobstop.ee\/lt\/produktas\/zymeklis-winsornewton-promarker-rinkinys\/\",\"name\":\"\u017dymeklis Winsor&Newton Promarker rinkinys &#8211; Skizze\",\"isPartOf\":{\"@id\":\"https:\/\/www.hobstop.ee\/lt\/#website\"},\"primaryImageOfPage\":{\"@id\":\"https:\/\/hobstop.ee\/lt\/produktas\/zymeklis-winsornewton-promarker-rinkinys\/#primaryimage\"},\"image\":{\"@id\":\"https:\/\/hobstop.ee\/lt\/produktas\/zymeklis-winsornewton-promarker-rinkinys\/#primaryimage\"},\"thumbnailUrl\":\"https:\/\/hobstop.ee\/media\/4111.jpg\",\"datePublished\":\"2016-01-19T08:22:42+00:00\",\"dateModified\":\"2016-01-19T08:22:42+00:00\",\"breadcrumb\":{\"@id\":\"https:\/\/hobstop.ee\/lt\/produktas\/zymeklis-winsornewton-promarker-rinkinys\/#breadcrumb\"},\"inLanguage\":\"lt\",\"potentialAction\":[{\"@type\":\"ReadAction\",\"target\":[\"https:\/\/hobstop.ee\/lt\/produktas\/zymeklis-winsornewton-promarker-rinkinys\/\"]}]},{\"@type\":\"ImageObject\",\"inLanguage\":\"lt\",\"@id\":\"https:\/\/hobstop.ee\/lt\/produktas\/zymeklis-winsornewton-promarker-rinkinys\/#primaryimage\",\"url\":\"https:\/\/hobstop.ee\/media\/4111.jpg\",\"contentUrl\":\"https:\/\/hobstop.ee\/media\/4111.jpg\",\"width\":1024,\"height\":768},{\"@type\":\"BreadcrumbList\",\"@id\":\"https:\/\/hobstop.ee\/lt\/produktas\/zymeklis-winsornewton-promarker-rinkinys\/#breadcrumb\",\"itemListElement\":[{\"@type\":\"ListItem\",\"position\":1,\"name\":\"Avaleht\",\"item\":\"https:\/\/hobstop.ee\/lt\/\"},{\"@type\":\"ListItem\",\"position\":2,\"name\":\"Parduotuv\u0117\",\"item\":\"https:\/\/www.hobstop.ee\/lt\/parduotuve\/\"},{\"@type\":\"ListItem\",\"position\":3,\"name\":\"\u017dymeklis Winsor&#038;Newton Promarker rinkinys\"}]},{\"@type\":\"WebSite\",\"@id\":\"https:\/\/www.hobstop.ee\/lt\/#website\",\"url\":\"https:\/\/www.hobstop.ee\/lt\/\",\"name\":\"Skizze\",\"description\":\"Dail\u0117s, pom\u0117gi\u0173 ir mokykliniai reikm\u0117nys\",\"publisher\":{\"@id\":\"https:\/\/www.hobstop.ee\/lt\/#organization\"},\"potentialAction\":[{\"@type\":\"SearchAction\",\"target\":{\"@type\":\"EntryPoint\",\"urlTemplate\":\"https:\/\/www.hobstop.ee\/lt\/?s={search_term_string}\"},\"query-input\":{\"@type\":\"PropertyValueSpecification\",\"valueRequired\":true,\"valueName\":\"search_term_string\"}}],\"inLanguage\":\"lt\"},{\"@type\":\"Organization\",\"@id\":\"https:\/\/www.hobstop.ee\/lt\/#organization\",\"name\":\"Vunder AS\",\"url\":\"https:\/\/www.hobstop.ee\/lt\/\",\"logo\":{\"@type\":\"ImageObject\",\"inLanguage\":\"lt\",\"@id\":\"https:\/\/www.hobstop.ee\/lt\/#\/schema\/logo\/image\/\",\"url\":\"https:\/\/hobstop.ee\/media\/vunder-logo.png\",\"contentUrl\":\"https:\/\/hobstop.ee\/media\/vunder-logo.png\",\"width\":127,\"height\":55,\"caption\":\"Vunder AS\"},\"image\":{\"@id\":\"https:\/\/www.hobstop.ee\/lt\/#\/schema\/logo\/image\/\"},\"sameAs\":[\"http:\/\/www.facebook.com\/VunderSkizze\"]}]}<\/script>\n<!-- \/ Yoast SEO plugin. -->","yoast_head_json":{"title":"\u017dymeklis Winsor&Newton Promarker rinkinys &#8211; Skizze","robots":{"index":"noindex","follow":"follow","max-snippet":"max-snippet:-1","max-image-preview":"max-image-preview:large","max-video-preview":"max-video-preview:-1"},"og_locale":"lt_LT","og_type":"article","og_title":"\u017dymeklis Winsor&Newton Promarker rinkinys &#8211; Skizze","og_description":"Markeriais \u201eWinsor&#038;Newton Promarker\u201c galima spalvoti itin tiksliai, jie puikiai dengia. Markeriai netepa. \u201ePromarker\u201c markeriai yra puiki darbo priemon\u0117 dizaineriams, iliustratoriams, komiks\u0173 pie\u0161\u0117jams ir rankdarbi\u0173 m\u0117g\u0117jams. Auk\u0161tos kokyb\u0117s, pagaminti alkoholio pagrindu permanentinio tu\u0161o markeriai turi du galiukus: nuskelbt\u0105 plat\u0173 ir plon\u0105 apval\u0173. Tu\u0161as yra permanentinis, juo tinka pie\u0161ti ant popieriaus, stiklo, plastiko, keramikos, medienos ir metalo. Per\u0161vie\u010diamomis spalvomis galima pie\u0161ti keliais sluoksniais, jas sulieti, sukurti \u012fvairius \u0161e\u0161\u0117lius ir atspalvius. U\u017espaud\u017eiamas \u201eClick-fit\u201c dangtelis (u\u017espaudus turi pasigirsti spragtel\u0117jimas) saugo markerius nuo i\u0161d\u017eiuvimo.","og_url":"https:\/\/hobstop.ee\/lt\/produktas\/zymeklis-winsornewton-promarker-rinkinys\/","og_site_name":"Skizze","article_publisher":"http:\/\/www.facebook.com\/VunderSkizze","og_image":[{"width":1024,"height":768,"url":"https:\/\/hobstop.ee\/media\/4111.jpg","type":"image\/jpeg"}],"twitter_card":"summary_large_image","schema":{"@context":"https:\/\/schema.org","@graph":[{"@type":"WebPage","@id":"https:\/\/hobstop.ee\/lt\/produktas\/zymeklis-winsornewton-promarker-rinkinys\/","url":"https:\/\/hobstop.ee\/lt\/produktas\/zymeklis-winsornewton-promarker-rinkinys\/","name":"\u017dymeklis Winsor&Newton Promarker rinkinys &#8211; Skizze","isPartOf":{"@id":"https:\/\/www.hobstop.ee\/lt\/#website"},"primaryImageOfPage":{"@id":"https:\/\/hobstop.ee\/lt\/produktas\/zymeklis-winsornewton-promarker-rinkinys\/#primaryimage"},"image":{"@id":"https:\/\/hobstop.ee\/lt\/produktas\/zymeklis-winsornewton-promarker-rinkinys\/#primaryimage"},"thumbnailUrl":"https:\/\/hobstop.ee\/media\/4111.jpg","datePublished":"2016-01-19T08:22:42+00:00","dateModified":"2016-01-19T08:22:42+00:00","breadcrumb":{"@id":"https:\/\/hobstop.ee\/lt\/produktas\/zymeklis-winsornewton-promarker-rinkinys\/#breadcrumb"},"inLanguage":"lt","potentialAction":[{"@type":"ReadAction","target":["https:\/\/hobstop.ee\/lt\/produktas\/zymeklis-winsornewton-promarker-rinkinys\/"]}]},{"@type":"ImageObject","inLanguage":"lt","@id":"https:\/\/hobstop.ee\/lt\/produktas\/zymeklis-winsornewton-promarker-rinkinys\/#primaryimage","url":"https:\/\/hobstop.ee\/media\/4111.jpg","contentUrl":"https:\/\/hobstop.ee\/media\/4111.jpg","width":1024,"height":768},{"@type":"BreadcrumbList","@id":"https:\/\/hobstop.ee\/lt\/produktas\/zymeklis-winsornewton-promarker-rinkinys\/#breadcrumb","itemListElement":[{"@type":"ListItem","position":1,"name":"Avaleht","item":"https:\/\/hobstop.ee\/lt\/"},{"@type":"ListItem","position":2,"name":"Parduotuv\u0117","item":"https:\/\/www.hobstop.ee\/lt\/parduotuve\/"},{"@type":"ListItem","position":3,"name":"\u017dymeklis Winsor&#038;Newton Promarker rinkinys"}]},{"@type":"WebSite","@id":"https:\/\/www.hobstop.ee\/lt\/#website","url":"https:\/\/www.hobstop.ee\/lt\/","name":"Skizze","description":"Dail\u0117s, pom\u0117gi\u0173 ir mokykliniai reikm\u0117nys","publisher":{"@id":"https:\/\/www.hobstop.ee\/lt\/#organization"},"potentialAction":[{"@type":"SearchAction","target":{"@type":"EntryPoint","urlTemplate":"https:\/\/www.hobstop.ee\/lt\/?s={search_term_string}"},"query-input":{"@type":"PropertyValueSpecification","valueRequired":true,"valueName":"search_term_string"}}],"inLanguage":"lt"},{"@type":"Organization","@id":"https:\/\/www.hobstop.ee\/lt\/#organization","name":"Vunder AS","url":"https:\/\/www.hobstop.ee\/lt\/","logo":{"@type":"ImageObject","inLanguage":"lt","@id":"https:\/\/www.hobstop.ee\/lt\/#\/schema\/logo\/image\/","url":"https:\/\/hobstop.ee\/media\/vunder-logo.png","contentUrl":"https:\/\/hobstop.ee\/media\/vunder-logo.png","width":127,"height":55,"caption":"Vunder AS"},"image":{"@id":"https:\/\/www.hobstop.ee\/lt\/#\/schema\/logo\/image\/"},"sameAs":["http:\/\/www.facebook.com\/VunderSkizze"]}]}},"_links":{"self":[{"href":"https:\/\/hobstop.ee\/lt\/wp-json\/wp\/v2\/product\/246028","targetHints":{"allow":["GET"]}}],"collection":[{"href":"https:\/\/hobstop.ee\/lt\/wp-json\/wp\/v2\/product"}],"about":[{"href":"https:\/\/hobstop.ee\/lt\/wp-json\/wp\/v2\/types\/product"}],"replies":[{"embeddable":true,"href":"https:\/\/hobstop.ee\/lt\/wp-json\/wp\/v2\/comments?post=246028"}],"wp:featuredmedia":[{"embeddable":true,"href":"https:\/\/hobstop.ee\/lt\/wp-json\/wp\/v2\/media\/353904"}],"wp:attachment":[{"href":"https:\/\/hobstop.ee\/lt\/wp-json\/wp\/v2\/media?parent=246028"}],"wp:term":[{"taxonomy":"product_cat","embeddable":true,"href":"https:\/\/hobstop.ee\/lt\/wp-json\/wp\/v2\/product_cat?post=246028"},{"taxonomy":"product_tag","embeddable":true,"href":"https:\/\/hobstop.ee\/lt\/wp-json\/wp\/v2\/product_tag?post=246028"}],"curies":[{"name":"wp","href":"https:\/\/api.w.org\/{rel}","templated":true}]}}