{"id":246032,"date":"2016-01-19T10:22:44","date_gmt":"2016-01-19T08:22:44","guid":{"rendered":"http:\/\/www.vunder.ee\/lt\/product\/zymeklis-winsornewton-brushmarker-rinkinys\/"},"modified":"2016-01-19T10:22:44","modified_gmt":"2016-01-19T08:22:44","slug":"zymeklis-winsornewton-brushmarker-rinkinys","status":"publish","type":"product","link":"https:\/\/hobstop.ee\/lt\/produktas\/zymeklis-winsornewton-brushmarker-rinkinys\/","title":{"rendered":"\u017dymeklis Winsor&#038;Newton Brushmarker rinkinys"},"content":{"rendered":"<p>Iliustratoriams skirtas universalus dviej\u0173 gal\u0173 markeris \u201eWinsor&#038;Newton Brushmarker\u201c su pla\u010diu galiuku ir labai patvariu teptuku kitame gale, u\u017etikrina itin auk\u0161t\u0105 pot\u0117pio tikslum\u0105 ir lanks\u010di\u0105 da\u017e\u0173 linij\u0105. Kulkos formos teptukas yra pagamintas i\u0161 labai patvari\u0173 kompozitini\u0173 dvigub\u0173 med\u017eiag\u0173. Itin universalus antgalis, leid\u017eiantis daryti \u012fvairius pot\u0117pius. Kitame teptuko gale esan\u010diu kalto formos pla\u010diu antgaliu galima greitai eskizuoti ir spalvinti didelius plotus. Markerio  tu\u0161as yra pagamintas alkoholio pagrindu, da\u017eai \u2013 i\u0161 auk\u0161\u010diausios r\u016b\u0161ies profesionaliems dailininkams skirt\u0173 pigment\u0173. D\u0117l min\u0117tos sud\u0117ties da\u017eais dengiama vienodu sluoksniu, o rezultatas yra labai lygus. Markeriu \u201eBrushmarker\u201c galima pie\u0161ti keliais spalv\u0173 sluoksniais, priklausomai nuo tu\u0161o dr\u0117gnumo, galima i\u0161gauti subtilius spalv\u0173 per\u0117jimus. U\u017espaud\u017eiamas \u201eClick-fit\u201c dangtelis (u\u017espaudus turi pasigirsti spragtel\u0117jimas) saugo markerius nuo i\u0161d\u017eiuvimo.<\/p>\n","protected":false},"excerpt":{"rendered":"<p>Iliustratoriams skirtas universalus dviej\u0173 gal\u0173 markeris \u201eWinsor&#038;Newton Brushmarker\u201c su pla\u010diu galiuku ir labai patvariu teptuku kitame gale, u\u017etikrina itin auk\u0161t\u0105 pot\u0117pio tikslum\u0105 ir lanks\u010di\u0105 da\u017e\u0173 linij\u0105. Kulkos formos teptukas yra pagamintas i\u0161 labai patvari\u0173 kompozitini\u0173 dvigub\u0173 med\u017eiag\u0173. Itin universalus antgalis, leid\u017eiantis daryti \u012fvairius pot\u0117pius. Kitame teptuko gale esan\u010diu kalto formos pla\u010diu antgaliu galima greitai eskizuoti ir spalvinti didelius plotus. Markerio tu\u0161as yra pagamintas alkoholio pagrindu, da\u017eai \u2013 i\u0161 auk\u0161\u010diausios r\u016b\u0161ies profesionaliems dailininkams skirt\u0173 pigment\u0173. D\u0117l min\u0117tos sud\u0117ties da\u017eais dengiama vienodu sluoksniu, o rezultatas yra labai lygus. Markeriu \u201eBrushmarker\u201c galima pie\u0161ti keliais spalv\u0173 sluoksniais, priklausomai nuo tu\u0161o dr\u0117gnumo, galima i\u0161gauti subtilius spalv\u0173 per\u0117jimus. U\u017espaud\u017eiamas \u201eClick-fit\u201c dangtelis (u\u017espaudus turi pasigirsti spragtel\u0117jimas) saugo markerius nuo i\u0161d\u017eiuvimo.<\/p>\n","protected":false},"featured_media":353260,"comment_status":"closed","ping_status":"closed","template":"","meta":{"_acf_changed":false,"ep_exclude_from_search":false},"product_cat":[16124,15011,18932],"product_tag":[],"class_list":{"0":"post-246032","1":"product","2":"type-product","3":"status-publish","4":"has-post-thumbnail","6":"product_cat-dailes-prekes","7":"product_cat-flomasteriai-ir-zymekliai-2","8":"product_cat-piesimo-reikmenys-3","10":"first","11":"instock","12":"taxable","13":"shipping-taxable","14":"purchasable","15":"product-type-simple"},"acf":[],"yoast_head":"<!-- This site is optimized with the Yoast SEO plugin v24.1 - https:\/\/yoast.com\/wordpress\/plugins\/seo\/ -->\n<title>\u017dymeklis Winsor&amp;Newton Brushmarker rinkinys &#8211; Skizze<\/title>\n<meta name=\"robots\" content=\"noindex, follow, max-snippet:-1, max-image-preview:large, max-video-preview:-1\" \/>\n<meta property=\"og:locale\" content=\"lt_LT\" \/>\n<meta property=\"og:type\" content=\"article\" \/>\n<meta property=\"og:title\" content=\"\u017dymeklis Winsor&amp;Newton Brushmarker rinkinys &#8211; Skizze\" \/>\n<meta property=\"og:description\" content=\"Iliustratoriams skirtas universalus dviej\u0173 gal\u0173 markeris \u201eWinsor&#038;Newton Brushmarker\u201c su pla\u010diu galiuku ir labai patvariu teptuku kitame gale, u\u017etikrina itin auk\u0161t\u0105 pot\u0117pio tikslum\u0105 ir lanks\u010di\u0105 da\u017e\u0173 linij\u0105. Kulkos formos teptukas yra pagamintas i\u0161 labai patvari\u0173 kompozitini\u0173 dvigub\u0173 med\u017eiag\u0173. Itin universalus antgalis, leid\u017eiantis daryti \u012fvairius pot\u0117pius. Kitame teptuko gale esan\u010diu kalto formos pla\u010diu antgaliu galima greitai eskizuoti ir spalvinti didelius plotus. Markerio tu\u0161as yra pagamintas alkoholio pagrindu, da\u017eai \u2013 i\u0161 auk\u0161\u010diausios r\u016b\u0161ies profesionaliems dailininkams skirt\u0173 pigment\u0173. D\u0117l min\u0117tos sud\u0117ties da\u017eais dengiama vienodu sluoksniu, o rezultatas yra labai lygus. Markeriu \u201eBrushmarker\u201c galima pie\u0161ti keliais spalv\u0173 sluoksniais, priklausomai nuo tu\u0161o dr\u0117gnumo, galima i\u0161gauti subtilius spalv\u0173 per\u0117jimus. U\u017espaud\u017eiamas \u201eClick-fit\u201c dangtelis (u\u017espaudus turi pasigirsti spragtel\u0117jimas) saugo markerius nuo i\u0161d\u017eiuvimo.\" \/>\n<meta property=\"og:url\" content=\"https:\/\/hobstop.ee\/lt\/produktas\/zymeklis-winsornewton-brushmarker-rinkinys\/\" \/>\n<meta property=\"og:site_name\" content=\"Skizze\" \/>\n<meta property=\"article:publisher\" content=\"http:\/\/www.facebook.com\/VunderSkizze\" \/>\n<meta property=\"og:image\" content=\"https:\/\/hobstop.ee\/media\/4112.jpg\" \/>\n\t<meta property=\"og:image:width\" content=\"1024\" \/>\n\t<meta property=\"og:image:height\" content=\"768\" \/>\n\t<meta property=\"og:image:type\" content=\"image\/jpeg\" \/>\n<meta name=\"twitter:card\" content=\"summary_large_image\" \/>\n<meta name=\"twitter:label1\" content=\"Est. reading time\" \/>\n\t<meta name=\"twitter:data1\" content=\"1 minute\" \/>\n<script type=\"application\/ld+json\" class=\"yoast-schema-graph\">{\"@context\":\"https:\/\/schema.org\",\"@graph\":[{\"@type\":\"WebPage\",\"@id\":\"https:\/\/hobstop.ee\/lt\/produktas\/zymeklis-winsornewton-brushmarker-rinkinys\/\",\"url\":\"https:\/\/hobstop.ee\/lt\/produktas\/zymeklis-winsornewton-brushmarker-rinkinys\/\",\"name\":\"\u017dymeklis Winsor&Newton Brushmarker rinkinys &#8211; Skizze\",\"isPartOf\":{\"@id\":\"https:\/\/www.hobstop.ee\/lt\/#website\"},\"primaryImageOfPage\":{\"@id\":\"https:\/\/hobstop.ee\/lt\/produktas\/zymeklis-winsornewton-brushmarker-rinkinys\/#primaryimage\"},\"image\":{\"@id\":\"https:\/\/hobstop.ee\/lt\/produktas\/zymeklis-winsornewton-brushmarker-rinkinys\/#primaryimage\"},\"thumbnailUrl\":\"https:\/\/hobstop.ee\/media\/4112.jpg\",\"datePublished\":\"2016-01-19T08:22:44+00:00\",\"dateModified\":\"2016-01-19T08:22:44+00:00\",\"breadcrumb\":{\"@id\":\"https:\/\/hobstop.ee\/lt\/produktas\/zymeklis-winsornewton-brushmarker-rinkinys\/#breadcrumb\"},\"inLanguage\":\"lt\",\"potentialAction\":[{\"@type\":\"ReadAction\",\"target\":[\"https:\/\/hobstop.ee\/lt\/produktas\/zymeklis-winsornewton-brushmarker-rinkinys\/\"]}]},{\"@type\":\"ImageObject\",\"inLanguage\":\"lt\",\"@id\":\"https:\/\/hobstop.ee\/lt\/produktas\/zymeklis-winsornewton-brushmarker-rinkinys\/#primaryimage\",\"url\":\"https:\/\/hobstop.ee\/media\/4112.jpg\",\"contentUrl\":\"https:\/\/hobstop.ee\/media\/4112.jpg\",\"width\":1024,\"height\":768},{\"@type\":\"BreadcrumbList\",\"@id\":\"https:\/\/hobstop.ee\/lt\/produktas\/zymeklis-winsornewton-brushmarker-rinkinys\/#breadcrumb\",\"itemListElement\":[{\"@type\":\"ListItem\",\"position\":1,\"name\":\"Avaleht\",\"item\":\"https:\/\/hobstop.ee\/lt\/\"},{\"@type\":\"ListItem\",\"position\":2,\"name\":\"Parduotuv\u0117\",\"item\":\"https:\/\/www.hobstop.ee\/lt\/parduotuve\/\"},{\"@type\":\"ListItem\",\"position\":3,\"name\":\"\u017dymeklis Winsor&#038;Newton Brushmarker rinkinys\"}]},{\"@type\":\"WebSite\",\"@id\":\"https:\/\/www.hobstop.ee\/lt\/#website\",\"url\":\"https:\/\/www.hobstop.ee\/lt\/\",\"name\":\"Skizze\",\"description\":\"Dail\u0117s, pom\u0117gi\u0173 ir mokykliniai reikm\u0117nys\",\"publisher\":{\"@id\":\"https:\/\/www.hobstop.ee\/lt\/#organization\"},\"potentialAction\":[{\"@type\":\"SearchAction\",\"target\":{\"@type\":\"EntryPoint\",\"urlTemplate\":\"https:\/\/www.hobstop.ee\/lt\/?s={search_term_string}\"},\"query-input\":{\"@type\":\"PropertyValueSpecification\",\"valueRequired\":true,\"valueName\":\"search_term_string\"}}],\"inLanguage\":\"lt\"},{\"@type\":\"Organization\",\"@id\":\"https:\/\/www.hobstop.ee\/lt\/#organization\",\"name\":\"Vunder AS\",\"url\":\"https:\/\/www.hobstop.ee\/lt\/\",\"logo\":{\"@type\":\"ImageObject\",\"inLanguage\":\"lt\",\"@id\":\"https:\/\/www.hobstop.ee\/lt\/#\/schema\/logo\/image\/\",\"url\":\"https:\/\/hobstop.ee\/media\/vunder-logo.png\",\"contentUrl\":\"https:\/\/hobstop.ee\/media\/vunder-logo.png\",\"width\":127,\"height\":55,\"caption\":\"Vunder AS\"},\"image\":{\"@id\":\"https:\/\/www.hobstop.ee\/lt\/#\/schema\/logo\/image\/\"},\"sameAs\":[\"http:\/\/www.facebook.com\/VunderSkizze\"]}]}<\/script>\n<!-- \/ Yoast SEO plugin. -->","yoast_head_json":{"title":"\u017dymeklis Winsor&Newton Brushmarker rinkinys &#8211; Skizze","robots":{"index":"noindex","follow":"follow","max-snippet":"max-snippet:-1","max-image-preview":"max-image-preview:large","max-video-preview":"max-video-preview:-1"},"og_locale":"lt_LT","og_type":"article","og_title":"\u017dymeklis Winsor&Newton Brushmarker rinkinys &#8211; Skizze","og_description":"Iliustratoriams skirtas universalus dviej\u0173 gal\u0173 markeris \u201eWinsor&#038;Newton Brushmarker\u201c su pla\u010diu galiuku ir labai patvariu teptuku kitame gale, u\u017etikrina itin auk\u0161t\u0105 pot\u0117pio tikslum\u0105 ir lanks\u010di\u0105 da\u017e\u0173 linij\u0105. Kulkos formos teptukas yra pagamintas i\u0161 labai patvari\u0173 kompozitini\u0173 dvigub\u0173 med\u017eiag\u0173. Itin universalus antgalis, leid\u017eiantis daryti \u012fvairius pot\u0117pius. Kitame teptuko gale esan\u010diu kalto formos pla\u010diu antgaliu galima greitai eskizuoti ir spalvinti didelius plotus. Markerio tu\u0161as yra pagamintas alkoholio pagrindu, da\u017eai \u2013 i\u0161 auk\u0161\u010diausios r\u016b\u0161ies profesionaliems dailininkams skirt\u0173 pigment\u0173. D\u0117l min\u0117tos sud\u0117ties da\u017eais dengiama vienodu sluoksniu, o rezultatas yra labai lygus. Markeriu \u201eBrushmarker\u201c galima pie\u0161ti keliais spalv\u0173 sluoksniais, priklausomai nuo tu\u0161o dr\u0117gnumo, galima i\u0161gauti subtilius spalv\u0173 per\u0117jimus. U\u017espaud\u017eiamas \u201eClick-fit\u201c dangtelis (u\u017espaudus turi pasigirsti spragtel\u0117jimas) saugo markerius nuo i\u0161d\u017eiuvimo.","og_url":"https:\/\/hobstop.ee\/lt\/produktas\/zymeklis-winsornewton-brushmarker-rinkinys\/","og_site_name":"Skizze","article_publisher":"http:\/\/www.facebook.com\/VunderSkizze","og_image":[{"width":1024,"height":768,"url":"https:\/\/hobstop.ee\/media\/4112.jpg","type":"image\/jpeg"}],"twitter_card":"summary_large_image","twitter_misc":{"Est. reading time":"1 minute"},"schema":{"@context":"https:\/\/schema.org","@graph":[{"@type":"WebPage","@id":"https:\/\/hobstop.ee\/lt\/produktas\/zymeklis-winsornewton-brushmarker-rinkinys\/","url":"https:\/\/hobstop.ee\/lt\/produktas\/zymeklis-winsornewton-brushmarker-rinkinys\/","name":"\u017dymeklis Winsor&Newton Brushmarker rinkinys &#8211; Skizze","isPartOf":{"@id":"https:\/\/www.hobstop.ee\/lt\/#website"},"primaryImageOfPage":{"@id":"https:\/\/hobstop.ee\/lt\/produktas\/zymeklis-winsornewton-brushmarker-rinkinys\/#primaryimage"},"image":{"@id":"https:\/\/hobstop.ee\/lt\/produktas\/zymeklis-winsornewton-brushmarker-rinkinys\/#primaryimage"},"thumbnailUrl":"https:\/\/hobstop.ee\/media\/4112.jpg","datePublished":"2016-01-19T08:22:44+00:00","dateModified":"2016-01-19T08:22:44+00:00","breadcrumb":{"@id":"https:\/\/hobstop.ee\/lt\/produktas\/zymeklis-winsornewton-brushmarker-rinkinys\/#breadcrumb"},"inLanguage":"lt","potentialAction":[{"@type":"ReadAction","target":["https:\/\/hobstop.ee\/lt\/produktas\/zymeklis-winsornewton-brushmarker-rinkinys\/"]}]},{"@type":"ImageObject","inLanguage":"lt","@id":"https:\/\/hobstop.ee\/lt\/produktas\/zymeklis-winsornewton-brushmarker-rinkinys\/#primaryimage","url":"https:\/\/hobstop.ee\/media\/4112.jpg","contentUrl":"https:\/\/hobstop.ee\/media\/4112.jpg","width":1024,"height":768},{"@type":"BreadcrumbList","@id":"https:\/\/hobstop.ee\/lt\/produktas\/zymeklis-winsornewton-brushmarker-rinkinys\/#breadcrumb","itemListElement":[{"@type":"ListItem","position":1,"name":"Avaleht","item":"https:\/\/hobstop.ee\/lt\/"},{"@type":"ListItem","position":2,"name":"Parduotuv\u0117","item":"https:\/\/www.hobstop.ee\/lt\/parduotuve\/"},{"@type":"ListItem","position":3,"name":"\u017dymeklis Winsor&#038;Newton Brushmarker rinkinys"}]},{"@type":"WebSite","@id":"https:\/\/www.hobstop.ee\/lt\/#website","url":"https:\/\/www.hobstop.ee\/lt\/","name":"Skizze","description":"Dail\u0117s, pom\u0117gi\u0173 ir mokykliniai reikm\u0117nys","publisher":{"@id":"https:\/\/www.hobstop.ee\/lt\/#organization"},"potentialAction":[{"@type":"SearchAction","target":{"@type":"EntryPoint","urlTemplate":"https:\/\/www.hobstop.ee\/lt\/?s={search_term_string}"},"query-input":{"@type":"PropertyValueSpecification","valueRequired":true,"valueName":"search_term_string"}}],"inLanguage":"lt"},{"@type":"Organization","@id":"https:\/\/www.hobstop.ee\/lt\/#organization","name":"Vunder AS","url":"https:\/\/www.hobstop.ee\/lt\/","logo":{"@type":"ImageObject","inLanguage":"lt","@id":"https:\/\/www.hobstop.ee\/lt\/#\/schema\/logo\/image\/","url":"https:\/\/hobstop.ee\/media\/vunder-logo.png","contentUrl":"https:\/\/hobstop.ee\/media\/vunder-logo.png","width":127,"height":55,"caption":"Vunder AS"},"image":{"@id":"https:\/\/www.hobstop.ee\/lt\/#\/schema\/logo\/image\/"},"sameAs":["http:\/\/www.facebook.com\/VunderSkizze"]}]}},"_links":{"self":[{"href":"https:\/\/hobstop.ee\/lt\/wp-json\/wp\/v2\/product\/246032","targetHints":{"allow":["GET"]}}],"collection":[{"href":"https:\/\/hobstop.ee\/lt\/wp-json\/wp\/v2\/product"}],"about":[{"href":"https:\/\/hobstop.ee\/lt\/wp-json\/wp\/v2\/types\/product"}],"replies":[{"embeddable":true,"href":"https:\/\/hobstop.ee\/lt\/wp-json\/wp\/v2\/comments?post=246032"}],"wp:featuredmedia":[{"embeddable":true,"href":"https:\/\/hobstop.ee\/lt\/wp-json\/wp\/v2\/media\/353260"}],"wp:attachment":[{"href":"https:\/\/hobstop.ee\/lt\/wp-json\/wp\/v2\/media?parent=246032"}],"wp:term":[{"taxonomy":"product_cat","embeddable":true,"href":"https:\/\/hobstop.ee\/lt\/wp-json\/wp\/v2\/product_cat?post=246032"},{"taxonomy":"product_tag","embeddable":true,"href":"https:\/\/hobstop.ee\/lt\/wp-json\/wp\/v2\/product_tag?post=246032"}],"curies":[{"name":"wp","href":"https:\/\/api.w.org\/{rel}","templated":true}]}}