{"id":24787,"date":"2014-12-09T13:01:35","date_gmt":"2014-12-09T11:01:35","guid":{"rendered":"https:\/\/sharks.ee\/vunder_2019.klient.veebimajutus.ee\/?post_type=product&#038;p=24787"},"modified":"2020-11-16T09:03:05","modified_gmt":"2020-11-16T07:03:05","slug":"akriliniai-dazai-liquitex-heavy-body-59ml","status":"publish","type":"product","link":"https:\/\/hobstop.ee\/lt\/produktas\/akriliniai-dazai-liquitex-heavy-body-59ml\/","title":{"rendered":"Akriliniai da\u017eai Liquitex Heavy Body 59ml"},"content":{"rendered":"<p>Profesional\u016bs akriliniai da\u017eai dailininkams \u201eLiquitex Heavy Body\u201c. Da\u017e\u0173 sud\u0117tyje yra daug ir \u0161varaus pigmento. Da\u017eai yra tir\u0161tos konsistencijos, puikiai tinka darbui su technika, kur naudojami teptukai ir mentel\u0117s. Da\u017euose matomi mentel\u0117s ir teptuko pot\u0117piai. Da\u017eus yra lengva naudoti, jie yra puikiai mai\u0161omi. D\u017eiuvimo laikas yra \u0161iek tiek ilgesnis nei \u012fprast\u0173 da\u017e\u0173. Daugelis spalv\u0173 yra labai atsparios \u0161viesai, sen\u0117jimui ir dulk\u0117ms. I\u0161d\u017eiuv\u0119 da\u017eai yra atspar\u016bs vandeniui.<\/p>\n","protected":false},"excerpt":{"rendered":"<p>Profesional\u016bs akriliniai da\u017eai dailininkams \u201eLiquitex Heavy Body\u201c. Da\u017e\u0173 sud\u0117tyje yra daug ir \u0161varaus pigmento. Da\u017eai yra tir\u0161tos konsistencijos, puikiai tinka darbui su technika, kur naudojami teptukai ir mentel\u0117s. Da\u017euose matomi mentel\u0117s ir teptuko pot\u0117piai. Da\u017eus yra lengva naudoti, jie yra puikiai mai\u0161omi. D\u017eiuvimo laikas yra \u0161iek tiek ilgesnis nei \u012fprast\u0173 da\u017e\u0173. Daugelis spalv\u0173 yra labai atsparios \u0161viesai, sen\u0117jimui ir dulk\u0117ms. I\u0161d\u017eiuv\u0119 da\u017eai yra atspar\u016bs vandeniui.<\/p>\n","protected":false},"featured_media":105563,"comment_status":"closed","ping_status":"closed","template":"","meta":{"_acf_changed":false,"ep_exclude_from_search":false},"product_cat":[18995,16124,17981],"product_tag":[],"class_list":{"0":"post-24787","1":"product","2":"type-product","3":"status-publish","4":"has-post-thumbnail","6":"product_cat-akriliniai-dazai-4","7":"product_cat-dailes-prekes","8":"product_cat-dazai-ir-priedai-tapybai","10":"first","11":"instock","12":"sale","13":"taxable","14":"shipping-taxable","15":"purchasable","16":"product-type-variable"},"acf":[],"yoast_head":"<!-- This site is optimized with the Yoast SEO plugin v24.1 - https:\/\/yoast.com\/wordpress\/plugins\/seo\/ -->\n<title>Akriliniai da\u017eai Liquitex Heavy Body 59ml &#8211; Skizze<\/title>\n<meta name=\"robots\" content=\"noindex, follow, max-snippet:-1, max-image-preview:large, max-video-preview:-1\" \/>\n<meta property=\"og:locale\" content=\"lt_LT\" \/>\n<meta property=\"og:type\" content=\"article\" \/>\n<meta property=\"og:title\" content=\"Akriliniai da\u017eai Liquitex Heavy Body 59ml &#8211; Skizze\" \/>\n<meta property=\"og:description\" content=\"Profesional\u016bs akriliniai da\u017eai dailininkams \u201eLiquitex Heavy Body\u201c. Da\u017e\u0173 sud\u0117tyje yra daug ir \u0161varaus pigmento. Da\u017eai yra tir\u0161tos konsistencijos, puikiai tinka darbui su technika, kur naudojami teptukai ir mentel\u0117s. Da\u017euose matomi mentel\u0117s ir teptuko pot\u0117piai. Da\u017eus yra lengva naudoti, jie yra puikiai mai\u0161omi. D\u017eiuvimo laikas yra \u0161iek tiek ilgesnis nei \u012fprast\u0173 da\u017e\u0173. Daugelis spalv\u0173 yra labai atsparios \u0161viesai, sen\u0117jimui ir dulk\u0117ms. I\u0161d\u017eiuv\u0119 da\u017eai yra atspar\u016bs vandeniui.\" \/>\n<meta property=\"og:url\" content=\"https:\/\/hobstop.ee\/lt\/produktas\/akriliniai-dazai-liquitex-heavy-body-59ml\/\" \/>\n<meta property=\"og:site_name\" content=\"Skizze\" \/>\n<meta property=\"article:publisher\" content=\"http:\/\/www.facebook.com\/VunderSkizze\" \/>\n<meta property=\"article:modified_time\" content=\"2020-11-16T07:03:05+00:00\" \/>\n<meta property=\"og:image\" content=\"https:\/\/www.hobstop.ee\/media\/2849.jpg\" \/>\n\t<meta property=\"og:image:width\" content=\"1024\" \/>\n\t<meta property=\"og:image:height\" content=\"768\" \/>\n\t<meta property=\"og:image:type\" content=\"image\/jpeg\" \/>\n<meta name=\"twitter:card\" content=\"summary_large_image\" \/>\n<script type=\"application\/ld+json\" class=\"yoast-schema-graph\">{\"@context\":\"https:\/\/schema.org\",\"@graph\":[{\"@type\":\"WebPage\",\"@id\":\"https:\/\/hobstop.ee\/lt\/produktas\/akriliniai-dazai-liquitex-heavy-body-59ml\/\",\"url\":\"https:\/\/hobstop.ee\/lt\/produktas\/akriliniai-dazai-liquitex-heavy-body-59ml\/\",\"name\":\"Akriliniai da\u017eai Liquitex Heavy Body 59ml &#8211; Skizze\",\"isPartOf\":{\"@id\":\"https:\/\/hobstop.ee\/lt\/#website\"},\"primaryImageOfPage\":{\"@id\":\"https:\/\/hobstop.ee\/lt\/produktas\/akriliniai-dazai-liquitex-heavy-body-59ml\/#primaryimage\"},\"image\":{\"@id\":\"https:\/\/hobstop.ee\/lt\/produktas\/akriliniai-dazai-liquitex-heavy-body-59ml\/#primaryimage\"},\"thumbnailUrl\":\"https:\/\/hobstop.ee\/media\/2849.jpg\",\"datePublished\":\"2014-12-09T11:01:35+00:00\",\"dateModified\":\"2020-11-16T07:03:05+00:00\",\"breadcrumb\":{\"@id\":\"https:\/\/hobstop.ee\/lt\/produktas\/akriliniai-dazai-liquitex-heavy-body-59ml\/#breadcrumb\"},\"inLanguage\":\"lt\",\"potentialAction\":[{\"@type\":\"ReadAction\",\"target\":[\"https:\/\/hobstop.ee\/lt\/produktas\/akriliniai-dazai-liquitex-heavy-body-59ml\/\"]}]},{\"@type\":\"ImageObject\",\"inLanguage\":\"lt\",\"@id\":\"https:\/\/hobstop.ee\/lt\/produktas\/akriliniai-dazai-liquitex-heavy-body-59ml\/#primaryimage\",\"url\":\"https:\/\/hobstop.ee\/media\/2849.jpg\",\"contentUrl\":\"https:\/\/hobstop.ee\/media\/2849.jpg\",\"width\":1024,\"height\":768},{\"@type\":\"BreadcrumbList\",\"@id\":\"https:\/\/hobstop.ee\/lt\/produktas\/akriliniai-dazai-liquitex-heavy-body-59ml\/#breadcrumb\",\"itemListElement\":[{\"@type\":\"ListItem\",\"position\":1,\"name\":\"Avaleht\",\"item\":\"https:\/\/hobstop.ee\/lt\/\"},{\"@type\":\"ListItem\",\"position\":2,\"name\":\"Parduotuv\u0117\",\"item\":\"https:\/\/hobstop.ee\/lt\/parduotuve\/\"},{\"@type\":\"ListItem\",\"position\":3,\"name\":\"Akriliniai da\u017eai Liquitex Heavy Body 59ml\"}]},{\"@type\":\"WebSite\",\"@id\":\"https:\/\/hobstop.ee\/lt\/#website\",\"url\":\"https:\/\/hobstop.ee\/lt\/\",\"name\":\"Skizze\",\"description\":\"Dail\u0117s, pom\u0117gi\u0173 ir mokykliniai reikm\u0117nys\",\"publisher\":{\"@id\":\"https:\/\/hobstop.ee\/lt\/#organization\"},\"potentialAction\":[{\"@type\":\"SearchAction\",\"target\":{\"@type\":\"EntryPoint\",\"urlTemplate\":\"https:\/\/hobstop.ee\/lt\/?s={search_term_string}\"},\"query-input\":{\"@type\":\"PropertyValueSpecification\",\"valueRequired\":true,\"valueName\":\"search_term_string\"}}],\"inLanguage\":\"lt\"},{\"@type\":\"Organization\",\"@id\":\"https:\/\/hobstop.ee\/lt\/#organization\",\"name\":\"Vunder AS\",\"url\":\"https:\/\/hobstop.ee\/lt\/\",\"logo\":{\"@type\":\"ImageObject\",\"inLanguage\":\"lt\",\"@id\":\"https:\/\/hobstop.ee\/lt\/#\/schema\/logo\/image\/\",\"url\":\"https:\/\/hobstop.ee\/media\/vunder-logo.png\",\"contentUrl\":\"https:\/\/hobstop.ee\/media\/vunder-logo.png\",\"width\":127,\"height\":55,\"caption\":\"Vunder AS\"},\"image\":{\"@id\":\"https:\/\/hobstop.ee\/lt\/#\/schema\/logo\/image\/\"},\"sameAs\":[\"http:\/\/www.facebook.com\/VunderSkizze\"]}]}<\/script>\n<!-- \/ Yoast SEO plugin. -->","yoast_head_json":{"title":"Akriliniai da\u017eai Liquitex Heavy Body 59ml &#8211; Skizze","robots":{"index":"noindex","follow":"follow","max-snippet":"max-snippet:-1","max-image-preview":"max-image-preview:large","max-video-preview":"max-video-preview:-1"},"og_locale":"lt_LT","og_type":"article","og_title":"Akriliniai da\u017eai Liquitex Heavy Body 59ml &#8211; Skizze","og_description":"Profesional\u016bs akriliniai da\u017eai dailininkams \u201eLiquitex Heavy Body\u201c. Da\u017e\u0173 sud\u0117tyje yra daug ir \u0161varaus pigmento. Da\u017eai yra tir\u0161tos konsistencijos, puikiai tinka darbui su technika, kur naudojami teptukai ir mentel\u0117s. Da\u017euose matomi mentel\u0117s ir teptuko pot\u0117piai. Da\u017eus yra lengva naudoti, jie yra puikiai mai\u0161omi. D\u017eiuvimo laikas yra \u0161iek tiek ilgesnis nei \u012fprast\u0173 da\u017e\u0173. Daugelis spalv\u0173 yra labai atsparios \u0161viesai, sen\u0117jimui ir dulk\u0117ms. I\u0161d\u017eiuv\u0119 da\u017eai yra atspar\u016bs vandeniui.","og_url":"https:\/\/hobstop.ee\/lt\/produktas\/akriliniai-dazai-liquitex-heavy-body-59ml\/","og_site_name":"Skizze","article_publisher":"http:\/\/www.facebook.com\/VunderSkizze","article_modified_time":"2020-11-16T07:03:05+00:00","og_image":[{"width":1024,"height":768,"url":"https:\/\/www.hobstop.ee\/media\/2849.jpg","type":"image\/jpeg"}],"twitter_card":"summary_large_image","schema":{"@context":"https:\/\/schema.org","@graph":[{"@type":"WebPage","@id":"https:\/\/hobstop.ee\/lt\/produktas\/akriliniai-dazai-liquitex-heavy-body-59ml\/","url":"https:\/\/hobstop.ee\/lt\/produktas\/akriliniai-dazai-liquitex-heavy-body-59ml\/","name":"Akriliniai da\u017eai Liquitex Heavy Body 59ml &#8211; Skizze","isPartOf":{"@id":"https:\/\/hobstop.ee\/lt\/#website"},"primaryImageOfPage":{"@id":"https:\/\/hobstop.ee\/lt\/produktas\/akriliniai-dazai-liquitex-heavy-body-59ml\/#primaryimage"},"image":{"@id":"https:\/\/hobstop.ee\/lt\/produktas\/akriliniai-dazai-liquitex-heavy-body-59ml\/#primaryimage"},"thumbnailUrl":"https:\/\/hobstop.ee\/media\/2849.jpg","datePublished":"2014-12-09T11:01:35+00:00","dateModified":"2020-11-16T07:03:05+00:00","breadcrumb":{"@id":"https:\/\/hobstop.ee\/lt\/produktas\/akriliniai-dazai-liquitex-heavy-body-59ml\/#breadcrumb"},"inLanguage":"lt","potentialAction":[{"@type":"ReadAction","target":["https:\/\/hobstop.ee\/lt\/produktas\/akriliniai-dazai-liquitex-heavy-body-59ml\/"]}]},{"@type":"ImageObject","inLanguage":"lt","@id":"https:\/\/hobstop.ee\/lt\/produktas\/akriliniai-dazai-liquitex-heavy-body-59ml\/#primaryimage","url":"https:\/\/hobstop.ee\/media\/2849.jpg","contentUrl":"https:\/\/hobstop.ee\/media\/2849.jpg","width":1024,"height":768},{"@type":"BreadcrumbList","@id":"https:\/\/hobstop.ee\/lt\/produktas\/akriliniai-dazai-liquitex-heavy-body-59ml\/#breadcrumb","itemListElement":[{"@type":"ListItem","position":1,"name":"Avaleht","item":"https:\/\/hobstop.ee\/lt\/"},{"@type":"ListItem","position":2,"name":"Parduotuv\u0117","item":"https:\/\/hobstop.ee\/lt\/parduotuve\/"},{"@type":"ListItem","position":3,"name":"Akriliniai da\u017eai Liquitex Heavy Body 59ml"}]},{"@type":"WebSite","@id":"https:\/\/hobstop.ee\/lt\/#website","url":"https:\/\/hobstop.ee\/lt\/","name":"Skizze","description":"Dail\u0117s, pom\u0117gi\u0173 ir mokykliniai reikm\u0117nys","publisher":{"@id":"https:\/\/hobstop.ee\/lt\/#organization"},"potentialAction":[{"@type":"SearchAction","target":{"@type":"EntryPoint","urlTemplate":"https:\/\/hobstop.ee\/lt\/?s={search_term_string}"},"query-input":{"@type":"PropertyValueSpecification","valueRequired":true,"valueName":"search_term_string"}}],"inLanguage":"lt"},{"@type":"Organization","@id":"https:\/\/hobstop.ee\/lt\/#organization","name":"Vunder AS","url":"https:\/\/hobstop.ee\/lt\/","logo":{"@type":"ImageObject","inLanguage":"lt","@id":"https:\/\/hobstop.ee\/lt\/#\/schema\/logo\/image\/","url":"https:\/\/hobstop.ee\/media\/vunder-logo.png","contentUrl":"https:\/\/hobstop.ee\/media\/vunder-logo.png","width":127,"height":55,"caption":"Vunder AS"},"image":{"@id":"https:\/\/hobstop.ee\/lt\/#\/schema\/logo\/image\/"},"sameAs":["http:\/\/www.facebook.com\/VunderSkizze"]}]}},"_links":{"self":[{"href":"https:\/\/hobstop.ee\/lt\/wp-json\/wp\/v2\/product\/24787","targetHints":{"allow":["GET"]}}],"collection":[{"href":"https:\/\/hobstop.ee\/lt\/wp-json\/wp\/v2\/product"}],"about":[{"href":"https:\/\/hobstop.ee\/lt\/wp-json\/wp\/v2\/types\/product"}],"replies":[{"embeddable":true,"href":"https:\/\/hobstop.ee\/lt\/wp-json\/wp\/v2\/comments?post=24787"}],"wp:featuredmedia":[{"embeddable":true,"href":"https:\/\/hobstop.ee\/lt\/wp-json\/wp\/v2\/media\/105563"}],"wp:attachment":[{"href":"https:\/\/hobstop.ee\/lt\/wp-json\/wp\/v2\/media?parent=24787"}],"wp:term":[{"taxonomy":"product_cat","embeddable":true,"href":"https:\/\/hobstop.ee\/lt\/wp-json\/wp\/v2\/product_cat?post=24787"},{"taxonomy":"product_tag","embeddable":true,"href":"https:\/\/hobstop.ee\/lt\/wp-json\/wp\/v2\/product_tag?post=24787"}],"curies":[{"name":"wp","href":"https:\/\/api.w.org\/{rel}","templated":true}]}}