{"id":248359,"date":"2016-02-15T15:35:03","date_gmt":"2016-02-15T13:35:03","guid":{"rendered":"https:\/\/sharks.ee\/vunder_2019\/lt\/product\/patvari-alyva-su-kietuoju-vasku-liberon-2-5l\/"},"modified":"2016-02-15T15:35:03","modified_gmt":"2016-02-15T13:35:03","slug":"patvari-alyva-su-kietuoju-vasku-liberon-2-5l","status":"publish","type":"product","link":"https:\/\/hobstop.ee\/lt\/produktas\/patvari-alyva-su-kietuoju-vasku-liberon-2-5l\/","title":{"rendered":"Patvari alyva su kietuoju va\u0161ku Liberon 2.5L"},"content":{"rendered":"<p>Alyvos ir va\u0161ko geriausias savybes apjungiantis patvarus kietasis va\u0161kas yra skirtas patalpose naudojam\u0173 medini\u0173 pavir\u0161i\u0173 prie\u017ei\u016brai. Tinka naudoti ant neapdoroto ir alyva arba kietuoju va\u0161ku jau anks\u010diau apdoroto pavir\u0161iaus. Kietasis va\u0161kas leid\u017eia medienai nat\u016braliai \u201ekv\u0117puoti\u201c ir suteikia jai patvari\u0105, vientis\u0105 bei nat\u016brali\u0105 spalv\u0105. Apdoroti pavir\u0161iai yra patvar\u016bs bei atspar\u016bs vandeniui ir ne\u0161varumams. Tinka naudoti ir dr\u0117gnose patalpose, apsaugo baldus ir darbinius pavir\u0161ius, vidaus patalp\u0173 grindis, sienas bei lubas.<br \/>\nDengiamumas: 30m\u00b2\/L<br \/>\nD\u017eiuvimo laikas: 8\u201310 val.<br \/>\nDarbo priemon\u0117s: platus teptukas arba lako volelis<br \/>\nDarbo priemoni\u0173 valymas: vaitspiritas<\/p>\n","protected":false},"excerpt":{"rendered":"<p>Alyvos ir va\u0161ko geriausias savybes apjungiantis patvarus kietasis va\u0161kas yra skirtas patalpose naudojam\u0173 medini\u0173 pavir\u0161i\u0173 prie\u017ei\u016brai. Tinka naudoti ant neapdoroto ir alyva arba kietuoju va\u0161ku jau anks\u010diau apdoroto pavir\u0161iaus. Kietasis va\u0161kas leid\u017eia medienai nat\u016braliai \u201ekv\u0117puoti\u201c ir suteikia jai patvari\u0105, vientis\u0105 bei nat\u016brali\u0105 spalv\u0105. Apdoroti pavir\u0161iai yra patvar\u016bs bei atspar\u016bs vandeniui ir ne\u0161varumams. Tinka naudoti ir dr\u0117gnose patalpose, apsaugo baldus ir darbinius pavir\u0161ius, vidaus patalp\u0173 grindis, sienas bei lubas. Dengiamumas: 30m\u00b2\/L D\u017eiuvimo laikas: 8\u201310 val. Darbo priemon\u0117s: platus teptukas arba lako volelis Darbo priemoni\u0173 valymas: vaitspiritas<\/p>\n","protected":false},"featured_media":248783,"comment_status":"closed","ping_status":"closed","template":"","meta":{"_acf_changed":false,"ep_exclude_from_search":false},"product_cat":[15056,15055,18559],"product_tag":[],"class_list":{"0":"post-248359","1":"product","2":"type-product","3":"status-publish","4":"has-post-thumbnail","6":"product_cat-kuldamislehed","7":"product_cat-kinkekotid","8":"product_cat-restauravimas-ir-apdaila","10":"first","11":"instock","12":"taxable","13":"shipping-taxable","14":"product-type-simple"},"acf":[],"yoast_head":"<!-- This site is optimized with the Yoast SEO plugin v24.1 - https:\/\/yoast.com\/wordpress\/plugins\/seo\/ -->\n<title>Patvari alyva su kietuoju va\u0161ku Liberon 2.5L &#8211; Skizze<\/title>\n<meta name=\"robots\" content=\"noindex, follow, max-snippet:-1, max-image-preview:large, max-video-preview:-1\" \/>\n<meta property=\"og:locale\" content=\"lt_LT\" \/>\n<meta property=\"og:type\" content=\"article\" \/>\n<meta property=\"og:title\" content=\"Patvari alyva su kietuoju va\u0161ku Liberon 2.5L &#8211; Skizze\" \/>\n<meta property=\"og:description\" content=\"Alyvos ir va\u0161ko geriausias savybes apjungiantis patvarus kietasis va\u0161kas yra skirtas patalpose naudojam\u0173 medini\u0173 pavir\u0161i\u0173 prie\u017ei\u016brai. Tinka naudoti ant neapdoroto ir alyva arba kietuoju va\u0161ku jau anks\u010diau apdoroto pavir\u0161iaus. Kietasis va\u0161kas leid\u017eia medienai nat\u016braliai \u201ekv\u0117puoti\u201c ir suteikia jai patvari\u0105, vientis\u0105 bei nat\u016brali\u0105 spalv\u0105. Apdoroti pavir\u0161iai yra patvar\u016bs bei atspar\u016bs vandeniui ir ne\u0161varumams. Tinka naudoti ir dr\u0117gnose patalpose, apsaugo baldus ir darbinius pavir\u0161ius, vidaus patalp\u0173 grindis, sienas bei lubas. Dengiamumas: 30m\u00b2\/L D\u017eiuvimo laikas: 8\u201310 val. Darbo priemon\u0117s: platus teptukas arba lako volelis Darbo priemoni\u0173 valymas: vaitspiritas\" \/>\n<meta property=\"og:url\" content=\"https:\/\/hobstop.ee\/lt\/produktas\/patvari-alyva-su-kietuoju-vasku-liberon-2-5l\/\" \/>\n<meta property=\"og:site_name\" content=\"Skizze\" \/>\n<meta property=\"article:publisher\" content=\"http:\/\/www.facebook.com\/VunderSkizze\" \/>\n<meta property=\"og:image\" content=\"https:\/\/www.hobstop.ee\/media\/4066.jpg\" \/>\n\t<meta property=\"og:image:width\" content=\"1024\" \/>\n\t<meta property=\"og:image:height\" content=\"768\" \/>\n\t<meta property=\"og:image:type\" content=\"image\/jpeg\" \/>\n<meta name=\"twitter:card\" content=\"summary_large_image\" \/>\n<meta name=\"twitter:label1\" content=\"Est. reading time\" \/>\n\t<meta name=\"twitter:data1\" content=\"1 minute\" \/>\n<script type=\"application\/ld+json\" class=\"yoast-schema-graph\">{\"@context\":\"https:\/\/schema.org\",\"@graph\":[{\"@type\":\"WebPage\",\"@id\":\"https:\/\/hobstop.ee\/lt\/produktas\/patvari-alyva-su-kietuoju-vasku-liberon-2-5l\/\",\"url\":\"https:\/\/hobstop.ee\/lt\/produktas\/patvari-alyva-su-kietuoju-vasku-liberon-2-5l\/\",\"name\":\"Patvari alyva su kietuoju va\u0161ku Liberon 2.5L &#8211; Skizze\",\"isPartOf\":{\"@id\":\"https:\/\/hobstop.ee\/lt\/#website\"},\"primaryImageOfPage\":{\"@id\":\"https:\/\/hobstop.ee\/lt\/produktas\/patvari-alyva-su-kietuoju-vasku-liberon-2-5l\/#primaryimage\"},\"image\":{\"@id\":\"https:\/\/hobstop.ee\/lt\/produktas\/patvari-alyva-su-kietuoju-vasku-liberon-2-5l\/#primaryimage\"},\"thumbnailUrl\":\"https:\/\/hobstop.ee\/media\/4066.jpg\",\"datePublished\":\"2016-02-15T13:35:03+00:00\",\"dateModified\":\"2016-02-15T13:35:03+00:00\",\"breadcrumb\":{\"@id\":\"https:\/\/hobstop.ee\/lt\/produktas\/patvari-alyva-su-kietuoju-vasku-liberon-2-5l\/#breadcrumb\"},\"inLanguage\":\"lt\",\"potentialAction\":[{\"@type\":\"ReadAction\",\"target\":[\"https:\/\/hobstop.ee\/lt\/produktas\/patvari-alyva-su-kietuoju-vasku-liberon-2-5l\/\"]}]},{\"@type\":\"ImageObject\",\"inLanguage\":\"lt\",\"@id\":\"https:\/\/hobstop.ee\/lt\/produktas\/patvari-alyva-su-kietuoju-vasku-liberon-2-5l\/#primaryimage\",\"url\":\"https:\/\/hobstop.ee\/media\/4066.jpg\",\"contentUrl\":\"https:\/\/hobstop.ee\/media\/4066.jpg\",\"width\":1024,\"height\":768},{\"@type\":\"BreadcrumbList\",\"@id\":\"https:\/\/hobstop.ee\/lt\/produktas\/patvari-alyva-su-kietuoju-vasku-liberon-2-5l\/#breadcrumb\",\"itemListElement\":[{\"@type\":\"ListItem\",\"position\":1,\"name\":\"Avaleht\",\"item\":\"https:\/\/hobstop.ee\/lt\/\"},{\"@type\":\"ListItem\",\"position\":2,\"name\":\"Parduotuv\u0117\",\"item\":\"https:\/\/hobstop.ee\/lt\/parduotuve\/\"},{\"@type\":\"ListItem\",\"position\":3,\"name\":\"Patvari alyva su kietuoju va\u0161ku Liberon 2.5L\"}]},{\"@type\":\"WebSite\",\"@id\":\"https:\/\/hobstop.ee\/lt\/#website\",\"url\":\"https:\/\/hobstop.ee\/lt\/\",\"name\":\"Skizze\",\"description\":\"Dail\u0117s, pom\u0117gi\u0173 ir mokykliniai reikm\u0117nys\",\"publisher\":{\"@id\":\"https:\/\/hobstop.ee\/lt\/#organization\"},\"potentialAction\":[{\"@type\":\"SearchAction\",\"target\":{\"@type\":\"EntryPoint\",\"urlTemplate\":\"https:\/\/hobstop.ee\/lt\/?s={search_term_string}\"},\"query-input\":{\"@type\":\"PropertyValueSpecification\",\"valueRequired\":true,\"valueName\":\"search_term_string\"}}],\"inLanguage\":\"lt\"},{\"@type\":\"Organization\",\"@id\":\"https:\/\/hobstop.ee\/lt\/#organization\",\"name\":\"Vunder AS\",\"url\":\"https:\/\/hobstop.ee\/lt\/\",\"logo\":{\"@type\":\"ImageObject\",\"inLanguage\":\"lt\",\"@id\":\"https:\/\/hobstop.ee\/lt\/#\/schema\/logo\/image\/\",\"url\":\"https:\/\/hobstop.ee\/media\/vunder-logo.png\",\"contentUrl\":\"https:\/\/hobstop.ee\/media\/vunder-logo.png\",\"width\":127,\"height\":55,\"caption\":\"Vunder AS\"},\"image\":{\"@id\":\"https:\/\/hobstop.ee\/lt\/#\/schema\/logo\/image\/\"},\"sameAs\":[\"http:\/\/www.facebook.com\/VunderSkizze\"]}]}<\/script>\n<!-- \/ Yoast SEO plugin. -->","yoast_head_json":{"title":"Patvari alyva su kietuoju va\u0161ku Liberon 2.5L &#8211; Skizze","robots":{"index":"noindex","follow":"follow","max-snippet":"max-snippet:-1","max-image-preview":"max-image-preview:large","max-video-preview":"max-video-preview:-1"},"og_locale":"lt_LT","og_type":"article","og_title":"Patvari alyva su kietuoju va\u0161ku Liberon 2.5L &#8211; Skizze","og_description":"Alyvos ir va\u0161ko geriausias savybes apjungiantis patvarus kietasis va\u0161kas yra skirtas patalpose naudojam\u0173 medini\u0173 pavir\u0161i\u0173 prie\u017ei\u016brai. Tinka naudoti ant neapdoroto ir alyva arba kietuoju va\u0161ku jau anks\u010diau apdoroto pavir\u0161iaus. Kietasis va\u0161kas leid\u017eia medienai nat\u016braliai \u201ekv\u0117puoti\u201c ir suteikia jai patvari\u0105, vientis\u0105 bei nat\u016brali\u0105 spalv\u0105. Apdoroti pavir\u0161iai yra patvar\u016bs bei atspar\u016bs vandeniui ir ne\u0161varumams. Tinka naudoti ir dr\u0117gnose patalpose, apsaugo baldus ir darbinius pavir\u0161ius, vidaus patalp\u0173 grindis, sienas bei lubas. Dengiamumas: 30m\u00b2\/L D\u017eiuvimo laikas: 8\u201310 val. Darbo priemon\u0117s: platus teptukas arba lako volelis Darbo priemoni\u0173 valymas: vaitspiritas","og_url":"https:\/\/hobstop.ee\/lt\/produktas\/patvari-alyva-su-kietuoju-vasku-liberon-2-5l\/","og_site_name":"Skizze","article_publisher":"http:\/\/www.facebook.com\/VunderSkizze","og_image":[{"width":1024,"height":768,"url":"https:\/\/www.hobstop.ee\/media\/4066.jpg","type":"image\/jpeg"}],"twitter_card":"summary_large_image","twitter_misc":{"Est. reading time":"1 minute"},"schema":{"@context":"https:\/\/schema.org","@graph":[{"@type":"WebPage","@id":"https:\/\/hobstop.ee\/lt\/produktas\/patvari-alyva-su-kietuoju-vasku-liberon-2-5l\/","url":"https:\/\/hobstop.ee\/lt\/produktas\/patvari-alyva-su-kietuoju-vasku-liberon-2-5l\/","name":"Patvari alyva su kietuoju va\u0161ku Liberon 2.5L &#8211; Skizze","isPartOf":{"@id":"https:\/\/hobstop.ee\/lt\/#website"},"primaryImageOfPage":{"@id":"https:\/\/hobstop.ee\/lt\/produktas\/patvari-alyva-su-kietuoju-vasku-liberon-2-5l\/#primaryimage"},"image":{"@id":"https:\/\/hobstop.ee\/lt\/produktas\/patvari-alyva-su-kietuoju-vasku-liberon-2-5l\/#primaryimage"},"thumbnailUrl":"https:\/\/hobstop.ee\/media\/4066.jpg","datePublished":"2016-02-15T13:35:03+00:00","dateModified":"2016-02-15T13:35:03+00:00","breadcrumb":{"@id":"https:\/\/hobstop.ee\/lt\/produktas\/patvari-alyva-su-kietuoju-vasku-liberon-2-5l\/#breadcrumb"},"inLanguage":"lt","potentialAction":[{"@type":"ReadAction","target":["https:\/\/hobstop.ee\/lt\/produktas\/patvari-alyva-su-kietuoju-vasku-liberon-2-5l\/"]}]},{"@type":"ImageObject","inLanguage":"lt","@id":"https:\/\/hobstop.ee\/lt\/produktas\/patvari-alyva-su-kietuoju-vasku-liberon-2-5l\/#primaryimage","url":"https:\/\/hobstop.ee\/media\/4066.jpg","contentUrl":"https:\/\/hobstop.ee\/media\/4066.jpg","width":1024,"height":768},{"@type":"BreadcrumbList","@id":"https:\/\/hobstop.ee\/lt\/produktas\/patvari-alyva-su-kietuoju-vasku-liberon-2-5l\/#breadcrumb","itemListElement":[{"@type":"ListItem","position":1,"name":"Avaleht","item":"https:\/\/hobstop.ee\/lt\/"},{"@type":"ListItem","position":2,"name":"Parduotuv\u0117","item":"https:\/\/hobstop.ee\/lt\/parduotuve\/"},{"@type":"ListItem","position":3,"name":"Patvari alyva su kietuoju va\u0161ku Liberon 2.5L"}]},{"@type":"WebSite","@id":"https:\/\/hobstop.ee\/lt\/#website","url":"https:\/\/hobstop.ee\/lt\/","name":"Skizze","description":"Dail\u0117s, pom\u0117gi\u0173 ir mokykliniai reikm\u0117nys","publisher":{"@id":"https:\/\/hobstop.ee\/lt\/#organization"},"potentialAction":[{"@type":"SearchAction","target":{"@type":"EntryPoint","urlTemplate":"https:\/\/hobstop.ee\/lt\/?s={search_term_string}"},"query-input":{"@type":"PropertyValueSpecification","valueRequired":true,"valueName":"search_term_string"}}],"inLanguage":"lt"},{"@type":"Organization","@id":"https:\/\/hobstop.ee\/lt\/#organization","name":"Vunder AS","url":"https:\/\/hobstop.ee\/lt\/","logo":{"@type":"ImageObject","inLanguage":"lt","@id":"https:\/\/hobstop.ee\/lt\/#\/schema\/logo\/image\/","url":"https:\/\/hobstop.ee\/media\/vunder-logo.png","contentUrl":"https:\/\/hobstop.ee\/media\/vunder-logo.png","width":127,"height":55,"caption":"Vunder AS"},"image":{"@id":"https:\/\/hobstop.ee\/lt\/#\/schema\/logo\/image\/"},"sameAs":["http:\/\/www.facebook.com\/VunderSkizze"]}]}},"_links":{"self":[{"href":"https:\/\/hobstop.ee\/lt\/wp-json\/wp\/v2\/product\/248359","targetHints":{"allow":["GET"]}}],"collection":[{"href":"https:\/\/hobstop.ee\/lt\/wp-json\/wp\/v2\/product"}],"about":[{"href":"https:\/\/hobstop.ee\/lt\/wp-json\/wp\/v2\/types\/product"}],"replies":[{"embeddable":true,"href":"https:\/\/hobstop.ee\/lt\/wp-json\/wp\/v2\/comments?post=248359"}],"wp:featuredmedia":[{"embeddable":true,"href":"https:\/\/hobstop.ee\/lt\/wp-json\/wp\/v2\/media\/248783"}],"wp:attachment":[{"href":"https:\/\/hobstop.ee\/lt\/wp-json\/wp\/v2\/media?parent=248359"}],"wp:term":[{"taxonomy":"product_cat","embeddable":true,"href":"https:\/\/hobstop.ee\/lt\/wp-json\/wp\/v2\/product_cat?post=248359"},{"taxonomy":"product_tag","embeddable":true,"href":"https:\/\/hobstop.ee\/lt\/wp-json\/wp\/v2\/product_tag?post=248359"}],"curies":[{"name":"wp","href":"https:\/\/api.w.org\/{rel}","templated":true}]}}