{"id":24855,"date":"2014-12-09T13:02:11","date_gmt":"2014-12-09T11:02:11","guid":{"rendered":"https:\/\/sharks.ee\/vunder_2019.klient.veebimajutus.ee\/?post_type=product&#038;p=24855"},"modified":"2014-12-09T13:02:11","modified_gmt":"2014-12-09T11:02:11","slug":"anglinis-piestukas-derwent-tinted-charcoal-metaline-dezute","status":"publish","type":"product","link":"https:\/\/hobstop.ee\/lt\/produktas\/anglinis-piestukas-derwent-tinted-charcoal-metaline-dezute\/","title":{"rendered":"Anglinis pie\u0161tukas Derwent Tinted Charcoal metalin\u0117 d\u0117\u017eut\u0117"},"content":{"rendered":"<p>Spalvota anglis savyje apjungia anglies sodrum\u0105, ekspresyvias savybes ir \u0161veln\u0173 atspalv\u012f. Viena pie\u0161imo priemone \u2013 angliniu pie\u0161tuku sukursite dramati\u0161k\u0105 ir detal\u0173 pie\u0161in\u012f. Pie\u0161tuku sukursite begal\u0119 \u012fvairi\u0173 k\u016brybini\u0173 efekt\u0173 \u2013 nuo turting\u0173 ir ry\u0161ki\u0173 atspalvi\u0173 iki beveik skaidraus r\u016bko, kiekvienam pie\u0161iniui anglimi jis suteiks individual\u0173 niuans\u0105.<br \/>\nApvalus 8mm kotelis, \u0161erdel\u0117s skersmuo: 4mm.<\/p>\n","protected":false},"excerpt":{"rendered":"<p>Spalvota anglis savyje apjungia anglies sodrum\u0105, ekspresyvias savybes ir \u0161veln\u0173 atspalv\u012f. Viena pie\u0161imo priemone \u2013 angliniu pie\u0161tuku sukursite dramati\u0161k\u0105 ir detal\u0173 pie\u0161in\u012f. Pie\u0161tuku sukursite begal\u0119 \u012fvairi\u0173 k\u016brybini\u0173 efekt\u0173 \u2013 nuo turting\u0173 ir ry\u0161ki\u0173 atspalvi\u0173 iki beveik skaidraus r\u016bko, kiekvienam pie\u0161iniui anglimi jis suteiks individual\u0173 niuans\u0105. Apvalus 8mm kotelis, \u0161erdel\u0117s skersmuo: 4mm.<\/p>\n","protected":false},"featured_media":305850,"comment_status":"closed","ping_status":"closed","template":"","meta":{"_acf_changed":false,"ep_exclude_from_search":false},"product_cat":[14969,16124,18932],"product_tag":[],"class_list":{"0":"post-24855","1":"product","2":"type-product","3":"status-publish","4":"has-post-thumbnail","6":"product_cat-tooriistad-ja-tarvikud","7":"product_cat-dailes-prekes","8":"product_cat-piesimo-reikmenys-3","10":"first","11":"outofstock","12":"taxable","13":"shipping-taxable","14":"purchasable","15":"product-type-variable"},"acf":[],"yoast_head":"<!-- This site is optimized with the Yoast SEO plugin v24.1 - https:\/\/yoast.com\/wordpress\/plugins\/seo\/ -->\n<title>Anglinis pie\u0161tukas Derwent Tinted Charcoal metalin\u0117 d\u0117\u017eut\u0117 &#8211; Skizze<\/title>\n<meta name=\"robots\" content=\"noindex, follow, max-snippet:-1, max-image-preview:large, max-video-preview:-1\" \/>\n<meta property=\"og:locale\" content=\"lt_LT\" \/>\n<meta property=\"og:type\" content=\"article\" \/>\n<meta property=\"og:title\" content=\"Anglinis pie\u0161tukas Derwent Tinted Charcoal metalin\u0117 d\u0117\u017eut\u0117 &#8211; Skizze\" \/>\n<meta property=\"og:description\" content=\"Spalvota anglis savyje apjungia anglies sodrum\u0105, ekspresyvias savybes ir \u0161veln\u0173 atspalv\u012f. Viena pie\u0161imo priemone \u2013 angliniu pie\u0161tuku sukursite dramati\u0161k\u0105 ir detal\u0173 pie\u0161in\u012f. Pie\u0161tuku sukursite begal\u0119 \u012fvairi\u0173 k\u016brybini\u0173 efekt\u0173 \u2013 nuo turting\u0173 ir ry\u0161ki\u0173 atspalvi\u0173 iki beveik skaidraus r\u016bko, kiekvienam pie\u0161iniui anglimi jis suteiks individual\u0173 niuans\u0105. Apvalus 8mm kotelis, \u0161erdel\u0117s skersmuo: 4mm.\" \/>\n<meta property=\"og:url\" content=\"https:\/\/hobstop.ee\/lt\/produktas\/anglinis-piestukas-derwent-tinted-charcoal-metaline-dezute\/\" \/>\n<meta property=\"og:site_name\" content=\"Skizze\" \/>\n<meta property=\"article:publisher\" content=\"http:\/\/www.facebook.com\/VunderSkizze\" \/>\n<meta property=\"og:image\" content=\"https:\/\/hobstop.ee\/media\/2931.jpg\" \/>\n\t<meta property=\"og:image:width\" content=\"1024\" \/>\n\t<meta property=\"og:image:height\" content=\"768\" \/>\n\t<meta property=\"og:image:type\" content=\"image\/jpeg\" \/>\n<meta name=\"twitter:card\" content=\"summary_large_image\" \/>\n<script type=\"application\/ld+json\" class=\"yoast-schema-graph\">{\"@context\":\"https:\/\/schema.org\",\"@graph\":[{\"@type\":\"WebPage\",\"@id\":\"https:\/\/hobstop.ee\/lt\/produktas\/anglinis-piestukas-derwent-tinted-charcoal-metaline-dezute\/\",\"url\":\"https:\/\/hobstop.ee\/lt\/produktas\/anglinis-piestukas-derwent-tinted-charcoal-metaline-dezute\/\",\"name\":\"Anglinis pie\u0161tukas Derwent Tinted Charcoal metalin\u0117 d\u0117\u017eut\u0117 &#8211; Skizze\",\"isPartOf\":{\"@id\":\"https:\/\/hobstop.ee\/lt\/#website\"},\"primaryImageOfPage\":{\"@id\":\"https:\/\/hobstop.ee\/lt\/produktas\/anglinis-piestukas-derwent-tinted-charcoal-metaline-dezute\/#primaryimage\"},\"image\":{\"@id\":\"https:\/\/hobstop.ee\/lt\/produktas\/anglinis-piestukas-derwent-tinted-charcoal-metaline-dezute\/#primaryimage\"},\"thumbnailUrl\":\"https:\/\/hobstop.ee\/media\/2931.jpg\",\"datePublished\":\"2014-12-09T11:02:11+00:00\",\"dateModified\":\"2014-12-09T11:02:11+00:00\",\"breadcrumb\":{\"@id\":\"https:\/\/hobstop.ee\/lt\/produktas\/anglinis-piestukas-derwent-tinted-charcoal-metaline-dezute\/#breadcrumb\"},\"inLanguage\":\"lt\",\"potentialAction\":[{\"@type\":\"ReadAction\",\"target\":[\"https:\/\/hobstop.ee\/lt\/produktas\/anglinis-piestukas-derwent-tinted-charcoal-metaline-dezute\/\"]}]},{\"@type\":\"ImageObject\",\"inLanguage\":\"lt\",\"@id\":\"https:\/\/hobstop.ee\/lt\/produktas\/anglinis-piestukas-derwent-tinted-charcoal-metaline-dezute\/#primaryimage\",\"url\":\"https:\/\/hobstop.ee\/media\/2931.jpg\",\"contentUrl\":\"https:\/\/hobstop.ee\/media\/2931.jpg\",\"width\":1024,\"height\":768},{\"@type\":\"BreadcrumbList\",\"@id\":\"https:\/\/hobstop.ee\/lt\/produktas\/anglinis-piestukas-derwent-tinted-charcoal-metaline-dezute\/#breadcrumb\",\"itemListElement\":[{\"@type\":\"ListItem\",\"position\":1,\"name\":\"Avaleht\",\"item\":\"https:\/\/hobstop.ee\/lt\/\"},{\"@type\":\"ListItem\",\"position\":2,\"name\":\"Parduotuv\u0117\",\"item\":\"https:\/\/hobstop.ee\/lt\/parduotuve\/\"},{\"@type\":\"ListItem\",\"position\":3,\"name\":\"Anglinis pie\u0161tukas Derwent Tinted Charcoal metalin\u0117 d\u0117\u017eut\u0117\"}]},{\"@type\":\"WebSite\",\"@id\":\"https:\/\/hobstop.ee\/lt\/#website\",\"url\":\"https:\/\/hobstop.ee\/lt\/\",\"name\":\"Skizze\",\"description\":\"Dail\u0117s, pom\u0117gi\u0173 ir mokykliniai reikm\u0117nys\",\"publisher\":{\"@id\":\"https:\/\/hobstop.ee\/lt\/#organization\"},\"potentialAction\":[{\"@type\":\"SearchAction\",\"target\":{\"@type\":\"EntryPoint\",\"urlTemplate\":\"https:\/\/hobstop.ee\/lt\/?s={search_term_string}\"},\"query-input\":{\"@type\":\"PropertyValueSpecification\",\"valueRequired\":true,\"valueName\":\"search_term_string\"}}],\"inLanguage\":\"lt\"},{\"@type\":\"Organization\",\"@id\":\"https:\/\/hobstop.ee\/lt\/#organization\",\"name\":\"Vunder AS\",\"url\":\"https:\/\/hobstop.ee\/lt\/\",\"logo\":{\"@type\":\"ImageObject\",\"inLanguage\":\"lt\",\"@id\":\"https:\/\/hobstop.ee\/lt\/#\/schema\/logo\/image\/\",\"url\":\"https:\/\/hobstop.ee\/media\/vunder-logo.png\",\"contentUrl\":\"https:\/\/hobstop.ee\/media\/vunder-logo.png\",\"width\":127,\"height\":55,\"caption\":\"Vunder AS\"},\"image\":{\"@id\":\"https:\/\/hobstop.ee\/lt\/#\/schema\/logo\/image\/\"},\"sameAs\":[\"http:\/\/www.facebook.com\/VunderSkizze\"]}]}<\/script>\n<!-- \/ Yoast SEO plugin. -->","yoast_head_json":{"title":"Anglinis pie\u0161tukas Derwent Tinted Charcoal metalin\u0117 d\u0117\u017eut\u0117 &#8211; Skizze","robots":{"index":"noindex","follow":"follow","max-snippet":"max-snippet:-1","max-image-preview":"max-image-preview:large","max-video-preview":"max-video-preview:-1"},"og_locale":"lt_LT","og_type":"article","og_title":"Anglinis pie\u0161tukas Derwent Tinted Charcoal metalin\u0117 d\u0117\u017eut\u0117 &#8211; Skizze","og_description":"Spalvota anglis savyje apjungia anglies sodrum\u0105, ekspresyvias savybes ir \u0161veln\u0173 atspalv\u012f. Viena pie\u0161imo priemone \u2013 angliniu pie\u0161tuku sukursite dramati\u0161k\u0105 ir detal\u0173 pie\u0161in\u012f. Pie\u0161tuku sukursite begal\u0119 \u012fvairi\u0173 k\u016brybini\u0173 efekt\u0173 \u2013 nuo turting\u0173 ir ry\u0161ki\u0173 atspalvi\u0173 iki beveik skaidraus r\u016bko, kiekvienam pie\u0161iniui anglimi jis suteiks individual\u0173 niuans\u0105. Apvalus 8mm kotelis, \u0161erdel\u0117s skersmuo: 4mm.","og_url":"https:\/\/hobstop.ee\/lt\/produktas\/anglinis-piestukas-derwent-tinted-charcoal-metaline-dezute\/","og_site_name":"Skizze","article_publisher":"http:\/\/www.facebook.com\/VunderSkizze","og_image":[{"width":1024,"height":768,"url":"https:\/\/hobstop.ee\/media\/2931.jpg","type":"image\/jpeg"}],"twitter_card":"summary_large_image","schema":{"@context":"https:\/\/schema.org","@graph":[{"@type":"WebPage","@id":"https:\/\/hobstop.ee\/lt\/produktas\/anglinis-piestukas-derwent-tinted-charcoal-metaline-dezute\/","url":"https:\/\/hobstop.ee\/lt\/produktas\/anglinis-piestukas-derwent-tinted-charcoal-metaline-dezute\/","name":"Anglinis pie\u0161tukas Derwent Tinted Charcoal metalin\u0117 d\u0117\u017eut\u0117 &#8211; Skizze","isPartOf":{"@id":"https:\/\/hobstop.ee\/lt\/#website"},"primaryImageOfPage":{"@id":"https:\/\/hobstop.ee\/lt\/produktas\/anglinis-piestukas-derwent-tinted-charcoal-metaline-dezute\/#primaryimage"},"image":{"@id":"https:\/\/hobstop.ee\/lt\/produktas\/anglinis-piestukas-derwent-tinted-charcoal-metaline-dezute\/#primaryimage"},"thumbnailUrl":"https:\/\/hobstop.ee\/media\/2931.jpg","datePublished":"2014-12-09T11:02:11+00:00","dateModified":"2014-12-09T11:02:11+00:00","breadcrumb":{"@id":"https:\/\/hobstop.ee\/lt\/produktas\/anglinis-piestukas-derwent-tinted-charcoal-metaline-dezute\/#breadcrumb"},"inLanguage":"lt","potentialAction":[{"@type":"ReadAction","target":["https:\/\/hobstop.ee\/lt\/produktas\/anglinis-piestukas-derwent-tinted-charcoal-metaline-dezute\/"]}]},{"@type":"ImageObject","inLanguage":"lt","@id":"https:\/\/hobstop.ee\/lt\/produktas\/anglinis-piestukas-derwent-tinted-charcoal-metaline-dezute\/#primaryimage","url":"https:\/\/hobstop.ee\/media\/2931.jpg","contentUrl":"https:\/\/hobstop.ee\/media\/2931.jpg","width":1024,"height":768},{"@type":"BreadcrumbList","@id":"https:\/\/hobstop.ee\/lt\/produktas\/anglinis-piestukas-derwent-tinted-charcoal-metaline-dezute\/#breadcrumb","itemListElement":[{"@type":"ListItem","position":1,"name":"Avaleht","item":"https:\/\/hobstop.ee\/lt\/"},{"@type":"ListItem","position":2,"name":"Parduotuv\u0117","item":"https:\/\/hobstop.ee\/lt\/parduotuve\/"},{"@type":"ListItem","position":3,"name":"Anglinis pie\u0161tukas Derwent Tinted Charcoal metalin\u0117 d\u0117\u017eut\u0117"}]},{"@type":"WebSite","@id":"https:\/\/hobstop.ee\/lt\/#website","url":"https:\/\/hobstop.ee\/lt\/","name":"Skizze","description":"Dail\u0117s, pom\u0117gi\u0173 ir mokykliniai reikm\u0117nys","publisher":{"@id":"https:\/\/hobstop.ee\/lt\/#organization"},"potentialAction":[{"@type":"SearchAction","target":{"@type":"EntryPoint","urlTemplate":"https:\/\/hobstop.ee\/lt\/?s={search_term_string}"},"query-input":{"@type":"PropertyValueSpecification","valueRequired":true,"valueName":"search_term_string"}}],"inLanguage":"lt"},{"@type":"Organization","@id":"https:\/\/hobstop.ee\/lt\/#organization","name":"Vunder AS","url":"https:\/\/hobstop.ee\/lt\/","logo":{"@type":"ImageObject","inLanguage":"lt","@id":"https:\/\/hobstop.ee\/lt\/#\/schema\/logo\/image\/","url":"https:\/\/hobstop.ee\/media\/vunder-logo.png","contentUrl":"https:\/\/hobstop.ee\/media\/vunder-logo.png","width":127,"height":55,"caption":"Vunder AS"},"image":{"@id":"https:\/\/hobstop.ee\/lt\/#\/schema\/logo\/image\/"},"sameAs":["http:\/\/www.facebook.com\/VunderSkizze"]}]}},"_links":{"self":[{"href":"https:\/\/hobstop.ee\/lt\/wp-json\/wp\/v2\/product\/24855","targetHints":{"allow":["GET"]}}],"collection":[{"href":"https:\/\/hobstop.ee\/lt\/wp-json\/wp\/v2\/product"}],"about":[{"href":"https:\/\/hobstop.ee\/lt\/wp-json\/wp\/v2\/types\/product"}],"replies":[{"embeddable":true,"href":"https:\/\/hobstop.ee\/lt\/wp-json\/wp\/v2\/comments?post=24855"}],"wp:featuredmedia":[{"embeddable":true,"href":"https:\/\/hobstop.ee\/lt\/wp-json\/wp\/v2\/media\/305850"}],"wp:attachment":[{"href":"https:\/\/hobstop.ee\/lt\/wp-json\/wp\/v2\/media?parent=24855"}],"wp:term":[{"taxonomy":"product_cat","embeddable":true,"href":"https:\/\/hobstop.ee\/lt\/wp-json\/wp\/v2\/product_cat?post=24855"},{"taxonomy":"product_tag","embeddable":true,"href":"https:\/\/hobstop.ee\/lt\/wp-json\/wp\/v2\/product_tag?post=24855"}],"curies":[{"name":"wp","href":"https:\/\/api.w.org\/{rel}","templated":true}]}}