{"id":24983,"date":"2014-12-09T13:02:42","date_gmt":"2014-12-09T11:02:42","guid":{"rendered":"https:\/\/sharks.ee\/vunder_2019.klient.veebimajutus.ee\/?post_type=product&#038;p=24983"},"modified":"2014-12-09T13:02:42","modified_gmt":"2014-12-09T11:02:42","slug":"spaudas-marabu-4vnt","status":"publish","type":"product","link":"https:\/\/hobstop.ee\/lt\/produktas\/spaudas-marabu-4vnt\/","title":{"rendered":"Spaudas Marabu 4vnt."},"content":{"rendered":"<p>Nedidelius spaudus galima naudoti \u012fvairioms reikm\u0117ms ir jais dekoruoti beveik visas med\u017eiagas, pavyzd\u017eiui, popieri\u0173, stikl\u0105, porcelian\u0105, tekstil\u0119, metal\u0105, medien\u0105 ir terakot\u0105. Kokybi\u0161kus spaudus galima naudoti su akriliniais, tekstiliniais ir porceliano da\u017eais. Komplekte yra keturi i\u0161 smulkiai por\u0117to porolono pagaminti spaudai. Spaudai yra lengvai nuplaunami vandeniu, juos galima panaudoti i\u0161 naujo. Spaud\u0173 dydis yra patogus, tod\u0117l juos jie labai tinka vaikams.<\/p>\n","protected":false},"excerpt":{"rendered":"<p>Nedidelius spaudus galima naudoti \u012fvairioms reikm\u0117ms ir jais dekoruoti beveik visas med\u017eiagas, pavyzd\u017eiui, popieri\u0173, stikl\u0105, porcelian\u0105, tekstil\u0119, metal\u0105, medien\u0105 ir terakot\u0105. Kokybi\u0161kus spaudus galima naudoti su akriliniais, tekstiliniais ir porceliano da\u017eais. Komplekte yra keturi i\u0161 smulkiai por\u0117to porolono pagaminti spaudai. Spaudai yra lengvai nuplaunami vandeniu, juos galima panaudoti i\u0161 naujo. Spaud\u0173 dydis yra patogus, tod\u0117l juos jie labai tinka vaikams.<\/p>\n","protected":false},"featured_media":105907,"comment_status":"closed","ping_status":"closed","template":"","meta":{"_acf_changed":false,"ep_exclude_from_search":false},"product_cat":[239,17919,20022],"product_tag":[],"class_list":{"0":"post-24983","1":"product","2":"type-product","3":"status-publish","4":"has-post-thumbnail","6":"product_cat-aerosoolvarvid","7":"product_cat-pomegiu-prekes","8":"product_cat-sablonai-ir-antspaudai","10":"first","11":"instock","12":"sale","13":"taxable","14":"shipping-taxable","15":"purchasable","16":"product-type-variable"},"acf":[],"yoast_head":"<!-- This site is optimized with the Yoast SEO plugin v24.1 - https:\/\/yoast.com\/wordpress\/plugins\/seo\/ -->\n<title>Spaudas Marabu 4vnt. &#8211; Skizze<\/title>\n<meta name=\"robots\" content=\"noindex, follow, max-snippet:-1, max-image-preview:large, max-video-preview:-1\" \/>\n<meta property=\"og:locale\" content=\"lt_LT\" \/>\n<meta property=\"og:type\" content=\"article\" \/>\n<meta property=\"og:title\" content=\"Spaudas Marabu 4vnt. &#8211; Skizze\" \/>\n<meta property=\"og:description\" content=\"Nedidelius spaudus galima naudoti \u012fvairioms reikm\u0117ms ir jais dekoruoti beveik visas med\u017eiagas, pavyzd\u017eiui, popieri\u0173, stikl\u0105, porcelian\u0105, tekstil\u0119, metal\u0105, medien\u0105 ir terakot\u0105. Kokybi\u0161kus spaudus galima naudoti su akriliniais, tekstiliniais ir porceliano da\u017eais. Komplekte yra keturi i\u0161 smulkiai por\u0117to porolono pagaminti spaudai. Spaudai yra lengvai nuplaunami vandeniu, juos galima panaudoti i\u0161 naujo. Spaud\u0173 dydis yra patogus, tod\u0117l juos jie labai tinka vaikams.\" \/>\n<meta property=\"og:url\" content=\"https:\/\/hobstop.ee\/lt\/produktas\/spaudas-marabu-4vnt\/\" \/>\n<meta property=\"og:site_name\" content=\"Skizze\" \/>\n<meta property=\"article:publisher\" content=\"http:\/\/www.facebook.com\/VunderSkizze\" \/>\n<meta property=\"og:image\" content=\"https:\/\/hobstop.ee\/media\/3059.jpg\" \/>\n\t<meta property=\"og:image:width\" content=\"1024\" \/>\n\t<meta property=\"og:image:height\" content=\"768\" \/>\n\t<meta property=\"og:image:type\" content=\"image\/jpeg\" \/>\n<meta name=\"twitter:card\" content=\"summary_large_image\" \/>\n<script type=\"application\/ld+json\" class=\"yoast-schema-graph\">{\"@context\":\"https:\/\/schema.org\",\"@graph\":[{\"@type\":\"WebPage\",\"@id\":\"https:\/\/hobstop.ee\/lt\/produktas\/spaudas-marabu-4vnt\/\",\"url\":\"https:\/\/hobstop.ee\/lt\/produktas\/spaudas-marabu-4vnt\/\",\"name\":\"Spaudas Marabu 4vnt. &#8211; Skizze\",\"isPartOf\":{\"@id\":\"https:\/\/hobstop.ee\/lt\/#website\"},\"primaryImageOfPage\":{\"@id\":\"https:\/\/hobstop.ee\/lt\/produktas\/spaudas-marabu-4vnt\/#primaryimage\"},\"image\":{\"@id\":\"https:\/\/hobstop.ee\/lt\/produktas\/spaudas-marabu-4vnt\/#primaryimage\"},\"thumbnailUrl\":\"https:\/\/hobstop.ee\/media\/3059.jpg\",\"datePublished\":\"2014-12-09T11:02:42+00:00\",\"dateModified\":\"2014-12-09T11:02:42+00:00\",\"breadcrumb\":{\"@id\":\"https:\/\/hobstop.ee\/lt\/produktas\/spaudas-marabu-4vnt\/#breadcrumb\"},\"inLanguage\":\"lt\",\"potentialAction\":[{\"@type\":\"ReadAction\",\"target\":[\"https:\/\/hobstop.ee\/lt\/produktas\/spaudas-marabu-4vnt\/\"]}]},{\"@type\":\"ImageObject\",\"inLanguage\":\"lt\",\"@id\":\"https:\/\/hobstop.ee\/lt\/produktas\/spaudas-marabu-4vnt\/#primaryimage\",\"url\":\"https:\/\/hobstop.ee\/media\/3059.jpg\",\"contentUrl\":\"https:\/\/hobstop.ee\/media\/3059.jpg\",\"width\":1024,\"height\":768},{\"@type\":\"BreadcrumbList\",\"@id\":\"https:\/\/hobstop.ee\/lt\/produktas\/spaudas-marabu-4vnt\/#breadcrumb\",\"itemListElement\":[{\"@type\":\"ListItem\",\"position\":1,\"name\":\"Avaleht\",\"item\":\"https:\/\/hobstop.ee\/lt\/\"},{\"@type\":\"ListItem\",\"position\":2,\"name\":\"Parduotuv\u0117\",\"item\":\"https:\/\/hobstop.ee\/lt\/parduotuve\/\"},{\"@type\":\"ListItem\",\"position\":3,\"name\":\"Spaudas Marabu 4vnt.\"}]},{\"@type\":\"WebSite\",\"@id\":\"https:\/\/hobstop.ee\/lt\/#website\",\"url\":\"https:\/\/hobstop.ee\/lt\/\",\"name\":\"Skizze\",\"description\":\"Dail\u0117s, pom\u0117gi\u0173 ir mokykliniai reikm\u0117nys\",\"publisher\":{\"@id\":\"https:\/\/hobstop.ee\/lt\/#organization\"},\"potentialAction\":[{\"@type\":\"SearchAction\",\"target\":{\"@type\":\"EntryPoint\",\"urlTemplate\":\"https:\/\/hobstop.ee\/lt\/?s={search_term_string}\"},\"query-input\":{\"@type\":\"PropertyValueSpecification\",\"valueRequired\":true,\"valueName\":\"search_term_string\"}}],\"inLanguage\":\"lt\"},{\"@type\":\"Organization\",\"@id\":\"https:\/\/hobstop.ee\/lt\/#organization\",\"name\":\"Vunder AS\",\"url\":\"https:\/\/hobstop.ee\/lt\/\",\"logo\":{\"@type\":\"ImageObject\",\"inLanguage\":\"lt\",\"@id\":\"https:\/\/hobstop.ee\/lt\/#\/schema\/logo\/image\/\",\"url\":\"https:\/\/hobstop.ee\/media\/vunder-logo.png\",\"contentUrl\":\"https:\/\/hobstop.ee\/media\/vunder-logo.png\",\"width\":127,\"height\":55,\"caption\":\"Vunder AS\"},\"image\":{\"@id\":\"https:\/\/hobstop.ee\/lt\/#\/schema\/logo\/image\/\"},\"sameAs\":[\"http:\/\/www.facebook.com\/VunderSkizze\"]}]}<\/script>\n<!-- \/ Yoast SEO plugin. -->","yoast_head_json":{"title":"Spaudas Marabu 4vnt. &#8211; Skizze","robots":{"index":"noindex","follow":"follow","max-snippet":"max-snippet:-1","max-image-preview":"max-image-preview:large","max-video-preview":"max-video-preview:-1"},"og_locale":"lt_LT","og_type":"article","og_title":"Spaudas Marabu 4vnt. &#8211; Skizze","og_description":"Nedidelius spaudus galima naudoti \u012fvairioms reikm\u0117ms ir jais dekoruoti beveik visas med\u017eiagas, pavyzd\u017eiui, popieri\u0173, stikl\u0105, porcelian\u0105, tekstil\u0119, metal\u0105, medien\u0105 ir terakot\u0105. Kokybi\u0161kus spaudus galima naudoti su akriliniais, tekstiliniais ir porceliano da\u017eais. Komplekte yra keturi i\u0161 smulkiai por\u0117to porolono pagaminti spaudai. Spaudai yra lengvai nuplaunami vandeniu, juos galima panaudoti i\u0161 naujo. Spaud\u0173 dydis yra patogus, tod\u0117l juos jie labai tinka vaikams.","og_url":"https:\/\/hobstop.ee\/lt\/produktas\/spaudas-marabu-4vnt\/","og_site_name":"Skizze","article_publisher":"http:\/\/www.facebook.com\/VunderSkizze","og_image":[{"width":1024,"height":768,"url":"https:\/\/hobstop.ee\/media\/3059.jpg","type":"image\/jpeg"}],"twitter_card":"summary_large_image","schema":{"@context":"https:\/\/schema.org","@graph":[{"@type":"WebPage","@id":"https:\/\/hobstop.ee\/lt\/produktas\/spaudas-marabu-4vnt\/","url":"https:\/\/hobstop.ee\/lt\/produktas\/spaudas-marabu-4vnt\/","name":"Spaudas Marabu 4vnt. &#8211; Skizze","isPartOf":{"@id":"https:\/\/hobstop.ee\/lt\/#website"},"primaryImageOfPage":{"@id":"https:\/\/hobstop.ee\/lt\/produktas\/spaudas-marabu-4vnt\/#primaryimage"},"image":{"@id":"https:\/\/hobstop.ee\/lt\/produktas\/spaudas-marabu-4vnt\/#primaryimage"},"thumbnailUrl":"https:\/\/hobstop.ee\/media\/3059.jpg","datePublished":"2014-12-09T11:02:42+00:00","dateModified":"2014-12-09T11:02:42+00:00","breadcrumb":{"@id":"https:\/\/hobstop.ee\/lt\/produktas\/spaudas-marabu-4vnt\/#breadcrumb"},"inLanguage":"lt","potentialAction":[{"@type":"ReadAction","target":["https:\/\/hobstop.ee\/lt\/produktas\/spaudas-marabu-4vnt\/"]}]},{"@type":"ImageObject","inLanguage":"lt","@id":"https:\/\/hobstop.ee\/lt\/produktas\/spaudas-marabu-4vnt\/#primaryimage","url":"https:\/\/hobstop.ee\/media\/3059.jpg","contentUrl":"https:\/\/hobstop.ee\/media\/3059.jpg","width":1024,"height":768},{"@type":"BreadcrumbList","@id":"https:\/\/hobstop.ee\/lt\/produktas\/spaudas-marabu-4vnt\/#breadcrumb","itemListElement":[{"@type":"ListItem","position":1,"name":"Avaleht","item":"https:\/\/hobstop.ee\/lt\/"},{"@type":"ListItem","position":2,"name":"Parduotuv\u0117","item":"https:\/\/hobstop.ee\/lt\/parduotuve\/"},{"@type":"ListItem","position":3,"name":"Spaudas Marabu 4vnt."}]},{"@type":"WebSite","@id":"https:\/\/hobstop.ee\/lt\/#website","url":"https:\/\/hobstop.ee\/lt\/","name":"Skizze","description":"Dail\u0117s, pom\u0117gi\u0173 ir mokykliniai reikm\u0117nys","publisher":{"@id":"https:\/\/hobstop.ee\/lt\/#organization"},"potentialAction":[{"@type":"SearchAction","target":{"@type":"EntryPoint","urlTemplate":"https:\/\/hobstop.ee\/lt\/?s={search_term_string}"},"query-input":{"@type":"PropertyValueSpecification","valueRequired":true,"valueName":"search_term_string"}}],"inLanguage":"lt"},{"@type":"Organization","@id":"https:\/\/hobstop.ee\/lt\/#organization","name":"Vunder AS","url":"https:\/\/hobstop.ee\/lt\/","logo":{"@type":"ImageObject","inLanguage":"lt","@id":"https:\/\/hobstop.ee\/lt\/#\/schema\/logo\/image\/","url":"https:\/\/hobstop.ee\/media\/vunder-logo.png","contentUrl":"https:\/\/hobstop.ee\/media\/vunder-logo.png","width":127,"height":55,"caption":"Vunder AS"},"image":{"@id":"https:\/\/hobstop.ee\/lt\/#\/schema\/logo\/image\/"},"sameAs":["http:\/\/www.facebook.com\/VunderSkizze"]}]}},"_links":{"self":[{"href":"https:\/\/hobstop.ee\/lt\/wp-json\/wp\/v2\/product\/24983","targetHints":{"allow":["GET"]}}],"collection":[{"href":"https:\/\/hobstop.ee\/lt\/wp-json\/wp\/v2\/product"}],"about":[{"href":"https:\/\/hobstop.ee\/lt\/wp-json\/wp\/v2\/types\/product"}],"replies":[{"embeddable":true,"href":"https:\/\/hobstop.ee\/lt\/wp-json\/wp\/v2\/comments?post=24983"}],"wp:featuredmedia":[{"embeddable":true,"href":"https:\/\/hobstop.ee\/lt\/wp-json\/wp\/v2\/media\/105907"}],"wp:attachment":[{"href":"https:\/\/hobstop.ee\/lt\/wp-json\/wp\/v2\/media?parent=24983"}],"wp:term":[{"taxonomy":"product_cat","embeddable":true,"href":"https:\/\/hobstop.ee\/lt\/wp-json\/wp\/v2\/product_cat?post=24983"},{"taxonomy":"product_tag","embeddable":true,"href":"https:\/\/hobstop.ee\/lt\/wp-json\/wp\/v2\/product_tag?post=24983"}],"curies":[{"name":"wp","href":"https:\/\/api.w.org\/{rel}","templated":true}]}}