{"id":25068,"date":"2014-12-09T13:03:06","date_gmt":"2014-12-09T11:03:06","guid":{"rendered":"https:\/\/sharks.ee\/vunder_2019.klient.veebimajutus.ee\/?post_type=product&#038;p=25068"},"modified":"2014-12-09T13:03:06","modified_gmt":"2014-12-09T11:03:06","slug":"tekstiles-zymeklis-marabu-glitter-rinkinys","status":"publish","type":"product","link":"https:\/\/hobstop.ee\/lt\/produktas\/tekstiles-zymeklis-marabu-glitter-rinkinys\/","title":{"rendered":"Tekstil\u0117s \u017eymeklis Marabu Glitter rinkinys"},"content":{"rendered":"<p>Vandeniui atsparus matinis flomasteris puikiai tinka naudoti mokyklose, meno b\u016breliuose ir m\u0117g\u0117jams. Galima pie\u0161ti beveik ant vis\u0173 \u0161viesi\u0173 ir tamsi\u0173 spalv\u0173 nat\u016brali\u0173 mink\u0161tikliais neapdorot\u0173 audini\u0173, kuri\u0173 sud\u0117tyje yra ne daugiau nei 20 proc. sintetikos. U\u017efiksavus da\u017eus (lygintuvu arba pakaitinus 8 minutes 150\u00b0 C orkait\u0117je), audin\u012f galima skalbti ne auk\u0161tesn\u0117je nei 40 \u00b0C temperat\u016broje. Flomasteris ant audinio nesudaro kietos pl\u0117vel\u0117s.<\/p>\n","protected":false},"excerpt":{"rendered":"<p>Vandeniui atsparus matinis flomasteris puikiai tinka naudoti mokyklose, meno b\u016breliuose ir m\u0117g\u0117jams. Galima pie\u0161ti beveik ant vis\u0173 \u0161viesi\u0173 ir tamsi\u0173 spalv\u0173 nat\u016brali\u0173 mink\u0161tikliais neapdorot\u0173 audini\u0173, kuri\u0173 sud\u0117tyje yra ne daugiau nei 20 proc. sintetikos. U\u017efiksavus da\u017eus (lygintuvu arba pakaitinus 8 minutes 150\u00b0 C orkait\u0117je), audin\u012f galima skalbti ne auk\u0161tesn\u0117je nei 40 \u00b0C temperat\u016broje. Flomasteris ant audinio nesudaro kietos pl\u0117vel\u0117s.<\/p>\n","protected":false},"featured_media":106083,"comment_status":"closed","ping_status":"closed","template":"","meta":{"_acf_changed":false,"ep_exclude_from_search":false},"product_cat":[14894,17919,14893],"product_tag":[],"class_list":{"0":"post-25068","1":"product","2":"type-product","3":"status-publish","4":"has-post-thumbnail","6":"product_cat-korrektuurivahendid","7":"product_cat-pomegiu-prekes","8":"product_cat-tekstilei","10":"first","11":"instock","12":"taxable","13":"shipping-taxable","14":"purchasable","15":"product-type-variable"},"acf":[],"yoast_head":"<!-- This site is optimized with the Yoast SEO plugin v24.1 - https:\/\/yoast.com\/wordpress\/plugins\/seo\/ -->\n<title>Tekstil\u0117s \u017eymeklis Marabu Glitter rinkinys &#8211; Skizze<\/title>\n<meta name=\"robots\" content=\"noindex, follow, max-snippet:-1, max-image-preview:large, max-video-preview:-1\" \/>\n<meta property=\"og:locale\" content=\"lt_LT\" \/>\n<meta property=\"og:type\" content=\"article\" \/>\n<meta property=\"og:title\" content=\"Tekstil\u0117s \u017eymeklis Marabu Glitter rinkinys &#8211; Skizze\" \/>\n<meta property=\"og:description\" content=\"Vandeniui atsparus matinis flomasteris puikiai tinka naudoti mokyklose, meno b\u016breliuose ir m\u0117g\u0117jams. Galima pie\u0161ti beveik ant vis\u0173 \u0161viesi\u0173 ir tamsi\u0173 spalv\u0173 nat\u016brali\u0173 mink\u0161tikliais neapdorot\u0173 audini\u0173, kuri\u0173 sud\u0117tyje yra ne daugiau nei 20 proc. sintetikos. U\u017efiksavus da\u017eus (lygintuvu arba pakaitinus 8 minutes 150\u00b0 C orkait\u0117je), audin\u012f galima skalbti ne auk\u0161tesn\u0117je nei 40 \u00b0C temperat\u016broje. Flomasteris ant audinio nesudaro kietos pl\u0117vel\u0117s.\" \/>\n<meta property=\"og:url\" content=\"https:\/\/hobstop.ee\/lt\/produktas\/tekstiles-zymeklis-marabu-glitter-rinkinys\/\" \/>\n<meta property=\"og:site_name\" content=\"Skizze\" \/>\n<meta property=\"article:publisher\" content=\"http:\/\/www.facebook.com\/VunderSkizze\" \/>\n<meta property=\"og:image\" content=\"https:\/\/www.hobstop.ee\/media\/3137.jpg\" \/>\n\t<meta property=\"og:image:width\" content=\"1024\" \/>\n\t<meta property=\"og:image:height\" content=\"768\" \/>\n\t<meta property=\"og:image:type\" content=\"image\/jpeg\" \/>\n<meta name=\"twitter:card\" content=\"summary_large_image\" \/>\n<script type=\"application\/ld+json\" class=\"yoast-schema-graph\">{\"@context\":\"https:\/\/schema.org\",\"@graph\":[{\"@type\":\"WebPage\",\"@id\":\"https:\/\/hobstop.ee\/lt\/produktas\/tekstiles-zymeklis-marabu-glitter-rinkinys\/\",\"url\":\"https:\/\/hobstop.ee\/lt\/produktas\/tekstiles-zymeklis-marabu-glitter-rinkinys\/\",\"name\":\"Tekstil\u0117s \u017eymeklis Marabu Glitter rinkinys &#8211; Skizze\",\"isPartOf\":{\"@id\":\"https:\/\/hobstop.ee\/lt\/#website\"},\"primaryImageOfPage\":{\"@id\":\"https:\/\/hobstop.ee\/lt\/produktas\/tekstiles-zymeklis-marabu-glitter-rinkinys\/#primaryimage\"},\"image\":{\"@id\":\"https:\/\/hobstop.ee\/lt\/produktas\/tekstiles-zymeklis-marabu-glitter-rinkinys\/#primaryimage\"},\"thumbnailUrl\":\"https:\/\/hobstop.ee\/media\/3137.jpg\",\"datePublished\":\"2014-12-09T11:03:06+00:00\",\"dateModified\":\"2014-12-09T11:03:06+00:00\",\"breadcrumb\":{\"@id\":\"https:\/\/hobstop.ee\/lt\/produktas\/tekstiles-zymeklis-marabu-glitter-rinkinys\/#breadcrumb\"},\"inLanguage\":\"lt\",\"potentialAction\":[{\"@type\":\"ReadAction\",\"target\":[\"https:\/\/hobstop.ee\/lt\/produktas\/tekstiles-zymeklis-marabu-glitter-rinkinys\/\"]}]},{\"@type\":\"ImageObject\",\"inLanguage\":\"lt\",\"@id\":\"https:\/\/hobstop.ee\/lt\/produktas\/tekstiles-zymeklis-marabu-glitter-rinkinys\/#primaryimage\",\"url\":\"https:\/\/hobstop.ee\/media\/3137.jpg\",\"contentUrl\":\"https:\/\/hobstop.ee\/media\/3137.jpg\",\"width\":1024,\"height\":768},{\"@type\":\"BreadcrumbList\",\"@id\":\"https:\/\/hobstop.ee\/lt\/produktas\/tekstiles-zymeklis-marabu-glitter-rinkinys\/#breadcrumb\",\"itemListElement\":[{\"@type\":\"ListItem\",\"position\":1,\"name\":\"Avaleht\",\"item\":\"https:\/\/hobstop.ee\/lt\/\"},{\"@type\":\"ListItem\",\"position\":2,\"name\":\"Parduotuv\u0117\",\"item\":\"https:\/\/hobstop.ee\/lt\/parduotuve\/\"},{\"@type\":\"ListItem\",\"position\":3,\"name\":\"Tekstil\u0117s \u017eymeklis Marabu Glitter rinkinys\"}]},{\"@type\":\"WebSite\",\"@id\":\"https:\/\/hobstop.ee\/lt\/#website\",\"url\":\"https:\/\/hobstop.ee\/lt\/\",\"name\":\"Skizze\",\"description\":\"Dail\u0117s, pom\u0117gi\u0173 ir mokykliniai reikm\u0117nys\",\"publisher\":{\"@id\":\"https:\/\/hobstop.ee\/lt\/#organization\"},\"potentialAction\":[{\"@type\":\"SearchAction\",\"target\":{\"@type\":\"EntryPoint\",\"urlTemplate\":\"https:\/\/hobstop.ee\/lt\/?s={search_term_string}\"},\"query-input\":{\"@type\":\"PropertyValueSpecification\",\"valueRequired\":true,\"valueName\":\"search_term_string\"}}],\"inLanguage\":\"lt\"},{\"@type\":\"Organization\",\"@id\":\"https:\/\/hobstop.ee\/lt\/#organization\",\"name\":\"Vunder AS\",\"url\":\"https:\/\/hobstop.ee\/lt\/\",\"logo\":{\"@type\":\"ImageObject\",\"inLanguage\":\"lt\",\"@id\":\"https:\/\/hobstop.ee\/lt\/#\/schema\/logo\/image\/\",\"url\":\"https:\/\/hobstop.ee\/media\/vunder-logo.png\",\"contentUrl\":\"https:\/\/hobstop.ee\/media\/vunder-logo.png\",\"width\":127,\"height\":55,\"caption\":\"Vunder AS\"},\"image\":{\"@id\":\"https:\/\/hobstop.ee\/lt\/#\/schema\/logo\/image\/\"},\"sameAs\":[\"http:\/\/www.facebook.com\/VunderSkizze\"]}]}<\/script>\n<!-- \/ Yoast SEO plugin. -->","yoast_head_json":{"title":"Tekstil\u0117s \u017eymeklis Marabu Glitter rinkinys &#8211; Skizze","robots":{"index":"noindex","follow":"follow","max-snippet":"max-snippet:-1","max-image-preview":"max-image-preview:large","max-video-preview":"max-video-preview:-1"},"og_locale":"lt_LT","og_type":"article","og_title":"Tekstil\u0117s \u017eymeklis Marabu Glitter rinkinys &#8211; Skizze","og_description":"Vandeniui atsparus matinis flomasteris puikiai tinka naudoti mokyklose, meno b\u016breliuose ir m\u0117g\u0117jams. Galima pie\u0161ti beveik ant vis\u0173 \u0161viesi\u0173 ir tamsi\u0173 spalv\u0173 nat\u016brali\u0173 mink\u0161tikliais neapdorot\u0173 audini\u0173, kuri\u0173 sud\u0117tyje yra ne daugiau nei 20 proc. sintetikos. U\u017efiksavus da\u017eus (lygintuvu arba pakaitinus 8 minutes 150\u00b0 C orkait\u0117je), audin\u012f galima skalbti ne auk\u0161tesn\u0117je nei 40 \u00b0C temperat\u016broje. Flomasteris ant audinio nesudaro kietos pl\u0117vel\u0117s.","og_url":"https:\/\/hobstop.ee\/lt\/produktas\/tekstiles-zymeklis-marabu-glitter-rinkinys\/","og_site_name":"Skizze","article_publisher":"http:\/\/www.facebook.com\/VunderSkizze","og_image":[{"width":1024,"height":768,"url":"https:\/\/www.hobstop.ee\/media\/3137.jpg","type":"image\/jpeg"}],"twitter_card":"summary_large_image","schema":{"@context":"https:\/\/schema.org","@graph":[{"@type":"WebPage","@id":"https:\/\/hobstop.ee\/lt\/produktas\/tekstiles-zymeklis-marabu-glitter-rinkinys\/","url":"https:\/\/hobstop.ee\/lt\/produktas\/tekstiles-zymeklis-marabu-glitter-rinkinys\/","name":"Tekstil\u0117s \u017eymeklis Marabu Glitter rinkinys &#8211; Skizze","isPartOf":{"@id":"https:\/\/hobstop.ee\/lt\/#website"},"primaryImageOfPage":{"@id":"https:\/\/hobstop.ee\/lt\/produktas\/tekstiles-zymeklis-marabu-glitter-rinkinys\/#primaryimage"},"image":{"@id":"https:\/\/hobstop.ee\/lt\/produktas\/tekstiles-zymeklis-marabu-glitter-rinkinys\/#primaryimage"},"thumbnailUrl":"https:\/\/hobstop.ee\/media\/3137.jpg","datePublished":"2014-12-09T11:03:06+00:00","dateModified":"2014-12-09T11:03:06+00:00","breadcrumb":{"@id":"https:\/\/hobstop.ee\/lt\/produktas\/tekstiles-zymeklis-marabu-glitter-rinkinys\/#breadcrumb"},"inLanguage":"lt","potentialAction":[{"@type":"ReadAction","target":["https:\/\/hobstop.ee\/lt\/produktas\/tekstiles-zymeklis-marabu-glitter-rinkinys\/"]}]},{"@type":"ImageObject","inLanguage":"lt","@id":"https:\/\/hobstop.ee\/lt\/produktas\/tekstiles-zymeklis-marabu-glitter-rinkinys\/#primaryimage","url":"https:\/\/hobstop.ee\/media\/3137.jpg","contentUrl":"https:\/\/hobstop.ee\/media\/3137.jpg","width":1024,"height":768},{"@type":"BreadcrumbList","@id":"https:\/\/hobstop.ee\/lt\/produktas\/tekstiles-zymeklis-marabu-glitter-rinkinys\/#breadcrumb","itemListElement":[{"@type":"ListItem","position":1,"name":"Avaleht","item":"https:\/\/hobstop.ee\/lt\/"},{"@type":"ListItem","position":2,"name":"Parduotuv\u0117","item":"https:\/\/hobstop.ee\/lt\/parduotuve\/"},{"@type":"ListItem","position":3,"name":"Tekstil\u0117s \u017eymeklis Marabu Glitter rinkinys"}]},{"@type":"WebSite","@id":"https:\/\/hobstop.ee\/lt\/#website","url":"https:\/\/hobstop.ee\/lt\/","name":"Skizze","description":"Dail\u0117s, pom\u0117gi\u0173 ir mokykliniai reikm\u0117nys","publisher":{"@id":"https:\/\/hobstop.ee\/lt\/#organization"},"potentialAction":[{"@type":"SearchAction","target":{"@type":"EntryPoint","urlTemplate":"https:\/\/hobstop.ee\/lt\/?s={search_term_string}"},"query-input":{"@type":"PropertyValueSpecification","valueRequired":true,"valueName":"search_term_string"}}],"inLanguage":"lt"},{"@type":"Organization","@id":"https:\/\/hobstop.ee\/lt\/#organization","name":"Vunder AS","url":"https:\/\/hobstop.ee\/lt\/","logo":{"@type":"ImageObject","inLanguage":"lt","@id":"https:\/\/hobstop.ee\/lt\/#\/schema\/logo\/image\/","url":"https:\/\/hobstop.ee\/media\/vunder-logo.png","contentUrl":"https:\/\/hobstop.ee\/media\/vunder-logo.png","width":127,"height":55,"caption":"Vunder AS"},"image":{"@id":"https:\/\/hobstop.ee\/lt\/#\/schema\/logo\/image\/"},"sameAs":["http:\/\/www.facebook.com\/VunderSkizze"]}]}},"_links":{"self":[{"href":"https:\/\/hobstop.ee\/lt\/wp-json\/wp\/v2\/product\/25068","targetHints":{"allow":["GET"]}}],"collection":[{"href":"https:\/\/hobstop.ee\/lt\/wp-json\/wp\/v2\/product"}],"about":[{"href":"https:\/\/hobstop.ee\/lt\/wp-json\/wp\/v2\/types\/product"}],"replies":[{"embeddable":true,"href":"https:\/\/hobstop.ee\/lt\/wp-json\/wp\/v2\/comments?post=25068"}],"wp:featuredmedia":[{"embeddable":true,"href":"https:\/\/hobstop.ee\/lt\/wp-json\/wp\/v2\/media\/106083"}],"wp:attachment":[{"href":"https:\/\/hobstop.ee\/lt\/wp-json\/wp\/v2\/media?parent=25068"}],"wp:term":[{"taxonomy":"product_cat","embeddable":true,"href":"https:\/\/hobstop.ee\/lt\/wp-json\/wp\/v2\/product_cat?post=25068"},{"taxonomy":"product_tag","embeddable":true,"href":"https:\/\/hobstop.ee\/lt\/wp-json\/wp\/v2\/product_tag?post=25068"}],"curies":[{"name":"wp","href":"https:\/\/api.w.org\/{rel}","templated":true}]}}