{"id":25283,"date":"2014-12-09T13:34:47","date_gmt":"2014-12-09T11:34:47","guid":{"rendered":"https:\/\/sharks.ee\/vunder_2019.klient.veebimajutus.ee\/?post_type=product&#038;p=25283"},"modified":"2014-12-09T13:34:47","modified_gmt":"2014-12-09T11:34:47","slug":"aerozoliniai-dazai-liquitex-400ml","status":"publish","type":"product","link":"https:\/\/hobstop.ee\/lt\/produktas\/aerozoliniai-dazai-liquitex-400ml\/","title":{"rendered":"Aerozoliniai da\u017eai Liquitex 400ml"},"content":{"rendered":"<p>Naujovi\u0161ki, dailininkams skirti pur\u0161kiami \u201eLiquitex\u201c da\u017eai, kuriuose auk\u0161\u010diausios kokyb\u0117s pigmentai yra derinami su vandens pagrindo pur\u0161kiama technologija. Profesionaliems dailininkams specialiai sukurti nekvap\u016bs, vandens pagrindu pagaminti da\u017eai, kurie yra atspar\u016bs \u0161viesos poveikiui, patvar\u016bs, ilgalaikiai ir tinkantys \u012fvairiems pavir\u0161iams.<br \/>\nTinka naudoti su visais \u201eLiquitex\u201c akriliniais da\u017eais ir priedais.<br \/>\nAtskirai galima \u012fsigyti \u012fvairius buteliuk\u0173 antgalius.<\/p>\n","protected":false},"excerpt":{"rendered":"<p>Naujovi\u0161ki, dailininkams skirti pur\u0161kiami \u201eLiquitex\u201c da\u017eai, kuriuose auk\u0161\u010diausios kokyb\u0117s pigmentai yra derinami su vandens pagrindo pur\u0161kiama technologija. Profesionaliems dailininkams specialiai sukurti nekvap\u016bs, vandens pagrindu pagaminti da\u017eai, kurie yra atspar\u016bs \u0161viesos poveikiui, patvar\u016bs, ilgalaikiai ir tinkantys \u012fvairiems pavir\u0161iams. Tinka naudoti su visais \u201eLiquitex\u201c akriliniais da\u017eais ir priedais. Atskirai galima \u012fsigyti \u012fvairius buteliuk\u0173 antgalius.<\/p>\n","protected":false},"featured_media":352692,"comment_status":"closed","ping_status":"closed","template":"","meta":{"_acf_changed":false,"ep_exclude_from_search":false},"product_cat":[18995,16124,17981],"product_tag":[],"class_list":{"0":"post-25283","1":"product","2":"type-product","3":"status-publish","4":"has-post-thumbnail","6":"product_cat-akriliniai-dazai-4","7":"product_cat-dailes-prekes","8":"product_cat-dazai-ir-priedai-tapybai","10":"first","11":"instock","12":"sale","13":"taxable","14":"shipping-taxable","15":"purchasable","16":"product-type-variable"},"acf":[],"yoast_head":"<!-- This site is optimized with the Yoast SEO plugin v24.1 - https:\/\/yoast.com\/wordpress\/plugins\/seo\/ -->\n<title>Aerozoliniai da\u017eai Liquitex 400ml &#8211; Skizze<\/title>\n<meta name=\"robots\" content=\"noindex, follow, max-snippet:-1, max-image-preview:large, max-video-preview:-1\" \/>\n<meta property=\"og:locale\" content=\"lt_LT\" \/>\n<meta property=\"og:type\" content=\"article\" \/>\n<meta property=\"og:title\" content=\"Aerozoliniai da\u017eai Liquitex 400ml &#8211; Skizze\" \/>\n<meta property=\"og:description\" content=\"Naujovi\u0161ki, dailininkams skirti pur\u0161kiami \u201eLiquitex\u201c da\u017eai, kuriuose auk\u0161\u010diausios kokyb\u0117s pigmentai yra derinami su vandens pagrindo pur\u0161kiama technologija. Profesionaliems dailininkams specialiai sukurti nekvap\u016bs, vandens pagrindu pagaminti da\u017eai, kurie yra atspar\u016bs \u0161viesos poveikiui, patvar\u016bs, ilgalaikiai ir tinkantys \u012fvairiems pavir\u0161iams. Tinka naudoti su visais \u201eLiquitex\u201c akriliniais da\u017eais ir priedais. Atskirai galima \u012fsigyti \u012fvairius buteliuk\u0173 antgalius.\" \/>\n<meta property=\"og:url\" content=\"https:\/\/hobstop.ee\/lt\/produktas\/aerozoliniai-dazai-liquitex-400ml\/\" \/>\n<meta property=\"og:site_name\" content=\"Skizze\" \/>\n<meta property=\"article:publisher\" content=\"http:\/\/www.facebook.com\/VunderSkizze\" \/>\n<meta property=\"og:image\" content=\"https:\/\/hobstop.ee\/media\/3259.jpg\" \/>\n\t<meta property=\"og:image:width\" content=\"1024\" \/>\n\t<meta property=\"og:image:height\" content=\"768\" \/>\n\t<meta property=\"og:image:type\" content=\"image\/jpeg\" \/>\n<meta name=\"twitter:card\" content=\"summary_large_image\" \/>\n<script type=\"application\/ld+json\" class=\"yoast-schema-graph\">{\"@context\":\"https:\/\/schema.org\",\"@graph\":[{\"@type\":\"WebPage\",\"@id\":\"https:\/\/hobstop.ee\/lt\/produktas\/aerozoliniai-dazai-liquitex-400ml\/\",\"url\":\"https:\/\/hobstop.ee\/lt\/produktas\/aerozoliniai-dazai-liquitex-400ml\/\",\"name\":\"Aerozoliniai da\u017eai Liquitex 400ml &#8211; Skizze\",\"isPartOf\":{\"@id\":\"https:\/\/hobstop.ee\/lt\/#website\"},\"primaryImageOfPage\":{\"@id\":\"https:\/\/hobstop.ee\/lt\/produktas\/aerozoliniai-dazai-liquitex-400ml\/#primaryimage\"},\"image\":{\"@id\":\"https:\/\/hobstop.ee\/lt\/produktas\/aerozoliniai-dazai-liquitex-400ml\/#primaryimage\"},\"thumbnailUrl\":\"https:\/\/hobstop.ee\/media\/3259.jpg\",\"datePublished\":\"2014-12-09T11:34:47+00:00\",\"dateModified\":\"2014-12-09T11:34:47+00:00\",\"breadcrumb\":{\"@id\":\"https:\/\/hobstop.ee\/lt\/produktas\/aerozoliniai-dazai-liquitex-400ml\/#breadcrumb\"},\"inLanguage\":\"lt\",\"potentialAction\":[{\"@type\":\"ReadAction\",\"target\":[\"https:\/\/hobstop.ee\/lt\/produktas\/aerozoliniai-dazai-liquitex-400ml\/\"]}]},{\"@type\":\"ImageObject\",\"inLanguage\":\"lt\",\"@id\":\"https:\/\/hobstop.ee\/lt\/produktas\/aerozoliniai-dazai-liquitex-400ml\/#primaryimage\",\"url\":\"https:\/\/hobstop.ee\/media\/3259.jpg\",\"contentUrl\":\"https:\/\/hobstop.ee\/media\/3259.jpg\",\"width\":1024,\"height\":768},{\"@type\":\"BreadcrumbList\",\"@id\":\"https:\/\/hobstop.ee\/lt\/produktas\/aerozoliniai-dazai-liquitex-400ml\/#breadcrumb\",\"itemListElement\":[{\"@type\":\"ListItem\",\"position\":1,\"name\":\"Avaleht\",\"item\":\"https:\/\/hobstop.ee\/lt\/\"},{\"@type\":\"ListItem\",\"position\":2,\"name\":\"Parduotuv\u0117\",\"item\":\"https:\/\/hobstop.ee\/lt\/parduotuve\/\"},{\"@type\":\"ListItem\",\"position\":3,\"name\":\"Aerozoliniai da\u017eai Liquitex 400ml\"}]},{\"@type\":\"WebSite\",\"@id\":\"https:\/\/hobstop.ee\/lt\/#website\",\"url\":\"https:\/\/hobstop.ee\/lt\/\",\"name\":\"Skizze\",\"description\":\"Dail\u0117s, pom\u0117gi\u0173 ir mokykliniai reikm\u0117nys\",\"publisher\":{\"@id\":\"https:\/\/hobstop.ee\/lt\/#organization\"},\"potentialAction\":[{\"@type\":\"SearchAction\",\"target\":{\"@type\":\"EntryPoint\",\"urlTemplate\":\"https:\/\/hobstop.ee\/lt\/?s={search_term_string}\"},\"query-input\":{\"@type\":\"PropertyValueSpecification\",\"valueRequired\":true,\"valueName\":\"search_term_string\"}}],\"inLanguage\":\"lt\"},{\"@type\":\"Organization\",\"@id\":\"https:\/\/hobstop.ee\/lt\/#organization\",\"name\":\"Vunder AS\",\"url\":\"https:\/\/hobstop.ee\/lt\/\",\"logo\":{\"@type\":\"ImageObject\",\"inLanguage\":\"lt\",\"@id\":\"https:\/\/hobstop.ee\/lt\/#\/schema\/logo\/image\/\",\"url\":\"https:\/\/hobstop.ee\/media\/vunder-logo.png\",\"contentUrl\":\"https:\/\/hobstop.ee\/media\/vunder-logo.png\",\"width\":127,\"height\":55,\"caption\":\"Vunder AS\"},\"image\":{\"@id\":\"https:\/\/hobstop.ee\/lt\/#\/schema\/logo\/image\/\"},\"sameAs\":[\"http:\/\/www.facebook.com\/VunderSkizze\"]}]}<\/script>\n<!-- \/ Yoast SEO plugin. -->","yoast_head_json":{"title":"Aerozoliniai da\u017eai Liquitex 400ml &#8211; Skizze","robots":{"index":"noindex","follow":"follow","max-snippet":"max-snippet:-1","max-image-preview":"max-image-preview:large","max-video-preview":"max-video-preview:-1"},"og_locale":"lt_LT","og_type":"article","og_title":"Aerozoliniai da\u017eai Liquitex 400ml &#8211; Skizze","og_description":"Naujovi\u0161ki, dailininkams skirti pur\u0161kiami \u201eLiquitex\u201c da\u017eai, kuriuose auk\u0161\u010diausios kokyb\u0117s pigmentai yra derinami su vandens pagrindo pur\u0161kiama technologija. Profesionaliems dailininkams specialiai sukurti nekvap\u016bs, vandens pagrindu pagaminti da\u017eai, kurie yra atspar\u016bs \u0161viesos poveikiui, patvar\u016bs, ilgalaikiai ir tinkantys \u012fvairiems pavir\u0161iams. Tinka naudoti su visais \u201eLiquitex\u201c akriliniais da\u017eais ir priedais. Atskirai galima \u012fsigyti \u012fvairius buteliuk\u0173 antgalius.","og_url":"https:\/\/hobstop.ee\/lt\/produktas\/aerozoliniai-dazai-liquitex-400ml\/","og_site_name":"Skizze","article_publisher":"http:\/\/www.facebook.com\/VunderSkizze","og_image":[{"width":1024,"height":768,"url":"https:\/\/hobstop.ee\/media\/3259.jpg","type":"image\/jpeg"}],"twitter_card":"summary_large_image","schema":{"@context":"https:\/\/schema.org","@graph":[{"@type":"WebPage","@id":"https:\/\/hobstop.ee\/lt\/produktas\/aerozoliniai-dazai-liquitex-400ml\/","url":"https:\/\/hobstop.ee\/lt\/produktas\/aerozoliniai-dazai-liquitex-400ml\/","name":"Aerozoliniai da\u017eai Liquitex 400ml &#8211; Skizze","isPartOf":{"@id":"https:\/\/hobstop.ee\/lt\/#website"},"primaryImageOfPage":{"@id":"https:\/\/hobstop.ee\/lt\/produktas\/aerozoliniai-dazai-liquitex-400ml\/#primaryimage"},"image":{"@id":"https:\/\/hobstop.ee\/lt\/produktas\/aerozoliniai-dazai-liquitex-400ml\/#primaryimage"},"thumbnailUrl":"https:\/\/hobstop.ee\/media\/3259.jpg","datePublished":"2014-12-09T11:34:47+00:00","dateModified":"2014-12-09T11:34:47+00:00","breadcrumb":{"@id":"https:\/\/hobstop.ee\/lt\/produktas\/aerozoliniai-dazai-liquitex-400ml\/#breadcrumb"},"inLanguage":"lt","potentialAction":[{"@type":"ReadAction","target":["https:\/\/hobstop.ee\/lt\/produktas\/aerozoliniai-dazai-liquitex-400ml\/"]}]},{"@type":"ImageObject","inLanguage":"lt","@id":"https:\/\/hobstop.ee\/lt\/produktas\/aerozoliniai-dazai-liquitex-400ml\/#primaryimage","url":"https:\/\/hobstop.ee\/media\/3259.jpg","contentUrl":"https:\/\/hobstop.ee\/media\/3259.jpg","width":1024,"height":768},{"@type":"BreadcrumbList","@id":"https:\/\/hobstop.ee\/lt\/produktas\/aerozoliniai-dazai-liquitex-400ml\/#breadcrumb","itemListElement":[{"@type":"ListItem","position":1,"name":"Avaleht","item":"https:\/\/hobstop.ee\/lt\/"},{"@type":"ListItem","position":2,"name":"Parduotuv\u0117","item":"https:\/\/hobstop.ee\/lt\/parduotuve\/"},{"@type":"ListItem","position":3,"name":"Aerozoliniai da\u017eai Liquitex 400ml"}]},{"@type":"WebSite","@id":"https:\/\/hobstop.ee\/lt\/#website","url":"https:\/\/hobstop.ee\/lt\/","name":"Skizze","description":"Dail\u0117s, pom\u0117gi\u0173 ir mokykliniai reikm\u0117nys","publisher":{"@id":"https:\/\/hobstop.ee\/lt\/#organization"},"potentialAction":[{"@type":"SearchAction","target":{"@type":"EntryPoint","urlTemplate":"https:\/\/hobstop.ee\/lt\/?s={search_term_string}"},"query-input":{"@type":"PropertyValueSpecification","valueRequired":true,"valueName":"search_term_string"}}],"inLanguage":"lt"},{"@type":"Organization","@id":"https:\/\/hobstop.ee\/lt\/#organization","name":"Vunder AS","url":"https:\/\/hobstop.ee\/lt\/","logo":{"@type":"ImageObject","inLanguage":"lt","@id":"https:\/\/hobstop.ee\/lt\/#\/schema\/logo\/image\/","url":"https:\/\/hobstop.ee\/media\/vunder-logo.png","contentUrl":"https:\/\/hobstop.ee\/media\/vunder-logo.png","width":127,"height":55,"caption":"Vunder AS"},"image":{"@id":"https:\/\/hobstop.ee\/lt\/#\/schema\/logo\/image\/"},"sameAs":["http:\/\/www.facebook.com\/VunderSkizze"]}]}},"_links":{"self":[{"href":"https:\/\/hobstop.ee\/lt\/wp-json\/wp\/v2\/product\/25283","targetHints":{"allow":["GET"]}}],"collection":[{"href":"https:\/\/hobstop.ee\/lt\/wp-json\/wp\/v2\/product"}],"about":[{"href":"https:\/\/hobstop.ee\/lt\/wp-json\/wp\/v2\/types\/product"}],"replies":[{"embeddable":true,"href":"https:\/\/hobstop.ee\/lt\/wp-json\/wp\/v2\/comments?post=25283"}],"wp:featuredmedia":[{"embeddable":true,"href":"https:\/\/hobstop.ee\/lt\/wp-json\/wp\/v2\/media\/352692"}],"wp:attachment":[{"href":"https:\/\/hobstop.ee\/lt\/wp-json\/wp\/v2\/media?parent=25283"}],"wp:term":[{"taxonomy":"product_cat","embeddable":true,"href":"https:\/\/hobstop.ee\/lt\/wp-json\/wp\/v2\/product_cat?post=25283"},{"taxonomy":"product_tag","embeddable":true,"href":"https:\/\/hobstop.ee\/lt\/wp-json\/wp\/v2\/product_tag?post=25283"}],"curies":[{"name":"wp","href":"https:\/\/api.w.org\/{rel}","templated":true}]}}