{"id":25307,"date":"2014-12-09T13:34:52","date_gmt":"2014-12-09T11:34:52","guid":{"rendered":"https:\/\/sharks.ee\/vunder_2019.klient.veebimajutus.ee\/?post_type=product&#038;p=25307"},"modified":"2014-12-09T13:34:52","modified_gmt":"2014-12-09T11:34:52","slug":"akvarelinis-piestukas-derwent-inktense","status":"publish","type":"product","link":"https:\/\/hobstop.ee\/lt\/produktas\/akvarelinis-piestukas-derwent-inktense\/","title":{"rendered":"Akvarelinis pie\u0161tukas Derwent Inktense"},"content":{"rendered":"<p>Pie\u0161tuko ir tu\u0161o linijos yra ry\u0161kios, intensyvios spalvos, ta\u010diau tuo pa\u010diu skaidrios. Pie\u0161tukai \u201eInktense\u201c yra itin vientisos tekst\u016bros. Pirmiausia nupie\u0161kite ant sauso pavir\u0161iaus \u0161vari\u0105, ry\u0161ki\u0105 linij\u0105, tada, nor\u0117dami i\u0161gauti \u012f tu\u0161\u0105 pana\u0161\u0173 efekt\u0105, pigment\u0105 visi\u0161kai i\u0161sklaidykite. I\u0161d\u017eiuv\u0119 da\u017eai yra patvar\u016bs, ant j\u0173 galima pie\u0161ti ar tapyti kitomis priemon\u0117mis. Galimyb\u0117s begalin\u0117s, o rezultatas \u2013 nuostabus. Pie\u0161tukais \u201eInktense\u201c galima pie\u0161ti ant audinio, dekoruoti \u0161ilk\u0105 ir naudoti juos skiautini\u0173 dekoravimui.<br \/>\nApvalus 8mm kotelis, \u0161erdel\u0117s skersmuo: 4mm.<\/p>\n","protected":false},"excerpt":{"rendered":"<p>Pie\u0161tuko ir tu\u0161o linijos yra ry\u0161kios, intensyvios spalvos, ta\u010diau tuo pa\u010diu skaidrios. Pie\u0161tukai \u201eInktense\u201c yra itin vientisos tekst\u016bros. Pirmiausia nupie\u0161kite ant sauso pavir\u0161iaus \u0161vari\u0105, ry\u0161ki\u0105 linij\u0105, tada, nor\u0117dami i\u0161gauti \u012f tu\u0161\u0105 pana\u0161\u0173 efekt\u0105, pigment\u0105 visi\u0161kai i\u0161sklaidykite. I\u0161d\u017eiuv\u0119 da\u017eai yra patvar\u016bs, ant j\u0173 galima pie\u0161ti ar tapyti kitomis priemon\u0117mis. Galimyb\u0117s begalin\u0117s, o rezultatas \u2013 nuostabus. Pie\u0161tukais \u201eInktense\u201c galima pie\u0161ti ant audinio, dekoruoti \u0161ilk\u0105 ir naudoti juos skiautini\u0173 dekoravimui. Apvalus 8mm kotelis, \u0161erdel\u0117s skersmuo: 4mm.<\/p>\n","protected":false},"featured_media":148342,"comment_status":"closed","ping_status":"closed","template":"","meta":{"_acf_changed":false,"ep_exclude_from_search":false},"product_cat":[18986,16124,18932],"product_tag":[],"class_list":{"0":"post-25307","1":"product","2":"type-product","3":"status-publish","4":"has-post-thumbnail","6":"product_cat-akvareliniai-piestukai","7":"product_cat-dailes-prekes","8":"product_cat-piesimo-reikmenys-3","10":"first","11":"instock","12":"taxable","13":"shipping-taxable","14":"purchasable","15":"product-type-variable"},"acf":[],"yoast_head":"<!-- This site is optimized with the Yoast SEO plugin v24.1 - https:\/\/yoast.com\/wordpress\/plugins\/seo\/ -->\n<title>Akvarelinis pie\u0161tukas Derwent Inktense &#8211; Skizze<\/title>\n<meta name=\"robots\" content=\"noindex, follow, max-snippet:-1, max-image-preview:large, max-video-preview:-1\" \/>\n<meta property=\"og:locale\" content=\"lt_LT\" \/>\n<meta property=\"og:type\" content=\"article\" \/>\n<meta property=\"og:title\" content=\"Akvarelinis pie\u0161tukas Derwent Inktense &#8211; Skizze\" \/>\n<meta property=\"og:description\" content=\"Pie\u0161tuko ir tu\u0161o linijos yra ry\u0161kios, intensyvios spalvos, ta\u010diau tuo pa\u010diu skaidrios. Pie\u0161tukai \u201eInktense\u201c yra itin vientisos tekst\u016bros. Pirmiausia nupie\u0161kite ant sauso pavir\u0161iaus \u0161vari\u0105, ry\u0161ki\u0105 linij\u0105, tada, nor\u0117dami i\u0161gauti \u012f tu\u0161\u0105 pana\u0161\u0173 efekt\u0105, pigment\u0105 visi\u0161kai i\u0161sklaidykite. I\u0161d\u017eiuv\u0119 da\u017eai yra patvar\u016bs, ant j\u0173 galima pie\u0161ti ar tapyti kitomis priemon\u0117mis. Galimyb\u0117s begalin\u0117s, o rezultatas \u2013 nuostabus. Pie\u0161tukais \u201eInktense\u201c galima pie\u0161ti ant audinio, dekoruoti \u0161ilk\u0105 ir naudoti juos skiautini\u0173 dekoravimui. Apvalus 8mm kotelis, \u0161erdel\u0117s skersmuo: 4mm.\" \/>\n<meta property=\"og:url\" content=\"https:\/\/hobstop.ee\/lt\/produktas\/akvarelinis-piestukas-derwent-inktense\/\" \/>\n<meta property=\"og:site_name\" content=\"Skizze\" \/>\n<meta property=\"article:publisher\" content=\"http:\/\/www.facebook.com\/VunderSkizze\" \/>\n<meta property=\"og:image\" content=\"https:\/\/www.hobstop.ee\/media\/3297.jpg\" \/>\n\t<meta property=\"og:image:width\" content=\"1024\" \/>\n\t<meta property=\"og:image:height\" content=\"768\" \/>\n\t<meta property=\"og:image:type\" content=\"image\/jpeg\" \/>\n<meta name=\"twitter:card\" content=\"summary_large_image\" \/>\n<script type=\"application\/ld+json\" class=\"yoast-schema-graph\">{\"@context\":\"https:\/\/schema.org\",\"@graph\":[{\"@type\":\"WebPage\",\"@id\":\"https:\/\/hobstop.ee\/lt\/produktas\/akvarelinis-piestukas-derwent-inktense\/\",\"url\":\"https:\/\/hobstop.ee\/lt\/produktas\/akvarelinis-piestukas-derwent-inktense\/\",\"name\":\"Akvarelinis pie\u0161tukas Derwent Inktense &#8211; Skizze\",\"isPartOf\":{\"@id\":\"https:\/\/hobstop.ee\/lt\/#website\"},\"primaryImageOfPage\":{\"@id\":\"https:\/\/hobstop.ee\/lt\/produktas\/akvarelinis-piestukas-derwent-inktense\/#primaryimage\"},\"image\":{\"@id\":\"https:\/\/hobstop.ee\/lt\/produktas\/akvarelinis-piestukas-derwent-inktense\/#primaryimage\"},\"thumbnailUrl\":\"https:\/\/hobstop.ee\/media\/3297.jpg\",\"datePublished\":\"2014-12-09T11:34:52+00:00\",\"dateModified\":\"2014-12-09T11:34:52+00:00\",\"breadcrumb\":{\"@id\":\"https:\/\/hobstop.ee\/lt\/produktas\/akvarelinis-piestukas-derwent-inktense\/#breadcrumb\"},\"inLanguage\":\"lt\",\"potentialAction\":[{\"@type\":\"ReadAction\",\"target\":[\"https:\/\/hobstop.ee\/lt\/produktas\/akvarelinis-piestukas-derwent-inktense\/\"]}]},{\"@type\":\"ImageObject\",\"inLanguage\":\"lt\",\"@id\":\"https:\/\/hobstop.ee\/lt\/produktas\/akvarelinis-piestukas-derwent-inktense\/#primaryimage\",\"url\":\"https:\/\/hobstop.ee\/media\/3297.jpg\",\"contentUrl\":\"https:\/\/hobstop.ee\/media\/3297.jpg\",\"width\":1024,\"height\":768},{\"@type\":\"BreadcrumbList\",\"@id\":\"https:\/\/hobstop.ee\/lt\/produktas\/akvarelinis-piestukas-derwent-inktense\/#breadcrumb\",\"itemListElement\":[{\"@type\":\"ListItem\",\"position\":1,\"name\":\"Avaleht\",\"item\":\"https:\/\/hobstop.ee\/lt\/\"},{\"@type\":\"ListItem\",\"position\":2,\"name\":\"Parduotuv\u0117\",\"item\":\"https:\/\/hobstop.ee\/lt\/parduotuve\/\"},{\"@type\":\"ListItem\",\"position\":3,\"name\":\"Akvarelinis pie\u0161tukas Derwent Inktense\"}]},{\"@type\":\"WebSite\",\"@id\":\"https:\/\/hobstop.ee\/lt\/#website\",\"url\":\"https:\/\/hobstop.ee\/lt\/\",\"name\":\"Skizze\",\"description\":\"Dail\u0117s, pom\u0117gi\u0173 ir mokykliniai reikm\u0117nys\",\"publisher\":{\"@id\":\"https:\/\/hobstop.ee\/lt\/#organization\"},\"potentialAction\":[{\"@type\":\"SearchAction\",\"target\":{\"@type\":\"EntryPoint\",\"urlTemplate\":\"https:\/\/hobstop.ee\/lt\/?s={search_term_string}\"},\"query-input\":{\"@type\":\"PropertyValueSpecification\",\"valueRequired\":true,\"valueName\":\"search_term_string\"}}],\"inLanguage\":\"lt\"},{\"@type\":\"Organization\",\"@id\":\"https:\/\/hobstop.ee\/lt\/#organization\",\"name\":\"Vunder AS\",\"url\":\"https:\/\/hobstop.ee\/lt\/\",\"logo\":{\"@type\":\"ImageObject\",\"inLanguage\":\"lt\",\"@id\":\"https:\/\/hobstop.ee\/lt\/#\/schema\/logo\/image\/\",\"url\":\"https:\/\/hobstop.ee\/media\/vunder-logo.png\",\"contentUrl\":\"https:\/\/hobstop.ee\/media\/vunder-logo.png\",\"width\":127,\"height\":55,\"caption\":\"Vunder AS\"},\"image\":{\"@id\":\"https:\/\/hobstop.ee\/lt\/#\/schema\/logo\/image\/\"},\"sameAs\":[\"http:\/\/www.facebook.com\/VunderSkizze\"]}]}<\/script>\n<!-- \/ Yoast SEO plugin. -->","yoast_head_json":{"title":"Akvarelinis pie\u0161tukas Derwent Inktense &#8211; Skizze","robots":{"index":"noindex","follow":"follow","max-snippet":"max-snippet:-1","max-image-preview":"max-image-preview:large","max-video-preview":"max-video-preview:-1"},"og_locale":"lt_LT","og_type":"article","og_title":"Akvarelinis pie\u0161tukas Derwent Inktense &#8211; Skizze","og_description":"Pie\u0161tuko ir tu\u0161o linijos yra ry\u0161kios, intensyvios spalvos, ta\u010diau tuo pa\u010diu skaidrios. Pie\u0161tukai \u201eInktense\u201c yra itin vientisos tekst\u016bros. Pirmiausia nupie\u0161kite ant sauso pavir\u0161iaus \u0161vari\u0105, ry\u0161ki\u0105 linij\u0105, tada, nor\u0117dami i\u0161gauti \u012f tu\u0161\u0105 pana\u0161\u0173 efekt\u0105, pigment\u0105 visi\u0161kai i\u0161sklaidykite. I\u0161d\u017eiuv\u0119 da\u017eai yra patvar\u016bs, ant j\u0173 galima pie\u0161ti ar tapyti kitomis priemon\u0117mis. Galimyb\u0117s begalin\u0117s, o rezultatas \u2013 nuostabus. Pie\u0161tukais \u201eInktense\u201c galima pie\u0161ti ant audinio, dekoruoti \u0161ilk\u0105 ir naudoti juos skiautini\u0173 dekoravimui. Apvalus 8mm kotelis, \u0161erdel\u0117s skersmuo: 4mm.","og_url":"https:\/\/hobstop.ee\/lt\/produktas\/akvarelinis-piestukas-derwent-inktense\/","og_site_name":"Skizze","article_publisher":"http:\/\/www.facebook.com\/VunderSkizze","og_image":[{"width":1024,"height":768,"url":"https:\/\/www.hobstop.ee\/media\/3297.jpg","type":"image\/jpeg"}],"twitter_card":"summary_large_image","schema":{"@context":"https:\/\/schema.org","@graph":[{"@type":"WebPage","@id":"https:\/\/hobstop.ee\/lt\/produktas\/akvarelinis-piestukas-derwent-inktense\/","url":"https:\/\/hobstop.ee\/lt\/produktas\/akvarelinis-piestukas-derwent-inktense\/","name":"Akvarelinis pie\u0161tukas Derwent Inktense &#8211; Skizze","isPartOf":{"@id":"https:\/\/hobstop.ee\/lt\/#website"},"primaryImageOfPage":{"@id":"https:\/\/hobstop.ee\/lt\/produktas\/akvarelinis-piestukas-derwent-inktense\/#primaryimage"},"image":{"@id":"https:\/\/hobstop.ee\/lt\/produktas\/akvarelinis-piestukas-derwent-inktense\/#primaryimage"},"thumbnailUrl":"https:\/\/hobstop.ee\/media\/3297.jpg","datePublished":"2014-12-09T11:34:52+00:00","dateModified":"2014-12-09T11:34:52+00:00","breadcrumb":{"@id":"https:\/\/hobstop.ee\/lt\/produktas\/akvarelinis-piestukas-derwent-inktense\/#breadcrumb"},"inLanguage":"lt","potentialAction":[{"@type":"ReadAction","target":["https:\/\/hobstop.ee\/lt\/produktas\/akvarelinis-piestukas-derwent-inktense\/"]}]},{"@type":"ImageObject","inLanguage":"lt","@id":"https:\/\/hobstop.ee\/lt\/produktas\/akvarelinis-piestukas-derwent-inktense\/#primaryimage","url":"https:\/\/hobstop.ee\/media\/3297.jpg","contentUrl":"https:\/\/hobstop.ee\/media\/3297.jpg","width":1024,"height":768},{"@type":"BreadcrumbList","@id":"https:\/\/hobstop.ee\/lt\/produktas\/akvarelinis-piestukas-derwent-inktense\/#breadcrumb","itemListElement":[{"@type":"ListItem","position":1,"name":"Avaleht","item":"https:\/\/hobstop.ee\/lt\/"},{"@type":"ListItem","position":2,"name":"Parduotuv\u0117","item":"https:\/\/hobstop.ee\/lt\/parduotuve\/"},{"@type":"ListItem","position":3,"name":"Akvarelinis pie\u0161tukas Derwent Inktense"}]},{"@type":"WebSite","@id":"https:\/\/hobstop.ee\/lt\/#website","url":"https:\/\/hobstop.ee\/lt\/","name":"Skizze","description":"Dail\u0117s, pom\u0117gi\u0173 ir mokykliniai reikm\u0117nys","publisher":{"@id":"https:\/\/hobstop.ee\/lt\/#organization"},"potentialAction":[{"@type":"SearchAction","target":{"@type":"EntryPoint","urlTemplate":"https:\/\/hobstop.ee\/lt\/?s={search_term_string}"},"query-input":{"@type":"PropertyValueSpecification","valueRequired":true,"valueName":"search_term_string"}}],"inLanguage":"lt"},{"@type":"Organization","@id":"https:\/\/hobstop.ee\/lt\/#organization","name":"Vunder AS","url":"https:\/\/hobstop.ee\/lt\/","logo":{"@type":"ImageObject","inLanguage":"lt","@id":"https:\/\/hobstop.ee\/lt\/#\/schema\/logo\/image\/","url":"https:\/\/hobstop.ee\/media\/vunder-logo.png","contentUrl":"https:\/\/hobstop.ee\/media\/vunder-logo.png","width":127,"height":55,"caption":"Vunder AS"},"image":{"@id":"https:\/\/hobstop.ee\/lt\/#\/schema\/logo\/image\/"},"sameAs":["http:\/\/www.facebook.com\/VunderSkizze"]}]}},"_links":{"self":[{"href":"https:\/\/hobstop.ee\/lt\/wp-json\/wp\/v2\/product\/25307","targetHints":{"allow":["GET"]}}],"collection":[{"href":"https:\/\/hobstop.ee\/lt\/wp-json\/wp\/v2\/product"}],"about":[{"href":"https:\/\/hobstop.ee\/lt\/wp-json\/wp\/v2\/types\/product"}],"replies":[{"embeddable":true,"href":"https:\/\/hobstop.ee\/lt\/wp-json\/wp\/v2\/comments?post=25307"}],"wp:featuredmedia":[{"embeddable":true,"href":"https:\/\/hobstop.ee\/lt\/wp-json\/wp\/v2\/media\/148342"}],"wp:attachment":[{"href":"https:\/\/hobstop.ee\/lt\/wp-json\/wp\/v2\/media?parent=25307"}],"wp:term":[{"taxonomy":"product_cat","embeddable":true,"href":"https:\/\/hobstop.ee\/lt\/wp-json\/wp\/v2\/product_cat?post=25307"},{"taxonomy":"product_tag","embeddable":true,"href":"https:\/\/hobstop.ee\/lt\/wp-json\/wp\/v2\/product_tag?post=25307"}],"curies":[{"name":"wp","href":"https:\/\/api.w.org\/{rel}","templated":true}]}}