{"id":25315,"date":"2014-12-09T13:34:55","date_gmt":"2014-12-09T11:34:55","guid":{"rendered":"https:\/\/sharks.ee\/vunder_2019.klient.veebimajutus.ee\/?post_type=product&#038;p=25315"},"modified":"2014-12-09T13:34:55","modified_gmt":"2014-12-09T11:34:55","slug":"purskiklis-artbar","status":"publish","type":"product","link":"https:\/\/hobstop.ee\/lt\/produktas\/purskiklis-artbar\/","title":{"rendered":"Pur\u0161kiklis Artbar"},"content":{"rendered":"<p>Vandeniu liejamiems darbams \u0161is purk\u0161tukas suteiks nauj\u0105 k\u016brybi\u0161k\u0105 i\u0161vaizd\u0105. Tiesiai ant akvarele pie\u0161iamo darbo u\u017epurk\u0161tas vanduo sukuria \u012fdomi\u0105 tekst\u016br\u0105, da\u017e\u0173 nutek\u0117jimus ir nuvarv\u0117jimus. Da\u017e\u0173 pigment\u0105 (pavyzd\u017eiui, \u201eInktense\u201c arba akvarel\u0117s) galima i\u0161tirpinti ir \u201eGrate \u2018n\u2019 Shake\u201c indelyje, gautu skys\u010diu pripildyti purk\u0161tuk\u0105 ir tada da\u017eus purk\u0161ti tiesiai ant popieriaus. Da\u017enas dailininkas ant pie\u0161inio u\u017epur\u0161kia \u0161iek tiek vandens, kad pavir\u0161ius b\u016bt\u0173 dr\u0117gnas.<\/p>\n","protected":false},"excerpt":{"rendered":"<p>Vandeniu liejamiems darbams \u0161is purk\u0161tukas suteiks nauj\u0105 k\u016brybi\u0161k\u0105 i\u0161vaizd\u0105. Tiesiai ant akvarele pie\u0161iamo darbo u\u017epurk\u0161tas vanduo sukuria \u012fdomi\u0105 tekst\u016br\u0105, da\u017e\u0173 nutek\u0117jimus ir nuvarv\u0117jimus. Da\u017e\u0173 pigment\u0105 (pavyzd\u017eiui, \u201eInktense\u201c arba akvarel\u0117s) galima i\u0161tirpinti ir \u201eGrate \u2018n\u2019 Shake\u201c indelyje, gautu skys\u010diu pripildyti purk\u0161tuk\u0105 ir tada da\u017eus purk\u0161ti tiesiai ant popieriaus. Da\u017enas dailininkas ant pie\u0161inio u\u017epur\u0161kia \u0161iek tiek vandens, kad pavir\u0161ius b\u016bt\u0173 dr\u0117gnas.<\/p>\n","protected":false},"featured_media":148350,"comment_status":"closed","ping_status":"closed","template":"","meta":{"_acf_changed":false,"ep_exclude_from_search":false},"product_cat":[16124,18755,18932],"product_tag":[],"class_list":{"0":"post-25315","1":"product","2":"type-product","3":"status-publish","4":"has-post-thumbnail","6":"product_cat-dailes-prekes","7":"product_cat-ivairus-22","8":"product_cat-piesimo-reikmenys-3","10":"first","11":"instock","12":"taxable","13":"shipping-taxable","14":"purchasable","15":"product-type-variable"},"acf":[],"yoast_head":"<!-- This site is optimized with the Yoast SEO plugin v24.1 - https:\/\/yoast.com\/wordpress\/plugins\/seo\/ -->\n<title>Pur\u0161kiklis Artbar &#8211; Skizze<\/title>\n<meta name=\"robots\" content=\"noindex, follow, max-snippet:-1, max-image-preview:large, max-video-preview:-1\" \/>\n<meta property=\"og:locale\" content=\"lt_LT\" \/>\n<meta property=\"og:type\" content=\"article\" \/>\n<meta property=\"og:title\" content=\"Pur\u0161kiklis Artbar &#8211; Skizze\" \/>\n<meta property=\"og:description\" content=\"Vandeniu liejamiems darbams \u0161is purk\u0161tukas suteiks nauj\u0105 k\u016brybi\u0161k\u0105 i\u0161vaizd\u0105. Tiesiai ant akvarele pie\u0161iamo darbo u\u017epurk\u0161tas vanduo sukuria \u012fdomi\u0105 tekst\u016br\u0105, da\u017e\u0173 nutek\u0117jimus ir nuvarv\u0117jimus. Da\u017e\u0173 pigment\u0105 (pavyzd\u017eiui, \u201eInktense\u201c arba akvarel\u0117s) galima i\u0161tirpinti ir \u201eGrate \u2018n\u2019 Shake\u201c indelyje, gautu skys\u010diu pripildyti purk\u0161tuk\u0105 ir tada da\u017eus purk\u0161ti tiesiai ant popieriaus. Da\u017enas dailininkas ant pie\u0161inio u\u017epur\u0161kia \u0161iek tiek vandens, kad pavir\u0161ius b\u016bt\u0173 dr\u0117gnas.\" \/>\n<meta property=\"og:url\" content=\"https:\/\/hobstop.ee\/lt\/produktas\/purskiklis-artbar\/\" \/>\n<meta property=\"og:site_name\" content=\"Skizze\" \/>\n<meta property=\"article:publisher\" content=\"http:\/\/www.facebook.com\/VunderSkizze\" \/>\n<meta property=\"og:image\" content=\"https:\/\/hobstop.ee\/media\/3302.jpg\" \/>\n\t<meta property=\"og:image:width\" content=\"1024\" \/>\n\t<meta property=\"og:image:height\" content=\"768\" \/>\n\t<meta property=\"og:image:type\" content=\"image\/jpeg\" \/>\n<meta name=\"twitter:card\" content=\"summary_large_image\" \/>\n<script type=\"application\/ld+json\" class=\"yoast-schema-graph\">{\"@context\":\"https:\/\/schema.org\",\"@graph\":[{\"@type\":\"WebPage\",\"@id\":\"https:\/\/hobstop.ee\/lt\/produktas\/purskiklis-artbar\/\",\"url\":\"https:\/\/hobstop.ee\/lt\/produktas\/purskiklis-artbar\/\",\"name\":\"Pur\u0161kiklis Artbar &#8211; Skizze\",\"isPartOf\":{\"@id\":\"https:\/\/hobstop.ee\/lt\/#website\"},\"primaryImageOfPage\":{\"@id\":\"https:\/\/hobstop.ee\/lt\/produktas\/purskiklis-artbar\/#primaryimage\"},\"image\":{\"@id\":\"https:\/\/hobstop.ee\/lt\/produktas\/purskiklis-artbar\/#primaryimage\"},\"thumbnailUrl\":\"https:\/\/hobstop.ee\/media\/3302.jpg\",\"datePublished\":\"2014-12-09T11:34:55+00:00\",\"dateModified\":\"2014-12-09T11:34:55+00:00\",\"breadcrumb\":{\"@id\":\"https:\/\/hobstop.ee\/lt\/produktas\/purskiklis-artbar\/#breadcrumb\"},\"inLanguage\":\"lt\",\"potentialAction\":[{\"@type\":\"ReadAction\",\"target\":[\"https:\/\/hobstop.ee\/lt\/produktas\/purskiklis-artbar\/\"]}]},{\"@type\":\"ImageObject\",\"inLanguage\":\"lt\",\"@id\":\"https:\/\/hobstop.ee\/lt\/produktas\/purskiklis-artbar\/#primaryimage\",\"url\":\"https:\/\/hobstop.ee\/media\/3302.jpg\",\"contentUrl\":\"https:\/\/hobstop.ee\/media\/3302.jpg\",\"width\":1024,\"height\":768},{\"@type\":\"BreadcrumbList\",\"@id\":\"https:\/\/hobstop.ee\/lt\/produktas\/purskiklis-artbar\/#breadcrumb\",\"itemListElement\":[{\"@type\":\"ListItem\",\"position\":1,\"name\":\"Avaleht\",\"item\":\"https:\/\/hobstop.ee\/lt\/\"},{\"@type\":\"ListItem\",\"position\":2,\"name\":\"Parduotuv\u0117\",\"item\":\"https:\/\/hobstop.ee\/lt\/parduotuve\/\"},{\"@type\":\"ListItem\",\"position\":3,\"name\":\"Pur\u0161kiklis Artbar\"}]},{\"@type\":\"WebSite\",\"@id\":\"https:\/\/hobstop.ee\/lt\/#website\",\"url\":\"https:\/\/hobstop.ee\/lt\/\",\"name\":\"Skizze\",\"description\":\"Dail\u0117s, pom\u0117gi\u0173 ir mokykliniai reikm\u0117nys\",\"publisher\":{\"@id\":\"https:\/\/hobstop.ee\/lt\/#organization\"},\"potentialAction\":[{\"@type\":\"SearchAction\",\"target\":{\"@type\":\"EntryPoint\",\"urlTemplate\":\"https:\/\/hobstop.ee\/lt\/?s={search_term_string}\"},\"query-input\":{\"@type\":\"PropertyValueSpecification\",\"valueRequired\":true,\"valueName\":\"search_term_string\"}}],\"inLanguage\":\"lt\"},{\"@type\":\"Organization\",\"@id\":\"https:\/\/hobstop.ee\/lt\/#organization\",\"name\":\"Vunder AS\",\"url\":\"https:\/\/hobstop.ee\/lt\/\",\"logo\":{\"@type\":\"ImageObject\",\"inLanguage\":\"lt\",\"@id\":\"https:\/\/hobstop.ee\/lt\/#\/schema\/logo\/image\/\",\"url\":\"https:\/\/hobstop.ee\/media\/vunder-logo.png\",\"contentUrl\":\"https:\/\/hobstop.ee\/media\/vunder-logo.png\",\"width\":127,\"height\":55,\"caption\":\"Vunder AS\"},\"image\":{\"@id\":\"https:\/\/hobstop.ee\/lt\/#\/schema\/logo\/image\/\"},\"sameAs\":[\"http:\/\/www.facebook.com\/VunderSkizze\"]}]}<\/script>\n<!-- \/ Yoast SEO plugin. -->","yoast_head_json":{"title":"Pur\u0161kiklis Artbar &#8211; Skizze","robots":{"index":"noindex","follow":"follow","max-snippet":"max-snippet:-1","max-image-preview":"max-image-preview:large","max-video-preview":"max-video-preview:-1"},"og_locale":"lt_LT","og_type":"article","og_title":"Pur\u0161kiklis Artbar &#8211; Skizze","og_description":"Vandeniu liejamiems darbams \u0161is purk\u0161tukas suteiks nauj\u0105 k\u016brybi\u0161k\u0105 i\u0161vaizd\u0105. Tiesiai ant akvarele pie\u0161iamo darbo u\u017epurk\u0161tas vanduo sukuria \u012fdomi\u0105 tekst\u016br\u0105, da\u017e\u0173 nutek\u0117jimus ir nuvarv\u0117jimus. Da\u017e\u0173 pigment\u0105 (pavyzd\u017eiui, \u201eInktense\u201c arba akvarel\u0117s) galima i\u0161tirpinti ir \u201eGrate \u2018n\u2019 Shake\u201c indelyje, gautu skys\u010diu pripildyti purk\u0161tuk\u0105 ir tada da\u017eus purk\u0161ti tiesiai ant popieriaus. Da\u017enas dailininkas ant pie\u0161inio u\u017epur\u0161kia \u0161iek tiek vandens, kad pavir\u0161ius b\u016bt\u0173 dr\u0117gnas.","og_url":"https:\/\/hobstop.ee\/lt\/produktas\/purskiklis-artbar\/","og_site_name":"Skizze","article_publisher":"http:\/\/www.facebook.com\/VunderSkizze","og_image":[{"width":1024,"height":768,"url":"https:\/\/hobstop.ee\/media\/3302.jpg","type":"image\/jpeg"}],"twitter_card":"summary_large_image","schema":{"@context":"https:\/\/schema.org","@graph":[{"@type":"WebPage","@id":"https:\/\/hobstop.ee\/lt\/produktas\/purskiklis-artbar\/","url":"https:\/\/hobstop.ee\/lt\/produktas\/purskiklis-artbar\/","name":"Pur\u0161kiklis Artbar &#8211; Skizze","isPartOf":{"@id":"https:\/\/hobstop.ee\/lt\/#website"},"primaryImageOfPage":{"@id":"https:\/\/hobstop.ee\/lt\/produktas\/purskiklis-artbar\/#primaryimage"},"image":{"@id":"https:\/\/hobstop.ee\/lt\/produktas\/purskiklis-artbar\/#primaryimage"},"thumbnailUrl":"https:\/\/hobstop.ee\/media\/3302.jpg","datePublished":"2014-12-09T11:34:55+00:00","dateModified":"2014-12-09T11:34:55+00:00","breadcrumb":{"@id":"https:\/\/hobstop.ee\/lt\/produktas\/purskiklis-artbar\/#breadcrumb"},"inLanguage":"lt","potentialAction":[{"@type":"ReadAction","target":["https:\/\/hobstop.ee\/lt\/produktas\/purskiklis-artbar\/"]}]},{"@type":"ImageObject","inLanguage":"lt","@id":"https:\/\/hobstop.ee\/lt\/produktas\/purskiklis-artbar\/#primaryimage","url":"https:\/\/hobstop.ee\/media\/3302.jpg","contentUrl":"https:\/\/hobstop.ee\/media\/3302.jpg","width":1024,"height":768},{"@type":"BreadcrumbList","@id":"https:\/\/hobstop.ee\/lt\/produktas\/purskiklis-artbar\/#breadcrumb","itemListElement":[{"@type":"ListItem","position":1,"name":"Avaleht","item":"https:\/\/hobstop.ee\/lt\/"},{"@type":"ListItem","position":2,"name":"Parduotuv\u0117","item":"https:\/\/hobstop.ee\/lt\/parduotuve\/"},{"@type":"ListItem","position":3,"name":"Pur\u0161kiklis Artbar"}]},{"@type":"WebSite","@id":"https:\/\/hobstop.ee\/lt\/#website","url":"https:\/\/hobstop.ee\/lt\/","name":"Skizze","description":"Dail\u0117s, pom\u0117gi\u0173 ir mokykliniai reikm\u0117nys","publisher":{"@id":"https:\/\/hobstop.ee\/lt\/#organization"},"potentialAction":[{"@type":"SearchAction","target":{"@type":"EntryPoint","urlTemplate":"https:\/\/hobstop.ee\/lt\/?s={search_term_string}"},"query-input":{"@type":"PropertyValueSpecification","valueRequired":true,"valueName":"search_term_string"}}],"inLanguage":"lt"},{"@type":"Organization","@id":"https:\/\/hobstop.ee\/lt\/#organization","name":"Vunder AS","url":"https:\/\/hobstop.ee\/lt\/","logo":{"@type":"ImageObject","inLanguage":"lt","@id":"https:\/\/hobstop.ee\/lt\/#\/schema\/logo\/image\/","url":"https:\/\/hobstop.ee\/media\/vunder-logo.png","contentUrl":"https:\/\/hobstop.ee\/media\/vunder-logo.png","width":127,"height":55,"caption":"Vunder AS"},"image":{"@id":"https:\/\/hobstop.ee\/lt\/#\/schema\/logo\/image\/"},"sameAs":["http:\/\/www.facebook.com\/VunderSkizze"]}]}},"_links":{"self":[{"href":"https:\/\/hobstop.ee\/lt\/wp-json\/wp\/v2\/product\/25315","targetHints":{"allow":["GET"]}}],"collection":[{"href":"https:\/\/hobstop.ee\/lt\/wp-json\/wp\/v2\/product"}],"about":[{"href":"https:\/\/hobstop.ee\/lt\/wp-json\/wp\/v2\/types\/product"}],"replies":[{"embeddable":true,"href":"https:\/\/hobstop.ee\/lt\/wp-json\/wp\/v2\/comments?post=25315"}],"wp:featuredmedia":[{"embeddable":true,"href":"https:\/\/hobstop.ee\/lt\/wp-json\/wp\/v2\/media\/148350"}],"wp:attachment":[{"href":"https:\/\/hobstop.ee\/lt\/wp-json\/wp\/v2\/media?parent=25315"}],"wp:term":[{"taxonomy":"product_cat","embeddable":true,"href":"https:\/\/hobstop.ee\/lt\/wp-json\/wp\/v2\/product_cat?post=25315"},{"taxonomy":"product_tag","embeddable":true,"href":"https:\/\/hobstop.ee\/lt\/wp-json\/wp\/v2\/product_tag?post=25315"}],"curies":[{"name":"wp","href":"https:\/\/api.w.org\/{rel}","templated":true}]}}