{"id":25362,"date":"2014-12-09T13:35:04","date_gmt":"2014-12-09T11:35:04","guid":{"rendered":"https:\/\/sharks.ee\/vunder_2019.klient.veebimajutus.ee\/?post_type=product&#038;p=25362"},"modified":"2014-12-09T13:35:04","modified_gmt":"2014-12-09T11:35:04","slug":"aliejiniai-dazai-winsornewton-artists-37ml","status":"publish","type":"product","link":"https:\/\/hobstop.ee\/lt\/produktas\/aliejiniai-dazai-winsornewton-artists-37ml\/","title":{"rendered":"Aliejiniai da\u017eai Winsor&#038;Newton Artists 37ml"},"content":{"rendered":"<p>Aliejini\u0173 da\u017e\u0173 \u201eWinsor&#038;Newton Artists\u2018\u201c formul\u0117, kurioje dera ilgesn\u0117 nei 170 met\u0173 gamybos ir kokyb\u0117s patikrinimo patirtis u\u017etikrina, kad j\u0173 sud\u0117tyje yra naudojamos pa\u010dios geriausios \u017ealiavos, tod\u0117l \u0161ie da\u017eai yra vieni i\u0161 geriausi\u0173 visame pasaulyje. Aliejini\u0173 da\u017e\u0173 \u201eArtists\u2018\u201c gamyboje \u201eWinsor&#038;Newton\u201c naudoja tik pa\u010dius gryniausius pigmentus ir u\u017etikrina \u0161variausias, ry\u0161kiausias spalvas, kurias mai\u0161ant yra i\u0161gaunami geriausi spalv\u0173 mi\u0161iniai. Visose gamybos stadijose atliekamas i\u0161samus produkt\u0173 patikrinimas, parenkami labiausiai tinkantys da\u017eom\u0173j\u0173 aliej\u0173 ir pigment\u0173 dispersijos b\u016bdai ir u\u017etikrinama, kad kiekvienos spalvos savyb\u0117s bus i\u0161saugotos. Kiekviena spalva yra atid\u017eiai parinkta, kad b\u016bt\u0173 u\u017etikrintas geriausias pasirinkimas bei lankstumas, ir u\u017etikrinama, kad dailininkai tur\u0117t\u0173 geriausiai j\u0173 darbams tinkan\u010di\u0105 spalv\u0173 patel\u0119. \u201eWinsor&#038;Newton&#8217;s\u201c kokyb\u0117s standartai u\u017etikrina, kad spalvoms sukurti bus naudojami atskiri pigmentai. Derinami su ry\u0161kiomis spalvomis atskiri pigmentai sukuria begalin\u012f spalv\u0173 spektr\u0105 ir si\u016blo \u0161varius, ry\u0161kius atspalvius. Tai itin svarbu \u017ealiems, violetiniams ir oran\u017einiams atspalviams. Da\u017eus galima naudoti tir\u0161tus su tepti dailinink\u0173 mentel\u0117mis arba teptukais, arba skystus \u2013 itin plonam skaidriam da\u017e\u0173 sluoksniui sukurti. Aliejiniai da\u017eai \u201eWinsor&#038;Newton Artists\u201c kelias dienas i\u0161lieka mink\u0161ti ir dr\u0117gni, tod\u0117l lieka pakankamai laiko darbus atnaujinti ar pataisyti. Plono sluoksnio da\u017eai i\u0161d\u017ei\u016bsta (tampa atspar\u016bs lietimui) per 2\u201312 dien\u0173.<\/p>\n","protected":false},"excerpt":{"rendered":"<p>Aliejini\u0173 da\u017e\u0173 \u201eWinsor&#038;Newton Artists\u2018\u201c formul\u0117, kurioje dera ilgesn\u0117 nei 170 met\u0173 gamybos ir kokyb\u0117s patikrinimo patirtis u\u017etikrina, kad j\u0173 sud\u0117tyje yra naudojamos pa\u010dios geriausios \u017ealiavos, tod\u0117l \u0161ie da\u017eai yra vieni i\u0161 geriausi\u0173 visame pasaulyje. Aliejini\u0173 da\u017e\u0173 \u201eArtists\u2018\u201c gamyboje \u201eWinsor&#038;Newton\u201c naudoja tik pa\u010dius gryniausius pigmentus ir u\u017etikrina \u0161variausias, ry\u0161kiausias spalvas, kurias mai\u0161ant yra i\u0161gaunami geriausi spalv\u0173 mi\u0161iniai. Visose gamybos stadijose atliekamas i\u0161samus produkt\u0173 patikrinimas, parenkami labiausiai tinkantys da\u017eom\u0173j\u0173 aliej\u0173 ir pigment\u0173 dispersijos b\u016bdai ir u\u017etikrinama, kad kiekvienos spalvos savyb\u0117s bus i\u0161saugotos. Kiekviena spalva yra atid\u017eiai parinkta, kad b\u016bt\u0173 u\u017etikrintas geriausias pasirinkimas bei lankstumas, ir u\u017etikrinama, kad dailininkai tur\u0117t\u0173 geriausiai j\u0173 darbams tinkan\u010di\u0105 spalv\u0173 patel\u0119. \u201eWinsor&#038;Newton&#8217;s\u201c kokyb\u0117s standartai u\u017etikrina, kad spalvoms sukurti bus naudojami atskiri pigmentai. Derinami su ry\u0161kiomis spalvomis atskiri pigmentai sukuria begalin\u012f spalv\u0173 spektr\u0105 ir si\u016blo \u0161varius, ry\u0161kius atspalvius. Tai itin svarbu \u017ealiems, violetiniams ir oran\u017einiams atspalviams. Da\u017eus galima naudoti tir\u0161tus su tepti dailinink\u0173 mentel\u0117mis arba teptukais, arba skystus \u2013 itin plonam skaidriam da\u017e\u0173 sluoksniui sukurti. Aliejiniai da\u017eai \u201eWinsor&#038;Newton Artists\u201c kelias dienas i\u0161lieka mink\u0161ti ir dr\u0117gni, tod\u0117l lieka pakankamai laiko darbus atnaujinti ar pataisyti. Plono sluoksnio da\u017eai i\u0161d\u017ei\u016bsta (tampa atspar\u016bs lietimui) per 2\u201312 dien\u0173.<\/p>\n","protected":false},"featured_media":106687,"comment_status":"closed","ping_status":"closed","template":"","meta":{"_acf_changed":false,"ep_exclude_from_search":false},"product_cat":[18166,16124,17981],"product_tag":[],"class_list":{"0":"post-25362","1":"product","2":"type-product","3":"status-publish","4":"has-post-thumbnail","6":"product_cat-aliejiniai-dazai","7":"product_cat-dailes-prekes","8":"product_cat-dazai-ir-priedai-tapybai","10":"first","11":"instock","12":"sale","13":"taxable","14":"shipping-taxable","15":"purchasable","16":"product-type-variable"},"acf":[],"yoast_head":"<!-- This site is optimized with the Yoast SEO plugin v24.1 - https:\/\/yoast.com\/wordpress\/plugins\/seo\/ -->\n<title>Aliejiniai da\u017eai Winsor&amp;Newton Artists 37ml &#8211; Skizze<\/title>\n<meta name=\"robots\" content=\"noindex, follow, max-snippet:-1, max-image-preview:large, max-video-preview:-1\" \/>\n<meta property=\"og:locale\" content=\"lt_LT\" \/>\n<meta property=\"og:type\" content=\"article\" \/>\n<meta property=\"og:title\" content=\"Aliejiniai da\u017eai Winsor&amp;Newton Artists 37ml &#8211; Skizze\" \/>\n<meta property=\"og:description\" content=\"Aliejini\u0173 da\u017e\u0173 \u201eWinsor&#038;Newton Artists\u2018\u201c formul\u0117, kurioje dera ilgesn\u0117 nei 170 met\u0173 gamybos ir kokyb\u0117s patikrinimo patirtis u\u017etikrina, kad j\u0173 sud\u0117tyje yra naudojamos pa\u010dios geriausios \u017ealiavos, tod\u0117l \u0161ie da\u017eai yra vieni i\u0161 geriausi\u0173 visame pasaulyje. Aliejini\u0173 da\u017e\u0173 \u201eArtists\u2018\u201c gamyboje \u201eWinsor&#038;Newton\u201c naudoja tik pa\u010dius gryniausius pigmentus ir u\u017etikrina \u0161variausias, ry\u0161kiausias spalvas, kurias mai\u0161ant yra i\u0161gaunami geriausi spalv\u0173 mi\u0161iniai. Visose gamybos stadijose atliekamas i\u0161samus produkt\u0173 patikrinimas, parenkami labiausiai tinkantys da\u017eom\u0173j\u0173 aliej\u0173 ir pigment\u0173 dispersijos b\u016bdai ir u\u017etikrinama, kad kiekvienos spalvos savyb\u0117s bus i\u0161saugotos. Kiekviena spalva yra atid\u017eiai parinkta, kad b\u016bt\u0173 u\u017etikrintas geriausias pasirinkimas bei lankstumas, ir u\u017etikrinama, kad dailininkai tur\u0117t\u0173 geriausiai j\u0173 darbams tinkan\u010di\u0105 spalv\u0173 patel\u0119. \u201eWinsor&#038;Newton&#8217;s\u201c kokyb\u0117s standartai u\u017etikrina, kad spalvoms sukurti bus naudojami atskiri pigmentai. Derinami su ry\u0161kiomis spalvomis atskiri pigmentai sukuria begalin\u012f spalv\u0173 spektr\u0105 ir si\u016blo \u0161varius, ry\u0161kius atspalvius. Tai itin svarbu \u017ealiems, violetiniams ir oran\u017einiams atspalviams. Da\u017eus galima naudoti tir\u0161tus su tepti dailinink\u0173 mentel\u0117mis arba teptukais, arba skystus \u2013 itin plonam skaidriam da\u017e\u0173 sluoksniui sukurti. Aliejiniai da\u017eai \u201eWinsor&#038;Newton Artists\u201c kelias dienas i\u0161lieka mink\u0161ti ir dr\u0117gni, tod\u0117l lieka pakankamai laiko darbus atnaujinti ar pataisyti. Plono sluoksnio da\u017eai i\u0161d\u017ei\u016bsta (tampa atspar\u016bs lietimui) per 2\u201312 dien\u0173.\" \/>\n<meta property=\"og:url\" content=\"https:\/\/hobstop.ee\/lt\/produktas\/aliejiniai-dazai-winsornewton-artists-37ml\/\" \/>\n<meta property=\"og:site_name\" content=\"Skizze\" \/>\n<meta property=\"article:publisher\" content=\"http:\/\/www.facebook.com\/VunderSkizze\" \/>\n<meta property=\"og:image\" content=\"https:\/\/hobstop.ee\/media\/3328.jpg\" \/>\n\t<meta property=\"og:image:width\" content=\"1024\" \/>\n\t<meta property=\"og:image:height\" content=\"768\" \/>\n\t<meta property=\"og:image:type\" content=\"image\/jpeg\" \/>\n<meta name=\"twitter:card\" content=\"summary_large_image\" \/>\n<meta name=\"twitter:label1\" content=\"Est. reading time\" \/>\n\t<meta name=\"twitter:data1\" content=\"1 minute\" \/>\n<script type=\"application\/ld+json\" class=\"yoast-schema-graph\">{\"@context\":\"https:\/\/schema.org\",\"@graph\":[{\"@type\":\"WebPage\",\"@id\":\"https:\/\/hobstop.ee\/lt\/produktas\/aliejiniai-dazai-winsornewton-artists-37ml\/\",\"url\":\"https:\/\/hobstop.ee\/lt\/produktas\/aliejiniai-dazai-winsornewton-artists-37ml\/\",\"name\":\"Aliejiniai da\u017eai Winsor&Newton Artists 37ml &#8211; Skizze\",\"isPartOf\":{\"@id\":\"https:\/\/hobstop.ee\/lt\/#website\"},\"primaryImageOfPage\":{\"@id\":\"https:\/\/hobstop.ee\/lt\/produktas\/aliejiniai-dazai-winsornewton-artists-37ml\/#primaryimage\"},\"image\":{\"@id\":\"https:\/\/hobstop.ee\/lt\/produktas\/aliejiniai-dazai-winsornewton-artists-37ml\/#primaryimage\"},\"thumbnailUrl\":\"https:\/\/hobstop.ee\/media\/3328.jpg\",\"datePublished\":\"2014-12-09T11:35:04+00:00\",\"dateModified\":\"2014-12-09T11:35:04+00:00\",\"breadcrumb\":{\"@id\":\"https:\/\/hobstop.ee\/lt\/produktas\/aliejiniai-dazai-winsornewton-artists-37ml\/#breadcrumb\"},\"inLanguage\":\"lt\",\"potentialAction\":[{\"@type\":\"ReadAction\",\"target\":[\"https:\/\/hobstop.ee\/lt\/produktas\/aliejiniai-dazai-winsornewton-artists-37ml\/\"]}]},{\"@type\":\"ImageObject\",\"inLanguage\":\"lt\",\"@id\":\"https:\/\/hobstop.ee\/lt\/produktas\/aliejiniai-dazai-winsornewton-artists-37ml\/#primaryimage\",\"url\":\"https:\/\/hobstop.ee\/media\/3328.jpg\",\"contentUrl\":\"https:\/\/hobstop.ee\/media\/3328.jpg\",\"width\":1024,\"height\":768},{\"@type\":\"BreadcrumbList\",\"@id\":\"https:\/\/hobstop.ee\/lt\/produktas\/aliejiniai-dazai-winsornewton-artists-37ml\/#breadcrumb\",\"itemListElement\":[{\"@type\":\"ListItem\",\"position\":1,\"name\":\"Avaleht\",\"item\":\"https:\/\/hobstop.ee\/lt\/\"},{\"@type\":\"ListItem\",\"position\":2,\"name\":\"Parduotuv\u0117\",\"item\":\"https:\/\/hobstop.ee\/lt\/parduotuve\/\"},{\"@type\":\"ListItem\",\"position\":3,\"name\":\"Aliejiniai da\u017eai Winsor&#038;Newton Artists 37ml\"}]},{\"@type\":\"WebSite\",\"@id\":\"https:\/\/hobstop.ee\/lt\/#website\",\"url\":\"https:\/\/hobstop.ee\/lt\/\",\"name\":\"Skizze\",\"description\":\"Dail\u0117s, pom\u0117gi\u0173 ir mokykliniai reikm\u0117nys\",\"publisher\":{\"@id\":\"https:\/\/hobstop.ee\/lt\/#organization\"},\"potentialAction\":[{\"@type\":\"SearchAction\",\"target\":{\"@type\":\"EntryPoint\",\"urlTemplate\":\"https:\/\/hobstop.ee\/lt\/?s={search_term_string}\"},\"query-input\":{\"@type\":\"PropertyValueSpecification\",\"valueRequired\":true,\"valueName\":\"search_term_string\"}}],\"inLanguage\":\"lt\"},{\"@type\":\"Organization\",\"@id\":\"https:\/\/hobstop.ee\/lt\/#organization\",\"name\":\"Vunder AS\",\"url\":\"https:\/\/hobstop.ee\/lt\/\",\"logo\":{\"@type\":\"ImageObject\",\"inLanguage\":\"lt\",\"@id\":\"https:\/\/hobstop.ee\/lt\/#\/schema\/logo\/image\/\",\"url\":\"https:\/\/hobstop.ee\/media\/vunder-logo.png\",\"contentUrl\":\"https:\/\/hobstop.ee\/media\/vunder-logo.png\",\"width\":127,\"height\":55,\"caption\":\"Vunder AS\"},\"image\":{\"@id\":\"https:\/\/hobstop.ee\/lt\/#\/schema\/logo\/image\/\"},\"sameAs\":[\"http:\/\/www.facebook.com\/VunderSkizze\"]}]}<\/script>\n<!-- \/ Yoast SEO plugin. -->","yoast_head_json":{"title":"Aliejiniai da\u017eai Winsor&Newton Artists 37ml &#8211; Skizze","robots":{"index":"noindex","follow":"follow","max-snippet":"max-snippet:-1","max-image-preview":"max-image-preview:large","max-video-preview":"max-video-preview:-1"},"og_locale":"lt_LT","og_type":"article","og_title":"Aliejiniai da\u017eai Winsor&Newton Artists 37ml &#8211; Skizze","og_description":"Aliejini\u0173 da\u017e\u0173 \u201eWinsor&#038;Newton Artists\u2018\u201c formul\u0117, kurioje dera ilgesn\u0117 nei 170 met\u0173 gamybos ir kokyb\u0117s patikrinimo patirtis u\u017etikrina, kad j\u0173 sud\u0117tyje yra naudojamos pa\u010dios geriausios \u017ealiavos, tod\u0117l \u0161ie da\u017eai yra vieni i\u0161 geriausi\u0173 visame pasaulyje. Aliejini\u0173 da\u017e\u0173 \u201eArtists\u2018\u201c gamyboje \u201eWinsor&#038;Newton\u201c naudoja tik pa\u010dius gryniausius pigmentus ir u\u017etikrina \u0161variausias, ry\u0161kiausias spalvas, kurias mai\u0161ant yra i\u0161gaunami geriausi spalv\u0173 mi\u0161iniai. Visose gamybos stadijose atliekamas i\u0161samus produkt\u0173 patikrinimas, parenkami labiausiai tinkantys da\u017eom\u0173j\u0173 aliej\u0173 ir pigment\u0173 dispersijos b\u016bdai ir u\u017etikrinama, kad kiekvienos spalvos savyb\u0117s bus i\u0161saugotos. Kiekviena spalva yra atid\u017eiai parinkta, kad b\u016bt\u0173 u\u017etikrintas geriausias pasirinkimas bei lankstumas, ir u\u017etikrinama, kad dailininkai tur\u0117t\u0173 geriausiai j\u0173 darbams tinkan\u010di\u0105 spalv\u0173 patel\u0119. \u201eWinsor&#038;Newton&#8217;s\u201c kokyb\u0117s standartai u\u017etikrina, kad spalvoms sukurti bus naudojami atskiri pigmentai. Derinami su ry\u0161kiomis spalvomis atskiri pigmentai sukuria begalin\u012f spalv\u0173 spektr\u0105 ir si\u016blo \u0161varius, ry\u0161kius atspalvius. Tai itin svarbu \u017ealiems, violetiniams ir oran\u017einiams atspalviams. Da\u017eus galima naudoti tir\u0161tus su tepti dailinink\u0173 mentel\u0117mis arba teptukais, arba skystus \u2013 itin plonam skaidriam da\u017e\u0173 sluoksniui sukurti. Aliejiniai da\u017eai \u201eWinsor&#038;Newton Artists\u201c kelias dienas i\u0161lieka mink\u0161ti ir dr\u0117gni, tod\u0117l lieka pakankamai laiko darbus atnaujinti ar pataisyti. Plono sluoksnio da\u017eai i\u0161d\u017ei\u016bsta (tampa atspar\u016bs lietimui) per 2\u201312 dien\u0173.","og_url":"https:\/\/hobstop.ee\/lt\/produktas\/aliejiniai-dazai-winsornewton-artists-37ml\/","og_site_name":"Skizze","article_publisher":"http:\/\/www.facebook.com\/VunderSkizze","og_image":[{"width":1024,"height":768,"url":"https:\/\/hobstop.ee\/media\/3328.jpg","type":"image\/jpeg"}],"twitter_card":"summary_large_image","twitter_misc":{"Est. reading time":"1 minute"},"schema":{"@context":"https:\/\/schema.org","@graph":[{"@type":"WebPage","@id":"https:\/\/hobstop.ee\/lt\/produktas\/aliejiniai-dazai-winsornewton-artists-37ml\/","url":"https:\/\/hobstop.ee\/lt\/produktas\/aliejiniai-dazai-winsornewton-artists-37ml\/","name":"Aliejiniai da\u017eai Winsor&Newton Artists 37ml &#8211; Skizze","isPartOf":{"@id":"https:\/\/hobstop.ee\/lt\/#website"},"primaryImageOfPage":{"@id":"https:\/\/hobstop.ee\/lt\/produktas\/aliejiniai-dazai-winsornewton-artists-37ml\/#primaryimage"},"image":{"@id":"https:\/\/hobstop.ee\/lt\/produktas\/aliejiniai-dazai-winsornewton-artists-37ml\/#primaryimage"},"thumbnailUrl":"https:\/\/hobstop.ee\/media\/3328.jpg","datePublished":"2014-12-09T11:35:04+00:00","dateModified":"2014-12-09T11:35:04+00:00","breadcrumb":{"@id":"https:\/\/hobstop.ee\/lt\/produktas\/aliejiniai-dazai-winsornewton-artists-37ml\/#breadcrumb"},"inLanguage":"lt","potentialAction":[{"@type":"ReadAction","target":["https:\/\/hobstop.ee\/lt\/produktas\/aliejiniai-dazai-winsornewton-artists-37ml\/"]}]},{"@type":"ImageObject","inLanguage":"lt","@id":"https:\/\/hobstop.ee\/lt\/produktas\/aliejiniai-dazai-winsornewton-artists-37ml\/#primaryimage","url":"https:\/\/hobstop.ee\/media\/3328.jpg","contentUrl":"https:\/\/hobstop.ee\/media\/3328.jpg","width":1024,"height":768},{"@type":"BreadcrumbList","@id":"https:\/\/hobstop.ee\/lt\/produktas\/aliejiniai-dazai-winsornewton-artists-37ml\/#breadcrumb","itemListElement":[{"@type":"ListItem","position":1,"name":"Avaleht","item":"https:\/\/hobstop.ee\/lt\/"},{"@type":"ListItem","position":2,"name":"Parduotuv\u0117","item":"https:\/\/hobstop.ee\/lt\/parduotuve\/"},{"@type":"ListItem","position":3,"name":"Aliejiniai da\u017eai Winsor&#038;Newton Artists 37ml"}]},{"@type":"WebSite","@id":"https:\/\/hobstop.ee\/lt\/#website","url":"https:\/\/hobstop.ee\/lt\/","name":"Skizze","description":"Dail\u0117s, pom\u0117gi\u0173 ir mokykliniai reikm\u0117nys","publisher":{"@id":"https:\/\/hobstop.ee\/lt\/#organization"},"potentialAction":[{"@type":"SearchAction","target":{"@type":"EntryPoint","urlTemplate":"https:\/\/hobstop.ee\/lt\/?s={search_term_string}"},"query-input":{"@type":"PropertyValueSpecification","valueRequired":true,"valueName":"search_term_string"}}],"inLanguage":"lt"},{"@type":"Organization","@id":"https:\/\/hobstop.ee\/lt\/#organization","name":"Vunder AS","url":"https:\/\/hobstop.ee\/lt\/","logo":{"@type":"ImageObject","inLanguage":"lt","@id":"https:\/\/hobstop.ee\/lt\/#\/schema\/logo\/image\/","url":"https:\/\/hobstop.ee\/media\/vunder-logo.png","contentUrl":"https:\/\/hobstop.ee\/media\/vunder-logo.png","width":127,"height":55,"caption":"Vunder AS"},"image":{"@id":"https:\/\/hobstop.ee\/lt\/#\/schema\/logo\/image\/"},"sameAs":["http:\/\/www.facebook.com\/VunderSkizze"]}]}},"_links":{"self":[{"href":"https:\/\/hobstop.ee\/lt\/wp-json\/wp\/v2\/product\/25362","targetHints":{"allow":["GET"]}}],"collection":[{"href":"https:\/\/hobstop.ee\/lt\/wp-json\/wp\/v2\/product"}],"about":[{"href":"https:\/\/hobstop.ee\/lt\/wp-json\/wp\/v2\/types\/product"}],"replies":[{"embeddable":true,"href":"https:\/\/hobstop.ee\/lt\/wp-json\/wp\/v2\/comments?post=25362"}],"wp:featuredmedia":[{"embeddable":true,"href":"https:\/\/hobstop.ee\/lt\/wp-json\/wp\/v2\/media\/106687"}],"wp:attachment":[{"href":"https:\/\/hobstop.ee\/lt\/wp-json\/wp\/v2\/media?parent=25362"}],"wp:term":[{"taxonomy":"product_cat","embeddable":true,"href":"https:\/\/hobstop.ee\/lt\/wp-json\/wp\/v2\/product_cat?post=25362"},{"taxonomy":"product_tag","embeddable":true,"href":"https:\/\/hobstop.ee\/lt\/wp-json\/wp\/v2\/product_tag?post=25362"}],"curies":[{"name":"wp","href":"https:\/\/api.w.org\/{rel}","templated":true}]}}