{"id":254509,"date":"2016-03-10T11:12:33","date_gmt":"2016-03-10T09:12:33","guid":{"rendered":"https:\/\/sharks.ee\/vunder_2019\/lt\/product\/dekoratyvinis-pagrindas-rayher-skaidrus-pakabinamas\/"},"modified":"2016-03-10T11:12:33","modified_gmt":"2016-03-10T09:12:33","slug":"dekoratyvinis-pagrindas-rayher-skaidrus-pakabinamas","status":"publish","type":"product","link":"https:\/\/hobstop.ee\/lt\/produktas\/dekoratyvinis-pagrindas-rayher-skaidrus-pakabinamas\/","title":{"rendered":"Dekoratyvinis pagrindas Rayher skaidrus pakabinamas"},"content":{"rendered":"<p>Puiki id\u0117ja vaik\u0173 rankdarbiams, gimtadieniams ar dovanai. Lengvai nuda\u017eomas parankiais 3D da\u017eais. Formoje yra \u012fdubimai, tod\u0117l da\u017eai patys \u012fsilieja \u012f atskirtas vietas. Atskyrimo vieta yra nuda\u017eyta tamsiais da\u017eais, tod\u0117l motyvai yra ai\u0161kiai matomi.<\/p>\n","protected":false},"excerpt":{"rendered":"<p>Puiki id\u0117ja vaik\u0173 rankdarbiams, gimtadieniams ar dovanai. Lengvai nuda\u017eomas parankiais 3D da\u017eais. Formoje yra \u012fdubimai, tod\u0117l da\u017eai patys \u012fsilieja \u012f atskirtas vietas. Atskyrimo vieta yra nuda\u017eyta tamsiais da\u017eais, tod\u0117l motyvai yra ai\u0161kiai matomi.<\/p>\n","protected":false},"featured_media":0,"comment_status":"closed","ping_status":"closed","template":"","meta":{"_acf_changed":false,"ep_exclude_from_search":false},"product_cat":[20159,17919,14986],"product_tag":[],"class_list":{"0":"post-254509","1":"product","2":"type-product","3":"status-publish","5":"product_cat-plastikas","6":"product_cat-pomegiu-prekes","7":"product_cat-ruosinys","9":"first","10":"instock","11":"taxable","12":"shipping-taxable","13":"purchasable","14":"product-type-simple"},"acf":[],"yoast_head":"<!-- This site is optimized with the Yoast SEO plugin v24.1 - https:\/\/yoast.com\/wordpress\/plugins\/seo\/ -->\n<title>Dekoratyvinis pagrindas Rayher skaidrus pakabinamas &#8211; Skizze<\/title>\n<meta name=\"robots\" content=\"noindex, follow, max-snippet:-1, max-image-preview:large, max-video-preview:-1\" \/>\n<meta property=\"og:locale\" content=\"lt_LT\" \/>\n<meta property=\"og:type\" content=\"article\" \/>\n<meta property=\"og:title\" content=\"Dekoratyvinis pagrindas Rayher skaidrus pakabinamas &#8211; Skizze\" \/>\n<meta property=\"og:description\" content=\"Puiki id\u0117ja vaik\u0173 rankdarbiams, gimtadieniams ar dovanai. Lengvai nuda\u017eomas parankiais 3D da\u017eais. Formoje yra \u012fdubimai, tod\u0117l da\u017eai patys \u012fsilieja \u012f atskirtas vietas. Atskyrimo vieta yra nuda\u017eyta tamsiais da\u017eais, tod\u0117l motyvai yra ai\u0161kiai matomi.\" \/>\n<meta property=\"og:url\" content=\"https:\/\/hobstop.ee\/lt\/produktas\/dekoratyvinis-pagrindas-rayher-skaidrus-pakabinamas\/\" \/>\n<meta property=\"og:site_name\" content=\"Skizze\" \/>\n<meta property=\"article:publisher\" content=\"http:\/\/www.facebook.com\/VunderSkizze\" \/>\n<meta name=\"twitter:card\" content=\"summary_large_image\" \/>\n<script type=\"application\/ld+json\" class=\"yoast-schema-graph\">{\"@context\":\"https:\/\/schema.org\",\"@graph\":[{\"@type\":\"WebPage\",\"@id\":\"https:\/\/hobstop.ee\/lt\/produktas\/dekoratyvinis-pagrindas-rayher-skaidrus-pakabinamas\/\",\"url\":\"https:\/\/hobstop.ee\/lt\/produktas\/dekoratyvinis-pagrindas-rayher-skaidrus-pakabinamas\/\",\"name\":\"Dekoratyvinis pagrindas Rayher skaidrus pakabinamas &#8211; Skizze\",\"isPartOf\":{\"@id\":\"https:\/\/hobstop.ee\/lt\/#website\"},\"datePublished\":\"2016-03-10T09:12:33+00:00\",\"dateModified\":\"2016-03-10T09:12:33+00:00\",\"breadcrumb\":{\"@id\":\"https:\/\/hobstop.ee\/lt\/produktas\/dekoratyvinis-pagrindas-rayher-skaidrus-pakabinamas\/#breadcrumb\"},\"inLanguage\":\"lt\",\"potentialAction\":[{\"@type\":\"ReadAction\",\"target\":[\"https:\/\/hobstop.ee\/lt\/produktas\/dekoratyvinis-pagrindas-rayher-skaidrus-pakabinamas\/\"]}]},{\"@type\":\"BreadcrumbList\",\"@id\":\"https:\/\/hobstop.ee\/lt\/produktas\/dekoratyvinis-pagrindas-rayher-skaidrus-pakabinamas\/#breadcrumb\",\"itemListElement\":[{\"@type\":\"ListItem\",\"position\":1,\"name\":\"Avaleht\",\"item\":\"https:\/\/hobstop.ee\/lt\/\"},{\"@type\":\"ListItem\",\"position\":2,\"name\":\"Parduotuv\u0117\",\"item\":\"https:\/\/hobstop.ee\/lt\/parduotuve\/\"},{\"@type\":\"ListItem\",\"position\":3,\"name\":\"Dekoratyvinis pagrindas Rayher skaidrus pakabinamas\"}]},{\"@type\":\"WebSite\",\"@id\":\"https:\/\/hobstop.ee\/lt\/#website\",\"url\":\"https:\/\/hobstop.ee\/lt\/\",\"name\":\"Skizze\",\"description\":\"Dail\u0117s, pom\u0117gi\u0173 ir mokykliniai reikm\u0117nys\",\"publisher\":{\"@id\":\"https:\/\/hobstop.ee\/lt\/#organization\"},\"potentialAction\":[{\"@type\":\"SearchAction\",\"target\":{\"@type\":\"EntryPoint\",\"urlTemplate\":\"https:\/\/hobstop.ee\/lt\/?s={search_term_string}\"},\"query-input\":{\"@type\":\"PropertyValueSpecification\",\"valueRequired\":true,\"valueName\":\"search_term_string\"}}],\"inLanguage\":\"lt\"},{\"@type\":\"Organization\",\"@id\":\"https:\/\/hobstop.ee\/lt\/#organization\",\"name\":\"Vunder AS\",\"url\":\"https:\/\/hobstop.ee\/lt\/\",\"logo\":{\"@type\":\"ImageObject\",\"inLanguage\":\"lt\",\"@id\":\"https:\/\/hobstop.ee\/lt\/#\/schema\/logo\/image\/\",\"url\":\"https:\/\/hobstop.ee\/media\/vunder-logo.png\",\"contentUrl\":\"https:\/\/hobstop.ee\/media\/vunder-logo.png\",\"width\":127,\"height\":55,\"caption\":\"Vunder AS\"},\"image\":{\"@id\":\"https:\/\/hobstop.ee\/lt\/#\/schema\/logo\/image\/\"},\"sameAs\":[\"http:\/\/www.facebook.com\/VunderSkizze\"]}]}<\/script>\n<!-- \/ Yoast SEO plugin. -->","yoast_head_json":{"title":"Dekoratyvinis pagrindas Rayher skaidrus pakabinamas &#8211; Skizze","robots":{"index":"noindex","follow":"follow","max-snippet":"max-snippet:-1","max-image-preview":"max-image-preview:large","max-video-preview":"max-video-preview:-1"},"og_locale":"lt_LT","og_type":"article","og_title":"Dekoratyvinis pagrindas Rayher skaidrus pakabinamas &#8211; Skizze","og_description":"Puiki id\u0117ja vaik\u0173 rankdarbiams, gimtadieniams ar dovanai. Lengvai nuda\u017eomas parankiais 3D da\u017eais. Formoje yra \u012fdubimai, tod\u0117l da\u017eai patys \u012fsilieja \u012f atskirtas vietas. Atskyrimo vieta yra nuda\u017eyta tamsiais da\u017eais, tod\u0117l motyvai yra ai\u0161kiai matomi.","og_url":"https:\/\/hobstop.ee\/lt\/produktas\/dekoratyvinis-pagrindas-rayher-skaidrus-pakabinamas\/","og_site_name":"Skizze","article_publisher":"http:\/\/www.facebook.com\/VunderSkizze","twitter_card":"summary_large_image","schema":{"@context":"https:\/\/schema.org","@graph":[{"@type":"WebPage","@id":"https:\/\/hobstop.ee\/lt\/produktas\/dekoratyvinis-pagrindas-rayher-skaidrus-pakabinamas\/","url":"https:\/\/hobstop.ee\/lt\/produktas\/dekoratyvinis-pagrindas-rayher-skaidrus-pakabinamas\/","name":"Dekoratyvinis pagrindas Rayher skaidrus pakabinamas &#8211; Skizze","isPartOf":{"@id":"https:\/\/hobstop.ee\/lt\/#website"},"datePublished":"2016-03-10T09:12:33+00:00","dateModified":"2016-03-10T09:12:33+00:00","breadcrumb":{"@id":"https:\/\/hobstop.ee\/lt\/produktas\/dekoratyvinis-pagrindas-rayher-skaidrus-pakabinamas\/#breadcrumb"},"inLanguage":"lt","potentialAction":[{"@type":"ReadAction","target":["https:\/\/hobstop.ee\/lt\/produktas\/dekoratyvinis-pagrindas-rayher-skaidrus-pakabinamas\/"]}]},{"@type":"BreadcrumbList","@id":"https:\/\/hobstop.ee\/lt\/produktas\/dekoratyvinis-pagrindas-rayher-skaidrus-pakabinamas\/#breadcrumb","itemListElement":[{"@type":"ListItem","position":1,"name":"Avaleht","item":"https:\/\/hobstop.ee\/lt\/"},{"@type":"ListItem","position":2,"name":"Parduotuv\u0117","item":"https:\/\/hobstop.ee\/lt\/parduotuve\/"},{"@type":"ListItem","position":3,"name":"Dekoratyvinis pagrindas Rayher skaidrus pakabinamas"}]},{"@type":"WebSite","@id":"https:\/\/hobstop.ee\/lt\/#website","url":"https:\/\/hobstop.ee\/lt\/","name":"Skizze","description":"Dail\u0117s, pom\u0117gi\u0173 ir mokykliniai reikm\u0117nys","publisher":{"@id":"https:\/\/hobstop.ee\/lt\/#organization"},"potentialAction":[{"@type":"SearchAction","target":{"@type":"EntryPoint","urlTemplate":"https:\/\/hobstop.ee\/lt\/?s={search_term_string}"},"query-input":{"@type":"PropertyValueSpecification","valueRequired":true,"valueName":"search_term_string"}}],"inLanguage":"lt"},{"@type":"Organization","@id":"https:\/\/hobstop.ee\/lt\/#organization","name":"Vunder AS","url":"https:\/\/hobstop.ee\/lt\/","logo":{"@type":"ImageObject","inLanguage":"lt","@id":"https:\/\/hobstop.ee\/lt\/#\/schema\/logo\/image\/","url":"https:\/\/hobstop.ee\/media\/vunder-logo.png","contentUrl":"https:\/\/hobstop.ee\/media\/vunder-logo.png","width":127,"height":55,"caption":"Vunder AS"},"image":{"@id":"https:\/\/hobstop.ee\/lt\/#\/schema\/logo\/image\/"},"sameAs":["http:\/\/www.facebook.com\/VunderSkizze"]}]}},"_links":{"self":[{"href":"https:\/\/hobstop.ee\/lt\/wp-json\/wp\/v2\/product\/254509","targetHints":{"allow":["GET"]}}],"collection":[{"href":"https:\/\/hobstop.ee\/lt\/wp-json\/wp\/v2\/product"}],"about":[{"href":"https:\/\/hobstop.ee\/lt\/wp-json\/wp\/v2\/types\/product"}],"replies":[{"embeddable":true,"href":"https:\/\/hobstop.ee\/lt\/wp-json\/wp\/v2\/comments?post=254509"}],"wp:attachment":[{"href":"https:\/\/hobstop.ee\/lt\/wp-json\/wp\/v2\/media?parent=254509"}],"wp:term":[{"taxonomy":"product_cat","embeddable":true,"href":"https:\/\/hobstop.ee\/lt\/wp-json\/wp\/v2\/product_cat?post=254509"},{"taxonomy":"product_tag","embeddable":true,"href":"https:\/\/hobstop.ee\/lt\/wp-json\/wp\/v2\/product_tag?post=254509"}],"curies":[{"name":"wp","href":"https:\/\/api.w.org\/{rel}","templated":true}]}}