{"id":25454,"date":"2014-12-09T13:35:28","date_gmt":"2014-12-09T11:35:28","guid":{"rendered":"https:\/\/sharks.ee\/vunder_2019.klient.veebimajutus.ee\/?post_type=product&#038;p=25454"},"modified":"2014-12-09T13:35:28","modified_gmt":"2014-12-09T11:35:28","slug":"sviestuvas-daylight-artist-studio-clip-on","status":"publish","type":"product","link":"https:\/\/hobstop.ee\/lt\/produktas\/sviestuvas-daylight-artist-studio-clip-on\/","title":{"rendered":"\u0160viestuvas Daylight Artist Studio Clip-on"},"content":{"rendered":"<p>Sukurtas specialiai dailininkams, restauratoriams ir fotografams, kurie dirba su vidutinio ar didesniais nei vidutinio dyd\u017eio paveikslais, sienos dalimis ar kitais dideliais objektais. Stovas siekia 2.2m auk\u0161t\u012f, o ry\u0161ki 32W Daylight lemput\u0117 sukuria ideali\u0105 aplink\u0105 darbui su spalvomis. Dienos \u0161viesa ma\u017eiau vargina akis, joje geriau \u012f\u017ei\u016brimos detal\u0117s, puikiai \u017emon\u0117ms su silpnu reg\u0117jimu. Prie stovo galima pritaisyti kelis \u201eDaylight Clip-on Studio\u201c \u0161viestuvus. Specialus fiksatorius \u0161viestuv\u0105 tvirtai laiko prie stovo net ir nukreipiant \u0161vies\u0105. Su \u0161viestuvu komplekte yra 3 metr\u0173 ilgio laidas.<\/p>\n","protected":false},"excerpt":{"rendered":"<p>Sukurtas specialiai dailininkams, restauratoriams ir fotografams, kurie dirba su vidutinio ar didesniais nei vidutinio dyd\u017eio paveikslais, sienos dalimis ar kitais dideliais objektais. Stovas siekia 2.2m auk\u0161t\u012f, o ry\u0161ki 32W Daylight lemput\u0117 sukuria ideali\u0105 aplink\u0105 darbui su spalvomis. Dienos \u0161viesa ma\u017eiau vargina akis, joje geriau \u012f\u017ei\u016brimos detal\u0117s, puikiai \u017emon\u0117ms su silpnu reg\u0117jimu. Prie stovo galima pritaisyti kelis \u201eDaylight Clip-on Studio\u201c \u0161viestuvus. Specialus fiksatorius \u0161viestuv\u0105 tvirtai laiko prie stovo net ir nukreipiant \u0161vies\u0105. Su \u0161viestuvu komplekte yra 3 metr\u0173 ilgio laidas.<\/p>\n","protected":false},"featured_media":106851,"comment_status":"closed","ping_status":"closed","template":"","meta":{"_acf_changed":false,"ep_exclude_from_search":false},"product_cat":[18799,20061],"product_tag":[],"class_list":{"0":"post-25454","1":"product","2":"type-product","3":"status-publish","4":"has-post-thumbnail","6":"product_cat-sviestuvai-2","7":"product_cat-sviestuvai-dailininkams","9":"first","10":"instock","11":"taxable","12":"shipping-taxable","13":"purchasable","14":"product-type-variable"},"acf":[],"yoast_head":"<!-- This site is optimized with the Yoast SEO plugin v24.1 - https:\/\/yoast.com\/wordpress\/plugins\/seo\/ -->\n<title>\u0160viestuvas Daylight Artist Studio Clip-on &#8211; Skizze<\/title>\n<meta name=\"robots\" content=\"noindex, follow, max-snippet:-1, max-image-preview:large, max-video-preview:-1\" \/>\n<meta property=\"og:locale\" content=\"lt_LT\" \/>\n<meta property=\"og:type\" content=\"article\" \/>\n<meta property=\"og:title\" content=\"\u0160viestuvas Daylight Artist Studio Clip-on &#8211; Skizze\" \/>\n<meta property=\"og:description\" content=\"Sukurtas specialiai dailininkams, restauratoriams ir fotografams, kurie dirba su vidutinio ar didesniais nei vidutinio dyd\u017eio paveikslais, sienos dalimis ar kitais dideliais objektais. Stovas siekia 2.2m auk\u0161t\u012f, o ry\u0161ki 32W Daylight lemput\u0117 sukuria ideali\u0105 aplink\u0105 darbui su spalvomis. Dienos \u0161viesa ma\u017eiau vargina akis, joje geriau \u012f\u017ei\u016brimos detal\u0117s, puikiai \u017emon\u0117ms su silpnu reg\u0117jimu. Prie stovo galima pritaisyti kelis \u201eDaylight Clip-on Studio\u201c \u0161viestuvus. Specialus fiksatorius \u0161viestuv\u0105 tvirtai laiko prie stovo net ir nukreipiant \u0161vies\u0105. Su \u0161viestuvu komplekte yra 3 metr\u0173 ilgio laidas.\" \/>\n<meta property=\"og:url\" content=\"https:\/\/hobstop.ee\/lt\/produktas\/sviestuvas-daylight-artist-studio-clip-on\/\" \/>\n<meta property=\"og:site_name\" content=\"Skizze\" \/>\n<meta property=\"article:publisher\" content=\"http:\/\/www.facebook.com\/VunderSkizze\" \/>\n<meta property=\"og:image\" content=\"https:\/\/hobstop.ee\/media\/3379.jpg\" \/>\n\t<meta property=\"og:image:width\" content=\"1024\" \/>\n\t<meta property=\"og:image:height\" content=\"768\" \/>\n\t<meta property=\"og:image:type\" content=\"image\/jpeg\" \/>\n<meta name=\"twitter:card\" content=\"summary_large_image\" \/>\n<script type=\"application\/ld+json\" class=\"yoast-schema-graph\">{\"@context\":\"https:\/\/schema.org\",\"@graph\":[{\"@type\":\"WebPage\",\"@id\":\"https:\/\/hobstop.ee\/lt\/produktas\/sviestuvas-daylight-artist-studio-clip-on\/\",\"url\":\"https:\/\/hobstop.ee\/lt\/produktas\/sviestuvas-daylight-artist-studio-clip-on\/\",\"name\":\"\u0160viestuvas Daylight Artist Studio Clip-on &#8211; Skizze\",\"isPartOf\":{\"@id\":\"https:\/\/hobstop.ee\/lt\/#website\"},\"primaryImageOfPage\":{\"@id\":\"https:\/\/hobstop.ee\/lt\/produktas\/sviestuvas-daylight-artist-studio-clip-on\/#primaryimage\"},\"image\":{\"@id\":\"https:\/\/hobstop.ee\/lt\/produktas\/sviestuvas-daylight-artist-studio-clip-on\/#primaryimage\"},\"thumbnailUrl\":\"https:\/\/hobstop.ee\/media\/3379.jpg\",\"datePublished\":\"2014-12-09T11:35:28+00:00\",\"dateModified\":\"2014-12-09T11:35:28+00:00\",\"breadcrumb\":{\"@id\":\"https:\/\/hobstop.ee\/lt\/produktas\/sviestuvas-daylight-artist-studio-clip-on\/#breadcrumb\"},\"inLanguage\":\"lt\",\"potentialAction\":[{\"@type\":\"ReadAction\",\"target\":[\"https:\/\/hobstop.ee\/lt\/produktas\/sviestuvas-daylight-artist-studio-clip-on\/\"]}]},{\"@type\":\"ImageObject\",\"inLanguage\":\"lt\",\"@id\":\"https:\/\/hobstop.ee\/lt\/produktas\/sviestuvas-daylight-artist-studio-clip-on\/#primaryimage\",\"url\":\"https:\/\/hobstop.ee\/media\/3379.jpg\",\"contentUrl\":\"https:\/\/hobstop.ee\/media\/3379.jpg\",\"width\":1024,\"height\":768},{\"@type\":\"BreadcrumbList\",\"@id\":\"https:\/\/hobstop.ee\/lt\/produktas\/sviestuvas-daylight-artist-studio-clip-on\/#breadcrumb\",\"itemListElement\":[{\"@type\":\"ListItem\",\"position\":1,\"name\":\"Avaleht\",\"item\":\"https:\/\/hobstop.ee\/lt\/\"},{\"@type\":\"ListItem\",\"position\":2,\"name\":\"Parduotuv\u0117\",\"item\":\"https:\/\/hobstop.ee\/lt\/parduotuve\/\"},{\"@type\":\"ListItem\",\"position\":3,\"name\":\"\u0160viestuvas Daylight Artist Studio Clip-on\"}]},{\"@type\":\"WebSite\",\"@id\":\"https:\/\/hobstop.ee\/lt\/#website\",\"url\":\"https:\/\/hobstop.ee\/lt\/\",\"name\":\"Skizze\",\"description\":\"Dail\u0117s, pom\u0117gi\u0173 ir mokykliniai reikm\u0117nys\",\"publisher\":{\"@id\":\"https:\/\/hobstop.ee\/lt\/#organization\"},\"potentialAction\":[{\"@type\":\"SearchAction\",\"target\":{\"@type\":\"EntryPoint\",\"urlTemplate\":\"https:\/\/hobstop.ee\/lt\/?s={search_term_string}\"},\"query-input\":{\"@type\":\"PropertyValueSpecification\",\"valueRequired\":true,\"valueName\":\"search_term_string\"}}],\"inLanguage\":\"lt\"},{\"@type\":\"Organization\",\"@id\":\"https:\/\/hobstop.ee\/lt\/#organization\",\"name\":\"Vunder AS\",\"url\":\"https:\/\/hobstop.ee\/lt\/\",\"logo\":{\"@type\":\"ImageObject\",\"inLanguage\":\"lt\",\"@id\":\"https:\/\/hobstop.ee\/lt\/#\/schema\/logo\/image\/\",\"url\":\"https:\/\/hobstop.ee\/media\/vunder-logo.png\",\"contentUrl\":\"https:\/\/hobstop.ee\/media\/vunder-logo.png\",\"width\":127,\"height\":55,\"caption\":\"Vunder AS\"},\"image\":{\"@id\":\"https:\/\/hobstop.ee\/lt\/#\/schema\/logo\/image\/\"},\"sameAs\":[\"http:\/\/www.facebook.com\/VunderSkizze\"]}]}<\/script>\n<!-- \/ Yoast SEO plugin. -->","yoast_head_json":{"title":"\u0160viestuvas Daylight Artist Studio Clip-on &#8211; Skizze","robots":{"index":"noindex","follow":"follow","max-snippet":"max-snippet:-1","max-image-preview":"max-image-preview:large","max-video-preview":"max-video-preview:-1"},"og_locale":"lt_LT","og_type":"article","og_title":"\u0160viestuvas Daylight Artist Studio Clip-on &#8211; Skizze","og_description":"Sukurtas specialiai dailininkams, restauratoriams ir fotografams, kurie dirba su vidutinio ar didesniais nei vidutinio dyd\u017eio paveikslais, sienos dalimis ar kitais dideliais objektais. Stovas siekia 2.2m auk\u0161t\u012f, o ry\u0161ki 32W Daylight lemput\u0117 sukuria ideali\u0105 aplink\u0105 darbui su spalvomis. Dienos \u0161viesa ma\u017eiau vargina akis, joje geriau \u012f\u017ei\u016brimos detal\u0117s, puikiai \u017emon\u0117ms su silpnu reg\u0117jimu. Prie stovo galima pritaisyti kelis \u201eDaylight Clip-on Studio\u201c \u0161viestuvus. Specialus fiksatorius \u0161viestuv\u0105 tvirtai laiko prie stovo net ir nukreipiant \u0161vies\u0105. Su \u0161viestuvu komplekte yra 3 metr\u0173 ilgio laidas.","og_url":"https:\/\/hobstop.ee\/lt\/produktas\/sviestuvas-daylight-artist-studio-clip-on\/","og_site_name":"Skizze","article_publisher":"http:\/\/www.facebook.com\/VunderSkizze","og_image":[{"width":1024,"height":768,"url":"https:\/\/hobstop.ee\/media\/3379.jpg","type":"image\/jpeg"}],"twitter_card":"summary_large_image","schema":{"@context":"https:\/\/schema.org","@graph":[{"@type":"WebPage","@id":"https:\/\/hobstop.ee\/lt\/produktas\/sviestuvas-daylight-artist-studio-clip-on\/","url":"https:\/\/hobstop.ee\/lt\/produktas\/sviestuvas-daylight-artist-studio-clip-on\/","name":"\u0160viestuvas Daylight Artist Studio Clip-on &#8211; Skizze","isPartOf":{"@id":"https:\/\/hobstop.ee\/lt\/#website"},"primaryImageOfPage":{"@id":"https:\/\/hobstop.ee\/lt\/produktas\/sviestuvas-daylight-artist-studio-clip-on\/#primaryimage"},"image":{"@id":"https:\/\/hobstop.ee\/lt\/produktas\/sviestuvas-daylight-artist-studio-clip-on\/#primaryimage"},"thumbnailUrl":"https:\/\/hobstop.ee\/media\/3379.jpg","datePublished":"2014-12-09T11:35:28+00:00","dateModified":"2014-12-09T11:35:28+00:00","breadcrumb":{"@id":"https:\/\/hobstop.ee\/lt\/produktas\/sviestuvas-daylight-artist-studio-clip-on\/#breadcrumb"},"inLanguage":"lt","potentialAction":[{"@type":"ReadAction","target":["https:\/\/hobstop.ee\/lt\/produktas\/sviestuvas-daylight-artist-studio-clip-on\/"]}]},{"@type":"ImageObject","inLanguage":"lt","@id":"https:\/\/hobstop.ee\/lt\/produktas\/sviestuvas-daylight-artist-studio-clip-on\/#primaryimage","url":"https:\/\/hobstop.ee\/media\/3379.jpg","contentUrl":"https:\/\/hobstop.ee\/media\/3379.jpg","width":1024,"height":768},{"@type":"BreadcrumbList","@id":"https:\/\/hobstop.ee\/lt\/produktas\/sviestuvas-daylight-artist-studio-clip-on\/#breadcrumb","itemListElement":[{"@type":"ListItem","position":1,"name":"Avaleht","item":"https:\/\/hobstop.ee\/lt\/"},{"@type":"ListItem","position":2,"name":"Parduotuv\u0117","item":"https:\/\/hobstop.ee\/lt\/parduotuve\/"},{"@type":"ListItem","position":3,"name":"\u0160viestuvas Daylight Artist Studio Clip-on"}]},{"@type":"WebSite","@id":"https:\/\/hobstop.ee\/lt\/#website","url":"https:\/\/hobstop.ee\/lt\/","name":"Skizze","description":"Dail\u0117s, pom\u0117gi\u0173 ir mokykliniai reikm\u0117nys","publisher":{"@id":"https:\/\/hobstop.ee\/lt\/#organization"},"potentialAction":[{"@type":"SearchAction","target":{"@type":"EntryPoint","urlTemplate":"https:\/\/hobstop.ee\/lt\/?s={search_term_string}"},"query-input":{"@type":"PropertyValueSpecification","valueRequired":true,"valueName":"search_term_string"}}],"inLanguage":"lt"},{"@type":"Organization","@id":"https:\/\/hobstop.ee\/lt\/#organization","name":"Vunder AS","url":"https:\/\/hobstop.ee\/lt\/","logo":{"@type":"ImageObject","inLanguage":"lt","@id":"https:\/\/hobstop.ee\/lt\/#\/schema\/logo\/image\/","url":"https:\/\/hobstop.ee\/media\/vunder-logo.png","contentUrl":"https:\/\/hobstop.ee\/media\/vunder-logo.png","width":127,"height":55,"caption":"Vunder AS"},"image":{"@id":"https:\/\/hobstop.ee\/lt\/#\/schema\/logo\/image\/"},"sameAs":["http:\/\/www.facebook.com\/VunderSkizze"]}]}},"_links":{"self":[{"href":"https:\/\/hobstop.ee\/lt\/wp-json\/wp\/v2\/product\/25454","targetHints":{"allow":["GET"]}}],"collection":[{"href":"https:\/\/hobstop.ee\/lt\/wp-json\/wp\/v2\/product"}],"about":[{"href":"https:\/\/hobstop.ee\/lt\/wp-json\/wp\/v2\/types\/product"}],"replies":[{"embeddable":true,"href":"https:\/\/hobstop.ee\/lt\/wp-json\/wp\/v2\/comments?post=25454"}],"wp:featuredmedia":[{"embeddable":true,"href":"https:\/\/hobstop.ee\/lt\/wp-json\/wp\/v2\/media\/106851"}],"wp:attachment":[{"href":"https:\/\/hobstop.ee\/lt\/wp-json\/wp\/v2\/media?parent=25454"}],"wp:term":[{"taxonomy":"product_cat","embeddable":true,"href":"https:\/\/hobstop.ee\/lt\/wp-json\/wp\/v2\/product_cat?post=25454"},{"taxonomy":"product_tag","embeddable":true,"href":"https:\/\/hobstop.ee\/lt\/wp-json\/wp\/v2\/product_tag?post=25454"}],"curies":[{"name":"wp","href":"https:\/\/api.w.org\/{rel}","templated":true}]}}