{"id":255785,"date":"2016-03-10T12:59:48","date_gmt":"2016-03-10T10:59:48","guid":{"rendered":"https:\/\/sharks.ee\/vunder_2019\/lt\/product\/lipdymo-mase-darwi-kids\/"},"modified":"2016-03-10T12:59:48","modified_gmt":"2016-03-10T10:59:48","slug":"lipdymo-mase-darwi-kids","status":"publish","type":"product","link":"https:\/\/hobstop.ee\/lt\/produktas\/lipdymo-mase-darwi-kids\/","title":{"rendered":"Lipdymo mas\u0117 Darwi Kids"},"content":{"rendered":"<p>Ore d\u017ei\u016bstantis ir kiet\u0117jantis itin mink\u0161tas lipdymo molis \u201eDarwi Kids\u201c. Jis yra elastingas, tod\u0117l itin tinka vaikams, taip pat kaip terapijos priemon\u0117 su\u017eeistiems pir\u0161tams atstatyti. J\u012f tinka naudoti lipdiniams, skulpt\u016broms, lipdyti l\u0117l\u0117ms, papuo\u0161alams, ornamentams, sien\u0173 papuo\u0161imams, miniati\u016broms ir pan. Lipdymo molis \u201eDarwi Kids\u201c neturi kvapo ir nelimpa prie pir\u0161t\u0173. I\u0161d\u017ei\u016bsta per 25 valandas, d\u017ei\u016bdamas nesusitraukia.<\/p>\n","protected":false},"excerpt":{"rendered":"<p>Ore d\u017ei\u016bstantis ir kiet\u0117jantis itin mink\u0161tas lipdymo molis \u201eDarwi Kids\u201c. Jis yra elastingas, tod\u0117l itin tinka vaikams, taip pat kaip terapijos priemon\u0117 su\u017eeistiems pir\u0161tams atstatyti. J\u012f tinka naudoti lipdiniams, skulpt\u016broms, lipdyti l\u0117l\u0117ms, papuo\u0161alams, ornamentams, sien\u0173 papuo\u0161imams, miniati\u016broms ir pan. Lipdymo molis \u201eDarwi Kids\u201c neturi kvapo ir nelimpa prie pir\u0161t\u0173. I\u0161d\u017ei\u016bsta per 25 valandas, d\u017ei\u016bdamas nesusitraukia.<\/p>\n","protected":false},"featured_media":353256,"comment_status":"closed","ping_status":"closed","template":"","meta":{"_acf_changed":false,"ep_exclude_from_search":false},"product_cat":[20087,18192,17919],"product_tag":[],"class_list":{"0":"post-255785","1":"product","2":"type-product","3":"status-publish","4":"has-post-thumbnail","6":"product_cat-medziagos-ir-priemones-lipdymui","7":"product_cat-molis","8":"product_cat-pomegiu-prekes","10":"first","11":"instock","12":"taxable","13":"shipping-taxable","14":"purchasable","15":"product-type-simple"},"acf":[],"yoast_head":"<!-- This site is optimized with the Yoast SEO plugin v24.1 - https:\/\/yoast.com\/wordpress\/plugins\/seo\/ -->\n<title>Lipdymo mas\u0117 Darwi Kids &#8211; Skizze<\/title>\n<meta name=\"robots\" content=\"noindex, follow, max-snippet:-1, max-image-preview:large, max-video-preview:-1\" \/>\n<meta property=\"og:locale\" content=\"lt_LT\" \/>\n<meta property=\"og:type\" content=\"article\" \/>\n<meta property=\"og:title\" content=\"Lipdymo mas\u0117 Darwi Kids &#8211; Skizze\" \/>\n<meta property=\"og:description\" content=\"Ore d\u017ei\u016bstantis ir kiet\u0117jantis itin mink\u0161tas lipdymo molis \u201eDarwi Kids\u201c. Jis yra elastingas, tod\u0117l itin tinka vaikams, taip pat kaip terapijos priemon\u0117 su\u017eeistiems pir\u0161tams atstatyti. J\u012f tinka naudoti lipdiniams, skulpt\u016broms, lipdyti l\u0117l\u0117ms, papuo\u0161alams, ornamentams, sien\u0173 papuo\u0161imams, miniati\u016broms ir pan. Lipdymo molis \u201eDarwi Kids\u201c neturi kvapo ir nelimpa prie pir\u0161t\u0173. I\u0161d\u017ei\u016bsta per 25 valandas, d\u017ei\u016bdamas nesusitraukia.\" \/>\n<meta property=\"og:url\" content=\"https:\/\/hobstop.ee\/lt\/produktas\/lipdymo-mase-darwi-kids\/\" \/>\n<meta property=\"og:site_name\" content=\"Skizze\" \/>\n<meta property=\"article:publisher\" content=\"http:\/\/www.facebook.com\/VunderSkizze\" \/>\n<meta property=\"og:image\" content=\"https:\/\/www.hobstop.ee\/media\/4157.jpg\" \/>\n\t<meta property=\"og:image:width\" content=\"1024\" \/>\n\t<meta property=\"og:image:height\" content=\"768\" \/>\n\t<meta property=\"og:image:type\" content=\"image\/jpeg\" \/>\n<meta name=\"twitter:card\" content=\"summary_large_image\" \/>\n<script type=\"application\/ld+json\" class=\"yoast-schema-graph\">{\"@context\":\"https:\/\/schema.org\",\"@graph\":[{\"@type\":\"WebPage\",\"@id\":\"https:\/\/hobstop.ee\/lt\/produktas\/lipdymo-mase-darwi-kids\/\",\"url\":\"https:\/\/hobstop.ee\/lt\/produktas\/lipdymo-mase-darwi-kids\/\",\"name\":\"Lipdymo mas\u0117 Darwi Kids &#8211; Skizze\",\"isPartOf\":{\"@id\":\"https:\/\/hobstop.ee\/lt\/#website\"},\"primaryImageOfPage\":{\"@id\":\"https:\/\/hobstop.ee\/lt\/produktas\/lipdymo-mase-darwi-kids\/#primaryimage\"},\"image\":{\"@id\":\"https:\/\/hobstop.ee\/lt\/produktas\/lipdymo-mase-darwi-kids\/#primaryimage\"},\"thumbnailUrl\":\"https:\/\/hobstop.ee\/media\/4157.jpg\",\"datePublished\":\"2016-03-10T10:59:48+00:00\",\"dateModified\":\"2016-03-10T10:59:48+00:00\",\"breadcrumb\":{\"@id\":\"https:\/\/hobstop.ee\/lt\/produktas\/lipdymo-mase-darwi-kids\/#breadcrumb\"},\"inLanguage\":\"lt\",\"potentialAction\":[{\"@type\":\"ReadAction\",\"target\":[\"https:\/\/hobstop.ee\/lt\/produktas\/lipdymo-mase-darwi-kids\/\"]}]},{\"@type\":\"ImageObject\",\"inLanguage\":\"lt\",\"@id\":\"https:\/\/hobstop.ee\/lt\/produktas\/lipdymo-mase-darwi-kids\/#primaryimage\",\"url\":\"https:\/\/hobstop.ee\/media\/4157.jpg\",\"contentUrl\":\"https:\/\/hobstop.ee\/media\/4157.jpg\",\"width\":1024,\"height\":768},{\"@type\":\"BreadcrumbList\",\"@id\":\"https:\/\/hobstop.ee\/lt\/produktas\/lipdymo-mase-darwi-kids\/#breadcrumb\",\"itemListElement\":[{\"@type\":\"ListItem\",\"position\":1,\"name\":\"Avaleht\",\"item\":\"https:\/\/hobstop.ee\/lt\/\"},{\"@type\":\"ListItem\",\"position\":2,\"name\":\"Parduotuv\u0117\",\"item\":\"https:\/\/hobstop.ee\/lt\/parduotuve\/\"},{\"@type\":\"ListItem\",\"position\":3,\"name\":\"Lipdymo mas\u0117 Darwi Kids\"}]},{\"@type\":\"WebSite\",\"@id\":\"https:\/\/hobstop.ee\/lt\/#website\",\"url\":\"https:\/\/hobstop.ee\/lt\/\",\"name\":\"Skizze\",\"description\":\"Dail\u0117s, pom\u0117gi\u0173 ir mokykliniai reikm\u0117nys\",\"publisher\":{\"@id\":\"https:\/\/hobstop.ee\/lt\/#organization\"},\"potentialAction\":[{\"@type\":\"SearchAction\",\"target\":{\"@type\":\"EntryPoint\",\"urlTemplate\":\"https:\/\/hobstop.ee\/lt\/?s={search_term_string}\"},\"query-input\":{\"@type\":\"PropertyValueSpecification\",\"valueRequired\":true,\"valueName\":\"search_term_string\"}}],\"inLanguage\":\"lt\"},{\"@type\":\"Organization\",\"@id\":\"https:\/\/hobstop.ee\/lt\/#organization\",\"name\":\"Vunder AS\",\"url\":\"https:\/\/hobstop.ee\/lt\/\",\"logo\":{\"@type\":\"ImageObject\",\"inLanguage\":\"lt\",\"@id\":\"https:\/\/hobstop.ee\/lt\/#\/schema\/logo\/image\/\",\"url\":\"https:\/\/hobstop.ee\/media\/vunder-logo.png\",\"contentUrl\":\"https:\/\/hobstop.ee\/media\/vunder-logo.png\",\"width\":127,\"height\":55,\"caption\":\"Vunder AS\"},\"image\":{\"@id\":\"https:\/\/hobstop.ee\/lt\/#\/schema\/logo\/image\/\"},\"sameAs\":[\"http:\/\/www.facebook.com\/VunderSkizze\"]}]}<\/script>\n<!-- \/ Yoast SEO plugin. -->","yoast_head_json":{"title":"Lipdymo mas\u0117 Darwi Kids &#8211; Skizze","robots":{"index":"noindex","follow":"follow","max-snippet":"max-snippet:-1","max-image-preview":"max-image-preview:large","max-video-preview":"max-video-preview:-1"},"og_locale":"lt_LT","og_type":"article","og_title":"Lipdymo mas\u0117 Darwi Kids &#8211; Skizze","og_description":"Ore d\u017ei\u016bstantis ir kiet\u0117jantis itin mink\u0161tas lipdymo molis \u201eDarwi Kids\u201c. Jis yra elastingas, tod\u0117l itin tinka vaikams, taip pat kaip terapijos priemon\u0117 su\u017eeistiems pir\u0161tams atstatyti. J\u012f tinka naudoti lipdiniams, skulpt\u016broms, lipdyti l\u0117l\u0117ms, papuo\u0161alams, ornamentams, sien\u0173 papuo\u0161imams, miniati\u016broms ir pan. Lipdymo molis \u201eDarwi Kids\u201c neturi kvapo ir nelimpa prie pir\u0161t\u0173. I\u0161d\u017ei\u016bsta per 25 valandas, d\u017ei\u016bdamas nesusitraukia.","og_url":"https:\/\/hobstop.ee\/lt\/produktas\/lipdymo-mase-darwi-kids\/","og_site_name":"Skizze","article_publisher":"http:\/\/www.facebook.com\/VunderSkizze","og_image":[{"width":1024,"height":768,"url":"https:\/\/www.hobstop.ee\/media\/4157.jpg","type":"image\/jpeg"}],"twitter_card":"summary_large_image","schema":{"@context":"https:\/\/schema.org","@graph":[{"@type":"WebPage","@id":"https:\/\/hobstop.ee\/lt\/produktas\/lipdymo-mase-darwi-kids\/","url":"https:\/\/hobstop.ee\/lt\/produktas\/lipdymo-mase-darwi-kids\/","name":"Lipdymo mas\u0117 Darwi Kids &#8211; Skizze","isPartOf":{"@id":"https:\/\/hobstop.ee\/lt\/#website"},"primaryImageOfPage":{"@id":"https:\/\/hobstop.ee\/lt\/produktas\/lipdymo-mase-darwi-kids\/#primaryimage"},"image":{"@id":"https:\/\/hobstop.ee\/lt\/produktas\/lipdymo-mase-darwi-kids\/#primaryimage"},"thumbnailUrl":"https:\/\/hobstop.ee\/media\/4157.jpg","datePublished":"2016-03-10T10:59:48+00:00","dateModified":"2016-03-10T10:59:48+00:00","breadcrumb":{"@id":"https:\/\/hobstop.ee\/lt\/produktas\/lipdymo-mase-darwi-kids\/#breadcrumb"},"inLanguage":"lt","potentialAction":[{"@type":"ReadAction","target":["https:\/\/hobstop.ee\/lt\/produktas\/lipdymo-mase-darwi-kids\/"]}]},{"@type":"ImageObject","inLanguage":"lt","@id":"https:\/\/hobstop.ee\/lt\/produktas\/lipdymo-mase-darwi-kids\/#primaryimage","url":"https:\/\/hobstop.ee\/media\/4157.jpg","contentUrl":"https:\/\/hobstop.ee\/media\/4157.jpg","width":1024,"height":768},{"@type":"BreadcrumbList","@id":"https:\/\/hobstop.ee\/lt\/produktas\/lipdymo-mase-darwi-kids\/#breadcrumb","itemListElement":[{"@type":"ListItem","position":1,"name":"Avaleht","item":"https:\/\/hobstop.ee\/lt\/"},{"@type":"ListItem","position":2,"name":"Parduotuv\u0117","item":"https:\/\/hobstop.ee\/lt\/parduotuve\/"},{"@type":"ListItem","position":3,"name":"Lipdymo mas\u0117 Darwi Kids"}]},{"@type":"WebSite","@id":"https:\/\/hobstop.ee\/lt\/#website","url":"https:\/\/hobstop.ee\/lt\/","name":"Skizze","description":"Dail\u0117s, pom\u0117gi\u0173 ir mokykliniai reikm\u0117nys","publisher":{"@id":"https:\/\/hobstop.ee\/lt\/#organization"},"potentialAction":[{"@type":"SearchAction","target":{"@type":"EntryPoint","urlTemplate":"https:\/\/hobstop.ee\/lt\/?s={search_term_string}"},"query-input":{"@type":"PropertyValueSpecification","valueRequired":true,"valueName":"search_term_string"}}],"inLanguage":"lt"},{"@type":"Organization","@id":"https:\/\/hobstop.ee\/lt\/#organization","name":"Vunder AS","url":"https:\/\/hobstop.ee\/lt\/","logo":{"@type":"ImageObject","inLanguage":"lt","@id":"https:\/\/hobstop.ee\/lt\/#\/schema\/logo\/image\/","url":"https:\/\/hobstop.ee\/media\/vunder-logo.png","contentUrl":"https:\/\/hobstop.ee\/media\/vunder-logo.png","width":127,"height":55,"caption":"Vunder AS"},"image":{"@id":"https:\/\/hobstop.ee\/lt\/#\/schema\/logo\/image\/"},"sameAs":["http:\/\/www.facebook.com\/VunderSkizze"]}]}},"_links":{"self":[{"href":"https:\/\/hobstop.ee\/lt\/wp-json\/wp\/v2\/product\/255785","targetHints":{"allow":["GET"]}}],"collection":[{"href":"https:\/\/hobstop.ee\/lt\/wp-json\/wp\/v2\/product"}],"about":[{"href":"https:\/\/hobstop.ee\/lt\/wp-json\/wp\/v2\/types\/product"}],"replies":[{"embeddable":true,"href":"https:\/\/hobstop.ee\/lt\/wp-json\/wp\/v2\/comments?post=255785"}],"wp:featuredmedia":[{"embeddable":true,"href":"https:\/\/hobstop.ee\/lt\/wp-json\/wp\/v2\/media\/353256"}],"wp:attachment":[{"href":"https:\/\/hobstop.ee\/lt\/wp-json\/wp\/v2\/media?parent=255785"}],"wp:term":[{"taxonomy":"product_cat","embeddable":true,"href":"https:\/\/hobstop.ee\/lt\/wp-json\/wp\/v2\/product_cat?post=255785"},{"taxonomy":"product_tag","embeddable":true,"href":"https:\/\/hobstop.ee\/lt\/wp-json\/wp\/v2\/product_tag?post=255785"}],"curies":[{"name":"wp","href":"https:\/\/api.w.org\/{rel}","templated":true}]}}