{"id":255789,"date":"2016-03-10T12:59:49","date_gmt":"2016-03-10T10:59:49","guid":{"rendered":"https:\/\/sharks.ee\/vunder_2019\/lt\/product\/lipdymo-mase-darwi-extra-light\/"},"modified":"2016-03-10T12:59:49","modified_gmt":"2016-03-10T10:59:49","slug":"lipdymo-mase-darwi-extra-light","status":"publish","type":"product","link":"https:\/\/hobstop.ee\/lt\/produktas\/lipdymo-mase-darwi-extra-light\/","title":{"rendered":"Lipdymo mas\u0117 Darwi Extra Light"},"content":{"rendered":"<p>Ore d\u017ei\u016bstantis ir kiet\u0117jantis itin lengvas, mink\u0161tas ir elastingas lipdymo molis \u201eDarwi Extra Light\u201c. Nepalieka d\u0117mi\u0173 ant rank\u0173 ir drabu\u017ei\u0173. Puikiai tinka atvirukams ir kitiems darbeliams, kur lipdiniai turi b\u016bti lengvi tarsi p\u016bkas \u2013 \u0161is molis gali net ir plaukti! Molis \u201eDarwi Extra Light\u201c nesukelia alergijos, yra itin mink\u0161tas ir lengvai modeliuojamas, tod\u0117l puikiai tinka k\u016bdiki\u0173 rank\u0173 ir p\u0117d\u0173 antspaudams daryti. I\u0161d\u017ei\u016bsta per 25 valandas, d\u017ei\u016bdamas nesusitraukia.<\/p>\n","protected":false},"excerpt":{"rendered":"<p>Ore d\u017ei\u016bstantis ir kiet\u0117jantis itin lengvas, mink\u0161tas ir elastingas lipdymo molis \u201eDarwi Extra Light\u201c. Nepalieka d\u0117mi\u0173 ant rank\u0173 ir drabu\u017ei\u0173. Puikiai tinka atvirukams ir kitiems darbeliams, kur lipdiniai turi b\u016bti lengvi tarsi p\u016bkas \u2013 \u0161is molis gali net ir plaukti! Molis \u201eDarwi Extra Light\u201c nesukelia alergijos, yra itin mink\u0161tas ir lengvai modeliuojamas, tod\u0117l puikiai tinka k\u016bdiki\u0173 rank\u0173 ir p\u0117d\u0173 antspaudams daryti. I\u0161d\u017ei\u016bsta per 25 valandas, d\u017ei\u016bdamas nesusitraukia.<\/p>\n","protected":false},"featured_media":354424,"comment_status":"closed","ping_status":"closed","template":"","meta":{"_acf_changed":false,"ep_exclude_from_search":false},"product_cat":[20087,18192,17919],"product_tag":[],"class_list":{"0":"post-255789","1":"product","2":"type-product","3":"status-publish","4":"has-post-thumbnail","6":"product_cat-medziagos-ir-priemones-lipdymui","7":"product_cat-molis","8":"product_cat-pomegiu-prekes","10":"first","11":"instock","12":"taxable","13":"shipping-taxable","14":"purchasable","15":"product-type-simple"},"acf":[],"yoast_head":"<!-- This site is optimized with the Yoast SEO plugin v24.1 - https:\/\/yoast.com\/wordpress\/plugins\/seo\/ -->\n<title>Lipdymo mas\u0117 Darwi Extra Light &#8211; Skizze<\/title>\n<meta name=\"robots\" content=\"noindex, follow, max-snippet:-1, max-image-preview:large, max-video-preview:-1\" \/>\n<meta property=\"og:locale\" content=\"lt_LT\" \/>\n<meta property=\"og:type\" content=\"article\" \/>\n<meta property=\"og:title\" content=\"Lipdymo mas\u0117 Darwi Extra Light &#8211; Skizze\" \/>\n<meta property=\"og:description\" content=\"Ore d\u017ei\u016bstantis ir kiet\u0117jantis itin lengvas, mink\u0161tas ir elastingas lipdymo molis \u201eDarwi Extra Light\u201c. Nepalieka d\u0117mi\u0173 ant rank\u0173 ir drabu\u017ei\u0173. Puikiai tinka atvirukams ir kitiems darbeliams, kur lipdiniai turi b\u016bti lengvi tarsi p\u016bkas \u2013 \u0161is molis gali net ir plaukti! Molis \u201eDarwi Extra Light\u201c nesukelia alergijos, yra itin mink\u0161tas ir lengvai modeliuojamas, tod\u0117l puikiai tinka k\u016bdiki\u0173 rank\u0173 ir p\u0117d\u0173 antspaudams daryti. I\u0161d\u017ei\u016bsta per 25 valandas, d\u017ei\u016bdamas nesusitraukia.\" \/>\n<meta property=\"og:url\" content=\"https:\/\/hobstop.ee\/lt\/produktas\/lipdymo-mase-darwi-extra-light\/\" \/>\n<meta property=\"og:site_name\" content=\"Skizze\" \/>\n<meta property=\"article:publisher\" content=\"http:\/\/www.facebook.com\/VunderSkizze\" \/>\n<meta property=\"og:image\" content=\"https:\/\/hobstop.ee\/media\/4158.jpg\" \/>\n\t<meta property=\"og:image:width\" content=\"1024\" \/>\n\t<meta property=\"og:image:height\" content=\"768\" \/>\n\t<meta property=\"og:image:type\" content=\"image\/jpeg\" \/>\n<meta name=\"twitter:card\" content=\"summary_large_image\" \/>\n<script type=\"application\/ld+json\" class=\"yoast-schema-graph\">{\"@context\":\"https:\/\/schema.org\",\"@graph\":[{\"@type\":\"WebPage\",\"@id\":\"https:\/\/hobstop.ee\/lt\/produktas\/lipdymo-mase-darwi-extra-light\/\",\"url\":\"https:\/\/hobstop.ee\/lt\/produktas\/lipdymo-mase-darwi-extra-light\/\",\"name\":\"Lipdymo mas\u0117 Darwi Extra Light &#8211; Skizze\",\"isPartOf\":{\"@id\":\"https:\/\/www.hobstop.ee\/lt\/#website\"},\"primaryImageOfPage\":{\"@id\":\"https:\/\/hobstop.ee\/lt\/produktas\/lipdymo-mase-darwi-extra-light\/#primaryimage\"},\"image\":{\"@id\":\"https:\/\/hobstop.ee\/lt\/produktas\/lipdymo-mase-darwi-extra-light\/#primaryimage\"},\"thumbnailUrl\":\"https:\/\/hobstop.ee\/media\/4158.jpg\",\"datePublished\":\"2016-03-10T10:59:49+00:00\",\"dateModified\":\"2016-03-10T10:59:49+00:00\",\"breadcrumb\":{\"@id\":\"https:\/\/hobstop.ee\/lt\/produktas\/lipdymo-mase-darwi-extra-light\/#breadcrumb\"},\"inLanguage\":\"lt\",\"potentialAction\":[{\"@type\":\"ReadAction\",\"target\":[\"https:\/\/hobstop.ee\/lt\/produktas\/lipdymo-mase-darwi-extra-light\/\"]}]},{\"@type\":\"ImageObject\",\"inLanguage\":\"lt\",\"@id\":\"https:\/\/hobstop.ee\/lt\/produktas\/lipdymo-mase-darwi-extra-light\/#primaryimage\",\"url\":\"https:\/\/hobstop.ee\/media\/4158.jpg\",\"contentUrl\":\"https:\/\/hobstop.ee\/media\/4158.jpg\",\"width\":1024,\"height\":768},{\"@type\":\"BreadcrumbList\",\"@id\":\"https:\/\/hobstop.ee\/lt\/produktas\/lipdymo-mase-darwi-extra-light\/#breadcrumb\",\"itemListElement\":[{\"@type\":\"ListItem\",\"position\":1,\"name\":\"Avaleht\",\"item\":\"https:\/\/hobstop.ee\/lt\/\"},{\"@type\":\"ListItem\",\"position\":2,\"name\":\"Parduotuv\u0117\",\"item\":\"https:\/\/www.hobstop.ee\/lt\/parduotuve\/\"},{\"@type\":\"ListItem\",\"position\":3,\"name\":\"Lipdymo mas\u0117 Darwi Extra Light\"}]},{\"@type\":\"WebSite\",\"@id\":\"https:\/\/www.hobstop.ee\/lt\/#website\",\"url\":\"https:\/\/www.hobstop.ee\/lt\/\",\"name\":\"Skizze\",\"description\":\"Dail\u0117s, pom\u0117gi\u0173 ir mokykliniai reikm\u0117nys\",\"publisher\":{\"@id\":\"https:\/\/www.hobstop.ee\/lt\/#organization\"},\"potentialAction\":[{\"@type\":\"SearchAction\",\"target\":{\"@type\":\"EntryPoint\",\"urlTemplate\":\"https:\/\/www.hobstop.ee\/lt\/?s={search_term_string}\"},\"query-input\":{\"@type\":\"PropertyValueSpecification\",\"valueRequired\":true,\"valueName\":\"search_term_string\"}}],\"inLanguage\":\"lt\"},{\"@type\":\"Organization\",\"@id\":\"https:\/\/www.hobstop.ee\/lt\/#organization\",\"name\":\"Vunder AS\",\"url\":\"https:\/\/www.hobstop.ee\/lt\/\",\"logo\":{\"@type\":\"ImageObject\",\"inLanguage\":\"lt\",\"@id\":\"https:\/\/www.hobstop.ee\/lt\/#\/schema\/logo\/image\/\",\"url\":\"https:\/\/hobstop.ee\/media\/vunder-logo.png\",\"contentUrl\":\"https:\/\/hobstop.ee\/media\/vunder-logo.png\",\"width\":127,\"height\":55,\"caption\":\"Vunder AS\"},\"image\":{\"@id\":\"https:\/\/www.hobstop.ee\/lt\/#\/schema\/logo\/image\/\"},\"sameAs\":[\"http:\/\/www.facebook.com\/VunderSkizze\"]}]}<\/script>\n<!-- \/ Yoast SEO plugin. -->","yoast_head_json":{"title":"Lipdymo mas\u0117 Darwi Extra Light &#8211; Skizze","robots":{"index":"noindex","follow":"follow","max-snippet":"max-snippet:-1","max-image-preview":"max-image-preview:large","max-video-preview":"max-video-preview:-1"},"og_locale":"lt_LT","og_type":"article","og_title":"Lipdymo mas\u0117 Darwi Extra Light &#8211; Skizze","og_description":"Ore d\u017ei\u016bstantis ir kiet\u0117jantis itin lengvas, mink\u0161tas ir elastingas lipdymo molis \u201eDarwi Extra Light\u201c. Nepalieka d\u0117mi\u0173 ant rank\u0173 ir drabu\u017ei\u0173. Puikiai tinka atvirukams ir kitiems darbeliams, kur lipdiniai turi b\u016bti lengvi tarsi p\u016bkas \u2013 \u0161is molis gali net ir plaukti! Molis \u201eDarwi Extra Light\u201c nesukelia alergijos, yra itin mink\u0161tas ir lengvai modeliuojamas, tod\u0117l puikiai tinka k\u016bdiki\u0173 rank\u0173 ir p\u0117d\u0173 antspaudams daryti. I\u0161d\u017ei\u016bsta per 25 valandas, d\u017ei\u016bdamas nesusitraukia.","og_url":"https:\/\/hobstop.ee\/lt\/produktas\/lipdymo-mase-darwi-extra-light\/","og_site_name":"Skizze","article_publisher":"http:\/\/www.facebook.com\/VunderSkizze","og_image":[{"width":1024,"height":768,"url":"https:\/\/hobstop.ee\/media\/4158.jpg","type":"image\/jpeg"}],"twitter_card":"summary_large_image","schema":{"@context":"https:\/\/schema.org","@graph":[{"@type":"WebPage","@id":"https:\/\/hobstop.ee\/lt\/produktas\/lipdymo-mase-darwi-extra-light\/","url":"https:\/\/hobstop.ee\/lt\/produktas\/lipdymo-mase-darwi-extra-light\/","name":"Lipdymo mas\u0117 Darwi Extra Light &#8211; Skizze","isPartOf":{"@id":"https:\/\/www.hobstop.ee\/lt\/#website"},"primaryImageOfPage":{"@id":"https:\/\/hobstop.ee\/lt\/produktas\/lipdymo-mase-darwi-extra-light\/#primaryimage"},"image":{"@id":"https:\/\/hobstop.ee\/lt\/produktas\/lipdymo-mase-darwi-extra-light\/#primaryimage"},"thumbnailUrl":"https:\/\/hobstop.ee\/media\/4158.jpg","datePublished":"2016-03-10T10:59:49+00:00","dateModified":"2016-03-10T10:59:49+00:00","breadcrumb":{"@id":"https:\/\/hobstop.ee\/lt\/produktas\/lipdymo-mase-darwi-extra-light\/#breadcrumb"},"inLanguage":"lt","potentialAction":[{"@type":"ReadAction","target":["https:\/\/hobstop.ee\/lt\/produktas\/lipdymo-mase-darwi-extra-light\/"]}]},{"@type":"ImageObject","inLanguage":"lt","@id":"https:\/\/hobstop.ee\/lt\/produktas\/lipdymo-mase-darwi-extra-light\/#primaryimage","url":"https:\/\/hobstop.ee\/media\/4158.jpg","contentUrl":"https:\/\/hobstop.ee\/media\/4158.jpg","width":1024,"height":768},{"@type":"BreadcrumbList","@id":"https:\/\/hobstop.ee\/lt\/produktas\/lipdymo-mase-darwi-extra-light\/#breadcrumb","itemListElement":[{"@type":"ListItem","position":1,"name":"Avaleht","item":"https:\/\/hobstop.ee\/lt\/"},{"@type":"ListItem","position":2,"name":"Parduotuv\u0117","item":"https:\/\/www.hobstop.ee\/lt\/parduotuve\/"},{"@type":"ListItem","position":3,"name":"Lipdymo mas\u0117 Darwi Extra Light"}]},{"@type":"WebSite","@id":"https:\/\/www.hobstop.ee\/lt\/#website","url":"https:\/\/www.hobstop.ee\/lt\/","name":"Skizze","description":"Dail\u0117s, pom\u0117gi\u0173 ir mokykliniai reikm\u0117nys","publisher":{"@id":"https:\/\/www.hobstop.ee\/lt\/#organization"},"potentialAction":[{"@type":"SearchAction","target":{"@type":"EntryPoint","urlTemplate":"https:\/\/www.hobstop.ee\/lt\/?s={search_term_string}"},"query-input":{"@type":"PropertyValueSpecification","valueRequired":true,"valueName":"search_term_string"}}],"inLanguage":"lt"},{"@type":"Organization","@id":"https:\/\/www.hobstop.ee\/lt\/#organization","name":"Vunder AS","url":"https:\/\/www.hobstop.ee\/lt\/","logo":{"@type":"ImageObject","inLanguage":"lt","@id":"https:\/\/www.hobstop.ee\/lt\/#\/schema\/logo\/image\/","url":"https:\/\/hobstop.ee\/media\/vunder-logo.png","contentUrl":"https:\/\/hobstop.ee\/media\/vunder-logo.png","width":127,"height":55,"caption":"Vunder AS"},"image":{"@id":"https:\/\/www.hobstop.ee\/lt\/#\/schema\/logo\/image\/"},"sameAs":["http:\/\/www.facebook.com\/VunderSkizze"]}]}},"_links":{"self":[{"href":"https:\/\/hobstop.ee\/lt\/wp-json\/wp\/v2\/product\/255789","targetHints":{"allow":["GET"]}}],"collection":[{"href":"https:\/\/hobstop.ee\/lt\/wp-json\/wp\/v2\/product"}],"about":[{"href":"https:\/\/hobstop.ee\/lt\/wp-json\/wp\/v2\/types\/product"}],"replies":[{"embeddable":true,"href":"https:\/\/hobstop.ee\/lt\/wp-json\/wp\/v2\/comments?post=255789"}],"wp:featuredmedia":[{"embeddable":true,"href":"https:\/\/hobstop.ee\/lt\/wp-json\/wp\/v2\/media\/354424"}],"wp:attachment":[{"href":"https:\/\/hobstop.ee\/lt\/wp-json\/wp\/v2\/media?parent=255789"}],"wp:term":[{"taxonomy":"product_cat","embeddable":true,"href":"https:\/\/hobstop.ee\/lt\/wp-json\/wp\/v2\/product_cat?post=255789"},{"taxonomy":"product_tag","embeddable":true,"href":"https:\/\/hobstop.ee\/lt\/wp-json\/wp\/v2\/product_tag?post=255789"}],"curies":[{"name":"wp","href":"https:\/\/api.w.org\/{rel}","templated":true}]}}