{"id":255793,"date":"2016-03-10T12:59:50","date_gmt":"2016-03-10T10:59:50","guid":{"rendered":"https:\/\/sharks.ee\/vunder_2019\/lt\/product\/cementas-kurybai-rayher-papuosalams-daryti\/"},"modified":"2016-03-10T12:59:50","modified_gmt":"2016-03-10T10:59:50","slug":"cementas-kurybai-rayher-papuosalams-daryti","status":"publish","type":"product","link":"https:\/\/hobstop.ee\/lt\/produktas\/cementas-kurybai-rayher-papuosalams-daryti\/","title":{"rendered":"Cementas k\u016brybai Rayher papuo\u0161alams daryti"},"content":{"rendered":"<p>I\u0161 \u0161io itin smulkios frakcijos cemento lengvai sau pasidarysite papuo\u0161al\u0173! I\u0161 neapdoroto ir madingo cemento gal\u0117site pagaminti daug patraukli\u0173 nesud\u0117ting\u0173 papuo\u0161al\u0173. I\u0161 \u201eRayher\u201c rankdarbiams skirto cemento pagaminti papuo\u0161alai yra kokybi\u0161ki, naujovi\u0161ki ir i\u0161skirtiniai. Tiesiog sumai\u0161ykite miltelius su vandeniu ir supilkite \u012f form\u0105! Papuo\u0161alus galima auksuoti, dekoruoti dekupa\u017eu, da\u017eais, taip pat juos galima papuo\u0161ti karoliukais ir tokiu b\u016bdu papuo\u0161alams suteikti unikalumo.<\/p>\n","protected":false},"excerpt":{"rendered":"<p>I\u0161 \u0161io itin smulkios frakcijos cemento lengvai sau pasidarysite papuo\u0161al\u0173! I\u0161 neapdoroto ir madingo cemento gal\u0117site pagaminti daug patraukli\u0173 nesud\u0117ting\u0173 papuo\u0161al\u0173. I\u0161 \u201eRayher\u201c rankdarbiams skirto cemento pagaminti papuo\u0161alai yra kokybi\u0161ki, naujovi\u0161ki ir i\u0161skirtiniai. Tiesiog sumai\u0161ykite miltelius su vandeniu ir supilkite \u012f form\u0105! Papuo\u0161alus galima auksuoti, dekoruoti dekupa\u017eu, da\u017eais, taip pat juos galima papuo\u0161ti karoliukais ir tokiu b\u016bdu papuo\u0161alams suteikti unikalumo.<\/p>\n","protected":false},"featured_media":255841,"comment_status":"closed","ping_status":"closed","template":"","meta":{"_acf_changed":false,"ep_exclude_from_search":false},"product_cat":[20084,19688,17919],"product_tag":[],"class_list":{"0":"post-255793","1":"product","2":"type-product","3":"status-publish","4":"has-post-thumbnail","6":"product_cat-ivairus-2","7":"product_cat-papuosalu-ruosimas","8":"product_cat-pomegiu-prekes","10":"first","11":"instock","12":"taxable","13":"shipping-taxable","14":"purchasable","15":"product-type-simple"},"acf":[],"yoast_head":"<!-- This site is optimized with the Yoast SEO plugin v24.1 - https:\/\/yoast.com\/wordpress\/plugins\/seo\/ -->\n<title>Cementas k\u016brybai Rayher papuo\u0161alams daryti &#8211; Skizze<\/title>\n<meta name=\"robots\" content=\"noindex, follow, max-snippet:-1, max-image-preview:large, max-video-preview:-1\" \/>\n<meta property=\"og:locale\" content=\"lt_LT\" \/>\n<meta property=\"og:type\" content=\"article\" \/>\n<meta property=\"og:title\" content=\"Cementas k\u016brybai Rayher papuo\u0161alams daryti &#8211; Skizze\" \/>\n<meta property=\"og:description\" content=\"I\u0161 \u0161io itin smulkios frakcijos cemento lengvai sau pasidarysite papuo\u0161al\u0173! I\u0161 neapdoroto ir madingo cemento gal\u0117site pagaminti daug patraukli\u0173 nesud\u0117ting\u0173 papuo\u0161al\u0173. I\u0161 \u201eRayher\u201c rankdarbiams skirto cemento pagaminti papuo\u0161alai yra kokybi\u0161ki, naujovi\u0161ki ir i\u0161skirtiniai. Tiesiog sumai\u0161ykite miltelius su vandeniu ir supilkite \u012f form\u0105! Papuo\u0161alus galima auksuoti, dekoruoti dekupa\u017eu, da\u017eais, taip pat juos galima papuo\u0161ti karoliukais ir tokiu b\u016bdu papuo\u0161alams suteikti unikalumo.\" \/>\n<meta property=\"og:url\" content=\"https:\/\/hobstop.ee\/lt\/produktas\/cementas-kurybai-rayher-papuosalams-daryti\/\" \/>\n<meta property=\"og:site_name\" content=\"Skizze\" \/>\n<meta property=\"article:publisher\" content=\"http:\/\/www.facebook.com\/VunderSkizze\" \/>\n<meta property=\"og:image\" content=\"https:\/\/www.hobstop.ee\/media\/4213.jpg\" \/>\n\t<meta property=\"og:image:width\" content=\"1024\" \/>\n\t<meta property=\"og:image:height\" content=\"768\" \/>\n\t<meta property=\"og:image:type\" content=\"image\/jpeg\" \/>\n<meta name=\"twitter:card\" content=\"summary_large_image\" \/>\n<script type=\"application\/ld+json\" class=\"yoast-schema-graph\">{\"@context\":\"https:\/\/schema.org\",\"@graph\":[{\"@type\":\"WebPage\",\"@id\":\"https:\/\/hobstop.ee\/lt\/produktas\/cementas-kurybai-rayher-papuosalams-daryti\/\",\"url\":\"https:\/\/hobstop.ee\/lt\/produktas\/cementas-kurybai-rayher-papuosalams-daryti\/\",\"name\":\"Cementas k\u016brybai Rayher papuo\u0161alams daryti &#8211; Skizze\",\"isPartOf\":{\"@id\":\"https:\/\/hobstop.ee\/lt\/#website\"},\"primaryImageOfPage\":{\"@id\":\"https:\/\/hobstop.ee\/lt\/produktas\/cementas-kurybai-rayher-papuosalams-daryti\/#primaryimage\"},\"image\":{\"@id\":\"https:\/\/hobstop.ee\/lt\/produktas\/cementas-kurybai-rayher-papuosalams-daryti\/#primaryimage\"},\"thumbnailUrl\":\"https:\/\/hobstop.ee\/media\/4213.jpg\",\"datePublished\":\"2016-03-10T10:59:50+00:00\",\"dateModified\":\"2016-03-10T10:59:50+00:00\",\"breadcrumb\":{\"@id\":\"https:\/\/hobstop.ee\/lt\/produktas\/cementas-kurybai-rayher-papuosalams-daryti\/#breadcrumb\"},\"inLanguage\":\"lt\",\"potentialAction\":[{\"@type\":\"ReadAction\",\"target\":[\"https:\/\/hobstop.ee\/lt\/produktas\/cementas-kurybai-rayher-papuosalams-daryti\/\"]}]},{\"@type\":\"ImageObject\",\"inLanguage\":\"lt\",\"@id\":\"https:\/\/hobstop.ee\/lt\/produktas\/cementas-kurybai-rayher-papuosalams-daryti\/#primaryimage\",\"url\":\"https:\/\/hobstop.ee\/media\/4213.jpg\",\"contentUrl\":\"https:\/\/hobstop.ee\/media\/4213.jpg\",\"width\":1024,\"height\":768},{\"@type\":\"BreadcrumbList\",\"@id\":\"https:\/\/hobstop.ee\/lt\/produktas\/cementas-kurybai-rayher-papuosalams-daryti\/#breadcrumb\",\"itemListElement\":[{\"@type\":\"ListItem\",\"position\":1,\"name\":\"Avaleht\",\"item\":\"https:\/\/hobstop.ee\/lt\/\"},{\"@type\":\"ListItem\",\"position\":2,\"name\":\"Parduotuv\u0117\",\"item\":\"https:\/\/hobstop.ee\/lt\/parduotuve\/\"},{\"@type\":\"ListItem\",\"position\":3,\"name\":\"Cementas k\u016brybai Rayher papuo\u0161alams daryti\"}]},{\"@type\":\"WebSite\",\"@id\":\"https:\/\/hobstop.ee\/lt\/#website\",\"url\":\"https:\/\/hobstop.ee\/lt\/\",\"name\":\"Skizze\",\"description\":\"Dail\u0117s, pom\u0117gi\u0173 ir mokykliniai reikm\u0117nys\",\"publisher\":{\"@id\":\"https:\/\/hobstop.ee\/lt\/#organization\"},\"potentialAction\":[{\"@type\":\"SearchAction\",\"target\":{\"@type\":\"EntryPoint\",\"urlTemplate\":\"https:\/\/hobstop.ee\/lt\/?s={search_term_string}\"},\"query-input\":{\"@type\":\"PropertyValueSpecification\",\"valueRequired\":true,\"valueName\":\"search_term_string\"}}],\"inLanguage\":\"lt\"},{\"@type\":\"Organization\",\"@id\":\"https:\/\/hobstop.ee\/lt\/#organization\",\"name\":\"Vunder AS\",\"url\":\"https:\/\/hobstop.ee\/lt\/\",\"logo\":{\"@type\":\"ImageObject\",\"inLanguage\":\"lt\",\"@id\":\"https:\/\/hobstop.ee\/lt\/#\/schema\/logo\/image\/\",\"url\":\"https:\/\/hobstop.ee\/media\/vunder-logo.png\",\"contentUrl\":\"https:\/\/hobstop.ee\/media\/vunder-logo.png\",\"width\":127,\"height\":55,\"caption\":\"Vunder AS\"},\"image\":{\"@id\":\"https:\/\/hobstop.ee\/lt\/#\/schema\/logo\/image\/\"},\"sameAs\":[\"http:\/\/www.facebook.com\/VunderSkizze\"]}]}<\/script>\n<!-- \/ Yoast SEO plugin. -->","yoast_head_json":{"title":"Cementas k\u016brybai Rayher papuo\u0161alams daryti &#8211; Skizze","robots":{"index":"noindex","follow":"follow","max-snippet":"max-snippet:-1","max-image-preview":"max-image-preview:large","max-video-preview":"max-video-preview:-1"},"og_locale":"lt_LT","og_type":"article","og_title":"Cementas k\u016brybai Rayher papuo\u0161alams daryti &#8211; Skizze","og_description":"I\u0161 \u0161io itin smulkios frakcijos cemento lengvai sau pasidarysite papuo\u0161al\u0173! I\u0161 neapdoroto ir madingo cemento gal\u0117site pagaminti daug patraukli\u0173 nesud\u0117ting\u0173 papuo\u0161al\u0173. I\u0161 \u201eRayher\u201c rankdarbiams skirto cemento pagaminti papuo\u0161alai yra kokybi\u0161ki, naujovi\u0161ki ir i\u0161skirtiniai. Tiesiog sumai\u0161ykite miltelius su vandeniu ir supilkite \u012f form\u0105! Papuo\u0161alus galima auksuoti, dekoruoti dekupa\u017eu, da\u017eais, taip pat juos galima papuo\u0161ti karoliukais ir tokiu b\u016bdu papuo\u0161alams suteikti unikalumo.","og_url":"https:\/\/hobstop.ee\/lt\/produktas\/cementas-kurybai-rayher-papuosalams-daryti\/","og_site_name":"Skizze","article_publisher":"http:\/\/www.facebook.com\/VunderSkizze","og_image":[{"width":1024,"height":768,"url":"https:\/\/www.hobstop.ee\/media\/4213.jpg","type":"image\/jpeg"}],"twitter_card":"summary_large_image","schema":{"@context":"https:\/\/schema.org","@graph":[{"@type":"WebPage","@id":"https:\/\/hobstop.ee\/lt\/produktas\/cementas-kurybai-rayher-papuosalams-daryti\/","url":"https:\/\/hobstop.ee\/lt\/produktas\/cementas-kurybai-rayher-papuosalams-daryti\/","name":"Cementas k\u016brybai Rayher papuo\u0161alams daryti &#8211; Skizze","isPartOf":{"@id":"https:\/\/hobstop.ee\/lt\/#website"},"primaryImageOfPage":{"@id":"https:\/\/hobstop.ee\/lt\/produktas\/cementas-kurybai-rayher-papuosalams-daryti\/#primaryimage"},"image":{"@id":"https:\/\/hobstop.ee\/lt\/produktas\/cementas-kurybai-rayher-papuosalams-daryti\/#primaryimage"},"thumbnailUrl":"https:\/\/hobstop.ee\/media\/4213.jpg","datePublished":"2016-03-10T10:59:50+00:00","dateModified":"2016-03-10T10:59:50+00:00","breadcrumb":{"@id":"https:\/\/hobstop.ee\/lt\/produktas\/cementas-kurybai-rayher-papuosalams-daryti\/#breadcrumb"},"inLanguage":"lt","potentialAction":[{"@type":"ReadAction","target":["https:\/\/hobstop.ee\/lt\/produktas\/cementas-kurybai-rayher-papuosalams-daryti\/"]}]},{"@type":"ImageObject","inLanguage":"lt","@id":"https:\/\/hobstop.ee\/lt\/produktas\/cementas-kurybai-rayher-papuosalams-daryti\/#primaryimage","url":"https:\/\/hobstop.ee\/media\/4213.jpg","contentUrl":"https:\/\/hobstop.ee\/media\/4213.jpg","width":1024,"height":768},{"@type":"BreadcrumbList","@id":"https:\/\/hobstop.ee\/lt\/produktas\/cementas-kurybai-rayher-papuosalams-daryti\/#breadcrumb","itemListElement":[{"@type":"ListItem","position":1,"name":"Avaleht","item":"https:\/\/hobstop.ee\/lt\/"},{"@type":"ListItem","position":2,"name":"Parduotuv\u0117","item":"https:\/\/hobstop.ee\/lt\/parduotuve\/"},{"@type":"ListItem","position":3,"name":"Cementas k\u016brybai Rayher papuo\u0161alams daryti"}]},{"@type":"WebSite","@id":"https:\/\/hobstop.ee\/lt\/#website","url":"https:\/\/hobstop.ee\/lt\/","name":"Skizze","description":"Dail\u0117s, pom\u0117gi\u0173 ir mokykliniai reikm\u0117nys","publisher":{"@id":"https:\/\/hobstop.ee\/lt\/#organization"},"potentialAction":[{"@type":"SearchAction","target":{"@type":"EntryPoint","urlTemplate":"https:\/\/hobstop.ee\/lt\/?s={search_term_string}"},"query-input":{"@type":"PropertyValueSpecification","valueRequired":true,"valueName":"search_term_string"}}],"inLanguage":"lt"},{"@type":"Organization","@id":"https:\/\/hobstop.ee\/lt\/#organization","name":"Vunder AS","url":"https:\/\/hobstop.ee\/lt\/","logo":{"@type":"ImageObject","inLanguage":"lt","@id":"https:\/\/hobstop.ee\/lt\/#\/schema\/logo\/image\/","url":"https:\/\/hobstop.ee\/media\/vunder-logo.png","contentUrl":"https:\/\/hobstop.ee\/media\/vunder-logo.png","width":127,"height":55,"caption":"Vunder AS"},"image":{"@id":"https:\/\/hobstop.ee\/lt\/#\/schema\/logo\/image\/"},"sameAs":["http:\/\/www.facebook.com\/VunderSkizze"]}]}},"_links":{"self":[{"href":"https:\/\/hobstop.ee\/lt\/wp-json\/wp\/v2\/product\/255793","targetHints":{"allow":["GET"]}}],"collection":[{"href":"https:\/\/hobstop.ee\/lt\/wp-json\/wp\/v2\/product"}],"about":[{"href":"https:\/\/hobstop.ee\/lt\/wp-json\/wp\/v2\/types\/product"}],"replies":[{"embeddable":true,"href":"https:\/\/hobstop.ee\/lt\/wp-json\/wp\/v2\/comments?post=255793"}],"wp:featuredmedia":[{"embeddable":true,"href":"https:\/\/hobstop.ee\/lt\/wp-json\/wp\/v2\/media\/255841"}],"wp:attachment":[{"href":"https:\/\/hobstop.ee\/lt\/wp-json\/wp\/v2\/media?parent=255793"}],"wp:term":[{"taxonomy":"product_cat","embeddable":true,"href":"https:\/\/hobstop.ee\/lt\/wp-json\/wp\/v2\/product_cat?post=255793"},{"taxonomy":"product_tag","embeddable":true,"href":"https:\/\/hobstop.ee\/lt\/wp-json\/wp\/v2\/product_tag?post=255793"}],"curies":[{"name":"wp","href":"https:\/\/api.w.org\/{rel}","templated":true}]}}