{"id":255935,"date":"2016-03-15T18:45:40","date_gmt":"2016-03-15T16:45:40","guid":{"rendered":"https:\/\/sharks.ee\/vunder_2019\/lt\/product\/taurusis-metalas-skystas-schjerning\/"},"modified":"2016-03-15T18:45:40","modified_gmt":"2016-03-15T16:45:40","slug":"taurusis-metalas-skystas-schjerning","status":"publish","type":"product","link":"https:\/\/hobstop.ee\/lt\/produktas\/taurusis-metalas-skystas-schjerning\/","title":{"rendered":"Taurusis metalas skystas Schjerning"},"content":{"rendered":"<p>I\u0161 brangi\u0173j\u0173 metal\u0173 aukso ir platinos pagaminti skysti blizg\u016bs (angl. k. lustre) da\u017eai \u201eSchjerning Gold\u201c ir \u201eSchjerning Platinum\u201c. Galima dekoruoti naudojant teptuk\u0105 ar ra\u0161ikl\u012f. Dekoruojami da\u017eai turi b\u016bti visi\u0161kai sausi ir nuvalyti nuo pir\u0161t\u0173 antspaud\u0173. Prie\u0161 naudojim\u0105 suplakti, jei da\u017eai su auksu per tir\u0161ti, juos atskiesti keliais la\u0161ais skiediklio.<br \/>\nDegimas: prad\u017eioje degti l\u0117tai, prie\u0161 u\u017edarant degimo krosn\u012f garai turi i\u0161garuoti. Dekoruot\u0105 stikl\u0105 degti greitai esat 550\u2013580 \u00b0C, fajans\u0105 700\u2013730 \u00b0C, porcelian\u0105 780\u2013800 \u00b0C temperat\u016brai.<\/p>\n","protected":false},"excerpt":{"rendered":"<p>I\u0161 brangi\u0173j\u0173 metal\u0173 aukso ir platinos pagaminti skysti blizg\u016bs (angl. k. lustre) da\u017eai \u201eSchjerning Gold\u201c ir \u201eSchjerning Platinum\u201c. Galima dekoruoti naudojant teptuk\u0105 ar ra\u0161ikl\u012f. Dekoruojami da\u017eai turi b\u016bti visi\u0161kai sausi ir nuvalyti nuo pir\u0161t\u0173 antspaud\u0173. Prie\u0161 naudojim\u0105 suplakti, jei da\u017eai su auksu per tir\u0161ti, juos atskiesti keliais la\u0161ais skiediklio. Degimas: prad\u017eioje degti l\u0117tai, prie\u0161 u\u017edarant degimo krosn\u012f garai turi i\u0161garuoti. Dekoruot\u0105 stikl\u0105 degti greitai esat 550\u2013580 \u00b0C, fajans\u0105 700\u2013730 \u00b0C, porcelian\u0105 780\u2013800 \u00b0C temperat\u016brai.<\/p>\n","protected":false},"featured_media":257329,"comment_status":"closed","ping_status":"closed","template":"","meta":{"_acf_changed":false,"ep_exclude_from_search":false},"product_cat":[10106,17919,18244],"product_tag":[],"class_list":{"0":"post-255935","1":"product","2":"type-product","3":"status-publish","4":"has-post-thumbnail","6":"product_cat-aukstai-temperaturai-atsparus-dazai","7":"product_cat-pomegiu-prekes","8":"product_cat-porceliano-dazai","10":"first","11":"instock","12":"taxable","13":"shipping-taxable","14":"purchasable","15":"product-type-variable"},"acf":[],"yoast_head":"<!-- This site is optimized with the Yoast SEO plugin v24.1 - https:\/\/yoast.com\/wordpress\/plugins\/seo\/ -->\n<title>Taurusis metalas skystas Schjerning &#8211; Skizze<\/title>\n<meta name=\"robots\" content=\"noindex, follow, max-snippet:-1, max-image-preview:large, max-video-preview:-1\" \/>\n<meta property=\"og:locale\" content=\"lt_LT\" \/>\n<meta property=\"og:type\" content=\"article\" \/>\n<meta property=\"og:title\" content=\"Taurusis metalas skystas Schjerning &#8211; Skizze\" \/>\n<meta property=\"og:description\" content=\"I\u0161 brangi\u0173j\u0173 metal\u0173 aukso ir platinos pagaminti skysti blizg\u016bs (angl. k. lustre) da\u017eai \u201eSchjerning Gold\u201c ir \u201eSchjerning Platinum\u201c. Galima dekoruoti naudojant teptuk\u0105 ar ra\u0161ikl\u012f. Dekoruojami da\u017eai turi b\u016bti visi\u0161kai sausi ir nuvalyti nuo pir\u0161t\u0173 antspaud\u0173. Prie\u0161 naudojim\u0105 suplakti, jei da\u017eai su auksu per tir\u0161ti, juos atskiesti keliais la\u0161ais skiediklio. Degimas: prad\u017eioje degti l\u0117tai, prie\u0161 u\u017edarant degimo krosn\u012f garai turi i\u0161garuoti. Dekoruot\u0105 stikl\u0105 degti greitai esat 550\u2013580 \u00b0C, fajans\u0105 700\u2013730 \u00b0C, porcelian\u0105 780\u2013800 \u00b0C temperat\u016brai.\" \/>\n<meta property=\"og:url\" content=\"https:\/\/hobstop.ee\/lt\/produktas\/taurusis-metalas-skystas-schjerning\/\" \/>\n<meta property=\"og:site_name\" content=\"Skizze\" \/>\n<meta property=\"article:publisher\" content=\"http:\/\/www.facebook.com\/VunderSkizze\" \/>\n<meta property=\"og:image\" content=\"https:\/\/hobstop.ee\/media\/4220.jpg\" \/>\n\t<meta property=\"og:image:width\" content=\"1024\" \/>\n\t<meta property=\"og:image:height\" content=\"768\" \/>\n\t<meta property=\"og:image:type\" content=\"image\/jpeg\" \/>\n<meta name=\"twitter:card\" content=\"summary_large_image\" \/>\n<script type=\"application\/ld+json\" class=\"yoast-schema-graph\">{\"@context\":\"https:\/\/schema.org\",\"@graph\":[{\"@type\":\"WebPage\",\"@id\":\"https:\/\/hobstop.ee\/lt\/produktas\/taurusis-metalas-skystas-schjerning\/\",\"url\":\"https:\/\/hobstop.ee\/lt\/produktas\/taurusis-metalas-skystas-schjerning\/\",\"name\":\"Taurusis metalas skystas Schjerning &#8211; Skizze\",\"isPartOf\":{\"@id\":\"https:\/\/hobstop.ee\/lt\/#website\"},\"primaryImageOfPage\":{\"@id\":\"https:\/\/hobstop.ee\/lt\/produktas\/taurusis-metalas-skystas-schjerning\/#primaryimage\"},\"image\":{\"@id\":\"https:\/\/hobstop.ee\/lt\/produktas\/taurusis-metalas-skystas-schjerning\/#primaryimage\"},\"thumbnailUrl\":\"https:\/\/hobstop.ee\/media\/4220.jpg\",\"datePublished\":\"2016-03-15T16:45:40+00:00\",\"dateModified\":\"2016-03-15T16:45:40+00:00\",\"breadcrumb\":{\"@id\":\"https:\/\/hobstop.ee\/lt\/produktas\/taurusis-metalas-skystas-schjerning\/#breadcrumb\"},\"inLanguage\":\"lt\",\"potentialAction\":[{\"@type\":\"ReadAction\",\"target\":[\"https:\/\/hobstop.ee\/lt\/produktas\/taurusis-metalas-skystas-schjerning\/\"]}]},{\"@type\":\"ImageObject\",\"inLanguage\":\"lt\",\"@id\":\"https:\/\/hobstop.ee\/lt\/produktas\/taurusis-metalas-skystas-schjerning\/#primaryimage\",\"url\":\"https:\/\/hobstop.ee\/media\/4220.jpg\",\"contentUrl\":\"https:\/\/hobstop.ee\/media\/4220.jpg\",\"width\":1024,\"height\":768},{\"@type\":\"BreadcrumbList\",\"@id\":\"https:\/\/hobstop.ee\/lt\/produktas\/taurusis-metalas-skystas-schjerning\/#breadcrumb\",\"itemListElement\":[{\"@type\":\"ListItem\",\"position\":1,\"name\":\"Avaleht\",\"item\":\"https:\/\/hobstop.ee\/lt\/\"},{\"@type\":\"ListItem\",\"position\":2,\"name\":\"Parduotuv\u0117\",\"item\":\"https:\/\/hobstop.ee\/lt\/parduotuve\/\"},{\"@type\":\"ListItem\",\"position\":3,\"name\":\"Taurusis metalas skystas Schjerning\"}]},{\"@type\":\"WebSite\",\"@id\":\"https:\/\/hobstop.ee\/lt\/#website\",\"url\":\"https:\/\/hobstop.ee\/lt\/\",\"name\":\"Skizze\",\"description\":\"Dail\u0117s, pom\u0117gi\u0173 ir mokykliniai reikm\u0117nys\",\"publisher\":{\"@id\":\"https:\/\/hobstop.ee\/lt\/#organization\"},\"potentialAction\":[{\"@type\":\"SearchAction\",\"target\":{\"@type\":\"EntryPoint\",\"urlTemplate\":\"https:\/\/hobstop.ee\/lt\/?s={search_term_string}\"},\"query-input\":{\"@type\":\"PropertyValueSpecification\",\"valueRequired\":true,\"valueName\":\"search_term_string\"}}],\"inLanguage\":\"lt\"},{\"@type\":\"Organization\",\"@id\":\"https:\/\/hobstop.ee\/lt\/#organization\",\"name\":\"Vunder AS\",\"url\":\"https:\/\/hobstop.ee\/lt\/\",\"logo\":{\"@type\":\"ImageObject\",\"inLanguage\":\"lt\",\"@id\":\"https:\/\/hobstop.ee\/lt\/#\/schema\/logo\/image\/\",\"url\":\"https:\/\/hobstop.ee\/media\/vunder-logo.png\",\"contentUrl\":\"https:\/\/hobstop.ee\/media\/vunder-logo.png\",\"width\":127,\"height\":55,\"caption\":\"Vunder AS\"},\"image\":{\"@id\":\"https:\/\/hobstop.ee\/lt\/#\/schema\/logo\/image\/\"},\"sameAs\":[\"http:\/\/www.facebook.com\/VunderSkizze\"]}]}<\/script>\n<!-- \/ Yoast SEO plugin. -->","yoast_head_json":{"title":"Taurusis metalas skystas Schjerning &#8211; Skizze","robots":{"index":"noindex","follow":"follow","max-snippet":"max-snippet:-1","max-image-preview":"max-image-preview:large","max-video-preview":"max-video-preview:-1"},"og_locale":"lt_LT","og_type":"article","og_title":"Taurusis metalas skystas Schjerning &#8211; Skizze","og_description":"I\u0161 brangi\u0173j\u0173 metal\u0173 aukso ir platinos pagaminti skysti blizg\u016bs (angl. k. lustre) da\u017eai \u201eSchjerning Gold\u201c ir \u201eSchjerning Platinum\u201c. Galima dekoruoti naudojant teptuk\u0105 ar ra\u0161ikl\u012f. Dekoruojami da\u017eai turi b\u016bti visi\u0161kai sausi ir nuvalyti nuo pir\u0161t\u0173 antspaud\u0173. Prie\u0161 naudojim\u0105 suplakti, jei da\u017eai su auksu per tir\u0161ti, juos atskiesti keliais la\u0161ais skiediklio. Degimas: prad\u017eioje degti l\u0117tai, prie\u0161 u\u017edarant degimo krosn\u012f garai turi i\u0161garuoti. Dekoruot\u0105 stikl\u0105 degti greitai esat 550\u2013580 \u00b0C, fajans\u0105 700\u2013730 \u00b0C, porcelian\u0105 780\u2013800 \u00b0C temperat\u016brai.","og_url":"https:\/\/hobstop.ee\/lt\/produktas\/taurusis-metalas-skystas-schjerning\/","og_site_name":"Skizze","article_publisher":"http:\/\/www.facebook.com\/VunderSkizze","og_image":[{"width":1024,"height":768,"url":"https:\/\/hobstop.ee\/media\/4220.jpg","type":"image\/jpeg"}],"twitter_card":"summary_large_image","schema":{"@context":"https:\/\/schema.org","@graph":[{"@type":"WebPage","@id":"https:\/\/hobstop.ee\/lt\/produktas\/taurusis-metalas-skystas-schjerning\/","url":"https:\/\/hobstop.ee\/lt\/produktas\/taurusis-metalas-skystas-schjerning\/","name":"Taurusis metalas skystas Schjerning &#8211; Skizze","isPartOf":{"@id":"https:\/\/hobstop.ee\/lt\/#website"},"primaryImageOfPage":{"@id":"https:\/\/hobstop.ee\/lt\/produktas\/taurusis-metalas-skystas-schjerning\/#primaryimage"},"image":{"@id":"https:\/\/hobstop.ee\/lt\/produktas\/taurusis-metalas-skystas-schjerning\/#primaryimage"},"thumbnailUrl":"https:\/\/hobstop.ee\/media\/4220.jpg","datePublished":"2016-03-15T16:45:40+00:00","dateModified":"2016-03-15T16:45:40+00:00","breadcrumb":{"@id":"https:\/\/hobstop.ee\/lt\/produktas\/taurusis-metalas-skystas-schjerning\/#breadcrumb"},"inLanguage":"lt","potentialAction":[{"@type":"ReadAction","target":["https:\/\/hobstop.ee\/lt\/produktas\/taurusis-metalas-skystas-schjerning\/"]}]},{"@type":"ImageObject","inLanguage":"lt","@id":"https:\/\/hobstop.ee\/lt\/produktas\/taurusis-metalas-skystas-schjerning\/#primaryimage","url":"https:\/\/hobstop.ee\/media\/4220.jpg","contentUrl":"https:\/\/hobstop.ee\/media\/4220.jpg","width":1024,"height":768},{"@type":"BreadcrumbList","@id":"https:\/\/hobstop.ee\/lt\/produktas\/taurusis-metalas-skystas-schjerning\/#breadcrumb","itemListElement":[{"@type":"ListItem","position":1,"name":"Avaleht","item":"https:\/\/hobstop.ee\/lt\/"},{"@type":"ListItem","position":2,"name":"Parduotuv\u0117","item":"https:\/\/hobstop.ee\/lt\/parduotuve\/"},{"@type":"ListItem","position":3,"name":"Taurusis metalas skystas Schjerning"}]},{"@type":"WebSite","@id":"https:\/\/hobstop.ee\/lt\/#website","url":"https:\/\/hobstop.ee\/lt\/","name":"Skizze","description":"Dail\u0117s, pom\u0117gi\u0173 ir mokykliniai reikm\u0117nys","publisher":{"@id":"https:\/\/hobstop.ee\/lt\/#organization"},"potentialAction":[{"@type":"SearchAction","target":{"@type":"EntryPoint","urlTemplate":"https:\/\/hobstop.ee\/lt\/?s={search_term_string}"},"query-input":{"@type":"PropertyValueSpecification","valueRequired":true,"valueName":"search_term_string"}}],"inLanguage":"lt"},{"@type":"Organization","@id":"https:\/\/hobstop.ee\/lt\/#organization","name":"Vunder AS","url":"https:\/\/hobstop.ee\/lt\/","logo":{"@type":"ImageObject","inLanguage":"lt","@id":"https:\/\/hobstop.ee\/lt\/#\/schema\/logo\/image\/","url":"https:\/\/hobstop.ee\/media\/vunder-logo.png","contentUrl":"https:\/\/hobstop.ee\/media\/vunder-logo.png","width":127,"height":55,"caption":"Vunder AS"},"image":{"@id":"https:\/\/hobstop.ee\/lt\/#\/schema\/logo\/image\/"},"sameAs":["http:\/\/www.facebook.com\/VunderSkizze"]}]}},"_links":{"self":[{"href":"https:\/\/hobstop.ee\/lt\/wp-json\/wp\/v2\/product\/255935","targetHints":{"allow":["GET"]}}],"collection":[{"href":"https:\/\/hobstop.ee\/lt\/wp-json\/wp\/v2\/product"}],"about":[{"href":"https:\/\/hobstop.ee\/lt\/wp-json\/wp\/v2\/types\/product"}],"replies":[{"embeddable":true,"href":"https:\/\/hobstop.ee\/lt\/wp-json\/wp\/v2\/comments?post=255935"}],"wp:featuredmedia":[{"embeddable":true,"href":"https:\/\/hobstop.ee\/lt\/wp-json\/wp\/v2\/media\/257329"}],"wp:attachment":[{"href":"https:\/\/hobstop.ee\/lt\/wp-json\/wp\/v2\/media?parent=255935"}],"wp:term":[{"taxonomy":"product_cat","embeddable":true,"href":"https:\/\/hobstop.ee\/lt\/wp-json\/wp\/v2\/product_cat?post=255935"},{"taxonomy":"product_tag","embeddable":true,"href":"https:\/\/hobstop.ee\/lt\/wp-json\/wp\/v2\/product_tag?post=255935"}],"curies":[{"name":"wp","href":"https:\/\/api.w.org\/{rel}","templated":true}]}}