{"id":256667,"date":"2016-03-16T13:31:41","date_gmt":"2016-03-16T11:31:41","guid":{"rendered":"https:\/\/sharks.ee\/vunder_2019\/lt\/product\/tusinukas-derwent-graphik-line-maker-rinkinys\/"},"modified":"2016-03-16T13:31:41","modified_gmt":"2016-03-16T11:31:41","slug":"tusinukas-derwent-graphik-line-maker-rinkinys","status":"publish","type":"product","link":"https:\/\/hobstop.ee\/lt\/produktas\/tusinukas-derwent-graphik-line-maker-rinkinys\/","title":{"rendered":"Tu\u0161inukas Derwent Graphik Line Maker rinkinys"},"content":{"rendered":"<p>Su \u0161iais i\u0161skirtiniais plonais markeriais sukursite nepakartojamus ornamentus! Markeriai \u201eGraphik Line Maker\u201c yra u\u017epildyti \u0161viesai atspariu vandens pagrindu pagamintu pigmentu. \u012esp\u016bdingo asortimento japoni\u0161kos plunksnos \u2013 nuo itin plon\u0173 (0,05mm) iki pla\u010di\u0173 (0,8mm).<\/p>\n","protected":false},"excerpt":{"rendered":"<p>Su \u0161iais i\u0161skirtiniais plonais markeriais sukursite nepakartojamus ornamentus! Markeriai \u201eGraphik Line Maker\u201c yra u\u017epildyti \u0161viesai atspariu vandens pagrindu pagamintu pigmentu. \u012esp\u016bdingo asortimento japoni\u0161kos plunksnos \u2013 nuo itin plon\u0173 (0,05mm) iki pla\u010di\u0173 (0,8mm).<\/p>\n","protected":false},"featured_media":353224,"comment_status":"closed","ping_status":"closed","template":"","meta":{"_acf_changed":false,"ep_exclude_from_search":false},"product_cat":[17042,19696],"product_tag":[],"class_list":{"0":"post-256667","1":"product","2":"type-product","3":"status-publish","4":"has-post-thumbnail","6":"product_cat-rasymo-priemones-2","7":"product_cat-sratinukai","9":"first","10":"instock","11":"taxable","12":"shipping-taxable","13":"purchasable","14":"product-type-simple"},"acf":[],"yoast_head":"<!-- This site is optimized with the Yoast SEO plugin v24.1 - https:\/\/yoast.com\/wordpress\/plugins\/seo\/ -->\n<title>Tu\u0161inukas Derwent Graphik Line Maker rinkinys &#8211; Skizze<\/title>\n<meta name=\"robots\" content=\"noindex, follow, max-snippet:-1, max-image-preview:large, max-video-preview:-1\" \/>\n<meta property=\"og:locale\" content=\"lt_LT\" \/>\n<meta property=\"og:type\" content=\"article\" \/>\n<meta property=\"og:title\" content=\"Tu\u0161inukas Derwent Graphik Line Maker rinkinys &#8211; Skizze\" \/>\n<meta property=\"og:description\" content=\"Su \u0161iais i\u0161skirtiniais plonais markeriais sukursite nepakartojamus ornamentus! Markeriai \u201eGraphik Line Maker\u201c yra u\u017epildyti \u0161viesai atspariu vandens pagrindu pagamintu pigmentu. \u012esp\u016bdingo asortimento japoni\u0161kos plunksnos \u2013 nuo itin plon\u0173 (0,05mm) iki pla\u010di\u0173 (0,8mm).\" \/>\n<meta property=\"og:url\" content=\"https:\/\/hobstop.ee\/lt\/produktas\/tusinukas-derwent-graphik-line-maker-rinkinys\/\" \/>\n<meta property=\"og:site_name\" content=\"Skizze\" \/>\n<meta property=\"article:publisher\" content=\"http:\/\/www.facebook.com\/VunderSkizze\" \/>\n<meta property=\"og:image\" content=\"https:\/\/hobstop.ee\/media\/3958.jpg\" \/>\n\t<meta property=\"og:image:width\" content=\"1024\" \/>\n\t<meta property=\"og:image:height\" content=\"768\" \/>\n\t<meta property=\"og:image:type\" content=\"image\/jpeg\" \/>\n<meta name=\"twitter:card\" content=\"summary_large_image\" \/>\n<script type=\"application\/ld+json\" class=\"yoast-schema-graph\">{\"@context\":\"https:\/\/schema.org\",\"@graph\":[{\"@type\":\"WebPage\",\"@id\":\"https:\/\/hobstop.ee\/lt\/produktas\/tusinukas-derwent-graphik-line-maker-rinkinys\/\",\"url\":\"https:\/\/hobstop.ee\/lt\/produktas\/tusinukas-derwent-graphik-line-maker-rinkinys\/\",\"name\":\"Tu\u0161inukas Derwent Graphik Line Maker rinkinys &#8211; Skizze\",\"isPartOf\":{\"@id\":\"https:\/\/hobstop.ee\/lt\/#website\"},\"primaryImageOfPage\":{\"@id\":\"https:\/\/hobstop.ee\/lt\/produktas\/tusinukas-derwent-graphik-line-maker-rinkinys\/#primaryimage\"},\"image\":{\"@id\":\"https:\/\/hobstop.ee\/lt\/produktas\/tusinukas-derwent-graphik-line-maker-rinkinys\/#primaryimage\"},\"thumbnailUrl\":\"https:\/\/hobstop.ee\/media\/3958.jpg\",\"datePublished\":\"2016-03-16T11:31:41+00:00\",\"dateModified\":\"2016-03-16T11:31:41+00:00\",\"breadcrumb\":{\"@id\":\"https:\/\/hobstop.ee\/lt\/produktas\/tusinukas-derwent-graphik-line-maker-rinkinys\/#breadcrumb\"},\"inLanguage\":\"lt\",\"potentialAction\":[{\"@type\":\"ReadAction\",\"target\":[\"https:\/\/hobstop.ee\/lt\/produktas\/tusinukas-derwent-graphik-line-maker-rinkinys\/\"]}]},{\"@type\":\"ImageObject\",\"inLanguage\":\"lt\",\"@id\":\"https:\/\/hobstop.ee\/lt\/produktas\/tusinukas-derwent-graphik-line-maker-rinkinys\/#primaryimage\",\"url\":\"https:\/\/hobstop.ee\/media\/3958.jpg\",\"contentUrl\":\"https:\/\/hobstop.ee\/media\/3958.jpg\",\"width\":1024,\"height\":768},{\"@type\":\"BreadcrumbList\",\"@id\":\"https:\/\/hobstop.ee\/lt\/produktas\/tusinukas-derwent-graphik-line-maker-rinkinys\/#breadcrumb\",\"itemListElement\":[{\"@type\":\"ListItem\",\"position\":1,\"name\":\"Avaleht\",\"item\":\"https:\/\/hobstop.ee\/lt\/\"},{\"@type\":\"ListItem\",\"position\":2,\"name\":\"Parduotuv\u0117\",\"item\":\"https:\/\/hobstop.ee\/lt\/parduotuve\/\"},{\"@type\":\"ListItem\",\"position\":3,\"name\":\"Tu\u0161inukas Derwent Graphik Line Maker rinkinys\"}]},{\"@type\":\"WebSite\",\"@id\":\"https:\/\/hobstop.ee\/lt\/#website\",\"url\":\"https:\/\/hobstop.ee\/lt\/\",\"name\":\"Skizze\",\"description\":\"Dail\u0117s, pom\u0117gi\u0173 ir mokykliniai reikm\u0117nys\",\"publisher\":{\"@id\":\"https:\/\/hobstop.ee\/lt\/#organization\"},\"potentialAction\":[{\"@type\":\"SearchAction\",\"target\":{\"@type\":\"EntryPoint\",\"urlTemplate\":\"https:\/\/hobstop.ee\/lt\/?s={search_term_string}\"},\"query-input\":{\"@type\":\"PropertyValueSpecification\",\"valueRequired\":true,\"valueName\":\"search_term_string\"}}],\"inLanguage\":\"lt\"},{\"@type\":\"Organization\",\"@id\":\"https:\/\/hobstop.ee\/lt\/#organization\",\"name\":\"Vunder AS\",\"url\":\"https:\/\/hobstop.ee\/lt\/\",\"logo\":{\"@type\":\"ImageObject\",\"inLanguage\":\"lt\",\"@id\":\"https:\/\/hobstop.ee\/lt\/#\/schema\/logo\/image\/\",\"url\":\"https:\/\/hobstop.ee\/media\/vunder-logo.png\",\"contentUrl\":\"https:\/\/hobstop.ee\/media\/vunder-logo.png\",\"width\":127,\"height\":55,\"caption\":\"Vunder AS\"},\"image\":{\"@id\":\"https:\/\/hobstop.ee\/lt\/#\/schema\/logo\/image\/\"},\"sameAs\":[\"http:\/\/www.facebook.com\/VunderSkizze\"]}]}<\/script>\n<!-- \/ Yoast SEO plugin. -->","yoast_head_json":{"title":"Tu\u0161inukas Derwent Graphik Line Maker rinkinys &#8211; Skizze","robots":{"index":"noindex","follow":"follow","max-snippet":"max-snippet:-1","max-image-preview":"max-image-preview:large","max-video-preview":"max-video-preview:-1"},"og_locale":"lt_LT","og_type":"article","og_title":"Tu\u0161inukas Derwent Graphik Line Maker rinkinys &#8211; Skizze","og_description":"Su \u0161iais i\u0161skirtiniais plonais markeriais sukursite nepakartojamus ornamentus! Markeriai \u201eGraphik Line Maker\u201c yra u\u017epildyti \u0161viesai atspariu vandens pagrindu pagamintu pigmentu. \u012esp\u016bdingo asortimento japoni\u0161kos plunksnos \u2013 nuo itin plon\u0173 (0,05mm) iki pla\u010di\u0173 (0,8mm).","og_url":"https:\/\/hobstop.ee\/lt\/produktas\/tusinukas-derwent-graphik-line-maker-rinkinys\/","og_site_name":"Skizze","article_publisher":"http:\/\/www.facebook.com\/VunderSkizze","og_image":[{"width":1024,"height":768,"url":"https:\/\/hobstop.ee\/media\/3958.jpg","type":"image\/jpeg"}],"twitter_card":"summary_large_image","schema":{"@context":"https:\/\/schema.org","@graph":[{"@type":"WebPage","@id":"https:\/\/hobstop.ee\/lt\/produktas\/tusinukas-derwent-graphik-line-maker-rinkinys\/","url":"https:\/\/hobstop.ee\/lt\/produktas\/tusinukas-derwent-graphik-line-maker-rinkinys\/","name":"Tu\u0161inukas Derwent Graphik Line Maker rinkinys &#8211; Skizze","isPartOf":{"@id":"https:\/\/hobstop.ee\/lt\/#website"},"primaryImageOfPage":{"@id":"https:\/\/hobstop.ee\/lt\/produktas\/tusinukas-derwent-graphik-line-maker-rinkinys\/#primaryimage"},"image":{"@id":"https:\/\/hobstop.ee\/lt\/produktas\/tusinukas-derwent-graphik-line-maker-rinkinys\/#primaryimage"},"thumbnailUrl":"https:\/\/hobstop.ee\/media\/3958.jpg","datePublished":"2016-03-16T11:31:41+00:00","dateModified":"2016-03-16T11:31:41+00:00","breadcrumb":{"@id":"https:\/\/hobstop.ee\/lt\/produktas\/tusinukas-derwent-graphik-line-maker-rinkinys\/#breadcrumb"},"inLanguage":"lt","potentialAction":[{"@type":"ReadAction","target":["https:\/\/hobstop.ee\/lt\/produktas\/tusinukas-derwent-graphik-line-maker-rinkinys\/"]}]},{"@type":"ImageObject","inLanguage":"lt","@id":"https:\/\/hobstop.ee\/lt\/produktas\/tusinukas-derwent-graphik-line-maker-rinkinys\/#primaryimage","url":"https:\/\/hobstop.ee\/media\/3958.jpg","contentUrl":"https:\/\/hobstop.ee\/media\/3958.jpg","width":1024,"height":768},{"@type":"BreadcrumbList","@id":"https:\/\/hobstop.ee\/lt\/produktas\/tusinukas-derwent-graphik-line-maker-rinkinys\/#breadcrumb","itemListElement":[{"@type":"ListItem","position":1,"name":"Avaleht","item":"https:\/\/hobstop.ee\/lt\/"},{"@type":"ListItem","position":2,"name":"Parduotuv\u0117","item":"https:\/\/hobstop.ee\/lt\/parduotuve\/"},{"@type":"ListItem","position":3,"name":"Tu\u0161inukas Derwent Graphik Line Maker rinkinys"}]},{"@type":"WebSite","@id":"https:\/\/hobstop.ee\/lt\/#website","url":"https:\/\/hobstop.ee\/lt\/","name":"Skizze","description":"Dail\u0117s, pom\u0117gi\u0173 ir mokykliniai reikm\u0117nys","publisher":{"@id":"https:\/\/hobstop.ee\/lt\/#organization"},"potentialAction":[{"@type":"SearchAction","target":{"@type":"EntryPoint","urlTemplate":"https:\/\/hobstop.ee\/lt\/?s={search_term_string}"},"query-input":{"@type":"PropertyValueSpecification","valueRequired":true,"valueName":"search_term_string"}}],"inLanguage":"lt"},{"@type":"Organization","@id":"https:\/\/hobstop.ee\/lt\/#organization","name":"Vunder AS","url":"https:\/\/hobstop.ee\/lt\/","logo":{"@type":"ImageObject","inLanguage":"lt","@id":"https:\/\/hobstop.ee\/lt\/#\/schema\/logo\/image\/","url":"https:\/\/hobstop.ee\/media\/vunder-logo.png","contentUrl":"https:\/\/hobstop.ee\/media\/vunder-logo.png","width":127,"height":55,"caption":"Vunder AS"},"image":{"@id":"https:\/\/hobstop.ee\/lt\/#\/schema\/logo\/image\/"},"sameAs":["http:\/\/www.facebook.com\/VunderSkizze"]}]}},"_links":{"self":[{"href":"https:\/\/hobstop.ee\/lt\/wp-json\/wp\/v2\/product\/256667","targetHints":{"allow":["GET"]}}],"collection":[{"href":"https:\/\/hobstop.ee\/lt\/wp-json\/wp\/v2\/product"}],"about":[{"href":"https:\/\/hobstop.ee\/lt\/wp-json\/wp\/v2\/types\/product"}],"replies":[{"embeddable":true,"href":"https:\/\/hobstop.ee\/lt\/wp-json\/wp\/v2\/comments?post=256667"}],"wp:featuredmedia":[{"embeddable":true,"href":"https:\/\/hobstop.ee\/lt\/wp-json\/wp\/v2\/media\/353224"}],"wp:attachment":[{"href":"https:\/\/hobstop.ee\/lt\/wp-json\/wp\/v2\/media?parent=256667"}],"wp:term":[{"taxonomy":"product_cat","embeddable":true,"href":"https:\/\/hobstop.ee\/lt\/wp-json\/wp\/v2\/product_cat?post=256667"},{"taxonomy":"product_tag","embeddable":true,"href":"https:\/\/hobstop.ee\/lt\/wp-json\/wp\/v2\/product_tag?post=256667"}],"curies":[{"name":"wp","href":"https:\/\/api.w.org\/{rel}","templated":true}]}}