{"id":256675,"date":"2016-03-16T13:31:43","date_gmt":"2016-03-16T11:31:43","guid":{"rendered":"https:\/\/sharks.ee\/vunder_2019\/lt\/product\/lipdukas-mt-casa-seal\/"},"modified":"2016-03-16T13:31:43","modified_gmt":"2016-03-16T11:31:43","slug":"lipdukas-mt-casa-seal","status":"publish","type":"product","link":"https:\/\/hobstop.ee\/lt\/produktas\/lipdukas-mt-casa-seal\/","title":{"rendered":"Lipdukas mt casa seal"},"content":{"rendered":"<p>Modern\u016bs maskuojantys lipdukai \u201emt casa seal\u201c pagaminti i\u0161 japoni\u0161ko popieriaus \u201ewashi\u201c, juos  galima prilipdyti viena linija arba i\u0161d\u0117styti atsitiktine tvarka. Galima klijuoti ant lang\u0173 stiklo, sien\u0173, bald\u0173, kurti ornamentus, o taip pat galite suklijuoti du lipdukus ir padaryti girliandas arba dekoracijas vakar\u0117liams. Galima klijuoti ant \u012fvairi\u0173 pavir\u0161i\u0173, pavyzd\u017eiui, popieriaus, medienos, metalo, porceliano, stiklo ir pan. Lipduk\u0173 \u201emt casa seal\u201c gamyboje yra taikoma pramonini\u0173 lipni\u0173 juosteli\u0173 technologija, tod\u0117l \u0161is lipdukas yra labai auk\u0161tos kokyb\u0117s \u2013 tvirtas, ta\u010diau itin plonas. Lipduko gamyboje naudojami labai stipr\u016bs klijai, ta\u010diau j\u012f galima labai lengvai nupl\u0117\u0161ti nepaliekant joki\u0173 p\u0117dsak\u0173.<\/p>\n","protected":false},"excerpt":{"rendered":"<p>Modern\u016bs maskuojantys lipdukai \u201emt casa seal\u201c pagaminti i\u0161 japoni\u0161ko popieriaus \u201ewashi\u201c, juos galima prilipdyti viena linija arba i\u0161d\u0117styti atsitiktine tvarka. Galima klijuoti ant lang\u0173 stiklo, sien\u0173, bald\u0173, kurti ornamentus, o taip pat galite suklijuoti du lipdukus ir padaryti girliandas arba dekoracijas vakar\u0117liams. Galima klijuoti ant \u012fvairi\u0173 pavir\u0161i\u0173, pavyzd\u017eiui, popieriaus, medienos, metalo, porceliano, stiklo ir pan. Lipduk\u0173 \u201emt casa seal\u201c gamyboje yra taikoma pramonini\u0173 lipni\u0173 juosteli\u0173 technologija, tod\u0117l \u0161is lipdukas yra labai auk\u0161tos kokyb\u0117s \u2013 tvirtas, ta\u010diau itin plonas. Lipduko gamyboje naudojami labai stipr\u016bs klijai, ta\u010diau j\u012f galima labai lengvai nupl\u0117\u0161ti nepaliekant joki\u0173 p\u0117dsak\u0173.<\/p>\n","protected":false},"featured_media":256975,"comment_status":"closed","ping_status":"closed","template":"","meta":{"_acf_changed":false,"ep_exclude_from_search":false},"product_cat":[17969,14890,17919],"product_tag":[],"class_list":{"0":"post-256675","1":"product","2":"type-product","3":"status-publish","4":"has-post-thumbnail","6":"product_cat-kitos-prekes","7":"product_cat-kangavarvid","8":"product_cat-pomegiu-prekes","10":"first","11":"instock","12":"taxable","13":"shipping-taxable","14":"purchasable","15":"product-type-simple"},"acf":[],"yoast_head":"<!-- This site is optimized with the Yoast SEO plugin v24.1 - https:\/\/yoast.com\/wordpress\/plugins\/seo\/ -->\n<title>Lipdukas mt casa seal &#8211; Skizze<\/title>\n<meta name=\"robots\" content=\"noindex, follow, max-snippet:-1, max-image-preview:large, max-video-preview:-1\" \/>\n<meta property=\"og:locale\" content=\"lt_LT\" \/>\n<meta property=\"og:type\" content=\"article\" \/>\n<meta property=\"og:title\" content=\"Lipdukas mt casa seal &#8211; Skizze\" \/>\n<meta property=\"og:description\" content=\"Modern\u016bs maskuojantys lipdukai \u201emt casa seal\u201c pagaminti i\u0161 japoni\u0161ko popieriaus \u201ewashi\u201c, juos galima prilipdyti viena linija arba i\u0161d\u0117styti atsitiktine tvarka. Galima klijuoti ant lang\u0173 stiklo, sien\u0173, bald\u0173, kurti ornamentus, o taip pat galite suklijuoti du lipdukus ir padaryti girliandas arba dekoracijas vakar\u0117liams. Galima klijuoti ant \u012fvairi\u0173 pavir\u0161i\u0173, pavyzd\u017eiui, popieriaus, medienos, metalo, porceliano, stiklo ir pan. Lipduk\u0173 \u201emt casa seal\u201c gamyboje yra taikoma pramonini\u0173 lipni\u0173 juosteli\u0173 technologija, tod\u0117l \u0161is lipdukas yra labai auk\u0161tos kokyb\u0117s \u2013 tvirtas, ta\u010diau itin plonas. Lipduko gamyboje naudojami labai stipr\u016bs klijai, ta\u010diau j\u012f galima labai lengvai nupl\u0117\u0161ti nepaliekant joki\u0173 p\u0117dsak\u0173.\" \/>\n<meta property=\"og:url\" content=\"https:\/\/hobstop.ee\/lt\/produktas\/lipdukas-mt-casa-seal\/\" \/>\n<meta property=\"og:site_name\" content=\"Skizze\" \/>\n<meta property=\"article:publisher\" content=\"http:\/\/www.facebook.com\/VunderSkizze\" \/>\n<meta property=\"og:image\" content=\"https:\/\/hobstop.ee\/media\/4165.jpg\" \/>\n\t<meta property=\"og:image:width\" content=\"1024\" \/>\n\t<meta property=\"og:image:height\" content=\"768\" \/>\n\t<meta property=\"og:image:type\" content=\"image\/jpeg\" \/>\n<meta name=\"twitter:card\" content=\"summary_large_image\" \/>\n<meta name=\"twitter:label1\" content=\"Est. reading time\" \/>\n\t<meta name=\"twitter:data1\" content=\"1 minute\" \/>\n<script type=\"application\/ld+json\" class=\"yoast-schema-graph\">{\"@context\":\"https:\/\/schema.org\",\"@graph\":[{\"@type\":\"WebPage\",\"@id\":\"https:\/\/hobstop.ee\/lt\/produktas\/lipdukas-mt-casa-seal\/\",\"url\":\"https:\/\/hobstop.ee\/lt\/produktas\/lipdukas-mt-casa-seal\/\",\"name\":\"Lipdukas mt casa seal &#8211; Skizze\",\"isPartOf\":{\"@id\":\"https:\/\/hobstop.ee\/lt\/#website\"},\"primaryImageOfPage\":{\"@id\":\"https:\/\/hobstop.ee\/lt\/produktas\/lipdukas-mt-casa-seal\/#primaryimage\"},\"image\":{\"@id\":\"https:\/\/hobstop.ee\/lt\/produktas\/lipdukas-mt-casa-seal\/#primaryimage\"},\"thumbnailUrl\":\"https:\/\/hobstop.ee\/media\/4165.jpg\",\"datePublished\":\"2016-03-16T11:31:43+00:00\",\"dateModified\":\"2016-03-16T11:31:43+00:00\",\"breadcrumb\":{\"@id\":\"https:\/\/hobstop.ee\/lt\/produktas\/lipdukas-mt-casa-seal\/#breadcrumb\"},\"inLanguage\":\"lt\",\"potentialAction\":[{\"@type\":\"ReadAction\",\"target\":[\"https:\/\/hobstop.ee\/lt\/produktas\/lipdukas-mt-casa-seal\/\"]}]},{\"@type\":\"ImageObject\",\"inLanguage\":\"lt\",\"@id\":\"https:\/\/hobstop.ee\/lt\/produktas\/lipdukas-mt-casa-seal\/#primaryimage\",\"url\":\"https:\/\/hobstop.ee\/media\/4165.jpg\",\"contentUrl\":\"https:\/\/hobstop.ee\/media\/4165.jpg\",\"width\":1024,\"height\":768},{\"@type\":\"BreadcrumbList\",\"@id\":\"https:\/\/hobstop.ee\/lt\/produktas\/lipdukas-mt-casa-seal\/#breadcrumb\",\"itemListElement\":[{\"@type\":\"ListItem\",\"position\":1,\"name\":\"Avaleht\",\"item\":\"https:\/\/hobstop.ee\/lt\/\"},{\"@type\":\"ListItem\",\"position\":2,\"name\":\"Parduotuv\u0117\",\"item\":\"https:\/\/hobstop.ee\/lt\/parduotuve\/\"},{\"@type\":\"ListItem\",\"position\":3,\"name\":\"Lipdukas mt casa seal\"}]},{\"@type\":\"WebSite\",\"@id\":\"https:\/\/hobstop.ee\/lt\/#website\",\"url\":\"https:\/\/hobstop.ee\/lt\/\",\"name\":\"Skizze\",\"description\":\"Dail\u0117s, pom\u0117gi\u0173 ir mokykliniai reikm\u0117nys\",\"publisher\":{\"@id\":\"https:\/\/hobstop.ee\/lt\/#organization\"},\"potentialAction\":[{\"@type\":\"SearchAction\",\"target\":{\"@type\":\"EntryPoint\",\"urlTemplate\":\"https:\/\/hobstop.ee\/lt\/?s={search_term_string}\"},\"query-input\":{\"@type\":\"PropertyValueSpecification\",\"valueRequired\":true,\"valueName\":\"search_term_string\"}}],\"inLanguage\":\"lt\"},{\"@type\":\"Organization\",\"@id\":\"https:\/\/hobstop.ee\/lt\/#organization\",\"name\":\"Vunder AS\",\"url\":\"https:\/\/hobstop.ee\/lt\/\",\"logo\":{\"@type\":\"ImageObject\",\"inLanguage\":\"lt\",\"@id\":\"https:\/\/hobstop.ee\/lt\/#\/schema\/logo\/image\/\",\"url\":\"https:\/\/hobstop.ee\/media\/vunder-logo.png\",\"contentUrl\":\"https:\/\/hobstop.ee\/media\/vunder-logo.png\",\"width\":127,\"height\":55,\"caption\":\"Vunder AS\"},\"image\":{\"@id\":\"https:\/\/hobstop.ee\/lt\/#\/schema\/logo\/image\/\"},\"sameAs\":[\"http:\/\/www.facebook.com\/VunderSkizze\"]}]}<\/script>\n<!-- \/ Yoast SEO plugin. -->","yoast_head_json":{"title":"Lipdukas mt casa seal &#8211; Skizze","robots":{"index":"noindex","follow":"follow","max-snippet":"max-snippet:-1","max-image-preview":"max-image-preview:large","max-video-preview":"max-video-preview:-1"},"og_locale":"lt_LT","og_type":"article","og_title":"Lipdukas mt casa seal &#8211; Skizze","og_description":"Modern\u016bs maskuojantys lipdukai \u201emt casa seal\u201c pagaminti i\u0161 japoni\u0161ko popieriaus \u201ewashi\u201c, juos galima prilipdyti viena linija arba i\u0161d\u0117styti atsitiktine tvarka. Galima klijuoti ant lang\u0173 stiklo, sien\u0173, bald\u0173, kurti ornamentus, o taip pat galite suklijuoti du lipdukus ir padaryti girliandas arba dekoracijas vakar\u0117liams. Galima klijuoti ant \u012fvairi\u0173 pavir\u0161i\u0173, pavyzd\u017eiui, popieriaus, medienos, metalo, porceliano, stiklo ir pan. Lipduk\u0173 \u201emt casa seal\u201c gamyboje yra taikoma pramonini\u0173 lipni\u0173 juosteli\u0173 technologija, tod\u0117l \u0161is lipdukas yra labai auk\u0161tos kokyb\u0117s \u2013 tvirtas, ta\u010diau itin plonas. Lipduko gamyboje naudojami labai stipr\u016bs klijai, ta\u010diau j\u012f galima labai lengvai nupl\u0117\u0161ti nepaliekant joki\u0173 p\u0117dsak\u0173.","og_url":"https:\/\/hobstop.ee\/lt\/produktas\/lipdukas-mt-casa-seal\/","og_site_name":"Skizze","article_publisher":"http:\/\/www.facebook.com\/VunderSkizze","og_image":[{"width":1024,"height":768,"url":"https:\/\/hobstop.ee\/media\/4165.jpg","type":"image\/jpeg"}],"twitter_card":"summary_large_image","twitter_misc":{"Est. reading time":"1 minute"},"schema":{"@context":"https:\/\/schema.org","@graph":[{"@type":"WebPage","@id":"https:\/\/hobstop.ee\/lt\/produktas\/lipdukas-mt-casa-seal\/","url":"https:\/\/hobstop.ee\/lt\/produktas\/lipdukas-mt-casa-seal\/","name":"Lipdukas mt casa seal &#8211; Skizze","isPartOf":{"@id":"https:\/\/hobstop.ee\/lt\/#website"},"primaryImageOfPage":{"@id":"https:\/\/hobstop.ee\/lt\/produktas\/lipdukas-mt-casa-seal\/#primaryimage"},"image":{"@id":"https:\/\/hobstop.ee\/lt\/produktas\/lipdukas-mt-casa-seal\/#primaryimage"},"thumbnailUrl":"https:\/\/hobstop.ee\/media\/4165.jpg","datePublished":"2016-03-16T11:31:43+00:00","dateModified":"2016-03-16T11:31:43+00:00","breadcrumb":{"@id":"https:\/\/hobstop.ee\/lt\/produktas\/lipdukas-mt-casa-seal\/#breadcrumb"},"inLanguage":"lt","potentialAction":[{"@type":"ReadAction","target":["https:\/\/hobstop.ee\/lt\/produktas\/lipdukas-mt-casa-seal\/"]}]},{"@type":"ImageObject","inLanguage":"lt","@id":"https:\/\/hobstop.ee\/lt\/produktas\/lipdukas-mt-casa-seal\/#primaryimage","url":"https:\/\/hobstop.ee\/media\/4165.jpg","contentUrl":"https:\/\/hobstop.ee\/media\/4165.jpg","width":1024,"height":768},{"@type":"BreadcrumbList","@id":"https:\/\/hobstop.ee\/lt\/produktas\/lipdukas-mt-casa-seal\/#breadcrumb","itemListElement":[{"@type":"ListItem","position":1,"name":"Avaleht","item":"https:\/\/hobstop.ee\/lt\/"},{"@type":"ListItem","position":2,"name":"Parduotuv\u0117","item":"https:\/\/hobstop.ee\/lt\/parduotuve\/"},{"@type":"ListItem","position":3,"name":"Lipdukas mt casa seal"}]},{"@type":"WebSite","@id":"https:\/\/hobstop.ee\/lt\/#website","url":"https:\/\/hobstop.ee\/lt\/","name":"Skizze","description":"Dail\u0117s, pom\u0117gi\u0173 ir mokykliniai reikm\u0117nys","publisher":{"@id":"https:\/\/hobstop.ee\/lt\/#organization"},"potentialAction":[{"@type":"SearchAction","target":{"@type":"EntryPoint","urlTemplate":"https:\/\/hobstop.ee\/lt\/?s={search_term_string}"},"query-input":{"@type":"PropertyValueSpecification","valueRequired":true,"valueName":"search_term_string"}}],"inLanguage":"lt"},{"@type":"Organization","@id":"https:\/\/hobstop.ee\/lt\/#organization","name":"Vunder AS","url":"https:\/\/hobstop.ee\/lt\/","logo":{"@type":"ImageObject","inLanguage":"lt","@id":"https:\/\/hobstop.ee\/lt\/#\/schema\/logo\/image\/","url":"https:\/\/hobstop.ee\/media\/vunder-logo.png","contentUrl":"https:\/\/hobstop.ee\/media\/vunder-logo.png","width":127,"height":55,"caption":"Vunder AS"},"image":{"@id":"https:\/\/hobstop.ee\/lt\/#\/schema\/logo\/image\/"},"sameAs":["http:\/\/www.facebook.com\/VunderSkizze"]}]}},"_links":{"self":[{"href":"https:\/\/hobstop.ee\/lt\/wp-json\/wp\/v2\/product\/256675","targetHints":{"allow":["GET"]}}],"collection":[{"href":"https:\/\/hobstop.ee\/lt\/wp-json\/wp\/v2\/product"}],"about":[{"href":"https:\/\/hobstop.ee\/lt\/wp-json\/wp\/v2\/types\/product"}],"replies":[{"embeddable":true,"href":"https:\/\/hobstop.ee\/lt\/wp-json\/wp\/v2\/comments?post=256675"}],"wp:featuredmedia":[{"embeddable":true,"href":"https:\/\/hobstop.ee\/lt\/wp-json\/wp\/v2\/media\/256975"}],"wp:attachment":[{"href":"https:\/\/hobstop.ee\/lt\/wp-json\/wp\/v2\/media?parent=256675"}],"wp:term":[{"taxonomy":"product_cat","embeddable":true,"href":"https:\/\/hobstop.ee\/lt\/wp-json\/wp\/v2\/product_cat?post=256675"},{"taxonomy":"product_tag","embeddable":true,"href":"https:\/\/hobstop.ee\/lt\/wp-json\/wp\/v2\/product_tag?post=256675"}],"curies":[{"name":"wp","href":"https:\/\/api.w.org\/{rel}","templated":true}]}}