{"id":258462,"date":"2016-03-23T10:32:09","date_gmt":"2016-03-23T08:32:09","guid":{"rendered":"https:\/\/sharks.ee\/vunder_2019\/lt\/product\/flomasteris-lyra-aqua-brush-duo\/"},"modified":"2016-03-23T10:32:09","modified_gmt":"2016-03-23T08:32:09","slug":"flomasteris-lyra-aqua-brush-duo","status":"publish","type":"product","link":"https:\/\/hobstop.ee\/lt\/produktas\/flomasteris-lyra-aqua-brush-duo\/","title":{"rendered":"Flomasteris Lyra Aqua Brush Duo"},"content":{"rendered":"<p>Flomasteris su teptuko efektu yra skirtas dailininkams, dizaineriams ir \u012fvairaus am\u017eiaus m\u0117g\u0117jams. Veltinis galiukas yra itin stiprus ir neyrantis. Vienam gale yra platus galiukas, kuris leid\u017eia pie\u0161ti &#8220;teptuko&#8221; technika. Siauras linijas ir pie\u0161inius pie\u0161ti kitu galiuku. Suteikia galimyb\u0119 pir\u0161ti tobulus pie\u0161inius, brai\u017eyti planus ir t.t. Tu\u0161as yra pagamintas vandens pagrindu, jo sud\u0117tyje n\u0117ra pavojing\u0173 skiedikli\u0173, jis atsparus \u0161viesai  ir galima mai\u0161yti .<\/p>\n","protected":false},"excerpt":{"rendered":"<p>Flomasteris su teptuko efektu yra skirtas dailininkams, dizaineriams ir \u012fvairaus am\u017eiaus m\u0117g\u0117jams. Veltinis galiukas yra itin stiprus ir neyrantis. Vienam gale yra platus galiukas, kuris leid\u017eia pie\u0161ti &#8220;teptuko&#8221; technika. Siauras linijas ir pie\u0161inius pie\u0161ti kitu galiuku. Suteikia galimyb\u0119 pir\u0161ti tobulus pie\u0161inius, brai\u017eyti planus ir t.t. Tu\u0161as yra pagamintas vandens pagrindu, jo sud\u0117tyje n\u0117ra pavojing\u0173 skiedikli\u0173, jis atsparus \u0161viesai ir galima mai\u0161yti .<\/p>\n","protected":false},"featured_media":258817,"comment_status":"closed","ping_status":"closed","template":"","meta":{"_acf_changed":false,"ep_exclude_from_search":false},"product_cat":[16124,15011,18932],"product_tag":[],"class_list":{"0":"post-258462","1":"product","2":"type-product","3":"status-publish","4":"has-post-thumbnail","6":"product_cat-dailes-prekes","7":"product_cat-flomasteriai-ir-zymekliai-2","8":"product_cat-piesimo-reikmenys-3","10":"first","11":"instock","12":"taxable","13":"shipping-taxable","14":"purchasable","15":"product-type-simple"},"acf":[],"yoast_head":"<!-- This site is optimized with the Yoast SEO plugin v24.1 - https:\/\/yoast.com\/wordpress\/plugins\/seo\/ -->\n<title>Flomasteris Lyra Aqua Brush Duo &#8211; Skizze<\/title>\n<meta name=\"robots\" content=\"noindex, follow, max-snippet:-1, max-image-preview:large, max-video-preview:-1\" \/>\n<meta property=\"og:locale\" content=\"lt_LT\" \/>\n<meta property=\"og:type\" content=\"article\" \/>\n<meta property=\"og:title\" content=\"Flomasteris Lyra Aqua Brush Duo &#8211; Skizze\" \/>\n<meta property=\"og:description\" content=\"Flomasteris su teptuko efektu yra skirtas dailininkams, dizaineriams ir \u012fvairaus am\u017eiaus m\u0117g\u0117jams. Veltinis galiukas yra itin stiprus ir neyrantis. Vienam gale yra platus galiukas, kuris leid\u017eia pie\u0161ti &#8220;teptuko&#8221; technika. Siauras linijas ir pie\u0161inius pie\u0161ti kitu galiuku. Suteikia galimyb\u0119 pir\u0161ti tobulus pie\u0161inius, brai\u017eyti planus ir t.t. Tu\u0161as yra pagamintas vandens pagrindu, jo sud\u0117tyje n\u0117ra pavojing\u0173 skiedikli\u0173, jis atsparus \u0161viesai ir galima mai\u0161yti .\" \/>\n<meta property=\"og:url\" content=\"https:\/\/hobstop.ee\/lt\/produktas\/flomasteris-lyra-aqua-brush-duo\/\" \/>\n<meta property=\"og:site_name\" content=\"Skizze\" \/>\n<meta property=\"article:publisher\" content=\"http:\/\/www.facebook.com\/VunderSkizze\" \/>\n<meta property=\"og:image\" content=\"https:\/\/www.hobstop.ee\/media\/4200.jpg\" \/>\n\t<meta property=\"og:image:width\" content=\"1024\" \/>\n\t<meta property=\"og:image:height\" content=\"768\" \/>\n\t<meta property=\"og:image:type\" content=\"image\/jpeg\" \/>\n<meta name=\"twitter:card\" content=\"summary_large_image\" \/>\n<script type=\"application\/ld+json\" class=\"yoast-schema-graph\">{\"@context\":\"https:\/\/schema.org\",\"@graph\":[{\"@type\":\"WebPage\",\"@id\":\"https:\/\/hobstop.ee\/lt\/produktas\/flomasteris-lyra-aqua-brush-duo\/\",\"url\":\"https:\/\/hobstop.ee\/lt\/produktas\/flomasteris-lyra-aqua-brush-duo\/\",\"name\":\"Flomasteris Lyra Aqua Brush Duo &#8211; Skizze\",\"isPartOf\":{\"@id\":\"https:\/\/hobstop.ee\/lt\/#website\"},\"primaryImageOfPage\":{\"@id\":\"https:\/\/hobstop.ee\/lt\/produktas\/flomasteris-lyra-aqua-brush-duo\/#primaryimage\"},\"image\":{\"@id\":\"https:\/\/hobstop.ee\/lt\/produktas\/flomasteris-lyra-aqua-brush-duo\/#primaryimage\"},\"thumbnailUrl\":\"https:\/\/hobstop.ee\/media\/4200.jpg\",\"datePublished\":\"2016-03-23T08:32:09+00:00\",\"dateModified\":\"2016-03-23T08:32:09+00:00\",\"breadcrumb\":{\"@id\":\"https:\/\/hobstop.ee\/lt\/produktas\/flomasteris-lyra-aqua-brush-duo\/#breadcrumb\"},\"inLanguage\":\"lt\",\"potentialAction\":[{\"@type\":\"ReadAction\",\"target\":[\"https:\/\/hobstop.ee\/lt\/produktas\/flomasteris-lyra-aqua-brush-duo\/\"]}]},{\"@type\":\"ImageObject\",\"inLanguage\":\"lt\",\"@id\":\"https:\/\/hobstop.ee\/lt\/produktas\/flomasteris-lyra-aqua-brush-duo\/#primaryimage\",\"url\":\"https:\/\/hobstop.ee\/media\/4200.jpg\",\"contentUrl\":\"https:\/\/hobstop.ee\/media\/4200.jpg\",\"width\":1024,\"height\":768},{\"@type\":\"BreadcrumbList\",\"@id\":\"https:\/\/hobstop.ee\/lt\/produktas\/flomasteris-lyra-aqua-brush-duo\/#breadcrumb\",\"itemListElement\":[{\"@type\":\"ListItem\",\"position\":1,\"name\":\"Avaleht\",\"item\":\"https:\/\/hobstop.ee\/lt\/\"},{\"@type\":\"ListItem\",\"position\":2,\"name\":\"Parduotuv\u0117\",\"item\":\"https:\/\/hobstop.ee\/lt\/parduotuve\/\"},{\"@type\":\"ListItem\",\"position\":3,\"name\":\"Flomasteris Lyra Aqua Brush Duo\"}]},{\"@type\":\"WebSite\",\"@id\":\"https:\/\/hobstop.ee\/lt\/#website\",\"url\":\"https:\/\/hobstop.ee\/lt\/\",\"name\":\"Skizze\",\"description\":\"Dail\u0117s, pom\u0117gi\u0173 ir mokykliniai reikm\u0117nys\",\"publisher\":{\"@id\":\"https:\/\/hobstop.ee\/lt\/#organization\"},\"potentialAction\":[{\"@type\":\"SearchAction\",\"target\":{\"@type\":\"EntryPoint\",\"urlTemplate\":\"https:\/\/hobstop.ee\/lt\/?s={search_term_string}\"},\"query-input\":{\"@type\":\"PropertyValueSpecification\",\"valueRequired\":true,\"valueName\":\"search_term_string\"}}],\"inLanguage\":\"lt\"},{\"@type\":\"Organization\",\"@id\":\"https:\/\/hobstop.ee\/lt\/#organization\",\"name\":\"Vunder AS\",\"url\":\"https:\/\/hobstop.ee\/lt\/\",\"logo\":{\"@type\":\"ImageObject\",\"inLanguage\":\"lt\",\"@id\":\"https:\/\/hobstop.ee\/lt\/#\/schema\/logo\/image\/\",\"url\":\"https:\/\/hobstop.ee\/media\/vunder-logo.png\",\"contentUrl\":\"https:\/\/hobstop.ee\/media\/vunder-logo.png\",\"width\":127,\"height\":55,\"caption\":\"Vunder AS\"},\"image\":{\"@id\":\"https:\/\/hobstop.ee\/lt\/#\/schema\/logo\/image\/\"},\"sameAs\":[\"http:\/\/www.facebook.com\/VunderSkizze\"]}]}<\/script>\n<!-- \/ Yoast SEO plugin. -->","yoast_head_json":{"title":"Flomasteris Lyra Aqua Brush Duo &#8211; Skizze","robots":{"index":"noindex","follow":"follow","max-snippet":"max-snippet:-1","max-image-preview":"max-image-preview:large","max-video-preview":"max-video-preview:-1"},"og_locale":"lt_LT","og_type":"article","og_title":"Flomasteris Lyra Aqua Brush Duo &#8211; Skizze","og_description":"Flomasteris su teptuko efektu yra skirtas dailininkams, dizaineriams ir \u012fvairaus am\u017eiaus m\u0117g\u0117jams. Veltinis galiukas yra itin stiprus ir neyrantis. Vienam gale yra platus galiukas, kuris leid\u017eia pie\u0161ti &#8220;teptuko&#8221; technika. Siauras linijas ir pie\u0161inius pie\u0161ti kitu galiuku. Suteikia galimyb\u0119 pir\u0161ti tobulus pie\u0161inius, brai\u017eyti planus ir t.t. Tu\u0161as yra pagamintas vandens pagrindu, jo sud\u0117tyje n\u0117ra pavojing\u0173 skiedikli\u0173, jis atsparus \u0161viesai ir galima mai\u0161yti .","og_url":"https:\/\/hobstop.ee\/lt\/produktas\/flomasteris-lyra-aqua-brush-duo\/","og_site_name":"Skizze","article_publisher":"http:\/\/www.facebook.com\/VunderSkizze","og_image":[{"width":1024,"height":768,"url":"https:\/\/www.hobstop.ee\/media\/4200.jpg","type":"image\/jpeg"}],"twitter_card":"summary_large_image","schema":{"@context":"https:\/\/schema.org","@graph":[{"@type":"WebPage","@id":"https:\/\/hobstop.ee\/lt\/produktas\/flomasteris-lyra-aqua-brush-duo\/","url":"https:\/\/hobstop.ee\/lt\/produktas\/flomasteris-lyra-aqua-brush-duo\/","name":"Flomasteris Lyra Aqua Brush Duo &#8211; Skizze","isPartOf":{"@id":"https:\/\/hobstop.ee\/lt\/#website"},"primaryImageOfPage":{"@id":"https:\/\/hobstop.ee\/lt\/produktas\/flomasteris-lyra-aqua-brush-duo\/#primaryimage"},"image":{"@id":"https:\/\/hobstop.ee\/lt\/produktas\/flomasteris-lyra-aqua-brush-duo\/#primaryimage"},"thumbnailUrl":"https:\/\/hobstop.ee\/media\/4200.jpg","datePublished":"2016-03-23T08:32:09+00:00","dateModified":"2016-03-23T08:32:09+00:00","breadcrumb":{"@id":"https:\/\/hobstop.ee\/lt\/produktas\/flomasteris-lyra-aqua-brush-duo\/#breadcrumb"},"inLanguage":"lt","potentialAction":[{"@type":"ReadAction","target":["https:\/\/hobstop.ee\/lt\/produktas\/flomasteris-lyra-aqua-brush-duo\/"]}]},{"@type":"ImageObject","inLanguage":"lt","@id":"https:\/\/hobstop.ee\/lt\/produktas\/flomasteris-lyra-aqua-brush-duo\/#primaryimage","url":"https:\/\/hobstop.ee\/media\/4200.jpg","contentUrl":"https:\/\/hobstop.ee\/media\/4200.jpg","width":1024,"height":768},{"@type":"BreadcrumbList","@id":"https:\/\/hobstop.ee\/lt\/produktas\/flomasteris-lyra-aqua-brush-duo\/#breadcrumb","itemListElement":[{"@type":"ListItem","position":1,"name":"Avaleht","item":"https:\/\/hobstop.ee\/lt\/"},{"@type":"ListItem","position":2,"name":"Parduotuv\u0117","item":"https:\/\/hobstop.ee\/lt\/parduotuve\/"},{"@type":"ListItem","position":3,"name":"Flomasteris Lyra Aqua Brush Duo"}]},{"@type":"WebSite","@id":"https:\/\/hobstop.ee\/lt\/#website","url":"https:\/\/hobstop.ee\/lt\/","name":"Skizze","description":"Dail\u0117s, pom\u0117gi\u0173 ir mokykliniai reikm\u0117nys","publisher":{"@id":"https:\/\/hobstop.ee\/lt\/#organization"},"potentialAction":[{"@type":"SearchAction","target":{"@type":"EntryPoint","urlTemplate":"https:\/\/hobstop.ee\/lt\/?s={search_term_string}"},"query-input":{"@type":"PropertyValueSpecification","valueRequired":true,"valueName":"search_term_string"}}],"inLanguage":"lt"},{"@type":"Organization","@id":"https:\/\/hobstop.ee\/lt\/#organization","name":"Vunder AS","url":"https:\/\/hobstop.ee\/lt\/","logo":{"@type":"ImageObject","inLanguage":"lt","@id":"https:\/\/hobstop.ee\/lt\/#\/schema\/logo\/image\/","url":"https:\/\/hobstop.ee\/media\/vunder-logo.png","contentUrl":"https:\/\/hobstop.ee\/media\/vunder-logo.png","width":127,"height":55,"caption":"Vunder AS"},"image":{"@id":"https:\/\/hobstop.ee\/lt\/#\/schema\/logo\/image\/"},"sameAs":["http:\/\/www.facebook.com\/VunderSkizze"]}]}},"_links":{"self":[{"href":"https:\/\/hobstop.ee\/lt\/wp-json\/wp\/v2\/product\/258462","targetHints":{"allow":["GET"]}}],"collection":[{"href":"https:\/\/hobstop.ee\/lt\/wp-json\/wp\/v2\/product"}],"about":[{"href":"https:\/\/hobstop.ee\/lt\/wp-json\/wp\/v2\/types\/product"}],"replies":[{"embeddable":true,"href":"https:\/\/hobstop.ee\/lt\/wp-json\/wp\/v2\/comments?post=258462"}],"wp:featuredmedia":[{"embeddable":true,"href":"https:\/\/hobstop.ee\/lt\/wp-json\/wp\/v2\/media\/258817"}],"wp:attachment":[{"href":"https:\/\/hobstop.ee\/lt\/wp-json\/wp\/v2\/media?parent=258462"}],"wp:term":[{"taxonomy":"product_cat","embeddable":true,"href":"https:\/\/hobstop.ee\/lt\/wp-json\/wp\/v2\/product_cat?post=258462"},{"taxonomy":"product_tag","embeddable":true,"href":"https:\/\/hobstop.ee\/lt\/wp-json\/wp\/v2\/product_tag?post=258462"}],"curies":[{"name":"wp","href":"https:\/\/api.w.org\/{rel}","templated":true}]}}