{"id":261537,"date":"2016-04-07T13:34:24","date_gmt":"2016-04-07T10:34:24","guid":{"rendered":"https:\/\/sharks.ee\/vunder_2019\/lt\/product\/zymeklis-winsornewton-pigment-rinkinys\/"},"modified":"2016-04-07T13:34:24","modified_gmt":"2016-04-07T10:34:24","slug":"zymeklis-winsornewton-pigment-rinkinys","status":"publish","type":"product","link":"https:\/\/hobstop.ee\/lt\/produktas\/zymeklis-winsornewton-pigment-rinkinys\/","title":{"rendered":"\u017dymeklis Winsor&#038;Newton Pigment rinkinys"},"content":{"rendered":"<p>Pigmentinis markeris \u201eWinsor&#038;Newton Pigment Marker\u201c n\u0117ra \u012fprastas markeris \u2013 su juo k\u016brybin\u0117s galimyb\u0117s yra neribotos! Markeryje  \u201eWinsor&#038;Newton Pigment Marker\u201c vietoje da\u017e\u0173 yra naudojami subtil\u016bs neblunkantys pigmentai, tod\u0117l spalvos J\u016bs\u0173 darbuose visam laikui i\u0161liks \u0161vie\u017eios ir ry\u0161kios. Pigmenui yra garantuojamas \u0161imto met\u0173 atsparumas blukimui nuo saul\u0117s, jei darbai bus laikomi \u012fprastin\u0117mis paveiksl\u0173 galerijos s\u0105lygomis. Naudodami mai\u0161ikl\u012f gal\u0117site i\u0161gauti begalin\u0119 spalv\u0173 palet\u0119, jis leis Jums, kaip niekada iki \u0161iol, surasti, mai\u0161yti ir i\u0161gauti \u0161velnesnius atspalvius.<\/p>\n","protected":false},"excerpt":{"rendered":"<p>Pigmentinis markeris \u201eWinsor&#038;Newton Pigment Marker\u201c n\u0117ra \u012fprastas markeris \u2013 su juo k\u016brybin\u0117s galimyb\u0117s yra neribotos! Markeryje \u201eWinsor&#038;Newton Pigment Marker\u201c vietoje da\u017e\u0173 yra naudojami subtil\u016bs neblunkantys pigmentai, tod\u0117l spalvos J\u016bs\u0173 darbuose visam laikui i\u0161liks \u0161vie\u017eios ir ry\u0161kios. Pigmenui yra garantuojamas \u0161imto met\u0173 atsparumas blukimui nuo saul\u0117s, jei darbai bus laikomi \u012fprastin\u0117mis paveiksl\u0173 galerijos s\u0105lygomis. Naudodami mai\u0161ikl\u012f gal\u0117site i\u0161gauti begalin\u0119 spalv\u0173 palet\u0119, jis leis Jums, kaip niekada iki \u0161iol, surasti, mai\u0161yti ir i\u0161gauti \u0161velnesnius atspalvius.<\/p>\n","protected":false},"featured_media":261561,"comment_status":"closed","ping_status":"closed","template":"","meta":{"_acf_changed":false,"ep_exclude_from_search":false},"product_cat":[16124,15011,18932],"product_tag":[],"class_list":{"0":"post-261537","1":"product","2":"type-product","3":"status-publish","4":"has-post-thumbnail","6":"product_cat-dailes-prekes","7":"product_cat-flomasteriai-ir-zymekliai-2","8":"product_cat-piesimo-reikmenys-3","10":"first","11":"instock","12":"taxable","13":"shipping-taxable","14":"purchasable","15":"product-type-simple"},"acf":[],"yoast_head":"<!-- This site is optimized with the Yoast SEO plugin v24.1 - https:\/\/yoast.com\/wordpress\/plugins\/seo\/ -->\n<title>\u017dymeklis Winsor&amp;Newton Pigment rinkinys &#8211; Skizze<\/title>\n<meta name=\"robots\" content=\"noindex, follow, max-snippet:-1, max-image-preview:large, max-video-preview:-1\" \/>\n<meta property=\"og:locale\" content=\"lt_LT\" \/>\n<meta property=\"og:type\" content=\"article\" \/>\n<meta property=\"og:title\" content=\"\u017dymeklis Winsor&amp;Newton Pigment rinkinys &#8211; Skizze\" \/>\n<meta property=\"og:description\" content=\"Pigmentinis markeris \u201eWinsor&#038;Newton Pigment Marker\u201c n\u0117ra \u012fprastas markeris \u2013 su juo k\u016brybin\u0117s galimyb\u0117s yra neribotos! Markeryje \u201eWinsor&#038;Newton Pigment Marker\u201c vietoje da\u017e\u0173 yra naudojami subtil\u016bs neblunkantys pigmentai, tod\u0117l spalvos J\u016bs\u0173 darbuose visam laikui i\u0161liks \u0161vie\u017eios ir ry\u0161kios. Pigmenui yra garantuojamas \u0161imto met\u0173 atsparumas blukimui nuo saul\u0117s, jei darbai bus laikomi \u012fprastin\u0117mis paveiksl\u0173 galerijos s\u0105lygomis. Naudodami mai\u0161ikl\u012f gal\u0117site i\u0161gauti begalin\u0119 spalv\u0173 palet\u0119, jis leis Jums, kaip niekada iki \u0161iol, surasti, mai\u0161yti ir i\u0161gauti \u0161velnesnius atspalvius.\" \/>\n<meta property=\"og:url\" content=\"https:\/\/hobstop.ee\/lt\/produktas\/zymeklis-winsornewton-pigment-rinkinys\/\" \/>\n<meta property=\"og:site_name\" content=\"Skizze\" \/>\n<meta property=\"article:publisher\" content=\"http:\/\/www.facebook.com\/VunderSkizze\" \/>\n<meta property=\"og:image\" content=\"https:\/\/hobstop.ee\/media\/4234.jpg\" \/>\n\t<meta property=\"og:image:width\" content=\"1024\" \/>\n\t<meta property=\"og:image:height\" content=\"768\" \/>\n\t<meta property=\"og:image:type\" content=\"image\/jpeg\" \/>\n<meta name=\"twitter:card\" content=\"summary_large_image\" \/>\n<script type=\"application\/ld+json\" class=\"yoast-schema-graph\">{\"@context\":\"https:\/\/schema.org\",\"@graph\":[{\"@type\":\"WebPage\",\"@id\":\"https:\/\/hobstop.ee\/lt\/produktas\/zymeklis-winsornewton-pigment-rinkinys\/\",\"url\":\"https:\/\/hobstop.ee\/lt\/produktas\/zymeklis-winsornewton-pigment-rinkinys\/\",\"name\":\"\u017dymeklis Winsor&Newton Pigment rinkinys &#8211; Skizze\",\"isPartOf\":{\"@id\":\"https:\/\/hobstop.ee\/lt\/#website\"},\"primaryImageOfPage\":{\"@id\":\"https:\/\/hobstop.ee\/lt\/produktas\/zymeklis-winsornewton-pigment-rinkinys\/#primaryimage\"},\"image\":{\"@id\":\"https:\/\/hobstop.ee\/lt\/produktas\/zymeklis-winsornewton-pigment-rinkinys\/#primaryimage\"},\"thumbnailUrl\":\"https:\/\/hobstop.ee\/media\/4234.jpg\",\"datePublished\":\"2016-04-07T10:34:24+00:00\",\"dateModified\":\"2016-04-07T10:34:24+00:00\",\"breadcrumb\":{\"@id\":\"https:\/\/hobstop.ee\/lt\/produktas\/zymeklis-winsornewton-pigment-rinkinys\/#breadcrumb\"},\"inLanguage\":\"lt\",\"potentialAction\":[{\"@type\":\"ReadAction\",\"target\":[\"https:\/\/hobstop.ee\/lt\/produktas\/zymeklis-winsornewton-pigment-rinkinys\/\"]}]},{\"@type\":\"ImageObject\",\"inLanguage\":\"lt\",\"@id\":\"https:\/\/hobstop.ee\/lt\/produktas\/zymeklis-winsornewton-pigment-rinkinys\/#primaryimage\",\"url\":\"https:\/\/hobstop.ee\/media\/4234.jpg\",\"contentUrl\":\"https:\/\/hobstop.ee\/media\/4234.jpg\",\"width\":1024,\"height\":768},{\"@type\":\"BreadcrumbList\",\"@id\":\"https:\/\/hobstop.ee\/lt\/produktas\/zymeklis-winsornewton-pigment-rinkinys\/#breadcrumb\",\"itemListElement\":[{\"@type\":\"ListItem\",\"position\":1,\"name\":\"Avaleht\",\"item\":\"https:\/\/hobstop.ee\/lt\/\"},{\"@type\":\"ListItem\",\"position\":2,\"name\":\"Parduotuv\u0117\",\"item\":\"https:\/\/hobstop.ee\/lt\/parduotuve\/\"},{\"@type\":\"ListItem\",\"position\":3,\"name\":\"\u017dymeklis Winsor&#038;Newton Pigment rinkinys\"}]},{\"@type\":\"WebSite\",\"@id\":\"https:\/\/hobstop.ee\/lt\/#website\",\"url\":\"https:\/\/hobstop.ee\/lt\/\",\"name\":\"Skizze\",\"description\":\"Dail\u0117s, pom\u0117gi\u0173 ir mokykliniai reikm\u0117nys\",\"publisher\":{\"@id\":\"https:\/\/hobstop.ee\/lt\/#organization\"},\"potentialAction\":[{\"@type\":\"SearchAction\",\"target\":{\"@type\":\"EntryPoint\",\"urlTemplate\":\"https:\/\/hobstop.ee\/lt\/?s={search_term_string}\"},\"query-input\":{\"@type\":\"PropertyValueSpecification\",\"valueRequired\":true,\"valueName\":\"search_term_string\"}}],\"inLanguage\":\"lt\"},{\"@type\":\"Organization\",\"@id\":\"https:\/\/hobstop.ee\/lt\/#organization\",\"name\":\"Vunder AS\",\"url\":\"https:\/\/hobstop.ee\/lt\/\",\"logo\":{\"@type\":\"ImageObject\",\"inLanguage\":\"lt\",\"@id\":\"https:\/\/hobstop.ee\/lt\/#\/schema\/logo\/image\/\",\"url\":\"https:\/\/hobstop.ee\/media\/vunder-logo.png\",\"contentUrl\":\"https:\/\/hobstop.ee\/media\/vunder-logo.png\",\"width\":127,\"height\":55,\"caption\":\"Vunder AS\"},\"image\":{\"@id\":\"https:\/\/hobstop.ee\/lt\/#\/schema\/logo\/image\/\"},\"sameAs\":[\"http:\/\/www.facebook.com\/VunderSkizze\"]}]}<\/script>\n<!-- \/ Yoast SEO plugin. -->","yoast_head_json":{"title":"\u017dymeklis Winsor&Newton Pigment rinkinys &#8211; Skizze","robots":{"index":"noindex","follow":"follow","max-snippet":"max-snippet:-1","max-image-preview":"max-image-preview:large","max-video-preview":"max-video-preview:-1"},"og_locale":"lt_LT","og_type":"article","og_title":"\u017dymeklis Winsor&Newton Pigment rinkinys &#8211; Skizze","og_description":"Pigmentinis markeris \u201eWinsor&#038;Newton Pigment Marker\u201c n\u0117ra \u012fprastas markeris \u2013 su juo k\u016brybin\u0117s galimyb\u0117s yra neribotos! Markeryje \u201eWinsor&#038;Newton Pigment Marker\u201c vietoje da\u017e\u0173 yra naudojami subtil\u016bs neblunkantys pigmentai, tod\u0117l spalvos J\u016bs\u0173 darbuose visam laikui i\u0161liks \u0161vie\u017eios ir ry\u0161kios. Pigmenui yra garantuojamas \u0161imto met\u0173 atsparumas blukimui nuo saul\u0117s, jei darbai bus laikomi \u012fprastin\u0117mis paveiksl\u0173 galerijos s\u0105lygomis. Naudodami mai\u0161ikl\u012f gal\u0117site i\u0161gauti begalin\u0119 spalv\u0173 palet\u0119, jis leis Jums, kaip niekada iki \u0161iol, surasti, mai\u0161yti ir i\u0161gauti \u0161velnesnius atspalvius.","og_url":"https:\/\/hobstop.ee\/lt\/produktas\/zymeklis-winsornewton-pigment-rinkinys\/","og_site_name":"Skizze","article_publisher":"http:\/\/www.facebook.com\/VunderSkizze","og_image":[{"width":1024,"height":768,"url":"https:\/\/hobstop.ee\/media\/4234.jpg","type":"image\/jpeg"}],"twitter_card":"summary_large_image","schema":{"@context":"https:\/\/schema.org","@graph":[{"@type":"WebPage","@id":"https:\/\/hobstop.ee\/lt\/produktas\/zymeklis-winsornewton-pigment-rinkinys\/","url":"https:\/\/hobstop.ee\/lt\/produktas\/zymeklis-winsornewton-pigment-rinkinys\/","name":"\u017dymeklis Winsor&Newton Pigment rinkinys &#8211; Skizze","isPartOf":{"@id":"https:\/\/hobstop.ee\/lt\/#website"},"primaryImageOfPage":{"@id":"https:\/\/hobstop.ee\/lt\/produktas\/zymeklis-winsornewton-pigment-rinkinys\/#primaryimage"},"image":{"@id":"https:\/\/hobstop.ee\/lt\/produktas\/zymeklis-winsornewton-pigment-rinkinys\/#primaryimage"},"thumbnailUrl":"https:\/\/hobstop.ee\/media\/4234.jpg","datePublished":"2016-04-07T10:34:24+00:00","dateModified":"2016-04-07T10:34:24+00:00","breadcrumb":{"@id":"https:\/\/hobstop.ee\/lt\/produktas\/zymeklis-winsornewton-pigment-rinkinys\/#breadcrumb"},"inLanguage":"lt","potentialAction":[{"@type":"ReadAction","target":["https:\/\/hobstop.ee\/lt\/produktas\/zymeklis-winsornewton-pigment-rinkinys\/"]}]},{"@type":"ImageObject","inLanguage":"lt","@id":"https:\/\/hobstop.ee\/lt\/produktas\/zymeklis-winsornewton-pigment-rinkinys\/#primaryimage","url":"https:\/\/hobstop.ee\/media\/4234.jpg","contentUrl":"https:\/\/hobstop.ee\/media\/4234.jpg","width":1024,"height":768},{"@type":"BreadcrumbList","@id":"https:\/\/hobstop.ee\/lt\/produktas\/zymeklis-winsornewton-pigment-rinkinys\/#breadcrumb","itemListElement":[{"@type":"ListItem","position":1,"name":"Avaleht","item":"https:\/\/hobstop.ee\/lt\/"},{"@type":"ListItem","position":2,"name":"Parduotuv\u0117","item":"https:\/\/hobstop.ee\/lt\/parduotuve\/"},{"@type":"ListItem","position":3,"name":"\u017dymeklis Winsor&#038;Newton Pigment rinkinys"}]},{"@type":"WebSite","@id":"https:\/\/hobstop.ee\/lt\/#website","url":"https:\/\/hobstop.ee\/lt\/","name":"Skizze","description":"Dail\u0117s, pom\u0117gi\u0173 ir mokykliniai reikm\u0117nys","publisher":{"@id":"https:\/\/hobstop.ee\/lt\/#organization"},"potentialAction":[{"@type":"SearchAction","target":{"@type":"EntryPoint","urlTemplate":"https:\/\/hobstop.ee\/lt\/?s={search_term_string}"},"query-input":{"@type":"PropertyValueSpecification","valueRequired":true,"valueName":"search_term_string"}}],"inLanguage":"lt"},{"@type":"Organization","@id":"https:\/\/hobstop.ee\/lt\/#organization","name":"Vunder AS","url":"https:\/\/hobstop.ee\/lt\/","logo":{"@type":"ImageObject","inLanguage":"lt","@id":"https:\/\/hobstop.ee\/lt\/#\/schema\/logo\/image\/","url":"https:\/\/hobstop.ee\/media\/vunder-logo.png","contentUrl":"https:\/\/hobstop.ee\/media\/vunder-logo.png","width":127,"height":55,"caption":"Vunder AS"},"image":{"@id":"https:\/\/hobstop.ee\/lt\/#\/schema\/logo\/image\/"},"sameAs":["http:\/\/www.facebook.com\/VunderSkizze"]}]}},"_links":{"self":[{"href":"https:\/\/hobstop.ee\/lt\/wp-json\/wp\/v2\/product\/261537","targetHints":{"allow":["GET"]}}],"collection":[{"href":"https:\/\/hobstop.ee\/lt\/wp-json\/wp\/v2\/product"}],"about":[{"href":"https:\/\/hobstop.ee\/lt\/wp-json\/wp\/v2\/types\/product"}],"replies":[{"embeddable":true,"href":"https:\/\/hobstop.ee\/lt\/wp-json\/wp\/v2\/comments?post=261537"}],"wp:featuredmedia":[{"embeddable":true,"href":"https:\/\/hobstop.ee\/lt\/wp-json\/wp\/v2\/media\/261561"}],"wp:attachment":[{"href":"https:\/\/hobstop.ee\/lt\/wp-json\/wp\/v2\/media?parent=261537"}],"wp:term":[{"taxonomy":"product_cat","embeddable":true,"href":"https:\/\/hobstop.ee\/lt\/wp-json\/wp\/v2\/product_cat?post=261537"},{"taxonomy":"product_tag","embeddable":true,"href":"https:\/\/hobstop.ee\/lt\/wp-json\/wp\/v2\/product_tag?post=261537"}],"curies":[{"name":"wp","href":"https:\/\/api.w.org\/{rel}","templated":true}]}}