{"id":261928,"date":"2016-04-13T15:00:56","date_gmt":"2016-04-13T12:00:56","guid":{"rendered":"https:\/\/sharks.ee\/vunder_2019\/lt\/product\/piesimo-bloknotas-wn-pigment-marker\/"},"modified":"2016-04-13T15:00:56","modified_gmt":"2016-04-13T12:00:56","slug":"piesimo-bloknotas-wn-pigment-marker","status":"publish","type":"product","link":"https:\/\/hobstop.ee\/lt\/produktas\/piesimo-bloknotas-wn-pigment-marker\/","title":{"rendered":"Pie\u0161imo bloknotas W&#038;N Pigment Marker"},"content":{"rendered":"<p>Specialiai sukurtas pigmentuotai sud\u0117\u010diai, kiekvienas popieriaus \u201eWinsor&#038;Newton Pigment Marker Paper\u201c lapas beveik ne\u012fgeria da\u017e\u0173 ir d\u017ei\u016bsta l\u0117\u010diau, tod\u0117l galite i\u0161naudoti visas ger\u0105sias balto mai\u0161iklio savybes. Popieriaus ir\u201ePigment Marker\u201c markerio puikios ilgaam\u017ei\u0161kum\u0105 garantuojan\u010dios savyb\u0117s u\u017etikrina, kad darbai nei\u0161bluks net ir pra\u0117jus \u0161imtui met\u0173.<\/p>\n","protected":false},"excerpt":{"rendered":"<p>Specialiai sukurtas pigmentuotai sud\u0117\u010diai, kiekvienas popieriaus \u201eWinsor&#038;Newton Pigment Marker Paper\u201c lapas beveik ne\u012fgeria da\u017e\u0173 ir d\u017ei\u016bsta l\u0117\u010diau, tod\u0117l galite i\u0161naudoti visas ger\u0105sias balto mai\u0161iklio savybes. Popieriaus ir\u201ePigment Marker\u201c markerio puikios ilgaam\u017ei\u0161kum\u0105 garantuojan\u010dios savyb\u0117s u\u017etikrina, kad darbai nei\u0161bluks net ir pra\u0117jus \u0161imtui met\u0173.<\/p>\n","protected":false},"featured_media":262524,"comment_status":"closed","ping_status":"closed","template":"","meta":{"_acf_changed":false,"ep_exclude_from_search":false},"product_cat":[19025,17922,18944],"product_tag":[],"class_list":{"0":"post-261928","1":"product","2":"type-product","3":"status-publish","4":"has-post-thumbnail","6":"product_cat-piesimo-popierius-ir-bloknotai","7":"product_cat-popieriaus-prekes","8":"product_cat-specialus-popierius-ir-kartonas","10":"first","11":"outofstock","12":"taxable","13":"shipping-taxable","14":"purchasable","15":"product-type-simple"},"acf":[],"yoast_head":"<!-- This site is optimized with the Yoast SEO plugin v24.1 - https:\/\/yoast.com\/wordpress\/plugins\/seo\/ -->\n<title>Pie\u0161imo bloknotas W&amp;N Pigment Marker &#8211; Skizze<\/title>\n<meta name=\"robots\" content=\"noindex, follow, max-snippet:-1, max-image-preview:large, max-video-preview:-1\" \/>\n<meta property=\"og:locale\" content=\"lt_LT\" \/>\n<meta property=\"og:type\" content=\"article\" \/>\n<meta property=\"og:title\" content=\"Pie\u0161imo bloknotas W&amp;N Pigment Marker &#8211; Skizze\" \/>\n<meta property=\"og:description\" content=\"Specialiai sukurtas pigmentuotai sud\u0117\u010diai, kiekvienas popieriaus \u201eWinsor&#038;Newton Pigment Marker Paper\u201c lapas beveik ne\u012fgeria da\u017e\u0173 ir d\u017ei\u016bsta l\u0117\u010diau, tod\u0117l galite i\u0161naudoti visas ger\u0105sias balto mai\u0161iklio savybes. Popieriaus ir\u201ePigment Marker\u201c markerio puikios ilgaam\u017ei\u0161kum\u0105 garantuojan\u010dios savyb\u0117s u\u017etikrina, kad darbai nei\u0161bluks net ir pra\u0117jus \u0161imtui met\u0173.\" \/>\n<meta property=\"og:url\" content=\"https:\/\/hobstop.ee\/lt\/produktas\/piesimo-bloknotas-wn-pigment-marker\/\" \/>\n<meta property=\"og:site_name\" content=\"Skizze\" \/>\n<meta property=\"article:publisher\" content=\"http:\/\/www.facebook.com\/VunderSkizze\" \/>\n<meta property=\"og:image\" content=\"https:\/\/hobstop.ee\/media\/4233.jpg\" \/>\n\t<meta property=\"og:image:width\" content=\"1024\" \/>\n\t<meta property=\"og:image:height\" content=\"768\" \/>\n\t<meta property=\"og:image:type\" content=\"image\/jpeg\" \/>\n<meta name=\"twitter:card\" content=\"summary_large_image\" \/>\n<script type=\"application\/ld+json\" class=\"yoast-schema-graph\">{\"@context\":\"https:\/\/schema.org\",\"@graph\":[{\"@type\":\"WebPage\",\"@id\":\"https:\/\/hobstop.ee\/lt\/produktas\/piesimo-bloknotas-wn-pigment-marker\/\",\"url\":\"https:\/\/hobstop.ee\/lt\/produktas\/piesimo-bloknotas-wn-pigment-marker\/\",\"name\":\"Pie\u0161imo bloknotas W&N Pigment Marker &#8211; Skizze\",\"isPartOf\":{\"@id\":\"https:\/\/hobstop.ee\/lt\/#website\"},\"primaryImageOfPage\":{\"@id\":\"https:\/\/hobstop.ee\/lt\/produktas\/piesimo-bloknotas-wn-pigment-marker\/#primaryimage\"},\"image\":{\"@id\":\"https:\/\/hobstop.ee\/lt\/produktas\/piesimo-bloknotas-wn-pigment-marker\/#primaryimage\"},\"thumbnailUrl\":\"https:\/\/hobstop.ee\/media\/4233.jpg\",\"datePublished\":\"2016-04-13T12:00:56+00:00\",\"dateModified\":\"2016-04-13T12:00:56+00:00\",\"breadcrumb\":{\"@id\":\"https:\/\/hobstop.ee\/lt\/produktas\/piesimo-bloknotas-wn-pigment-marker\/#breadcrumb\"},\"inLanguage\":\"lt\",\"potentialAction\":[{\"@type\":\"ReadAction\",\"target\":[\"https:\/\/hobstop.ee\/lt\/produktas\/piesimo-bloknotas-wn-pigment-marker\/\"]}]},{\"@type\":\"ImageObject\",\"inLanguage\":\"lt\",\"@id\":\"https:\/\/hobstop.ee\/lt\/produktas\/piesimo-bloknotas-wn-pigment-marker\/#primaryimage\",\"url\":\"https:\/\/hobstop.ee\/media\/4233.jpg\",\"contentUrl\":\"https:\/\/hobstop.ee\/media\/4233.jpg\",\"width\":1024,\"height\":768},{\"@type\":\"BreadcrumbList\",\"@id\":\"https:\/\/hobstop.ee\/lt\/produktas\/piesimo-bloknotas-wn-pigment-marker\/#breadcrumb\",\"itemListElement\":[{\"@type\":\"ListItem\",\"position\":1,\"name\":\"Avaleht\",\"item\":\"https:\/\/hobstop.ee\/lt\/\"},{\"@type\":\"ListItem\",\"position\":2,\"name\":\"Parduotuv\u0117\",\"item\":\"https:\/\/hobstop.ee\/lt\/parduotuve\/\"},{\"@type\":\"ListItem\",\"position\":3,\"name\":\"Pie\u0161imo bloknotas W&#038;N Pigment Marker\"}]},{\"@type\":\"WebSite\",\"@id\":\"https:\/\/hobstop.ee\/lt\/#website\",\"url\":\"https:\/\/hobstop.ee\/lt\/\",\"name\":\"Skizze\",\"description\":\"Dail\u0117s, pom\u0117gi\u0173 ir mokykliniai reikm\u0117nys\",\"publisher\":{\"@id\":\"https:\/\/hobstop.ee\/lt\/#organization\"},\"potentialAction\":[{\"@type\":\"SearchAction\",\"target\":{\"@type\":\"EntryPoint\",\"urlTemplate\":\"https:\/\/hobstop.ee\/lt\/?s={search_term_string}\"},\"query-input\":{\"@type\":\"PropertyValueSpecification\",\"valueRequired\":true,\"valueName\":\"search_term_string\"}}],\"inLanguage\":\"lt\"},{\"@type\":\"Organization\",\"@id\":\"https:\/\/hobstop.ee\/lt\/#organization\",\"name\":\"Vunder AS\",\"url\":\"https:\/\/hobstop.ee\/lt\/\",\"logo\":{\"@type\":\"ImageObject\",\"inLanguage\":\"lt\",\"@id\":\"https:\/\/hobstop.ee\/lt\/#\/schema\/logo\/image\/\",\"url\":\"https:\/\/hobstop.ee\/media\/vunder-logo.png\",\"contentUrl\":\"https:\/\/hobstop.ee\/media\/vunder-logo.png\",\"width\":127,\"height\":55,\"caption\":\"Vunder AS\"},\"image\":{\"@id\":\"https:\/\/hobstop.ee\/lt\/#\/schema\/logo\/image\/\"},\"sameAs\":[\"http:\/\/www.facebook.com\/VunderSkizze\"]}]}<\/script>\n<!-- \/ Yoast SEO plugin. -->","yoast_head_json":{"title":"Pie\u0161imo bloknotas W&N Pigment Marker &#8211; Skizze","robots":{"index":"noindex","follow":"follow","max-snippet":"max-snippet:-1","max-image-preview":"max-image-preview:large","max-video-preview":"max-video-preview:-1"},"og_locale":"lt_LT","og_type":"article","og_title":"Pie\u0161imo bloknotas W&N Pigment Marker &#8211; Skizze","og_description":"Specialiai sukurtas pigmentuotai sud\u0117\u010diai, kiekvienas popieriaus \u201eWinsor&#038;Newton Pigment Marker Paper\u201c lapas beveik ne\u012fgeria da\u017e\u0173 ir d\u017ei\u016bsta l\u0117\u010diau, tod\u0117l galite i\u0161naudoti visas ger\u0105sias balto mai\u0161iklio savybes. Popieriaus ir\u201ePigment Marker\u201c markerio puikios ilgaam\u017ei\u0161kum\u0105 garantuojan\u010dios savyb\u0117s u\u017etikrina, kad darbai nei\u0161bluks net ir pra\u0117jus \u0161imtui met\u0173.","og_url":"https:\/\/hobstop.ee\/lt\/produktas\/piesimo-bloknotas-wn-pigment-marker\/","og_site_name":"Skizze","article_publisher":"http:\/\/www.facebook.com\/VunderSkizze","og_image":[{"width":1024,"height":768,"url":"https:\/\/hobstop.ee\/media\/4233.jpg","type":"image\/jpeg"}],"twitter_card":"summary_large_image","schema":{"@context":"https:\/\/schema.org","@graph":[{"@type":"WebPage","@id":"https:\/\/hobstop.ee\/lt\/produktas\/piesimo-bloknotas-wn-pigment-marker\/","url":"https:\/\/hobstop.ee\/lt\/produktas\/piesimo-bloknotas-wn-pigment-marker\/","name":"Pie\u0161imo bloknotas W&N Pigment Marker &#8211; Skizze","isPartOf":{"@id":"https:\/\/hobstop.ee\/lt\/#website"},"primaryImageOfPage":{"@id":"https:\/\/hobstop.ee\/lt\/produktas\/piesimo-bloknotas-wn-pigment-marker\/#primaryimage"},"image":{"@id":"https:\/\/hobstop.ee\/lt\/produktas\/piesimo-bloknotas-wn-pigment-marker\/#primaryimage"},"thumbnailUrl":"https:\/\/hobstop.ee\/media\/4233.jpg","datePublished":"2016-04-13T12:00:56+00:00","dateModified":"2016-04-13T12:00:56+00:00","breadcrumb":{"@id":"https:\/\/hobstop.ee\/lt\/produktas\/piesimo-bloknotas-wn-pigment-marker\/#breadcrumb"},"inLanguage":"lt","potentialAction":[{"@type":"ReadAction","target":["https:\/\/hobstop.ee\/lt\/produktas\/piesimo-bloknotas-wn-pigment-marker\/"]}]},{"@type":"ImageObject","inLanguage":"lt","@id":"https:\/\/hobstop.ee\/lt\/produktas\/piesimo-bloknotas-wn-pigment-marker\/#primaryimage","url":"https:\/\/hobstop.ee\/media\/4233.jpg","contentUrl":"https:\/\/hobstop.ee\/media\/4233.jpg","width":1024,"height":768},{"@type":"BreadcrumbList","@id":"https:\/\/hobstop.ee\/lt\/produktas\/piesimo-bloknotas-wn-pigment-marker\/#breadcrumb","itemListElement":[{"@type":"ListItem","position":1,"name":"Avaleht","item":"https:\/\/hobstop.ee\/lt\/"},{"@type":"ListItem","position":2,"name":"Parduotuv\u0117","item":"https:\/\/hobstop.ee\/lt\/parduotuve\/"},{"@type":"ListItem","position":3,"name":"Pie\u0161imo bloknotas W&#038;N Pigment Marker"}]},{"@type":"WebSite","@id":"https:\/\/hobstop.ee\/lt\/#website","url":"https:\/\/hobstop.ee\/lt\/","name":"Skizze","description":"Dail\u0117s, pom\u0117gi\u0173 ir mokykliniai reikm\u0117nys","publisher":{"@id":"https:\/\/hobstop.ee\/lt\/#organization"},"potentialAction":[{"@type":"SearchAction","target":{"@type":"EntryPoint","urlTemplate":"https:\/\/hobstop.ee\/lt\/?s={search_term_string}"},"query-input":{"@type":"PropertyValueSpecification","valueRequired":true,"valueName":"search_term_string"}}],"inLanguage":"lt"},{"@type":"Organization","@id":"https:\/\/hobstop.ee\/lt\/#organization","name":"Vunder AS","url":"https:\/\/hobstop.ee\/lt\/","logo":{"@type":"ImageObject","inLanguage":"lt","@id":"https:\/\/hobstop.ee\/lt\/#\/schema\/logo\/image\/","url":"https:\/\/hobstop.ee\/media\/vunder-logo.png","contentUrl":"https:\/\/hobstop.ee\/media\/vunder-logo.png","width":127,"height":55,"caption":"Vunder AS"},"image":{"@id":"https:\/\/hobstop.ee\/lt\/#\/schema\/logo\/image\/"},"sameAs":["http:\/\/www.facebook.com\/VunderSkizze"]}]}},"_links":{"self":[{"href":"https:\/\/hobstop.ee\/lt\/wp-json\/wp\/v2\/product\/261928","targetHints":{"allow":["GET"]}}],"collection":[{"href":"https:\/\/hobstop.ee\/lt\/wp-json\/wp\/v2\/product"}],"about":[{"href":"https:\/\/hobstop.ee\/lt\/wp-json\/wp\/v2\/types\/product"}],"replies":[{"embeddable":true,"href":"https:\/\/hobstop.ee\/lt\/wp-json\/wp\/v2\/comments?post=261928"}],"wp:featuredmedia":[{"embeddable":true,"href":"https:\/\/hobstop.ee\/lt\/wp-json\/wp\/v2\/media\/262524"}],"wp:attachment":[{"href":"https:\/\/hobstop.ee\/lt\/wp-json\/wp\/v2\/media?parent=261928"}],"wp:term":[{"taxonomy":"product_cat","embeddable":true,"href":"https:\/\/hobstop.ee\/lt\/wp-json\/wp\/v2\/product_cat?post=261928"},{"taxonomy":"product_tag","embeddable":true,"href":"https:\/\/hobstop.ee\/lt\/wp-json\/wp\/v2\/product_tag?post=261928"}],"curies":[{"name":"wp","href":"https:\/\/api.w.org\/{rel}","templated":true}]}}