{"id":261940,"date":"2016-04-13T15:00:58","date_gmt":"2016-04-13T12:00:58","guid":{"rendered":"https:\/\/sharks.ee\/vunder_2019\/lt\/product\/speciali-priemone-akriliniams-dazams-liquitex-slow-dri-blending\/"},"modified":"2016-04-13T15:00:58","modified_gmt":"2016-04-13T12:00:58","slug":"speciali-priemone-akriliniams-dazams-liquitex-slow-dri-blending","status":"publish","type":"product","link":"https:\/\/hobstop.ee\/lt\/produktas\/speciali-priemone-akriliniams-dazams-liquitex-slow-dri-blending\/","title":{"rendered":"Speciali priemon\u0117 akriliniams da\u017eams Liquitex Slow-Dri Blending"},"content":{"rendered":"<p>Puiki priemon\u0117 kurti mink\u0161tiems kampams ir formoms modeliuoti. \u0160i priemon\u0117 prailgina akrilo laik\u0105 daugiau nei 40 proc. ir suteikia galimyb\u0119 geriau sumai\u0161yti spalvas. \u0160ios priemon\u0117s galima prid\u0117ti iki 50 proc., nes jos sud\u0117tyje esantis ri\u0161iklis, kitaip nei kiti priedai, padeda i\u0161saugoti da\u017e\u0173 pl\u0117vel\u0119.<\/p>\n","protected":false},"excerpt":{"rendered":"<p>Puiki priemon\u0117 kurti mink\u0161tiems kampams ir formoms modeliuoti. \u0160i priemon\u0117 prailgina akrilo laik\u0105 daugiau nei 40 proc. ir suteikia galimyb\u0119 geriau sumai\u0161yti spalvas. \u0160ios priemon\u0117s galima prid\u0117ti iki 50 proc., nes jos sud\u0117tyje esantis ri\u0161iklis, kitaip nei kiti priedai, padeda i\u0161saugoti da\u017e\u0173 pl\u0117vel\u0119.<\/p>\n","protected":false},"featured_media":353816,"comment_status":"closed","ping_status":"closed","template":"","meta":{"_acf_changed":false,"ep_exclude_from_search":false},"product_cat":[18998,16124,17981],"product_tag":[],"class_list":{"0":"post-261940","1":"product","2":"type-product","3":"status-publish","4":"has-post-thumbnail","6":"product_cat-akriliniu-dazu-priedai-2","7":"product_cat-dailes-prekes","8":"product_cat-dazai-ir-priedai-tapybai","10":"first","11":"outofstock","12":"taxable","13":"shipping-taxable","14":"purchasable","15":"product-type-simple"},"acf":[],"yoast_head":"<!-- This site is optimized with the Yoast SEO plugin v24.1 - https:\/\/yoast.com\/wordpress\/plugins\/seo\/ -->\n<title>Speciali priemon\u0117 akriliniams da\u017eams Liquitex Slow-Dri Blending &#8211; Skizze<\/title>\n<meta name=\"robots\" content=\"noindex, follow, max-snippet:-1, max-image-preview:large, max-video-preview:-1\" \/>\n<meta property=\"og:locale\" content=\"lt_LT\" \/>\n<meta property=\"og:type\" content=\"article\" \/>\n<meta property=\"og:title\" content=\"Speciali priemon\u0117 akriliniams da\u017eams Liquitex Slow-Dri Blending &#8211; Skizze\" \/>\n<meta property=\"og:description\" content=\"Puiki priemon\u0117 kurti mink\u0161tiems kampams ir formoms modeliuoti. \u0160i priemon\u0117 prailgina akrilo laik\u0105 daugiau nei 40 proc. ir suteikia galimyb\u0119 geriau sumai\u0161yti spalvas. \u0160ios priemon\u0117s galima prid\u0117ti iki 50 proc., nes jos sud\u0117tyje esantis ri\u0161iklis, kitaip nei kiti priedai, padeda i\u0161saugoti da\u017e\u0173 pl\u0117vel\u0119.\" \/>\n<meta property=\"og:url\" content=\"https:\/\/hobstop.ee\/lt\/produktas\/speciali-priemone-akriliniams-dazams-liquitex-slow-dri-blending\/\" \/>\n<meta property=\"og:site_name\" content=\"Skizze\" \/>\n<meta property=\"article:publisher\" content=\"http:\/\/www.facebook.com\/VunderSkizze\" \/>\n<meta property=\"og:image\" content=\"https:\/\/hobstop.ee\/media\/4265.jpg\" \/>\n\t<meta property=\"og:image:width\" content=\"1024\" \/>\n\t<meta property=\"og:image:height\" content=\"768\" \/>\n\t<meta property=\"og:image:type\" content=\"image\/jpeg\" \/>\n<meta name=\"twitter:card\" content=\"summary_large_image\" \/>\n<script type=\"application\/ld+json\" class=\"yoast-schema-graph\">{\"@context\":\"https:\/\/schema.org\",\"@graph\":[{\"@type\":\"WebPage\",\"@id\":\"https:\/\/hobstop.ee\/lt\/produktas\/speciali-priemone-akriliniams-dazams-liquitex-slow-dri-blending\/\",\"url\":\"https:\/\/hobstop.ee\/lt\/produktas\/speciali-priemone-akriliniams-dazams-liquitex-slow-dri-blending\/\",\"name\":\"Speciali priemon\u0117 akriliniams da\u017eams Liquitex Slow-Dri Blending &#8211; Skizze\",\"isPartOf\":{\"@id\":\"https:\/\/hobstop.ee\/lt\/#website\"},\"primaryImageOfPage\":{\"@id\":\"https:\/\/hobstop.ee\/lt\/produktas\/speciali-priemone-akriliniams-dazams-liquitex-slow-dri-blending\/#primaryimage\"},\"image\":{\"@id\":\"https:\/\/hobstop.ee\/lt\/produktas\/speciali-priemone-akriliniams-dazams-liquitex-slow-dri-blending\/#primaryimage\"},\"thumbnailUrl\":\"https:\/\/hobstop.ee\/media\/4265.jpg\",\"datePublished\":\"2016-04-13T12:00:58+00:00\",\"dateModified\":\"2016-04-13T12:00:58+00:00\",\"breadcrumb\":{\"@id\":\"https:\/\/hobstop.ee\/lt\/produktas\/speciali-priemone-akriliniams-dazams-liquitex-slow-dri-blending\/#breadcrumb\"},\"inLanguage\":\"lt\",\"potentialAction\":[{\"@type\":\"ReadAction\",\"target\":[\"https:\/\/hobstop.ee\/lt\/produktas\/speciali-priemone-akriliniams-dazams-liquitex-slow-dri-blending\/\"]}]},{\"@type\":\"ImageObject\",\"inLanguage\":\"lt\",\"@id\":\"https:\/\/hobstop.ee\/lt\/produktas\/speciali-priemone-akriliniams-dazams-liquitex-slow-dri-blending\/#primaryimage\",\"url\":\"https:\/\/hobstop.ee\/media\/4265.jpg\",\"contentUrl\":\"https:\/\/hobstop.ee\/media\/4265.jpg\",\"width\":1024,\"height\":768},{\"@type\":\"BreadcrumbList\",\"@id\":\"https:\/\/hobstop.ee\/lt\/produktas\/speciali-priemone-akriliniams-dazams-liquitex-slow-dri-blending\/#breadcrumb\",\"itemListElement\":[{\"@type\":\"ListItem\",\"position\":1,\"name\":\"Avaleht\",\"item\":\"https:\/\/hobstop.ee\/lt\/\"},{\"@type\":\"ListItem\",\"position\":2,\"name\":\"Parduotuv\u0117\",\"item\":\"https:\/\/hobstop.ee\/lt\/parduotuve\/\"},{\"@type\":\"ListItem\",\"position\":3,\"name\":\"Speciali priemon\u0117 akriliniams da\u017eams Liquitex Slow-Dri Blending\"}]},{\"@type\":\"WebSite\",\"@id\":\"https:\/\/hobstop.ee\/lt\/#website\",\"url\":\"https:\/\/hobstop.ee\/lt\/\",\"name\":\"Skizze\",\"description\":\"Dail\u0117s, pom\u0117gi\u0173 ir mokykliniai reikm\u0117nys\",\"publisher\":{\"@id\":\"https:\/\/hobstop.ee\/lt\/#organization\"},\"potentialAction\":[{\"@type\":\"SearchAction\",\"target\":{\"@type\":\"EntryPoint\",\"urlTemplate\":\"https:\/\/hobstop.ee\/lt\/?s={search_term_string}\"},\"query-input\":{\"@type\":\"PropertyValueSpecification\",\"valueRequired\":true,\"valueName\":\"search_term_string\"}}],\"inLanguage\":\"lt\"},{\"@type\":\"Organization\",\"@id\":\"https:\/\/hobstop.ee\/lt\/#organization\",\"name\":\"Vunder AS\",\"url\":\"https:\/\/hobstop.ee\/lt\/\",\"logo\":{\"@type\":\"ImageObject\",\"inLanguage\":\"lt\",\"@id\":\"https:\/\/hobstop.ee\/lt\/#\/schema\/logo\/image\/\",\"url\":\"https:\/\/hobstop.ee\/media\/vunder-logo.png\",\"contentUrl\":\"https:\/\/hobstop.ee\/media\/vunder-logo.png\",\"width\":127,\"height\":55,\"caption\":\"Vunder AS\"},\"image\":{\"@id\":\"https:\/\/hobstop.ee\/lt\/#\/schema\/logo\/image\/\"},\"sameAs\":[\"http:\/\/www.facebook.com\/VunderSkizze\"]}]}<\/script>\n<!-- \/ Yoast SEO plugin. -->","yoast_head_json":{"title":"Speciali priemon\u0117 akriliniams da\u017eams Liquitex Slow-Dri Blending &#8211; Skizze","robots":{"index":"noindex","follow":"follow","max-snippet":"max-snippet:-1","max-image-preview":"max-image-preview:large","max-video-preview":"max-video-preview:-1"},"og_locale":"lt_LT","og_type":"article","og_title":"Speciali priemon\u0117 akriliniams da\u017eams Liquitex Slow-Dri Blending &#8211; Skizze","og_description":"Puiki priemon\u0117 kurti mink\u0161tiems kampams ir formoms modeliuoti. \u0160i priemon\u0117 prailgina akrilo laik\u0105 daugiau nei 40 proc. ir suteikia galimyb\u0119 geriau sumai\u0161yti spalvas. \u0160ios priemon\u0117s galima prid\u0117ti iki 50 proc., nes jos sud\u0117tyje esantis ri\u0161iklis, kitaip nei kiti priedai, padeda i\u0161saugoti da\u017e\u0173 pl\u0117vel\u0119.","og_url":"https:\/\/hobstop.ee\/lt\/produktas\/speciali-priemone-akriliniams-dazams-liquitex-slow-dri-blending\/","og_site_name":"Skizze","article_publisher":"http:\/\/www.facebook.com\/VunderSkizze","og_image":[{"width":1024,"height":768,"url":"https:\/\/hobstop.ee\/media\/4265.jpg","type":"image\/jpeg"}],"twitter_card":"summary_large_image","schema":{"@context":"https:\/\/schema.org","@graph":[{"@type":"WebPage","@id":"https:\/\/hobstop.ee\/lt\/produktas\/speciali-priemone-akriliniams-dazams-liquitex-slow-dri-blending\/","url":"https:\/\/hobstop.ee\/lt\/produktas\/speciali-priemone-akriliniams-dazams-liquitex-slow-dri-blending\/","name":"Speciali priemon\u0117 akriliniams da\u017eams Liquitex Slow-Dri Blending &#8211; Skizze","isPartOf":{"@id":"https:\/\/hobstop.ee\/lt\/#website"},"primaryImageOfPage":{"@id":"https:\/\/hobstop.ee\/lt\/produktas\/speciali-priemone-akriliniams-dazams-liquitex-slow-dri-blending\/#primaryimage"},"image":{"@id":"https:\/\/hobstop.ee\/lt\/produktas\/speciali-priemone-akriliniams-dazams-liquitex-slow-dri-blending\/#primaryimage"},"thumbnailUrl":"https:\/\/hobstop.ee\/media\/4265.jpg","datePublished":"2016-04-13T12:00:58+00:00","dateModified":"2016-04-13T12:00:58+00:00","breadcrumb":{"@id":"https:\/\/hobstop.ee\/lt\/produktas\/speciali-priemone-akriliniams-dazams-liquitex-slow-dri-blending\/#breadcrumb"},"inLanguage":"lt","potentialAction":[{"@type":"ReadAction","target":["https:\/\/hobstop.ee\/lt\/produktas\/speciali-priemone-akriliniams-dazams-liquitex-slow-dri-blending\/"]}]},{"@type":"ImageObject","inLanguage":"lt","@id":"https:\/\/hobstop.ee\/lt\/produktas\/speciali-priemone-akriliniams-dazams-liquitex-slow-dri-blending\/#primaryimage","url":"https:\/\/hobstop.ee\/media\/4265.jpg","contentUrl":"https:\/\/hobstop.ee\/media\/4265.jpg","width":1024,"height":768},{"@type":"BreadcrumbList","@id":"https:\/\/hobstop.ee\/lt\/produktas\/speciali-priemone-akriliniams-dazams-liquitex-slow-dri-blending\/#breadcrumb","itemListElement":[{"@type":"ListItem","position":1,"name":"Avaleht","item":"https:\/\/hobstop.ee\/lt\/"},{"@type":"ListItem","position":2,"name":"Parduotuv\u0117","item":"https:\/\/hobstop.ee\/lt\/parduotuve\/"},{"@type":"ListItem","position":3,"name":"Speciali priemon\u0117 akriliniams da\u017eams Liquitex Slow-Dri Blending"}]},{"@type":"WebSite","@id":"https:\/\/hobstop.ee\/lt\/#website","url":"https:\/\/hobstop.ee\/lt\/","name":"Skizze","description":"Dail\u0117s, pom\u0117gi\u0173 ir mokykliniai reikm\u0117nys","publisher":{"@id":"https:\/\/hobstop.ee\/lt\/#organization"},"potentialAction":[{"@type":"SearchAction","target":{"@type":"EntryPoint","urlTemplate":"https:\/\/hobstop.ee\/lt\/?s={search_term_string}"},"query-input":{"@type":"PropertyValueSpecification","valueRequired":true,"valueName":"search_term_string"}}],"inLanguage":"lt"},{"@type":"Organization","@id":"https:\/\/hobstop.ee\/lt\/#organization","name":"Vunder AS","url":"https:\/\/hobstop.ee\/lt\/","logo":{"@type":"ImageObject","inLanguage":"lt","@id":"https:\/\/hobstop.ee\/lt\/#\/schema\/logo\/image\/","url":"https:\/\/hobstop.ee\/media\/vunder-logo.png","contentUrl":"https:\/\/hobstop.ee\/media\/vunder-logo.png","width":127,"height":55,"caption":"Vunder AS"},"image":{"@id":"https:\/\/hobstop.ee\/lt\/#\/schema\/logo\/image\/"},"sameAs":["http:\/\/www.facebook.com\/VunderSkizze"]}]}},"_links":{"self":[{"href":"https:\/\/hobstop.ee\/lt\/wp-json\/wp\/v2\/product\/261940","targetHints":{"allow":["GET"]}}],"collection":[{"href":"https:\/\/hobstop.ee\/lt\/wp-json\/wp\/v2\/product"}],"about":[{"href":"https:\/\/hobstop.ee\/lt\/wp-json\/wp\/v2\/types\/product"}],"replies":[{"embeddable":true,"href":"https:\/\/hobstop.ee\/lt\/wp-json\/wp\/v2\/comments?post=261940"}],"wp:featuredmedia":[{"embeddable":true,"href":"https:\/\/hobstop.ee\/lt\/wp-json\/wp\/v2\/media\/353816"}],"wp:attachment":[{"href":"https:\/\/hobstop.ee\/lt\/wp-json\/wp\/v2\/media?parent=261940"}],"wp:term":[{"taxonomy":"product_cat","embeddable":true,"href":"https:\/\/hobstop.ee\/lt\/wp-json\/wp\/v2\/product_cat?post=261940"},{"taxonomy":"product_tag","embeddable":true,"href":"https:\/\/hobstop.ee\/lt\/wp-json\/wp\/v2\/product_tag?post=261940"}],"curies":[{"name":"wp","href":"https:\/\/api.w.org\/{rel}","templated":true}]}}