{"id":261944,"date":"2016-04-13T15:00:59","date_gmt":"2016-04-13T12:00:59","guid":{"rendered":"https:\/\/sharks.ee\/vunder_2019\/lt\/product\/speciali-priemone-akriliniams-dazams-liquitex-glazing\/"},"modified":"2016-04-13T15:00:59","modified_gmt":"2016-04-13T12:00:59","slug":"speciali-priemone-akriliniams-dazams-liquitex-glazing","status":"publish","type":"product","link":"https:\/\/hobstop.ee\/lt\/produktas\/speciali-priemone-akriliniams-dazams-liquitex-glazing\/","title":{"rendered":"Speciali priemon\u0117 akriliniams da\u017eams Liquitex Glazing"},"content":{"rendered":"<p>Naudokite nor\u0117dami pasiekti visi\u0161k\u0105 skaidrum\u0105 ir savo paveikslams suteikti spindesio bei gilumo. \u0160\u012f skyst\u0105 pried\u0105 sumai\u0161ius su skaidriomis spalvomis galima sukurti nuostab\u0173 blizges\u012f. Blizgesio suteikianti priemon\u0117 greitai d\u017ei\u016bsta, tod\u0117l puikiai tinka daugiasluoksniams darbams arba norint pasl\u0117pti teptuko pot\u0117pius. Nor\u0117dami prailginti darbo trukm\u0119, mai\u0161ykite su priemon\u0117mis \u201eSlow-Dri Blending Medium\u201c arba \u201eSlow-Dri Fluid Retarder\u201c.<\/p>\n","protected":false},"excerpt":{"rendered":"<p>Naudokite nor\u0117dami pasiekti visi\u0161k\u0105 skaidrum\u0105 ir savo paveikslams suteikti spindesio bei gilumo. \u0160\u012f skyst\u0105 pried\u0105 sumai\u0161ius su skaidriomis spalvomis galima sukurti nuostab\u0173 blizges\u012f. Blizgesio suteikianti priemon\u0117 greitai d\u017ei\u016bsta, tod\u0117l puikiai tinka daugiasluoksniams darbams arba norint pasl\u0117pti teptuko pot\u0117pius. Nor\u0117dami prailginti darbo trukm\u0119, mai\u0161ykite su priemon\u0117mis \u201eSlow-Dri Blending Medium\u201c arba \u201eSlow-Dri Fluid Retarder\u201c.<\/p>\n","protected":false},"featured_media":353804,"comment_status":"closed","ping_status":"closed","template":"","meta":{"_acf_changed":false,"ep_exclude_from_search":false},"product_cat":[18998,16124,17981],"product_tag":[],"class_list":{"0":"post-261944","1":"product","2":"type-product","3":"status-publish","4":"has-post-thumbnail","6":"product_cat-akriliniu-dazu-priedai-2","7":"product_cat-dailes-prekes","8":"product_cat-dazai-ir-priedai-tapybai","10":"first","11":"instock","12":"taxable","13":"shipping-taxable","14":"purchasable","15":"product-type-simple"},"acf":[],"yoast_head":"<!-- This site is optimized with the Yoast SEO plugin v24.1 - https:\/\/yoast.com\/wordpress\/plugins\/seo\/ -->\n<title>Speciali priemon\u0117 akriliniams da\u017eams Liquitex Glazing &#8211; Skizze<\/title>\n<meta name=\"robots\" content=\"noindex, follow, max-snippet:-1, max-image-preview:large, max-video-preview:-1\" \/>\n<meta property=\"og:locale\" content=\"lt_LT\" \/>\n<meta property=\"og:type\" content=\"article\" \/>\n<meta property=\"og:title\" content=\"Speciali priemon\u0117 akriliniams da\u017eams Liquitex Glazing &#8211; Skizze\" \/>\n<meta property=\"og:description\" content=\"Naudokite nor\u0117dami pasiekti visi\u0161k\u0105 skaidrum\u0105 ir savo paveikslams suteikti spindesio bei gilumo. \u0160\u012f skyst\u0105 pried\u0105 sumai\u0161ius su skaidriomis spalvomis galima sukurti nuostab\u0173 blizges\u012f. Blizgesio suteikianti priemon\u0117 greitai d\u017ei\u016bsta, tod\u0117l puikiai tinka daugiasluoksniams darbams arba norint pasl\u0117pti teptuko pot\u0117pius. Nor\u0117dami prailginti darbo trukm\u0119, mai\u0161ykite su priemon\u0117mis \u201eSlow-Dri Blending Medium\u201c arba \u201eSlow-Dri Fluid Retarder\u201c.\" \/>\n<meta property=\"og:url\" content=\"https:\/\/hobstop.ee\/lt\/produktas\/speciali-priemone-akriliniams-dazams-liquitex-glazing\/\" \/>\n<meta property=\"og:site_name\" content=\"Skizze\" \/>\n<meta property=\"article:publisher\" content=\"http:\/\/www.facebook.com\/VunderSkizze\" \/>\n<meta property=\"og:image\" content=\"https:\/\/hobstop.ee\/media\/4266.jpg\" \/>\n\t<meta property=\"og:image:width\" content=\"1024\" \/>\n\t<meta property=\"og:image:height\" content=\"768\" \/>\n\t<meta property=\"og:image:type\" content=\"image\/jpeg\" \/>\n<meta name=\"twitter:card\" content=\"summary_large_image\" \/>\n<script type=\"application\/ld+json\" class=\"yoast-schema-graph\">{\"@context\":\"https:\/\/schema.org\",\"@graph\":[{\"@type\":\"WebPage\",\"@id\":\"https:\/\/hobstop.ee\/lt\/produktas\/speciali-priemone-akriliniams-dazams-liquitex-glazing\/\",\"url\":\"https:\/\/hobstop.ee\/lt\/produktas\/speciali-priemone-akriliniams-dazams-liquitex-glazing\/\",\"name\":\"Speciali priemon\u0117 akriliniams da\u017eams Liquitex Glazing &#8211; Skizze\",\"isPartOf\":{\"@id\":\"https:\/\/hobstop.ee\/lt\/#website\"},\"primaryImageOfPage\":{\"@id\":\"https:\/\/hobstop.ee\/lt\/produktas\/speciali-priemone-akriliniams-dazams-liquitex-glazing\/#primaryimage\"},\"image\":{\"@id\":\"https:\/\/hobstop.ee\/lt\/produktas\/speciali-priemone-akriliniams-dazams-liquitex-glazing\/#primaryimage\"},\"thumbnailUrl\":\"https:\/\/hobstop.ee\/media\/4266.jpg\",\"datePublished\":\"2016-04-13T12:00:59+00:00\",\"dateModified\":\"2016-04-13T12:00:59+00:00\",\"breadcrumb\":{\"@id\":\"https:\/\/hobstop.ee\/lt\/produktas\/speciali-priemone-akriliniams-dazams-liquitex-glazing\/#breadcrumb\"},\"inLanguage\":\"lt\",\"potentialAction\":[{\"@type\":\"ReadAction\",\"target\":[\"https:\/\/hobstop.ee\/lt\/produktas\/speciali-priemone-akriliniams-dazams-liquitex-glazing\/\"]}]},{\"@type\":\"ImageObject\",\"inLanguage\":\"lt\",\"@id\":\"https:\/\/hobstop.ee\/lt\/produktas\/speciali-priemone-akriliniams-dazams-liquitex-glazing\/#primaryimage\",\"url\":\"https:\/\/hobstop.ee\/media\/4266.jpg\",\"contentUrl\":\"https:\/\/hobstop.ee\/media\/4266.jpg\",\"width\":1024,\"height\":768},{\"@type\":\"BreadcrumbList\",\"@id\":\"https:\/\/hobstop.ee\/lt\/produktas\/speciali-priemone-akriliniams-dazams-liquitex-glazing\/#breadcrumb\",\"itemListElement\":[{\"@type\":\"ListItem\",\"position\":1,\"name\":\"Avaleht\",\"item\":\"https:\/\/hobstop.ee\/lt\/\"},{\"@type\":\"ListItem\",\"position\":2,\"name\":\"Parduotuv\u0117\",\"item\":\"https:\/\/hobstop.ee\/lt\/parduotuve\/\"},{\"@type\":\"ListItem\",\"position\":3,\"name\":\"Speciali priemon\u0117 akriliniams da\u017eams Liquitex Glazing\"}]},{\"@type\":\"WebSite\",\"@id\":\"https:\/\/hobstop.ee\/lt\/#website\",\"url\":\"https:\/\/hobstop.ee\/lt\/\",\"name\":\"Skizze\",\"description\":\"Dail\u0117s, pom\u0117gi\u0173 ir mokykliniai reikm\u0117nys\",\"publisher\":{\"@id\":\"https:\/\/hobstop.ee\/lt\/#organization\"},\"potentialAction\":[{\"@type\":\"SearchAction\",\"target\":{\"@type\":\"EntryPoint\",\"urlTemplate\":\"https:\/\/hobstop.ee\/lt\/?s={search_term_string}\"},\"query-input\":{\"@type\":\"PropertyValueSpecification\",\"valueRequired\":true,\"valueName\":\"search_term_string\"}}],\"inLanguage\":\"lt\"},{\"@type\":\"Organization\",\"@id\":\"https:\/\/hobstop.ee\/lt\/#organization\",\"name\":\"Vunder AS\",\"url\":\"https:\/\/hobstop.ee\/lt\/\",\"logo\":{\"@type\":\"ImageObject\",\"inLanguage\":\"lt\",\"@id\":\"https:\/\/hobstop.ee\/lt\/#\/schema\/logo\/image\/\",\"url\":\"https:\/\/hobstop.ee\/media\/vunder-logo.png\",\"contentUrl\":\"https:\/\/hobstop.ee\/media\/vunder-logo.png\",\"width\":127,\"height\":55,\"caption\":\"Vunder AS\"},\"image\":{\"@id\":\"https:\/\/hobstop.ee\/lt\/#\/schema\/logo\/image\/\"},\"sameAs\":[\"http:\/\/www.facebook.com\/VunderSkizze\"]}]}<\/script>\n<!-- \/ Yoast SEO plugin. -->","yoast_head_json":{"title":"Speciali priemon\u0117 akriliniams da\u017eams Liquitex Glazing &#8211; Skizze","robots":{"index":"noindex","follow":"follow","max-snippet":"max-snippet:-1","max-image-preview":"max-image-preview:large","max-video-preview":"max-video-preview:-1"},"og_locale":"lt_LT","og_type":"article","og_title":"Speciali priemon\u0117 akriliniams da\u017eams Liquitex Glazing &#8211; Skizze","og_description":"Naudokite nor\u0117dami pasiekti visi\u0161k\u0105 skaidrum\u0105 ir savo paveikslams suteikti spindesio bei gilumo. \u0160\u012f skyst\u0105 pried\u0105 sumai\u0161ius su skaidriomis spalvomis galima sukurti nuostab\u0173 blizges\u012f. Blizgesio suteikianti priemon\u0117 greitai d\u017ei\u016bsta, tod\u0117l puikiai tinka daugiasluoksniams darbams arba norint pasl\u0117pti teptuko pot\u0117pius. Nor\u0117dami prailginti darbo trukm\u0119, mai\u0161ykite su priemon\u0117mis \u201eSlow-Dri Blending Medium\u201c arba \u201eSlow-Dri Fluid Retarder\u201c.","og_url":"https:\/\/hobstop.ee\/lt\/produktas\/speciali-priemone-akriliniams-dazams-liquitex-glazing\/","og_site_name":"Skizze","article_publisher":"http:\/\/www.facebook.com\/VunderSkizze","og_image":[{"width":1024,"height":768,"url":"https:\/\/hobstop.ee\/media\/4266.jpg","type":"image\/jpeg"}],"twitter_card":"summary_large_image","schema":{"@context":"https:\/\/schema.org","@graph":[{"@type":"WebPage","@id":"https:\/\/hobstop.ee\/lt\/produktas\/speciali-priemone-akriliniams-dazams-liquitex-glazing\/","url":"https:\/\/hobstop.ee\/lt\/produktas\/speciali-priemone-akriliniams-dazams-liquitex-glazing\/","name":"Speciali priemon\u0117 akriliniams da\u017eams Liquitex Glazing &#8211; Skizze","isPartOf":{"@id":"https:\/\/hobstop.ee\/lt\/#website"},"primaryImageOfPage":{"@id":"https:\/\/hobstop.ee\/lt\/produktas\/speciali-priemone-akriliniams-dazams-liquitex-glazing\/#primaryimage"},"image":{"@id":"https:\/\/hobstop.ee\/lt\/produktas\/speciali-priemone-akriliniams-dazams-liquitex-glazing\/#primaryimage"},"thumbnailUrl":"https:\/\/hobstop.ee\/media\/4266.jpg","datePublished":"2016-04-13T12:00:59+00:00","dateModified":"2016-04-13T12:00:59+00:00","breadcrumb":{"@id":"https:\/\/hobstop.ee\/lt\/produktas\/speciali-priemone-akriliniams-dazams-liquitex-glazing\/#breadcrumb"},"inLanguage":"lt","potentialAction":[{"@type":"ReadAction","target":["https:\/\/hobstop.ee\/lt\/produktas\/speciali-priemone-akriliniams-dazams-liquitex-glazing\/"]}]},{"@type":"ImageObject","inLanguage":"lt","@id":"https:\/\/hobstop.ee\/lt\/produktas\/speciali-priemone-akriliniams-dazams-liquitex-glazing\/#primaryimage","url":"https:\/\/hobstop.ee\/media\/4266.jpg","contentUrl":"https:\/\/hobstop.ee\/media\/4266.jpg","width":1024,"height":768},{"@type":"BreadcrumbList","@id":"https:\/\/hobstop.ee\/lt\/produktas\/speciali-priemone-akriliniams-dazams-liquitex-glazing\/#breadcrumb","itemListElement":[{"@type":"ListItem","position":1,"name":"Avaleht","item":"https:\/\/hobstop.ee\/lt\/"},{"@type":"ListItem","position":2,"name":"Parduotuv\u0117","item":"https:\/\/hobstop.ee\/lt\/parduotuve\/"},{"@type":"ListItem","position":3,"name":"Speciali priemon\u0117 akriliniams da\u017eams Liquitex Glazing"}]},{"@type":"WebSite","@id":"https:\/\/hobstop.ee\/lt\/#website","url":"https:\/\/hobstop.ee\/lt\/","name":"Skizze","description":"Dail\u0117s, pom\u0117gi\u0173 ir mokykliniai reikm\u0117nys","publisher":{"@id":"https:\/\/hobstop.ee\/lt\/#organization"},"potentialAction":[{"@type":"SearchAction","target":{"@type":"EntryPoint","urlTemplate":"https:\/\/hobstop.ee\/lt\/?s={search_term_string}"},"query-input":{"@type":"PropertyValueSpecification","valueRequired":true,"valueName":"search_term_string"}}],"inLanguage":"lt"},{"@type":"Organization","@id":"https:\/\/hobstop.ee\/lt\/#organization","name":"Vunder AS","url":"https:\/\/hobstop.ee\/lt\/","logo":{"@type":"ImageObject","inLanguage":"lt","@id":"https:\/\/hobstop.ee\/lt\/#\/schema\/logo\/image\/","url":"https:\/\/hobstop.ee\/media\/vunder-logo.png","contentUrl":"https:\/\/hobstop.ee\/media\/vunder-logo.png","width":127,"height":55,"caption":"Vunder AS"},"image":{"@id":"https:\/\/hobstop.ee\/lt\/#\/schema\/logo\/image\/"},"sameAs":["http:\/\/www.facebook.com\/VunderSkizze"]}]}},"_links":{"self":[{"href":"https:\/\/hobstop.ee\/lt\/wp-json\/wp\/v2\/product\/261944","targetHints":{"allow":["GET"]}}],"collection":[{"href":"https:\/\/hobstop.ee\/lt\/wp-json\/wp\/v2\/product"}],"about":[{"href":"https:\/\/hobstop.ee\/lt\/wp-json\/wp\/v2\/types\/product"}],"replies":[{"embeddable":true,"href":"https:\/\/hobstop.ee\/lt\/wp-json\/wp\/v2\/comments?post=261944"}],"wp:featuredmedia":[{"embeddable":true,"href":"https:\/\/hobstop.ee\/lt\/wp-json\/wp\/v2\/media\/353804"}],"wp:attachment":[{"href":"https:\/\/hobstop.ee\/lt\/wp-json\/wp\/v2\/media?parent=261944"}],"wp:term":[{"taxonomy":"product_cat","embeddable":true,"href":"https:\/\/hobstop.ee\/lt\/wp-json\/wp\/v2\/product_cat?post=261944"},{"taxonomy":"product_tag","embeddable":true,"href":"https:\/\/hobstop.ee\/lt\/wp-json\/wp\/v2\/product_tag?post=261944"}],"curies":[{"name":"wp","href":"https:\/\/api.w.org\/{rel}","templated":true}]}}