{"id":261964,"date":"2016-04-13T15:01:03","date_gmt":"2016-04-13T12:01:03","guid":{"rendered":"https:\/\/sharks.ee\/vunder_2019\/lt\/product\/vaskas-marabu-chalky-chic\/"},"modified":"2016-04-13T15:01:03","modified_gmt":"2016-04-13T12:01:03","slug":"vaskas-marabu-chalky-chic","status":"publish","type":"product","link":"https:\/\/hobstop.ee\/lt\/produktas\/vaskas-marabu-chalky-chic\/","title":{"rendered":"Va\u0161kas Marabu Chalky-Chic"},"content":{"rendered":"<p>Nuostabaus dizaino bald\u0173 ir aksesuar\u0173 apsauga. Skystas apsauginis va\u0161kas \u201eChalky-Chic\u201c yra specialiai sukurtas naudoti patalpose ir saugo J\u016bs\u0173 m\u0117gstamus daiktus, kad gal\u0117tum\u0117te jais m\u0117gautis kuo ilgiau. Skaidrus \u201eChalky-Chic\u201c apsauginis va\u0161kas idealiai tinka naudoti \u0161veitimo technika, norint apsaugoti da\u017e\u0173 sluoksnio kra\u0161t\u0105 nuo nutrynimo; nelygi\u0173 pavir\u0161i\u0173 daiktams naudokite \u201eChalky-Chic\u201c apsaugin\u012f va\u0161k\u0105. Patikima apsauga suteiks norim\u0105 senovin\u0119 i\u0161vaizd\u0105.<\/p>\n","protected":false},"excerpt":{"rendered":"<p>Nuostabaus dizaino bald\u0173 ir aksesuar\u0173 apsauga. Skystas apsauginis va\u0161kas \u201eChalky-Chic\u201c yra specialiai sukurtas naudoti patalpose ir saugo J\u016bs\u0173 m\u0117gstamus daiktus, kad gal\u0117tum\u0117te jais m\u0117gautis kuo ilgiau. Skaidrus \u201eChalky-Chic\u201c apsauginis va\u0161kas idealiai tinka naudoti \u0161veitimo technika, norint apsaugoti da\u017e\u0173 sluoksnio kra\u0161t\u0105 nuo nutrynimo; nelygi\u0173 pavir\u0161i\u0173 daiktams naudokite \u201eChalky-Chic\u201c apsaugin\u012f va\u0161k\u0105. Patikima apsauga suteiks norim\u0105 senovin\u0119 i\u0161vaizd\u0105.<\/p>\n","protected":false},"featured_media":262212,"comment_status":"closed","ping_status":"closed","template":"","meta":{"_acf_changed":false,"ep_exclude_from_search":false},"product_cat":[239,19881,17919],"product_tag":[],"class_list":{"0":"post-261964","1":"product","2":"type-product","3":"status-publish","4":"has-post-thumbnail","6":"product_cat-aerosoolvarvid","7":"product_cat-lakai","8":"product_cat-pomegiu-prekes","10":"first","11":"instock","12":"taxable","13":"shipping-taxable","14":"purchasable","15":"product-type-simple"},"acf":[],"yoast_head":"<!-- This site is optimized with the Yoast SEO plugin v24.1 - https:\/\/yoast.com\/wordpress\/plugins\/seo\/ -->\n<title>Va\u0161kas Marabu Chalky-Chic &#8211; Skizze<\/title>\n<meta name=\"robots\" content=\"noindex, follow, max-snippet:-1, max-image-preview:large, max-video-preview:-1\" \/>\n<meta property=\"og:locale\" content=\"lt_LT\" \/>\n<meta property=\"og:type\" content=\"article\" \/>\n<meta property=\"og:title\" content=\"Va\u0161kas Marabu Chalky-Chic &#8211; Skizze\" \/>\n<meta property=\"og:description\" content=\"Nuostabaus dizaino bald\u0173 ir aksesuar\u0173 apsauga. Skystas apsauginis va\u0161kas \u201eChalky-Chic\u201c yra specialiai sukurtas naudoti patalpose ir saugo J\u016bs\u0173 m\u0117gstamus daiktus, kad gal\u0117tum\u0117te jais m\u0117gautis kuo ilgiau. Skaidrus \u201eChalky-Chic\u201c apsauginis va\u0161kas idealiai tinka naudoti \u0161veitimo technika, norint apsaugoti da\u017e\u0173 sluoksnio kra\u0161t\u0105 nuo nutrynimo; nelygi\u0173 pavir\u0161i\u0173 daiktams naudokite \u201eChalky-Chic\u201c apsaugin\u012f va\u0161k\u0105. Patikima apsauga suteiks norim\u0105 senovin\u0119 i\u0161vaizd\u0105.\" \/>\n<meta property=\"og:url\" content=\"https:\/\/hobstop.ee\/lt\/produktas\/vaskas-marabu-chalky-chic\/\" \/>\n<meta property=\"og:site_name\" content=\"Skizze\" \/>\n<meta property=\"article:publisher\" content=\"http:\/\/www.facebook.com\/VunderSkizze\" \/>\n<meta property=\"og:image\" content=\"https:\/\/www.hobstop.ee\/media\/4274.jpg\" \/>\n\t<meta property=\"og:image:width\" content=\"1024\" \/>\n\t<meta property=\"og:image:height\" content=\"768\" \/>\n\t<meta property=\"og:image:type\" content=\"image\/jpeg\" \/>\n<meta name=\"twitter:card\" content=\"summary_large_image\" \/>\n<script type=\"application\/ld+json\" class=\"yoast-schema-graph\">{\"@context\":\"https:\/\/schema.org\",\"@graph\":[{\"@type\":\"WebPage\",\"@id\":\"https:\/\/hobstop.ee\/lt\/produktas\/vaskas-marabu-chalky-chic\/\",\"url\":\"https:\/\/hobstop.ee\/lt\/produktas\/vaskas-marabu-chalky-chic\/\",\"name\":\"Va\u0161kas Marabu Chalky-Chic &#8211; Skizze\",\"isPartOf\":{\"@id\":\"https:\/\/hobstop.ee\/lt\/#website\"},\"primaryImageOfPage\":{\"@id\":\"https:\/\/hobstop.ee\/lt\/produktas\/vaskas-marabu-chalky-chic\/#primaryimage\"},\"image\":{\"@id\":\"https:\/\/hobstop.ee\/lt\/produktas\/vaskas-marabu-chalky-chic\/#primaryimage\"},\"thumbnailUrl\":\"https:\/\/hobstop.ee\/media\/4274.jpg\",\"datePublished\":\"2016-04-13T12:01:03+00:00\",\"dateModified\":\"2016-04-13T12:01:03+00:00\",\"breadcrumb\":{\"@id\":\"https:\/\/hobstop.ee\/lt\/produktas\/vaskas-marabu-chalky-chic\/#breadcrumb\"},\"inLanguage\":\"lt\",\"potentialAction\":[{\"@type\":\"ReadAction\",\"target\":[\"https:\/\/hobstop.ee\/lt\/produktas\/vaskas-marabu-chalky-chic\/\"]}]},{\"@type\":\"ImageObject\",\"inLanguage\":\"lt\",\"@id\":\"https:\/\/hobstop.ee\/lt\/produktas\/vaskas-marabu-chalky-chic\/#primaryimage\",\"url\":\"https:\/\/hobstop.ee\/media\/4274.jpg\",\"contentUrl\":\"https:\/\/hobstop.ee\/media\/4274.jpg\",\"width\":1024,\"height\":768},{\"@type\":\"BreadcrumbList\",\"@id\":\"https:\/\/hobstop.ee\/lt\/produktas\/vaskas-marabu-chalky-chic\/#breadcrumb\",\"itemListElement\":[{\"@type\":\"ListItem\",\"position\":1,\"name\":\"Avaleht\",\"item\":\"https:\/\/hobstop.ee\/lt\/\"},{\"@type\":\"ListItem\",\"position\":2,\"name\":\"Parduotuv\u0117\",\"item\":\"https:\/\/hobstop.ee\/lt\/parduotuve\/\"},{\"@type\":\"ListItem\",\"position\":3,\"name\":\"Va\u0161kas Marabu Chalky-Chic\"}]},{\"@type\":\"WebSite\",\"@id\":\"https:\/\/hobstop.ee\/lt\/#website\",\"url\":\"https:\/\/hobstop.ee\/lt\/\",\"name\":\"Skizze\",\"description\":\"Dail\u0117s, pom\u0117gi\u0173 ir mokykliniai reikm\u0117nys\",\"publisher\":{\"@id\":\"https:\/\/hobstop.ee\/lt\/#organization\"},\"potentialAction\":[{\"@type\":\"SearchAction\",\"target\":{\"@type\":\"EntryPoint\",\"urlTemplate\":\"https:\/\/hobstop.ee\/lt\/?s={search_term_string}\"},\"query-input\":{\"@type\":\"PropertyValueSpecification\",\"valueRequired\":true,\"valueName\":\"search_term_string\"}}],\"inLanguage\":\"lt\"},{\"@type\":\"Organization\",\"@id\":\"https:\/\/hobstop.ee\/lt\/#organization\",\"name\":\"Vunder AS\",\"url\":\"https:\/\/hobstop.ee\/lt\/\",\"logo\":{\"@type\":\"ImageObject\",\"inLanguage\":\"lt\",\"@id\":\"https:\/\/hobstop.ee\/lt\/#\/schema\/logo\/image\/\",\"url\":\"https:\/\/hobstop.ee\/media\/vunder-logo.png\",\"contentUrl\":\"https:\/\/hobstop.ee\/media\/vunder-logo.png\",\"width\":127,\"height\":55,\"caption\":\"Vunder AS\"},\"image\":{\"@id\":\"https:\/\/hobstop.ee\/lt\/#\/schema\/logo\/image\/\"},\"sameAs\":[\"http:\/\/www.facebook.com\/VunderSkizze\"]}]}<\/script>\n<!-- \/ Yoast SEO plugin. -->","yoast_head_json":{"title":"Va\u0161kas Marabu Chalky-Chic &#8211; Skizze","robots":{"index":"noindex","follow":"follow","max-snippet":"max-snippet:-1","max-image-preview":"max-image-preview:large","max-video-preview":"max-video-preview:-1"},"og_locale":"lt_LT","og_type":"article","og_title":"Va\u0161kas Marabu Chalky-Chic &#8211; Skizze","og_description":"Nuostabaus dizaino bald\u0173 ir aksesuar\u0173 apsauga. Skystas apsauginis va\u0161kas \u201eChalky-Chic\u201c yra specialiai sukurtas naudoti patalpose ir saugo J\u016bs\u0173 m\u0117gstamus daiktus, kad gal\u0117tum\u0117te jais m\u0117gautis kuo ilgiau. Skaidrus \u201eChalky-Chic\u201c apsauginis va\u0161kas idealiai tinka naudoti \u0161veitimo technika, norint apsaugoti da\u017e\u0173 sluoksnio kra\u0161t\u0105 nuo nutrynimo; nelygi\u0173 pavir\u0161i\u0173 daiktams naudokite \u201eChalky-Chic\u201c apsaugin\u012f va\u0161k\u0105. Patikima apsauga suteiks norim\u0105 senovin\u0119 i\u0161vaizd\u0105.","og_url":"https:\/\/hobstop.ee\/lt\/produktas\/vaskas-marabu-chalky-chic\/","og_site_name":"Skizze","article_publisher":"http:\/\/www.facebook.com\/VunderSkizze","og_image":[{"width":1024,"height":768,"url":"https:\/\/www.hobstop.ee\/media\/4274.jpg","type":"image\/jpeg"}],"twitter_card":"summary_large_image","schema":{"@context":"https:\/\/schema.org","@graph":[{"@type":"WebPage","@id":"https:\/\/hobstop.ee\/lt\/produktas\/vaskas-marabu-chalky-chic\/","url":"https:\/\/hobstop.ee\/lt\/produktas\/vaskas-marabu-chalky-chic\/","name":"Va\u0161kas Marabu Chalky-Chic &#8211; Skizze","isPartOf":{"@id":"https:\/\/hobstop.ee\/lt\/#website"},"primaryImageOfPage":{"@id":"https:\/\/hobstop.ee\/lt\/produktas\/vaskas-marabu-chalky-chic\/#primaryimage"},"image":{"@id":"https:\/\/hobstop.ee\/lt\/produktas\/vaskas-marabu-chalky-chic\/#primaryimage"},"thumbnailUrl":"https:\/\/hobstop.ee\/media\/4274.jpg","datePublished":"2016-04-13T12:01:03+00:00","dateModified":"2016-04-13T12:01:03+00:00","breadcrumb":{"@id":"https:\/\/hobstop.ee\/lt\/produktas\/vaskas-marabu-chalky-chic\/#breadcrumb"},"inLanguage":"lt","potentialAction":[{"@type":"ReadAction","target":["https:\/\/hobstop.ee\/lt\/produktas\/vaskas-marabu-chalky-chic\/"]}]},{"@type":"ImageObject","inLanguage":"lt","@id":"https:\/\/hobstop.ee\/lt\/produktas\/vaskas-marabu-chalky-chic\/#primaryimage","url":"https:\/\/hobstop.ee\/media\/4274.jpg","contentUrl":"https:\/\/hobstop.ee\/media\/4274.jpg","width":1024,"height":768},{"@type":"BreadcrumbList","@id":"https:\/\/hobstop.ee\/lt\/produktas\/vaskas-marabu-chalky-chic\/#breadcrumb","itemListElement":[{"@type":"ListItem","position":1,"name":"Avaleht","item":"https:\/\/hobstop.ee\/lt\/"},{"@type":"ListItem","position":2,"name":"Parduotuv\u0117","item":"https:\/\/hobstop.ee\/lt\/parduotuve\/"},{"@type":"ListItem","position":3,"name":"Va\u0161kas Marabu Chalky-Chic"}]},{"@type":"WebSite","@id":"https:\/\/hobstop.ee\/lt\/#website","url":"https:\/\/hobstop.ee\/lt\/","name":"Skizze","description":"Dail\u0117s, pom\u0117gi\u0173 ir mokykliniai reikm\u0117nys","publisher":{"@id":"https:\/\/hobstop.ee\/lt\/#organization"},"potentialAction":[{"@type":"SearchAction","target":{"@type":"EntryPoint","urlTemplate":"https:\/\/hobstop.ee\/lt\/?s={search_term_string}"},"query-input":{"@type":"PropertyValueSpecification","valueRequired":true,"valueName":"search_term_string"}}],"inLanguage":"lt"},{"@type":"Organization","@id":"https:\/\/hobstop.ee\/lt\/#organization","name":"Vunder AS","url":"https:\/\/hobstop.ee\/lt\/","logo":{"@type":"ImageObject","inLanguage":"lt","@id":"https:\/\/hobstop.ee\/lt\/#\/schema\/logo\/image\/","url":"https:\/\/hobstop.ee\/media\/vunder-logo.png","contentUrl":"https:\/\/hobstop.ee\/media\/vunder-logo.png","width":127,"height":55,"caption":"Vunder AS"},"image":{"@id":"https:\/\/hobstop.ee\/lt\/#\/schema\/logo\/image\/"},"sameAs":["http:\/\/www.facebook.com\/VunderSkizze"]}]}},"_links":{"self":[{"href":"https:\/\/hobstop.ee\/lt\/wp-json\/wp\/v2\/product\/261964","targetHints":{"allow":["GET"]}}],"collection":[{"href":"https:\/\/hobstop.ee\/lt\/wp-json\/wp\/v2\/product"}],"about":[{"href":"https:\/\/hobstop.ee\/lt\/wp-json\/wp\/v2\/types\/product"}],"replies":[{"embeddable":true,"href":"https:\/\/hobstop.ee\/lt\/wp-json\/wp\/v2\/comments?post=261964"}],"wp:featuredmedia":[{"embeddable":true,"href":"https:\/\/hobstop.ee\/lt\/wp-json\/wp\/v2\/media\/262212"}],"wp:attachment":[{"href":"https:\/\/hobstop.ee\/lt\/wp-json\/wp\/v2\/media?parent=261964"}],"wp:term":[{"taxonomy":"product_cat","embeddable":true,"href":"https:\/\/hobstop.ee\/lt\/wp-json\/wp\/v2\/product_cat?post=261964"},{"taxonomy":"product_tag","embeddable":true,"href":"https:\/\/hobstop.ee\/lt\/wp-json\/wp\/v2\/product_tag?post=261964"}],"curies":[{"name":"wp","href":"https:\/\/api.w.org\/{rel}","templated":true}]}}