{"id":261972,"date":"2016-04-13T15:01:05","date_gmt":"2016-04-13T12:01:05","guid":{"rendered":"https:\/\/sharks.ee\/vunder_2019\/lt\/product\/priedas-perkelimui-marabu-chalky-chic\/"},"modified":"2016-04-13T15:01:05","modified_gmt":"2016-04-13T12:01:05","slug":"priedas-perkelimui-marabu-chalky-chic","status":"publish","type":"product","link":"https:\/\/hobstop.ee\/lt\/produktas\/priedas-perkelimui-marabu-chalky-chic\/","title":{"rendered":"Priedas perk\u0117limui Marabu Chalky-Chic"},"content":{"rendered":"<p>Savo nam\u0173 interjero detal\u0117ms suteikite asmeni\u0161kumo. Lazeriniu spausdintuvu atspausdinti tekstai, nuotraukos ir ornamentai gali b\u016bti perkelti ant daugelio \u012fvairi\u0173 pavir\u0161i\u0173. I\u0161reik\u0161kite savo individualum\u0105 balduose arba saugojimo talpas papuo\u0161kite u\u017era\u0161ais. Naudokite perk\u0117limo priemon\u0119 ir medinius, MDF, metalinius ir i\u0161 kit\u0173 med\u017eiag\u0173 pagamintus daiktus paverskite unikaliais ir k\u016brybi\u0161kais savo nam\u0173 elementais.<\/p>\n","protected":false},"excerpt":{"rendered":"<p>Savo nam\u0173 interjero detal\u0117ms suteikite asmeni\u0161kumo. Lazeriniu spausdintuvu atspausdinti tekstai, nuotraukos ir ornamentai gali b\u016bti perkelti ant daugelio \u012fvairi\u0173 pavir\u0161i\u0173. I\u0161reik\u0161kite savo individualum\u0105 balduose arba saugojimo talpas papuo\u0161kite u\u017era\u0161ais. Naudokite perk\u0117limo priemon\u0119 ir medinius, MDF, metalinius ir i\u0161 kit\u0173 med\u017eiag\u0173 pagamintus daiktus paverskite unikaliais ir k\u016brybi\u0161kais savo nam\u0173 elementais.<\/p>\n","protected":false},"featured_media":262220,"comment_status":"closed","ping_status":"closed","template":"","meta":{"_acf_changed":false,"ep_exclude_from_search":false},"product_cat":[239,18723,17919],"product_tag":[],"class_list":{"0":"post-261972","1":"product","2":"type-product","3":"status-publish","4":"has-post-thumbnail","6":"product_cat-aerosoolvarvid","7":"product_cat-ivairus-13","8":"product_cat-pomegiu-prekes","10":"first","11":"instock","12":"taxable","13":"shipping-taxable","14":"purchasable","15":"product-type-simple"},"acf":[],"yoast_head":"<!-- This site is optimized with the Yoast SEO plugin v24.1 - https:\/\/yoast.com\/wordpress\/plugins\/seo\/ -->\n<title>Priedas perk\u0117limui Marabu Chalky-Chic &#8211; Skizze<\/title>\n<meta name=\"robots\" content=\"noindex, follow, max-snippet:-1, max-image-preview:large, max-video-preview:-1\" \/>\n<meta property=\"og:locale\" content=\"lt_LT\" \/>\n<meta property=\"og:type\" content=\"article\" \/>\n<meta property=\"og:title\" content=\"Priedas perk\u0117limui Marabu Chalky-Chic &#8211; Skizze\" \/>\n<meta property=\"og:description\" content=\"Savo nam\u0173 interjero detal\u0117ms suteikite asmeni\u0161kumo. Lazeriniu spausdintuvu atspausdinti tekstai, nuotraukos ir ornamentai gali b\u016bti perkelti ant daugelio \u012fvairi\u0173 pavir\u0161i\u0173. I\u0161reik\u0161kite savo individualum\u0105 balduose arba saugojimo talpas papuo\u0161kite u\u017era\u0161ais. Naudokite perk\u0117limo priemon\u0119 ir medinius, MDF, metalinius ir i\u0161 kit\u0173 med\u017eiag\u0173 pagamintus daiktus paverskite unikaliais ir k\u016brybi\u0161kais savo nam\u0173 elementais.\" \/>\n<meta property=\"og:url\" content=\"https:\/\/hobstop.ee\/lt\/produktas\/priedas-perkelimui-marabu-chalky-chic\/\" \/>\n<meta property=\"og:site_name\" content=\"Skizze\" \/>\n<meta property=\"article:publisher\" content=\"http:\/\/www.facebook.com\/VunderSkizze\" \/>\n<meta property=\"og:image\" content=\"https:\/\/hobstop.ee\/media\/4276.jpg\" \/>\n\t<meta property=\"og:image:width\" content=\"1024\" \/>\n\t<meta property=\"og:image:height\" content=\"768\" \/>\n\t<meta property=\"og:image:type\" content=\"image\/jpeg\" \/>\n<meta name=\"twitter:card\" content=\"summary_large_image\" \/>\n<script type=\"application\/ld+json\" class=\"yoast-schema-graph\">{\"@context\":\"https:\/\/schema.org\",\"@graph\":[{\"@type\":\"WebPage\",\"@id\":\"https:\/\/hobstop.ee\/lt\/produktas\/priedas-perkelimui-marabu-chalky-chic\/\",\"url\":\"https:\/\/hobstop.ee\/lt\/produktas\/priedas-perkelimui-marabu-chalky-chic\/\",\"name\":\"Priedas perk\u0117limui Marabu Chalky-Chic &#8211; Skizze\",\"isPartOf\":{\"@id\":\"https:\/\/hobstop.ee\/lt\/#website\"},\"primaryImageOfPage\":{\"@id\":\"https:\/\/hobstop.ee\/lt\/produktas\/priedas-perkelimui-marabu-chalky-chic\/#primaryimage\"},\"image\":{\"@id\":\"https:\/\/hobstop.ee\/lt\/produktas\/priedas-perkelimui-marabu-chalky-chic\/#primaryimage\"},\"thumbnailUrl\":\"https:\/\/hobstop.ee\/media\/4276.jpg\",\"datePublished\":\"2016-04-13T12:01:05+00:00\",\"dateModified\":\"2016-04-13T12:01:05+00:00\",\"breadcrumb\":{\"@id\":\"https:\/\/hobstop.ee\/lt\/produktas\/priedas-perkelimui-marabu-chalky-chic\/#breadcrumb\"},\"inLanguage\":\"lt\",\"potentialAction\":[{\"@type\":\"ReadAction\",\"target\":[\"https:\/\/hobstop.ee\/lt\/produktas\/priedas-perkelimui-marabu-chalky-chic\/\"]}]},{\"@type\":\"ImageObject\",\"inLanguage\":\"lt\",\"@id\":\"https:\/\/hobstop.ee\/lt\/produktas\/priedas-perkelimui-marabu-chalky-chic\/#primaryimage\",\"url\":\"https:\/\/hobstop.ee\/media\/4276.jpg\",\"contentUrl\":\"https:\/\/hobstop.ee\/media\/4276.jpg\",\"width\":1024,\"height\":768},{\"@type\":\"BreadcrumbList\",\"@id\":\"https:\/\/hobstop.ee\/lt\/produktas\/priedas-perkelimui-marabu-chalky-chic\/#breadcrumb\",\"itemListElement\":[{\"@type\":\"ListItem\",\"position\":1,\"name\":\"Avaleht\",\"item\":\"https:\/\/hobstop.ee\/lt\/\"},{\"@type\":\"ListItem\",\"position\":2,\"name\":\"Parduotuv\u0117\",\"item\":\"https:\/\/hobstop.ee\/lt\/parduotuve\/\"},{\"@type\":\"ListItem\",\"position\":3,\"name\":\"Priedas perk\u0117limui Marabu Chalky-Chic\"}]},{\"@type\":\"WebSite\",\"@id\":\"https:\/\/hobstop.ee\/lt\/#website\",\"url\":\"https:\/\/hobstop.ee\/lt\/\",\"name\":\"Skizze\",\"description\":\"Dail\u0117s, pom\u0117gi\u0173 ir mokykliniai reikm\u0117nys\",\"publisher\":{\"@id\":\"https:\/\/hobstop.ee\/lt\/#organization\"},\"potentialAction\":[{\"@type\":\"SearchAction\",\"target\":{\"@type\":\"EntryPoint\",\"urlTemplate\":\"https:\/\/hobstop.ee\/lt\/?s={search_term_string}\"},\"query-input\":{\"@type\":\"PropertyValueSpecification\",\"valueRequired\":true,\"valueName\":\"search_term_string\"}}],\"inLanguage\":\"lt\"},{\"@type\":\"Organization\",\"@id\":\"https:\/\/hobstop.ee\/lt\/#organization\",\"name\":\"Vunder AS\",\"url\":\"https:\/\/hobstop.ee\/lt\/\",\"logo\":{\"@type\":\"ImageObject\",\"inLanguage\":\"lt\",\"@id\":\"https:\/\/hobstop.ee\/lt\/#\/schema\/logo\/image\/\",\"url\":\"https:\/\/hobstop.ee\/media\/vunder-logo.png\",\"contentUrl\":\"https:\/\/hobstop.ee\/media\/vunder-logo.png\",\"width\":127,\"height\":55,\"caption\":\"Vunder AS\"},\"image\":{\"@id\":\"https:\/\/hobstop.ee\/lt\/#\/schema\/logo\/image\/\"},\"sameAs\":[\"http:\/\/www.facebook.com\/VunderSkizze\"]}]}<\/script>\n<!-- \/ Yoast SEO plugin. -->","yoast_head_json":{"title":"Priedas perk\u0117limui Marabu Chalky-Chic &#8211; Skizze","robots":{"index":"noindex","follow":"follow","max-snippet":"max-snippet:-1","max-image-preview":"max-image-preview:large","max-video-preview":"max-video-preview:-1"},"og_locale":"lt_LT","og_type":"article","og_title":"Priedas perk\u0117limui Marabu Chalky-Chic &#8211; Skizze","og_description":"Savo nam\u0173 interjero detal\u0117ms suteikite asmeni\u0161kumo. Lazeriniu spausdintuvu atspausdinti tekstai, nuotraukos ir ornamentai gali b\u016bti perkelti ant daugelio \u012fvairi\u0173 pavir\u0161i\u0173. I\u0161reik\u0161kite savo individualum\u0105 balduose arba saugojimo talpas papuo\u0161kite u\u017era\u0161ais. Naudokite perk\u0117limo priemon\u0119 ir medinius, MDF, metalinius ir i\u0161 kit\u0173 med\u017eiag\u0173 pagamintus daiktus paverskite unikaliais ir k\u016brybi\u0161kais savo nam\u0173 elementais.","og_url":"https:\/\/hobstop.ee\/lt\/produktas\/priedas-perkelimui-marabu-chalky-chic\/","og_site_name":"Skizze","article_publisher":"http:\/\/www.facebook.com\/VunderSkizze","og_image":[{"width":1024,"height":768,"url":"https:\/\/hobstop.ee\/media\/4276.jpg","type":"image\/jpeg"}],"twitter_card":"summary_large_image","schema":{"@context":"https:\/\/schema.org","@graph":[{"@type":"WebPage","@id":"https:\/\/hobstop.ee\/lt\/produktas\/priedas-perkelimui-marabu-chalky-chic\/","url":"https:\/\/hobstop.ee\/lt\/produktas\/priedas-perkelimui-marabu-chalky-chic\/","name":"Priedas perk\u0117limui Marabu Chalky-Chic &#8211; Skizze","isPartOf":{"@id":"https:\/\/hobstop.ee\/lt\/#website"},"primaryImageOfPage":{"@id":"https:\/\/hobstop.ee\/lt\/produktas\/priedas-perkelimui-marabu-chalky-chic\/#primaryimage"},"image":{"@id":"https:\/\/hobstop.ee\/lt\/produktas\/priedas-perkelimui-marabu-chalky-chic\/#primaryimage"},"thumbnailUrl":"https:\/\/hobstop.ee\/media\/4276.jpg","datePublished":"2016-04-13T12:01:05+00:00","dateModified":"2016-04-13T12:01:05+00:00","breadcrumb":{"@id":"https:\/\/hobstop.ee\/lt\/produktas\/priedas-perkelimui-marabu-chalky-chic\/#breadcrumb"},"inLanguage":"lt","potentialAction":[{"@type":"ReadAction","target":["https:\/\/hobstop.ee\/lt\/produktas\/priedas-perkelimui-marabu-chalky-chic\/"]}]},{"@type":"ImageObject","inLanguage":"lt","@id":"https:\/\/hobstop.ee\/lt\/produktas\/priedas-perkelimui-marabu-chalky-chic\/#primaryimage","url":"https:\/\/hobstop.ee\/media\/4276.jpg","contentUrl":"https:\/\/hobstop.ee\/media\/4276.jpg","width":1024,"height":768},{"@type":"BreadcrumbList","@id":"https:\/\/hobstop.ee\/lt\/produktas\/priedas-perkelimui-marabu-chalky-chic\/#breadcrumb","itemListElement":[{"@type":"ListItem","position":1,"name":"Avaleht","item":"https:\/\/hobstop.ee\/lt\/"},{"@type":"ListItem","position":2,"name":"Parduotuv\u0117","item":"https:\/\/hobstop.ee\/lt\/parduotuve\/"},{"@type":"ListItem","position":3,"name":"Priedas perk\u0117limui Marabu Chalky-Chic"}]},{"@type":"WebSite","@id":"https:\/\/hobstop.ee\/lt\/#website","url":"https:\/\/hobstop.ee\/lt\/","name":"Skizze","description":"Dail\u0117s, pom\u0117gi\u0173 ir mokykliniai reikm\u0117nys","publisher":{"@id":"https:\/\/hobstop.ee\/lt\/#organization"},"potentialAction":[{"@type":"SearchAction","target":{"@type":"EntryPoint","urlTemplate":"https:\/\/hobstop.ee\/lt\/?s={search_term_string}"},"query-input":{"@type":"PropertyValueSpecification","valueRequired":true,"valueName":"search_term_string"}}],"inLanguage":"lt"},{"@type":"Organization","@id":"https:\/\/hobstop.ee\/lt\/#organization","name":"Vunder AS","url":"https:\/\/hobstop.ee\/lt\/","logo":{"@type":"ImageObject","inLanguage":"lt","@id":"https:\/\/hobstop.ee\/lt\/#\/schema\/logo\/image\/","url":"https:\/\/hobstop.ee\/media\/vunder-logo.png","contentUrl":"https:\/\/hobstop.ee\/media\/vunder-logo.png","width":127,"height":55,"caption":"Vunder AS"},"image":{"@id":"https:\/\/hobstop.ee\/lt\/#\/schema\/logo\/image\/"},"sameAs":["http:\/\/www.facebook.com\/VunderSkizze"]}]}},"_links":{"self":[{"href":"https:\/\/hobstop.ee\/lt\/wp-json\/wp\/v2\/product\/261972","targetHints":{"allow":["GET"]}}],"collection":[{"href":"https:\/\/hobstop.ee\/lt\/wp-json\/wp\/v2\/product"}],"about":[{"href":"https:\/\/hobstop.ee\/lt\/wp-json\/wp\/v2\/types\/product"}],"replies":[{"embeddable":true,"href":"https:\/\/hobstop.ee\/lt\/wp-json\/wp\/v2\/comments?post=261972"}],"wp:featuredmedia":[{"embeddable":true,"href":"https:\/\/hobstop.ee\/lt\/wp-json\/wp\/v2\/media\/262220"}],"wp:attachment":[{"href":"https:\/\/hobstop.ee\/lt\/wp-json\/wp\/v2\/media?parent=261972"}],"wp:term":[{"taxonomy":"product_cat","embeddable":true,"href":"https:\/\/hobstop.ee\/lt\/wp-json\/wp\/v2\/product_cat?post=261972"},{"taxonomy":"product_tag","embeddable":true,"href":"https:\/\/hobstop.ee\/lt\/wp-json\/wp\/v2\/product_tag?post=261972"}],"curies":[{"name":"wp","href":"https:\/\/api.w.org\/{rel}","templated":true}]}}