{"id":263500,"date":"2016-04-27T14:07:31","date_gmt":"2016-04-27T11:07:31","guid":{"rendered":"https:\/\/sharks.ee\/vunder_2019\/lt\/product\/washi-dekoratyvi-lipni-juostele-mt-philippe-weisbecker\/"},"modified":"2016-04-27T14:07:31","modified_gmt":"2016-04-27T11:07:31","slug":"washi-dekoratyvi-lipni-juostele-mt-philippe-weisbecker","status":"publish","type":"product","link":"https:\/\/hobstop.ee\/lt\/produktas\/washi-dekoratyvi-lipni-juostele-mt-philippe-weisbecker\/","title":{"rendered":"Washi dekoratyvi lipni juostel\u0117 mt Philippe Weisbecker"},"content":{"rendered":"<p>Japoni\u0161ka lipnia dekoratyvine juostele \u201eWashi\u201c galite dekoruoti visk\u0105, k\u0105 tik panor\u0117j\u0119 \u2013 d\u0117\u017eutes ar atvirukus, indus ar baldus. Tinka daugeliui pavir\u0161i\u0173, pavyzd\u017eiui, popieriui, medienai, metalui, porcelianui, stiklui ir kt. Pramoniniu b\u016bdu pagaminta lipni juostel\u0117 yra itin kokybi\u0161ka, tvirta ir plona. Labai tvirtai prilimpa, ta\u010diau yra lengvai atpl\u0117\u0161iama, nepalieka klij\u0173 \u017eym\u0117s.<br \/>\nPhilippe Weisbecker yra 1942 metais gim\u0119s pranc\u016bzas. 1966 m. jis baig\u0117 universitet\u0105 \u201eEcole nationale superieure des Arts Decoratifs\u201c. 1968 metais persikraust\u0117 \u012f Niujork\u0105 ir dirbo ten dailininku bei iliustratoriumi. \u0160iuo metu turi savo studijas Pary\u017eiuje ir Barselonoje. Jo iliustracijas paskelb\u0117 \u017eymiausi pasaulio laikra\u0161\u010diai ir \u017eurnalai \u2013 \u201eThe New York Times\u201c, \u201eTIME\u201c, \u201eNewsweek\u201c, \u201eThe New Yorker\u201c, \u201eThe Village Voice\u201c, \u201eCasa BRUTUS\u201c, \u201eEsquire Japan\u201c, \u201eLe Monde\u201c ir \u201eElephant Magazine\u201c. P. Weisbecker daug dirbo reklamos srityje, du kartus jam suteikti apdovanojimai \u201eTokyo ADC Award\u201c ir \u201eYomiuri Advertising Award\u201c bei \u201eAsahi Advertising Award\u201c. Be to, dailininkas yra gav\u0119s ir \u201eClio\u201c apdovanojim\u0105 bei \u201eThe New York ADC Award\u201c sidabrin\u012f medal\u012f. Jis pareng\u0117 daugiau nei 50 savo darb\u0173 parod\u0173 \u2013 Niujorke, Pary\u017eiuje, Barselonoje, Briuselyje ir Tokijuje.<\/p>\n","protected":false},"excerpt":{"rendered":"<p>Japoni\u0161ka lipnia dekoratyvine juostele \u201eWashi\u201c galite dekoruoti visk\u0105, k\u0105 tik panor\u0117j\u0119 \u2013 d\u0117\u017eutes ar atvirukus, indus ar baldus. Tinka daugeliui pavir\u0161i\u0173, pavyzd\u017eiui, popieriui, medienai, metalui, porcelianui, stiklui ir kt. Pramoniniu b\u016bdu pagaminta lipni juostel\u0117 yra itin kokybi\u0161ka, tvirta ir plona. Labai tvirtai prilimpa, ta\u010diau yra lengvai atpl\u0117\u0161iama, nepalieka klij\u0173 \u017eym\u0117s. Philippe Weisbecker yra 1942 metais gim\u0119s pranc\u016bzas. 1966 m. jis baig\u0117 universitet\u0105 \u201eEcole nationale superieure des Arts Decoratifs\u201c. 1968 metais persikraust\u0117 \u012f Niujork\u0105 ir dirbo ten dailininku bei iliustratoriumi. \u0160iuo metu turi savo studijas Pary\u017eiuje ir Barselonoje. Jo iliustracijas paskelb\u0117 \u017eymiausi pasaulio laikra\u0161\u010diai ir \u017eurnalai \u2013 \u201eThe New York Times\u201c, \u201eTIME\u201c, \u201eNewsweek\u201c, \u201eThe New Yorker\u201c, \u201eThe Village Voice\u201c, \u201eCasa BRUTUS\u201c, \u201eEsquire Japan\u201c, \u201eLe Monde\u201c ir \u201eElephant Magazine\u201c. P. Weisbecker daug dirbo reklamos srityje, du kartus jam suteikti apdovanojimai \u201eTokyo ADC Award\u201c ir \u201eYomiuri Advertising Award\u201c bei \u201eAsahi Advertising Award\u201c. Be to, dailininkas yra gav\u0119s ir \u201eClio\u201c apdovanojim\u0105 bei \u201eThe New York ADC Award\u201c sidabrin\u012f medal\u012f. Jis pareng\u0117 daugiau nei 50 savo darb\u0173 parod\u0173 \u2013 Niujorke, Pary\u017eiuje, Barselonoje, Briuselyje ir Tokijuje.<\/p>\n","protected":false},"featured_media":263552,"comment_status":"closed","ping_status":"closed","template":"","meta":{"_acf_changed":false,"ep_exclude_from_search":false},"product_cat":[17969,17157,17919],"product_tag":[],"class_list":{"0":"post-263500","1":"product","2":"type-product","3":"status-publish","4":"has-post-thumbnail","6":"product_cat-kitos-prekes","7":"product_cat-lipnios-juosteles-washi","8":"product_cat-pomegiu-prekes","10":"first","11":"instock","12":"taxable","13":"shipping-taxable","14":"product-type-simple"},"acf":[],"yoast_head":"<!-- This site is optimized with the Yoast SEO plugin v24.1 - https:\/\/yoast.com\/wordpress\/plugins\/seo\/ -->\n<title>Washi dekoratyvi lipni juostel\u0117 mt Philippe Weisbecker &#8211; Skizze<\/title>\n<meta name=\"robots\" content=\"noindex, follow, max-snippet:-1, max-image-preview:large, max-video-preview:-1\" \/>\n<meta property=\"og:locale\" content=\"lt_LT\" \/>\n<meta property=\"og:type\" content=\"article\" \/>\n<meta property=\"og:title\" content=\"Washi dekoratyvi lipni juostel\u0117 mt Philippe Weisbecker &#8211; Skizze\" \/>\n<meta property=\"og:description\" content=\"Japoni\u0161ka lipnia dekoratyvine juostele \u201eWashi\u201c galite dekoruoti visk\u0105, k\u0105 tik panor\u0117j\u0119 \u2013 d\u0117\u017eutes ar atvirukus, indus ar baldus. Tinka daugeliui pavir\u0161i\u0173, pavyzd\u017eiui, popieriui, medienai, metalui, porcelianui, stiklui ir kt. Pramoniniu b\u016bdu pagaminta lipni juostel\u0117 yra itin kokybi\u0161ka, tvirta ir plona. Labai tvirtai prilimpa, ta\u010diau yra lengvai atpl\u0117\u0161iama, nepalieka klij\u0173 \u017eym\u0117s. Philippe Weisbecker yra 1942 metais gim\u0119s pranc\u016bzas. 1966 m. jis baig\u0117 universitet\u0105 \u201eEcole nationale superieure des Arts Decoratifs\u201c. 1968 metais persikraust\u0117 \u012f Niujork\u0105 ir dirbo ten dailininku bei iliustratoriumi. \u0160iuo metu turi savo studijas Pary\u017eiuje ir Barselonoje. Jo iliustracijas paskelb\u0117 \u017eymiausi pasaulio laikra\u0161\u010diai ir \u017eurnalai \u2013 \u201eThe New York Times\u201c, \u201eTIME\u201c, \u201eNewsweek\u201c, \u201eThe New Yorker\u201c, \u201eThe Village Voice\u201c, \u201eCasa BRUTUS\u201c, \u201eEsquire Japan\u201c, \u201eLe Monde\u201c ir \u201eElephant Magazine\u201c. P. Weisbecker daug dirbo reklamos srityje, du kartus jam suteikti apdovanojimai \u201eTokyo ADC Award\u201c ir \u201eYomiuri Advertising Award\u201c bei \u201eAsahi Advertising Award\u201c. Be to, dailininkas yra gav\u0119s ir \u201eClio\u201c apdovanojim\u0105 bei \u201eThe New York ADC Award\u201c sidabrin\u012f medal\u012f. Jis pareng\u0117 daugiau nei 50 savo darb\u0173 parod\u0173 \u2013 Niujorke, Pary\u017eiuje, Barselonoje, Briuselyje ir Tokijuje.\" \/>\n<meta property=\"og:url\" content=\"https:\/\/hobstop.ee\/lt\/produktas\/washi-dekoratyvi-lipni-juostele-mt-philippe-weisbecker\/\" \/>\n<meta property=\"og:site_name\" content=\"Skizze\" \/>\n<meta property=\"article:publisher\" content=\"http:\/\/www.facebook.com\/VunderSkizze\" \/>\n<meta property=\"og:image\" content=\"https:\/\/hobstop.ee\/media\/4051.jpg\" \/>\n\t<meta property=\"og:image:width\" content=\"1024\" \/>\n\t<meta property=\"og:image:height\" content=\"768\" \/>\n\t<meta property=\"og:image:type\" content=\"image\/jpeg\" \/>\n<meta name=\"twitter:card\" content=\"summary_large_image\" \/>\n<meta name=\"twitter:label1\" content=\"Est. reading time\" \/>\n\t<meta name=\"twitter:data1\" content=\"1 minute\" \/>\n<script type=\"application\/ld+json\" class=\"yoast-schema-graph\">{\"@context\":\"https:\/\/schema.org\",\"@graph\":[{\"@type\":\"WebPage\",\"@id\":\"https:\/\/hobstop.ee\/lt\/produktas\/washi-dekoratyvi-lipni-juostele-mt-philippe-weisbecker\/\",\"url\":\"https:\/\/hobstop.ee\/lt\/produktas\/washi-dekoratyvi-lipni-juostele-mt-philippe-weisbecker\/\",\"name\":\"Washi dekoratyvi lipni juostel\u0117 mt Philippe Weisbecker &#8211; Skizze\",\"isPartOf\":{\"@id\":\"https:\/\/hobstop.ee\/lt\/#website\"},\"primaryImageOfPage\":{\"@id\":\"https:\/\/hobstop.ee\/lt\/produktas\/washi-dekoratyvi-lipni-juostele-mt-philippe-weisbecker\/#primaryimage\"},\"image\":{\"@id\":\"https:\/\/hobstop.ee\/lt\/produktas\/washi-dekoratyvi-lipni-juostele-mt-philippe-weisbecker\/#primaryimage\"},\"thumbnailUrl\":\"https:\/\/hobstop.ee\/media\/4051.jpg\",\"datePublished\":\"2016-04-27T11:07:31+00:00\",\"dateModified\":\"2016-04-27T11:07:31+00:00\",\"breadcrumb\":{\"@id\":\"https:\/\/hobstop.ee\/lt\/produktas\/washi-dekoratyvi-lipni-juostele-mt-philippe-weisbecker\/#breadcrumb\"},\"inLanguage\":\"lt\",\"potentialAction\":[{\"@type\":\"ReadAction\",\"target\":[\"https:\/\/hobstop.ee\/lt\/produktas\/washi-dekoratyvi-lipni-juostele-mt-philippe-weisbecker\/\"]}]},{\"@type\":\"ImageObject\",\"inLanguage\":\"lt\",\"@id\":\"https:\/\/hobstop.ee\/lt\/produktas\/washi-dekoratyvi-lipni-juostele-mt-philippe-weisbecker\/#primaryimage\",\"url\":\"https:\/\/hobstop.ee\/media\/4051.jpg\",\"contentUrl\":\"https:\/\/hobstop.ee\/media\/4051.jpg\",\"width\":1024,\"height\":768},{\"@type\":\"BreadcrumbList\",\"@id\":\"https:\/\/hobstop.ee\/lt\/produktas\/washi-dekoratyvi-lipni-juostele-mt-philippe-weisbecker\/#breadcrumb\",\"itemListElement\":[{\"@type\":\"ListItem\",\"position\":1,\"name\":\"Avaleht\",\"item\":\"https:\/\/hobstop.ee\/lt\/\"},{\"@type\":\"ListItem\",\"position\":2,\"name\":\"Parduotuv\u0117\",\"item\":\"https:\/\/hobstop.ee\/lt\/parduotuve\/\"},{\"@type\":\"ListItem\",\"position\":3,\"name\":\"Washi dekoratyvi lipni juostel\u0117 mt Philippe Weisbecker\"}]},{\"@type\":\"WebSite\",\"@id\":\"https:\/\/hobstop.ee\/lt\/#website\",\"url\":\"https:\/\/hobstop.ee\/lt\/\",\"name\":\"Skizze\",\"description\":\"Dail\u0117s, pom\u0117gi\u0173 ir mokykliniai reikm\u0117nys\",\"publisher\":{\"@id\":\"https:\/\/hobstop.ee\/lt\/#organization\"},\"potentialAction\":[{\"@type\":\"SearchAction\",\"target\":{\"@type\":\"EntryPoint\",\"urlTemplate\":\"https:\/\/hobstop.ee\/lt\/?s={search_term_string}\"},\"query-input\":{\"@type\":\"PropertyValueSpecification\",\"valueRequired\":true,\"valueName\":\"search_term_string\"}}],\"inLanguage\":\"lt\"},{\"@type\":\"Organization\",\"@id\":\"https:\/\/hobstop.ee\/lt\/#organization\",\"name\":\"Vunder AS\",\"url\":\"https:\/\/hobstop.ee\/lt\/\",\"logo\":{\"@type\":\"ImageObject\",\"inLanguage\":\"lt\",\"@id\":\"https:\/\/hobstop.ee\/lt\/#\/schema\/logo\/image\/\",\"url\":\"https:\/\/hobstop.ee\/media\/vunder-logo.png\",\"contentUrl\":\"https:\/\/hobstop.ee\/media\/vunder-logo.png\",\"width\":127,\"height\":55,\"caption\":\"Vunder AS\"},\"image\":{\"@id\":\"https:\/\/hobstop.ee\/lt\/#\/schema\/logo\/image\/\"},\"sameAs\":[\"http:\/\/www.facebook.com\/VunderSkizze\"]}]}<\/script>\n<!-- \/ Yoast SEO plugin. -->","yoast_head_json":{"title":"Washi dekoratyvi lipni juostel\u0117 mt Philippe Weisbecker &#8211; Skizze","robots":{"index":"noindex","follow":"follow","max-snippet":"max-snippet:-1","max-image-preview":"max-image-preview:large","max-video-preview":"max-video-preview:-1"},"og_locale":"lt_LT","og_type":"article","og_title":"Washi dekoratyvi lipni juostel\u0117 mt Philippe Weisbecker &#8211; Skizze","og_description":"Japoni\u0161ka lipnia dekoratyvine juostele \u201eWashi\u201c galite dekoruoti visk\u0105, k\u0105 tik panor\u0117j\u0119 \u2013 d\u0117\u017eutes ar atvirukus, indus ar baldus. Tinka daugeliui pavir\u0161i\u0173, pavyzd\u017eiui, popieriui, medienai, metalui, porcelianui, stiklui ir kt. Pramoniniu b\u016bdu pagaminta lipni juostel\u0117 yra itin kokybi\u0161ka, tvirta ir plona. Labai tvirtai prilimpa, ta\u010diau yra lengvai atpl\u0117\u0161iama, nepalieka klij\u0173 \u017eym\u0117s. Philippe Weisbecker yra 1942 metais gim\u0119s pranc\u016bzas. 1966 m. jis baig\u0117 universitet\u0105 \u201eEcole nationale superieure des Arts Decoratifs\u201c. 1968 metais persikraust\u0117 \u012f Niujork\u0105 ir dirbo ten dailininku bei iliustratoriumi. \u0160iuo metu turi savo studijas Pary\u017eiuje ir Barselonoje. Jo iliustracijas paskelb\u0117 \u017eymiausi pasaulio laikra\u0161\u010diai ir \u017eurnalai \u2013 \u201eThe New York Times\u201c, \u201eTIME\u201c, \u201eNewsweek\u201c, \u201eThe New Yorker\u201c, \u201eThe Village Voice\u201c, \u201eCasa BRUTUS\u201c, \u201eEsquire Japan\u201c, \u201eLe Monde\u201c ir \u201eElephant Magazine\u201c. P. Weisbecker daug dirbo reklamos srityje, du kartus jam suteikti apdovanojimai \u201eTokyo ADC Award\u201c ir \u201eYomiuri Advertising Award\u201c bei \u201eAsahi Advertising Award\u201c. Be to, dailininkas yra gav\u0119s ir \u201eClio\u201c apdovanojim\u0105 bei \u201eThe New York ADC Award\u201c sidabrin\u012f medal\u012f. Jis pareng\u0117 daugiau nei 50 savo darb\u0173 parod\u0173 \u2013 Niujorke, Pary\u017eiuje, Barselonoje, Briuselyje ir Tokijuje.","og_url":"https:\/\/hobstop.ee\/lt\/produktas\/washi-dekoratyvi-lipni-juostele-mt-philippe-weisbecker\/","og_site_name":"Skizze","article_publisher":"http:\/\/www.facebook.com\/VunderSkizze","og_image":[{"width":1024,"height":768,"url":"https:\/\/hobstop.ee\/media\/4051.jpg","type":"image\/jpeg"}],"twitter_card":"summary_large_image","twitter_misc":{"Est. reading time":"1 minute"},"schema":{"@context":"https:\/\/schema.org","@graph":[{"@type":"WebPage","@id":"https:\/\/hobstop.ee\/lt\/produktas\/washi-dekoratyvi-lipni-juostele-mt-philippe-weisbecker\/","url":"https:\/\/hobstop.ee\/lt\/produktas\/washi-dekoratyvi-lipni-juostele-mt-philippe-weisbecker\/","name":"Washi dekoratyvi lipni juostel\u0117 mt Philippe Weisbecker &#8211; Skizze","isPartOf":{"@id":"https:\/\/hobstop.ee\/lt\/#website"},"primaryImageOfPage":{"@id":"https:\/\/hobstop.ee\/lt\/produktas\/washi-dekoratyvi-lipni-juostele-mt-philippe-weisbecker\/#primaryimage"},"image":{"@id":"https:\/\/hobstop.ee\/lt\/produktas\/washi-dekoratyvi-lipni-juostele-mt-philippe-weisbecker\/#primaryimage"},"thumbnailUrl":"https:\/\/hobstop.ee\/media\/4051.jpg","datePublished":"2016-04-27T11:07:31+00:00","dateModified":"2016-04-27T11:07:31+00:00","breadcrumb":{"@id":"https:\/\/hobstop.ee\/lt\/produktas\/washi-dekoratyvi-lipni-juostele-mt-philippe-weisbecker\/#breadcrumb"},"inLanguage":"lt","potentialAction":[{"@type":"ReadAction","target":["https:\/\/hobstop.ee\/lt\/produktas\/washi-dekoratyvi-lipni-juostele-mt-philippe-weisbecker\/"]}]},{"@type":"ImageObject","inLanguage":"lt","@id":"https:\/\/hobstop.ee\/lt\/produktas\/washi-dekoratyvi-lipni-juostele-mt-philippe-weisbecker\/#primaryimage","url":"https:\/\/hobstop.ee\/media\/4051.jpg","contentUrl":"https:\/\/hobstop.ee\/media\/4051.jpg","width":1024,"height":768},{"@type":"BreadcrumbList","@id":"https:\/\/hobstop.ee\/lt\/produktas\/washi-dekoratyvi-lipni-juostele-mt-philippe-weisbecker\/#breadcrumb","itemListElement":[{"@type":"ListItem","position":1,"name":"Avaleht","item":"https:\/\/hobstop.ee\/lt\/"},{"@type":"ListItem","position":2,"name":"Parduotuv\u0117","item":"https:\/\/hobstop.ee\/lt\/parduotuve\/"},{"@type":"ListItem","position":3,"name":"Washi dekoratyvi lipni juostel\u0117 mt Philippe Weisbecker"}]},{"@type":"WebSite","@id":"https:\/\/hobstop.ee\/lt\/#website","url":"https:\/\/hobstop.ee\/lt\/","name":"Skizze","description":"Dail\u0117s, pom\u0117gi\u0173 ir mokykliniai reikm\u0117nys","publisher":{"@id":"https:\/\/hobstop.ee\/lt\/#organization"},"potentialAction":[{"@type":"SearchAction","target":{"@type":"EntryPoint","urlTemplate":"https:\/\/hobstop.ee\/lt\/?s={search_term_string}"},"query-input":{"@type":"PropertyValueSpecification","valueRequired":true,"valueName":"search_term_string"}}],"inLanguage":"lt"},{"@type":"Organization","@id":"https:\/\/hobstop.ee\/lt\/#organization","name":"Vunder AS","url":"https:\/\/hobstop.ee\/lt\/","logo":{"@type":"ImageObject","inLanguage":"lt","@id":"https:\/\/hobstop.ee\/lt\/#\/schema\/logo\/image\/","url":"https:\/\/hobstop.ee\/media\/vunder-logo.png","contentUrl":"https:\/\/hobstop.ee\/media\/vunder-logo.png","width":127,"height":55,"caption":"Vunder AS"},"image":{"@id":"https:\/\/hobstop.ee\/lt\/#\/schema\/logo\/image\/"},"sameAs":["http:\/\/www.facebook.com\/VunderSkizze"]}]}},"_links":{"self":[{"href":"https:\/\/hobstop.ee\/lt\/wp-json\/wp\/v2\/product\/263500","targetHints":{"allow":["GET"]}}],"collection":[{"href":"https:\/\/hobstop.ee\/lt\/wp-json\/wp\/v2\/product"}],"about":[{"href":"https:\/\/hobstop.ee\/lt\/wp-json\/wp\/v2\/types\/product"}],"replies":[{"embeddable":true,"href":"https:\/\/hobstop.ee\/lt\/wp-json\/wp\/v2\/comments?post=263500"}],"wp:featuredmedia":[{"embeddable":true,"href":"https:\/\/hobstop.ee\/lt\/wp-json\/wp\/v2\/media\/263552"}],"wp:attachment":[{"href":"https:\/\/hobstop.ee\/lt\/wp-json\/wp\/v2\/media?parent=263500"}],"wp:term":[{"taxonomy":"product_cat","embeddable":true,"href":"https:\/\/hobstop.ee\/lt\/wp-json\/wp\/v2\/product_cat?post=263500"},{"taxonomy":"product_tag","embeddable":true,"href":"https:\/\/hobstop.ee\/lt\/wp-json\/wp\/v2\/product_tag?post=263500"}],"curies":[{"name":"wp","href":"https:\/\/api.w.org\/{rel}","templated":true}]}}