{"id":263622,"date":"2016-04-29T13:45:48","date_gmt":"2016-04-29T10:45:48","guid":{"rendered":"https:\/\/sharks.ee\/vunder_2019\/lt\/product\/sviestuvas-daylight-luminos-led\/"},"modified":"2016-04-29T13:45:48","modified_gmt":"2016-04-29T10:45:48","slug":"sviestuvas-daylight-luminos-led","status":"publish","type":"product","link":"https:\/\/hobstop.ee\/lt\/produktas\/sviestuvas-daylight-luminos-led\/","title":{"rendered":"\u0160viestuvas Daylight Luminos LED"},"content":{"rendered":"<p>Galingas LED \u0161viestuvas itin ry\u0161kiai ir pla\u010diai ap\u0161vie\u010diantis pavir\u0161i\u0173. \u0160viesos ry\u0161kum\u0105 galima reguliuoti. Idealiai tinka darbui ant didelio stalo, o pritvirtinus prie grind\u0173 stovo, puikiai ap\u0161vie\u010dia ant molberto esan\u010dius darbus arba skulpt\u016bras. Ilg\u0105, 112cm stov\u0105 lengvai galima reguliuoti viena ranka. Gaubt\u0105 ir \u0161viesos sraut\u0105 galima lengvai nukreipti b\u016btent ten, kur jo reikia. Puikus in\u017einerini\u0173 pasiekim\u0173 pavyzdys, savyje apjungiantis naujausi\u0105, patikim\u0105 LED technologij\u0105.<\/p>\n","protected":false},"excerpt":{"rendered":"<p>Galingas LED \u0161viestuvas itin ry\u0161kiai ir pla\u010diai ap\u0161vie\u010diantis pavir\u0161i\u0173. \u0160viesos ry\u0161kum\u0105 galima reguliuoti. Idealiai tinka darbui ant didelio stalo, o pritvirtinus prie grind\u0173 stovo, puikiai ap\u0161vie\u010dia ant molberto esan\u010dius darbus arba skulpt\u016bras. Ilg\u0105, 112cm stov\u0105 lengvai galima reguliuoti viena ranka. Gaubt\u0105 ir \u0161viesos sraut\u0105 galima lengvai nukreipti b\u016btent ten, kur jo reikia. Puikus in\u017einerini\u0173 pasiekim\u0173 pavyzdys, savyje apjungiantis naujausi\u0105, patikim\u0105 LED technologij\u0105.<\/p>\n","protected":false},"featured_media":263658,"comment_status":"closed","ping_status":"closed","template":"","meta":{"_acf_changed":false,"ep_exclude_from_search":false},"product_cat":[18533,18799],"product_tag":[],"class_list":{"0":"post-263622","1":"product","2":"type-product","3":"status-publish","4":"has-post-thumbnail","6":"product_cat-stalines-lempos-2","7":"product_cat-sviestuvai-2","9":"first","10":"instock","11":"taxable","12":"shipping-taxable","13":"purchasable","14":"product-type-simple"},"acf":[],"yoast_head":"<!-- This site is optimized with the Yoast SEO plugin v24.1 - https:\/\/yoast.com\/wordpress\/plugins\/seo\/ -->\n<title>\u0160viestuvas Daylight Luminos LED &#8211; Skizze<\/title>\n<meta name=\"robots\" content=\"noindex, follow, max-snippet:-1, max-image-preview:large, max-video-preview:-1\" \/>\n<meta property=\"og:locale\" content=\"lt_LT\" \/>\n<meta property=\"og:type\" content=\"article\" \/>\n<meta property=\"og:title\" content=\"\u0160viestuvas Daylight Luminos LED &#8211; Skizze\" \/>\n<meta property=\"og:description\" content=\"Galingas LED \u0161viestuvas itin ry\u0161kiai ir pla\u010diai ap\u0161vie\u010diantis pavir\u0161i\u0173. \u0160viesos ry\u0161kum\u0105 galima reguliuoti. Idealiai tinka darbui ant didelio stalo, o pritvirtinus prie grind\u0173 stovo, puikiai ap\u0161vie\u010dia ant molberto esan\u010dius darbus arba skulpt\u016bras. Ilg\u0105, 112cm stov\u0105 lengvai galima reguliuoti viena ranka. Gaubt\u0105 ir \u0161viesos sraut\u0105 galima lengvai nukreipti b\u016btent ten, kur jo reikia. Puikus in\u017einerini\u0173 pasiekim\u0173 pavyzdys, savyje apjungiantis naujausi\u0105, patikim\u0105 LED technologij\u0105.\" \/>\n<meta property=\"og:url\" content=\"https:\/\/hobstop.ee\/lt\/produktas\/sviestuvas-daylight-luminos-led\/\" \/>\n<meta property=\"og:site_name\" content=\"Skizze\" \/>\n<meta property=\"article:publisher\" content=\"http:\/\/www.facebook.com\/VunderSkizze\" \/>\n<meta property=\"og:image\" content=\"https:\/\/hobstop.ee\/media\/4283.jpg\" \/>\n\t<meta property=\"og:image:width\" content=\"1024\" \/>\n\t<meta property=\"og:image:height\" content=\"768\" \/>\n\t<meta property=\"og:image:type\" content=\"image\/jpeg\" \/>\n<meta name=\"twitter:card\" content=\"summary_large_image\" \/>\n<script type=\"application\/ld+json\" class=\"yoast-schema-graph\">{\"@context\":\"https:\/\/schema.org\",\"@graph\":[{\"@type\":\"WebPage\",\"@id\":\"https:\/\/hobstop.ee\/lt\/produktas\/sviestuvas-daylight-luminos-led\/\",\"url\":\"https:\/\/hobstop.ee\/lt\/produktas\/sviestuvas-daylight-luminos-led\/\",\"name\":\"\u0160viestuvas Daylight Luminos LED &#8211; Skizze\",\"isPartOf\":{\"@id\":\"https:\/\/hobstop.ee\/lt\/#website\"},\"primaryImageOfPage\":{\"@id\":\"https:\/\/hobstop.ee\/lt\/produktas\/sviestuvas-daylight-luminos-led\/#primaryimage\"},\"image\":{\"@id\":\"https:\/\/hobstop.ee\/lt\/produktas\/sviestuvas-daylight-luminos-led\/#primaryimage\"},\"thumbnailUrl\":\"https:\/\/hobstop.ee\/media\/4283.jpg\",\"datePublished\":\"2016-04-29T10:45:48+00:00\",\"dateModified\":\"2016-04-29T10:45:48+00:00\",\"breadcrumb\":{\"@id\":\"https:\/\/hobstop.ee\/lt\/produktas\/sviestuvas-daylight-luminos-led\/#breadcrumb\"},\"inLanguage\":\"lt\",\"potentialAction\":[{\"@type\":\"ReadAction\",\"target\":[\"https:\/\/hobstop.ee\/lt\/produktas\/sviestuvas-daylight-luminos-led\/\"]}]},{\"@type\":\"ImageObject\",\"inLanguage\":\"lt\",\"@id\":\"https:\/\/hobstop.ee\/lt\/produktas\/sviestuvas-daylight-luminos-led\/#primaryimage\",\"url\":\"https:\/\/hobstop.ee\/media\/4283.jpg\",\"contentUrl\":\"https:\/\/hobstop.ee\/media\/4283.jpg\",\"width\":1024,\"height\":768},{\"@type\":\"BreadcrumbList\",\"@id\":\"https:\/\/hobstop.ee\/lt\/produktas\/sviestuvas-daylight-luminos-led\/#breadcrumb\",\"itemListElement\":[{\"@type\":\"ListItem\",\"position\":1,\"name\":\"Avaleht\",\"item\":\"https:\/\/hobstop.ee\/lt\/\"},{\"@type\":\"ListItem\",\"position\":2,\"name\":\"Parduotuv\u0117\",\"item\":\"https:\/\/hobstop.ee\/lt\/parduotuve\/\"},{\"@type\":\"ListItem\",\"position\":3,\"name\":\"\u0160viestuvas Daylight Luminos LED\"}]},{\"@type\":\"WebSite\",\"@id\":\"https:\/\/hobstop.ee\/lt\/#website\",\"url\":\"https:\/\/hobstop.ee\/lt\/\",\"name\":\"Skizze\",\"description\":\"Dail\u0117s, pom\u0117gi\u0173 ir mokykliniai reikm\u0117nys\",\"publisher\":{\"@id\":\"https:\/\/hobstop.ee\/lt\/#organization\"},\"potentialAction\":[{\"@type\":\"SearchAction\",\"target\":{\"@type\":\"EntryPoint\",\"urlTemplate\":\"https:\/\/hobstop.ee\/lt\/?s={search_term_string}\"},\"query-input\":{\"@type\":\"PropertyValueSpecification\",\"valueRequired\":true,\"valueName\":\"search_term_string\"}}],\"inLanguage\":\"lt\"},{\"@type\":\"Organization\",\"@id\":\"https:\/\/hobstop.ee\/lt\/#organization\",\"name\":\"Vunder AS\",\"url\":\"https:\/\/hobstop.ee\/lt\/\",\"logo\":{\"@type\":\"ImageObject\",\"inLanguage\":\"lt\",\"@id\":\"https:\/\/hobstop.ee\/lt\/#\/schema\/logo\/image\/\",\"url\":\"https:\/\/hobstop.ee\/media\/vunder-logo.png\",\"contentUrl\":\"https:\/\/hobstop.ee\/media\/vunder-logo.png\",\"width\":127,\"height\":55,\"caption\":\"Vunder AS\"},\"image\":{\"@id\":\"https:\/\/hobstop.ee\/lt\/#\/schema\/logo\/image\/\"},\"sameAs\":[\"http:\/\/www.facebook.com\/VunderSkizze\"]}]}<\/script>\n<!-- \/ Yoast SEO plugin. -->","yoast_head_json":{"title":"\u0160viestuvas Daylight Luminos LED &#8211; Skizze","robots":{"index":"noindex","follow":"follow","max-snippet":"max-snippet:-1","max-image-preview":"max-image-preview:large","max-video-preview":"max-video-preview:-1"},"og_locale":"lt_LT","og_type":"article","og_title":"\u0160viestuvas Daylight Luminos LED &#8211; Skizze","og_description":"Galingas LED \u0161viestuvas itin ry\u0161kiai ir pla\u010diai ap\u0161vie\u010diantis pavir\u0161i\u0173. \u0160viesos ry\u0161kum\u0105 galima reguliuoti. Idealiai tinka darbui ant didelio stalo, o pritvirtinus prie grind\u0173 stovo, puikiai ap\u0161vie\u010dia ant molberto esan\u010dius darbus arba skulpt\u016bras. Ilg\u0105, 112cm stov\u0105 lengvai galima reguliuoti viena ranka. Gaubt\u0105 ir \u0161viesos sraut\u0105 galima lengvai nukreipti b\u016btent ten, kur jo reikia. Puikus in\u017einerini\u0173 pasiekim\u0173 pavyzdys, savyje apjungiantis naujausi\u0105, patikim\u0105 LED technologij\u0105.","og_url":"https:\/\/hobstop.ee\/lt\/produktas\/sviestuvas-daylight-luminos-led\/","og_site_name":"Skizze","article_publisher":"http:\/\/www.facebook.com\/VunderSkizze","og_image":[{"width":1024,"height":768,"url":"https:\/\/hobstop.ee\/media\/4283.jpg","type":"image\/jpeg"}],"twitter_card":"summary_large_image","schema":{"@context":"https:\/\/schema.org","@graph":[{"@type":"WebPage","@id":"https:\/\/hobstop.ee\/lt\/produktas\/sviestuvas-daylight-luminos-led\/","url":"https:\/\/hobstop.ee\/lt\/produktas\/sviestuvas-daylight-luminos-led\/","name":"\u0160viestuvas Daylight Luminos LED &#8211; Skizze","isPartOf":{"@id":"https:\/\/hobstop.ee\/lt\/#website"},"primaryImageOfPage":{"@id":"https:\/\/hobstop.ee\/lt\/produktas\/sviestuvas-daylight-luminos-led\/#primaryimage"},"image":{"@id":"https:\/\/hobstop.ee\/lt\/produktas\/sviestuvas-daylight-luminos-led\/#primaryimage"},"thumbnailUrl":"https:\/\/hobstop.ee\/media\/4283.jpg","datePublished":"2016-04-29T10:45:48+00:00","dateModified":"2016-04-29T10:45:48+00:00","breadcrumb":{"@id":"https:\/\/hobstop.ee\/lt\/produktas\/sviestuvas-daylight-luminos-led\/#breadcrumb"},"inLanguage":"lt","potentialAction":[{"@type":"ReadAction","target":["https:\/\/hobstop.ee\/lt\/produktas\/sviestuvas-daylight-luminos-led\/"]}]},{"@type":"ImageObject","inLanguage":"lt","@id":"https:\/\/hobstop.ee\/lt\/produktas\/sviestuvas-daylight-luminos-led\/#primaryimage","url":"https:\/\/hobstop.ee\/media\/4283.jpg","contentUrl":"https:\/\/hobstop.ee\/media\/4283.jpg","width":1024,"height":768},{"@type":"BreadcrumbList","@id":"https:\/\/hobstop.ee\/lt\/produktas\/sviestuvas-daylight-luminos-led\/#breadcrumb","itemListElement":[{"@type":"ListItem","position":1,"name":"Avaleht","item":"https:\/\/hobstop.ee\/lt\/"},{"@type":"ListItem","position":2,"name":"Parduotuv\u0117","item":"https:\/\/hobstop.ee\/lt\/parduotuve\/"},{"@type":"ListItem","position":3,"name":"\u0160viestuvas Daylight Luminos LED"}]},{"@type":"WebSite","@id":"https:\/\/hobstop.ee\/lt\/#website","url":"https:\/\/hobstop.ee\/lt\/","name":"Skizze","description":"Dail\u0117s, pom\u0117gi\u0173 ir mokykliniai reikm\u0117nys","publisher":{"@id":"https:\/\/hobstop.ee\/lt\/#organization"},"potentialAction":[{"@type":"SearchAction","target":{"@type":"EntryPoint","urlTemplate":"https:\/\/hobstop.ee\/lt\/?s={search_term_string}"},"query-input":{"@type":"PropertyValueSpecification","valueRequired":true,"valueName":"search_term_string"}}],"inLanguage":"lt"},{"@type":"Organization","@id":"https:\/\/hobstop.ee\/lt\/#organization","name":"Vunder AS","url":"https:\/\/hobstop.ee\/lt\/","logo":{"@type":"ImageObject","inLanguage":"lt","@id":"https:\/\/hobstop.ee\/lt\/#\/schema\/logo\/image\/","url":"https:\/\/hobstop.ee\/media\/vunder-logo.png","contentUrl":"https:\/\/hobstop.ee\/media\/vunder-logo.png","width":127,"height":55,"caption":"Vunder AS"},"image":{"@id":"https:\/\/hobstop.ee\/lt\/#\/schema\/logo\/image\/"},"sameAs":["http:\/\/www.facebook.com\/VunderSkizze"]}]}},"_links":{"self":[{"href":"https:\/\/hobstop.ee\/lt\/wp-json\/wp\/v2\/product\/263622","targetHints":{"allow":["GET"]}}],"collection":[{"href":"https:\/\/hobstop.ee\/lt\/wp-json\/wp\/v2\/product"}],"about":[{"href":"https:\/\/hobstop.ee\/lt\/wp-json\/wp\/v2\/types\/product"}],"replies":[{"embeddable":true,"href":"https:\/\/hobstop.ee\/lt\/wp-json\/wp\/v2\/comments?post=263622"}],"wp:featuredmedia":[{"embeddable":true,"href":"https:\/\/hobstop.ee\/lt\/wp-json\/wp\/v2\/media\/263658"}],"wp:attachment":[{"href":"https:\/\/hobstop.ee\/lt\/wp-json\/wp\/v2\/media?parent=263622"}],"wp:term":[{"taxonomy":"product_cat","embeddable":true,"href":"https:\/\/hobstop.ee\/lt\/wp-json\/wp\/v2\/product_cat?post=263622"},{"taxonomy":"product_tag","embeddable":true,"href":"https:\/\/hobstop.ee\/lt\/wp-json\/wp\/v2\/product_tag?post=263622"}],"curies":[{"name":"wp","href":"https:\/\/api.w.org\/{rel}","templated":true}]}}