{"id":263626,"date":"2016-04-29T13:45:50","date_gmt":"2016-04-29T10:45:50","guid":{"rendered":"https:\/\/sharks.ee\/vunder_2019\/lt\/product\/lipdymo-mase-das-idea-mix-100g\/"},"modified":"2016-04-29T13:45:50","modified_gmt":"2016-04-29T10:45:50","slug":"lipdymo-mase-das-idea-mix-100g","status":"publish","type":"product","link":"https:\/\/hobstop.ee\/lt\/produktas\/lipdymo-mase-das-idea-mix-100g\/","title":{"rendered":"Lipdymo mas\u0117 DAS Idea Mix 100g"},"content":{"rendered":"<p>\u201eDas Idea Mix\u201c yra ore d\u017ei\u016bstantis mineralinis marmur\u0105 imituojantis molis. J\u012f galima naudoti su tradiciniu baltu arba rudu \u201eDAS\u201c moliu; \u0161iuo moliu galima sukurti nat\u016bralius ir unikalius efektus. \u0160e\u0161iomis intensyviomis, \u012fvairias marmuro r\u016b\u0161is ir nat\u016bralius akmenis primenan\u010dios spalvomis rudame ir baltame \u201eDAS\u201c molyje galima sukurti nuostabias vienspalves ar margas gyslas. Dermatologi\u0161kai patikrintas, kurio sud\u0117tyje n\u0117ra glitimo, marmuro efekt\u0105 sukuriantis molis yra lengvai nuo rank\u0173 nuplaunamas \u0161iltu vandeniu ir muilu. Nuo daugelio audini\u0173 j\u012f galima i\u0161slabti skalbimo ma\u0161ina prie 40\u00b0C. Pakuot\u0117je yra 100 g molio gabalas, iliustruotas informacinis lapelis su instrukcijomis (angl\u0173 kalba) ir oro nepraleid\u017eianti talpa, kuri u\u017etikrina, kad produktas i\u0161liks \u0161vie\u017eias ir ilgai naudojamas.<\/p>\n","protected":false},"excerpt":{"rendered":"<p>\u201eDas Idea Mix\u201c yra ore d\u017ei\u016bstantis mineralinis marmur\u0105 imituojantis molis. J\u012f galima naudoti su tradiciniu baltu arba rudu \u201eDAS\u201c moliu; \u0161iuo moliu galima sukurti nat\u016bralius ir unikalius efektus. \u0160e\u0161iomis intensyviomis, \u012fvairias marmuro r\u016b\u0161is ir nat\u016bralius akmenis primenan\u010dios spalvomis rudame ir baltame \u201eDAS\u201c molyje galima sukurti nuostabias vienspalves ar margas gyslas. Dermatologi\u0161kai patikrintas, kurio sud\u0117tyje n\u0117ra glitimo, marmuro efekt\u0105 sukuriantis molis yra lengvai nuo rank\u0173 nuplaunamas \u0161iltu vandeniu ir muilu. Nuo daugelio audini\u0173 j\u012f galima i\u0161slabti skalbimo ma\u0161ina prie 40\u00b0C. Pakuot\u0117je yra 100 g molio gabalas, iliustruotas informacinis lapelis su instrukcijomis (angl\u0173 kalba) ir oro nepraleid\u017eianti talpa, kuri u\u017etikrina, kad produktas i\u0161liks \u0161vie\u017eias ir ilgai naudojamas.<\/p>\n","protected":false},"featured_media":263662,"comment_status":"closed","ping_status":"closed","template":"","meta":{"_acf_changed":false,"ep_exclude_from_search":false},"product_cat":[20087,18192,17919],"product_tag":[],"class_list":{"0":"post-263626","1":"product","2":"type-product","3":"status-publish","4":"has-post-thumbnail","6":"product_cat-medziagos-ir-priemones-lipdymui","7":"product_cat-molis","8":"product_cat-pomegiu-prekes","10":"first","11":"instock","12":"taxable","13":"shipping-taxable","14":"purchasable","15":"product-type-simple"},"acf":[],"yoast_head":"<!-- This site is optimized with the Yoast SEO plugin v24.1 - https:\/\/yoast.com\/wordpress\/plugins\/seo\/ -->\n<title>Lipdymo mas\u0117 DAS Idea Mix 100g &#8211; Skizze<\/title>\n<meta name=\"robots\" content=\"noindex, follow, max-snippet:-1, max-image-preview:large, max-video-preview:-1\" \/>\n<meta property=\"og:locale\" content=\"lt_LT\" \/>\n<meta property=\"og:type\" content=\"article\" \/>\n<meta property=\"og:title\" content=\"Lipdymo mas\u0117 DAS Idea Mix 100g &#8211; Skizze\" \/>\n<meta property=\"og:description\" content=\"\u201eDas Idea Mix\u201c yra ore d\u017ei\u016bstantis mineralinis marmur\u0105 imituojantis molis. J\u012f galima naudoti su tradiciniu baltu arba rudu \u201eDAS\u201c moliu; \u0161iuo moliu galima sukurti nat\u016bralius ir unikalius efektus. \u0160e\u0161iomis intensyviomis, \u012fvairias marmuro r\u016b\u0161is ir nat\u016bralius akmenis primenan\u010dios spalvomis rudame ir baltame \u201eDAS\u201c molyje galima sukurti nuostabias vienspalves ar margas gyslas. Dermatologi\u0161kai patikrintas, kurio sud\u0117tyje n\u0117ra glitimo, marmuro efekt\u0105 sukuriantis molis yra lengvai nuo rank\u0173 nuplaunamas \u0161iltu vandeniu ir muilu. Nuo daugelio audini\u0173 j\u012f galima i\u0161slabti skalbimo ma\u0161ina prie 40\u00b0C. Pakuot\u0117je yra 100 g molio gabalas, iliustruotas informacinis lapelis su instrukcijomis (angl\u0173 kalba) ir oro nepraleid\u017eianti talpa, kuri u\u017etikrina, kad produktas i\u0161liks \u0161vie\u017eias ir ilgai naudojamas.\" \/>\n<meta property=\"og:url\" content=\"https:\/\/hobstop.ee\/lt\/produktas\/lipdymo-mase-das-idea-mix-100g\/\" \/>\n<meta property=\"og:site_name\" content=\"Skizze\" \/>\n<meta property=\"article:publisher\" content=\"http:\/\/www.facebook.com\/VunderSkizze\" \/>\n<meta property=\"og:image\" content=\"https:\/\/www.hobstop.ee\/media\/4284.jpg\" \/>\n\t<meta property=\"og:image:width\" content=\"1024\" \/>\n\t<meta property=\"og:image:height\" content=\"768\" \/>\n\t<meta property=\"og:image:type\" content=\"image\/jpeg\" \/>\n<meta name=\"twitter:card\" content=\"summary_large_image\" \/>\n<meta name=\"twitter:label1\" content=\"Est. reading time\" \/>\n\t<meta name=\"twitter:data1\" content=\"1 minute\" \/>\n<script type=\"application\/ld+json\" class=\"yoast-schema-graph\">{\"@context\":\"https:\/\/schema.org\",\"@graph\":[{\"@type\":\"WebPage\",\"@id\":\"https:\/\/hobstop.ee\/lt\/produktas\/lipdymo-mase-das-idea-mix-100g\/\",\"url\":\"https:\/\/hobstop.ee\/lt\/produktas\/lipdymo-mase-das-idea-mix-100g\/\",\"name\":\"Lipdymo mas\u0117 DAS Idea Mix 100g &#8211; Skizze\",\"isPartOf\":{\"@id\":\"https:\/\/hobstop.ee\/lt\/#website\"},\"primaryImageOfPage\":{\"@id\":\"https:\/\/hobstop.ee\/lt\/produktas\/lipdymo-mase-das-idea-mix-100g\/#primaryimage\"},\"image\":{\"@id\":\"https:\/\/hobstop.ee\/lt\/produktas\/lipdymo-mase-das-idea-mix-100g\/#primaryimage\"},\"thumbnailUrl\":\"https:\/\/hobstop.ee\/media\/4284.jpg\",\"datePublished\":\"2016-04-29T10:45:50+00:00\",\"dateModified\":\"2016-04-29T10:45:50+00:00\",\"breadcrumb\":{\"@id\":\"https:\/\/hobstop.ee\/lt\/produktas\/lipdymo-mase-das-idea-mix-100g\/#breadcrumb\"},\"inLanguage\":\"lt\",\"potentialAction\":[{\"@type\":\"ReadAction\",\"target\":[\"https:\/\/hobstop.ee\/lt\/produktas\/lipdymo-mase-das-idea-mix-100g\/\"]}]},{\"@type\":\"ImageObject\",\"inLanguage\":\"lt\",\"@id\":\"https:\/\/hobstop.ee\/lt\/produktas\/lipdymo-mase-das-idea-mix-100g\/#primaryimage\",\"url\":\"https:\/\/hobstop.ee\/media\/4284.jpg\",\"contentUrl\":\"https:\/\/hobstop.ee\/media\/4284.jpg\",\"width\":1024,\"height\":768},{\"@type\":\"BreadcrumbList\",\"@id\":\"https:\/\/hobstop.ee\/lt\/produktas\/lipdymo-mase-das-idea-mix-100g\/#breadcrumb\",\"itemListElement\":[{\"@type\":\"ListItem\",\"position\":1,\"name\":\"Avaleht\",\"item\":\"https:\/\/hobstop.ee\/lt\/\"},{\"@type\":\"ListItem\",\"position\":2,\"name\":\"Parduotuv\u0117\",\"item\":\"https:\/\/hobstop.ee\/lt\/parduotuve\/\"},{\"@type\":\"ListItem\",\"position\":3,\"name\":\"Lipdymo mas\u0117 DAS Idea Mix 100g\"}]},{\"@type\":\"WebSite\",\"@id\":\"https:\/\/hobstop.ee\/lt\/#website\",\"url\":\"https:\/\/hobstop.ee\/lt\/\",\"name\":\"Skizze\",\"description\":\"Dail\u0117s, pom\u0117gi\u0173 ir mokykliniai reikm\u0117nys\",\"publisher\":{\"@id\":\"https:\/\/hobstop.ee\/lt\/#organization\"},\"potentialAction\":[{\"@type\":\"SearchAction\",\"target\":{\"@type\":\"EntryPoint\",\"urlTemplate\":\"https:\/\/hobstop.ee\/lt\/?s={search_term_string}\"},\"query-input\":{\"@type\":\"PropertyValueSpecification\",\"valueRequired\":true,\"valueName\":\"search_term_string\"}}],\"inLanguage\":\"lt\"},{\"@type\":\"Organization\",\"@id\":\"https:\/\/hobstop.ee\/lt\/#organization\",\"name\":\"Vunder AS\",\"url\":\"https:\/\/hobstop.ee\/lt\/\",\"logo\":{\"@type\":\"ImageObject\",\"inLanguage\":\"lt\",\"@id\":\"https:\/\/hobstop.ee\/lt\/#\/schema\/logo\/image\/\",\"url\":\"https:\/\/hobstop.ee\/media\/vunder-logo.png\",\"contentUrl\":\"https:\/\/hobstop.ee\/media\/vunder-logo.png\",\"width\":127,\"height\":55,\"caption\":\"Vunder AS\"},\"image\":{\"@id\":\"https:\/\/hobstop.ee\/lt\/#\/schema\/logo\/image\/\"},\"sameAs\":[\"http:\/\/www.facebook.com\/VunderSkizze\"]}]}<\/script>\n<!-- \/ Yoast SEO plugin. -->","yoast_head_json":{"title":"Lipdymo mas\u0117 DAS Idea Mix 100g &#8211; Skizze","robots":{"index":"noindex","follow":"follow","max-snippet":"max-snippet:-1","max-image-preview":"max-image-preview:large","max-video-preview":"max-video-preview:-1"},"og_locale":"lt_LT","og_type":"article","og_title":"Lipdymo mas\u0117 DAS Idea Mix 100g &#8211; Skizze","og_description":"\u201eDas Idea Mix\u201c yra ore d\u017ei\u016bstantis mineralinis marmur\u0105 imituojantis molis. J\u012f galima naudoti su tradiciniu baltu arba rudu \u201eDAS\u201c moliu; \u0161iuo moliu galima sukurti nat\u016bralius ir unikalius efektus. \u0160e\u0161iomis intensyviomis, \u012fvairias marmuro r\u016b\u0161is ir nat\u016bralius akmenis primenan\u010dios spalvomis rudame ir baltame \u201eDAS\u201c molyje galima sukurti nuostabias vienspalves ar margas gyslas. Dermatologi\u0161kai patikrintas, kurio sud\u0117tyje n\u0117ra glitimo, marmuro efekt\u0105 sukuriantis molis yra lengvai nuo rank\u0173 nuplaunamas \u0161iltu vandeniu ir muilu. Nuo daugelio audini\u0173 j\u012f galima i\u0161slabti skalbimo ma\u0161ina prie 40\u00b0C. Pakuot\u0117je yra 100 g molio gabalas, iliustruotas informacinis lapelis su instrukcijomis (angl\u0173 kalba) ir oro nepraleid\u017eianti talpa, kuri u\u017etikrina, kad produktas i\u0161liks \u0161vie\u017eias ir ilgai naudojamas.","og_url":"https:\/\/hobstop.ee\/lt\/produktas\/lipdymo-mase-das-idea-mix-100g\/","og_site_name":"Skizze","article_publisher":"http:\/\/www.facebook.com\/VunderSkizze","og_image":[{"width":1024,"height":768,"url":"https:\/\/www.hobstop.ee\/media\/4284.jpg","type":"image\/jpeg"}],"twitter_card":"summary_large_image","twitter_misc":{"Est. reading time":"1 minute"},"schema":{"@context":"https:\/\/schema.org","@graph":[{"@type":"WebPage","@id":"https:\/\/hobstop.ee\/lt\/produktas\/lipdymo-mase-das-idea-mix-100g\/","url":"https:\/\/hobstop.ee\/lt\/produktas\/lipdymo-mase-das-idea-mix-100g\/","name":"Lipdymo mas\u0117 DAS Idea Mix 100g &#8211; Skizze","isPartOf":{"@id":"https:\/\/hobstop.ee\/lt\/#website"},"primaryImageOfPage":{"@id":"https:\/\/hobstop.ee\/lt\/produktas\/lipdymo-mase-das-idea-mix-100g\/#primaryimage"},"image":{"@id":"https:\/\/hobstop.ee\/lt\/produktas\/lipdymo-mase-das-idea-mix-100g\/#primaryimage"},"thumbnailUrl":"https:\/\/hobstop.ee\/media\/4284.jpg","datePublished":"2016-04-29T10:45:50+00:00","dateModified":"2016-04-29T10:45:50+00:00","breadcrumb":{"@id":"https:\/\/hobstop.ee\/lt\/produktas\/lipdymo-mase-das-idea-mix-100g\/#breadcrumb"},"inLanguage":"lt","potentialAction":[{"@type":"ReadAction","target":["https:\/\/hobstop.ee\/lt\/produktas\/lipdymo-mase-das-idea-mix-100g\/"]}]},{"@type":"ImageObject","inLanguage":"lt","@id":"https:\/\/hobstop.ee\/lt\/produktas\/lipdymo-mase-das-idea-mix-100g\/#primaryimage","url":"https:\/\/hobstop.ee\/media\/4284.jpg","contentUrl":"https:\/\/hobstop.ee\/media\/4284.jpg","width":1024,"height":768},{"@type":"BreadcrumbList","@id":"https:\/\/hobstop.ee\/lt\/produktas\/lipdymo-mase-das-idea-mix-100g\/#breadcrumb","itemListElement":[{"@type":"ListItem","position":1,"name":"Avaleht","item":"https:\/\/hobstop.ee\/lt\/"},{"@type":"ListItem","position":2,"name":"Parduotuv\u0117","item":"https:\/\/hobstop.ee\/lt\/parduotuve\/"},{"@type":"ListItem","position":3,"name":"Lipdymo mas\u0117 DAS Idea Mix 100g"}]},{"@type":"WebSite","@id":"https:\/\/hobstop.ee\/lt\/#website","url":"https:\/\/hobstop.ee\/lt\/","name":"Skizze","description":"Dail\u0117s, pom\u0117gi\u0173 ir mokykliniai reikm\u0117nys","publisher":{"@id":"https:\/\/hobstop.ee\/lt\/#organization"},"potentialAction":[{"@type":"SearchAction","target":{"@type":"EntryPoint","urlTemplate":"https:\/\/hobstop.ee\/lt\/?s={search_term_string}"},"query-input":{"@type":"PropertyValueSpecification","valueRequired":true,"valueName":"search_term_string"}}],"inLanguage":"lt"},{"@type":"Organization","@id":"https:\/\/hobstop.ee\/lt\/#organization","name":"Vunder AS","url":"https:\/\/hobstop.ee\/lt\/","logo":{"@type":"ImageObject","inLanguage":"lt","@id":"https:\/\/hobstop.ee\/lt\/#\/schema\/logo\/image\/","url":"https:\/\/hobstop.ee\/media\/vunder-logo.png","contentUrl":"https:\/\/hobstop.ee\/media\/vunder-logo.png","width":127,"height":55,"caption":"Vunder AS"},"image":{"@id":"https:\/\/hobstop.ee\/lt\/#\/schema\/logo\/image\/"},"sameAs":["http:\/\/www.facebook.com\/VunderSkizze"]}]}},"_links":{"self":[{"href":"https:\/\/hobstop.ee\/lt\/wp-json\/wp\/v2\/product\/263626","targetHints":{"allow":["GET"]}}],"collection":[{"href":"https:\/\/hobstop.ee\/lt\/wp-json\/wp\/v2\/product"}],"about":[{"href":"https:\/\/hobstop.ee\/lt\/wp-json\/wp\/v2\/types\/product"}],"replies":[{"embeddable":true,"href":"https:\/\/hobstop.ee\/lt\/wp-json\/wp\/v2\/comments?post=263626"}],"wp:featuredmedia":[{"embeddable":true,"href":"https:\/\/hobstop.ee\/lt\/wp-json\/wp\/v2\/media\/263662"}],"wp:attachment":[{"href":"https:\/\/hobstop.ee\/lt\/wp-json\/wp\/v2\/media?parent=263626"}],"wp:term":[{"taxonomy":"product_cat","embeddable":true,"href":"https:\/\/hobstop.ee\/lt\/wp-json\/wp\/v2\/product_cat?post=263626"},{"taxonomy":"product_tag","embeddable":true,"href":"https:\/\/hobstop.ee\/lt\/wp-json\/wp\/v2\/product_tag?post=263626"}],"curies":[{"name":"wp","href":"https:\/\/api.w.org\/{rel}","templated":true}]}}