{"id":263875,"date":"2016-05-06T09:30:08","date_gmt":"2016-05-06T06:30:08","guid":{"rendered":"https:\/\/sharks.ee\/vunder_2019\/lt\/product\/tekstiles-dazai-fashion-shimmer-100ml\/"},"modified":"2016-05-06T09:30:08","modified_gmt":"2016-05-06T06:30:08","slug":"tekstiles-dazai-marabu-fashion-shimmer-100ml","status":"publish","type":"product","link":"https:\/\/hobstop.ee\/lt\/produktas\/tekstiles-dazai-marabu-fashion-shimmer-100ml\/","title":{"rendered":"Tekstil\u0117s da\u017eai Marabu Fashion Shimmer 100ml"},"content":{"rendered":"<p>Dabar kiekvienas gal\u0117s savo stiliumi papuo\u0161ti mar\u0161kin\u0117lius, krep\u0161ius, pagalves ar u\u017euolaidas. Greitai ir patogiai sukurkite savo tekstil\u0117s ra\u0161tus. \u201eMarabu Fashion Shimmer\u201c yra blizg\u016bs tekstil\u0117s da\u017eai, kuriais galima dekoruoti tamsius audinius arba \u0161viesiems audiniams suteikti blizgesio. Pla\u010diame, spindin\u010diame spalv\u0173 pasirinkime kiekvienas atras k\u0105 nors tinkam\u0105 savo skoniui, kiekvienam met\u0173 laikui ir situacijai. Vandens pagrindu pagaminti pur\u0161kiami da\u017eai yra patogiame inde, tinka \u0161viesiems audiniams, kuriuose yra ne daugiau kaip 20 proc. dirbtinio pluo\u0161to. Audinius su u\u017efiksuotais (medviln\u0117s re\u017eimu lyginti 30x30cm 3 minutes arba 8 minutes palaikyti iki 150\u00b0C \u012fkaitintoje orkait\u0117je) da\u017eais galima skalbti ne auk\u0161tesn\u0117je nei 40\u00b0C temperat\u016broje. Skalbiant ir lyginant reikia i\u0161versti \u012f i\u0161virk\u0161\u010di\u0105j\u0105 pus\u0119. Da\u017eai yra bekvapiai ir neblunkantys, juos galima naudoti su \u012fvairia technika: u\u017epurk\u0161ti su spalv\u0173 persiliejimu, daryti \u0161ablonus, audin\u012f padengti da\u017eais ar dekoruoti batikos technika.<br \/>\nDa\u017eai \u201eMarabu Fashion Shimmer\u201c su kont\u016briniais da\u017eais \u201eFashion Liner\u201c ir \u0161ablonais \u201eSilhouette\u201c pad\u0117s \u012fgyvendinti J\u016bs\u0173 mados siekius!<\/p>\n","protected":false},"excerpt":{"rendered":"<p>Dabar kiekvienas gal\u0117s savo stiliumi papuo\u0161ti mar\u0161kin\u0117lius, krep\u0161ius, pagalves ar u\u017euolaidas. Greitai ir patogiai sukurkite savo tekstil\u0117s ra\u0161tus. \u201eMarabu Fashion Shimmer\u201c yra blizg\u016bs tekstil\u0117s da\u017eai, kuriais galima dekoruoti tamsius audinius arba \u0161viesiems audiniams suteikti blizgesio. Pla\u010diame, spindin\u010diame spalv\u0173 pasirinkime kiekvienas atras k\u0105 nors tinkam\u0105 savo skoniui, kiekvienam met\u0173 laikui ir situacijai. Vandens pagrindu pagaminti pur\u0161kiami da\u017eai yra patogiame inde, tinka \u0161viesiems audiniams, kuriuose yra ne daugiau kaip 20 proc. dirbtinio pluo\u0161to. Audinius su u\u017efiksuotais (medviln\u0117s re\u017eimu lyginti 30x30cm 3 minutes arba 8 minutes palaikyti iki 150\u00b0C \u012fkaitintoje orkait\u0117je) da\u017eais galima skalbti ne auk\u0161tesn\u0117je nei 40\u00b0C temperat\u016broje. Skalbiant ir lyginant reikia i\u0161versti \u012f i\u0161virk\u0161\u010di\u0105j\u0105 pus\u0119. Da\u017eai yra bekvapiai ir neblunkantys, juos galima naudoti su \u012fvairia technika: u\u017epurk\u0161ti su spalv\u0173 persiliejimu, daryti \u0161ablonus, audin\u012f padengti da\u017eais ar dekoruoti batikos technika. Da\u017eai \u201eMarabu Fashion Shimmer\u201c su kont\u016briniais da\u017eais \u201eFashion Liner\u201c ir \u0161ablonais \u201eSilhouette\u201c pad\u0117s \u012fgyvendinti J\u016bs\u0173 mados siekius!<\/p>\n","protected":false},"featured_media":263959,"comment_status":"closed","ping_status":"closed","template":"","meta":{"_acf_changed":false,"ep_exclude_from_search":false},"product_cat":[17919,14893,18213],"product_tag":[],"class_list":{"0":"post-263875","1":"product","2":"type-product","3":"status-publish","4":"has-post-thumbnail","6":"product_cat-pomegiu-prekes","7":"product_cat-tekstilei","8":"product_cat-tekstiles-dazai","10":"first","11":"instock","12":"taxable","13":"shipping-taxable","14":"purchasable","15":"product-type-simple"},"acf":[],"yoast_head":"<!-- This site is optimized with the Yoast SEO plugin v24.1 - https:\/\/yoast.com\/wordpress\/plugins\/seo\/ -->\n<title>Tekstil\u0117s da\u017eai Marabu Fashion Shimmer 100ml &#8211; Skizze<\/title>\n<meta name=\"robots\" content=\"noindex, follow, max-snippet:-1, max-image-preview:large, max-video-preview:-1\" \/>\n<meta property=\"og:locale\" content=\"lt_LT\" \/>\n<meta property=\"og:type\" content=\"article\" \/>\n<meta property=\"og:title\" content=\"Tekstil\u0117s da\u017eai Marabu Fashion Shimmer 100ml &#8211; Skizze\" \/>\n<meta property=\"og:description\" content=\"Dabar kiekvienas gal\u0117s savo stiliumi papuo\u0161ti mar\u0161kin\u0117lius, krep\u0161ius, pagalves ar u\u017euolaidas. Greitai ir patogiai sukurkite savo tekstil\u0117s ra\u0161tus. \u201eMarabu Fashion Shimmer\u201c yra blizg\u016bs tekstil\u0117s da\u017eai, kuriais galima dekoruoti tamsius audinius arba \u0161viesiems audiniams suteikti blizgesio. Pla\u010diame, spindin\u010diame spalv\u0173 pasirinkime kiekvienas atras k\u0105 nors tinkam\u0105 savo skoniui, kiekvienam met\u0173 laikui ir situacijai. Vandens pagrindu pagaminti pur\u0161kiami da\u017eai yra patogiame inde, tinka \u0161viesiems audiniams, kuriuose yra ne daugiau kaip 20 proc. dirbtinio pluo\u0161to. Audinius su u\u017efiksuotais (medviln\u0117s re\u017eimu lyginti 30x30cm 3 minutes arba 8 minutes palaikyti iki 150\u00b0C \u012fkaitintoje orkait\u0117je) da\u017eais galima skalbti ne auk\u0161tesn\u0117je nei 40\u00b0C temperat\u016broje. Skalbiant ir lyginant reikia i\u0161versti \u012f i\u0161virk\u0161\u010di\u0105j\u0105 pus\u0119. Da\u017eai yra bekvapiai ir neblunkantys, juos galima naudoti su \u012fvairia technika: u\u017epurk\u0161ti su spalv\u0173 persiliejimu, daryti \u0161ablonus, audin\u012f padengti da\u017eais ar dekoruoti batikos technika. Da\u017eai \u201eMarabu Fashion Shimmer\u201c su kont\u016briniais da\u017eais \u201eFashion Liner\u201c ir \u0161ablonais \u201eSilhouette\u201c pad\u0117s \u012fgyvendinti J\u016bs\u0173 mados siekius!\" \/>\n<meta property=\"og:url\" content=\"https:\/\/hobstop.ee\/lt\/produktas\/tekstiles-dazai-marabu-fashion-shimmer-100ml\/\" \/>\n<meta property=\"og:site_name\" content=\"Skizze\" \/>\n<meta property=\"article:publisher\" content=\"http:\/\/www.facebook.com\/VunderSkizze\" \/>\n<meta property=\"og:image\" content=\"https:\/\/hobstop.ee\/media\/4269.jpg\" \/>\n\t<meta property=\"og:image:width\" content=\"1024\" \/>\n\t<meta property=\"og:image:height\" content=\"768\" \/>\n\t<meta property=\"og:image:type\" content=\"image\/jpeg\" \/>\n<meta name=\"twitter:card\" content=\"summary_large_image\" \/>\n<meta name=\"twitter:label1\" content=\"Est. reading time\" \/>\n\t<meta name=\"twitter:data1\" content=\"1 minute\" \/>\n<script type=\"application\/ld+json\" class=\"yoast-schema-graph\">{\"@context\":\"https:\/\/schema.org\",\"@graph\":[{\"@type\":\"WebPage\",\"@id\":\"https:\/\/hobstop.ee\/lt\/produktas\/tekstiles-dazai-marabu-fashion-shimmer-100ml\/\",\"url\":\"https:\/\/hobstop.ee\/lt\/produktas\/tekstiles-dazai-marabu-fashion-shimmer-100ml\/\",\"name\":\"Tekstil\u0117s da\u017eai Marabu Fashion Shimmer 100ml &#8211; Skizze\",\"isPartOf\":{\"@id\":\"https:\/\/hobstop.ee\/lt\/#website\"},\"primaryImageOfPage\":{\"@id\":\"https:\/\/hobstop.ee\/lt\/produktas\/tekstiles-dazai-marabu-fashion-shimmer-100ml\/#primaryimage\"},\"image\":{\"@id\":\"https:\/\/hobstop.ee\/lt\/produktas\/tekstiles-dazai-marabu-fashion-shimmer-100ml\/#primaryimage\"},\"thumbnailUrl\":\"https:\/\/hobstop.ee\/media\/4269.jpg\",\"datePublished\":\"2016-05-06T06:30:08+00:00\",\"dateModified\":\"2016-05-06T06:30:08+00:00\",\"breadcrumb\":{\"@id\":\"https:\/\/hobstop.ee\/lt\/produktas\/tekstiles-dazai-marabu-fashion-shimmer-100ml\/#breadcrumb\"},\"inLanguage\":\"lt\",\"potentialAction\":[{\"@type\":\"ReadAction\",\"target\":[\"https:\/\/hobstop.ee\/lt\/produktas\/tekstiles-dazai-marabu-fashion-shimmer-100ml\/\"]}]},{\"@type\":\"ImageObject\",\"inLanguage\":\"lt\",\"@id\":\"https:\/\/hobstop.ee\/lt\/produktas\/tekstiles-dazai-marabu-fashion-shimmer-100ml\/#primaryimage\",\"url\":\"https:\/\/hobstop.ee\/media\/4269.jpg\",\"contentUrl\":\"https:\/\/hobstop.ee\/media\/4269.jpg\",\"width\":1024,\"height\":768},{\"@type\":\"BreadcrumbList\",\"@id\":\"https:\/\/hobstop.ee\/lt\/produktas\/tekstiles-dazai-marabu-fashion-shimmer-100ml\/#breadcrumb\",\"itemListElement\":[{\"@type\":\"ListItem\",\"position\":1,\"name\":\"Avaleht\",\"item\":\"https:\/\/hobstop.ee\/lt\/\"},{\"@type\":\"ListItem\",\"position\":2,\"name\":\"Parduotuv\u0117\",\"item\":\"https:\/\/hobstop.ee\/lt\/parduotuve\/\"},{\"@type\":\"ListItem\",\"position\":3,\"name\":\"Tekstil\u0117s da\u017eai Marabu Fashion Shimmer 100ml\"}]},{\"@type\":\"WebSite\",\"@id\":\"https:\/\/hobstop.ee\/lt\/#website\",\"url\":\"https:\/\/hobstop.ee\/lt\/\",\"name\":\"Skizze\",\"description\":\"Dail\u0117s, pom\u0117gi\u0173 ir mokykliniai reikm\u0117nys\",\"publisher\":{\"@id\":\"https:\/\/hobstop.ee\/lt\/#organization\"},\"potentialAction\":[{\"@type\":\"SearchAction\",\"target\":{\"@type\":\"EntryPoint\",\"urlTemplate\":\"https:\/\/hobstop.ee\/lt\/?s={search_term_string}\"},\"query-input\":{\"@type\":\"PropertyValueSpecification\",\"valueRequired\":true,\"valueName\":\"search_term_string\"}}],\"inLanguage\":\"lt\"},{\"@type\":\"Organization\",\"@id\":\"https:\/\/hobstop.ee\/lt\/#organization\",\"name\":\"Vunder AS\",\"url\":\"https:\/\/hobstop.ee\/lt\/\",\"logo\":{\"@type\":\"ImageObject\",\"inLanguage\":\"lt\",\"@id\":\"https:\/\/hobstop.ee\/lt\/#\/schema\/logo\/image\/\",\"url\":\"https:\/\/hobstop.ee\/media\/vunder-logo.png\",\"contentUrl\":\"https:\/\/hobstop.ee\/media\/vunder-logo.png\",\"width\":127,\"height\":55,\"caption\":\"Vunder AS\"},\"image\":{\"@id\":\"https:\/\/hobstop.ee\/lt\/#\/schema\/logo\/image\/\"},\"sameAs\":[\"http:\/\/www.facebook.com\/VunderSkizze\"]}]}<\/script>\n<!-- \/ Yoast SEO plugin. -->","yoast_head_json":{"title":"Tekstil\u0117s da\u017eai Marabu Fashion Shimmer 100ml &#8211; Skizze","robots":{"index":"noindex","follow":"follow","max-snippet":"max-snippet:-1","max-image-preview":"max-image-preview:large","max-video-preview":"max-video-preview:-1"},"og_locale":"lt_LT","og_type":"article","og_title":"Tekstil\u0117s da\u017eai Marabu Fashion Shimmer 100ml &#8211; Skizze","og_description":"Dabar kiekvienas gal\u0117s savo stiliumi papuo\u0161ti mar\u0161kin\u0117lius, krep\u0161ius, pagalves ar u\u017euolaidas. Greitai ir patogiai sukurkite savo tekstil\u0117s ra\u0161tus. \u201eMarabu Fashion Shimmer\u201c yra blizg\u016bs tekstil\u0117s da\u017eai, kuriais galima dekoruoti tamsius audinius arba \u0161viesiems audiniams suteikti blizgesio. Pla\u010diame, spindin\u010diame spalv\u0173 pasirinkime kiekvienas atras k\u0105 nors tinkam\u0105 savo skoniui, kiekvienam met\u0173 laikui ir situacijai. Vandens pagrindu pagaminti pur\u0161kiami da\u017eai yra patogiame inde, tinka \u0161viesiems audiniams, kuriuose yra ne daugiau kaip 20 proc. dirbtinio pluo\u0161to. Audinius su u\u017efiksuotais (medviln\u0117s re\u017eimu lyginti 30x30cm 3 minutes arba 8 minutes palaikyti iki 150\u00b0C \u012fkaitintoje orkait\u0117je) da\u017eais galima skalbti ne auk\u0161tesn\u0117je nei 40\u00b0C temperat\u016broje. Skalbiant ir lyginant reikia i\u0161versti \u012f i\u0161virk\u0161\u010di\u0105j\u0105 pus\u0119. Da\u017eai yra bekvapiai ir neblunkantys, juos galima naudoti su \u012fvairia technika: u\u017epurk\u0161ti su spalv\u0173 persiliejimu, daryti \u0161ablonus, audin\u012f padengti da\u017eais ar dekoruoti batikos technika. Da\u017eai \u201eMarabu Fashion Shimmer\u201c su kont\u016briniais da\u017eais \u201eFashion Liner\u201c ir \u0161ablonais \u201eSilhouette\u201c pad\u0117s \u012fgyvendinti J\u016bs\u0173 mados siekius!","og_url":"https:\/\/hobstop.ee\/lt\/produktas\/tekstiles-dazai-marabu-fashion-shimmer-100ml\/","og_site_name":"Skizze","article_publisher":"http:\/\/www.facebook.com\/VunderSkizze","og_image":[{"width":1024,"height":768,"url":"https:\/\/hobstop.ee\/media\/4269.jpg","type":"image\/jpeg"}],"twitter_card":"summary_large_image","twitter_misc":{"Est. reading time":"1 minute"},"schema":{"@context":"https:\/\/schema.org","@graph":[{"@type":"WebPage","@id":"https:\/\/hobstop.ee\/lt\/produktas\/tekstiles-dazai-marabu-fashion-shimmer-100ml\/","url":"https:\/\/hobstop.ee\/lt\/produktas\/tekstiles-dazai-marabu-fashion-shimmer-100ml\/","name":"Tekstil\u0117s da\u017eai Marabu Fashion Shimmer 100ml &#8211; Skizze","isPartOf":{"@id":"https:\/\/hobstop.ee\/lt\/#website"},"primaryImageOfPage":{"@id":"https:\/\/hobstop.ee\/lt\/produktas\/tekstiles-dazai-marabu-fashion-shimmer-100ml\/#primaryimage"},"image":{"@id":"https:\/\/hobstop.ee\/lt\/produktas\/tekstiles-dazai-marabu-fashion-shimmer-100ml\/#primaryimage"},"thumbnailUrl":"https:\/\/hobstop.ee\/media\/4269.jpg","datePublished":"2016-05-06T06:30:08+00:00","dateModified":"2016-05-06T06:30:08+00:00","breadcrumb":{"@id":"https:\/\/hobstop.ee\/lt\/produktas\/tekstiles-dazai-marabu-fashion-shimmer-100ml\/#breadcrumb"},"inLanguage":"lt","potentialAction":[{"@type":"ReadAction","target":["https:\/\/hobstop.ee\/lt\/produktas\/tekstiles-dazai-marabu-fashion-shimmer-100ml\/"]}]},{"@type":"ImageObject","inLanguage":"lt","@id":"https:\/\/hobstop.ee\/lt\/produktas\/tekstiles-dazai-marabu-fashion-shimmer-100ml\/#primaryimage","url":"https:\/\/hobstop.ee\/media\/4269.jpg","contentUrl":"https:\/\/hobstop.ee\/media\/4269.jpg","width":1024,"height":768},{"@type":"BreadcrumbList","@id":"https:\/\/hobstop.ee\/lt\/produktas\/tekstiles-dazai-marabu-fashion-shimmer-100ml\/#breadcrumb","itemListElement":[{"@type":"ListItem","position":1,"name":"Avaleht","item":"https:\/\/hobstop.ee\/lt\/"},{"@type":"ListItem","position":2,"name":"Parduotuv\u0117","item":"https:\/\/hobstop.ee\/lt\/parduotuve\/"},{"@type":"ListItem","position":3,"name":"Tekstil\u0117s da\u017eai Marabu Fashion Shimmer 100ml"}]},{"@type":"WebSite","@id":"https:\/\/hobstop.ee\/lt\/#website","url":"https:\/\/hobstop.ee\/lt\/","name":"Skizze","description":"Dail\u0117s, pom\u0117gi\u0173 ir mokykliniai reikm\u0117nys","publisher":{"@id":"https:\/\/hobstop.ee\/lt\/#organization"},"potentialAction":[{"@type":"SearchAction","target":{"@type":"EntryPoint","urlTemplate":"https:\/\/hobstop.ee\/lt\/?s={search_term_string}"},"query-input":{"@type":"PropertyValueSpecification","valueRequired":true,"valueName":"search_term_string"}}],"inLanguage":"lt"},{"@type":"Organization","@id":"https:\/\/hobstop.ee\/lt\/#organization","name":"Vunder AS","url":"https:\/\/hobstop.ee\/lt\/","logo":{"@type":"ImageObject","inLanguage":"lt","@id":"https:\/\/hobstop.ee\/lt\/#\/schema\/logo\/image\/","url":"https:\/\/hobstop.ee\/media\/vunder-logo.png","contentUrl":"https:\/\/hobstop.ee\/media\/vunder-logo.png","width":127,"height":55,"caption":"Vunder AS"},"image":{"@id":"https:\/\/hobstop.ee\/lt\/#\/schema\/logo\/image\/"},"sameAs":["http:\/\/www.facebook.com\/VunderSkizze"]}]}},"_links":{"self":[{"href":"https:\/\/hobstop.ee\/lt\/wp-json\/wp\/v2\/product\/263875","targetHints":{"allow":["GET"]}}],"collection":[{"href":"https:\/\/hobstop.ee\/lt\/wp-json\/wp\/v2\/product"}],"about":[{"href":"https:\/\/hobstop.ee\/lt\/wp-json\/wp\/v2\/types\/product"}],"replies":[{"embeddable":true,"href":"https:\/\/hobstop.ee\/lt\/wp-json\/wp\/v2\/comments?post=263875"}],"wp:featuredmedia":[{"embeddable":true,"href":"https:\/\/hobstop.ee\/lt\/wp-json\/wp\/v2\/media\/263959"}],"wp:attachment":[{"href":"https:\/\/hobstop.ee\/lt\/wp-json\/wp\/v2\/media?parent=263875"}],"wp:term":[{"taxonomy":"product_cat","embeddable":true,"href":"https:\/\/hobstop.ee\/lt\/wp-json\/wp\/v2\/product_cat?post=263875"},{"taxonomy":"product_tag","embeddable":true,"href":"https:\/\/hobstop.ee\/lt\/wp-json\/wp\/v2\/product_tag?post=263875"}],"curies":[{"name":"wp","href":"https:\/\/api.w.org\/{rel}","templated":true}]}}