{"id":263883,"date":"2016-05-06T09:30:10","date_gmt":"2016-05-06T06:30:10","guid":{"rendered":"https:\/\/sharks.ee\/vunder_2019\/lt\/product\/kartonas-curious-metallic-300g-a4\/"},"modified":"2016-05-06T09:30:10","modified_gmt":"2016-05-06T06:30:10","slug":"kartonas-curious-metallic-300g-a4","status":"publish","type":"product","link":"https:\/\/hobstop.ee\/lt\/produktas\/kartonas-curious-metallic-300g-a4\/","title":{"rendered":"Kartonas Curious Metallic 300g A4"},"content":{"rendered":"<p>\u201eCurious Metallics\u201c \u2013 blizgaus metalinio pavir\u0161iaus popierius. Metalinis blizgesys i\u0161gaunamas mineraliniais pigmentais. Metalinis blizgesys prasiskverbia pro spaudos da\u017eus ir i\u0161ry\u0161kina spaudin\u012f.<\/p>\n","protected":false},"excerpt":{"rendered":"<p>\u201eCurious Metallics\u201c \u2013 blizgaus metalinio pavir\u0161iaus popierius. Metalinis blizgesys i\u0161gaunamas mineraliniais pigmentais. Metalinis blizgesys prasiskverbia pro spaudos da\u017eus ir i\u0161ry\u0161kina spaudin\u012f.<\/p>\n","protected":false},"featured_media":0,"comment_status":"closed","ping_status":"closed","template":"","meta":{"_acf_changed":false,"ep_exclude_from_search":false},"product_cat":[17922,14874,18458],"product_tag":[],"class_list":{"0":"post-263883","1":"product","2":"type-product","3":"status-publish","5":"product_cat-popieriaus-prekes","6":"product_cat-ehtetarvikud","7":"product_cat-popierius-su-specialiaisiais-efektais","9":"first","10":"instock","11":"taxable","12":"shipping-taxable","13":"purchasable","14":"product-type-simple"},"acf":[],"yoast_head":"<!-- This site is optimized with the Yoast SEO plugin v24.1 - https:\/\/yoast.com\/wordpress\/plugins\/seo\/ -->\n<title>Kartonas Curious Metallic 300g A4 &#8211; Skizze<\/title>\n<meta name=\"robots\" content=\"noindex, follow, max-snippet:-1, max-image-preview:large, max-video-preview:-1\" \/>\n<meta property=\"og:locale\" content=\"lt_LT\" \/>\n<meta property=\"og:type\" content=\"article\" \/>\n<meta property=\"og:title\" content=\"Kartonas Curious Metallic 300g A4 &#8211; Skizze\" \/>\n<meta property=\"og:description\" content=\"\u201eCurious Metallics\u201c \u2013 blizgaus metalinio pavir\u0161iaus popierius. Metalinis blizgesys i\u0161gaunamas mineraliniais pigmentais. Metalinis blizgesys prasiskverbia pro spaudos da\u017eus ir i\u0161ry\u0161kina spaudin\u012f.\" \/>\n<meta property=\"og:url\" content=\"https:\/\/hobstop.ee\/lt\/produktas\/kartonas-curious-metallic-300g-a4\/\" \/>\n<meta property=\"og:site_name\" content=\"Skizze\" \/>\n<meta property=\"article:publisher\" content=\"http:\/\/www.facebook.com\/VunderSkizze\" \/>\n<meta name=\"twitter:card\" content=\"summary_large_image\" \/>\n<script type=\"application\/ld+json\" class=\"yoast-schema-graph\">{\"@context\":\"https:\/\/schema.org\",\"@graph\":[{\"@type\":\"WebPage\",\"@id\":\"https:\/\/hobstop.ee\/lt\/produktas\/kartonas-curious-metallic-300g-a4\/\",\"url\":\"https:\/\/hobstop.ee\/lt\/produktas\/kartonas-curious-metallic-300g-a4\/\",\"name\":\"Kartonas Curious Metallic 300g A4 &#8211; Skizze\",\"isPartOf\":{\"@id\":\"https:\/\/hobstop.ee\/lt\/#website\"},\"datePublished\":\"2016-05-06T06:30:10+00:00\",\"dateModified\":\"2016-05-06T06:30:10+00:00\",\"breadcrumb\":{\"@id\":\"https:\/\/hobstop.ee\/lt\/produktas\/kartonas-curious-metallic-300g-a4\/#breadcrumb\"},\"inLanguage\":\"lt\",\"potentialAction\":[{\"@type\":\"ReadAction\",\"target\":[\"https:\/\/hobstop.ee\/lt\/produktas\/kartonas-curious-metallic-300g-a4\/\"]}]},{\"@type\":\"BreadcrumbList\",\"@id\":\"https:\/\/hobstop.ee\/lt\/produktas\/kartonas-curious-metallic-300g-a4\/#breadcrumb\",\"itemListElement\":[{\"@type\":\"ListItem\",\"position\":1,\"name\":\"Avaleht\",\"item\":\"https:\/\/hobstop.ee\/lt\/\"},{\"@type\":\"ListItem\",\"position\":2,\"name\":\"Parduotuv\u0117\",\"item\":\"https:\/\/hobstop.ee\/lt\/parduotuve\/\"},{\"@type\":\"ListItem\",\"position\":3,\"name\":\"Kartonas Curious Metallic 300g A4\"}]},{\"@type\":\"WebSite\",\"@id\":\"https:\/\/hobstop.ee\/lt\/#website\",\"url\":\"https:\/\/hobstop.ee\/lt\/\",\"name\":\"Skizze\",\"description\":\"Dail\u0117s, pom\u0117gi\u0173 ir mokykliniai reikm\u0117nys\",\"publisher\":{\"@id\":\"https:\/\/hobstop.ee\/lt\/#organization\"},\"potentialAction\":[{\"@type\":\"SearchAction\",\"target\":{\"@type\":\"EntryPoint\",\"urlTemplate\":\"https:\/\/hobstop.ee\/lt\/?s={search_term_string}\"},\"query-input\":{\"@type\":\"PropertyValueSpecification\",\"valueRequired\":true,\"valueName\":\"search_term_string\"}}],\"inLanguage\":\"lt\"},{\"@type\":\"Organization\",\"@id\":\"https:\/\/hobstop.ee\/lt\/#organization\",\"name\":\"Vunder AS\",\"url\":\"https:\/\/hobstop.ee\/lt\/\",\"logo\":{\"@type\":\"ImageObject\",\"inLanguage\":\"lt\",\"@id\":\"https:\/\/hobstop.ee\/lt\/#\/schema\/logo\/image\/\",\"url\":\"https:\/\/hobstop.ee\/media\/vunder-logo.png\",\"contentUrl\":\"https:\/\/hobstop.ee\/media\/vunder-logo.png\",\"width\":127,\"height\":55,\"caption\":\"Vunder AS\"},\"image\":{\"@id\":\"https:\/\/hobstop.ee\/lt\/#\/schema\/logo\/image\/\"},\"sameAs\":[\"http:\/\/www.facebook.com\/VunderSkizze\"]}]}<\/script>\n<!-- \/ Yoast SEO plugin. -->","yoast_head_json":{"title":"Kartonas Curious Metallic 300g A4 &#8211; Skizze","robots":{"index":"noindex","follow":"follow","max-snippet":"max-snippet:-1","max-image-preview":"max-image-preview:large","max-video-preview":"max-video-preview:-1"},"og_locale":"lt_LT","og_type":"article","og_title":"Kartonas Curious Metallic 300g A4 &#8211; Skizze","og_description":"\u201eCurious Metallics\u201c \u2013 blizgaus metalinio pavir\u0161iaus popierius. Metalinis blizgesys i\u0161gaunamas mineraliniais pigmentais. Metalinis blizgesys prasiskverbia pro spaudos da\u017eus ir i\u0161ry\u0161kina spaudin\u012f.","og_url":"https:\/\/hobstop.ee\/lt\/produktas\/kartonas-curious-metallic-300g-a4\/","og_site_name":"Skizze","article_publisher":"http:\/\/www.facebook.com\/VunderSkizze","twitter_card":"summary_large_image","schema":{"@context":"https:\/\/schema.org","@graph":[{"@type":"WebPage","@id":"https:\/\/hobstop.ee\/lt\/produktas\/kartonas-curious-metallic-300g-a4\/","url":"https:\/\/hobstop.ee\/lt\/produktas\/kartonas-curious-metallic-300g-a4\/","name":"Kartonas Curious Metallic 300g A4 &#8211; Skizze","isPartOf":{"@id":"https:\/\/hobstop.ee\/lt\/#website"},"datePublished":"2016-05-06T06:30:10+00:00","dateModified":"2016-05-06T06:30:10+00:00","breadcrumb":{"@id":"https:\/\/hobstop.ee\/lt\/produktas\/kartonas-curious-metallic-300g-a4\/#breadcrumb"},"inLanguage":"lt","potentialAction":[{"@type":"ReadAction","target":["https:\/\/hobstop.ee\/lt\/produktas\/kartonas-curious-metallic-300g-a4\/"]}]},{"@type":"BreadcrumbList","@id":"https:\/\/hobstop.ee\/lt\/produktas\/kartonas-curious-metallic-300g-a4\/#breadcrumb","itemListElement":[{"@type":"ListItem","position":1,"name":"Avaleht","item":"https:\/\/hobstop.ee\/lt\/"},{"@type":"ListItem","position":2,"name":"Parduotuv\u0117","item":"https:\/\/hobstop.ee\/lt\/parduotuve\/"},{"@type":"ListItem","position":3,"name":"Kartonas Curious Metallic 300g A4"}]},{"@type":"WebSite","@id":"https:\/\/hobstop.ee\/lt\/#website","url":"https:\/\/hobstop.ee\/lt\/","name":"Skizze","description":"Dail\u0117s, pom\u0117gi\u0173 ir mokykliniai reikm\u0117nys","publisher":{"@id":"https:\/\/hobstop.ee\/lt\/#organization"},"potentialAction":[{"@type":"SearchAction","target":{"@type":"EntryPoint","urlTemplate":"https:\/\/hobstop.ee\/lt\/?s={search_term_string}"},"query-input":{"@type":"PropertyValueSpecification","valueRequired":true,"valueName":"search_term_string"}}],"inLanguage":"lt"},{"@type":"Organization","@id":"https:\/\/hobstop.ee\/lt\/#organization","name":"Vunder AS","url":"https:\/\/hobstop.ee\/lt\/","logo":{"@type":"ImageObject","inLanguage":"lt","@id":"https:\/\/hobstop.ee\/lt\/#\/schema\/logo\/image\/","url":"https:\/\/hobstop.ee\/media\/vunder-logo.png","contentUrl":"https:\/\/hobstop.ee\/media\/vunder-logo.png","width":127,"height":55,"caption":"Vunder AS"},"image":{"@id":"https:\/\/hobstop.ee\/lt\/#\/schema\/logo\/image\/"},"sameAs":["http:\/\/www.facebook.com\/VunderSkizze"]}]}},"_links":{"self":[{"href":"https:\/\/hobstop.ee\/lt\/wp-json\/wp\/v2\/product\/263883","targetHints":{"allow":["GET"]}}],"collection":[{"href":"https:\/\/hobstop.ee\/lt\/wp-json\/wp\/v2\/product"}],"about":[{"href":"https:\/\/hobstop.ee\/lt\/wp-json\/wp\/v2\/types\/product"}],"replies":[{"embeddable":true,"href":"https:\/\/hobstop.ee\/lt\/wp-json\/wp\/v2\/comments?post=263883"}],"wp:attachment":[{"href":"https:\/\/hobstop.ee\/lt\/wp-json\/wp\/v2\/media?parent=263883"}],"wp:term":[{"taxonomy":"product_cat","embeddable":true,"href":"https:\/\/hobstop.ee\/lt\/wp-json\/wp\/v2\/product_cat?post=263883"},{"taxonomy":"product_tag","embeddable":true,"href":"https:\/\/hobstop.ee\/lt\/wp-json\/wp\/v2\/product_tag?post=263883"}],"curies":[{"name":"wp","href":"https:\/\/api.w.org\/{rel}","templated":true}]}}