{"id":264274,"date":"2016-05-06T15:28:15","date_gmt":"2016-05-06T12:28:15","guid":{"rendered":"https:\/\/sharks.ee\/vunder_2019\/lt\/product\/washi-dekoratyvi-lipni-juostele-mt-alain-gree\/"},"modified":"2016-05-06T15:28:15","modified_gmt":"2016-05-06T12:28:15","slug":"washi-dekoratyvi-lipni-juostele-mt-alain-gree","status":"publish","type":"product","link":"https:\/\/hobstop.ee\/lt\/produktas\/washi-dekoratyvi-lipni-juostele-mt-alain-gree\/","title":{"rendered":"Washi dekoratyvi lipni juostel\u0117 mt Alain Gree"},"content":{"rendered":"<p>Japoni\u0161ka lipnia dekoratyvine juostele \u201eWashi\u201c galite dekoruoti visk\u0105, k\u0105 tik panor\u0117j\u0119 \u2013 d\u0117\u017eutes ar atvirukus, indus ar baldus. Tinka daugeliui pavir\u0161i\u0173, pavyzd\u017eiui, popieriui, medienai, metalui, porcelianui, stiklui ir kt. Pramoniniu b\u016bdu pagaminta lipni juostel\u0117 yra itin kokybi\u0161ka, tvirta ir plona. Labai tvirtai prilimpa, ta\u010diau yra lengvai atpl\u0117\u0161iama, nepalieka klij\u0173 \u017eym\u0117s.<br \/>\nAlain Gr\u00e9e yra pranc\u016bz\u0173 iliustruot\u0173 knyg\u0173 k\u016br\u0117jas ir iliustratorius, gim\u0119s 1936 m. liepos 21 d. Pary\u017eiaus priemiestyje Eaubonne. Pabaig\u0119s Pary\u017eiaus taikom\u0173j\u0173 men\u0173 grafikos atelj\u0117 prad\u0117jo mokytis Pary\u017eiaus daili\u0173j\u0173 men\u0173 mokykloje. Pabaig\u0119s mokykl\u0105 prad\u0117jo kurti vaikams \u201elinksmo mokymo vadov\u0117lius\u201c, kurie to meto Pranc\u016bzijoje dar nebuvo paplit\u0119. \u0160iuo metu jis yra \u017eymus grafikos dizaineris ir knyg\u0173, taip pat ir leidybin\u0117s reklamos redaktorius.<\/p>\n","protected":false},"excerpt":{"rendered":"<p>Japoni\u0161ka lipnia dekoratyvine juostele \u201eWashi\u201c galite dekoruoti visk\u0105, k\u0105 tik panor\u0117j\u0119 \u2013 d\u0117\u017eutes ar atvirukus, indus ar baldus. Tinka daugeliui pavir\u0161i\u0173, pavyzd\u017eiui, popieriui, medienai, metalui, porcelianui, stiklui ir kt. Pramoniniu b\u016bdu pagaminta lipni juostel\u0117 yra itin kokybi\u0161ka, tvirta ir plona. Labai tvirtai prilimpa, ta\u010diau yra lengvai atpl\u0117\u0161iama, nepalieka klij\u0173 \u017eym\u0117s. Alain Gr\u00e9e yra pranc\u016bz\u0173 iliustruot\u0173 knyg\u0173 k\u016br\u0117jas ir iliustratorius, gim\u0119s 1936 m. liepos 21 d. Pary\u017eiaus priemiestyje Eaubonne. Pabaig\u0119s Pary\u017eiaus taikom\u0173j\u0173 men\u0173 grafikos atelj\u0117 prad\u0117jo mokytis Pary\u017eiaus daili\u0173j\u0173 men\u0173 mokykloje. Pabaig\u0119s mokykl\u0105 prad\u0117jo kurti vaikams \u201elinksmo mokymo vadov\u0117lius\u201c, kurie to meto Pranc\u016bzijoje dar nebuvo paplit\u0119. \u0160iuo metu jis yra \u017eymus grafikos dizaineris ir knyg\u0173, taip pat ir leidybin\u0117s reklamos redaktorius.<\/p>\n","protected":false},"featured_media":264322,"comment_status":"closed","ping_status":"closed","template":"","meta":{"_acf_changed":false,"ep_exclude_from_search":false},"product_cat":[17969,17157,17919],"product_tag":[],"class_list":{"0":"post-264274","1":"product","2":"type-product","3":"status-publish","4":"has-post-thumbnail","6":"product_cat-kitos-prekes","7":"product_cat-lipnios-juosteles-washi","8":"product_cat-pomegiu-prekes","10":"first","11":"instock","12":"taxable","13":"shipping-taxable","14":"purchasable","15":"product-type-simple"},"acf":[],"yoast_head":"<!-- This site is optimized with the Yoast SEO plugin v24.1 - https:\/\/yoast.com\/wordpress\/plugins\/seo\/ -->\n<title>Washi dekoratyvi lipni juostel\u0117 mt Alain Gree &#8211; Skizze<\/title>\n<meta name=\"robots\" content=\"noindex, follow, max-snippet:-1, max-image-preview:large, max-video-preview:-1\" \/>\n<meta property=\"og:locale\" content=\"lt_LT\" \/>\n<meta property=\"og:type\" content=\"article\" \/>\n<meta property=\"og:title\" content=\"Washi dekoratyvi lipni juostel\u0117 mt Alain Gree &#8211; Skizze\" \/>\n<meta property=\"og:description\" content=\"Japoni\u0161ka lipnia dekoratyvine juostele \u201eWashi\u201c galite dekoruoti visk\u0105, k\u0105 tik panor\u0117j\u0119 \u2013 d\u0117\u017eutes ar atvirukus, indus ar baldus. Tinka daugeliui pavir\u0161i\u0173, pavyzd\u017eiui, popieriui, medienai, metalui, porcelianui, stiklui ir kt. Pramoniniu b\u016bdu pagaminta lipni juostel\u0117 yra itin kokybi\u0161ka, tvirta ir plona. Labai tvirtai prilimpa, ta\u010diau yra lengvai atpl\u0117\u0161iama, nepalieka klij\u0173 \u017eym\u0117s. Alain Gr\u00e9e yra pranc\u016bz\u0173 iliustruot\u0173 knyg\u0173 k\u016br\u0117jas ir iliustratorius, gim\u0119s 1936 m. liepos 21 d. Pary\u017eiaus priemiestyje Eaubonne. Pabaig\u0119s Pary\u017eiaus taikom\u0173j\u0173 men\u0173 grafikos atelj\u0117 prad\u0117jo mokytis Pary\u017eiaus daili\u0173j\u0173 men\u0173 mokykloje. Pabaig\u0119s mokykl\u0105 prad\u0117jo kurti vaikams \u201elinksmo mokymo vadov\u0117lius\u201c, kurie to meto Pranc\u016bzijoje dar nebuvo paplit\u0119. \u0160iuo metu jis yra \u017eymus grafikos dizaineris ir knyg\u0173, taip pat ir leidybin\u0117s reklamos redaktorius.\" \/>\n<meta property=\"og:url\" content=\"https:\/\/hobstop.ee\/lt\/produktas\/washi-dekoratyvi-lipni-juostele-mt-alain-gree\/\" \/>\n<meta property=\"og:site_name\" content=\"Skizze\" \/>\n<meta property=\"article:publisher\" content=\"http:\/\/www.facebook.com\/VunderSkizze\" \/>\n<meta property=\"og:image\" content=\"https:\/\/hobstop.ee\/media\/4049.jpg\" \/>\n\t<meta property=\"og:image:width\" content=\"1024\" \/>\n\t<meta property=\"og:image:height\" content=\"768\" \/>\n\t<meta property=\"og:image:type\" content=\"image\/jpeg\" \/>\n<meta name=\"twitter:card\" content=\"summary_large_image\" \/>\n<meta name=\"twitter:label1\" content=\"Est. reading time\" \/>\n\t<meta name=\"twitter:data1\" content=\"1 minute\" \/>\n<script type=\"application\/ld+json\" class=\"yoast-schema-graph\">{\"@context\":\"https:\/\/schema.org\",\"@graph\":[{\"@type\":\"WebPage\",\"@id\":\"https:\/\/hobstop.ee\/lt\/produktas\/washi-dekoratyvi-lipni-juostele-mt-alain-gree\/\",\"url\":\"https:\/\/hobstop.ee\/lt\/produktas\/washi-dekoratyvi-lipni-juostele-mt-alain-gree\/\",\"name\":\"Washi dekoratyvi lipni juostel\u0117 mt Alain Gree &#8211; Skizze\",\"isPartOf\":{\"@id\":\"https:\/\/hobstop.ee\/lt\/#website\"},\"primaryImageOfPage\":{\"@id\":\"https:\/\/hobstop.ee\/lt\/produktas\/washi-dekoratyvi-lipni-juostele-mt-alain-gree\/#primaryimage\"},\"image\":{\"@id\":\"https:\/\/hobstop.ee\/lt\/produktas\/washi-dekoratyvi-lipni-juostele-mt-alain-gree\/#primaryimage\"},\"thumbnailUrl\":\"https:\/\/hobstop.ee\/media\/4049.jpg\",\"datePublished\":\"2016-05-06T12:28:15+00:00\",\"dateModified\":\"2016-05-06T12:28:15+00:00\",\"breadcrumb\":{\"@id\":\"https:\/\/hobstop.ee\/lt\/produktas\/washi-dekoratyvi-lipni-juostele-mt-alain-gree\/#breadcrumb\"},\"inLanguage\":\"lt\",\"potentialAction\":[{\"@type\":\"ReadAction\",\"target\":[\"https:\/\/hobstop.ee\/lt\/produktas\/washi-dekoratyvi-lipni-juostele-mt-alain-gree\/\"]}]},{\"@type\":\"ImageObject\",\"inLanguage\":\"lt\",\"@id\":\"https:\/\/hobstop.ee\/lt\/produktas\/washi-dekoratyvi-lipni-juostele-mt-alain-gree\/#primaryimage\",\"url\":\"https:\/\/hobstop.ee\/media\/4049.jpg\",\"contentUrl\":\"https:\/\/hobstop.ee\/media\/4049.jpg\",\"width\":1024,\"height\":768},{\"@type\":\"BreadcrumbList\",\"@id\":\"https:\/\/hobstop.ee\/lt\/produktas\/washi-dekoratyvi-lipni-juostele-mt-alain-gree\/#breadcrumb\",\"itemListElement\":[{\"@type\":\"ListItem\",\"position\":1,\"name\":\"Avaleht\",\"item\":\"https:\/\/hobstop.ee\/lt\/\"},{\"@type\":\"ListItem\",\"position\":2,\"name\":\"Parduotuv\u0117\",\"item\":\"https:\/\/hobstop.ee\/lt\/parduotuve\/\"},{\"@type\":\"ListItem\",\"position\":3,\"name\":\"Washi dekoratyvi lipni juostel\u0117 mt Alain Gree\"}]},{\"@type\":\"WebSite\",\"@id\":\"https:\/\/hobstop.ee\/lt\/#website\",\"url\":\"https:\/\/hobstop.ee\/lt\/\",\"name\":\"Skizze\",\"description\":\"Dail\u0117s, pom\u0117gi\u0173 ir mokykliniai reikm\u0117nys\",\"publisher\":{\"@id\":\"https:\/\/hobstop.ee\/lt\/#organization\"},\"potentialAction\":[{\"@type\":\"SearchAction\",\"target\":{\"@type\":\"EntryPoint\",\"urlTemplate\":\"https:\/\/hobstop.ee\/lt\/?s={search_term_string}\"},\"query-input\":{\"@type\":\"PropertyValueSpecification\",\"valueRequired\":true,\"valueName\":\"search_term_string\"}}],\"inLanguage\":\"lt\"},{\"@type\":\"Organization\",\"@id\":\"https:\/\/hobstop.ee\/lt\/#organization\",\"name\":\"Vunder AS\",\"url\":\"https:\/\/hobstop.ee\/lt\/\",\"logo\":{\"@type\":\"ImageObject\",\"inLanguage\":\"lt\",\"@id\":\"https:\/\/hobstop.ee\/lt\/#\/schema\/logo\/image\/\",\"url\":\"https:\/\/hobstop.ee\/media\/vunder-logo.png\",\"contentUrl\":\"https:\/\/hobstop.ee\/media\/vunder-logo.png\",\"width\":127,\"height\":55,\"caption\":\"Vunder AS\"},\"image\":{\"@id\":\"https:\/\/hobstop.ee\/lt\/#\/schema\/logo\/image\/\"},\"sameAs\":[\"http:\/\/www.facebook.com\/VunderSkizze\"]}]}<\/script>\n<!-- \/ Yoast SEO plugin. -->","yoast_head_json":{"title":"Washi dekoratyvi lipni juostel\u0117 mt Alain Gree &#8211; Skizze","robots":{"index":"noindex","follow":"follow","max-snippet":"max-snippet:-1","max-image-preview":"max-image-preview:large","max-video-preview":"max-video-preview:-1"},"og_locale":"lt_LT","og_type":"article","og_title":"Washi dekoratyvi lipni juostel\u0117 mt Alain Gree &#8211; Skizze","og_description":"Japoni\u0161ka lipnia dekoratyvine juostele \u201eWashi\u201c galite dekoruoti visk\u0105, k\u0105 tik panor\u0117j\u0119 \u2013 d\u0117\u017eutes ar atvirukus, indus ar baldus. Tinka daugeliui pavir\u0161i\u0173, pavyzd\u017eiui, popieriui, medienai, metalui, porcelianui, stiklui ir kt. Pramoniniu b\u016bdu pagaminta lipni juostel\u0117 yra itin kokybi\u0161ka, tvirta ir plona. Labai tvirtai prilimpa, ta\u010diau yra lengvai atpl\u0117\u0161iama, nepalieka klij\u0173 \u017eym\u0117s. Alain Gr\u00e9e yra pranc\u016bz\u0173 iliustruot\u0173 knyg\u0173 k\u016br\u0117jas ir iliustratorius, gim\u0119s 1936 m. liepos 21 d. Pary\u017eiaus priemiestyje Eaubonne. Pabaig\u0119s Pary\u017eiaus taikom\u0173j\u0173 men\u0173 grafikos atelj\u0117 prad\u0117jo mokytis Pary\u017eiaus daili\u0173j\u0173 men\u0173 mokykloje. Pabaig\u0119s mokykl\u0105 prad\u0117jo kurti vaikams \u201elinksmo mokymo vadov\u0117lius\u201c, kurie to meto Pranc\u016bzijoje dar nebuvo paplit\u0119. \u0160iuo metu jis yra \u017eymus grafikos dizaineris ir knyg\u0173, taip pat ir leidybin\u0117s reklamos redaktorius.","og_url":"https:\/\/hobstop.ee\/lt\/produktas\/washi-dekoratyvi-lipni-juostele-mt-alain-gree\/","og_site_name":"Skizze","article_publisher":"http:\/\/www.facebook.com\/VunderSkizze","og_image":[{"width":1024,"height":768,"url":"https:\/\/hobstop.ee\/media\/4049.jpg","type":"image\/jpeg"}],"twitter_card":"summary_large_image","twitter_misc":{"Est. reading time":"1 minute"},"schema":{"@context":"https:\/\/schema.org","@graph":[{"@type":"WebPage","@id":"https:\/\/hobstop.ee\/lt\/produktas\/washi-dekoratyvi-lipni-juostele-mt-alain-gree\/","url":"https:\/\/hobstop.ee\/lt\/produktas\/washi-dekoratyvi-lipni-juostele-mt-alain-gree\/","name":"Washi dekoratyvi lipni juostel\u0117 mt Alain Gree &#8211; Skizze","isPartOf":{"@id":"https:\/\/hobstop.ee\/lt\/#website"},"primaryImageOfPage":{"@id":"https:\/\/hobstop.ee\/lt\/produktas\/washi-dekoratyvi-lipni-juostele-mt-alain-gree\/#primaryimage"},"image":{"@id":"https:\/\/hobstop.ee\/lt\/produktas\/washi-dekoratyvi-lipni-juostele-mt-alain-gree\/#primaryimage"},"thumbnailUrl":"https:\/\/hobstop.ee\/media\/4049.jpg","datePublished":"2016-05-06T12:28:15+00:00","dateModified":"2016-05-06T12:28:15+00:00","breadcrumb":{"@id":"https:\/\/hobstop.ee\/lt\/produktas\/washi-dekoratyvi-lipni-juostele-mt-alain-gree\/#breadcrumb"},"inLanguage":"lt","potentialAction":[{"@type":"ReadAction","target":["https:\/\/hobstop.ee\/lt\/produktas\/washi-dekoratyvi-lipni-juostele-mt-alain-gree\/"]}]},{"@type":"ImageObject","inLanguage":"lt","@id":"https:\/\/hobstop.ee\/lt\/produktas\/washi-dekoratyvi-lipni-juostele-mt-alain-gree\/#primaryimage","url":"https:\/\/hobstop.ee\/media\/4049.jpg","contentUrl":"https:\/\/hobstop.ee\/media\/4049.jpg","width":1024,"height":768},{"@type":"BreadcrumbList","@id":"https:\/\/hobstop.ee\/lt\/produktas\/washi-dekoratyvi-lipni-juostele-mt-alain-gree\/#breadcrumb","itemListElement":[{"@type":"ListItem","position":1,"name":"Avaleht","item":"https:\/\/hobstop.ee\/lt\/"},{"@type":"ListItem","position":2,"name":"Parduotuv\u0117","item":"https:\/\/hobstop.ee\/lt\/parduotuve\/"},{"@type":"ListItem","position":3,"name":"Washi dekoratyvi lipni juostel\u0117 mt Alain Gree"}]},{"@type":"WebSite","@id":"https:\/\/hobstop.ee\/lt\/#website","url":"https:\/\/hobstop.ee\/lt\/","name":"Skizze","description":"Dail\u0117s, pom\u0117gi\u0173 ir mokykliniai reikm\u0117nys","publisher":{"@id":"https:\/\/hobstop.ee\/lt\/#organization"},"potentialAction":[{"@type":"SearchAction","target":{"@type":"EntryPoint","urlTemplate":"https:\/\/hobstop.ee\/lt\/?s={search_term_string}"},"query-input":{"@type":"PropertyValueSpecification","valueRequired":true,"valueName":"search_term_string"}}],"inLanguage":"lt"},{"@type":"Organization","@id":"https:\/\/hobstop.ee\/lt\/#organization","name":"Vunder AS","url":"https:\/\/hobstop.ee\/lt\/","logo":{"@type":"ImageObject","inLanguage":"lt","@id":"https:\/\/hobstop.ee\/lt\/#\/schema\/logo\/image\/","url":"https:\/\/hobstop.ee\/media\/vunder-logo.png","contentUrl":"https:\/\/hobstop.ee\/media\/vunder-logo.png","width":127,"height":55,"caption":"Vunder AS"},"image":{"@id":"https:\/\/hobstop.ee\/lt\/#\/schema\/logo\/image\/"},"sameAs":["http:\/\/www.facebook.com\/VunderSkizze"]}]}},"_links":{"self":[{"href":"https:\/\/hobstop.ee\/lt\/wp-json\/wp\/v2\/product\/264274","targetHints":{"allow":["GET"]}}],"collection":[{"href":"https:\/\/hobstop.ee\/lt\/wp-json\/wp\/v2\/product"}],"about":[{"href":"https:\/\/hobstop.ee\/lt\/wp-json\/wp\/v2\/types\/product"}],"replies":[{"embeddable":true,"href":"https:\/\/hobstop.ee\/lt\/wp-json\/wp\/v2\/comments?post=264274"}],"wp:featuredmedia":[{"embeddable":true,"href":"https:\/\/hobstop.ee\/lt\/wp-json\/wp\/v2\/media\/264322"}],"wp:attachment":[{"href":"https:\/\/hobstop.ee\/lt\/wp-json\/wp\/v2\/media?parent=264274"}],"wp:term":[{"taxonomy":"product_cat","embeddable":true,"href":"https:\/\/hobstop.ee\/lt\/wp-json\/wp\/v2\/product_cat?post=264274"},{"taxonomy":"product_tag","embeddable":true,"href":"https:\/\/hobstop.ee\/lt\/wp-json\/wp\/v2\/product_tag?post=264274"}],"curies":[{"name":"wp","href":"https:\/\/api.w.org\/{rel}","templated":true}]}}