{"id":264806,"date":"2016-05-13T11:15:38","date_gmt":"2016-05-13T08:15:38","guid":{"rendered":"https:\/\/sharks.ee\/vunder_2019\/lt\/product\/kamstis-ritinyje-rayher-0-8mm\/"},"modified":"2016-05-13T11:15:38","modified_gmt":"2016-05-13T08:15:38","slug":"kamstis-ritinyje-rayher-0-8mm","status":"publish","type":"product","link":"https:\/\/hobstop.ee\/lt\/produktas\/kamstis-ritinyje-rayher-0-8mm\/","title":{"rendered":"Kam\u0161tis ritinyje Rayher 0.8mm"},"content":{"rendered":"<p>Nauj\u0173 ir ekologin\u0119 pusiausvyr\u0105 palaikan\u010di\u0173 med\u017eiag\u0173 naudojimas yra nauja gyvenamosios aplinkos \u012frengimo ir mados tendencija. Kam\u0161tis yra puiki med\u017eiaga k\u016brybingam interjero dekoravimui, praktiniams darbams ir aksesuarams. Ji yra maloni liesti, yra mink\u0161ta ir glotni. Kam\u0161tis yra nat\u016brali med\u017eiaga, jos sud\u0117tyje n\u0117ra chemini\u0173 med\u017eiag\u0173 ir sintetikos. Kam\u0161tis atstumia vanden\u012f ir ne\u0161varumus, gali b\u016bti perdirbtas ir nat\u016braliai suyra.<br \/>\nKam\u0161tin\u0117 med\u017eiaga yra patvari, pana\u0161i \u012f od\u0105. Gaminami dviej\u0173 stori\u0173 lak\u0161tai. Pavir\u0161ius yra padengtas plonu, nat\u016braliu kam\u0161tin\u0117s med\u017eiagos sluoksniu. 0,8 mm storio kam\u0161\u010dio lak\u0161tas padengtas akyto poliuretano ir audinio mi\u0161iniu. Kam\u0161tin\u0117 med\u017eiaga suteikia daug galimybi\u0173 darbui su ja: j\u0105 galima karpyti, si\u016bti, klijuoti, spausti skyles ir perforuoti, tapyti, naudoti kortel\u0117ms ir pan.<\/p>\n","protected":false},"excerpt":{"rendered":"<p>Nauj\u0173 ir ekologin\u0119 pusiausvyr\u0105 palaikan\u010di\u0173 med\u017eiag\u0173 naudojimas yra nauja gyvenamosios aplinkos \u012frengimo ir mados tendencija. Kam\u0161tis yra puiki med\u017eiaga k\u016brybingam interjero dekoravimui, praktiniams darbams ir aksesuarams. Ji yra maloni liesti, yra mink\u0161ta ir glotni. Kam\u0161tis yra nat\u016brali med\u017eiaga, jos sud\u0117tyje n\u0117ra chemini\u0173 med\u017eiag\u0173 ir sintetikos. Kam\u0161tis atstumia vanden\u012f ir ne\u0161varumus, gali b\u016bti perdirbtas ir nat\u016braliai suyra. Kam\u0161tin\u0117 med\u017eiaga yra patvari, pana\u0161i \u012f od\u0105. Gaminami dviej\u0173 stori\u0173 lak\u0161tai. Pavir\u0161ius yra padengtas plonu, nat\u016braliu kam\u0161tin\u0117s med\u017eiagos sluoksniu. 0,8 mm storio kam\u0161\u010dio lak\u0161tas padengtas akyto poliuretano ir audinio mi\u0161iniu. Kam\u0161tin\u0117 med\u017eiaga suteikia daug galimybi\u0173 darbui su ja: j\u0105 galima karpyti, si\u016bti, klijuoti, spausti skyles ir perforuoti, tapyti, naudoti kortel\u0117ms ir pan.<\/p>\n","protected":false},"featured_media":309663,"comment_status":"closed","ping_status":"closed","template":"","meta":{"_acf_changed":false,"ep_exclude_from_search":false},"product_cat":[18983,17969,17919],"product_tag":[],"class_list":{"0":"post-264806","1":"product","2":"type-product","3":"status-publish","4":"has-post-thumbnail","6":"product_cat-ivairus-38","7":"product_cat-kitos-prekes","8":"product_cat-pomegiu-prekes","10":"first","11":"instock","12":"taxable","13":"shipping-taxable","14":"purchasable","15":"product-type-simple"},"acf":[],"yoast_head":"<!-- This site is optimized with the Yoast SEO plugin v24.1 - https:\/\/yoast.com\/wordpress\/plugins\/seo\/ -->\n<title>Kam\u0161tis ritinyje Rayher 0.8mm &#8211; Skizze<\/title>\n<meta name=\"robots\" content=\"noindex, follow, max-snippet:-1, max-image-preview:large, max-video-preview:-1\" \/>\n<meta property=\"og:locale\" content=\"lt_LT\" \/>\n<meta property=\"og:type\" content=\"article\" \/>\n<meta property=\"og:title\" content=\"Kam\u0161tis ritinyje Rayher 0.8mm &#8211; Skizze\" \/>\n<meta property=\"og:description\" content=\"Nauj\u0173 ir ekologin\u0119 pusiausvyr\u0105 palaikan\u010di\u0173 med\u017eiag\u0173 naudojimas yra nauja gyvenamosios aplinkos \u012frengimo ir mados tendencija. Kam\u0161tis yra puiki med\u017eiaga k\u016brybingam interjero dekoravimui, praktiniams darbams ir aksesuarams. Ji yra maloni liesti, yra mink\u0161ta ir glotni. Kam\u0161tis yra nat\u016brali med\u017eiaga, jos sud\u0117tyje n\u0117ra chemini\u0173 med\u017eiag\u0173 ir sintetikos. Kam\u0161tis atstumia vanden\u012f ir ne\u0161varumus, gali b\u016bti perdirbtas ir nat\u016braliai suyra. Kam\u0161tin\u0117 med\u017eiaga yra patvari, pana\u0161i \u012f od\u0105. Gaminami dviej\u0173 stori\u0173 lak\u0161tai. Pavir\u0161ius yra padengtas plonu, nat\u016braliu kam\u0161tin\u0117s med\u017eiagos sluoksniu. 0,8 mm storio kam\u0161\u010dio lak\u0161tas padengtas akyto poliuretano ir audinio mi\u0161iniu. Kam\u0161tin\u0117 med\u017eiaga suteikia daug galimybi\u0173 darbui su ja: j\u0105 galima karpyti, si\u016bti, klijuoti, spausti skyles ir perforuoti, tapyti, naudoti kortel\u0117ms ir pan.\" \/>\n<meta property=\"og:url\" content=\"https:\/\/hobstop.ee\/lt\/produktas\/kamstis-ritinyje-rayher-0-8mm\/\" \/>\n<meta property=\"og:site_name\" content=\"Skizze\" \/>\n<meta property=\"article:publisher\" content=\"http:\/\/www.facebook.com\/VunderSkizze\" \/>\n<meta property=\"og:image\" content=\"https:\/\/hobstop.ee\/media\/4212.jpg\" \/>\n\t<meta property=\"og:image:width\" content=\"1024\" \/>\n\t<meta property=\"og:image:height\" content=\"768\" \/>\n\t<meta property=\"og:image:type\" content=\"image\/jpeg\" \/>\n<meta name=\"twitter:card\" content=\"summary_large_image\" \/>\n<meta name=\"twitter:label1\" content=\"Est. reading time\" \/>\n\t<meta name=\"twitter:data1\" content=\"1 minute\" \/>\n<script type=\"application\/ld+json\" class=\"yoast-schema-graph\">{\"@context\":\"https:\/\/schema.org\",\"@graph\":[{\"@type\":\"WebPage\",\"@id\":\"https:\/\/hobstop.ee\/lt\/produktas\/kamstis-ritinyje-rayher-0-8mm\/\",\"url\":\"https:\/\/hobstop.ee\/lt\/produktas\/kamstis-ritinyje-rayher-0-8mm\/\",\"name\":\"Kam\u0161tis ritinyje Rayher 0.8mm &#8211; Skizze\",\"isPartOf\":{\"@id\":\"https:\/\/hobstop.ee\/lt\/#website\"},\"primaryImageOfPage\":{\"@id\":\"https:\/\/hobstop.ee\/lt\/produktas\/kamstis-ritinyje-rayher-0-8mm\/#primaryimage\"},\"image\":{\"@id\":\"https:\/\/hobstop.ee\/lt\/produktas\/kamstis-ritinyje-rayher-0-8mm\/#primaryimage\"},\"thumbnailUrl\":\"https:\/\/hobstop.ee\/media\/4212.jpg\",\"datePublished\":\"2016-05-13T08:15:38+00:00\",\"dateModified\":\"2016-05-13T08:15:38+00:00\",\"breadcrumb\":{\"@id\":\"https:\/\/hobstop.ee\/lt\/produktas\/kamstis-ritinyje-rayher-0-8mm\/#breadcrumb\"},\"inLanguage\":\"lt\",\"potentialAction\":[{\"@type\":\"ReadAction\",\"target\":[\"https:\/\/hobstop.ee\/lt\/produktas\/kamstis-ritinyje-rayher-0-8mm\/\"]}]},{\"@type\":\"ImageObject\",\"inLanguage\":\"lt\",\"@id\":\"https:\/\/hobstop.ee\/lt\/produktas\/kamstis-ritinyje-rayher-0-8mm\/#primaryimage\",\"url\":\"https:\/\/hobstop.ee\/media\/4212.jpg\",\"contentUrl\":\"https:\/\/hobstop.ee\/media\/4212.jpg\",\"width\":1024,\"height\":768},{\"@type\":\"BreadcrumbList\",\"@id\":\"https:\/\/hobstop.ee\/lt\/produktas\/kamstis-ritinyje-rayher-0-8mm\/#breadcrumb\",\"itemListElement\":[{\"@type\":\"ListItem\",\"position\":1,\"name\":\"Avaleht\",\"item\":\"https:\/\/hobstop.ee\/lt\/\"},{\"@type\":\"ListItem\",\"position\":2,\"name\":\"Parduotuv\u0117\",\"item\":\"https:\/\/hobstop.ee\/lt\/parduotuve\/\"},{\"@type\":\"ListItem\",\"position\":3,\"name\":\"Kam\u0161tis ritinyje Rayher 0.8mm\"}]},{\"@type\":\"WebSite\",\"@id\":\"https:\/\/hobstop.ee\/lt\/#website\",\"url\":\"https:\/\/hobstop.ee\/lt\/\",\"name\":\"Skizze\",\"description\":\"Dail\u0117s, pom\u0117gi\u0173 ir mokykliniai reikm\u0117nys\",\"publisher\":{\"@id\":\"https:\/\/hobstop.ee\/lt\/#organization\"},\"potentialAction\":[{\"@type\":\"SearchAction\",\"target\":{\"@type\":\"EntryPoint\",\"urlTemplate\":\"https:\/\/hobstop.ee\/lt\/?s={search_term_string}\"},\"query-input\":{\"@type\":\"PropertyValueSpecification\",\"valueRequired\":true,\"valueName\":\"search_term_string\"}}],\"inLanguage\":\"lt\"},{\"@type\":\"Organization\",\"@id\":\"https:\/\/hobstop.ee\/lt\/#organization\",\"name\":\"Vunder AS\",\"url\":\"https:\/\/hobstop.ee\/lt\/\",\"logo\":{\"@type\":\"ImageObject\",\"inLanguage\":\"lt\",\"@id\":\"https:\/\/hobstop.ee\/lt\/#\/schema\/logo\/image\/\",\"url\":\"https:\/\/hobstop.ee\/media\/vunder-logo.png\",\"contentUrl\":\"https:\/\/hobstop.ee\/media\/vunder-logo.png\",\"width\":127,\"height\":55,\"caption\":\"Vunder AS\"},\"image\":{\"@id\":\"https:\/\/hobstop.ee\/lt\/#\/schema\/logo\/image\/\"},\"sameAs\":[\"http:\/\/www.facebook.com\/VunderSkizze\"]}]}<\/script>\n<!-- \/ Yoast SEO plugin. -->","yoast_head_json":{"title":"Kam\u0161tis ritinyje Rayher 0.8mm &#8211; Skizze","robots":{"index":"noindex","follow":"follow","max-snippet":"max-snippet:-1","max-image-preview":"max-image-preview:large","max-video-preview":"max-video-preview:-1"},"og_locale":"lt_LT","og_type":"article","og_title":"Kam\u0161tis ritinyje Rayher 0.8mm &#8211; Skizze","og_description":"Nauj\u0173 ir ekologin\u0119 pusiausvyr\u0105 palaikan\u010di\u0173 med\u017eiag\u0173 naudojimas yra nauja gyvenamosios aplinkos \u012frengimo ir mados tendencija. Kam\u0161tis yra puiki med\u017eiaga k\u016brybingam interjero dekoravimui, praktiniams darbams ir aksesuarams. Ji yra maloni liesti, yra mink\u0161ta ir glotni. Kam\u0161tis yra nat\u016brali med\u017eiaga, jos sud\u0117tyje n\u0117ra chemini\u0173 med\u017eiag\u0173 ir sintetikos. Kam\u0161tis atstumia vanden\u012f ir ne\u0161varumus, gali b\u016bti perdirbtas ir nat\u016braliai suyra. Kam\u0161tin\u0117 med\u017eiaga yra patvari, pana\u0161i \u012f od\u0105. Gaminami dviej\u0173 stori\u0173 lak\u0161tai. Pavir\u0161ius yra padengtas plonu, nat\u016braliu kam\u0161tin\u0117s med\u017eiagos sluoksniu. 0,8 mm storio kam\u0161\u010dio lak\u0161tas padengtas akyto poliuretano ir audinio mi\u0161iniu. Kam\u0161tin\u0117 med\u017eiaga suteikia daug galimybi\u0173 darbui su ja: j\u0105 galima karpyti, si\u016bti, klijuoti, spausti skyles ir perforuoti, tapyti, naudoti kortel\u0117ms ir pan.","og_url":"https:\/\/hobstop.ee\/lt\/produktas\/kamstis-ritinyje-rayher-0-8mm\/","og_site_name":"Skizze","article_publisher":"http:\/\/www.facebook.com\/VunderSkizze","og_image":[{"width":1024,"height":768,"url":"https:\/\/hobstop.ee\/media\/4212.jpg","type":"image\/jpeg"}],"twitter_card":"summary_large_image","twitter_misc":{"Est. reading time":"1 minute"},"schema":{"@context":"https:\/\/schema.org","@graph":[{"@type":"WebPage","@id":"https:\/\/hobstop.ee\/lt\/produktas\/kamstis-ritinyje-rayher-0-8mm\/","url":"https:\/\/hobstop.ee\/lt\/produktas\/kamstis-ritinyje-rayher-0-8mm\/","name":"Kam\u0161tis ritinyje Rayher 0.8mm &#8211; Skizze","isPartOf":{"@id":"https:\/\/hobstop.ee\/lt\/#website"},"primaryImageOfPage":{"@id":"https:\/\/hobstop.ee\/lt\/produktas\/kamstis-ritinyje-rayher-0-8mm\/#primaryimage"},"image":{"@id":"https:\/\/hobstop.ee\/lt\/produktas\/kamstis-ritinyje-rayher-0-8mm\/#primaryimage"},"thumbnailUrl":"https:\/\/hobstop.ee\/media\/4212.jpg","datePublished":"2016-05-13T08:15:38+00:00","dateModified":"2016-05-13T08:15:38+00:00","breadcrumb":{"@id":"https:\/\/hobstop.ee\/lt\/produktas\/kamstis-ritinyje-rayher-0-8mm\/#breadcrumb"},"inLanguage":"lt","potentialAction":[{"@type":"ReadAction","target":["https:\/\/hobstop.ee\/lt\/produktas\/kamstis-ritinyje-rayher-0-8mm\/"]}]},{"@type":"ImageObject","inLanguage":"lt","@id":"https:\/\/hobstop.ee\/lt\/produktas\/kamstis-ritinyje-rayher-0-8mm\/#primaryimage","url":"https:\/\/hobstop.ee\/media\/4212.jpg","contentUrl":"https:\/\/hobstop.ee\/media\/4212.jpg","width":1024,"height":768},{"@type":"BreadcrumbList","@id":"https:\/\/hobstop.ee\/lt\/produktas\/kamstis-ritinyje-rayher-0-8mm\/#breadcrumb","itemListElement":[{"@type":"ListItem","position":1,"name":"Avaleht","item":"https:\/\/hobstop.ee\/lt\/"},{"@type":"ListItem","position":2,"name":"Parduotuv\u0117","item":"https:\/\/hobstop.ee\/lt\/parduotuve\/"},{"@type":"ListItem","position":3,"name":"Kam\u0161tis ritinyje Rayher 0.8mm"}]},{"@type":"WebSite","@id":"https:\/\/hobstop.ee\/lt\/#website","url":"https:\/\/hobstop.ee\/lt\/","name":"Skizze","description":"Dail\u0117s, pom\u0117gi\u0173 ir mokykliniai reikm\u0117nys","publisher":{"@id":"https:\/\/hobstop.ee\/lt\/#organization"},"potentialAction":[{"@type":"SearchAction","target":{"@type":"EntryPoint","urlTemplate":"https:\/\/hobstop.ee\/lt\/?s={search_term_string}"},"query-input":{"@type":"PropertyValueSpecification","valueRequired":true,"valueName":"search_term_string"}}],"inLanguage":"lt"},{"@type":"Organization","@id":"https:\/\/hobstop.ee\/lt\/#organization","name":"Vunder AS","url":"https:\/\/hobstop.ee\/lt\/","logo":{"@type":"ImageObject","inLanguage":"lt","@id":"https:\/\/hobstop.ee\/lt\/#\/schema\/logo\/image\/","url":"https:\/\/hobstop.ee\/media\/vunder-logo.png","contentUrl":"https:\/\/hobstop.ee\/media\/vunder-logo.png","width":127,"height":55,"caption":"Vunder AS"},"image":{"@id":"https:\/\/hobstop.ee\/lt\/#\/schema\/logo\/image\/"},"sameAs":["http:\/\/www.facebook.com\/VunderSkizze"]}]}},"_links":{"self":[{"href":"https:\/\/hobstop.ee\/lt\/wp-json\/wp\/v2\/product\/264806","targetHints":{"allow":["GET"]}}],"collection":[{"href":"https:\/\/hobstop.ee\/lt\/wp-json\/wp\/v2\/product"}],"about":[{"href":"https:\/\/hobstop.ee\/lt\/wp-json\/wp\/v2\/types\/product"}],"replies":[{"embeddable":true,"href":"https:\/\/hobstop.ee\/lt\/wp-json\/wp\/v2\/comments?post=264806"}],"wp:featuredmedia":[{"embeddable":true,"href":"https:\/\/hobstop.ee\/lt\/wp-json\/wp\/v2\/media\/309663"}],"wp:attachment":[{"href":"https:\/\/hobstop.ee\/lt\/wp-json\/wp\/v2\/media?parent=264806"}],"wp:term":[{"taxonomy":"product_cat","embeddable":true,"href":"https:\/\/hobstop.ee\/lt\/wp-json\/wp\/v2\/product_cat?post=264806"},{"taxonomy":"product_tag","embeddable":true,"href":"https:\/\/hobstop.ee\/lt\/wp-json\/wp\/v2\/product_tag?post=264806"}],"curies":[{"name":"wp","href":"https:\/\/api.w.org\/{rel}","templated":true}]}}