{"id":264810,"date":"2016-05-13T11:15:39","date_gmt":"2016-05-13T08:15:39","guid":{"rendered":"https:\/\/sharks.ee\/vunder_2019\/lt\/product\/cementas-kurybai-rayher-stalciaus-rankeneles-6vnt-rinkinys\/"},"modified":"2016-05-13T11:15:39","modified_gmt":"2016-05-13T08:15:39","slug":"cementas-kurybai-rayher-stalciaus-rankeneles-6vnt-rinkinys","status":"publish","type":"product","link":"https:\/\/hobstop.ee\/lt\/produktas\/cementas-kurybai-rayher-stalciaus-rankeneles-6vnt-rinkinys\/","title":{"rendered":"Cementas k\u016brybai Rayher stal\u010diaus ranken\u0117l\u0117s 6vnt. rinkinys"},"content":{"rendered":"<p>I\u0161 betono milteli\u0173 lengvai liejami k\u016brybiniai dekoraciniai elementai. I\u0161 neapdoroto ir madingo cemento gal\u0117site pagaminti daug patraukli\u0173 interjero detali\u0173. Tiesiog sumai\u0161ykite miltelius su vandeniu ir supilkite \u012f form\u0105. Rankdarbiams skirtas \u201eRayher\u201c cementas yra atsparus nepalankioms oro s\u0105lygoms ir \u0161al\u010diui.<\/p>\n<p>Rinkinyje yra:<br \/>\nJuvelyrikai skirtas cementas, 200g<br \/>\nFormos, dekoravimo galvut\u0117s su 6 formomis<br \/>\n6 pylimo priedai (tarpikliai, var\u017etai, ver\u017el\u0117s)<br \/>\n6 karoliukai su didel\u0117mis skylut\u0117mis<br \/>\n\u0160vitrinis popierius<br \/>\nRankdarbiams skirta mediena<br \/>\nNaudojimo instrukcija (angl\u0173 kalba)<\/p>\n","protected":false},"excerpt":{"rendered":"<p>I\u0161 betono milteli\u0173 lengvai liejami k\u016brybiniai dekoraciniai elementai. I\u0161 neapdoroto ir madingo cemento gal\u0117site pagaminti daug patraukli\u0173 interjero detali\u0173. Tiesiog sumai\u0161ykite miltelius su vandeniu ir supilkite \u012f form\u0105. Rankdarbiams skirtas \u201eRayher\u201c cementas yra atsparus nepalankioms oro s\u0105lygoms ir \u0161al\u010diui. Rinkinyje yra: Juvelyrikai skirtas cementas, 200g Formos, dekoravimo galvut\u0117s su 6 formomis 6 pylimo priedai (tarpikliai, var\u017etai, ver\u017el\u0117s) 6 karoliukai su didel\u0117mis skylut\u0117mis \u0160vitrinis popierius Rankdarbiams skirta mediena Naudojimo instrukcija (angl\u0173 kalba)<\/p>\n","protected":false},"featured_media":264962,"comment_status":"closed","ping_status":"closed","template":"","meta":{"_acf_changed":false,"ep_exclude_from_search":false},"product_cat":[20090,20087,17919],"product_tag":[],"class_list":{"0":"post-264810","1":"product","2":"type-product","3":"status-publish","4":"has-post-thumbnail","6":"product_cat-cementas-kurybai","7":"product_cat-medziagos-ir-priemones-lipdymui","8":"product_cat-pomegiu-prekes","10":"first","11":"instock","12":"taxable","13":"shipping-taxable","14":"purchasable","15":"product-type-simple"},"acf":[],"yoast_head":"<!-- This site is optimized with the Yoast SEO plugin v24.1 - https:\/\/yoast.com\/wordpress\/plugins\/seo\/ -->\n<title>Cementas k\u016brybai Rayher stal\u010diaus ranken\u0117l\u0117s 6vnt. rinkinys &#8211; Skizze<\/title>\n<meta name=\"robots\" content=\"noindex, follow, max-snippet:-1, max-image-preview:large, max-video-preview:-1\" \/>\n<meta property=\"og:locale\" content=\"lt_LT\" \/>\n<meta property=\"og:type\" content=\"article\" \/>\n<meta property=\"og:title\" content=\"Cementas k\u016brybai Rayher stal\u010diaus ranken\u0117l\u0117s 6vnt. rinkinys &#8211; Skizze\" \/>\n<meta property=\"og:description\" content=\"I\u0161 betono milteli\u0173 lengvai liejami k\u016brybiniai dekoraciniai elementai. I\u0161 neapdoroto ir madingo cemento gal\u0117site pagaminti daug patraukli\u0173 interjero detali\u0173. Tiesiog sumai\u0161ykite miltelius su vandeniu ir supilkite \u012f form\u0105. Rankdarbiams skirtas \u201eRayher\u201c cementas yra atsparus nepalankioms oro s\u0105lygoms ir \u0161al\u010diui. Rinkinyje yra: Juvelyrikai skirtas cementas, 200g Formos, dekoravimo galvut\u0117s su 6 formomis 6 pylimo priedai (tarpikliai, var\u017etai, ver\u017el\u0117s) 6 karoliukai su didel\u0117mis skylut\u0117mis \u0160vitrinis popierius Rankdarbiams skirta mediena Naudojimo instrukcija (angl\u0173 kalba)\" \/>\n<meta property=\"og:url\" content=\"https:\/\/hobstop.ee\/lt\/produktas\/cementas-kurybai-rayher-stalciaus-rankeneles-6vnt-rinkinys\/\" \/>\n<meta property=\"og:site_name\" content=\"Skizze\" \/>\n<meta property=\"article:publisher\" content=\"http:\/\/www.facebook.com\/VunderSkizze\" \/>\n<meta property=\"og:image\" content=\"https:\/\/hobstop.ee\/media\/4226.jpg\" \/>\n\t<meta property=\"og:image:width\" content=\"1024\" \/>\n\t<meta property=\"og:image:height\" content=\"768\" \/>\n\t<meta property=\"og:image:type\" content=\"image\/jpeg\" \/>\n<meta name=\"twitter:card\" content=\"summary_large_image\" \/>\n<script type=\"application\/ld+json\" class=\"yoast-schema-graph\">{\"@context\":\"https:\/\/schema.org\",\"@graph\":[{\"@type\":\"WebPage\",\"@id\":\"https:\/\/hobstop.ee\/lt\/produktas\/cementas-kurybai-rayher-stalciaus-rankeneles-6vnt-rinkinys\/\",\"url\":\"https:\/\/hobstop.ee\/lt\/produktas\/cementas-kurybai-rayher-stalciaus-rankeneles-6vnt-rinkinys\/\",\"name\":\"Cementas k\u016brybai Rayher stal\u010diaus ranken\u0117l\u0117s 6vnt. rinkinys &#8211; Skizze\",\"isPartOf\":{\"@id\":\"https:\/\/www.hobstop.ee\/lt\/#website\"},\"primaryImageOfPage\":{\"@id\":\"https:\/\/hobstop.ee\/lt\/produktas\/cementas-kurybai-rayher-stalciaus-rankeneles-6vnt-rinkinys\/#primaryimage\"},\"image\":{\"@id\":\"https:\/\/hobstop.ee\/lt\/produktas\/cementas-kurybai-rayher-stalciaus-rankeneles-6vnt-rinkinys\/#primaryimage\"},\"thumbnailUrl\":\"https:\/\/hobstop.ee\/media\/4226.jpg\",\"datePublished\":\"2016-05-13T08:15:39+00:00\",\"dateModified\":\"2016-05-13T08:15:39+00:00\",\"breadcrumb\":{\"@id\":\"https:\/\/hobstop.ee\/lt\/produktas\/cementas-kurybai-rayher-stalciaus-rankeneles-6vnt-rinkinys\/#breadcrumb\"},\"inLanguage\":\"lt\",\"potentialAction\":[{\"@type\":\"ReadAction\",\"target\":[\"https:\/\/hobstop.ee\/lt\/produktas\/cementas-kurybai-rayher-stalciaus-rankeneles-6vnt-rinkinys\/\"]}]},{\"@type\":\"ImageObject\",\"inLanguage\":\"lt\",\"@id\":\"https:\/\/hobstop.ee\/lt\/produktas\/cementas-kurybai-rayher-stalciaus-rankeneles-6vnt-rinkinys\/#primaryimage\",\"url\":\"https:\/\/hobstop.ee\/media\/4226.jpg\",\"contentUrl\":\"https:\/\/hobstop.ee\/media\/4226.jpg\",\"width\":1024,\"height\":768},{\"@type\":\"BreadcrumbList\",\"@id\":\"https:\/\/hobstop.ee\/lt\/produktas\/cementas-kurybai-rayher-stalciaus-rankeneles-6vnt-rinkinys\/#breadcrumb\",\"itemListElement\":[{\"@type\":\"ListItem\",\"position\":1,\"name\":\"Avaleht\",\"item\":\"https:\/\/hobstop.ee\/lt\/\"},{\"@type\":\"ListItem\",\"position\":2,\"name\":\"Parduotuv\u0117\",\"item\":\"https:\/\/www.hobstop.ee\/lt\/parduotuve\/\"},{\"@type\":\"ListItem\",\"position\":3,\"name\":\"Cementas k\u016brybai Rayher stal\u010diaus ranken\u0117l\u0117s 6vnt. rinkinys\"}]},{\"@type\":\"WebSite\",\"@id\":\"https:\/\/www.hobstop.ee\/lt\/#website\",\"url\":\"https:\/\/www.hobstop.ee\/lt\/\",\"name\":\"Skizze\",\"description\":\"Dail\u0117s, pom\u0117gi\u0173 ir mokykliniai reikm\u0117nys\",\"publisher\":{\"@id\":\"https:\/\/www.hobstop.ee\/lt\/#organization\"},\"potentialAction\":[{\"@type\":\"SearchAction\",\"target\":{\"@type\":\"EntryPoint\",\"urlTemplate\":\"https:\/\/www.hobstop.ee\/lt\/?s={search_term_string}\"},\"query-input\":{\"@type\":\"PropertyValueSpecification\",\"valueRequired\":true,\"valueName\":\"search_term_string\"}}],\"inLanguage\":\"lt\"},{\"@type\":\"Organization\",\"@id\":\"https:\/\/www.hobstop.ee\/lt\/#organization\",\"name\":\"Vunder AS\",\"url\":\"https:\/\/www.hobstop.ee\/lt\/\",\"logo\":{\"@type\":\"ImageObject\",\"inLanguage\":\"lt\",\"@id\":\"https:\/\/www.hobstop.ee\/lt\/#\/schema\/logo\/image\/\",\"url\":\"https:\/\/hobstop.ee\/media\/vunder-logo.png\",\"contentUrl\":\"https:\/\/hobstop.ee\/media\/vunder-logo.png\",\"width\":127,\"height\":55,\"caption\":\"Vunder AS\"},\"image\":{\"@id\":\"https:\/\/www.hobstop.ee\/lt\/#\/schema\/logo\/image\/\"},\"sameAs\":[\"http:\/\/www.facebook.com\/VunderSkizze\"]}]}<\/script>\n<!-- \/ Yoast SEO plugin. -->","yoast_head_json":{"title":"Cementas k\u016brybai Rayher stal\u010diaus ranken\u0117l\u0117s 6vnt. rinkinys &#8211; Skizze","robots":{"index":"noindex","follow":"follow","max-snippet":"max-snippet:-1","max-image-preview":"max-image-preview:large","max-video-preview":"max-video-preview:-1"},"og_locale":"lt_LT","og_type":"article","og_title":"Cementas k\u016brybai Rayher stal\u010diaus ranken\u0117l\u0117s 6vnt. rinkinys &#8211; Skizze","og_description":"I\u0161 betono milteli\u0173 lengvai liejami k\u016brybiniai dekoraciniai elementai. I\u0161 neapdoroto ir madingo cemento gal\u0117site pagaminti daug patraukli\u0173 interjero detali\u0173. Tiesiog sumai\u0161ykite miltelius su vandeniu ir supilkite \u012f form\u0105. Rankdarbiams skirtas \u201eRayher\u201c cementas yra atsparus nepalankioms oro s\u0105lygoms ir \u0161al\u010diui. Rinkinyje yra: Juvelyrikai skirtas cementas, 200g Formos, dekoravimo galvut\u0117s su 6 formomis 6 pylimo priedai (tarpikliai, var\u017etai, ver\u017el\u0117s) 6 karoliukai su didel\u0117mis skylut\u0117mis \u0160vitrinis popierius Rankdarbiams skirta mediena Naudojimo instrukcija (angl\u0173 kalba)","og_url":"https:\/\/hobstop.ee\/lt\/produktas\/cementas-kurybai-rayher-stalciaus-rankeneles-6vnt-rinkinys\/","og_site_name":"Skizze","article_publisher":"http:\/\/www.facebook.com\/VunderSkizze","og_image":[{"width":1024,"height":768,"url":"https:\/\/hobstop.ee\/media\/4226.jpg","type":"image\/jpeg"}],"twitter_card":"summary_large_image","schema":{"@context":"https:\/\/schema.org","@graph":[{"@type":"WebPage","@id":"https:\/\/hobstop.ee\/lt\/produktas\/cementas-kurybai-rayher-stalciaus-rankeneles-6vnt-rinkinys\/","url":"https:\/\/hobstop.ee\/lt\/produktas\/cementas-kurybai-rayher-stalciaus-rankeneles-6vnt-rinkinys\/","name":"Cementas k\u016brybai Rayher stal\u010diaus ranken\u0117l\u0117s 6vnt. rinkinys &#8211; Skizze","isPartOf":{"@id":"https:\/\/www.hobstop.ee\/lt\/#website"},"primaryImageOfPage":{"@id":"https:\/\/hobstop.ee\/lt\/produktas\/cementas-kurybai-rayher-stalciaus-rankeneles-6vnt-rinkinys\/#primaryimage"},"image":{"@id":"https:\/\/hobstop.ee\/lt\/produktas\/cementas-kurybai-rayher-stalciaus-rankeneles-6vnt-rinkinys\/#primaryimage"},"thumbnailUrl":"https:\/\/hobstop.ee\/media\/4226.jpg","datePublished":"2016-05-13T08:15:39+00:00","dateModified":"2016-05-13T08:15:39+00:00","breadcrumb":{"@id":"https:\/\/hobstop.ee\/lt\/produktas\/cementas-kurybai-rayher-stalciaus-rankeneles-6vnt-rinkinys\/#breadcrumb"},"inLanguage":"lt","potentialAction":[{"@type":"ReadAction","target":["https:\/\/hobstop.ee\/lt\/produktas\/cementas-kurybai-rayher-stalciaus-rankeneles-6vnt-rinkinys\/"]}]},{"@type":"ImageObject","inLanguage":"lt","@id":"https:\/\/hobstop.ee\/lt\/produktas\/cementas-kurybai-rayher-stalciaus-rankeneles-6vnt-rinkinys\/#primaryimage","url":"https:\/\/hobstop.ee\/media\/4226.jpg","contentUrl":"https:\/\/hobstop.ee\/media\/4226.jpg","width":1024,"height":768},{"@type":"BreadcrumbList","@id":"https:\/\/hobstop.ee\/lt\/produktas\/cementas-kurybai-rayher-stalciaus-rankeneles-6vnt-rinkinys\/#breadcrumb","itemListElement":[{"@type":"ListItem","position":1,"name":"Avaleht","item":"https:\/\/hobstop.ee\/lt\/"},{"@type":"ListItem","position":2,"name":"Parduotuv\u0117","item":"https:\/\/www.hobstop.ee\/lt\/parduotuve\/"},{"@type":"ListItem","position":3,"name":"Cementas k\u016brybai Rayher stal\u010diaus ranken\u0117l\u0117s 6vnt. rinkinys"}]},{"@type":"WebSite","@id":"https:\/\/www.hobstop.ee\/lt\/#website","url":"https:\/\/www.hobstop.ee\/lt\/","name":"Skizze","description":"Dail\u0117s, pom\u0117gi\u0173 ir mokykliniai reikm\u0117nys","publisher":{"@id":"https:\/\/www.hobstop.ee\/lt\/#organization"},"potentialAction":[{"@type":"SearchAction","target":{"@type":"EntryPoint","urlTemplate":"https:\/\/www.hobstop.ee\/lt\/?s={search_term_string}"},"query-input":{"@type":"PropertyValueSpecification","valueRequired":true,"valueName":"search_term_string"}}],"inLanguage":"lt"},{"@type":"Organization","@id":"https:\/\/www.hobstop.ee\/lt\/#organization","name":"Vunder AS","url":"https:\/\/www.hobstop.ee\/lt\/","logo":{"@type":"ImageObject","inLanguage":"lt","@id":"https:\/\/www.hobstop.ee\/lt\/#\/schema\/logo\/image\/","url":"https:\/\/hobstop.ee\/media\/vunder-logo.png","contentUrl":"https:\/\/hobstop.ee\/media\/vunder-logo.png","width":127,"height":55,"caption":"Vunder AS"},"image":{"@id":"https:\/\/www.hobstop.ee\/lt\/#\/schema\/logo\/image\/"},"sameAs":["http:\/\/www.facebook.com\/VunderSkizze"]}]}},"_links":{"self":[{"href":"https:\/\/hobstop.ee\/lt\/wp-json\/wp\/v2\/product\/264810","targetHints":{"allow":["GET"]}}],"collection":[{"href":"https:\/\/hobstop.ee\/lt\/wp-json\/wp\/v2\/product"}],"about":[{"href":"https:\/\/hobstop.ee\/lt\/wp-json\/wp\/v2\/types\/product"}],"replies":[{"embeddable":true,"href":"https:\/\/hobstop.ee\/lt\/wp-json\/wp\/v2\/comments?post=264810"}],"wp:featuredmedia":[{"embeddable":true,"href":"https:\/\/hobstop.ee\/lt\/wp-json\/wp\/v2\/media\/264962"}],"wp:attachment":[{"href":"https:\/\/hobstop.ee\/lt\/wp-json\/wp\/v2\/media?parent=264810"}],"wp:term":[{"taxonomy":"product_cat","embeddable":true,"href":"https:\/\/hobstop.ee\/lt\/wp-json\/wp\/v2\/product_cat?post=264810"},{"taxonomy":"product_tag","embeddable":true,"href":"https:\/\/hobstop.ee\/lt\/wp-json\/wp\/v2\/product_tag?post=264810"}],"curies":[{"name":"wp","href":"https:\/\/api.w.org\/{rel}","templated":true}]}}