{"id":264814,"date":"2016-05-13T11:15:40","date_gmt":"2016-05-13T08:15:40","guid":{"rendered":"https:\/\/sharks.ee\/vunder_2019\/lt\/product\/tattoo-snazaroo\/"},"modified":"2016-05-13T11:15:40","modified_gmt":"2016-05-13T08:15:40","slug":"tattoo-snazaroo","status":"publish","type":"product","link":"https:\/\/hobstop.ee\/lt\/produktas\/tattoo-snazaroo\/","title":{"rendered":"Tattoo Snazaroo"},"content":{"rendered":"<p>Laikinos tatuiruot\u0117s suteikia daug d\u017eiaugsmo ir atrodo nuostabiai! Nuostabaus dizaino laikinos \u201eSnazaroo\u201c tatuiruot\u0117s, tinka ir mergait\u0117ms, ir berniukams. Jos yra greitai ir lengvai prilipinamos \u2013 prid\u0117kite ant vaiko odos, ant vir\u0161aus u\u017ed\u0117kite dr\u0117gn\u0105 audinio atrai\u017e\u0105, palaukite 60 sekund\u017ei\u0173, nupl\u0117\u0161kite popieri\u0173 ir g\u0117r\u0117kit\u0117s! Vaikai jas prisilipinti gali ir patys! \u017daidimo gale tatuiruotes galima nuplauti vandeniu ir muilu. Puikiai tinka \u0161vent\u0117ms, nakvojant pas draugus ir kasdieniniams \u017eaidimams.<\/p>\n","protected":false},"excerpt":{"rendered":"<p>Laikinos tatuiruot\u0117s suteikia daug d\u017eiaugsmo ir atrodo nuostabiai! Nuostabaus dizaino laikinos \u201eSnazaroo\u201c tatuiruot\u0117s, tinka ir mergait\u0117ms, ir berniukams. Jos yra greitai ir lengvai prilipinamos \u2013 prid\u0117kite ant vaiko odos, ant vir\u0161aus u\u017ed\u0117kite dr\u0117gn\u0105 audinio atrai\u017e\u0105, palaukite 60 sekund\u017ei\u0173, nupl\u0117\u0161kite popieri\u0173 ir g\u0117r\u0117kit\u0117s! Vaikai jas prisilipinti gali ir patys! \u017daidimo gale tatuiruotes galima nuplauti vandeniu ir muilu. Puikiai tinka \u0161vent\u0117ms, nakvojant pas draugus ir kasdieniniams \u017eaidimams.<\/p>\n","protected":false},"featured_media":264966,"comment_status":"closed","ping_status":"closed","template":"","meta":{"_acf_changed":false,"ep_exclude_from_search":false},"product_cat":[18929,18968,17919],"product_tag":[],"class_list":{"0":"post-264814","1":"product","2":"type-product","3":"status-publish","4":"has-post-thumbnail","6":"product_cat-dazai-kunui-dazyti","7":"product_cat-ivairus-36","8":"product_cat-pomegiu-prekes","10":"first","11":"instock","12":"taxable","13":"shipping-taxable","14":"purchasable","15":"product-type-simple"},"acf":[],"yoast_head":"<!-- This site is optimized with the Yoast SEO plugin v24.1 - https:\/\/yoast.com\/wordpress\/plugins\/seo\/ -->\n<title>Tattoo Snazaroo &#8211; Skizze<\/title>\n<meta name=\"robots\" content=\"noindex, follow, max-snippet:-1, max-image-preview:large, max-video-preview:-1\" \/>\n<meta property=\"og:locale\" content=\"lt_LT\" \/>\n<meta property=\"og:type\" content=\"article\" \/>\n<meta property=\"og:title\" content=\"Tattoo Snazaroo &#8211; Skizze\" \/>\n<meta property=\"og:description\" content=\"Laikinos tatuiruot\u0117s suteikia daug d\u017eiaugsmo ir atrodo nuostabiai! Nuostabaus dizaino laikinos \u201eSnazaroo\u201c tatuiruot\u0117s, tinka ir mergait\u0117ms, ir berniukams. Jos yra greitai ir lengvai prilipinamos \u2013 prid\u0117kite ant vaiko odos, ant vir\u0161aus u\u017ed\u0117kite dr\u0117gn\u0105 audinio atrai\u017e\u0105, palaukite 60 sekund\u017ei\u0173, nupl\u0117\u0161kite popieri\u0173 ir g\u0117r\u0117kit\u0117s! Vaikai jas prisilipinti gali ir patys! \u017daidimo gale tatuiruotes galima nuplauti vandeniu ir muilu. Puikiai tinka \u0161vent\u0117ms, nakvojant pas draugus ir kasdieniniams \u017eaidimams.\" \/>\n<meta property=\"og:url\" content=\"https:\/\/hobstop.ee\/lt\/produktas\/tattoo-snazaroo\/\" \/>\n<meta property=\"og:site_name\" content=\"Skizze\" \/>\n<meta property=\"article:publisher\" content=\"http:\/\/www.facebook.com\/VunderSkizze\" \/>\n<meta property=\"og:image\" content=\"https:\/\/hobstop.ee\/media\/4285.jpg\" \/>\n\t<meta property=\"og:image:width\" content=\"1024\" \/>\n\t<meta property=\"og:image:height\" content=\"768\" \/>\n\t<meta property=\"og:image:type\" content=\"image\/jpeg\" \/>\n<meta name=\"twitter:card\" content=\"summary_large_image\" \/>\n<script type=\"application\/ld+json\" class=\"yoast-schema-graph\">{\"@context\":\"https:\/\/schema.org\",\"@graph\":[{\"@type\":\"WebPage\",\"@id\":\"https:\/\/hobstop.ee\/lt\/produktas\/tattoo-snazaroo\/\",\"url\":\"https:\/\/hobstop.ee\/lt\/produktas\/tattoo-snazaroo\/\",\"name\":\"Tattoo Snazaroo &#8211; Skizze\",\"isPartOf\":{\"@id\":\"https:\/\/hobstop.ee\/lt\/#website\"},\"primaryImageOfPage\":{\"@id\":\"https:\/\/hobstop.ee\/lt\/produktas\/tattoo-snazaroo\/#primaryimage\"},\"image\":{\"@id\":\"https:\/\/hobstop.ee\/lt\/produktas\/tattoo-snazaroo\/#primaryimage\"},\"thumbnailUrl\":\"https:\/\/hobstop.ee\/media\/4285.jpg\",\"datePublished\":\"2016-05-13T08:15:40+00:00\",\"dateModified\":\"2016-05-13T08:15:40+00:00\",\"breadcrumb\":{\"@id\":\"https:\/\/hobstop.ee\/lt\/produktas\/tattoo-snazaroo\/#breadcrumb\"},\"inLanguage\":\"lt\",\"potentialAction\":[{\"@type\":\"ReadAction\",\"target\":[\"https:\/\/hobstop.ee\/lt\/produktas\/tattoo-snazaroo\/\"]}]},{\"@type\":\"ImageObject\",\"inLanguage\":\"lt\",\"@id\":\"https:\/\/hobstop.ee\/lt\/produktas\/tattoo-snazaroo\/#primaryimage\",\"url\":\"https:\/\/hobstop.ee\/media\/4285.jpg\",\"contentUrl\":\"https:\/\/hobstop.ee\/media\/4285.jpg\",\"width\":1024,\"height\":768},{\"@type\":\"BreadcrumbList\",\"@id\":\"https:\/\/hobstop.ee\/lt\/produktas\/tattoo-snazaroo\/#breadcrumb\",\"itemListElement\":[{\"@type\":\"ListItem\",\"position\":1,\"name\":\"Avaleht\",\"item\":\"https:\/\/hobstop.ee\/lt\/\"},{\"@type\":\"ListItem\",\"position\":2,\"name\":\"Parduotuv\u0117\",\"item\":\"https:\/\/hobstop.ee\/lt\/parduotuve\/\"},{\"@type\":\"ListItem\",\"position\":3,\"name\":\"Tattoo Snazaroo\"}]},{\"@type\":\"WebSite\",\"@id\":\"https:\/\/hobstop.ee\/lt\/#website\",\"url\":\"https:\/\/hobstop.ee\/lt\/\",\"name\":\"Skizze\",\"description\":\"Dail\u0117s, pom\u0117gi\u0173 ir mokykliniai reikm\u0117nys\",\"publisher\":{\"@id\":\"https:\/\/hobstop.ee\/lt\/#organization\"},\"potentialAction\":[{\"@type\":\"SearchAction\",\"target\":{\"@type\":\"EntryPoint\",\"urlTemplate\":\"https:\/\/hobstop.ee\/lt\/?s={search_term_string}\"},\"query-input\":{\"@type\":\"PropertyValueSpecification\",\"valueRequired\":true,\"valueName\":\"search_term_string\"}}],\"inLanguage\":\"lt\"},{\"@type\":\"Organization\",\"@id\":\"https:\/\/hobstop.ee\/lt\/#organization\",\"name\":\"Vunder AS\",\"url\":\"https:\/\/hobstop.ee\/lt\/\",\"logo\":{\"@type\":\"ImageObject\",\"inLanguage\":\"lt\",\"@id\":\"https:\/\/hobstop.ee\/lt\/#\/schema\/logo\/image\/\",\"url\":\"https:\/\/hobstop.ee\/media\/vunder-logo.png\",\"contentUrl\":\"https:\/\/hobstop.ee\/media\/vunder-logo.png\",\"width\":127,\"height\":55,\"caption\":\"Vunder AS\"},\"image\":{\"@id\":\"https:\/\/hobstop.ee\/lt\/#\/schema\/logo\/image\/\"},\"sameAs\":[\"http:\/\/www.facebook.com\/VunderSkizze\"]}]}<\/script>\n<!-- \/ Yoast SEO plugin. -->","yoast_head_json":{"title":"Tattoo Snazaroo &#8211; Skizze","robots":{"index":"noindex","follow":"follow","max-snippet":"max-snippet:-1","max-image-preview":"max-image-preview:large","max-video-preview":"max-video-preview:-1"},"og_locale":"lt_LT","og_type":"article","og_title":"Tattoo Snazaroo &#8211; Skizze","og_description":"Laikinos tatuiruot\u0117s suteikia daug d\u017eiaugsmo ir atrodo nuostabiai! Nuostabaus dizaino laikinos \u201eSnazaroo\u201c tatuiruot\u0117s, tinka ir mergait\u0117ms, ir berniukams. Jos yra greitai ir lengvai prilipinamos \u2013 prid\u0117kite ant vaiko odos, ant vir\u0161aus u\u017ed\u0117kite dr\u0117gn\u0105 audinio atrai\u017e\u0105, palaukite 60 sekund\u017ei\u0173, nupl\u0117\u0161kite popieri\u0173 ir g\u0117r\u0117kit\u0117s! Vaikai jas prisilipinti gali ir patys! \u017daidimo gale tatuiruotes galima nuplauti vandeniu ir muilu. Puikiai tinka \u0161vent\u0117ms, nakvojant pas draugus ir kasdieniniams \u017eaidimams.","og_url":"https:\/\/hobstop.ee\/lt\/produktas\/tattoo-snazaroo\/","og_site_name":"Skizze","article_publisher":"http:\/\/www.facebook.com\/VunderSkizze","og_image":[{"width":1024,"height":768,"url":"https:\/\/hobstop.ee\/media\/4285.jpg","type":"image\/jpeg"}],"twitter_card":"summary_large_image","schema":{"@context":"https:\/\/schema.org","@graph":[{"@type":"WebPage","@id":"https:\/\/hobstop.ee\/lt\/produktas\/tattoo-snazaroo\/","url":"https:\/\/hobstop.ee\/lt\/produktas\/tattoo-snazaroo\/","name":"Tattoo Snazaroo &#8211; Skizze","isPartOf":{"@id":"https:\/\/hobstop.ee\/lt\/#website"},"primaryImageOfPage":{"@id":"https:\/\/hobstop.ee\/lt\/produktas\/tattoo-snazaroo\/#primaryimage"},"image":{"@id":"https:\/\/hobstop.ee\/lt\/produktas\/tattoo-snazaroo\/#primaryimage"},"thumbnailUrl":"https:\/\/hobstop.ee\/media\/4285.jpg","datePublished":"2016-05-13T08:15:40+00:00","dateModified":"2016-05-13T08:15:40+00:00","breadcrumb":{"@id":"https:\/\/hobstop.ee\/lt\/produktas\/tattoo-snazaroo\/#breadcrumb"},"inLanguage":"lt","potentialAction":[{"@type":"ReadAction","target":["https:\/\/hobstop.ee\/lt\/produktas\/tattoo-snazaroo\/"]}]},{"@type":"ImageObject","inLanguage":"lt","@id":"https:\/\/hobstop.ee\/lt\/produktas\/tattoo-snazaroo\/#primaryimage","url":"https:\/\/hobstop.ee\/media\/4285.jpg","contentUrl":"https:\/\/hobstop.ee\/media\/4285.jpg","width":1024,"height":768},{"@type":"BreadcrumbList","@id":"https:\/\/hobstop.ee\/lt\/produktas\/tattoo-snazaroo\/#breadcrumb","itemListElement":[{"@type":"ListItem","position":1,"name":"Avaleht","item":"https:\/\/hobstop.ee\/lt\/"},{"@type":"ListItem","position":2,"name":"Parduotuv\u0117","item":"https:\/\/hobstop.ee\/lt\/parduotuve\/"},{"@type":"ListItem","position":3,"name":"Tattoo Snazaroo"}]},{"@type":"WebSite","@id":"https:\/\/hobstop.ee\/lt\/#website","url":"https:\/\/hobstop.ee\/lt\/","name":"Skizze","description":"Dail\u0117s, pom\u0117gi\u0173 ir mokykliniai reikm\u0117nys","publisher":{"@id":"https:\/\/hobstop.ee\/lt\/#organization"},"potentialAction":[{"@type":"SearchAction","target":{"@type":"EntryPoint","urlTemplate":"https:\/\/hobstop.ee\/lt\/?s={search_term_string}"},"query-input":{"@type":"PropertyValueSpecification","valueRequired":true,"valueName":"search_term_string"}}],"inLanguage":"lt"},{"@type":"Organization","@id":"https:\/\/hobstop.ee\/lt\/#organization","name":"Vunder AS","url":"https:\/\/hobstop.ee\/lt\/","logo":{"@type":"ImageObject","inLanguage":"lt","@id":"https:\/\/hobstop.ee\/lt\/#\/schema\/logo\/image\/","url":"https:\/\/hobstop.ee\/media\/vunder-logo.png","contentUrl":"https:\/\/hobstop.ee\/media\/vunder-logo.png","width":127,"height":55,"caption":"Vunder AS"},"image":{"@id":"https:\/\/hobstop.ee\/lt\/#\/schema\/logo\/image\/"},"sameAs":["http:\/\/www.facebook.com\/VunderSkizze"]}]}},"_links":{"self":[{"href":"https:\/\/hobstop.ee\/lt\/wp-json\/wp\/v2\/product\/264814","targetHints":{"allow":["GET"]}}],"collection":[{"href":"https:\/\/hobstop.ee\/lt\/wp-json\/wp\/v2\/product"}],"about":[{"href":"https:\/\/hobstop.ee\/lt\/wp-json\/wp\/v2\/types\/product"}],"replies":[{"embeddable":true,"href":"https:\/\/hobstop.ee\/lt\/wp-json\/wp\/v2\/comments?post=264814"}],"wp:featuredmedia":[{"embeddable":true,"href":"https:\/\/hobstop.ee\/lt\/wp-json\/wp\/v2\/media\/264966"}],"wp:attachment":[{"href":"https:\/\/hobstop.ee\/lt\/wp-json\/wp\/v2\/media?parent=264814"}],"wp:term":[{"taxonomy":"product_cat","embeddable":true,"href":"https:\/\/hobstop.ee\/lt\/wp-json\/wp\/v2\/product_cat?post=264814"},{"taxonomy":"product_tag","embeddable":true,"href":"https:\/\/hobstop.ee\/lt\/wp-json\/wp\/v2\/product_tag?post=264814"}],"curies":[{"name":"wp","href":"https:\/\/api.w.org\/{rel}","templated":true}]}}