{"id":264818,"date":"2016-05-13T11:15:41","date_gmt":"2016-05-13T08:15:41","guid":{"rendered":"https:\/\/sharks.ee\/vunder_2019\/lt\/product\/tattoo-aladine\/"},"modified":"2016-05-13T11:15:41","modified_gmt":"2016-05-13T08:15:41","slug":"tattoo-aladine","status":"publish","type":"product","link":"https:\/\/hobstop.ee\/lt\/produktas\/tattoo-aladine\/","title":{"rendered":"Tattoo Aladine"},"content":{"rendered":"<p>Laikinos tatuiruot\u0117s suteikia daug d\u017eiaugsmo ir atrodo nuostabiai! Nuostabi\u0173 ra\u0161t\u0173 tatuiruo\u010di\u0173 lipdukai \u201eAladine\u201c tinka berniukams ir mergait\u0117ms, suaugusiems ir vaikams. Jos yra greitai ir lengvai prilipinamos \u2013 prid\u0117kite ant \u0161varios ir sausos odos, ant lipduko u\u017ed\u0117kite dr\u0117gn\u0105 audinio atrai\u017e\u0105, palaukite 15 sekund\u017ei\u0173, l\u0117tai nupl\u0117\u0161kite popieri\u0173 ir g\u0117r\u0117kit\u0117s! Lengvas b\u016bdas \u201ei\u0161sitatuiruoti\u201c 4\u20135 dienoms!<\/p>\n","protected":false},"excerpt":{"rendered":"<p>Laikinos tatuiruot\u0117s suteikia daug d\u017eiaugsmo ir atrodo nuostabiai! Nuostabi\u0173 ra\u0161t\u0173 tatuiruo\u010di\u0173 lipdukai \u201eAladine\u201c tinka berniukams ir mergait\u0117ms, suaugusiems ir vaikams. Jos yra greitai ir lengvai prilipinamos \u2013 prid\u0117kite ant \u0161varios ir sausos odos, ant lipduko u\u017ed\u0117kite dr\u0117gn\u0105 audinio atrai\u017e\u0105, palaukite 15 sekund\u017ei\u0173, l\u0117tai nupl\u0117\u0161kite popieri\u0173 ir g\u0117r\u0117kit\u0117s! Lengvas b\u016bdas \u201ei\u0161sitatuiruoti\u201c 4\u20135 dienoms!<\/p>\n","protected":false},"featured_media":264970,"comment_status":"closed","ping_status":"closed","template":"","meta":{"_acf_changed":false,"ep_exclude_from_search":false},"product_cat":[18929,18968,17919],"product_tag":[],"class_list":{"0":"post-264818","1":"product","2":"type-product","3":"status-publish","4":"has-post-thumbnail","6":"product_cat-dazai-kunui-dazyti","7":"product_cat-ivairus-36","8":"product_cat-pomegiu-prekes","10":"first","11":"outofstock","12":"taxable","13":"shipping-taxable","14":"purchasable","15":"product-type-simple"},"acf":[],"yoast_head":"<!-- This site is optimized with the Yoast SEO plugin v24.1 - https:\/\/yoast.com\/wordpress\/plugins\/seo\/ -->\n<title>Tattoo Aladine &#8211; Skizze<\/title>\n<meta name=\"robots\" content=\"noindex, follow, max-snippet:-1, max-image-preview:large, max-video-preview:-1\" \/>\n<meta property=\"og:locale\" content=\"lt_LT\" \/>\n<meta property=\"og:type\" content=\"article\" \/>\n<meta property=\"og:title\" content=\"Tattoo Aladine &#8211; Skizze\" \/>\n<meta property=\"og:description\" content=\"Laikinos tatuiruot\u0117s suteikia daug d\u017eiaugsmo ir atrodo nuostabiai! Nuostabi\u0173 ra\u0161t\u0173 tatuiruo\u010di\u0173 lipdukai \u201eAladine\u201c tinka berniukams ir mergait\u0117ms, suaugusiems ir vaikams. Jos yra greitai ir lengvai prilipinamos \u2013 prid\u0117kite ant \u0161varios ir sausos odos, ant lipduko u\u017ed\u0117kite dr\u0117gn\u0105 audinio atrai\u017e\u0105, palaukite 15 sekund\u017ei\u0173, l\u0117tai nupl\u0117\u0161kite popieri\u0173 ir g\u0117r\u0117kit\u0117s! Lengvas b\u016bdas \u201ei\u0161sitatuiruoti\u201c 4\u20135 dienoms!\" \/>\n<meta property=\"og:url\" content=\"https:\/\/hobstop.ee\/lt\/produktas\/tattoo-aladine\/\" \/>\n<meta property=\"og:site_name\" content=\"Skizze\" \/>\n<meta property=\"article:publisher\" content=\"http:\/\/www.facebook.com\/VunderSkizze\" \/>\n<meta property=\"og:image\" content=\"https:\/\/hobstop.ee\/media\/4286.jpg\" \/>\n\t<meta property=\"og:image:width\" content=\"1024\" \/>\n\t<meta property=\"og:image:height\" content=\"768\" \/>\n\t<meta property=\"og:image:type\" content=\"image\/jpeg\" \/>\n<meta name=\"twitter:card\" content=\"summary_large_image\" \/>\n<script type=\"application\/ld+json\" class=\"yoast-schema-graph\">{\"@context\":\"https:\/\/schema.org\",\"@graph\":[{\"@type\":\"WebPage\",\"@id\":\"https:\/\/hobstop.ee\/lt\/produktas\/tattoo-aladine\/\",\"url\":\"https:\/\/hobstop.ee\/lt\/produktas\/tattoo-aladine\/\",\"name\":\"Tattoo Aladine &#8211; Skizze\",\"isPartOf\":{\"@id\":\"https:\/\/hobstop.ee\/lt\/#website\"},\"primaryImageOfPage\":{\"@id\":\"https:\/\/hobstop.ee\/lt\/produktas\/tattoo-aladine\/#primaryimage\"},\"image\":{\"@id\":\"https:\/\/hobstop.ee\/lt\/produktas\/tattoo-aladine\/#primaryimage\"},\"thumbnailUrl\":\"https:\/\/hobstop.ee\/media\/4286.jpg\",\"datePublished\":\"2016-05-13T08:15:41+00:00\",\"dateModified\":\"2016-05-13T08:15:41+00:00\",\"breadcrumb\":{\"@id\":\"https:\/\/hobstop.ee\/lt\/produktas\/tattoo-aladine\/#breadcrumb\"},\"inLanguage\":\"lt\",\"potentialAction\":[{\"@type\":\"ReadAction\",\"target\":[\"https:\/\/hobstop.ee\/lt\/produktas\/tattoo-aladine\/\"]}]},{\"@type\":\"ImageObject\",\"inLanguage\":\"lt\",\"@id\":\"https:\/\/hobstop.ee\/lt\/produktas\/tattoo-aladine\/#primaryimage\",\"url\":\"https:\/\/hobstop.ee\/media\/4286.jpg\",\"contentUrl\":\"https:\/\/hobstop.ee\/media\/4286.jpg\",\"width\":1024,\"height\":768},{\"@type\":\"BreadcrumbList\",\"@id\":\"https:\/\/hobstop.ee\/lt\/produktas\/tattoo-aladine\/#breadcrumb\",\"itemListElement\":[{\"@type\":\"ListItem\",\"position\":1,\"name\":\"Avaleht\",\"item\":\"https:\/\/hobstop.ee\/lt\/\"},{\"@type\":\"ListItem\",\"position\":2,\"name\":\"Parduotuv\u0117\",\"item\":\"https:\/\/hobstop.ee\/lt\/parduotuve\/\"},{\"@type\":\"ListItem\",\"position\":3,\"name\":\"Tattoo Aladine\"}]},{\"@type\":\"WebSite\",\"@id\":\"https:\/\/hobstop.ee\/lt\/#website\",\"url\":\"https:\/\/hobstop.ee\/lt\/\",\"name\":\"Skizze\",\"description\":\"Dail\u0117s, pom\u0117gi\u0173 ir mokykliniai reikm\u0117nys\",\"publisher\":{\"@id\":\"https:\/\/hobstop.ee\/lt\/#organization\"},\"potentialAction\":[{\"@type\":\"SearchAction\",\"target\":{\"@type\":\"EntryPoint\",\"urlTemplate\":\"https:\/\/hobstop.ee\/lt\/?s={search_term_string}\"},\"query-input\":{\"@type\":\"PropertyValueSpecification\",\"valueRequired\":true,\"valueName\":\"search_term_string\"}}],\"inLanguage\":\"lt\"},{\"@type\":\"Organization\",\"@id\":\"https:\/\/hobstop.ee\/lt\/#organization\",\"name\":\"Vunder AS\",\"url\":\"https:\/\/hobstop.ee\/lt\/\",\"logo\":{\"@type\":\"ImageObject\",\"inLanguage\":\"lt\",\"@id\":\"https:\/\/hobstop.ee\/lt\/#\/schema\/logo\/image\/\",\"url\":\"https:\/\/hobstop.ee\/media\/vunder-logo.png\",\"contentUrl\":\"https:\/\/hobstop.ee\/media\/vunder-logo.png\",\"width\":127,\"height\":55,\"caption\":\"Vunder AS\"},\"image\":{\"@id\":\"https:\/\/hobstop.ee\/lt\/#\/schema\/logo\/image\/\"},\"sameAs\":[\"http:\/\/www.facebook.com\/VunderSkizze\"]}]}<\/script>\n<!-- \/ Yoast SEO plugin. -->","yoast_head_json":{"title":"Tattoo Aladine &#8211; Skizze","robots":{"index":"noindex","follow":"follow","max-snippet":"max-snippet:-1","max-image-preview":"max-image-preview:large","max-video-preview":"max-video-preview:-1"},"og_locale":"lt_LT","og_type":"article","og_title":"Tattoo Aladine &#8211; Skizze","og_description":"Laikinos tatuiruot\u0117s suteikia daug d\u017eiaugsmo ir atrodo nuostabiai! Nuostabi\u0173 ra\u0161t\u0173 tatuiruo\u010di\u0173 lipdukai \u201eAladine\u201c tinka berniukams ir mergait\u0117ms, suaugusiems ir vaikams. Jos yra greitai ir lengvai prilipinamos \u2013 prid\u0117kite ant \u0161varios ir sausos odos, ant lipduko u\u017ed\u0117kite dr\u0117gn\u0105 audinio atrai\u017e\u0105, palaukite 15 sekund\u017ei\u0173, l\u0117tai nupl\u0117\u0161kite popieri\u0173 ir g\u0117r\u0117kit\u0117s! Lengvas b\u016bdas \u201ei\u0161sitatuiruoti\u201c 4\u20135 dienoms!","og_url":"https:\/\/hobstop.ee\/lt\/produktas\/tattoo-aladine\/","og_site_name":"Skizze","article_publisher":"http:\/\/www.facebook.com\/VunderSkizze","og_image":[{"width":1024,"height":768,"url":"https:\/\/hobstop.ee\/media\/4286.jpg","type":"image\/jpeg"}],"twitter_card":"summary_large_image","schema":{"@context":"https:\/\/schema.org","@graph":[{"@type":"WebPage","@id":"https:\/\/hobstop.ee\/lt\/produktas\/tattoo-aladine\/","url":"https:\/\/hobstop.ee\/lt\/produktas\/tattoo-aladine\/","name":"Tattoo Aladine &#8211; Skizze","isPartOf":{"@id":"https:\/\/hobstop.ee\/lt\/#website"},"primaryImageOfPage":{"@id":"https:\/\/hobstop.ee\/lt\/produktas\/tattoo-aladine\/#primaryimage"},"image":{"@id":"https:\/\/hobstop.ee\/lt\/produktas\/tattoo-aladine\/#primaryimage"},"thumbnailUrl":"https:\/\/hobstop.ee\/media\/4286.jpg","datePublished":"2016-05-13T08:15:41+00:00","dateModified":"2016-05-13T08:15:41+00:00","breadcrumb":{"@id":"https:\/\/hobstop.ee\/lt\/produktas\/tattoo-aladine\/#breadcrumb"},"inLanguage":"lt","potentialAction":[{"@type":"ReadAction","target":["https:\/\/hobstop.ee\/lt\/produktas\/tattoo-aladine\/"]}]},{"@type":"ImageObject","inLanguage":"lt","@id":"https:\/\/hobstop.ee\/lt\/produktas\/tattoo-aladine\/#primaryimage","url":"https:\/\/hobstop.ee\/media\/4286.jpg","contentUrl":"https:\/\/hobstop.ee\/media\/4286.jpg","width":1024,"height":768},{"@type":"BreadcrumbList","@id":"https:\/\/hobstop.ee\/lt\/produktas\/tattoo-aladine\/#breadcrumb","itemListElement":[{"@type":"ListItem","position":1,"name":"Avaleht","item":"https:\/\/hobstop.ee\/lt\/"},{"@type":"ListItem","position":2,"name":"Parduotuv\u0117","item":"https:\/\/hobstop.ee\/lt\/parduotuve\/"},{"@type":"ListItem","position":3,"name":"Tattoo Aladine"}]},{"@type":"WebSite","@id":"https:\/\/hobstop.ee\/lt\/#website","url":"https:\/\/hobstop.ee\/lt\/","name":"Skizze","description":"Dail\u0117s, pom\u0117gi\u0173 ir mokykliniai reikm\u0117nys","publisher":{"@id":"https:\/\/hobstop.ee\/lt\/#organization"},"potentialAction":[{"@type":"SearchAction","target":{"@type":"EntryPoint","urlTemplate":"https:\/\/hobstop.ee\/lt\/?s={search_term_string}"},"query-input":{"@type":"PropertyValueSpecification","valueRequired":true,"valueName":"search_term_string"}}],"inLanguage":"lt"},{"@type":"Organization","@id":"https:\/\/hobstop.ee\/lt\/#organization","name":"Vunder AS","url":"https:\/\/hobstop.ee\/lt\/","logo":{"@type":"ImageObject","inLanguage":"lt","@id":"https:\/\/hobstop.ee\/lt\/#\/schema\/logo\/image\/","url":"https:\/\/hobstop.ee\/media\/vunder-logo.png","contentUrl":"https:\/\/hobstop.ee\/media\/vunder-logo.png","width":127,"height":55,"caption":"Vunder AS"},"image":{"@id":"https:\/\/hobstop.ee\/lt\/#\/schema\/logo\/image\/"},"sameAs":["http:\/\/www.facebook.com\/VunderSkizze"]}]}},"_links":{"self":[{"href":"https:\/\/hobstop.ee\/lt\/wp-json\/wp\/v2\/product\/264818","targetHints":{"allow":["GET"]}}],"collection":[{"href":"https:\/\/hobstop.ee\/lt\/wp-json\/wp\/v2\/product"}],"about":[{"href":"https:\/\/hobstop.ee\/lt\/wp-json\/wp\/v2\/types\/product"}],"replies":[{"embeddable":true,"href":"https:\/\/hobstop.ee\/lt\/wp-json\/wp\/v2\/comments?post=264818"}],"wp:featuredmedia":[{"embeddable":true,"href":"https:\/\/hobstop.ee\/lt\/wp-json\/wp\/v2\/media\/264970"}],"wp:attachment":[{"href":"https:\/\/hobstop.ee\/lt\/wp-json\/wp\/v2\/media?parent=264818"}],"wp:term":[{"taxonomy":"product_cat","embeddable":true,"href":"https:\/\/hobstop.ee\/lt\/wp-json\/wp\/v2\/product_cat?post=264818"},{"taxonomy":"product_tag","embeddable":true,"href":"https:\/\/hobstop.ee\/lt\/wp-json\/wp\/v2\/product_tag?post=264818"}],"curies":[{"name":"wp","href":"https:\/\/api.w.org\/{rel}","templated":true}]}}