{"id":265832,"date":"2015-06-01T15:25:34","date_gmt":"2015-09-13T13:35:51","guid":{"rendered":"https:\/\/sharks.ee\/vunder_2019\/lt\/product\/porceliano-dazai-schjerning-6g\/"},"modified":"2016-05-13T16:40:13","modified_gmt":"2016-05-13T13:40:13","slug":"porceliano-dazai-schjerning-6g","status":"publish","type":"product","link":"https:\/\/hobstop.ee\/lt\/produktas\/porceliano-dazai-schjerning-6g\/","title":{"rendered":"Porceliano da\u017eai Schjerning 6g"},"content":{"rendered":"<p>Porceliano da\u017eai \u201eSchjrening\u201c yra \u017einomi visame pasaulyje d\u0117l j\u0173 blizgesio, ry\u0161ki\u0173 spalv\u0173 ir auk\u0161tos kokyb\u0117s. Da\u017e\u0173 dalel\u0117s yra labai smulkios, tod\u0117l da\u017eai yra lengvai mai\u0161omi su alyva ir priedais. Matomi pro glaz\u016br\u0105 ir turi b\u016bti dengiami plonu sluoksniu. Paprastai pakanka vieno da\u017e\u0173 sluoksnio ir vieno degimo, ta\u010diau kai kuriais atvejais, norint, kad spalvos b\u016bt\u0173 ry\u0161kesn\u0117s, da\u017eais galima dengti keliais sluoksniais ir degti du kartus. Visas spalvas galima tarpusavyje mai\u0161yti.<br \/>\nDegimas: spalvos i\u0161ry\u0161k\u0117ja degant 750\u2013820 \u00b0C temperat\u016broje (savo sud\u0117tyje aukso turintys da\u017eai, pavyzd\u017eiui, purpurin\u0117s ir violetin\u0117s spalvos). Vidutin\u0117 temperat\u016bra turi b\u016bti 820 \u00b0C. Kai kuri\u0173 da\u017e\u0173 sud\u0117tyje yra kadmio (2059, 2082, 2083, 2086). Jais dekoruotus daiktus rekomenduojame degti ne auk\u0161tesn\u0117je nei 780 \u00b0C temperat\u016broje, tinkamiausia yra 740 \u00b0C temperat\u016bra. Tokiu atveju dekoruotus daiktus i\u0161dekite, tada padenkite da\u017eais, kuri\u0173 sud\u0117tyje yra kadmio ir i\u0161dekite dar kart\u0105. Ta\u010diau, jei norite i\u0161degti kartu su kitomis spalvomis, daiktus dekoruokite plonesniu da\u017e\u0173 sluoksniu arba dvejais sluoksniais, darydami pertrauk\u0105, kol pirmasis sluoksnis i\u0161d\u017eius, kad jo da\u017eai nei\u0161siliet\u0173.<\/p>\n","protected":false},"excerpt":{"rendered":"<p>Porceliano da\u017eai \u201eSchjrening\u201c yra \u017einomi visame pasaulyje d\u0117l j\u0173 blizgesio, ry\u0161ki\u0173 spalv\u0173 ir auk\u0161tos kokyb\u0117s. Da\u017e\u0173 dalel\u0117s yra labai smulkios, tod\u0117l da\u017eai yra lengvai mai\u0161omi su alyva ir priedais. Matomi pro glaz\u016br\u0105 ir turi b\u016bti dengiami plonu sluoksniu. Paprastai pakanka vieno da\u017e\u0173 sluoksnio ir vieno degimo, ta\u010diau kai kuriais atvejais, norint, kad spalvos b\u016bt\u0173 ry\u0161kesn\u0117s, da\u017eais galima dengti keliais sluoksniais ir degti du kartus. Visas spalvas galima tarpusavyje mai\u0161yti. Degimas: spalvos i\u0161ry\u0161k\u0117ja degant 750\u2013820 \u00b0C temperat\u016broje (savo sud\u0117tyje aukso turintys da\u017eai, pavyzd\u017eiui, purpurin\u0117s ir violetin\u0117s spalvos). Vidutin\u0117 temperat\u016bra turi b\u016bti 820 \u00b0C. Kai kuri\u0173 da\u017e\u0173 sud\u0117tyje yra kadmio (2059, 2082, 2083, 2086). Jais dekoruotus daiktus rekomenduojame degti ne auk\u0161tesn\u0117je nei 780 \u00b0C temperat\u016broje, tinkamiausia yra 740 \u00b0C temperat\u016bra. Tokiu atveju dekoruotus daiktus i\u0161dekite, tada padenkite da\u017eais, kuri\u0173 sud\u0117tyje yra kadmio ir i\u0161dekite dar kart\u0105. Ta\u010diau, jei norite i\u0161degti kartu su kitomis spalvomis, daiktus dekoruokite plonesniu da\u017e\u0173 sluoksniu arba dvejais sluoksniais, darydami pertrauk\u0105, kol pirmasis sluoksnis i\u0161d\u017eius, kad jo da\u017eai nei\u0161siliet\u0173.<\/p>\n","protected":false},"featured_media":222312,"comment_status":"closed","ping_status":"closed","template":"","meta":{"_acf_changed":false,"ep_exclude_from_search":false},"product_cat":[10106,17919,18244],"product_tag":[],"class_list":{"0":"post-265832","1":"product","2":"type-product","3":"status-publish","4":"has-post-thumbnail","6":"product_cat-aukstai-temperaturai-atsparus-dazai","7":"product_cat-pomegiu-prekes","8":"product_cat-porceliano-dazai","10":"first","11":"instock","12":"sale","13":"taxable","14":"shipping-taxable","15":"purchasable","16":"product-type-variable"},"acf":[],"yoast_head":"<!-- This site is optimized with the Yoast SEO plugin v24.1 - https:\/\/yoast.com\/wordpress\/plugins\/seo\/ -->\n<title>Porceliano da\u017eai Schjerning 6g &#8211; Skizze<\/title>\n<meta name=\"robots\" content=\"noindex, follow, max-snippet:-1, max-image-preview:large, max-video-preview:-1\" \/>\n<meta property=\"og:locale\" content=\"lt_LT\" \/>\n<meta property=\"og:type\" content=\"article\" \/>\n<meta property=\"og:title\" content=\"Porceliano da\u017eai Schjerning 6g &#8211; Skizze\" \/>\n<meta property=\"og:description\" content=\"Porceliano da\u017eai \u201eSchjrening\u201c yra \u017einomi visame pasaulyje d\u0117l j\u0173 blizgesio, ry\u0161ki\u0173 spalv\u0173 ir auk\u0161tos kokyb\u0117s. Da\u017e\u0173 dalel\u0117s yra labai smulkios, tod\u0117l da\u017eai yra lengvai mai\u0161omi su alyva ir priedais. Matomi pro glaz\u016br\u0105 ir turi b\u016bti dengiami plonu sluoksniu. Paprastai pakanka vieno da\u017e\u0173 sluoksnio ir vieno degimo, ta\u010diau kai kuriais atvejais, norint, kad spalvos b\u016bt\u0173 ry\u0161kesn\u0117s, da\u017eais galima dengti keliais sluoksniais ir degti du kartus. Visas spalvas galima tarpusavyje mai\u0161yti. Degimas: spalvos i\u0161ry\u0161k\u0117ja degant 750\u2013820 \u00b0C temperat\u016broje (savo sud\u0117tyje aukso turintys da\u017eai, pavyzd\u017eiui, purpurin\u0117s ir violetin\u0117s spalvos). Vidutin\u0117 temperat\u016bra turi b\u016bti 820 \u00b0C. Kai kuri\u0173 da\u017e\u0173 sud\u0117tyje yra kadmio (2059, 2082, 2083, 2086). Jais dekoruotus daiktus rekomenduojame degti ne auk\u0161tesn\u0117je nei 780 \u00b0C temperat\u016broje, tinkamiausia yra 740 \u00b0C temperat\u016bra. Tokiu atveju dekoruotus daiktus i\u0161dekite, tada padenkite da\u017eais, kuri\u0173 sud\u0117tyje yra kadmio ir i\u0161dekite dar kart\u0105. Ta\u010diau, jei norite i\u0161degti kartu su kitomis spalvomis, daiktus dekoruokite plonesniu da\u017e\u0173 sluoksniu arba dvejais sluoksniais, darydami pertrauk\u0105, kol pirmasis sluoksnis i\u0161d\u017eius, kad jo da\u017eai nei\u0161siliet\u0173.\" \/>\n<meta property=\"og:url\" content=\"https:\/\/hobstop.ee\/lt\/produktas\/porceliano-dazai-schjerning-6g\/\" \/>\n<meta property=\"og:site_name\" content=\"Skizze\" \/>\n<meta property=\"article:publisher\" content=\"http:\/\/www.facebook.com\/VunderSkizze\" \/>\n<meta property=\"article:modified_time\" content=\"2016-05-13T13:40:13+00:00\" \/>\n<meta property=\"og:image\" content=\"https:\/\/hobstop.ee\/media\/1510.jpg\" \/>\n\t<meta property=\"og:image:width\" content=\"1024\" \/>\n\t<meta property=\"og:image:height\" content=\"768\" \/>\n\t<meta property=\"og:image:type\" content=\"image\/jpeg\" \/>\n<meta name=\"twitter:card\" content=\"summary_large_image\" \/>\n<meta name=\"twitter:label1\" content=\"Est. reading time\" \/>\n\t<meta name=\"twitter:data1\" content=\"1 minute\" \/>\n<script type=\"application\/ld+json\" class=\"yoast-schema-graph\">{\"@context\":\"https:\/\/schema.org\",\"@graph\":[{\"@type\":\"WebPage\",\"@id\":\"https:\/\/hobstop.ee\/lt\/produktas\/porceliano-dazai-schjerning-6g\/\",\"url\":\"https:\/\/hobstop.ee\/lt\/produktas\/porceliano-dazai-schjerning-6g\/\",\"name\":\"Porceliano da\u017eai Schjerning 6g &#8211; Skizze\",\"isPartOf\":{\"@id\":\"https:\/\/hobstop.ee\/lt\/#website\"},\"primaryImageOfPage\":{\"@id\":\"https:\/\/hobstop.ee\/lt\/produktas\/porceliano-dazai-schjerning-6g\/#primaryimage\"},\"image\":{\"@id\":\"https:\/\/hobstop.ee\/lt\/produktas\/porceliano-dazai-schjerning-6g\/#primaryimage\"},\"thumbnailUrl\":\"https:\/\/hobstop.ee\/media\/1510.jpg\",\"datePublished\":\"2015-09-13T13:35:51+00:00\",\"dateModified\":\"2016-05-13T13:40:13+00:00\",\"breadcrumb\":{\"@id\":\"https:\/\/hobstop.ee\/lt\/produktas\/porceliano-dazai-schjerning-6g\/#breadcrumb\"},\"inLanguage\":\"lt\",\"potentialAction\":[{\"@type\":\"ReadAction\",\"target\":[\"https:\/\/hobstop.ee\/lt\/produktas\/porceliano-dazai-schjerning-6g\/\"]}]},{\"@type\":\"ImageObject\",\"inLanguage\":\"lt\",\"@id\":\"https:\/\/hobstop.ee\/lt\/produktas\/porceliano-dazai-schjerning-6g\/#primaryimage\",\"url\":\"https:\/\/hobstop.ee\/media\/1510.jpg\",\"contentUrl\":\"https:\/\/hobstop.ee\/media\/1510.jpg\",\"width\":1024,\"height\":768},{\"@type\":\"BreadcrumbList\",\"@id\":\"https:\/\/hobstop.ee\/lt\/produktas\/porceliano-dazai-schjerning-6g\/#breadcrumb\",\"itemListElement\":[{\"@type\":\"ListItem\",\"position\":1,\"name\":\"Avaleht\",\"item\":\"https:\/\/hobstop.ee\/lt\/\"},{\"@type\":\"ListItem\",\"position\":2,\"name\":\"Parduotuv\u0117\",\"item\":\"https:\/\/hobstop.ee\/lt\/parduotuve\/\"},{\"@type\":\"ListItem\",\"position\":3,\"name\":\"Porceliano da\u017eai Schjerning 6g\"}]},{\"@type\":\"WebSite\",\"@id\":\"https:\/\/hobstop.ee\/lt\/#website\",\"url\":\"https:\/\/hobstop.ee\/lt\/\",\"name\":\"Skizze\",\"description\":\"Dail\u0117s, pom\u0117gi\u0173 ir mokykliniai reikm\u0117nys\",\"publisher\":{\"@id\":\"https:\/\/hobstop.ee\/lt\/#organization\"},\"potentialAction\":[{\"@type\":\"SearchAction\",\"target\":{\"@type\":\"EntryPoint\",\"urlTemplate\":\"https:\/\/hobstop.ee\/lt\/?s={search_term_string}\"},\"query-input\":{\"@type\":\"PropertyValueSpecification\",\"valueRequired\":true,\"valueName\":\"search_term_string\"}}],\"inLanguage\":\"lt\"},{\"@type\":\"Organization\",\"@id\":\"https:\/\/hobstop.ee\/lt\/#organization\",\"name\":\"Vunder AS\",\"url\":\"https:\/\/hobstop.ee\/lt\/\",\"logo\":{\"@type\":\"ImageObject\",\"inLanguage\":\"lt\",\"@id\":\"https:\/\/hobstop.ee\/lt\/#\/schema\/logo\/image\/\",\"url\":\"https:\/\/hobstop.ee\/media\/vunder-logo.png\",\"contentUrl\":\"https:\/\/hobstop.ee\/media\/vunder-logo.png\",\"width\":127,\"height\":55,\"caption\":\"Vunder AS\"},\"image\":{\"@id\":\"https:\/\/hobstop.ee\/lt\/#\/schema\/logo\/image\/\"},\"sameAs\":[\"http:\/\/www.facebook.com\/VunderSkizze\"]}]}<\/script>\n<!-- \/ Yoast SEO plugin. -->","yoast_head_json":{"title":"Porceliano da\u017eai Schjerning 6g &#8211; Skizze","robots":{"index":"noindex","follow":"follow","max-snippet":"max-snippet:-1","max-image-preview":"max-image-preview:large","max-video-preview":"max-video-preview:-1"},"og_locale":"lt_LT","og_type":"article","og_title":"Porceliano da\u017eai Schjerning 6g &#8211; Skizze","og_description":"Porceliano da\u017eai \u201eSchjrening\u201c yra \u017einomi visame pasaulyje d\u0117l j\u0173 blizgesio, ry\u0161ki\u0173 spalv\u0173 ir auk\u0161tos kokyb\u0117s. Da\u017e\u0173 dalel\u0117s yra labai smulkios, tod\u0117l da\u017eai yra lengvai mai\u0161omi su alyva ir priedais. Matomi pro glaz\u016br\u0105 ir turi b\u016bti dengiami plonu sluoksniu. Paprastai pakanka vieno da\u017e\u0173 sluoksnio ir vieno degimo, ta\u010diau kai kuriais atvejais, norint, kad spalvos b\u016bt\u0173 ry\u0161kesn\u0117s, da\u017eais galima dengti keliais sluoksniais ir degti du kartus. Visas spalvas galima tarpusavyje mai\u0161yti. Degimas: spalvos i\u0161ry\u0161k\u0117ja degant 750\u2013820 \u00b0C temperat\u016broje (savo sud\u0117tyje aukso turintys da\u017eai, pavyzd\u017eiui, purpurin\u0117s ir violetin\u0117s spalvos). Vidutin\u0117 temperat\u016bra turi b\u016bti 820 \u00b0C. Kai kuri\u0173 da\u017e\u0173 sud\u0117tyje yra kadmio (2059, 2082, 2083, 2086). Jais dekoruotus daiktus rekomenduojame degti ne auk\u0161tesn\u0117je nei 780 \u00b0C temperat\u016broje, tinkamiausia yra 740 \u00b0C temperat\u016bra. Tokiu atveju dekoruotus daiktus i\u0161dekite, tada padenkite da\u017eais, kuri\u0173 sud\u0117tyje yra kadmio ir i\u0161dekite dar kart\u0105. Ta\u010diau, jei norite i\u0161degti kartu su kitomis spalvomis, daiktus dekoruokite plonesniu da\u017e\u0173 sluoksniu arba dvejais sluoksniais, darydami pertrauk\u0105, kol pirmasis sluoksnis i\u0161d\u017eius, kad jo da\u017eai nei\u0161siliet\u0173.","og_url":"https:\/\/hobstop.ee\/lt\/produktas\/porceliano-dazai-schjerning-6g\/","og_site_name":"Skizze","article_publisher":"http:\/\/www.facebook.com\/VunderSkizze","article_modified_time":"2016-05-13T13:40:13+00:00","og_image":[{"width":1024,"height":768,"url":"https:\/\/hobstop.ee\/media\/1510.jpg","type":"image\/jpeg"}],"twitter_card":"summary_large_image","twitter_misc":{"Est. reading time":"1 minute"},"schema":{"@context":"https:\/\/schema.org","@graph":[{"@type":"WebPage","@id":"https:\/\/hobstop.ee\/lt\/produktas\/porceliano-dazai-schjerning-6g\/","url":"https:\/\/hobstop.ee\/lt\/produktas\/porceliano-dazai-schjerning-6g\/","name":"Porceliano da\u017eai Schjerning 6g &#8211; Skizze","isPartOf":{"@id":"https:\/\/hobstop.ee\/lt\/#website"},"primaryImageOfPage":{"@id":"https:\/\/hobstop.ee\/lt\/produktas\/porceliano-dazai-schjerning-6g\/#primaryimage"},"image":{"@id":"https:\/\/hobstop.ee\/lt\/produktas\/porceliano-dazai-schjerning-6g\/#primaryimage"},"thumbnailUrl":"https:\/\/hobstop.ee\/media\/1510.jpg","datePublished":"2015-09-13T13:35:51+00:00","dateModified":"2016-05-13T13:40:13+00:00","breadcrumb":{"@id":"https:\/\/hobstop.ee\/lt\/produktas\/porceliano-dazai-schjerning-6g\/#breadcrumb"},"inLanguage":"lt","potentialAction":[{"@type":"ReadAction","target":["https:\/\/hobstop.ee\/lt\/produktas\/porceliano-dazai-schjerning-6g\/"]}]},{"@type":"ImageObject","inLanguage":"lt","@id":"https:\/\/hobstop.ee\/lt\/produktas\/porceliano-dazai-schjerning-6g\/#primaryimage","url":"https:\/\/hobstop.ee\/media\/1510.jpg","contentUrl":"https:\/\/hobstop.ee\/media\/1510.jpg","width":1024,"height":768},{"@type":"BreadcrumbList","@id":"https:\/\/hobstop.ee\/lt\/produktas\/porceliano-dazai-schjerning-6g\/#breadcrumb","itemListElement":[{"@type":"ListItem","position":1,"name":"Avaleht","item":"https:\/\/hobstop.ee\/lt\/"},{"@type":"ListItem","position":2,"name":"Parduotuv\u0117","item":"https:\/\/hobstop.ee\/lt\/parduotuve\/"},{"@type":"ListItem","position":3,"name":"Porceliano da\u017eai Schjerning 6g"}]},{"@type":"WebSite","@id":"https:\/\/hobstop.ee\/lt\/#website","url":"https:\/\/hobstop.ee\/lt\/","name":"Skizze","description":"Dail\u0117s, pom\u0117gi\u0173 ir mokykliniai reikm\u0117nys","publisher":{"@id":"https:\/\/hobstop.ee\/lt\/#organization"},"potentialAction":[{"@type":"SearchAction","target":{"@type":"EntryPoint","urlTemplate":"https:\/\/hobstop.ee\/lt\/?s={search_term_string}"},"query-input":{"@type":"PropertyValueSpecification","valueRequired":true,"valueName":"search_term_string"}}],"inLanguage":"lt"},{"@type":"Organization","@id":"https:\/\/hobstop.ee\/lt\/#organization","name":"Vunder AS","url":"https:\/\/hobstop.ee\/lt\/","logo":{"@type":"ImageObject","inLanguage":"lt","@id":"https:\/\/hobstop.ee\/lt\/#\/schema\/logo\/image\/","url":"https:\/\/hobstop.ee\/media\/vunder-logo.png","contentUrl":"https:\/\/hobstop.ee\/media\/vunder-logo.png","width":127,"height":55,"caption":"Vunder AS"},"image":{"@id":"https:\/\/hobstop.ee\/lt\/#\/schema\/logo\/image\/"},"sameAs":["http:\/\/www.facebook.com\/VunderSkizze"]}]}},"_links":{"self":[{"href":"https:\/\/hobstop.ee\/lt\/wp-json\/wp\/v2\/product\/265832","targetHints":{"allow":["GET"]}}],"collection":[{"href":"https:\/\/hobstop.ee\/lt\/wp-json\/wp\/v2\/product"}],"about":[{"href":"https:\/\/hobstop.ee\/lt\/wp-json\/wp\/v2\/types\/product"}],"replies":[{"embeddable":true,"href":"https:\/\/hobstop.ee\/lt\/wp-json\/wp\/v2\/comments?post=265832"}],"wp:featuredmedia":[{"embeddable":true,"href":"https:\/\/hobstop.ee\/lt\/wp-json\/wp\/v2\/media\/222312"}],"wp:attachment":[{"href":"https:\/\/hobstop.ee\/lt\/wp-json\/wp\/v2\/media?parent=265832"}],"wp:term":[{"taxonomy":"product_cat","embeddable":true,"href":"https:\/\/hobstop.ee\/lt\/wp-json\/wp\/v2\/product_cat?post=265832"},{"taxonomy":"product_tag","embeddable":true,"href":"https:\/\/hobstop.ee\/lt\/wp-json\/wp\/v2\/product_tag?post=265832"}],"curies":[{"name":"wp","href":"https:\/\/api.w.org\/{rel}","templated":true}]}}