{"id":265889,"date":"2015-06-01T15:25:35","date_gmt":"2015-09-13T13:36:16","guid":{"rendered":"https:\/\/sharks.ee\/vunder_2019\/lt\/product\/blizgus-lustre-dazai-schjerning\/"},"modified":"2016-05-13T16:40:04","modified_gmt":"2016-05-13T13:40:04","slug":"blizgus-lustre-dazai-schjerning","status":"publish","type":"product","link":"https:\/\/hobstop.ee\/lt\/produktas\/blizgus-lustre-dazai-schjerning\/","title":{"rendered":"Blizg\u016bs &#8220;Lustre&#8221; da\u017eai Schjerning"},"content":{"rendered":"<p>Blizg\u016bs da\u017eai \u201eSchjerning\u201c yra naudojimui paruo\u0161tas skystas metalo drusk\u0173 tirpalas. I\u0161degtas pavir\u0161ius tampa mirguliuojan\u010di\u0173 spalv\u0173 arba blizgus,  tarsi metalinis. Spalvas galima tarpusavyje mai\u0161yti, ta\u010diau nemai\u0161ykite per daug spalv\u0173, kad jos i\u0161likt\u0173 ry\u0161kios.<br \/>\nDegimas: prie\u0161 degant blizg\u016bs da\u017eai \u201eSchjerning\u201c turi b\u016bti visi\u0161kai i\u0161d\u017eiuv\u0119. Prad\u017eioje degama l\u0117tai; l\u0117tai dekite prie 350 \u00b0C, dekoruot\u0105 stikl\u0105 greitai esat 550\u2013580 \u00b0C, fajans\u0105 700\u2013730 \u00b0C, porcelian\u0105 780\u2013800 \u00b0C temperat\u016brai. Blizgiais da\u017eai dekoruotas stiklas neatrodo taip efektingai kaip \u0161iais da\u017eais dekoruota keramika ir porcelianas.<\/p>\n","protected":false},"excerpt":{"rendered":"<p>Blizg\u016bs da\u017eai \u201eSchjerning\u201c yra naudojimui paruo\u0161tas skystas metalo drusk\u0173 tirpalas. I\u0161degtas pavir\u0161ius tampa mirguliuojan\u010di\u0173 spalv\u0173 arba blizgus, tarsi metalinis. Spalvas galima tarpusavyje mai\u0161yti, ta\u010diau nemai\u0161ykite per daug spalv\u0173, kad jos i\u0161likt\u0173 ry\u0161kios. Degimas: prie\u0161 degant blizg\u016bs da\u017eai \u201eSchjerning\u201c turi b\u016bti visi\u0161kai i\u0161d\u017eiuv\u0119. Prad\u017eioje degama l\u0117tai; l\u0117tai dekite prie 350 \u00b0C, dekoruot\u0105 stikl\u0105 greitai esat 550\u2013580 \u00b0C, fajans\u0105 700\u2013730 \u00b0C, porcelian\u0105 780\u2013800 \u00b0C temperat\u016brai. Blizgiais da\u017eai dekoruotas stiklas neatrodo taip efektingai kaip \u0161iais da\u017eais dekoruota keramika ir porcelianas.<\/p>\n","protected":false},"featured_media":222316,"comment_status":"closed","ping_status":"closed","template":"","meta":{"_acf_changed":false,"ep_exclude_from_search":false},"product_cat":[10106,17919,18244],"product_tag":[],"class_list":{"0":"post-265889","1":"product","2":"type-product","3":"status-publish","4":"has-post-thumbnail","6":"product_cat-aukstai-temperaturai-atsparus-dazai","7":"product_cat-pomegiu-prekes","8":"product_cat-porceliano-dazai","10":"first","11":"instock","12":"sale","13":"taxable","14":"shipping-taxable","15":"purchasable","16":"product-type-variable"},"acf":[],"yoast_head":"<!-- This site is optimized with the Yoast SEO plugin v24.1 - https:\/\/yoast.com\/wordpress\/plugins\/seo\/ -->\n<title>Blizg\u016bs &quot;Lustre&quot; da\u017eai Schjerning &#8211; Skizze<\/title>\n<meta name=\"robots\" content=\"noindex, follow, max-snippet:-1, max-image-preview:large, max-video-preview:-1\" \/>\n<meta property=\"og:locale\" content=\"lt_LT\" \/>\n<meta property=\"og:type\" content=\"article\" \/>\n<meta property=\"og:title\" content=\"Blizg\u016bs &quot;Lustre&quot; da\u017eai Schjerning &#8211; Skizze\" \/>\n<meta property=\"og:description\" content=\"Blizg\u016bs da\u017eai \u201eSchjerning\u201c yra naudojimui paruo\u0161tas skystas metalo drusk\u0173 tirpalas. I\u0161degtas pavir\u0161ius tampa mirguliuojan\u010di\u0173 spalv\u0173 arba blizgus, tarsi metalinis. Spalvas galima tarpusavyje mai\u0161yti, ta\u010diau nemai\u0161ykite per daug spalv\u0173, kad jos i\u0161likt\u0173 ry\u0161kios. Degimas: prie\u0161 degant blizg\u016bs da\u017eai \u201eSchjerning\u201c turi b\u016bti visi\u0161kai i\u0161d\u017eiuv\u0119. Prad\u017eioje degama l\u0117tai; l\u0117tai dekite prie 350 \u00b0C, dekoruot\u0105 stikl\u0105 greitai esat 550\u2013580 \u00b0C, fajans\u0105 700\u2013730 \u00b0C, porcelian\u0105 780\u2013800 \u00b0C temperat\u016brai. Blizgiais da\u017eai dekoruotas stiklas neatrodo taip efektingai kaip \u0161iais da\u017eais dekoruota keramika ir porcelianas.\" \/>\n<meta property=\"og:url\" content=\"https:\/\/hobstop.ee\/lt\/produktas\/blizgus-lustre-dazai-schjerning\/\" \/>\n<meta property=\"og:site_name\" content=\"Skizze\" \/>\n<meta property=\"article:publisher\" content=\"http:\/\/www.facebook.com\/VunderSkizze\" \/>\n<meta property=\"article:modified_time\" content=\"2016-05-13T13:40:04+00:00\" \/>\n<meta property=\"og:image\" content=\"https:\/\/www.hobstop.ee\/media\/1512.jpg\" \/>\n\t<meta property=\"og:image:width\" content=\"1024\" \/>\n\t<meta property=\"og:image:height\" content=\"768\" \/>\n\t<meta property=\"og:image:type\" content=\"image\/jpeg\" \/>\n<meta name=\"twitter:card\" content=\"summary_large_image\" \/>\n<script type=\"application\/ld+json\" class=\"yoast-schema-graph\">{\"@context\":\"https:\/\/schema.org\",\"@graph\":[{\"@type\":\"WebPage\",\"@id\":\"https:\/\/hobstop.ee\/lt\/produktas\/blizgus-lustre-dazai-schjerning\/\",\"url\":\"https:\/\/hobstop.ee\/lt\/produktas\/blizgus-lustre-dazai-schjerning\/\",\"name\":\"Blizg\u016bs \\\"Lustre\\\" da\u017eai Schjerning &#8211; Skizze\",\"isPartOf\":{\"@id\":\"https:\/\/hobstop.ee\/lt\/#website\"},\"primaryImageOfPage\":{\"@id\":\"https:\/\/hobstop.ee\/lt\/produktas\/blizgus-lustre-dazai-schjerning\/#primaryimage\"},\"image\":{\"@id\":\"https:\/\/hobstop.ee\/lt\/produktas\/blizgus-lustre-dazai-schjerning\/#primaryimage\"},\"thumbnailUrl\":\"https:\/\/hobstop.ee\/media\/1512.jpg\",\"datePublished\":\"2015-09-13T13:36:16+00:00\",\"dateModified\":\"2016-05-13T13:40:04+00:00\",\"breadcrumb\":{\"@id\":\"https:\/\/hobstop.ee\/lt\/produktas\/blizgus-lustre-dazai-schjerning\/#breadcrumb\"},\"inLanguage\":\"lt\",\"potentialAction\":[{\"@type\":\"ReadAction\",\"target\":[\"https:\/\/hobstop.ee\/lt\/produktas\/blizgus-lustre-dazai-schjerning\/\"]}]},{\"@type\":\"ImageObject\",\"inLanguage\":\"lt\",\"@id\":\"https:\/\/hobstop.ee\/lt\/produktas\/blizgus-lustre-dazai-schjerning\/#primaryimage\",\"url\":\"https:\/\/hobstop.ee\/media\/1512.jpg\",\"contentUrl\":\"https:\/\/hobstop.ee\/media\/1512.jpg\",\"width\":1024,\"height\":768},{\"@type\":\"BreadcrumbList\",\"@id\":\"https:\/\/hobstop.ee\/lt\/produktas\/blizgus-lustre-dazai-schjerning\/#breadcrumb\",\"itemListElement\":[{\"@type\":\"ListItem\",\"position\":1,\"name\":\"Avaleht\",\"item\":\"https:\/\/hobstop.ee\/lt\/\"},{\"@type\":\"ListItem\",\"position\":2,\"name\":\"Parduotuv\u0117\",\"item\":\"https:\/\/hobstop.ee\/lt\/parduotuve\/\"},{\"@type\":\"ListItem\",\"position\":3,\"name\":\"Blizg\u016bs &#8220;Lustre&#8221; da\u017eai Schjerning\"}]},{\"@type\":\"WebSite\",\"@id\":\"https:\/\/hobstop.ee\/lt\/#website\",\"url\":\"https:\/\/hobstop.ee\/lt\/\",\"name\":\"Skizze\",\"description\":\"Dail\u0117s, pom\u0117gi\u0173 ir mokykliniai reikm\u0117nys\",\"publisher\":{\"@id\":\"https:\/\/hobstop.ee\/lt\/#organization\"},\"potentialAction\":[{\"@type\":\"SearchAction\",\"target\":{\"@type\":\"EntryPoint\",\"urlTemplate\":\"https:\/\/hobstop.ee\/lt\/?s={search_term_string}\"},\"query-input\":{\"@type\":\"PropertyValueSpecification\",\"valueRequired\":true,\"valueName\":\"search_term_string\"}}],\"inLanguage\":\"lt\"},{\"@type\":\"Organization\",\"@id\":\"https:\/\/hobstop.ee\/lt\/#organization\",\"name\":\"Vunder AS\",\"url\":\"https:\/\/hobstop.ee\/lt\/\",\"logo\":{\"@type\":\"ImageObject\",\"inLanguage\":\"lt\",\"@id\":\"https:\/\/hobstop.ee\/lt\/#\/schema\/logo\/image\/\",\"url\":\"https:\/\/hobstop.ee\/media\/vunder-logo.png\",\"contentUrl\":\"https:\/\/hobstop.ee\/media\/vunder-logo.png\",\"width\":127,\"height\":55,\"caption\":\"Vunder AS\"},\"image\":{\"@id\":\"https:\/\/hobstop.ee\/lt\/#\/schema\/logo\/image\/\"},\"sameAs\":[\"http:\/\/www.facebook.com\/VunderSkizze\"]}]}<\/script>\n<!-- \/ Yoast SEO plugin. -->","yoast_head_json":{"title":"Blizg\u016bs \"Lustre\" da\u017eai Schjerning &#8211; Skizze","robots":{"index":"noindex","follow":"follow","max-snippet":"max-snippet:-1","max-image-preview":"max-image-preview:large","max-video-preview":"max-video-preview:-1"},"og_locale":"lt_LT","og_type":"article","og_title":"Blizg\u016bs \"Lustre\" da\u017eai Schjerning &#8211; Skizze","og_description":"Blizg\u016bs da\u017eai \u201eSchjerning\u201c yra naudojimui paruo\u0161tas skystas metalo drusk\u0173 tirpalas. I\u0161degtas pavir\u0161ius tampa mirguliuojan\u010di\u0173 spalv\u0173 arba blizgus, tarsi metalinis. Spalvas galima tarpusavyje mai\u0161yti, ta\u010diau nemai\u0161ykite per daug spalv\u0173, kad jos i\u0161likt\u0173 ry\u0161kios. Degimas: prie\u0161 degant blizg\u016bs da\u017eai \u201eSchjerning\u201c turi b\u016bti visi\u0161kai i\u0161d\u017eiuv\u0119. Prad\u017eioje degama l\u0117tai; l\u0117tai dekite prie 350 \u00b0C, dekoruot\u0105 stikl\u0105 greitai esat 550\u2013580 \u00b0C, fajans\u0105 700\u2013730 \u00b0C, porcelian\u0105 780\u2013800 \u00b0C temperat\u016brai. Blizgiais da\u017eai dekoruotas stiklas neatrodo taip efektingai kaip \u0161iais da\u017eais dekoruota keramika ir porcelianas.","og_url":"https:\/\/hobstop.ee\/lt\/produktas\/blizgus-lustre-dazai-schjerning\/","og_site_name":"Skizze","article_publisher":"http:\/\/www.facebook.com\/VunderSkizze","article_modified_time":"2016-05-13T13:40:04+00:00","og_image":[{"width":1024,"height":768,"url":"https:\/\/www.hobstop.ee\/media\/1512.jpg","type":"image\/jpeg"}],"twitter_card":"summary_large_image","schema":{"@context":"https:\/\/schema.org","@graph":[{"@type":"WebPage","@id":"https:\/\/hobstop.ee\/lt\/produktas\/blizgus-lustre-dazai-schjerning\/","url":"https:\/\/hobstop.ee\/lt\/produktas\/blizgus-lustre-dazai-schjerning\/","name":"Blizg\u016bs \"Lustre\" da\u017eai Schjerning &#8211; Skizze","isPartOf":{"@id":"https:\/\/hobstop.ee\/lt\/#website"},"primaryImageOfPage":{"@id":"https:\/\/hobstop.ee\/lt\/produktas\/blizgus-lustre-dazai-schjerning\/#primaryimage"},"image":{"@id":"https:\/\/hobstop.ee\/lt\/produktas\/blizgus-lustre-dazai-schjerning\/#primaryimage"},"thumbnailUrl":"https:\/\/hobstop.ee\/media\/1512.jpg","datePublished":"2015-09-13T13:36:16+00:00","dateModified":"2016-05-13T13:40:04+00:00","breadcrumb":{"@id":"https:\/\/hobstop.ee\/lt\/produktas\/blizgus-lustre-dazai-schjerning\/#breadcrumb"},"inLanguage":"lt","potentialAction":[{"@type":"ReadAction","target":["https:\/\/hobstop.ee\/lt\/produktas\/blizgus-lustre-dazai-schjerning\/"]}]},{"@type":"ImageObject","inLanguage":"lt","@id":"https:\/\/hobstop.ee\/lt\/produktas\/blizgus-lustre-dazai-schjerning\/#primaryimage","url":"https:\/\/hobstop.ee\/media\/1512.jpg","contentUrl":"https:\/\/hobstop.ee\/media\/1512.jpg","width":1024,"height":768},{"@type":"BreadcrumbList","@id":"https:\/\/hobstop.ee\/lt\/produktas\/blizgus-lustre-dazai-schjerning\/#breadcrumb","itemListElement":[{"@type":"ListItem","position":1,"name":"Avaleht","item":"https:\/\/hobstop.ee\/lt\/"},{"@type":"ListItem","position":2,"name":"Parduotuv\u0117","item":"https:\/\/hobstop.ee\/lt\/parduotuve\/"},{"@type":"ListItem","position":3,"name":"Blizg\u016bs &#8220;Lustre&#8221; da\u017eai Schjerning"}]},{"@type":"WebSite","@id":"https:\/\/hobstop.ee\/lt\/#website","url":"https:\/\/hobstop.ee\/lt\/","name":"Skizze","description":"Dail\u0117s, pom\u0117gi\u0173 ir mokykliniai reikm\u0117nys","publisher":{"@id":"https:\/\/hobstop.ee\/lt\/#organization"},"potentialAction":[{"@type":"SearchAction","target":{"@type":"EntryPoint","urlTemplate":"https:\/\/hobstop.ee\/lt\/?s={search_term_string}"},"query-input":{"@type":"PropertyValueSpecification","valueRequired":true,"valueName":"search_term_string"}}],"inLanguage":"lt"},{"@type":"Organization","@id":"https:\/\/hobstop.ee\/lt\/#organization","name":"Vunder AS","url":"https:\/\/hobstop.ee\/lt\/","logo":{"@type":"ImageObject","inLanguage":"lt","@id":"https:\/\/hobstop.ee\/lt\/#\/schema\/logo\/image\/","url":"https:\/\/hobstop.ee\/media\/vunder-logo.png","contentUrl":"https:\/\/hobstop.ee\/media\/vunder-logo.png","width":127,"height":55,"caption":"Vunder AS"},"image":{"@id":"https:\/\/hobstop.ee\/lt\/#\/schema\/logo\/image\/"},"sameAs":["http:\/\/www.facebook.com\/VunderSkizze"]}]}},"_links":{"self":[{"href":"https:\/\/hobstop.ee\/lt\/wp-json\/wp\/v2\/product\/265889","targetHints":{"allow":["GET"]}}],"collection":[{"href":"https:\/\/hobstop.ee\/lt\/wp-json\/wp\/v2\/product"}],"about":[{"href":"https:\/\/hobstop.ee\/lt\/wp-json\/wp\/v2\/types\/product"}],"replies":[{"embeddable":true,"href":"https:\/\/hobstop.ee\/lt\/wp-json\/wp\/v2\/comments?post=265889"}],"wp:featuredmedia":[{"embeddable":true,"href":"https:\/\/hobstop.ee\/lt\/wp-json\/wp\/v2\/media\/222316"}],"wp:attachment":[{"href":"https:\/\/hobstop.ee\/lt\/wp-json\/wp\/v2\/media?parent=265889"}],"wp:term":[{"taxonomy":"product_cat","embeddable":true,"href":"https:\/\/hobstop.ee\/lt\/wp-json\/wp\/v2\/product_cat?post=265889"},{"taxonomy":"product_tag","embeddable":true,"href":"https:\/\/hobstop.ee\/lt\/wp-json\/wp\/v2\/product_tag?post=265889"}],"curies":[{"name":"wp","href":"https:\/\/api.w.org\/{rel}","templated":true}]}}