{"id":265908,"date":"2014-12-08T23:49:29","date_gmt":"2015-09-13T13:36:25","guid":{"rendered":"https:\/\/sharks.ee\/vunder_2019\/lt\/product\/droztukas-maped-colorpeps\/"},"modified":"2016-05-13T16:39:55","modified_gmt":"2016-05-13T13:39:55","slug":"droztukas-maped-colorpeps","status":"publish","type":"product","link":"https:\/\/hobstop.ee\/lt\/produktas\/droztukas-maped-colorpeps\/","title":{"rendered":"Dro\u017etukas Maped Color&#8217;Peps"},"content":{"rendered":"<p>Dro\u017etukas \u201eColor&#8217;Peps\u201c yra skirtas spalvotiems pie\u0161tukams dro\u017eti \u2013 jis apvaliai nudro\u017eia ir nupoliruoja pie\u0161tuko \u0161erdel\u0119 ir saugo nuo ant popieriuje paiekam\u0173 \u017eymi\u0173. Apvalus galas puikiai tinka spalvinimui ir teksto \u017eym\u0117jimui. Apsauginis kam\u0161telis apsaugo pie\u0161tukus, kad nenul\u016b\u017et\u0173 \u0161erdel\u0117, o penalas i\u0161lieka \u0161varus. \u0160\u012f spalvot\u0173 pie\u0161tuk\u0173 dro\u017etuk\u0105 yra tiesiog b\u016btina tur\u0117ti!<\/p>\n","protected":false},"excerpt":{"rendered":"<p>Dro\u017etukas \u201eColor&#8217;Peps\u201c yra skirtas spalvotiems pie\u0161tukams dro\u017eti \u2013 jis apvaliai nudro\u017eia ir nupoliruoja pie\u0161tuko \u0161erdel\u0119 ir saugo nuo ant popieriuje paiekam\u0173 \u017eymi\u0173. Apvalus galas puikiai tinka spalvinimui ir teksto \u017eym\u0117jimui. Apsauginis kam\u0161telis apsaugo pie\u0161tukus, kad nenul\u016b\u017et\u0173 \u0161erdel\u0117, o penalas i\u0161lieka \u0161varus. \u0160\u012f spalvot\u0173 pie\u0161tuk\u0173 dro\u017etuk\u0105 yra tiesiog b\u016btina tur\u0117ti!<\/p>\n","protected":false},"featured_media":354464,"comment_status":"closed","ping_status":"closed","template":"","meta":{"_acf_changed":false,"ep_exclude_from_search":false},"product_cat":[10095,235,18634],"product_tag":[],"class_list":{"0":"post-265908","1":"product","2":"type-product","3":"status-publish","4":"has-post-thumbnail","6":"product_cat-muud-meisterdamist","7":"product_cat-mokyklines-prekes","8":"product_cat-piesimo-reikmenys-2","10":"first","11":"instock","12":"taxable","13":"shipping-taxable","14":"purchasable","15":"product-type-variable"},"acf":[],"yoast_head":"<!-- This site is optimized with the Yoast SEO plugin v24.1 - https:\/\/yoast.com\/wordpress\/plugins\/seo\/ -->\n<title>Dro\u017etukas Maped Color&#039;Peps &#8211; Skizze<\/title>\n<meta name=\"robots\" content=\"noindex, follow, max-snippet:-1, max-image-preview:large, max-video-preview:-1\" \/>\n<meta property=\"og:locale\" content=\"lt_LT\" \/>\n<meta property=\"og:type\" content=\"article\" \/>\n<meta property=\"og:title\" content=\"Dro\u017etukas Maped Color&#039;Peps &#8211; Skizze\" \/>\n<meta property=\"og:description\" content=\"Dro\u017etukas \u201eColor&#8217;Peps\u201c yra skirtas spalvotiems pie\u0161tukams dro\u017eti \u2013 jis apvaliai nudro\u017eia ir nupoliruoja pie\u0161tuko \u0161erdel\u0119 ir saugo nuo ant popieriuje paiekam\u0173 \u017eymi\u0173. Apvalus galas puikiai tinka spalvinimui ir teksto \u017eym\u0117jimui. Apsauginis kam\u0161telis apsaugo pie\u0161tukus, kad nenul\u016b\u017et\u0173 \u0161erdel\u0117, o penalas i\u0161lieka \u0161varus. \u0160\u012f spalvot\u0173 pie\u0161tuk\u0173 dro\u017etuk\u0105 yra tiesiog b\u016btina tur\u0117ti!\" \/>\n<meta property=\"og:url\" content=\"https:\/\/hobstop.ee\/lt\/produktas\/droztukas-maped-colorpeps\/\" \/>\n<meta property=\"og:site_name\" content=\"Skizze\" \/>\n<meta property=\"article:publisher\" content=\"http:\/\/www.facebook.com\/VunderSkizze\" \/>\n<meta property=\"article:modified_time\" content=\"2016-05-13T13:39:55+00:00\" \/>\n<meta property=\"og:image\" content=\"https:\/\/hobstop.ee\/media\/3866.jpg\" \/>\n\t<meta property=\"og:image:width\" content=\"1024\" \/>\n\t<meta property=\"og:image:height\" content=\"768\" \/>\n\t<meta property=\"og:image:type\" content=\"image\/jpeg\" \/>\n<meta name=\"twitter:card\" content=\"summary_large_image\" \/>\n<script type=\"application\/ld+json\" class=\"yoast-schema-graph\">{\"@context\":\"https:\/\/schema.org\",\"@graph\":[{\"@type\":\"WebPage\",\"@id\":\"https:\/\/hobstop.ee\/lt\/produktas\/droztukas-maped-colorpeps\/\",\"url\":\"https:\/\/hobstop.ee\/lt\/produktas\/droztukas-maped-colorpeps\/\",\"name\":\"Dro\u017etukas Maped Color'Peps &#8211; Skizze\",\"isPartOf\":{\"@id\":\"https:\/\/www.hobstop.ee\/lt\/#website\"},\"primaryImageOfPage\":{\"@id\":\"https:\/\/hobstop.ee\/lt\/produktas\/droztukas-maped-colorpeps\/#primaryimage\"},\"image\":{\"@id\":\"https:\/\/hobstop.ee\/lt\/produktas\/droztukas-maped-colorpeps\/#primaryimage\"},\"thumbnailUrl\":\"https:\/\/hobstop.ee\/media\/3866.jpg\",\"datePublished\":\"2015-09-13T13:36:25+00:00\",\"dateModified\":\"2016-05-13T13:39:55+00:00\",\"breadcrumb\":{\"@id\":\"https:\/\/hobstop.ee\/lt\/produktas\/droztukas-maped-colorpeps\/#breadcrumb\"},\"inLanguage\":\"lt\",\"potentialAction\":[{\"@type\":\"ReadAction\",\"target\":[\"https:\/\/hobstop.ee\/lt\/produktas\/droztukas-maped-colorpeps\/\"]}]},{\"@type\":\"ImageObject\",\"inLanguage\":\"lt\",\"@id\":\"https:\/\/hobstop.ee\/lt\/produktas\/droztukas-maped-colorpeps\/#primaryimage\",\"url\":\"https:\/\/hobstop.ee\/media\/3866.jpg\",\"contentUrl\":\"https:\/\/hobstop.ee\/media\/3866.jpg\",\"width\":1024,\"height\":768},{\"@type\":\"BreadcrumbList\",\"@id\":\"https:\/\/hobstop.ee\/lt\/produktas\/droztukas-maped-colorpeps\/#breadcrumb\",\"itemListElement\":[{\"@type\":\"ListItem\",\"position\":1,\"name\":\"Avaleht\",\"item\":\"https:\/\/hobstop.ee\/lt\/\"},{\"@type\":\"ListItem\",\"position\":2,\"name\":\"Parduotuv\u0117\",\"item\":\"https:\/\/www.hobstop.ee\/lt\/parduotuve\/\"},{\"@type\":\"ListItem\",\"position\":3,\"name\":\"Dro\u017etukas Maped Color&#8217;Peps\"}]},{\"@type\":\"WebSite\",\"@id\":\"https:\/\/www.hobstop.ee\/lt\/#website\",\"url\":\"https:\/\/www.hobstop.ee\/lt\/\",\"name\":\"Skizze\",\"description\":\"Dail\u0117s, pom\u0117gi\u0173 ir mokykliniai reikm\u0117nys\",\"publisher\":{\"@id\":\"https:\/\/www.hobstop.ee\/lt\/#organization\"},\"potentialAction\":[{\"@type\":\"SearchAction\",\"target\":{\"@type\":\"EntryPoint\",\"urlTemplate\":\"https:\/\/www.hobstop.ee\/lt\/?s={search_term_string}\"},\"query-input\":{\"@type\":\"PropertyValueSpecification\",\"valueRequired\":true,\"valueName\":\"search_term_string\"}}],\"inLanguage\":\"lt\"},{\"@type\":\"Organization\",\"@id\":\"https:\/\/www.hobstop.ee\/lt\/#organization\",\"name\":\"Vunder AS\",\"url\":\"https:\/\/www.hobstop.ee\/lt\/\",\"logo\":{\"@type\":\"ImageObject\",\"inLanguage\":\"lt\",\"@id\":\"https:\/\/www.hobstop.ee\/lt\/#\/schema\/logo\/image\/\",\"url\":\"https:\/\/hobstop.ee\/media\/vunder-logo.png\",\"contentUrl\":\"https:\/\/hobstop.ee\/media\/vunder-logo.png\",\"width\":127,\"height\":55,\"caption\":\"Vunder AS\"},\"image\":{\"@id\":\"https:\/\/www.hobstop.ee\/lt\/#\/schema\/logo\/image\/\"},\"sameAs\":[\"http:\/\/www.facebook.com\/VunderSkizze\"]}]}<\/script>\n<!-- \/ Yoast SEO plugin. -->","yoast_head_json":{"title":"Dro\u017etukas Maped Color'Peps &#8211; Skizze","robots":{"index":"noindex","follow":"follow","max-snippet":"max-snippet:-1","max-image-preview":"max-image-preview:large","max-video-preview":"max-video-preview:-1"},"og_locale":"lt_LT","og_type":"article","og_title":"Dro\u017etukas Maped Color'Peps &#8211; Skizze","og_description":"Dro\u017etukas \u201eColor&#8217;Peps\u201c yra skirtas spalvotiems pie\u0161tukams dro\u017eti \u2013 jis apvaliai nudro\u017eia ir nupoliruoja pie\u0161tuko \u0161erdel\u0119 ir saugo nuo ant popieriuje paiekam\u0173 \u017eymi\u0173. Apvalus galas puikiai tinka spalvinimui ir teksto \u017eym\u0117jimui. Apsauginis kam\u0161telis apsaugo pie\u0161tukus, kad nenul\u016b\u017et\u0173 \u0161erdel\u0117, o penalas i\u0161lieka \u0161varus. \u0160\u012f spalvot\u0173 pie\u0161tuk\u0173 dro\u017etuk\u0105 yra tiesiog b\u016btina tur\u0117ti!","og_url":"https:\/\/hobstop.ee\/lt\/produktas\/droztukas-maped-colorpeps\/","og_site_name":"Skizze","article_publisher":"http:\/\/www.facebook.com\/VunderSkizze","article_modified_time":"2016-05-13T13:39:55+00:00","og_image":[{"width":1024,"height":768,"url":"https:\/\/hobstop.ee\/media\/3866.jpg","type":"image\/jpeg"}],"twitter_card":"summary_large_image","schema":{"@context":"https:\/\/schema.org","@graph":[{"@type":"WebPage","@id":"https:\/\/hobstop.ee\/lt\/produktas\/droztukas-maped-colorpeps\/","url":"https:\/\/hobstop.ee\/lt\/produktas\/droztukas-maped-colorpeps\/","name":"Dro\u017etukas Maped Color'Peps &#8211; Skizze","isPartOf":{"@id":"https:\/\/www.hobstop.ee\/lt\/#website"},"primaryImageOfPage":{"@id":"https:\/\/hobstop.ee\/lt\/produktas\/droztukas-maped-colorpeps\/#primaryimage"},"image":{"@id":"https:\/\/hobstop.ee\/lt\/produktas\/droztukas-maped-colorpeps\/#primaryimage"},"thumbnailUrl":"https:\/\/hobstop.ee\/media\/3866.jpg","datePublished":"2015-09-13T13:36:25+00:00","dateModified":"2016-05-13T13:39:55+00:00","breadcrumb":{"@id":"https:\/\/hobstop.ee\/lt\/produktas\/droztukas-maped-colorpeps\/#breadcrumb"},"inLanguage":"lt","potentialAction":[{"@type":"ReadAction","target":["https:\/\/hobstop.ee\/lt\/produktas\/droztukas-maped-colorpeps\/"]}]},{"@type":"ImageObject","inLanguage":"lt","@id":"https:\/\/hobstop.ee\/lt\/produktas\/droztukas-maped-colorpeps\/#primaryimage","url":"https:\/\/hobstop.ee\/media\/3866.jpg","contentUrl":"https:\/\/hobstop.ee\/media\/3866.jpg","width":1024,"height":768},{"@type":"BreadcrumbList","@id":"https:\/\/hobstop.ee\/lt\/produktas\/droztukas-maped-colorpeps\/#breadcrumb","itemListElement":[{"@type":"ListItem","position":1,"name":"Avaleht","item":"https:\/\/hobstop.ee\/lt\/"},{"@type":"ListItem","position":2,"name":"Parduotuv\u0117","item":"https:\/\/www.hobstop.ee\/lt\/parduotuve\/"},{"@type":"ListItem","position":3,"name":"Dro\u017etukas Maped Color&#8217;Peps"}]},{"@type":"WebSite","@id":"https:\/\/www.hobstop.ee\/lt\/#website","url":"https:\/\/www.hobstop.ee\/lt\/","name":"Skizze","description":"Dail\u0117s, pom\u0117gi\u0173 ir mokykliniai reikm\u0117nys","publisher":{"@id":"https:\/\/www.hobstop.ee\/lt\/#organization"},"potentialAction":[{"@type":"SearchAction","target":{"@type":"EntryPoint","urlTemplate":"https:\/\/www.hobstop.ee\/lt\/?s={search_term_string}"},"query-input":{"@type":"PropertyValueSpecification","valueRequired":true,"valueName":"search_term_string"}}],"inLanguage":"lt"},{"@type":"Organization","@id":"https:\/\/www.hobstop.ee\/lt\/#organization","name":"Vunder AS","url":"https:\/\/www.hobstop.ee\/lt\/","logo":{"@type":"ImageObject","inLanguage":"lt","@id":"https:\/\/www.hobstop.ee\/lt\/#\/schema\/logo\/image\/","url":"https:\/\/hobstop.ee\/media\/vunder-logo.png","contentUrl":"https:\/\/hobstop.ee\/media\/vunder-logo.png","width":127,"height":55,"caption":"Vunder AS"},"image":{"@id":"https:\/\/www.hobstop.ee\/lt\/#\/schema\/logo\/image\/"},"sameAs":["http:\/\/www.facebook.com\/VunderSkizze"]}]}},"_links":{"self":[{"href":"https:\/\/hobstop.ee\/lt\/wp-json\/wp\/v2\/product\/265908","targetHints":{"allow":["GET"]}}],"collection":[{"href":"https:\/\/hobstop.ee\/lt\/wp-json\/wp\/v2\/product"}],"about":[{"href":"https:\/\/hobstop.ee\/lt\/wp-json\/wp\/v2\/types\/product"}],"replies":[{"embeddable":true,"href":"https:\/\/hobstop.ee\/lt\/wp-json\/wp\/v2\/comments?post=265908"}],"wp:featuredmedia":[{"embeddable":true,"href":"https:\/\/hobstop.ee\/lt\/wp-json\/wp\/v2\/media\/354464"}],"wp:attachment":[{"href":"https:\/\/hobstop.ee\/lt\/wp-json\/wp\/v2\/media?parent=265908"}],"wp:term":[{"taxonomy":"product_cat","embeddable":true,"href":"https:\/\/hobstop.ee\/lt\/wp-json\/wp\/v2\/product_cat?post=265908"},{"taxonomy":"product_tag","embeddable":true,"href":"https:\/\/hobstop.ee\/lt\/wp-json\/wp\/v2\/product_tag?post=265908"}],"curies":[{"name":"wp","href":"https:\/\/api.w.org\/{rel}","templated":true}]}}