{"id":265942,"date":"2016-05-16T15:08:42","date_gmt":"2016-05-16T12:08:42","guid":{"rendered":"https:\/\/sharks.ee\/vunder_2019\/lt\/product\/kristolas-swarovski-flat-back-hotfix-curvey-2540-12x9-5mm\/"},"modified":"2016-05-16T15:08:42","modified_gmt":"2016-05-16T12:08:42","slug":"kristolas-swarovski-flat-back-hotfix-curvey-2540-12x9-5mm","status":"publish","type":"product","link":"https:\/\/hobstop.ee\/lt\/produktas\/kristolas-swarovski-flat-back-hotfix-curvey-2540-12x9-5mm\/","title":{"rendered":"Kri\u0161tolas Swarovski Flat Back Hotfix curvey 2540 12&#215;9.5mm"},"content":{"rendered":"<p>Swarovskio karoliukus \u201eFlat Backs Hotfix\u201c lengvai lygintuvu pritvirtinsite prie \u012fvairi\u0173 tekstil\u0117s gamini\u0173, pavyzd\u017eiui, vilnos, medviln\u0117s, lino, viskoz\u0117s, lykros, alcantaros, \u0161ilko, sintetikos, d\u017einsin\u0117s med\u017eiagos ir t.t. Karoliuko pagrindas yra pagamintas i\u0161 kar\u0161tyje tirpstan\u010dios lipnios med\u017eiagos, tod\u0117l paveiktas kar\u0161\u010dio karoliukas prilimta prie audinio. Karoliukais dekoruotus gaminius galima skalbti, tod\u0117l jie puikiai tinka r\u016bbams, rankin\u0117ms, avalynei ir pan. papuo\u0161ti. \u201eCREATE YOUR STYLE with SWAROVSKI ELEMENTS\u201c prek\u0117s \u017eenklas u\u017etikrina geriausi\u0105 Austrijos kristal\u0173 kokyb\u0119!<\/p>\n","protected":false},"excerpt":{"rendered":"<p>Swarovskio karoliukus \u201eFlat Backs Hotfix\u201c lengvai lygintuvu pritvirtinsite prie \u012fvairi\u0173 tekstil\u0117s gamini\u0173, pavyzd\u017eiui, vilnos, medviln\u0117s, lino, viskoz\u0117s, lykros, alcantaros, \u0161ilko, sintetikos, d\u017einsin\u0117s med\u017eiagos ir t.t. Karoliuko pagrindas yra pagamintas i\u0161 kar\u0161tyje tirpstan\u010dios lipnios med\u017eiagos, tod\u0117l paveiktas kar\u0161\u010dio karoliukas prilimta prie audinio. Karoliukais dekoruotus gaminius galima skalbti, tod\u0117l jie puikiai tinka r\u016bbams, rankin\u0117ms, avalynei ir pan. papuo\u0161ti. \u201eCREATE YOUR STYLE with SWAROVSKI ELEMENTS\u201c prek\u0117s \u017eenklas u\u017etikrina geriausi\u0105 Austrijos kristal\u0173 kokyb\u0119!<\/p>\n","protected":false},"featured_media":266158,"comment_status":"closed","ping_status":"closed","template":"","meta":{"_acf_changed":false,"ep_exclude_from_search":false},"product_cat":[20139,17919,14893],"product_tag":[],"class_list":{"0":"post-265942","1":"product","2":"type-product","3":"status-publish","4":"has-post-thumbnail","6":"product_cat-kristalai-2","7":"product_cat-pomegiu-prekes","8":"product_cat-tekstilei","10":"first","11":"instock","12":"taxable","13":"shipping-taxable","14":"purchasable","15":"product-type-simple"},"acf":[],"yoast_head":"<!-- This site is optimized with the Yoast SEO plugin v24.1 - https:\/\/yoast.com\/wordpress\/plugins\/seo\/ -->\n<title>Kri\u0161tolas Swarovski Flat Back Hotfix curvey 2540 12x9.5mm &#8211; Skizze<\/title>\n<meta name=\"robots\" content=\"noindex, follow, max-snippet:-1, max-image-preview:large, max-video-preview:-1\" \/>\n<meta property=\"og:locale\" content=\"lt_LT\" \/>\n<meta property=\"og:type\" content=\"article\" \/>\n<meta property=\"og:title\" content=\"Kri\u0161tolas Swarovski Flat Back Hotfix curvey 2540 12x9.5mm &#8211; Skizze\" \/>\n<meta property=\"og:description\" content=\"Swarovskio karoliukus \u201eFlat Backs Hotfix\u201c lengvai lygintuvu pritvirtinsite prie \u012fvairi\u0173 tekstil\u0117s gamini\u0173, pavyzd\u017eiui, vilnos, medviln\u0117s, lino, viskoz\u0117s, lykros, alcantaros, \u0161ilko, sintetikos, d\u017einsin\u0117s med\u017eiagos ir t.t. Karoliuko pagrindas yra pagamintas i\u0161 kar\u0161tyje tirpstan\u010dios lipnios med\u017eiagos, tod\u0117l paveiktas kar\u0161\u010dio karoliukas prilimta prie audinio. Karoliukais dekoruotus gaminius galima skalbti, tod\u0117l jie puikiai tinka r\u016bbams, rankin\u0117ms, avalynei ir pan. papuo\u0161ti. \u201eCREATE YOUR STYLE with SWAROVSKI ELEMENTS\u201c prek\u0117s \u017eenklas u\u017etikrina geriausi\u0105 Austrijos kristal\u0173 kokyb\u0119!\" \/>\n<meta property=\"og:url\" content=\"https:\/\/hobstop.ee\/lt\/produktas\/kristolas-swarovski-flat-back-hotfix-curvey-2540-12x9-5mm\/\" \/>\n<meta property=\"og:site_name\" content=\"Skizze\" \/>\n<meta property=\"article:publisher\" content=\"http:\/\/www.facebook.com\/VunderSkizze\" \/>\n<meta property=\"og:image\" content=\"https:\/\/hobstop.ee\/media\/4296.jpg\" \/>\n\t<meta property=\"og:image:width\" content=\"1024\" \/>\n\t<meta property=\"og:image:height\" content=\"768\" \/>\n\t<meta property=\"og:image:type\" content=\"image\/jpeg\" \/>\n<meta name=\"twitter:card\" content=\"summary_large_image\" \/>\n<script type=\"application\/ld+json\" class=\"yoast-schema-graph\">{\"@context\":\"https:\/\/schema.org\",\"@graph\":[{\"@type\":\"WebPage\",\"@id\":\"https:\/\/hobstop.ee\/lt\/produktas\/kristolas-swarovski-flat-back-hotfix-curvey-2540-12x9-5mm\/\",\"url\":\"https:\/\/hobstop.ee\/lt\/produktas\/kristolas-swarovski-flat-back-hotfix-curvey-2540-12x9-5mm\/\",\"name\":\"Kri\u0161tolas Swarovski Flat Back Hotfix curvey 2540 12x9.5mm &#8211; Skizze\",\"isPartOf\":{\"@id\":\"https:\/\/hobstop.ee\/lt\/#website\"},\"primaryImageOfPage\":{\"@id\":\"https:\/\/hobstop.ee\/lt\/produktas\/kristolas-swarovski-flat-back-hotfix-curvey-2540-12x9-5mm\/#primaryimage\"},\"image\":{\"@id\":\"https:\/\/hobstop.ee\/lt\/produktas\/kristolas-swarovski-flat-back-hotfix-curvey-2540-12x9-5mm\/#primaryimage\"},\"thumbnailUrl\":\"https:\/\/hobstop.ee\/media\/4296.jpg\",\"datePublished\":\"2016-05-16T12:08:42+00:00\",\"dateModified\":\"2016-05-16T12:08:42+00:00\",\"breadcrumb\":{\"@id\":\"https:\/\/hobstop.ee\/lt\/produktas\/kristolas-swarovski-flat-back-hotfix-curvey-2540-12x9-5mm\/#breadcrumb\"},\"inLanguage\":\"lt\",\"potentialAction\":[{\"@type\":\"ReadAction\",\"target\":[\"https:\/\/hobstop.ee\/lt\/produktas\/kristolas-swarovski-flat-back-hotfix-curvey-2540-12x9-5mm\/\"]}]},{\"@type\":\"ImageObject\",\"inLanguage\":\"lt\",\"@id\":\"https:\/\/hobstop.ee\/lt\/produktas\/kristolas-swarovski-flat-back-hotfix-curvey-2540-12x9-5mm\/#primaryimage\",\"url\":\"https:\/\/hobstop.ee\/media\/4296.jpg\",\"contentUrl\":\"https:\/\/hobstop.ee\/media\/4296.jpg\",\"width\":1024,\"height\":768},{\"@type\":\"BreadcrumbList\",\"@id\":\"https:\/\/hobstop.ee\/lt\/produktas\/kristolas-swarovski-flat-back-hotfix-curvey-2540-12x9-5mm\/#breadcrumb\",\"itemListElement\":[{\"@type\":\"ListItem\",\"position\":1,\"name\":\"Avaleht\",\"item\":\"https:\/\/hobstop.ee\/lt\/\"},{\"@type\":\"ListItem\",\"position\":2,\"name\":\"Parduotuv\u0117\",\"item\":\"https:\/\/hobstop.ee\/lt\/parduotuve\/\"},{\"@type\":\"ListItem\",\"position\":3,\"name\":\"Kri\u0161tolas Swarovski Flat Back Hotfix curvey 2540 12&#215;9.5mm\"}]},{\"@type\":\"WebSite\",\"@id\":\"https:\/\/hobstop.ee\/lt\/#website\",\"url\":\"https:\/\/hobstop.ee\/lt\/\",\"name\":\"Skizze\",\"description\":\"Dail\u0117s, pom\u0117gi\u0173 ir mokykliniai reikm\u0117nys\",\"publisher\":{\"@id\":\"https:\/\/hobstop.ee\/lt\/#organization\"},\"potentialAction\":[{\"@type\":\"SearchAction\",\"target\":{\"@type\":\"EntryPoint\",\"urlTemplate\":\"https:\/\/hobstop.ee\/lt\/?s={search_term_string}\"},\"query-input\":{\"@type\":\"PropertyValueSpecification\",\"valueRequired\":true,\"valueName\":\"search_term_string\"}}],\"inLanguage\":\"lt\"},{\"@type\":\"Organization\",\"@id\":\"https:\/\/hobstop.ee\/lt\/#organization\",\"name\":\"Vunder AS\",\"url\":\"https:\/\/hobstop.ee\/lt\/\",\"logo\":{\"@type\":\"ImageObject\",\"inLanguage\":\"lt\",\"@id\":\"https:\/\/hobstop.ee\/lt\/#\/schema\/logo\/image\/\",\"url\":\"https:\/\/hobstop.ee\/media\/vunder-logo.png\",\"contentUrl\":\"https:\/\/hobstop.ee\/media\/vunder-logo.png\",\"width\":127,\"height\":55,\"caption\":\"Vunder AS\"},\"image\":{\"@id\":\"https:\/\/hobstop.ee\/lt\/#\/schema\/logo\/image\/\"},\"sameAs\":[\"http:\/\/www.facebook.com\/VunderSkizze\"]}]}<\/script>\n<!-- \/ Yoast SEO plugin. -->","yoast_head_json":{"title":"Kri\u0161tolas Swarovski Flat Back Hotfix curvey 2540 12x9.5mm &#8211; Skizze","robots":{"index":"noindex","follow":"follow","max-snippet":"max-snippet:-1","max-image-preview":"max-image-preview:large","max-video-preview":"max-video-preview:-1"},"og_locale":"lt_LT","og_type":"article","og_title":"Kri\u0161tolas Swarovski Flat Back Hotfix curvey 2540 12x9.5mm &#8211; Skizze","og_description":"Swarovskio karoliukus \u201eFlat Backs Hotfix\u201c lengvai lygintuvu pritvirtinsite prie \u012fvairi\u0173 tekstil\u0117s gamini\u0173, pavyzd\u017eiui, vilnos, medviln\u0117s, lino, viskoz\u0117s, lykros, alcantaros, \u0161ilko, sintetikos, d\u017einsin\u0117s med\u017eiagos ir t.t. Karoliuko pagrindas yra pagamintas i\u0161 kar\u0161tyje tirpstan\u010dios lipnios med\u017eiagos, tod\u0117l paveiktas kar\u0161\u010dio karoliukas prilimta prie audinio. Karoliukais dekoruotus gaminius galima skalbti, tod\u0117l jie puikiai tinka r\u016bbams, rankin\u0117ms, avalynei ir pan. papuo\u0161ti. \u201eCREATE YOUR STYLE with SWAROVSKI ELEMENTS\u201c prek\u0117s \u017eenklas u\u017etikrina geriausi\u0105 Austrijos kristal\u0173 kokyb\u0119!","og_url":"https:\/\/hobstop.ee\/lt\/produktas\/kristolas-swarovski-flat-back-hotfix-curvey-2540-12x9-5mm\/","og_site_name":"Skizze","article_publisher":"http:\/\/www.facebook.com\/VunderSkizze","og_image":[{"width":1024,"height":768,"url":"https:\/\/hobstop.ee\/media\/4296.jpg","type":"image\/jpeg"}],"twitter_card":"summary_large_image","schema":{"@context":"https:\/\/schema.org","@graph":[{"@type":"WebPage","@id":"https:\/\/hobstop.ee\/lt\/produktas\/kristolas-swarovski-flat-back-hotfix-curvey-2540-12x9-5mm\/","url":"https:\/\/hobstop.ee\/lt\/produktas\/kristolas-swarovski-flat-back-hotfix-curvey-2540-12x9-5mm\/","name":"Kri\u0161tolas Swarovski Flat Back Hotfix curvey 2540 12x9.5mm &#8211; Skizze","isPartOf":{"@id":"https:\/\/hobstop.ee\/lt\/#website"},"primaryImageOfPage":{"@id":"https:\/\/hobstop.ee\/lt\/produktas\/kristolas-swarovski-flat-back-hotfix-curvey-2540-12x9-5mm\/#primaryimage"},"image":{"@id":"https:\/\/hobstop.ee\/lt\/produktas\/kristolas-swarovski-flat-back-hotfix-curvey-2540-12x9-5mm\/#primaryimage"},"thumbnailUrl":"https:\/\/hobstop.ee\/media\/4296.jpg","datePublished":"2016-05-16T12:08:42+00:00","dateModified":"2016-05-16T12:08:42+00:00","breadcrumb":{"@id":"https:\/\/hobstop.ee\/lt\/produktas\/kristolas-swarovski-flat-back-hotfix-curvey-2540-12x9-5mm\/#breadcrumb"},"inLanguage":"lt","potentialAction":[{"@type":"ReadAction","target":["https:\/\/hobstop.ee\/lt\/produktas\/kristolas-swarovski-flat-back-hotfix-curvey-2540-12x9-5mm\/"]}]},{"@type":"ImageObject","inLanguage":"lt","@id":"https:\/\/hobstop.ee\/lt\/produktas\/kristolas-swarovski-flat-back-hotfix-curvey-2540-12x9-5mm\/#primaryimage","url":"https:\/\/hobstop.ee\/media\/4296.jpg","contentUrl":"https:\/\/hobstop.ee\/media\/4296.jpg","width":1024,"height":768},{"@type":"BreadcrumbList","@id":"https:\/\/hobstop.ee\/lt\/produktas\/kristolas-swarovski-flat-back-hotfix-curvey-2540-12x9-5mm\/#breadcrumb","itemListElement":[{"@type":"ListItem","position":1,"name":"Avaleht","item":"https:\/\/hobstop.ee\/lt\/"},{"@type":"ListItem","position":2,"name":"Parduotuv\u0117","item":"https:\/\/hobstop.ee\/lt\/parduotuve\/"},{"@type":"ListItem","position":3,"name":"Kri\u0161tolas Swarovski Flat Back Hotfix curvey 2540 12&#215;9.5mm"}]},{"@type":"WebSite","@id":"https:\/\/hobstop.ee\/lt\/#website","url":"https:\/\/hobstop.ee\/lt\/","name":"Skizze","description":"Dail\u0117s, pom\u0117gi\u0173 ir mokykliniai reikm\u0117nys","publisher":{"@id":"https:\/\/hobstop.ee\/lt\/#organization"},"potentialAction":[{"@type":"SearchAction","target":{"@type":"EntryPoint","urlTemplate":"https:\/\/hobstop.ee\/lt\/?s={search_term_string}"},"query-input":{"@type":"PropertyValueSpecification","valueRequired":true,"valueName":"search_term_string"}}],"inLanguage":"lt"},{"@type":"Organization","@id":"https:\/\/hobstop.ee\/lt\/#organization","name":"Vunder AS","url":"https:\/\/hobstop.ee\/lt\/","logo":{"@type":"ImageObject","inLanguage":"lt","@id":"https:\/\/hobstop.ee\/lt\/#\/schema\/logo\/image\/","url":"https:\/\/hobstop.ee\/media\/vunder-logo.png","contentUrl":"https:\/\/hobstop.ee\/media\/vunder-logo.png","width":127,"height":55,"caption":"Vunder AS"},"image":{"@id":"https:\/\/hobstop.ee\/lt\/#\/schema\/logo\/image\/"},"sameAs":["http:\/\/www.facebook.com\/VunderSkizze"]}]}},"_links":{"self":[{"href":"https:\/\/hobstop.ee\/lt\/wp-json\/wp\/v2\/product\/265942","targetHints":{"allow":["GET"]}}],"collection":[{"href":"https:\/\/hobstop.ee\/lt\/wp-json\/wp\/v2\/product"}],"about":[{"href":"https:\/\/hobstop.ee\/lt\/wp-json\/wp\/v2\/types\/product"}],"replies":[{"embeddable":true,"href":"https:\/\/hobstop.ee\/lt\/wp-json\/wp\/v2\/comments?post=265942"}],"wp:featuredmedia":[{"embeddable":true,"href":"https:\/\/hobstop.ee\/lt\/wp-json\/wp\/v2\/media\/266158"}],"wp:attachment":[{"href":"https:\/\/hobstop.ee\/lt\/wp-json\/wp\/v2\/media?parent=265942"}],"wp:term":[{"taxonomy":"product_cat","embeddable":true,"href":"https:\/\/hobstop.ee\/lt\/wp-json\/wp\/v2\/product_cat?post=265942"},{"taxonomy":"product_tag","embeddable":true,"href":"https:\/\/hobstop.ee\/lt\/wp-json\/wp\/v2\/product_tag?post=265942"}],"curies":[{"name":"wp","href":"https:\/\/api.w.org\/{rel}","templated":true}]}}