{"id":265978,"date":"2016-05-16T15:08:50","date_gmt":"2016-05-16T12:08:50","guid":{"rendered":"https:\/\/sharks.ee\/vunder_2019\/lt\/product\/kristolas-swarovski-flat-back-no-hotfix-apvalus-2035-10mm\/"},"modified":"2016-05-16T15:08:50","modified_gmt":"2016-05-16T12:08:50","slug":"kristolas-swarovski-flat-back-no-hotfix-apvalus-2035-10mm","status":"publish","type":"product","link":"https:\/\/hobstop.ee\/lt\/produktas\/kristolas-swarovski-flat-back-no-hotfix-apvalus-2035-10mm\/","title":{"rendered":"Kri\u0161tolas Swarovski Flat Back No Hotfix apvalus 2035 10mm"},"content":{"rendered":"<p>Karoliukus \u201eFlat Backs No Hotfix\u201c lengvai pritvirtinsite prie \u012fvairi\u0173 lyginimui nepakan\u010di\u0173 med\u017eiag\u0173. Jie yra tvirti, patvar\u016bs ir universal\u016bs, tod\u0117l puikiai tinka laikrod\u017eiams, aksesuarams, paveiksl\u0173 r\u0117mams, rankin\u0117ms, elektroniniams prietaisams, albumams, ra\u0161ikliams bei pie\u0161tukams, nagams ir pan. dekoruoti. \u201eCREATE YOUR STYLE with SWAROVSKI ELEMENTS\u201c prek\u0117s \u017eenklas u\u017etikrina geriausi\u0105 Austrijos kristal\u0173 kokyb\u0119!<\/p>\n","protected":false},"excerpt":{"rendered":"<p>Karoliukus \u201eFlat Backs No Hotfix\u201c lengvai pritvirtinsite prie \u012fvairi\u0173 lyginimui nepakan\u010di\u0173 med\u017eiag\u0173. Jie yra tvirti, patvar\u016bs ir universal\u016bs, tod\u0117l puikiai tinka laikrod\u017eiams, aksesuarams, paveiksl\u0173 r\u0117mams, rankin\u0117ms, elektroniniams prietaisams, albumams, ra\u0161ikliams bei pie\u0161tukams, nagams ir pan. dekoruoti. \u201eCREATE YOUR STYLE with SWAROVSKI ELEMENTS\u201c prek\u0117s \u017eenklas u\u017etikrina geriausi\u0105 Austrijos kristal\u0173 kokyb\u0119!<\/p>\n","protected":false},"featured_media":266194,"comment_status":"closed","ping_status":"closed","template":"","meta":{"_acf_changed":false,"ep_exclude_from_search":false},"product_cat":[18983,17969,17919],"product_tag":[],"class_list":{"0":"post-265978","1":"product","2":"type-product","3":"status-publish","4":"has-post-thumbnail","6":"product_cat-ivairus-38","7":"product_cat-kitos-prekes","8":"product_cat-pomegiu-prekes","10":"first","11":"instock","12":"taxable","13":"shipping-taxable","14":"product-type-simple"},"acf":[],"yoast_head":"<!-- This site is optimized with the Yoast SEO plugin v24.1 - https:\/\/yoast.com\/wordpress\/plugins\/seo\/ -->\n<title>Kri\u0161tolas Swarovski Flat Back No Hotfix apvalus 2035 10mm &#8211; Skizze<\/title>\n<meta name=\"robots\" content=\"noindex, follow, max-snippet:-1, max-image-preview:large, max-video-preview:-1\" \/>\n<meta property=\"og:locale\" content=\"lt_LT\" \/>\n<meta property=\"og:type\" content=\"article\" \/>\n<meta property=\"og:title\" content=\"Kri\u0161tolas Swarovski Flat Back No Hotfix apvalus 2035 10mm &#8211; Skizze\" \/>\n<meta property=\"og:description\" content=\"Karoliukus \u201eFlat Backs No Hotfix\u201c lengvai pritvirtinsite prie \u012fvairi\u0173 lyginimui nepakan\u010di\u0173 med\u017eiag\u0173. Jie yra tvirti, patvar\u016bs ir universal\u016bs, tod\u0117l puikiai tinka laikrod\u017eiams, aksesuarams, paveiksl\u0173 r\u0117mams, rankin\u0117ms, elektroniniams prietaisams, albumams, ra\u0161ikliams bei pie\u0161tukams, nagams ir pan. dekoruoti. \u201eCREATE YOUR STYLE with SWAROVSKI ELEMENTS\u201c prek\u0117s \u017eenklas u\u017etikrina geriausi\u0105 Austrijos kristal\u0173 kokyb\u0119!\" \/>\n<meta property=\"og:url\" content=\"https:\/\/hobstop.ee\/lt\/produktas\/kristolas-swarovski-flat-back-no-hotfix-apvalus-2035-10mm\/\" \/>\n<meta property=\"og:site_name\" content=\"Skizze\" \/>\n<meta property=\"article:publisher\" content=\"http:\/\/www.facebook.com\/VunderSkizze\" \/>\n<meta property=\"og:image\" content=\"https:\/\/hobstop.ee\/media\/4305.jpg\" \/>\n\t<meta property=\"og:image:width\" content=\"1024\" \/>\n\t<meta property=\"og:image:height\" content=\"768\" \/>\n\t<meta property=\"og:image:type\" content=\"image\/jpeg\" \/>\n<meta name=\"twitter:card\" content=\"summary_large_image\" \/>\n<script type=\"application\/ld+json\" class=\"yoast-schema-graph\">{\"@context\":\"https:\/\/schema.org\",\"@graph\":[{\"@type\":\"WebPage\",\"@id\":\"https:\/\/hobstop.ee\/lt\/produktas\/kristolas-swarovski-flat-back-no-hotfix-apvalus-2035-10mm\/\",\"url\":\"https:\/\/hobstop.ee\/lt\/produktas\/kristolas-swarovski-flat-back-no-hotfix-apvalus-2035-10mm\/\",\"name\":\"Kri\u0161tolas Swarovski Flat Back No Hotfix apvalus 2035 10mm &#8211; Skizze\",\"isPartOf\":{\"@id\":\"https:\/\/hobstop.ee\/lt\/#website\"},\"primaryImageOfPage\":{\"@id\":\"https:\/\/hobstop.ee\/lt\/produktas\/kristolas-swarovski-flat-back-no-hotfix-apvalus-2035-10mm\/#primaryimage\"},\"image\":{\"@id\":\"https:\/\/hobstop.ee\/lt\/produktas\/kristolas-swarovski-flat-back-no-hotfix-apvalus-2035-10mm\/#primaryimage\"},\"thumbnailUrl\":\"https:\/\/hobstop.ee\/media\/4305.jpg\",\"datePublished\":\"2016-05-16T12:08:50+00:00\",\"dateModified\":\"2016-05-16T12:08:50+00:00\",\"breadcrumb\":{\"@id\":\"https:\/\/hobstop.ee\/lt\/produktas\/kristolas-swarovski-flat-back-no-hotfix-apvalus-2035-10mm\/#breadcrumb\"},\"inLanguage\":\"lt\",\"potentialAction\":[{\"@type\":\"ReadAction\",\"target\":[\"https:\/\/hobstop.ee\/lt\/produktas\/kristolas-swarovski-flat-back-no-hotfix-apvalus-2035-10mm\/\"]}]},{\"@type\":\"ImageObject\",\"inLanguage\":\"lt\",\"@id\":\"https:\/\/hobstop.ee\/lt\/produktas\/kristolas-swarovski-flat-back-no-hotfix-apvalus-2035-10mm\/#primaryimage\",\"url\":\"https:\/\/hobstop.ee\/media\/4305.jpg\",\"contentUrl\":\"https:\/\/hobstop.ee\/media\/4305.jpg\",\"width\":1024,\"height\":768},{\"@type\":\"BreadcrumbList\",\"@id\":\"https:\/\/hobstop.ee\/lt\/produktas\/kristolas-swarovski-flat-back-no-hotfix-apvalus-2035-10mm\/#breadcrumb\",\"itemListElement\":[{\"@type\":\"ListItem\",\"position\":1,\"name\":\"Avaleht\",\"item\":\"https:\/\/hobstop.ee\/lt\/\"},{\"@type\":\"ListItem\",\"position\":2,\"name\":\"Parduotuv\u0117\",\"item\":\"https:\/\/hobstop.ee\/lt\/parduotuve\/\"},{\"@type\":\"ListItem\",\"position\":3,\"name\":\"Kri\u0161tolas Swarovski Flat Back No Hotfix apvalus 2035 10mm\"}]},{\"@type\":\"WebSite\",\"@id\":\"https:\/\/hobstop.ee\/lt\/#website\",\"url\":\"https:\/\/hobstop.ee\/lt\/\",\"name\":\"Skizze\",\"description\":\"Dail\u0117s, pom\u0117gi\u0173 ir mokykliniai reikm\u0117nys\",\"publisher\":{\"@id\":\"https:\/\/hobstop.ee\/lt\/#organization\"},\"potentialAction\":[{\"@type\":\"SearchAction\",\"target\":{\"@type\":\"EntryPoint\",\"urlTemplate\":\"https:\/\/hobstop.ee\/lt\/?s={search_term_string}\"},\"query-input\":{\"@type\":\"PropertyValueSpecification\",\"valueRequired\":true,\"valueName\":\"search_term_string\"}}],\"inLanguage\":\"lt\"},{\"@type\":\"Organization\",\"@id\":\"https:\/\/hobstop.ee\/lt\/#organization\",\"name\":\"Vunder AS\",\"url\":\"https:\/\/hobstop.ee\/lt\/\",\"logo\":{\"@type\":\"ImageObject\",\"inLanguage\":\"lt\",\"@id\":\"https:\/\/hobstop.ee\/lt\/#\/schema\/logo\/image\/\",\"url\":\"https:\/\/hobstop.ee\/media\/vunder-logo.png\",\"contentUrl\":\"https:\/\/hobstop.ee\/media\/vunder-logo.png\",\"width\":127,\"height\":55,\"caption\":\"Vunder AS\"},\"image\":{\"@id\":\"https:\/\/hobstop.ee\/lt\/#\/schema\/logo\/image\/\"},\"sameAs\":[\"http:\/\/www.facebook.com\/VunderSkizze\"]}]}<\/script>\n<!-- \/ Yoast SEO plugin. -->","yoast_head_json":{"title":"Kri\u0161tolas Swarovski Flat Back No Hotfix apvalus 2035 10mm &#8211; Skizze","robots":{"index":"noindex","follow":"follow","max-snippet":"max-snippet:-1","max-image-preview":"max-image-preview:large","max-video-preview":"max-video-preview:-1"},"og_locale":"lt_LT","og_type":"article","og_title":"Kri\u0161tolas Swarovski Flat Back No Hotfix apvalus 2035 10mm &#8211; Skizze","og_description":"Karoliukus \u201eFlat Backs No Hotfix\u201c lengvai pritvirtinsite prie \u012fvairi\u0173 lyginimui nepakan\u010di\u0173 med\u017eiag\u0173. Jie yra tvirti, patvar\u016bs ir universal\u016bs, tod\u0117l puikiai tinka laikrod\u017eiams, aksesuarams, paveiksl\u0173 r\u0117mams, rankin\u0117ms, elektroniniams prietaisams, albumams, ra\u0161ikliams bei pie\u0161tukams, nagams ir pan. dekoruoti. \u201eCREATE YOUR STYLE with SWAROVSKI ELEMENTS\u201c prek\u0117s \u017eenklas u\u017etikrina geriausi\u0105 Austrijos kristal\u0173 kokyb\u0119!","og_url":"https:\/\/hobstop.ee\/lt\/produktas\/kristolas-swarovski-flat-back-no-hotfix-apvalus-2035-10mm\/","og_site_name":"Skizze","article_publisher":"http:\/\/www.facebook.com\/VunderSkizze","og_image":[{"width":1024,"height":768,"url":"https:\/\/hobstop.ee\/media\/4305.jpg","type":"image\/jpeg"}],"twitter_card":"summary_large_image","schema":{"@context":"https:\/\/schema.org","@graph":[{"@type":"WebPage","@id":"https:\/\/hobstop.ee\/lt\/produktas\/kristolas-swarovski-flat-back-no-hotfix-apvalus-2035-10mm\/","url":"https:\/\/hobstop.ee\/lt\/produktas\/kristolas-swarovski-flat-back-no-hotfix-apvalus-2035-10mm\/","name":"Kri\u0161tolas Swarovski Flat Back No Hotfix apvalus 2035 10mm &#8211; Skizze","isPartOf":{"@id":"https:\/\/hobstop.ee\/lt\/#website"},"primaryImageOfPage":{"@id":"https:\/\/hobstop.ee\/lt\/produktas\/kristolas-swarovski-flat-back-no-hotfix-apvalus-2035-10mm\/#primaryimage"},"image":{"@id":"https:\/\/hobstop.ee\/lt\/produktas\/kristolas-swarovski-flat-back-no-hotfix-apvalus-2035-10mm\/#primaryimage"},"thumbnailUrl":"https:\/\/hobstop.ee\/media\/4305.jpg","datePublished":"2016-05-16T12:08:50+00:00","dateModified":"2016-05-16T12:08:50+00:00","breadcrumb":{"@id":"https:\/\/hobstop.ee\/lt\/produktas\/kristolas-swarovski-flat-back-no-hotfix-apvalus-2035-10mm\/#breadcrumb"},"inLanguage":"lt","potentialAction":[{"@type":"ReadAction","target":["https:\/\/hobstop.ee\/lt\/produktas\/kristolas-swarovski-flat-back-no-hotfix-apvalus-2035-10mm\/"]}]},{"@type":"ImageObject","inLanguage":"lt","@id":"https:\/\/hobstop.ee\/lt\/produktas\/kristolas-swarovski-flat-back-no-hotfix-apvalus-2035-10mm\/#primaryimage","url":"https:\/\/hobstop.ee\/media\/4305.jpg","contentUrl":"https:\/\/hobstop.ee\/media\/4305.jpg","width":1024,"height":768},{"@type":"BreadcrumbList","@id":"https:\/\/hobstop.ee\/lt\/produktas\/kristolas-swarovski-flat-back-no-hotfix-apvalus-2035-10mm\/#breadcrumb","itemListElement":[{"@type":"ListItem","position":1,"name":"Avaleht","item":"https:\/\/hobstop.ee\/lt\/"},{"@type":"ListItem","position":2,"name":"Parduotuv\u0117","item":"https:\/\/hobstop.ee\/lt\/parduotuve\/"},{"@type":"ListItem","position":3,"name":"Kri\u0161tolas Swarovski Flat Back No Hotfix apvalus 2035 10mm"}]},{"@type":"WebSite","@id":"https:\/\/hobstop.ee\/lt\/#website","url":"https:\/\/hobstop.ee\/lt\/","name":"Skizze","description":"Dail\u0117s, pom\u0117gi\u0173 ir mokykliniai reikm\u0117nys","publisher":{"@id":"https:\/\/hobstop.ee\/lt\/#organization"},"potentialAction":[{"@type":"SearchAction","target":{"@type":"EntryPoint","urlTemplate":"https:\/\/hobstop.ee\/lt\/?s={search_term_string}"},"query-input":{"@type":"PropertyValueSpecification","valueRequired":true,"valueName":"search_term_string"}}],"inLanguage":"lt"},{"@type":"Organization","@id":"https:\/\/hobstop.ee\/lt\/#organization","name":"Vunder AS","url":"https:\/\/hobstop.ee\/lt\/","logo":{"@type":"ImageObject","inLanguage":"lt","@id":"https:\/\/hobstop.ee\/lt\/#\/schema\/logo\/image\/","url":"https:\/\/hobstop.ee\/media\/vunder-logo.png","contentUrl":"https:\/\/hobstop.ee\/media\/vunder-logo.png","width":127,"height":55,"caption":"Vunder AS"},"image":{"@id":"https:\/\/hobstop.ee\/lt\/#\/schema\/logo\/image\/"},"sameAs":["http:\/\/www.facebook.com\/VunderSkizze"]}]}},"_links":{"self":[{"href":"https:\/\/hobstop.ee\/lt\/wp-json\/wp\/v2\/product\/265978","targetHints":{"allow":["GET"]}}],"collection":[{"href":"https:\/\/hobstop.ee\/lt\/wp-json\/wp\/v2\/product"}],"about":[{"href":"https:\/\/hobstop.ee\/lt\/wp-json\/wp\/v2\/types\/product"}],"replies":[{"embeddable":true,"href":"https:\/\/hobstop.ee\/lt\/wp-json\/wp\/v2\/comments?post=265978"}],"wp:featuredmedia":[{"embeddable":true,"href":"https:\/\/hobstop.ee\/lt\/wp-json\/wp\/v2\/media\/266194"}],"wp:attachment":[{"href":"https:\/\/hobstop.ee\/lt\/wp-json\/wp\/v2\/media?parent=265978"}],"wp:term":[{"taxonomy":"product_cat","embeddable":true,"href":"https:\/\/hobstop.ee\/lt\/wp-json\/wp\/v2\/product_cat?post=265978"},{"taxonomy":"product_tag","embeddable":true,"href":"https:\/\/hobstop.ee\/lt\/wp-json\/wp\/v2\/product_tag?post=265978"}],"curies":[{"name":"wp","href":"https:\/\/api.w.org\/{rel}","templated":true}]}}