{"id":266812,"date":"2016-05-23T11:37:29","date_gmt":"2016-05-23T08:37:29","guid":{"rendered":"https:\/\/sharks.ee\/vunder_2019\/lt\/product\/veido-dazu-rinkinys-snazaroo-face-painters-kit\/"},"modified":"2016-05-23T11:37:29","modified_gmt":"2016-05-23T08:37:29","slug":"veido-dazu-rinkinys-snazaroo-face-painters-kit","status":"publish","type":"product","link":"https:\/\/hobstop.ee\/lt\/produktas\/veido-dazu-rinkinys-snazaroo-face-painters-kit\/","title":{"rendered":"Veido da\u017e\u0173 rinkinys Snazaroo Face Painters Kit"},"content":{"rendered":"<p>Idealiai tinkantis pa\u017eengusiems veid\u0173 da\u017eytojams rinkinys, kuriame yra viskas, ko tik reikia pie\u0161ti \u0161ypsen\u0105 po \u0161ypsenos ir dar daugiau \u0161ypsen\u0173. Puikiai tinka mokykloms, \u017eaidim\u0173 kambariams, mug\u0117ms ir u\u017eklasin\u0117s veiklos b\u016breliams. Visi reikmenys yra sud\u0117ti \u012f lengvai valom\u0105 d\u0117\u017eut\u0119. Galima nuda\u017eyti apie 600 veid\u0173.<\/p>\n<p>Komplekte yra:<br \/>\nGrimo da\u017eai 30ml (2vnt.)<br \/>\nGrimo da\u017eai 18ml (8vnt.)<br \/>\nTanki kempin\u0117l\u0117 (10vnt.)<br \/>\nTeptukai (3vnt.)<br \/>\nGrimo da\u017eai (blizgus gelis) 12ml (3vnt.)<br \/>\nPlastikin\u0117 d\u0117\u017eut\u0117<\/p>\n","protected":false},"excerpt":{"rendered":"<p>Idealiai tinkantis pa\u017eengusiems veid\u0173 da\u017eytojams rinkinys, kuriame yra viskas, ko tik reikia pie\u0161ti \u0161ypsen\u0105 po \u0161ypsenos ir dar daugiau \u0161ypsen\u0173. Puikiai tinka mokykloms, \u017eaidim\u0173 kambariams, mug\u0117ms ir u\u017eklasin\u0117s veiklos b\u016breliams. Visi reikmenys yra sud\u0117ti \u012f lengvai valom\u0105 d\u0117\u017eut\u0119. Galima nuda\u017eyti apie 600 veid\u0173. Komplekte yra: Grimo da\u017eai 30ml (2vnt.) Grimo da\u017eai 18ml (8vnt.) Tanki kempin\u0117l\u0117 (10vnt.) Teptukai (3vnt.) Grimo da\u017eai (blizgus gelis) 12ml (3vnt.) Plastikin\u0117 d\u0117\u017eut\u0117<\/p>\n","protected":false},"featured_media":328416,"comment_status":"closed","ping_status":"closed","template":"","meta":{"_acf_changed":false,"ep_exclude_from_search":false},"product_cat":[18929,17919,14942],"product_tag":[],"class_list":{"0":"post-266812","1":"product","2":"type-product","3":"status-publish","4":"has-post-thumbnail","6":"product_cat-dazai-kunui-dazyti","7":"product_cat-pomegiu-prekes","8":"product_cat-tussid-ja-tindid","10":"first","11":"instock","12":"taxable","13":"shipping-taxable","14":"product-type-variable"},"acf":[],"yoast_head":"<!-- This site is optimized with the Yoast SEO plugin v24.1 - https:\/\/yoast.com\/wordpress\/plugins\/seo\/ -->\n<title>Veido da\u017e\u0173 rinkinys Snazaroo Face Painters Kit &#8211; Skizze<\/title>\n<meta name=\"robots\" content=\"noindex, follow, max-snippet:-1, max-image-preview:large, max-video-preview:-1\" \/>\n<meta property=\"og:locale\" content=\"lt_LT\" \/>\n<meta property=\"og:type\" content=\"article\" \/>\n<meta property=\"og:title\" content=\"Veido da\u017e\u0173 rinkinys Snazaroo Face Painters Kit &#8211; Skizze\" \/>\n<meta property=\"og:description\" content=\"Idealiai tinkantis pa\u017eengusiems veid\u0173 da\u017eytojams rinkinys, kuriame yra viskas, ko tik reikia pie\u0161ti \u0161ypsen\u0105 po \u0161ypsenos ir dar daugiau \u0161ypsen\u0173. Puikiai tinka mokykloms, \u017eaidim\u0173 kambariams, mug\u0117ms ir u\u017eklasin\u0117s veiklos b\u016breliams. Visi reikmenys yra sud\u0117ti \u012f lengvai valom\u0105 d\u0117\u017eut\u0119. Galima nuda\u017eyti apie 600 veid\u0173. Komplekte yra: Grimo da\u017eai 30ml (2vnt.) Grimo da\u017eai 18ml (8vnt.) Tanki kempin\u0117l\u0117 (10vnt.) Teptukai (3vnt.) Grimo da\u017eai (blizgus gelis) 12ml (3vnt.) Plastikin\u0117 d\u0117\u017eut\u0117\" \/>\n<meta property=\"og:url\" content=\"https:\/\/hobstop.ee\/lt\/produktas\/veido-dazu-rinkinys-snazaroo-face-painters-kit\/\" \/>\n<meta property=\"og:site_name\" content=\"Skizze\" \/>\n<meta property=\"article:publisher\" content=\"http:\/\/www.facebook.com\/VunderSkizze\" \/>\n<meta property=\"og:image\" content=\"https:\/\/hobstop.ee\/media\/4343.jpg\" \/>\n\t<meta property=\"og:image:width\" content=\"1024\" \/>\n\t<meta property=\"og:image:height\" content=\"768\" \/>\n\t<meta property=\"og:image:type\" content=\"image\/jpeg\" \/>\n<meta name=\"twitter:card\" content=\"summary_large_image\" \/>\n<script type=\"application\/ld+json\" class=\"yoast-schema-graph\">{\"@context\":\"https:\/\/schema.org\",\"@graph\":[{\"@type\":\"WebPage\",\"@id\":\"https:\/\/hobstop.ee\/lt\/produktas\/veido-dazu-rinkinys-snazaroo-face-painters-kit\/\",\"url\":\"https:\/\/hobstop.ee\/lt\/produktas\/veido-dazu-rinkinys-snazaroo-face-painters-kit\/\",\"name\":\"Veido da\u017e\u0173 rinkinys Snazaroo Face Painters Kit &#8211; Skizze\",\"isPartOf\":{\"@id\":\"https:\/\/hobstop.ee\/lt\/#website\"},\"primaryImageOfPage\":{\"@id\":\"https:\/\/hobstop.ee\/lt\/produktas\/veido-dazu-rinkinys-snazaroo-face-painters-kit\/#primaryimage\"},\"image\":{\"@id\":\"https:\/\/hobstop.ee\/lt\/produktas\/veido-dazu-rinkinys-snazaroo-face-painters-kit\/#primaryimage\"},\"thumbnailUrl\":\"https:\/\/hobstop.ee\/media\/4343.jpg\",\"datePublished\":\"2016-05-23T08:37:29+00:00\",\"dateModified\":\"2016-05-23T08:37:29+00:00\",\"breadcrumb\":{\"@id\":\"https:\/\/hobstop.ee\/lt\/produktas\/veido-dazu-rinkinys-snazaroo-face-painters-kit\/#breadcrumb\"},\"inLanguage\":\"lt\",\"potentialAction\":[{\"@type\":\"ReadAction\",\"target\":[\"https:\/\/hobstop.ee\/lt\/produktas\/veido-dazu-rinkinys-snazaroo-face-painters-kit\/\"]}]},{\"@type\":\"ImageObject\",\"inLanguage\":\"lt\",\"@id\":\"https:\/\/hobstop.ee\/lt\/produktas\/veido-dazu-rinkinys-snazaroo-face-painters-kit\/#primaryimage\",\"url\":\"https:\/\/hobstop.ee\/media\/4343.jpg\",\"contentUrl\":\"https:\/\/hobstop.ee\/media\/4343.jpg\",\"width\":1024,\"height\":768},{\"@type\":\"BreadcrumbList\",\"@id\":\"https:\/\/hobstop.ee\/lt\/produktas\/veido-dazu-rinkinys-snazaroo-face-painters-kit\/#breadcrumb\",\"itemListElement\":[{\"@type\":\"ListItem\",\"position\":1,\"name\":\"Avaleht\",\"item\":\"https:\/\/hobstop.ee\/lt\/\"},{\"@type\":\"ListItem\",\"position\":2,\"name\":\"Parduotuv\u0117\",\"item\":\"https:\/\/hobstop.ee\/lt\/parduotuve\/\"},{\"@type\":\"ListItem\",\"position\":3,\"name\":\"Veido da\u017e\u0173 rinkinys Snazaroo Face Painters Kit\"}]},{\"@type\":\"WebSite\",\"@id\":\"https:\/\/hobstop.ee\/lt\/#website\",\"url\":\"https:\/\/hobstop.ee\/lt\/\",\"name\":\"Skizze\",\"description\":\"Dail\u0117s, pom\u0117gi\u0173 ir mokykliniai reikm\u0117nys\",\"publisher\":{\"@id\":\"https:\/\/hobstop.ee\/lt\/#organization\"},\"potentialAction\":[{\"@type\":\"SearchAction\",\"target\":{\"@type\":\"EntryPoint\",\"urlTemplate\":\"https:\/\/hobstop.ee\/lt\/?s={search_term_string}\"},\"query-input\":{\"@type\":\"PropertyValueSpecification\",\"valueRequired\":true,\"valueName\":\"search_term_string\"}}],\"inLanguage\":\"lt\"},{\"@type\":\"Organization\",\"@id\":\"https:\/\/hobstop.ee\/lt\/#organization\",\"name\":\"Vunder AS\",\"url\":\"https:\/\/hobstop.ee\/lt\/\",\"logo\":{\"@type\":\"ImageObject\",\"inLanguage\":\"lt\",\"@id\":\"https:\/\/hobstop.ee\/lt\/#\/schema\/logo\/image\/\",\"url\":\"https:\/\/hobstop.ee\/media\/vunder-logo.png\",\"contentUrl\":\"https:\/\/hobstop.ee\/media\/vunder-logo.png\",\"width\":127,\"height\":55,\"caption\":\"Vunder AS\"},\"image\":{\"@id\":\"https:\/\/hobstop.ee\/lt\/#\/schema\/logo\/image\/\"},\"sameAs\":[\"http:\/\/www.facebook.com\/VunderSkizze\"]}]}<\/script>\n<!-- \/ Yoast SEO plugin. -->","yoast_head_json":{"title":"Veido da\u017e\u0173 rinkinys Snazaroo Face Painters Kit &#8211; Skizze","robots":{"index":"noindex","follow":"follow","max-snippet":"max-snippet:-1","max-image-preview":"max-image-preview:large","max-video-preview":"max-video-preview:-1"},"og_locale":"lt_LT","og_type":"article","og_title":"Veido da\u017e\u0173 rinkinys Snazaroo Face Painters Kit &#8211; Skizze","og_description":"Idealiai tinkantis pa\u017eengusiems veid\u0173 da\u017eytojams rinkinys, kuriame yra viskas, ko tik reikia pie\u0161ti \u0161ypsen\u0105 po \u0161ypsenos ir dar daugiau \u0161ypsen\u0173. Puikiai tinka mokykloms, \u017eaidim\u0173 kambariams, mug\u0117ms ir u\u017eklasin\u0117s veiklos b\u016breliams. Visi reikmenys yra sud\u0117ti \u012f lengvai valom\u0105 d\u0117\u017eut\u0119. Galima nuda\u017eyti apie 600 veid\u0173. Komplekte yra: Grimo da\u017eai 30ml (2vnt.) Grimo da\u017eai 18ml (8vnt.) Tanki kempin\u0117l\u0117 (10vnt.) Teptukai (3vnt.) Grimo da\u017eai (blizgus gelis) 12ml (3vnt.) Plastikin\u0117 d\u0117\u017eut\u0117","og_url":"https:\/\/hobstop.ee\/lt\/produktas\/veido-dazu-rinkinys-snazaroo-face-painters-kit\/","og_site_name":"Skizze","article_publisher":"http:\/\/www.facebook.com\/VunderSkizze","og_image":[{"width":1024,"height":768,"url":"https:\/\/hobstop.ee\/media\/4343.jpg","type":"image\/jpeg"}],"twitter_card":"summary_large_image","schema":{"@context":"https:\/\/schema.org","@graph":[{"@type":"WebPage","@id":"https:\/\/hobstop.ee\/lt\/produktas\/veido-dazu-rinkinys-snazaroo-face-painters-kit\/","url":"https:\/\/hobstop.ee\/lt\/produktas\/veido-dazu-rinkinys-snazaroo-face-painters-kit\/","name":"Veido da\u017e\u0173 rinkinys Snazaroo Face Painters Kit &#8211; Skizze","isPartOf":{"@id":"https:\/\/hobstop.ee\/lt\/#website"},"primaryImageOfPage":{"@id":"https:\/\/hobstop.ee\/lt\/produktas\/veido-dazu-rinkinys-snazaroo-face-painters-kit\/#primaryimage"},"image":{"@id":"https:\/\/hobstop.ee\/lt\/produktas\/veido-dazu-rinkinys-snazaroo-face-painters-kit\/#primaryimage"},"thumbnailUrl":"https:\/\/hobstop.ee\/media\/4343.jpg","datePublished":"2016-05-23T08:37:29+00:00","dateModified":"2016-05-23T08:37:29+00:00","breadcrumb":{"@id":"https:\/\/hobstop.ee\/lt\/produktas\/veido-dazu-rinkinys-snazaroo-face-painters-kit\/#breadcrumb"},"inLanguage":"lt","potentialAction":[{"@type":"ReadAction","target":["https:\/\/hobstop.ee\/lt\/produktas\/veido-dazu-rinkinys-snazaroo-face-painters-kit\/"]}]},{"@type":"ImageObject","inLanguage":"lt","@id":"https:\/\/hobstop.ee\/lt\/produktas\/veido-dazu-rinkinys-snazaroo-face-painters-kit\/#primaryimage","url":"https:\/\/hobstop.ee\/media\/4343.jpg","contentUrl":"https:\/\/hobstop.ee\/media\/4343.jpg","width":1024,"height":768},{"@type":"BreadcrumbList","@id":"https:\/\/hobstop.ee\/lt\/produktas\/veido-dazu-rinkinys-snazaroo-face-painters-kit\/#breadcrumb","itemListElement":[{"@type":"ListItem","position":1,"name":"Avaleht","item":"https:\/\/hobstop.ee\/lt\/"},{"@type":"ListItem","position":2,"name":"Parduotuv\u0117","item":"https:\/\/hobstop.ee\/lt\/parduotuve\/"},{"@type":"ListItem","position":3,"name":"Veido da\u017e\u0173 rinkinys Snazaroo Face Painters Kit"}]},{"@type":"WebSite","@id":"https:\/\/hobstop.ee\/lt\/#website","url":"https:\/\/hobstop.ee\/lt\/","name":"Skizze","description":"Dail\u0117s, pom\u0117gi\u0173 ir mokykliniai reikm\u0117nys","publisher":{"@id":"https:\/\/hobstop.ee\/lt\/#organization"},"potentialAction":[{"@type":"SearchAction","target":{"@type":"EntryPoint","urlTemplate":"https:\/\/hobstop.ee\/lt\/?s={search_term_string}"},"query-input":{"@type":"PropertyValueSpecification","valueRequired":true,"valueName":"search_term_string"}}],"inLanguage":"lt"},{"@type":"Organization","@id":"https:\/\/hobstop.ee\/lt\/#organization","name":"Vunder AS","url":"https:\/\/hobstop.ee\/lt\/","logo":{"@type":"ImageObject","inLanguage":"lt","@id":"https:\/\/hobstop.ee\/lt\/#\/schema\/logo\/image\/","url":"https:\/\/hobstop.ee\/media\/vunder-logo.png","contentUrl":"https:\/\/hobstop.ee\/media\/vunder-logo.png","width":127,"height":55,"caption":"Vunder AS"},"image":{"@id":"https:\/\/hobstop.ee\/lt\/#\/schema\/logo\/image\/"},"sameAs":["http:\/\/www.facebook.com\/VunderSkizze"]}]}},"_links":{"self":[{"href":"https:\/\/hobstop.ee\/lt\/wp-json\/wp\/v2\/product\/266812","targetHints":{"allow":["GET"]}}],"collection":[{"href":"https:\/\/hobstop.ee\/lt\/wp-json\/wp\/v2\/product"}],"about":[{"href":"https:\/\/hobstop.ee\/lt\/wp-json\/wp\/v2\/types\/product"}],"replies":[{"embeddable":true,"href":"https:\/\/hobstop.ee\/lt\/wp-json\/wp\/v2\/comments?post=266812"}],"wp:featuredmedia":[{"embeddable":true,"href":"https:\/\/hobstop.ee\/lt\/wp-json\/wp\/v2\/media\/328416"}],"wp:attachment":[{"href":"https:\/\/hobstop.ee\/lt\/wp-json\/wp\/v2\/media?parent=266812"}],"wp:term":[{"taxonomy":"product_cat","embeddable":true,"href":"https:\/\/hobstop.ee\/lt\/wp-json\/wp\/v2\/product_cat?post=266812"},{"taxonomy":"product_tag","embeddable":true,"href":"https:\/\/hobstop.ee\/lt\/wp-json\/wp\/v2\/product_tag?post=266812"}],"curies":[{"name":"wp","href":"https:\/\/api.w.org\/{rel}","templated":true}]}}