{"id":270388,"date":"2016-06-02T16:00:59","date_gmt":"2016-06-02T13:00:59","guid":{"rendered":"https:\/\/sharks.ee\/vunder_2019\/lt\/product\/tekstiliniu-dazu-konturas-tulip-tie-dye-resist\/"},"modified":"2016-06-02T16:00:59","modified_gmt":"2016-06-02T13:00:59","slug":"tekstiliniu-dazu-konturas-tulip-tie-dye-resist","status":"publish","type":"product","link":"https:\/\/hobstop.ee\/lt\/produktas\/tekstiliniu-dazu-konturas-tulip-tie-dye-resist\/","title":{"rendered":"Tekstilini\u0173 da\u017e\u0173 kont\u016bras Tulip Tie-Dye Resist"},"content":{"rendered":"<p>\u0160is lengvai naudojamas produktas yra skirtas paskirstyti da\u017eus ant audinio, kad jie ne\u012fsigert\u0173; jis pad\u0117s sukurti nuostabius ra\u0161tus u\u017etepus da\u017eus tiesiai i\u0161 buteliuko prie\u0161 da\u017eant. Naudokite nor\u0117dami u\u017era\u0161yti savo vard\u0105, palink\u0117jimus arba patys sukurkite ant audinio original\u0173 motyv\u0105. Patogiu buteliuku su adatos dyd\u017eio antgaliu \u201eTulip Fashion Dye\u201c da\u017eais lengvai u\u017era\u0161ysite vardus ir frazes, sukursite intriguojan\u010dius, batik\u0105 primenan\u010dius ornamentus. Kaitinti nereikia&#8230; Tiesiog u\u017etepkite, da\u017eykite, i\u0161skalaukite ir i\u0161d\u017eiovinkite.<\/p>\n","protected":false},"excerpt":{"rendered":"<p>\u0160is lengvai naudojamas produktas yra skirtas paskirstyti da\u017eus ant audinio, kad jie ne\u012fsigert\u0173; jis pad\u0117s sukurti nuostabius ra\u0161tus u\u017etepus da\u017eus tiesiai i\u0161 buteliuko prie\u0161 da\u017eant. Naudokite nor\u0117dami u\u017era\u0161yti savo vard\u0105, palink\u0117jimus arba patys sukurkite ant audinio original\u0173 motyv\u0105. Patogiu buteliuku su adatos dyd\u017eio antgaliu \u201eTulip Fashion Dye\u201c da\u017eais lengvai u\u017era\u0161ysite vardus ir frazes, sukursite intriguojan\u010dius, batik\u0105 primenan\u010dius ornamentus. Kaitinti nereikia&#8230; Tiesiog u\u017etepkite, da\u017eykite, i\u0161skalaukite ir i\u0161d\u017eiovinkite.<\/p>\n","protected":false},"featured_media":0,"comment_status":"closed","ping_status":"closed","template":"","meta":{"_acf_changed":false,"ep_exclude_from_search":false},"product_cat":[17919,14893,18213],"product_tag":[],"class_list":{"0":"post-270388","1":"product","2":"type-product","3":"status-publish","5":"product_cat-pomegiu-prekes","6":"product_cat-tekstilei","7":"product_cat-tekstiles-dazai","9":"first","10":"instock","11":"taxable","12":"shipping-taxable","13":"purchasable","14":"product-type-simple"},"acf":[],"yoast_head":"<!-- This site is optimized with the Yoast SEO plugin v24.1 - https:\/\/yoast.com\/wordpress\/plugins\/seo\/ -->\n<title>Tekstilini\u0173 da\u017e\u0173 kont\u016bras Tulip Tie-Dye Resist &#8211; Skizze<\/title>\n<meta name=\"robots\" content=\"noindex, follow, max-snippet:-1, max-image-preview:large, max-video-preview:-1\" \/>\n<meta property=\"og:locale\" content=\"lt_LT\" \/>\n<meta property=\"og:type\" content=\"article\" \/>\n<meta property=\"og:title\" content=\"Tekstilini\u0173 da\u017e\u0173 kont\u016bras Tulip Tie-Dye Resist &#8211; Skizze\" \/>\n<meta property=\"og:description\" content=\"\u0160is lengvai naudojamas produktas yra skirtas paskirstyti da\u017eus ant audinio, kad jie ne\u012fsigert\u0173; jis pad\u0117s sukurti nuostabius ra\u0161tus u\u017etepus da\u017eus tiesiai i\u0161 buteliuko prie\u0161 da\u017eant. Naudokite nor\u0117dami u\u017era\u0161yti savo vard\u0105, palink\u0117jimus arba patys sukurkite ant audinio original\u0173 motyv\u0105. Patogiu buteliuku su adatos dyd\u017eio antgaliu \u201eTulip Fashion Dye\u201c da\u017eais lengvai u\u017era\u0161ysite vardus ir frazes, sukursite intriguojan\u010dius, batik\u0105 primenan\u010dius ornamentus. Kaitinti nereikia&#8230; Tiesiog u\u017etepkite, da\u017eykite, i\u0161skalaukite ir i\u0161d\u017eiovinkite.\" \/>\n<meta property=\"og:url\" content=\"https:\/\/hobstop.ee\/lt\/produktas\/tekstiliniu-dazu-konturas-tulip-tie-dye-resist\/\" \/>\n<meta property=\"og:site_name\" content=\"Skizze\" \/>\n<meta property=\"article:publisher\" content=\"http:\/\/www.facebook.com\/VunderSkizze\" \/>\n<meta name=\"twitter:card\" content=\"summary_large_image\" \/>\n<script type=\"application\/ld+json\" class=\"yoast-schema-graph\">{\"@context\":\"https:\/\/schema.org\",\"@graph\":[{\"@type\":\"WebPage\",\"@id\":\"https:\/\/hobstop.ee\/lt\/produktas\/tekstiliniu-dazu-konturas-tulip-tie-dye-resist\/\",\"url\":\"https:\/\/hobstop.ee\/lt\/produktas\/tekstiliniu-dazu-konturas-tulip-tie-dye-resist\/\",\"name\":\"Tekstilini\u0173 da\u017e\u0173 kont\u016bras Tulip Tie-Dye Resist &#8211; Skizze\",\"isPartOf\":{\"@id\":\"https:\/\/hobstop.ee\/lt\/#website\"},\"datePublished\":\"2016-06-02T13:00:59+00:00\",\"dateModified\":\"2016-06-02T13:00:59+00:00\",\"breadcrumb\":{\"@id\":\"https:\/\/hobstop.ee\/lt\/produktas\/tekstiliniu-dazu-konturas-tulip-tie-dye-resist\/#breadcrumb\"},\"inLanguage\":\"lt\",\"potentialAction\":[{\"@type\":\"ReadAction\",\"target\":[\"https:\/\/hobstop.ee\/lt\/produktas\/tekstiliniu-dazu-konturas-tulip-tie-dye-resist\/\"]}]},{\"@type\":\"BreadcrumbList\",\"@id\":\"https:\/\/hobstop.ee\/lt\/produktas\/tekstiliniu-dazu-konturas-tulip-tie-dye-resist\/#breadcrumb\",\"itemListElement\":[{\"@type\":\"ListItem\",\"position\":1,\"name\":\"Avaleht\",\"item\":\"https:\/\/hobstop.ee\/lt\/\"},{\"@type\":\"ListItem\",\"position\":2,\"name\":\"Parduotuv\u0117\",\"item\":\"https:\/\/hobstop.ee\/lt\/parduotuve\/\"},{\"@type\":\"ListItem\",\"position\":3,\"name\":\"Tekstilini\u0173 da\u017e\u0173 kont\u016bras Tulip Tie-Dye Resist\"}]},{\"@type\":\"WebSite\",\"@id\":\"https:\/\/hobstop.ee\/lt\/#website\",\"url\":\"https:\/\/hobstop.ee\/lt\/\",\"name\":\"Skizze\",\"description\":\"Dail\u0117s, pom\u0117gi\u0173 ir mokykliniai reikm\u0117nys\",\"publisher\":{\"@id\":\"https:\/\/hobstop.ee\/lt\/#organization\"},\"potentialAction\":[{\"@type\":\"SearchAction\",\"target\":{\"@type\":\"EntryPoint\",\"urlTemplate\":\"https:\/\/hobstop.ee\/lt\/?s={search_term_string}\"},\"query-input\":{\"@type\":\"PropertyValueSpecification\",\"valueRequired\":true,\"valueName\":\"search_term_string\"}}],\"inLanguage\":\"lt\"},{\"@type\":\"Organization\",\"@id\":\"https:\/\/hobstop.ee\/lt\/#organization\",\"name\":\"Vunder AS\",\"url\":\"https:\/\/hobstop.ee\/lt\/\",\"logo\":{\"@type\":\"ImageObject\",\"inLanguage\":\"lt\",\"@id\":\"https:\/\/hobstop.ee\/lt\/#\/schema\/logo\/image\/\",\"url\":\"https:\/\/hobstop.ee\/media\/vunder-logo.png\",\"contentUrl\":\"https:\/\/hobstop.ee\/media\/vunder-logo.png\",\"width\":127,\"height\":55,\"caption\":\"Vunder AS\"},\"image\":{\"@id\":\"https:\/\/hobstop.ee\/lt\/#\/schema\/logo\/image\/\"},\"sameAs\":[\"http:\/\/www.facebook.com\/VunderSkizze\"]}]}<\/script>\n<!-- \/ Yoast SEO plugin. -->","yoast_head_json":{"title":"Tekstilini\u0173 da\u017e\u0173 kont\u016bras Tulip Tie-Dye Resist &#8211; Skizze","robots":{"index":"noindex","follow":"follow","max-snippet":"max-snippet:-1","max-image-preview":"max-image-preview:large","max-video-preview":"max-video-preview:-1"},"og_locale":"lt_LT","og_type":"article","og_title":"Tekstilini\u0173 da\u017e\u0173 kont\u016bras Tulip Tie-Dye Resist &#8211; Skizze","og_description":"\u0160is lengvai naudojamas produktas yra skirtas paskirstyti da\u017eus ant audinio, kad jie ne\u012fsigert\u0173; jis pad\u0117s sukurti nuostabius ra\u0161tus u\u017etepus da\u017eus tiesiai i\u0161 buteliuko prie\u0161 da\u017eant. Naudokite nor\u0117dami u\u017era\u0161yti savo vard\u0105, palink\u0117jimus arba patys sukurkite ant audinio original\u0173 motyv\u0105. Patogiu buteliuku su adatos dyd\u017eio antgaliu \u201eTulip Fashion Dye\u201c da\u017eais lengvai u\u017era\u0161ysite vardus ir frazes, sukursite intriguojan\u010dius, batik\u0105 primenan\u010dius ornamentus. Kaitinti nereikia&#8230; Tiesiog u\u017etepkite, da\u017eykite, i\u0161skalaukite ir i\u0161d\u017eiovinkite.","og_url":"https:\/\/hobstop.ee\/lt\/produktas\/tekstiliniu-dazu-konturas-tulip-tie-dye-resist\/","og_site_name":"Skizze","article_publisher":"http:\/\/www.facebook.com\/VunderSkizze","twitter_card":"summary_large_image","schema":{"@context":"https:\/\/schema.org","@graph":[{"@type":"WebPage","@id":"https:\/\/hobstop.ee\/lt\/produktas\/tekstiliniu-dazu-konturas-tulip-tie-dye-resist\/","url":"https:\/\/hobstop.ee\/lt\/produktas\/tekstiliniu-dazu-konturas-tulip-tie-dye-resist\/","name":"Tekstilini\u0173 da\u017e\u0173 kont\u016bras Tulip Tie-Dye Resist &#8211; Skizze","isPartOf":{"@id":"https:\/\/hobstop.ee\/lt\/#website"},"datePublished":"2016-06-02T13:00:59+00:00","dateModified":"2016-06-02T13:00:59+00:00","breadcrumb":{"@id":"https:\/\/hobstop.ee\/lt\/produktas\/tekstiliniu-dazu-konturas-tulip-tie-dye-resist\/#breadcrumb"},"inLanguage":"lt","potentialAction":[{"@type":"ReadAction","target":["https:\/\/hobstop.ee\/lt\/produktas\/tekstiliniu-dazu-konturas-tulip-tie-dye-resist\/"]}]},{"@type":"BreadcrumbList","@id":"https:\/\/hobstop.ee\/lt\/produktas\/tekstiliniu-dazu-konturas-tulip-tie-dye-resist\/#breadcrumb","itemListElement":[{"@type":"ListItem","position":1,"name":"Avaleht","item":"https:\/\/hobstop.ee\/lt\/"},{"@type":"ListItem","position":2,"name":"Parduotuv\u0117","item":"https:\/\/hobstop.ee\/lt\/parduotuve\/"},{"@type":"ListItem","position":3,"name":"Tekstilini\u0173 da\u017e\u0173 kont\u016bras Tulip Tie-Dye Resist"}]},{"@type":"WebSite","@id":"https:\/\/hobstop.ee\/lt\/#website","url":"https:\/\/hobstop.ee\/lt\/","name":"Skizze","description":"Dail\u0117s, pom\u0117gi\u0173 ir mokykliniai reikm\u0117nys","publisher":{"@id":"https:\/\/hobstop.ee\/lt\/#organization"},"potentialAction":[{"@type":"SearchAction","target":{"@type":"EntryPoint","urlTemplate":"https:\/\/hobstop.ee\/lt\/?s={search_term_string}"},"query-input":{"@type":"PropertyValueSpecification","valueRequired":true,"valueName":"search_term_string"}}],"inLanguage":"lt"},{"@type":"Organization","@id":"https:\/\/hobstop.ee\/lt\/#organization","name":"Vunder AS","url":"https:\/\/hobstop.ee\/lt\/","logo":{"@type":"ImageObject","inLanguage":"lt","@id":"https:\/\/hobstop.ee\/lt\/#\/schema\/logo\/image\/","url":"https:\/\/hobstop.ee\/media\/vunder-logo.png","contentUrl":"https:\/\/hobstop.ee\/media\/vunder-logo.png","width":127,"height":55,"caption":"Vunder AS"},"image":{"@id":"https:\/\/hobstop.ee\/lt\/#\/schema\/logo\/image\/"},"sameAs":["http:\/\/www.facebook.com\/VunderSkizze"]}]}},"_links":{"self":[{"href":"https:\/\/hobstop.ee\/lt\/wp-json\/wp\/v2\/product\/270388","targetHints":{"allow":["GET"]}}],"collection":[{"href":"https:\/\/hobstop.ee\/lt\/wp-json\/wp\/v2\/product"}],"about":[{"href":"https:\/\/hobstop.ee\/lt\/wp-json\/wp\/v2\/types\/product"}],"replies":[{"embeddable":true,"href":"https:\/\/hobstop.ee\/lt\/wp-json\/wp\/v2\/comments?post=270388"}],"wp:attachment":[{"href":"https:\/\/hobstop.ee\/lt\/wp-json\/wp\/v2\/media?parent=270388"}],"wp:term":[{"taxonomy":"product_cat","embeddable":true,"href":"https:\/\/hobstop.ee\/lt\/wp-json\/wp\/v2\/product_cat?post=270388"},{"taxonomy":"product_tag","embeddable":true,"href":"https:\/\/hobstop.ee\/lt\/wp-json\/wp\/v2\/product_tag?post=270388"}],"curies":[{"name":"wp","href":"https:\/\/api.w.org\/{rel}","templated":true}]}}